{"id":30613,"date":"2020-03-20T13:10:41","date_gmt":"2020-03-20T13:10:41","guid":{"rendered":"https:\/\/www.icy.nl\/cookie-allgemeine-informationen\/"},"modified":"2020-03-20T13:10:41","modified_gmt":"2020-03-20T13:10:41","slug":"cookie-allgemeine-informationen","status":"publish","type":"page","link":"https:\/\/www.icy.nl\/de\/cookie-allgemeine-informationen\/","title":{"rendered":"Cookie &#8211; Allgemeine Informationen"},"content":{"rendered":"<h2>Was ist ein Cookie?<\/h2>\n<p>Wir verwenden Cookies f\u00fcr unsere Webseite. Bei Cookies handelt es sich um kleine Textdateien, die Ihr Browser automatisch erstellt[en\/of Flash-applicaties] und die auf Ihrem Endger\u00e4t gespeichert werden, wenn Sie unsere Seite besuchen. Die darin gespeicherten Informationen k\u00f6nnen bei einem weiteren Besuch an unsere Server zur\u00fcckgesendet werden. \u201c<\/p>\n<h2>Nutzung permanenter Cookies<\/h2>\n<p>Mit der Verwendung eines permanenten Cookies k\u00f6nnen wir Sie erkennen, wenn Sie unsere Website erneut besuchen. Wir k\u00f6nnen die Website daher speziell auf Ihre Vorlieben gestalten. Auch wenn Sie uns die Erlaubnis zum Platzieren von Cookies erteilen, wird diese Information mittels dem Cookie angelegt. Dies bedeutet, dass Sie Ihre Einstellungen nicht st\u00e4ndig wiederholen m\u00fcssen, was Ihnen Zeit spart und die Nutzung unserer Website erleichtert. Permanente Cookies k\u00f6nnen \u00fcber die Einstellungen Ihres Browsers gel\u00f6scht werden. \u201c<\/p>\n<h2>Google Analytics<\/h2>\n<p>Unsere Webseite nutzt den Dienst Google Analytics von der amerikanischen Firma Google. Wodurch die Cookies auf unserer Seite platziert werden. Wir nutzen diesen Dienst um unsere Webseite statistisch zu erfassen und somit zu wissen, wie die Webseite genutzt wird. Google darf diese Informationen an Dritte weitergeben, indem Google gesetzlich dazu verpflichtet ist oder wenn Dritte die Informationen im Auftrag von Google verarbeiten. Darauf haben wir keinen Einfluss. Wir haben Google nicht gestattet, die erhaltenen Analyseinformationen f\u00fcr andere Google-Dienste zu verwenden.<\/p>\n<p>Die Informationen die Google erh\u00e4lt werden so weit wie m\u00f6glich anonymisiert. Ihre IP-Adresse wird in keinem Fall weitergeleitet. Die Informationen werden an Google in den USA weitergegeben und dort gespeichert. Google h\u00e4lt sich an die Privacy Shield Principles und ist dem Privacy Shield Programm des amerikanischen Handelsministeriums angeschlossen. Dies stellt sicher, dass ein angemessenes Schutzniveau f\u00fcr die Verarbeitung personenbezogener Daten gehandhabt wird. \u201c<\/p>\n<h2>Recht, Ihre Daten zu \u00fcberpr\u00fcfen und zu korrigieren oder zu l\u00f6schen<\/h2>\n<p>Sie haben das Recht, den Zugriff auf und die Korrektur oder L\u00f6schung Ihrer Daten zu beantragen. Klicken Sie hierf\u00fcr auf unsere Kontakt-Seite. Um Missbrauch zu verhindern, k\u00f6nnen wir Sie bitten, sich auszuweisen. Wenn Sie auf personenbezogene Daten zugreifen m\u00f6chten, die mit einem Cookie verkn\u00fcpft sind, bitten wir Sie eine Kopie des betreffenden Cookies zu senden. Diesen finden Sie in den Einstellungen Ihres Browsers.&#8220;<\/p>\n<h2>Cookies aktivieren, deaktivieren und l\u00f6schen<\/h2>\n<p>Weitere Informationen zum aktivieren und deaktivieren oder l\u00f6schen des Cookies finden Sie in den Anweisungen und \/ oder in der Hilfefunktion Ihres Browsers. \u201c<\/p>\n<h2>Weitere Informationen zu den Cookies?<\/h2>\n<h2><span style=\"font-size: 16px;\">Weitere Informationen zu Cookies finden Sie auf folgenden Websites:<\/span><\/h2>\n<p>ICTRecht: <a href=\"https:\/\/ictrecht.nl\/juridisch-advies\/achtergrond-cookiewet\/\">Achtergrond Cookiewet<\/a><br \/>\nConsumentenbond: \u201c<a href=\"http:\/\/www.consumentenbond.nl\/test\/elektronica-communicatie\/veilig-online\/privacy-op-internet\/extra\/wat-zijn-cookies\/\">Wat zijn cookies?<\/a>\u201d<br \/>\nConsumentenbond: \u201c<a href=\"https:\/\/web.archive.org\/web\/20160702001240\/http:\/\/www.consumentenbond.nl\/test\/elektronica-communicatie\/veilig-online\/privacy-op-internet\/extra\/waarvoor-dienen-cookies\/\">Waarvoor dienen cookies?<\/a>\u201d<br \/>\nConsumentenbond: \u201c<a href=\"http:\/\/www.consumentenbond.nl\/test\/elektronica-communicatie\/veilig-online\/privacy-op-internet\/extra\/cookies-verwijderen\/\">Cookies verwijderen<\/a>\u201d<br \/>\nConsumentenbond: \u201c<a href=\"http:\/\/www.consumentenbond.nl\/internet-privacy\/cookies-verwijderen\/\">Cookies uitschakelen<\/a>\u201d<br \/>\nYour Online Choices: \u201c<a href=\"http:\/\/www.youronlinechoices.eu\/\">A guide to online behavioural advertising<\/a>\u201d\u201d<\/p>\n","protected":false},"excerpt":{"rendered":"<p>Was ist ein Cookie? Wir verwenden Cookies f\u00fcr unsere Webseite. Bei Cookies handelt es sich um kleine Textdateien, die Ihr Browser automatisch erstellt[en\/of Flash-applicaties] und die auf Ihrem Endger\u00e4t gespeichert werden, wenn Sie unsere Seite besuchen. Die darin gespeicherten Informationen k\u00f6nnen bei einem weiteren Besuch an unsere Server zur\u00fcckgesendet werden. \u201c Nutzung permanenter Cookies Mit [&hellip;]<\/p>\n","protected":false},"author":2946,"featured_media":0,"parent":0,"menu_order":0,"comment_status":"closed","ping_status":"closed","template":"","meta":{"advgb_blocks_editor_width":"","advgb_blocks_columns_visual_guide":"","_genesis_hide_title":false,"_genesis_hide_breadcrumbs":false,"_genesis_hide_singular_image":false,"_genesis_hide_footer_widgets":false,"_genesis_custom_body_class":"","_genesis_custom_post_class":"","_genesis_layout":"","footnotes":""},"class_list":{"0":"post-30613","1":"page","2":"type-page","3":"status-publish","5":"entry"},"yoast_head":"<!-- This site is optimized with the Yoast SEO plugin v27.5 - https:\/\/yoast.com\/product\/yoast-seo-wordpress\/ -->\n<title>Cookie - Allgemeine Informationen - ICY<\/title>\n<meta name=\"robots\" content=\"index, follow, max-snippet:-1, max-image-preview:large, max-video-preview:-1\" \/>\n<link rel=\"canonical\" href=\"https:\/\/www.icy.nl\/de\/cookie-allgemeine-informationen\/\" \/>\n<meta property=\"og:locale\" content=\"de_DE\" \/>\n<meta property=\"og:type\" content=\"article\" \/>\n<meta property=\"og:title\" content=\"Cookie - Allgemeine Informationen - ICY\" \/>\n<meta property=\"og:description\" content=\"Was ist ein Cookie? Wir verwenden Cookies f\u00fcr unsere Webseite. Bei Cookies handelt es sich um kleine Textdateien, die Ihr Browser automatisch erstellt[en\/of Flash-applicaties] und die auf Ihrem Endger\u00e4t gespeichert werden, wenn Sie unsere Seite besuchen. Die darin gespeicherten Informationen k\u00f6nnen bei einem weiteren Besuch an unsere Server zur\u00fcckgesendet werden. \u201c Nutzung permanenter Cookies Mit [&hellip;]\" \/>\n<meta property=\"og:url\" content=\"https:\/\/www.icy.nl\/de\/cookie-allgemeine-informationen\/\" \/>\n<meta property=\"og:site_name\" content=\"ICY\" \/>\n<meta name=\"twitter:card\" content=\"summary_large_image\" \/>\n<meta name=\"twitter:label1\" content=\"Gesch\u00e4tzte Lesezeit\" \/>\n\t<meta name=\"twitter:data1\" content=\"2\u00a0Minuten\" \/>\n<script type=\"application\/ld+json\" class=\"yoast-schema-graph\">{\"@context\":\"https:\\\/\\\/schema.org\",\"@graph\":[{\"@type\":\"WebPage\",\"@id\":\"https:\\\/\\\/www.icy.nl\\\/de\\\/cookie-allgemeine-informationen\\\/\",\"url\":\"https:\\\/\\\/www.icy.nl\\\/de\\\/cookie-allgemeine-informationen\\\/\",\"name\":\"Cookie - Allgemeine Informationen - ICY\",\"isPartOf\":{\"@id\":\"https:\\\/\\\/www.icy.nl\\\/de\\\/#website\"},\"datePublished\":\"2020-03-20T13:10:41+00:00\",\"breadcrumb\":{\"@id\":\"https:\\\/\\\/www.icy.nl\\\/de\\\/cookie-allgemeine-informationen\\\/#breadcrumb\"},\"inLanguage\":\"de\",\"potentialAction\":[{\"@type\":\"ReadAction\",\"target\":[\"https:\\\/\\\/www.icy.nl\\\/de\\\/cookie-allgemeine-informationen\\\/\"]}]},{\"@type\":\"BreadcrumbList\",\"@id\":\"https:\\\/\\\/www.icy.nl\\\/de\\\/cookie-allgemeine-informationen\\\/#breadcrumb\",\"itemListElement\":[{\"@type\":\"ListItem\",\"position\":1,\"name\":\"Home\",\"item\":\"https:\\\/\\\/www.icy.nl\\\/de\\\/\"},{\"@type\":\"ListItem\",\"position\":2,\"name\":\"Cookie &#8211; Allgemeine Informationen\"}]},{\"@type\":\"WebSite\",\"@id\":\"https:\\\/\\\/www.icy.nl\\\/de\\\/#website\",\"url\":\"https:\\\/\\\/www.icy.nl\\\/de\\\/\",\"name\":\"ICY\",\"description\":\"Smartmotica solutions\",\"publisher\":{\"@id\":\"https:\\\/\\\/www.icy.nl\\\/de\\\/#organization\"},\"potentialAction\":[{\"@type\":\"SearchAction\",\"target\":{\"@type\":\"EntryPoint\",\"urlTemplate\":\"https:\\\/\\\/www.icy.nl\\\/de\\\/?s={search_term_string}\"},\"query-input\":{\"@type\":\"PropertyValueSpecification\",\"valueRequired\":true,\"valueName\":\"search_term_string\"}}],\"inLanguage\":\"de\"},{\"@type\":\"Organization\",\"@id\":\"https:\\\/\\\/www.icy.nl\\\/de\\\/#organization\",\"name\":\"I.C.Y. B.V.\",\"url\":\"https:\\\/\\\/www.icy.nl\\\/de\\\/\",\"logo\":{\"@type\":\"ImageObject\",\"inLanguage\":\"de\",\"@id\":\"https:\\\/\\\/www.icy.nl\\\/de\\\/#\\\/schema\\\/logo\\\/image\\\/\",\"url\":\"https:\\\/\\\/www.icy.nl\\\/wp-content\\\/uploads\\\/2016\\\/11\\\/logo-icy.jpg\",\"contentUrl\":\"https:\\\/\\\/www.icy.nl\\\/wp-content\\\/uploads\\\/2016\\\/11\\\/logo-icy.jpg\",\"width\":400,\"height\":101,\"caption\":\"I.C.Y. B.V.\"},\"image\":{\"@id\":\"https:\\\/\\\/www.icy.nl\\\/de\\\/#\\\/schema\\\/logo\\\/image\\\/\"}}]}<\/script>\n<!-- \/ Yoast SEO plugin. -->","yoast_head_json":{"title":"Cookie - Allgemeine Informationen - ICY","robots":{"index":"index","follow":"follow","max-snippet":"max-snippet:-1","max-image-preview":"max-image-preview:large","max-video-preview":"max-video-preview:-1"},"canonical":"https:\/\/www.icy.nl\/de\/cookie-allgemeine-informationen\/","og_locale":"de_DE","og_type":"article","og_title":"Cookie - Allgemeine Informationen - ICY","og_description":"Was ist ein Cookie? Wir verwenden Cookies f\u00fcr unsere Webseite. Bei Cookies handelt es sich um kleine Textdateien, die Ihr Browser automatisch erstellt[en\/of Flash-applicaties] und die auf Ihrem Endger\u00e4t gespeichert werden, wenn Sie unsere Seite besuchen. Die darin gespeicherten Informationen k\u00f6nnen bei einem weiteren Besuch an unsere Server zur\u00fcckgesendet werden. \u201c Nutzung permanenter Cookies Mit [&hellip;]","og_url":"https:\/\/www.icy.nl\/de\/cookie-allgemeine-informationen\/","og_site_name":"ICY","twitter_card":"summary_large_image","twitter_misc":{"Gesch\u00e4tzte Lesezeit":"2\u00a0Minuten"},"schema":{"@context":"https:\/\/schema.org","@graph":[{"@type":"WebPage","@id":"https:\/\/www.icy.nl\/de\/cookie-allgemeine-informationen\/","url":"https:\/\/www.icy.nl\/de\/cookie-allgemeine-informationen\/","name":"Cookie - Allgemeine Informationen - ICY","isPartOf":{"@id":"https:\/\/www.icy.nl\/de\/#website"},"datePublished":"2020-03-20T13:10:41+00:00","breadcrumb":{"@id":"https:\/\/www.icy.nl\/de\/cookie-allgemeine-informationen\/#breadcrumb"},"inLanguage":"de","potentialAction":[{"@type":"ReadAction","target":["https:\/\/www.icy.nl\/de\/cookie-allgemeine-informationen\/"]}]},{"@type":"BreadcrumbList","@id":"https:\/\/www.icy.nl\/de\/cookie-allgemeine-informationen\/#breadcrumb","itemListElement":[{"@type":"ListItem","position":1,"name":"Home","item":"https:\/\/www.icy.nl\/de\/"},{"@type":"ListItem","position":2,"name":"Cookie &#8211; Allgemeine Informationen"}]},{"@type":"WebSite","@id":"https:\/\/www.icy.nl\/de\/#website","url":"https:\/\/www.icy.nl\/de\/","name":"ICY","description":"Smartmotica solutions","publisher":{"@id":"https:\/\/www.icy.nl\/de\/#organization"},"potentialAction":[{"@type":"SearchAction","target":{"@type":"EntryPoint","urlTemplate":"https:\/\/www.icy.nl\/de\/?s={search_term_string}"},"query-input":{"@type":"PropertyValueSpecification","valueRequired":true,"valueName":"search_term_string"}}],"inLanguage":"de"},{"@type":"Organization","@id":"https:\/\/www.icy.nl\/de\/#organization","name":"I.C.Y. B.V.","url":"https:\/\/www.icy.nl\/de\/","logo":{"@type":"ImageObject","inLanguage":"de","@id":"https:\/\/www.icy.nl\/de\/#\/schema\/logo\/image\/","url":"https:\/\/www.icy.nl\/wp-content\/uploads\/2016\/11\/logo-icy.jpg","contentUrl":"https:\/\/www.icy.nl\/wp-content\/uploads\/2016\/11\/logo-icy.jpg","width":400,"height":101,"caption":"I.C.Y. B.V."},"image":{"@id":"https:\/\/www.icy.nl\/de\/#\/schema\/logo\/image\/"}}]}},"coauthors":[],"author_meta":{"author_link":"https:\/\/www.icy.nl\/de\/author\/daniel\/","display_name":"Daniel van de Kamp"},"relative_dates":{"created":"Posted 6\u00a0Jahren ago","modified":"Updated 6\u00a0Jahren ago"},"absolute_dates":{"created":"Posted on 20. M\u00e4rz 2020","modified":"Updated on 20. M\u00e4rz 2020"},"absolute_dates_time":{"created":"Posted on 20. M\u00e4rz 2020 13:10","modified":"Updated on 20. M\u00e4rz 2020 13:10"},"featured_img_caption":"","featured_img":false,"series_order":"","_links":{"self":[{"href":"https:\/\/www.icy.nl\/de\/wp-json\/wp\/v2\/pages\/30613","targetHints":{"allow":["GET"]}}],"collection":[{"href":"https:\/\/www.icy.nl\/de\/wp-json\/wp\/v2\/pages"}],"about":[{"href":"https:\/\/www.icy.nl\/de\/wp-json\/wp\/v2\/types\/page"}],"author":[{"embeddable":true,"href":"https:\/\/www.icy.nl\/de\/wp-json\/wp\/v2\/users\/2946"}],"replies":[{"embeddable":true,"href":"https:\/\/www.icy.nl\/de\/wp-json\/wp\/v2\/comments?post=30613"}],"version-history":[{"count":0,"href":"https:\/\/www.icy.nl\/de\/wp-json\/wp\/v2\/pages\/30613\/revisions"}],"wp:attachment":[{"href":"https:\/\/www.icy.nl\/de\/wp-json\/wp\/v2\/media?parent=30613"}],"curies":[{"name":"wp","href":"https:\/\/api.w.org\/{rel}","templated":true}]}}