{"id":30638,"date":"2016-06-30T09:13:24","date_gmt":"2016-06-30T09:13:24","guid":{"rendered":"https:\/\/www.icy.nl\/ueber-uns\/"},"modified":"2024-10-25T16:15:04","modified_gmt":"2024-10-25T14:15:04","slug":"over-ons","status":"publish","type":"page","link":"https:\/\/www.icy.nl\/de\/over-ons\/","title":{"rendered":"\u00dcber uns"},"content":{"rendered":"\n<h3 class=\"wp-block-heading has-text-align-center\">I.C.Y. ist ein hoch innovatives Unternehmen, das sich mit seinen Produkten und Dienstleistungen auf die Freizeit- und Hotelbranche konzentriert.<\/h3>\n\n\n\n<figure class=\"wp-block-image size-full\"><img loading=\"lazy\" decoding=\"async\" width=\"1459\" height=\"827\" src=\"https:\/\/www.icy.nl\/wp-content\/uploads\/2022\/01\/over-ons.jpg\" alt=\"\" class=\"wp-image-40520\" srcset=\"https:\/\/www.icy.nl\/wp-content\/uploads\/2022\/01\/over-ons.jpg 1459w, https:\/\/www.icy.nl\/wp-content\/uploads\/2022\/01\/over-ons-300x170.jpg 300w, https:\/\/www.icy.nl\/wp-content\/uploads\/2022\/01\/over-ons-1024x580.jpg 1024w, https:\/\/www.icy.nl\/wp-content\/uploads\/2022\/01\/over-ons-768x435.jpg 768w, https:\/\/www.icy.nl\/wp-content\/uploads\/2022\/01\/over-ons-600x340.jpg 600w, https:\/\/www.icy.nl\/wp-content\/uploads\/2022\/01\/over-ons-550x312.jpg 550w\" sizes=\"auto, (max-width: 1459px) 100vw, 1459px\" \/><\/figure>\n\n\n\n<div class=\"wp-block-columns is-layout-flex wp-container-core-columns-is-layout-9d6595d7 wp-block-columns-is-layout-flex\">\n<div class=\"wp-block-column is-layout-flow wp-block-column-is-layout-flow\">\n<p>Zu unseren Kunden geh\u00f6ren Bungalowvermieter, Jachth\u00e4fen, Hotelketten und Campingunternehmen.<\/p>\n\n\n\n<p>I.C.Y. entwickelt f\u00fcr seine Kunden Gesamtl\u00f6sungen zur Prozessverbesserung und Energieeinsparung. F\u00fcr diese Produkte entwickeln wir sowohl Hardware als auch Software.<\/p>\n<\/div>\n\n\n\n<div class=\"wp-block-column is-layout-flow wp-block-column-is-layout-flow\">\n<p>Viele unserer Produkte sind Cloud-orientiert, was ein hohes Ma\u00df an Zuverl\u00e4ssigkeit und Flexibilit\u00e4t gew\u00e4hrleistet.<\/p>\n\n\n\n<p>Der Ausgangspunkt f\u00fcr alle unsere Produkte ist eine Plug-and-Play-Philosophie und ein hoher Return On Investment. Wir kombinieren eine m\u00f6glichst geringe Investition mit einem hochwertigen, langlebigen Produkt. Qualit\u00e4t und Nachhaltigkeit sind unser Ziel.<\/p>\n<\/div>\n<\/div>\n","protected":false},"excerpt":{"rendered":"<p>I.C.Y. ist ein hoch innovatives Unternehmen, das sich mit seinen Produkten und Dienstleistungen auf die Freizeit- und Hotelbranche konzentriert. Zu unseren Kunden geh\u00f6ren Bungalowvermieter, Jachth\u00e4fen, Hotelketten und Campingunternehmen. I.C.Y. entwickelt f\u00fcr seine Kunden Gesamtl\u00f6sungen zur Prozessverbesserung und Energieeinsparung. F\u00fcr diese Produkte entwickeln wir sowohl Hardware als auch Software. Viele unserer Produkte sind Cloud-orientiert, was ein [&hellip;]<\/p>\n","protected":false},"author":2946,"featured_media":0,"parent":0,"menu_order":0,"comment_status":"closed","ping_status":"closed","template":"","meta":{"advgb_blocks_editor_width":"","advgb_blocks_columns_visual_guide":"","_genesis_hide_title":false,"_genesis_hide_breadcrumbs":false,"_genesis_hide_singular_image":false,"_genesis_hide_footer_widgets":false,"_genesis_custom_body_class":"","_genesis_custom_post_class":"","_genesis_layout":"","footnotes":""},"class_list":{"0":"post-30638","1":"page","2":"type-page","3":"status-publish","5":"entry","6":"has-post-thumbnail"},"yoast_head":"<!-- This site is optimized with the Yoast SEO plugin v27.3 - https:\/\/yoast.com\/product\/yoast-seo-wordpress\/ -->\n<title>\u00dcber uns - ICY<\/title>\n<meta name=\"robots\" content=\"index, follow, max-snippet:-1, max-image-preview:large, max-video-preview:-1\" \/>\n<link rel=\"canonical\" href=\"https:\/\/www.icy.nl\/de\/over-ons\/\" \/>\n<meta property=\"og:locale\" content=\"de_DE\" \/>\n<meta property=\"og:type\" content=\"article\" \/>\n<meta property=\"og:title\" content=\"\u00dcber uns - ICY\" \/>\n<meta property=\"og:description\" content=\"I.C.Y. ist ein hoch innovatives Unternehmen, das sich mit seinen Produkten und Dienstleistungen auf die Freizeit- und Hotelbranche konzentriert. Zu unseren Kunden geh\u00f6ren Bungalowvermieter, Jachth\u00e4fen, Hotelketten und Campingunternehmen. I.C.Y. entwickelt f\u00fcr seine Kunden Gesamtl\u00f6sungen zur Prozessverbesserung und Energieeinsparung. F\u00fcr diese Produkte entwickeln wir sowohl Hardware als auch Software. Viele unserer Produkte sind Cloud-orientiert, was ein [&hellip;]\" \/>\n<meta property=\"og:url\" content=\"https:\/\/www.icy.nl\/de\/over-ons\/\" \/>\n<meta property=\"og:site_name\" content=\"ICY\" \/>\n<meta property=\"article:modified_time\" content=\"2024-10-25T14:15:04+00:00\" \/>\n<meta property=\"og:image\" content=\"https:\/\/www.icy.nl\/wp-content\/uploads\/2022\/01\/over-ons.jpg\" \/>\n\t<meta property=\"og:image:width\" content=\"1459\" \/>\n\t<meta property=\"og:image:height\" content=\"827\" \/>\n\t<meta property=\"og:image:type\" content=\"image\/jpeg\" \/>\n<meta name=\"twitter:card\" content=\"summary_large_image\" \/>\n<meta name=\"twitter:label1\" content=\"Gesch\u00e4tzte Lesezeit\" \/>\n\t<meta name=\"twitter:data1\" content=\"1\u00a0Minute\" \/>\n<script type=\"application\/ld+json\" class=\"yoast-schema-graph\">{\"@context\":\"https:\\\/\\\/schema.org\",\"@graph\":[{\"@type\":\"WebPage\",\"@id\":\"https:\\\/\\\/www.icy.nl\\\/de\\\/over-ons\\\/\",\"url\":\"https:\\\/\\\/www.icy.nl\\\/de\\\/over-ons\\\/\",\"name\":\"\u00dcber uns - ICY\",\"isPartOf\":{\"@id\":\"https:\\\/\\\/www.icy.nl\\\/de\\\/#website\"},\"primaryImageOfPage\":{\"@id\":\"https:\\\/\\\/www.icy.nl\\\/de\\\/over-ons\\\/#primaryimage\"},\"image\":{\"@id\":\"https:\\\/\\\/www.icy.nl\\\/de\\\/over-ons\\\/#primaryimage\"},\"thumbnailUrl\":\"https:\\\/\\\/www.icy.nl\\\/wp-content\\\/uploads\\\/2022\\\/01\\\/over-ons.jpg\",\"datePublished\":\"2016-06-30T09:13:24+00:00\",\"dateModified\":\"2024-10-25T14:15:04+00:00\",\"breadcrumb\":{\"@id\":\"https:\\\/\\\/www.icy.nl\\\/de\\\/over-ons\\\/#breadcrumb\"},\"inLanguage\":\"de\",\"potentialAction\":[{\"@type\":\"ReadAction\",\"target\":[\"https:\\\/\\\/www.icy.nl\\\/de\\\/over-ons\\\/\"]}]},{\"@type\":\"ImageObject\",\"inLanguage\":\"de\",\"@id\":\"https:\\\/\\\/www.icy.nl\\\/de\\\/over-ons\\\/#primaryimage\",\"url\":\"https:\\\/\\\/www.icy.nl\\\/wp-content\\\/uploads\\\/2022\\\/01\\\/over-ons.jpg\",\"contentUrl\":\"https:\\\/\\\/www.icy.nl\\\/wp-content\\\/uploads\\\/2022\\\/01\\\/over-ons.jpg\"},{\"@type\":\"BreadcrumbList\",\"@id\":\"https:\\\/\\\/www.icy.nl\\\/de\\\/over-ons\\\/#breadcrumb\",\"itemListElement\":[{\"@type\":\"ListItem\",\"position\":1,\"name\":\"Home\",\"item\":\"https:\\\/\\\/www.icy.nl\\\/de\\\/\"},{\"@type\":\"ListItem\",\"position\":2,\"name\":\"\u00dcber uns\"}]},{\"@type\":\"WebSite\",\"@id\":\"https:\\\/\\\/www.icy.nl\\\/de\\\/#website\",\"url\":\"https:\\\/\\\/www.icy.nl\\\/de\\\/\",\"name\":\"ICY\",\"description\":\"Smartmotica solutions\",\"publisher\":{\"@id\":\"https:\\\/\\\/www.icy.nl\\\/de\\\/#organization\"},\"potentialAction\":[{\"@type\":\"SearchAction\",\"target\":{\"@type\":\"EntryPoint\",\"urlTemplate\":\"https:\\\/\\\/www.icy.nl\\\/de\\\/?s={search_term_string}\"},\"query-input\":{\"@type\":\"PropertyValueSpecification\",\"valueRequired\":true,\"valueName\":\"search_term_string\"}}],\"inLanguage\":\"de\"},{\"@type\":\"Organization\",\"@id\":\"https:\\\/\\\/www.icy.nl\\\/de\\\/#organization\",\"name\":\"I.C.Y. B.V.\",\"url\":\"https:\\\/\\\/www.icy.nl\\\/de\\\/\",\"logo\":{\"@type\":\"ImageObject\",\"inLanguage\":\"de\",\"@id\":\"https:\\\/\\\/www.icy.nl\\\/de\\\/#\\\/schema\\\/logo\\\/image\\\/\",\"url\":\"https:\\\/\\\/www.icy.nl\\\/wp-content\\\/uploads\\\/2016\\\/11\\\/logo-icy.jpg\",\"contentUrl\":\"https:\\\/\\\/www.icy.nl\\\/wp-content\\\/uploads\\\/2016\\\/11\\\/logo-icy.jpg\",\"width\":400,\"height\":101,\"caption\":\"I.C.Y. B.V.\"},\"image\":{\"@id\":\"https:\\\/\\\/www.icy.nl\\\/de\\\/#\\\/schema\\\/logo\\\/image\\\/\"}}]}<\/script>\n<!-- \/ Yoast SEO plugin. -->","yoast_head_json":{"title":"\u00dcber uns - ICY","robots":{"index":"index","follow":"follow","max-snippet":"max-snippet:-1","max-image-preview":"max-image-preview:large","max-video-preview":"max-video-preview:-1"},"canonical":"https:\/\/www.icy.nl\/de\/over-ons\/","og_locale":"de_DE","og_type":"article","og_title":"\u00dcber uns - ICY","og_description":"I.C.Y. ist ein hoch innovatives Unternehmen, das sich mit seinen Produkten und Dienstleistungen auf die Freizeit- und Hotelbranche konzentriert. Zu unseren Kunden geh\u00f6ren Bungalowvermieter, Jachth\u00e4fen, Hotelketten und Campingunternehmen. I.C.Y. entwickelt f\u00fcr seine Kunden Gesamtl\u00f6sungen zur Prozessverbesserung und Energieeinsparung. F\u00fcr diese Produkte entwickeln wir sowohl Hardware als auch Software. Viele unserer Produkte sind Cloud-orientiert, was ein [&hellip;]","og_url":"https:\/\/www.icy.nl\/de\/over-ons\/","og_site_name":"ICY","article_modified_time":"2024-10-25T14:15:04+00:00","og_image":[{"width":1459,"height":827,"url":"https:\/\/www.icy.nl\/wp-content\/uploads\/2022\/01\/over-ons.jpg","type":"image\/jpeg"}],"twitter_card":"summary_large_image","twitter_misc":{"Gesch\u00e4tzte Lesezeit":"1\u00a0Minute"},"schema":{"@context":"https:\/\/schema.org","@graph":[{"@type":"WebPage","@id":"https:\/\/www.icy.nl\/de\/over-ons\/","url":"https:\/\/www.icy.nl\/de\/over-ons\/","name":"\u00dcber uns - ICY","isPartOf":{"@id":"https:\/\/www.icy.nl\/de\/#website"},"primaryImageOfPage":{"@id":"https:\/\/www.icy.nl\/de\/over-ons\/#primaryimage"},"image":{"@id":"https:\/\/www.icy.nl\/de\/over-ons\/#primaryimage"},"thumbnailUrl":"https:\/\/www.icy.nl\/wp-content\/uploads\/2022\/01\/over-ons.jpg","datePublished":"2016-06-30T09:13:24+00:00","dateModified":"2024-10-25T14:15:04+00:00","breadcrumb":{"@id":"https:\/\/www.icy.nl\/de\/over-ons\/#breadcrumb"},"inLanguage":"de","potentialAction":[{"@type":"ReadAction","target":["https:\/\/www.icy.nl\/de\/over-ons\/"]}]},{"@type":"ImageObject","inLanguage":"de","@id":"https:\/\/www.icy.nl\/de\/over-ons\/#primaryimage","url":"https:\/\/www.icy.nl\/wp-content\/uploads\/2022\/01\/over-ons.jpg","contentUrl":"https:\/\/www.icy.nl\/wp-content\/uploads\/2022\/01\/over-ons.jpg"},{"@type":"BreadcrumbList","@id":"https:\/\/www.icy.nl\/de\/over-ons\/#breadcrumb","itemListElement":[{"@type":"ListItem","position":1,"name":"Home","item":"https:\/\/www.icy.nl\/de\/"},{"@type":"ListItem","position":2,"name":"\u00dcber uns"}]},{"@type":"WebSite","@id":"https:\/\/www.icy.nl\/de\/#website","url":"https:\/\/www.icy.nl\/de\/","name":"ICY","description":"Smartmotica solutions","publisher":{"@id":"https:\/\/www.icy.nl\/de\/#organization"},"potentialAction":[{"@type":"SearchAction","target":{"@type":"EntryPoint","urlTemplate":"https:\/\/www.icy.nl\/de\/?s={search_term_string}"},"query-input":{"@type":"PropertyValueSpecification","valueRequired":true,"valueName":"search_term_string"}}],"inLanguage":"de"},{"@type":"Organization","@id":"https:\/\/www.icy.nl\/de\/#organization","name":"I.C.Y. B.V.","url":"https:\/\/www.icy.nl\/de\/","logo":{"@type":"ImageObject","inLanguage":"de","@id":"https:\/\/www.icy.nl\/de\/#\/schema\/logo\/image\/","url":"https:\/\/www.icy.nl\/wp-content\/uploads\/2016\/11\/logo-icy.jpg","contentUrl":"https:\/\/www.icy.nl\/wp-content\/uploads\/2016\/11\/logo-icy.jpg","width":400,"height":101,"caption":"I.C.Y. B.V."},"image":{"@id":"https:\/\/www.icy.nl\/de\/#\/schema\/logo\/image\/"}}]}},"coauthors":[],"author_meta":{"author_link":"https:\/\/www.icy.nl\/de\/author\/daniel\/","display_name":"Daniel van de Kamp"},"relative_dates":{"created":"Posted 10\u00a0Jahren ago","modified":"Updated 1\u00a0Jahr ago"},"absolute_dates":{"created":"Posted on 30. Juni 2016","modified":"Updated on 25. Oktober 2024"},"absolute_dates_time":{"created":"Posted on 30. Juni 2016 9:13","modified":"Updated on 25. Oktober 2024 16:15"},"featured_img_caption":"","featured_img":false,"series_order":"","_links":{"self":[{"href":"https:\/\/www.icy.nl\/de\/wp-json\/wp\/v2\/pages\/30638","targetHints":{"allow":["GET"]}}],"collection":[{"href":"https:\/\/www.icy.nl\/de\/wp-json\/wp\/v2\/pages"}],"about":[{"href":"https:\/\/www.icy.nl\/de\/wp-json\/wp\/v2\/types\/page"}],"author":[{"embeddable":true,"href":"https:\/\/www.icy.nl\/de\/wp-json\/wp\/v2\/users\/2946"}],"replies":[{"embeddable":true,"href":"https:\/\/www.icy.nl\/de\/wp-json\/wp\/v2\/comments?post=30638"}],"version-history":[{"count":2,"href":"https:\/\/www.icy.nl\/de\/wp-json\/wp\/v2\/pages\/30638\/revisions"}],"predecessor-version":[{"id":56771,"href":"https:\/\/www.icy.nl\/de\/wp-json\/wp\/v2\/pages\/30638\/revisions\/56771"}],"wp:attachment":[{"href":"https:\/\/www.icy.nl\/de\/wp-json\/wp\/v2\/media?parent=30638"}],"curies":[{"name":"wp","href":"https:\/\/api.w.org\/{rel}","templated":true}]}}