{"id":30990,"date":"2020-04-20T07:13:54","date_gmt":"2020-04-20T07:13:54","guid":{"rendered":"https:\/\/www.icy.nl\/weniger-stromverbrauch-campingplaetze\/"},"modified":"2020-04-20T07:13:55","modified_gmt":"2020-04-20T07:13:55","slug":"weniger-stromverbrauch-campingplaetze","status":"publish","type":"page","link":"https:\/\/www.icy.nl\/de\/weniger-stromverbrauch-campingplaetze\/","title":{"rendered":"Weniger Stromverbrauch Campingpl\u00e4tze"},"content":{"rendered":"<p><i><a href=\"https:\/\/www.icy.nl\/draadloos-stroombeheer-campings\/\">ICY Campsite Management<\/a>&nbsp; bietet die L\u00f6sung f\u00fcr ein wohlbekanntes Problem, das viele Campingbesitzer erkennen: den hohen Stromverbrauch auf Campingpl\u00e4tzen<\/i><i>&nbsp;<\/i><\/p>\n<h2>Stromausfall bei zu hohem Verbrauch<\/h2>\n<p>\u201eFr\u00fcher musste ich sehr oft auf den Campingplatz, wenn G\u00e4ste zu viel Strom verbraucht hatten. Sowohl fr\u00fchmorgens als auch sp\u00e4t abends \u201c, sagt Gerrit-Jan Hagedoorn, Inhaber des Freizeitparks Beerze Bulten. \u201eJetzt ist das nicht mehr n\u00f6tig, da das System von ICY nach kurzer Zeit automatisch den Strom wieder einschaltet. Es ist au\u00dferdem sehr praktisch f\u00fcr uns, dass wir alles von der Rezeption aus regeln k\u00f6nnen, wie zum Beispiel das Einstellen der Amp\u00e8rest\u00e4rke und das Ablesen des Stromverbrauchs.&#8220;<\/p>\n<p>ICY bietet Ihnen ein System, das einfach zu installieren ist. Ein spezieller Stecker, der in der vorhandenen Steckdose verankert wird, stellt sicher, dass die Steckdose \u00fcber das drahtlose Netzwerk im Stecker zug\u00e4nglich ist. Die Installation des sogenannten ICY Camp\u00e8re Stecker dauert weniger als eine Minute pro Anschluss. Dies erm\u00f6glicht auch eine Installation, selbst wenn G\u00e4ste bereits anwesend sind, da sie dadurch nicht gehindert werden.<\/p>\n<p>De Beerze Bulten, bekannt f\u00fcr seinen Glamping Award 2016 und den besten ANWB-Campingplatz in Europa 2017, ist ein Ferienpark mit insgesamt 600 Stellpl\u00e4tzen. Alle Pl\u00e4tze sind mit unseren Steckern ausgestattet. \u201cDieses System leistet f\u00fcr uns genau das, was es leisten soll. Ideal!\u201c, sagt Hagedoorn.<\/p>\n<p>Auch den G\u00e4sten gef\u00e4llt das System. Es ist dem durchschnittlichen Gast ist nicht immer bewusst, wie viele und welche Ger\u00e4te er gleichzeitig nutzen kann. Erik Baarslag vom Campingplatz De Kleine Wolf sagt, dass einige G\u00e4ste selbst mit gro\u00dfen elektrischen Grillger\u00e4ten und Heizungen anreisen. Das f\u00fchrte in der Vergangenheit dazu, dass ich regelm\u00e4\u00dfig \u00fcber den Campingplatz fahren musste, um Sicherungsschalter wieder einzuschalten. Jetzt schaltet der Strom f\u00fcr ein paar Minuten aus, um die G\u00e4ste zu warnen. Danach schaltet sich der Strom automatisch wieder ein, was mir viel Zeit erspart.<\/p>\n<p>\u201cWas f\u00fcr uns auch ein gro\u00dfer Vorteil ist, dass wir jetzt auch 10 Amp\u00e8re anbieten k\u00f6nnen statt 8.\u201d, sagt Baarslag. \u201cDas System ber\u00fccksichtigt die Gesamtbelastung auf einer Hauptgruppe. So ist es m\u00f6glich, indem der Strom clever verteilt wird, bestimmten Pl\u00e4tzen mehr Strom anzubieten, als das vorher m\u00f6glich war.<\/p>\n<p>\u201cWir sind sehr zufrieden mit dem ICY Campsite Management\u201d, erz\u00e4hlt Luuk Kat, Inhaber des Campings De Kleine Wolf. \u201eWir k\u00f6nnen jetzt schnell Anpassungen im System vornehmen. Ideal ist es auch, dass es mit dem Buchungssystem verbunden ist, sodass die Einstellungen bei der Abreise des Gastes automatisch zu den Grundeinstellungen zur\u00fcckkehren. \u201c<\/p>\n<p>De Kleine Wolf bekannt als &nbsp;ANWB Camping des Jahres 2016. Der Strom ist jetzt an allen 473 Stellen drahtlos eingestellt und kann drahtlos abgelesen werden.<\/p>\n<p>So gibt es noch viele zufriedene Campingbesitzer die mit dem ICY-System arbeiten.<\/p>\n<p>Weitere Informationen erhalten? Siehe&nbsp;<a href=\"https:\/\/www.icy.nl\/draadloos-stroombeheer-campings\/\">www.icy.nl\/campsite-management<\/a><\/p>\n","protected":false},"excerpt":{"rendered":"<p>ICY Campsite Management&nbsp; bietet die L\u00f6sung f\u00fcr ein wohlbekanntes Problem, das viele Campingbesitzer erkennen: den hohen Stromverbrauch auf Campingpl\u00e4tzen&nbsp; Stromausfall bei zu hohem Verbrauch \u201eFr\u00fcher musste ich sehr oft auf den Campingplatz, wenn G\u00e4ste zu viel Strom verbraucht hatten. Sowohl fr\u00fchmorgens als auch sp\u00e4t abends \u201c, sagt Gerrit-Jan Hagedoorn, Inhaber des Freizeitparks Beerze Bulten. \u201eJetzt [&hellip;]<\/p>\n","protected":false},"author":2946,"featured_media":0,"parent":0,"menu_order":0,"comment_status":"closed","ping_status":"closed","template":"","meta":{"advgb_blocks_editor_width":"","advgb_blocks_columns_visual_guide":"","_genesis_hide_title":false,"_genesis_hide_breadcrumbs":false,"_genesis_hide_singular_image":false,"_genesis_hide_footer_widgets":false,"_genesis_custom_body_class":"","_genesis_custom_post_class":"","_genesis_layout":"","footnotes":""},"class_list":{"0":"post-30990","1":"page","2":"type-page","3":"status-publish","5":"entry"},"yoast_head":"<!-- This site is optimized with the Yoast SEO plugin v27.3 - https:\/\/yoast.com\/product\/yoast-seo-wordpress\/ -->\n<title>Weniger Stromverbrauch Campingpl\u00e4tze - ICY<\/title>\n<meta name=\"robots\" content=\"index, follow, max-snippet:-1, max-image-preview:large, max-video-preview:-1\" \/>\n<link rel=\"canonical\" href=\"https:\/\/www.icy.nl\/de\/weniger-stromverbrauch-campingplaetze\/\" \/>\n<meta property=\"og:locale\" content=\"de_DE\" \/>\n<meta property=\"og:type\" content=\"article\" \/>\n<meta property=\"og:title\" content=\"Weniger Stromverbrauch Campingpl\u00e4tze - ICY\" \/>\n<meta property=\"og:description\" content=\"ICY Campsite Management&nbsp; bietet die L\u00f6sung f\u00fcr ein wohlbekanntes Problem, das viele Campingbesitzer erkennen: den hohen Stromverbrauch auf Campingpl\u00e4tzen&nbsp; Stromausfall bei zu hohem Verbrauch \u201eFr\u00fcher musste ich sehr oft auf den Campingplatz, wenn G\u00e4ste zu viel Strom verbraucht hatten. Sowohl fr\u00fchmorgens als auch sp\u00e4t abends \u201c, sagt Gerrit-Jan Hagedoorn, Inhaber des Freizeitparks Beerze Bulten. \u201eJetzt [&hellip;]\" \/>\n<meta property=\"og:url\" content=\"https:\/\/www.icy.nl\/de\/weniger-stromverbrauch-campingplaetze\/\" \/>\n<meta property=\"og:site_name\" content=\"ICY\" \/>\n<meta property=\"article:modified_time\" content=\"2020-04-20T07:13:55+00:00\" \/>\n<meta name=\"twitter:card\" content=\"summary_large_image\" \/>\n<meta name=\"twitter:label1\" content=\"Gesch\u00e4tzte Lesezeit\" \/>\n\t<meta name=\"twitter:data1\" content=\"2\u00a0Minuten\" \/>\n<script type=\"application\/ld+json\" class=\"yoast-schema-graph\">{\"@context\":\"https:\\\/\\\/schema.org\",\"@graph\":[{\"@type\":\"WebPage\",\"@id\":\"https:\\\/\\\/www.icy.nl\\\/de\\\/weniger-stromverbrauch-campingplaetze\\\/\",\"url\":\"https:\\\/\\\/www.icy.nl\\\/de\\\/weniger-stromverbrauch-campingplaetze\\\/\",\"name\":\"Weniger Stromverbrauch Campingpl\u00e4tze - ICY\",\"isPartOf\":{\"@id\":\"https:\\\/\\\/www.icy.nl\\\/de\\\/#website\"},\"datePublished\":\"2020-04-20T07:13:54+00:00\",\"dateModified\":\"2020-04-20T07:13:55+00:00\",\"breadcrumb\":{\"@id\":\"https:\\\/\\\/www.icy.nl\\\/de\\\/weniger-stromverbrauch-campingplaetze\\\/#breadcrumb\"},\"inLanguage\":\"de\",\"potentialAction\":[{\"@type\":\"ReadAction\",\"target\":[\"https:\\\/\\\/www.icy.nl\\\/de\\\/weniger-stromverbrauch-campingplaetze\\\/\"]}]},{\"@type\":\"BreadcrumbList\",\"@id\":\"https:\\\/\\\/www.icy.nl\\\/de\\\/weniger-stromverbrauch-campingplaetze\\\/#breadcrumb\",\"itemListElement\":[{\"@type\":\"ListItem\",\"position\":1,\"name\":\"Home\",\"item\":\"https:\\\/\\\/www.icy.nl\\\/de\\\/\"},{\"@type\":\"ListItem\",\"position\":2,\"name\":\"Weniger Stromverbrauch Campingpl\u00e4tze\"}]},{\"@type\":\"WebSite\",\"@id\":\"https:\\\/\\\/www.icy.nl\\\/de\\\/#website\",\"url\":\"https:\\\/\\\/www.icy.nl\\\/de\\\/\",\"name\":\"ICY\",\"description\":\"Smartmotica solutions\",\"publisher\":{\"@id\":\"https:\\\/\\\/www.icy.nl\\\/de\\\/#organization\"},\"potentialAction\":[{\"@type\":\"SearchAction\",\"target\":{\"@type\":\"EntryPoint\",\"urlTemplate\":\"https:\\\/\\\/www.icy.nl\\\/de\\\/?s={search_term_string}\"},\"query-input\":{\"@type\":\"PropertyValueSpecification\",\"valueRequired\":true,\"valueName\":\"search_term_string\"}}],\"inLanguage\":\"de\"},{\"@type\":\"Organization\",\"@id\":\"https:\\\/\\\/www.icy.nl\\\/de\\\/#organization\",\"name\":\"I.C.Y. B.V.\",\"url\":\"https:\\\/\\\/www.icy.nl\\\/de\\\/\",\"logo\":{\"@type\":\"ImageObject\",\"inLanguage\":\"de\",\"@id\":\"https:\\\/\\\/www.icy.nl\\\/de\\\/#\\\/schema\\\/logo\\\/image\\\/\",\"url\":\"https:\\\/\\\/www.icy.nl\\\/wp-content\\\/uploads\\\/2016\\\/11\\\/logo-icy.jpg\",\"contentUrl\":\"https:\\\/\\\/www.icy.nl\\\/wp-content\\\/uploads\\\/2016\\\/11\\\/logo-icy.jpg\",\"width\":400,\"height\":101,\"caption\":\"I.C.Y. B.V.\"},\"image\":{\"@id\":\"https:\\\/\\\/www.icy.nl\\\/de\\\/#\\\/schema\\\/logo\\\/image\\\/\"}}]}<\/script>\n<!-- \/ Yoast SEO plugin. -->","yoast_head_json":{"title":"Weniger Stromverbrauch Campingpl\u00e4tze - ICY","robots":{"index":"index","follow":"follow","max-snippet":"max-snippet:-1","max-image-preview":"max-image-preview:large","max-video-preview":"max-video-preview:-1"},"canonical":"https:\/\/www.icy.nl\/de\/weniger-stromverbrauch-campingplaetze\/","og_locale":"de_DE","og_type":"article","og_title":"Weniger Stromverbrauch Campingpl\u00e4tze - ICY","og_description":"ICY Campsite Management&nbsp; bietet die L\u00f6sung f\u00fcr ein wohlbekanntes Problem, das viele Campingbesitzer erkennen: den hohen Stromverbrauch auf Campingpl\u00e4tzen&nbsp; Stromausfall bei zu hohem Verbrauch \u201eFr\u00fcher musste ich sehr oft auf den Campingplatz, wenn G\u00e4ste zu viel Strom verbraucht hatten. Sowohl fr\u00fchmorgens als auch sp\u00e4t abends \u201c, sagt Gerrit-Jan Hagedoorn, Inhaber des Freizeitparks Beerze Bulten. \u201eJetzt [&hellip;]","og_url":"https:\/\/www.icy.nl\/de\/weniger-stromverbrauch-campingplaetze\/","og_site_name":"ICY","article_modified_time":"2020-04-20T07:13:55+00:00","twitter_card":"summary_large_image","twitter_misc":{"Gesch\u00e4tzte Lesezeit":"2\u00a0Minuten"},"schema":{"@context":"https:\/\/schema.org","@graph":[{"@type":"WebPage","@id":"https:\/\/www.icy.nl\/de\/weniger-stromverbrauch-campingplaetze\/","url":"https:\/\/www.icy.nl\/de\/weniger-stromverbrauch-campingplaetze\/","name":"Weniger Stromverbrauch Campingpl\u00e4tze - ICY","isPartOf":{"@id":"https:\/\/www.icy.nl\/de\/#website"},"datePublished":"2020-04-20T07:13:54+00:00","dateModified":"2020-04-20T07:13:55+00:00","breadcrumb":{"@id":"https:\/\/www.icy.nl\/de\/weniger-stromverbrauch-campingplaetze\/#breadcrumb"},"inLanguage":"de","potentialAction":[{"@type":"ReadAction","target":["https:\/\/www.icy.nl\/de\/weniger-stromverbrauch-campingplaetze\/"]}]},{"@type":"BreadcrumbList","@id":"https:\/\/www.icy.nl\/de\/weniger-stromverbrauch-campingplaetze\/#breadcrumb","itemListElement":[{"@type":"ListItem","position":1,"name":"Home","item":"https:\/\/www.icy.nl\/de\/"},{"@type":"ListItem","position":2,"name":"Weniger Stromverbrauch Campingpl\u00e4tze"}]},{"@type":"WebSite","@id":"https:\/\/www.icy.nl\/de\/#website","url":"https:\/\/www.icy.nl\/de\/","name":"ICY","description":"Smartmotica solutions","publisher":{"@id":"https:\/\/www.icy.nl\/de\/#organization"},"potentialAction":[{"@type":"SearchAction","target":{"@type":"EntryPoint","urlTemplate":"https:\/\/www.icy.nl\/de\/?s={search_term_string}"},"query-input":{"@type":"PropertyValueSpecification","valueRequired":true,"valueName":"search_term_string"}}],"inLanguage":"de"},{"@type":"Organization","@id":"https:\/\/www.icy.nl\/de\/#organization","name":"I.C.Y. B.V.","url":"https:\/\/www.icy.nl\/de\/","logo":{"@type":"ImageObject","inLanguage":"de","@id":"https:\/\/www.icy.nl\/de\/#\/schema\/logo\/image\/","url":"https:\/\/www.icy.nl\/wp-content\/uploads\/2016\/11\/logo-icy.jpg","contentUrl":"https:\/\/www.icy.nl\/wp-content\/uploads\/2016\/11\/logo-icy.jpg","width":400,"height":101,"caption":"I.C.Y. B.V."},"image":{"@id":"https:\/\/www.icy.nl\/de\/#\/schema\/logo\/image\/"}}]}},"coauthors":[],"author_meta":{"author_link":"https:\/\/www.icy.nl\/de\/author\/daniel\/","display_name":"Daniel van de Kamp"},"relative_dates":{"created":"Posted 6\u00a0Jahren ago","modified":"Updated 6\u00a0Jahren ago"},"absolute_dates":{"created":"Posted on 20. April 2020","modified":"Updated on 20. April 2020"},"absolute_dates_time":{"created":"Posted on 20. April 2020 7:13","modified":"Updated on 20. April 2020 7:13"},"featured_img_caption":"","featured_img":false,"series_order":"","_links":{"self":[{"href":"https:\/\/www.icy.nl\/de\/wp-json\/wp\/v2\/pages\/30990","targetHints":{"allow":["GET"]}}],"collection":[{"href":"https:\/\/www.icy.nl\/de\/wp-json\/wp\/v2\/pages"}],"about":[{"href":"https:\/\/www.icy.nl\/de\/wp-json\/wp\/v2\/types\/page"}],"author":[{"embeddable":true,"href":"https:\/\/www.icy.nl\/de\/wp-json\/wp\/v2\/users\/2946"}],"replies":[{"embeddable":true,"href":"https:\/\/www.icy.nl\/de\/wp-json\/wp\/v2\/comments?post=30990"}],"version-history":[{"count":0,"href":"https:\/\/www.icy.nl\/de\/wp-json\/wp\/v2\/pages\/30990\/revisions"}],"wp:attachment":[{"href":"https:\/\/www.icy.nl\/de\/wp-json\/wp\/v2\/media?parent=30990"}],"curies":[{"name":"wp","href":"https:\/\/api.w.org\/{rel}","templated":true}]}}