{"id":31053,"date":"2020-04-20T08:06:51","date_gmt":"2020-04-20T08:06:51","guid":{"rendered":"https:\/\/www.icy.nl\/thermostat-fuer-ferienhaus-oder-chalet\/"},"modified":"2020-04-20T08:06:51","modified_gmt":"2020-04-20T08:06:51","slug":"thermostat-fuer-ferienhaus-oder-chalet","status":"publish","type":"page","link":"https:\/\/www.icy.nl\/de\/thermostat-fuer-ferienhaus-oder-chalet\/","title":{"rendered":"Thermostat f\u00fcr Ferienhaus oder Chalet"},"content":{"rendered":"<p><img loading=\"lazy\" decoding=\"async\" class=\"aligncenter size-full wp-image-31054\" src=\"https:\/\/www.icy.nl\/wp-content\/uploads\/2017\/04\/TimerThermostatenFrontjes-Overzicht.jpg\" alt=\"Thermostat Ferienpark Chalet\" width=\"750\" height=\"280\" srcset=\"https:\/\/www.icy.nl\/wp-content\/uploads\/2017\/04\/TimerThermostatenFrontjes-Overzicht.jpg 750w, https:\/\/www.icy.nl\/wp-content\/uploads\/2017\/04\/TimerThermostatenFrontjes-Overzicht-600x224.jpg 600w, https:\/\/www.icy.nl\/wp-content\/uploads\/2017\/04\/TimerThermostatenFrontjes-Overzicht-300x112.jpg 300w, https:\/\/www.icy.nl\/wp-content\/uploads\/2017\/04\/TimerThermostatenFrontjes-Overzicht-550x205.jpg 550w\" sizes=\"auto, (max-width: 750px) 100vw, 750px\" \/>Wenn Sie ein Haus vermieten, z. B. ein Ferienhaus oder ein Chalet, ist der <a href=\"https:\/\/www.icy.nl\/product\/1845-timer-thermostaat\/\" target=\"_blank\" rel=\"noopener noreferrer\">Timer-Thermostat ICY1845<\/a> der ideale Thermostat. Dieser Thermostat wird in mehr als 25.000 Ferienh\u00e4usern in ganz Europa in Ferienparks, aber auch in Ferienh\u00e4usern privater Eigent\u00fcmer genutzt.<br \/>\nDer <a href=\"https:\/\/www.icy.nl\/product\/1845-timer-thermostaat\/\" target=\"_blank\" rel=\"noopener noreferrer\">Timer-Thermostat<\/a> hat sich im Laufe der Jahre durch die hohen Energieeinsparungen &nbsp;unserer Kunden bew\u00e4hrt. Durch den integrierten Bewegungssensor und Lichtsensor wird die Heizung nie unn\u00f6tig gebraucht. Dar\u00fcber hinaus sorgen das robuste Geh\u00e4use und die PIN-gesch\u00fctzten Einstellungen daf\u00fcr, dass die Heizung nicht verstellt oder unn\u00fctz gebraucht werden kann.<\/p>\n<p>Der Thermostat zahlt sich durch die Einsparungen selbst ab. Oft betr\u00e4gt diese Amortisationszeit weniger als zwei Jahre.<\/p>\n<p>Direkt Anschaffen?<\/p>\n<div class=\"cat\"><a class=\"button aligncenter\" href=\"http:\/\/mijn.icy.nl\/nl\/products\/19\" target=\"_blank\" rel=\"noopener noreferrer\">Sie k\u00f6nnen den Thermostat ganz einfach in unserem Webshop bestellen.<\/a><\/div>\n<p>Der <a href=\"https:\/\/www.icy.nl\/accommodation-management-draadloos-beheer-vakantieparken\/\" target=\"_blank\" rel=\"noopener noreferrer\">Timer-Thermostat<\/a> ist auch in einer drahtlos gesteuerten Variante erh\u00e4ltlich, sodass Sie den Thermostat an der Rezeption einstellen k\u00f6nnen. Haben Sie Interesse? Dann w\u00fcrden wir Sie bitten, Kontakt mit uns auf zu nehmen.<\/p>\n<div class=\"cat\"><a class=\"button aligncenter\" href=\"mailto:verkoop@icy.nl?subject=Prijsaanvraag%20Timer%20Thermostaten%20IN\">Ich w\u00fcrde gerne mehr \u00fcber die Preise des drahtlose gesteuerten &nbsp;Timer-Thermostats erfahren.<\/a><\/div>\n","protected":false},"excerpt":{"rendered":"<p>Wenn Sie ein Haus vermieten, z. B. ein Ferienhaus oder ein Chalet, ist der Timer-Thermostat ICY1845 der ideale Thermostat. Dieser Thermostat wird in mehr als 25.000 Ferienh\u00e4usern in ganz Europa in Ferienparks, aber auch in Ferienh\u00e4usern privater Eigent\u00fcmer genutzt. Der Timer-Thermostat hat sich im Laufe der Jahre durch die hohen Energieeinsparungen &nbsp;unserer Kunden bew\u00e4hrt. Durch [&hellip;]<\/p>\n","protected":false},"author":2946,"featured_media":0,"parent":0,"menu_order":0,"comment_status":"closed","ping_status":"closed","template":"","meta":{"advgb_blocks_editor_width":"","advgb_blocks_columns_visual_guide":"","_genesis_hide_title":false,"_genesis_hide_breadcrumbs":false,"_genesis_hide_singular_image":false,"_genesis_hide_footer_widgets":false,"_genesis_custom_body_class":"","_genesis_custom_post_class":"","_genesis_layout":"","footnotes":""},"class_list":{"0":"post-31053","1":"page","2":"type-page","3":"status-publish","5":"entry","6":"has-post-thumbnail"},"yoast_head":"<!-- This site is optimized with the Yoast SEO plugin v27.3 - https:\/\/yoast.com\/product\/yoast-seo-wordpress\/ -->\n<title>Thermostat f\u00fcr Ferienhaus oder Chalet - ICY<\/title>\n<meta name=\"description\" content=\"{:nl}Der ICY1845TT ist der ideale Thermostat f\u00fcr Ferienh\u00e4user und andere H\u00e4user oder Chalets die Vermietet werden.{:}\" \/>\n<meta name=\"robots\" content=\"index, follow, max-snippet:-1, max-image-preview:large, max-video-preview:-1\" \/>\n<link rel=\"canonical\" href=\"https:\/\/www.icy.nl\/de\/thermostat-fuer-ferienhaus-oder-chalet\/\" \/>\n<meta property=\"og:locale\" content=\"de_DE\" \/>\n<meta property=\"og:type\" content=\"article\" \/>\n<meta property=\"og:title\" content=\"Thermostat f\u00fcr Ferienhaus oder Chalet - ICY\" \/>\n<meta property=\"og:description\" content=\"{:nl}Der ICY1845TT ist der ideale Thermostat f\u00fcr Ferienh\u00e4user und andere H\u00e4user oder Chalets die Vermietet werden.{:}\" \/>\n<meta property=\"og:url\" content=\"https:\/\/www.icy.nl\/de\/thermostat-fuer-ferienhaus-oder-chalet\/\" \/>\n<meta property=\"og:site_name\" content=\"ICY\" \/>\n<meta property=\"og:image\" content=\"https:\/\/www.icy.nl\/wp-content\/uploads\/2017\/04\/TimerThermostatenFrontjes-Overzicht.jpg\" \/>\n<meta name=\"twitter:card\" content=\"summary_large_image\" \/>\n<meta name=\"twitter:label1\" content=\"Gesch\u00e4tzte Lesezeit\" \/>\n\t<meta name=\"twitter:data1\" content=\"1\u00a0Minute\" \/>\n<script type=\"application\/ld+json\" class=\"yoast-schema-graph\">{\"@context\":\"https:\\\/\\\/schema.org\",\"@graph\":[{\"@type\":\"WebPage\",\"@id\":\"https:\\\/\\\/www.icy.nl\\\/de\\\/thermostat-fuer-ferienhaus-oder-chalet\\\/\",\"url\":\"https:\\\/\\\/www.icy.nl\\\/de\\\/thermostat-fuer-ferienhaus-oder-chalet\\\/\",\"name\":\"Thermostat f\u00fcr Ferienhaus oder Chalet - ICY\",\"isPartOf\":{\"@id\":\"https:\\\/\\\/www.icy.nl\\\/de\\\/#website\"},\"primaryImageOfPage\":{\"@id\":\"https:\\\/\\\/www.icy.nl\\\/de\\\/thermostat-fuer-ferienhaus-oder-chalet\\\/#primaryimage\"},\"image\":{\"@id\":\"https:\\\/\\\/www.icy.nl\\\/de\\\/thermostat-fuer-ferienhaus-oder-chalet\\\/#primaryimage\"},\"thumbnailUrl\":\"https:\\\/\\\/www.icy.nl\\\/wp-content\\\/uploads\\\/2017\\\/04\\\/TimerThermostatenFrontjes-Overzicht.jpg\",\"datePublished\":\"2020-04-20T08:06:51+00:00\",\"description\":\"{:nl}Der ICY1845TT ist der ideale Thermostat f\u00fcr Ferienh\u00e4user und andere H\u00e4user oder Chalets die Vermietet werden.{:}\",\"breadcrumb\":{\"@id\":\"https:\\\/\\\/www.icy.nl\\\/de\\\/thermostat-fuer-ferienhaus-oder-chalet\\\/#breadcrumb\"},\"inLanguage\":\"de\",\"potentialAction\":[{\"@type\":\"ReadAction\",\"target\":[\"https:\\\/\\\/www.icy.nl\\\/de\\\/thermostat-fuer-ferienhaus-oder-chalet\\\/\"]}]},{\"@type\":\"ImageObject\",\"inLanguage\":\"de\",\"@id\":\"https:\\\/\\\/www.icy.nl\\\/de\\\/thermostat-fuer-ferienhaus-oder-chalet\\\/#primaryimage\",\"url\":\"https:\\\/\\\/www.icy.nl\\\/wp-content\\\/uploads\\\/2017\\\/04\\\/TimerThermostatenFrontjes-Overzicht.jpg\",\"contentUrl\":\"https:\\\/\\\/www.icy.nl\\\/wp-content\\\/uploads\\\/2017\\\/04\\\/TimerThermostatenFrontjes-Overzicht.jpg\"},{\"@type\":\"BreadcrumbList\",\"@id\":\"https:\\\/\\\/www.icy.nl\\\/de\\\/thermostat-fuer-ferienhaus-oder-chalet\\\/#breadcrumb\",\"itemListElement\":[{\"@type\":\"ListItem\",\"position\":1,\"name\":\"Home\",\"item\":\"https:\\\/\\\/www.icy.nl\\\/de\\\/\"},{\"@type\":\"ListItem\",\"position\":2,\"name\":\"Thermostat f\u00fcr Ferienhaus oder Chalet\"}]},{\"@type\":\"WebSite\",\"@id\":\"https:\\\/\\\/www.icy.nl\\\/de\\\/#website\",\"url\":\"https:\\\/\\\/www.icy.nl\\\/de\\\/\",\"name\":\"ICY\",\"description\":\"Smartmotica solutions\",\"publisher\":{\"@id\":\"https:\\\/\\\/www.icy.nl\\\/de\\\/#organization\"},\"potentialAction\":[{\"@type\":\"SearchAction\",\"target\":{\"@type\":\"EntryPoint\",\"urlTemplate\":\"https:\\\/\\\/www.icy.nl\\\/de\\\/?s={search_term_string}\"},\"query-input\":{\"@type\":\"PropertyValueSpecification\",\"valueRequired\":true,\"valueName\":\"search_term_string\"}}],\"inLanguage\":\"de\"},{\"@type\":\"Organization\",\"@id\":\"https:\\\/\\\/www.icy.nl\\\/de\\\/#organization\",\"name\":\"I.C.Y. B.V.\",\"url\":\"https:\\\/\\\/www.icy.nl\\\/de\\\/\",\"logo\":{\"@type\":\"ImageObject\",\"inLanguage\":\"de\",\"@id\":\"https:\\\/\\\/www.icy.nl\\\/de\\\/#\\\/schema\\\/logo\\\/image\\\/\",\"url\":\"https:\\\/\\\/www.icy.nl\\\/wp-content\\\/uploads\\\/2016\\\/11\\\/logo-icy.jpg\",\"contentUrl\":\"https:\\\/\\\/www.icy.nl\\\/wp-content\\\/uploads\\\/2016\\\/11\\\/logo-icy.jpg\",\"width\":400,\"height\":101,\"caption\":\"I.C.Y. B.V.\"},\"image\":{\"@id\":\"https:\\\/\\\/www.icy.nl\\\/de\\\/#\\\/schema\\\/logo\\\/image\\\/\"}}]}<\/script>\n<!-- \/ Yoast SEO plugin. -->","yoast_head_json":{"title":"Thermostat f\u00fcr Ferienhaus oder Chalet - ICY","description":"{:nl}Der ICY1845TT ist der ideale Thermostat f\u00fcr Ferienh\u00e4user und andere H\u00e4user oder Chalets die Vermietet werden.{:}","robots":{"index":"index","follow":"follow","max-snippet":"max-snippet:-1","max-image-preview":"max-image-preview:large","max-video-preview":"max-video-preview:-1"},"canonical":"https:\/\/www.icy.nl\/de\/thermostat-fuer-ferienhaus-oder-chalet\/","og_locale":"de_DE","og_type":"article","og_title":"Thermostat f\u00fcr Ferienhaus oder Chalet - ICY","og_description":"{:nl}Der ICY1845TT ist der ideale Thermostat f\u00fcr Ferienh\u00e4user und andere H\u00e4user oder Chalets die Vermietet werden.{:}","og_url":"https:\/\/www.icy.nl\/de\/thermostat-fuer-ferienhaus-oder-chalet\/","og_site_name":"ICY","og_image":[{"url":"https:\/\/www.icy.nl\/wp-content\/uploads\/2017\/04\/TimerThermostatenFrontjes-Overzicht.jpg","type":"","width":"","height":""}],"twitter_card":"summary_large_image","twitter_misc":{"Gesch\u00e4tzte Lesezeit":"1\u00a0Minute"},"schema":{"@context":"https:\/\/schema.org","@graph":[{"@type":"WebPage","@id":"https:\/\/www.icy.nl\/de\/thermostat-fuer-ferienhaus-oder-chalet\/","url":"https:\/\/www.icy.nl\/de\/thermostat-fuer-ferienhaus-oder-chalet\/","name":"Thermostat f\u00fcr Ferienhaus oder Chalet - ICY","isPartOf":{"@id":"https:\/\/www.icy.nl\/de\/#website"},"primaryImageOfPage":{"@id":"https:\/\/www.icy.nl\/de\/thermostat-fuer-ferienhaus-oder-chalet\/#primaryimage"},"image":{"@id":"https:\/\/www.icy.nl\/de\/thermostat-fuer-ferienhaus-oder-chalet\/#primaryimage"},"thumbnailUrl":"https:\/\/www.icy.nl\/wp-content\/uploads\/2017\/04\/TimerThermostatenFrontjes-Overzicht.jpg","datePublished":"2020-04-20T08:06:51+00:00","description":"{:nl}Der ICY1845TT ist der ideale Thermostat f\u00fcr Ferienh\u00e4user und andere H\u00e4user oder Chalets die Vermietet werden.{:}","breadcrumb":{"@id":"https:\/\/www.icy.nl\/de\/thermostat-fuer-ferienhaus-oder-chalet\/#breadcrumb"},"inLanguage":"de","potentialAction":[{"@type":"ReadAction","target":["https:\/\/www.icy.nl\/de\/thermostat-fuer-ferienhaus-oder-chalet\/"]}]},{"@type":"ImageObject","inLanguage":"de","@id":"https:\/\/www.icy.nl\/de\/thermostat-fuer-ferienhaus-oder-chalet\/#primaryimage","url":"https:\/\/www.icy.nl\/wp-content\/uploads\/2017\/04\/TimerThermostatenFrontjes-Overzicht.jpg","contentUrl":"https:\/\/www.icy.nl\/wp-content\/uploads\/2017\/04\/TimerThermostatenFrontjes-Overzicht.jpg"},{"@type":"BreadcrumbList","@id":"https:\/\/www.icy.nl\/de\/thermostat-fuer-ferienhaus-oder-chalet\/#breadcrumb","itemListElement":[{"@type":"ListItem","position":1,"name":"Home","item":"https:\/\/www.icy.nl\/de\/"},{"@type":"ListItem","position":2,"name":"Thermostat f\u00fcr Ferienhaus oder Chalet"}]},{"@type":"WebSite","@id":"https:\/\/www.icy.nl\/de\/#website","url":"https:\/\/www.icy.nl\/de\/","name":"ICY","description":"Smartmotica solutions","publisher":{"@id":"https:\/\/www.icy.nl\/de\/#organization"},"potentialAction":[{"@type":"SearchAction","target":{"@type":"EntryPoint","urlTemplate":"https:\/\/www.icy.nl\/de\/?s={search_term_string}"},"query-input":{"@type":"PropertyValueSpecification","valueRequired":true,"valueName":"search_term_string"}}],"inLanguage":"de"},{"@type":"Organization","@id":"https:\/\/www.icy.nl\/de\/#organization","name":"I.C.Y. B.V.","url":"https:\/\/www.icy.nl\/de\/","logo":{"@type":"ImageObject","inLanguage":"de","@id":"https:\/\/www.icy.nl\/de\/#\/schema\/logo\/image\/","url":"https:\/\/www.icy.nl\/wp-content\/uploads\/2016\/11\/logo-icy.jpg","contentUrl":"https:\/\/www.icy.nl\/wp-content\/uploads\/2016\/11\/logo-icy.jpg","width":400,"height":101,"caption":"I.C.Y. B.V."},"image":{"@id":"https:\/\/www.icy.nl\/de\/#\/schema\/logo\/image\/"}}]}},"coauthors":[],"author_meta":{"author_link":"https:\/\/www.icy.nl\/de\/author\/daniel\/","display_name":"Daniel van de Kamp"},"relative_dates":{"created":"Posted 6\u00a0Jahren ago","modified":"Updated 6\u00a0Jahren ago"},"absolute_dates":{"created":"Posted on 20. April 2020","modified":"Updated on 20. April 2020"},"absolute_dates_time":{"created":"Posted on 20. April 2020 8:06","modified":"Updated on 20. April 2020 8:06"},"featured_img_caption":"","featured_img":false,"series_order":"","_links":{"self":[{"href":"https:\/\/www.icy.nl\/de\/wp-json\/wp\/v2\/pages\/31053","targetHints":{"allow":["GET"]}}],"collection":[{"href":"https:\/\/www.icy.nl\/de\/wp-json\/wp\/v2\/pages"}],"about":[{"href":"https:\/\/www.icy.nl\/de\/wp-json\/wp\/v2\/types\/page"}],"author":[{"embeddable":true,"href":"https:\/\/www.icy.nl\/de\/wp-json\/wp\/v2\/users\/2946"}],"replies":[{"embeddable":true,"href":"https:\/\/www.icy.nl\/de\/wp-json\/wp\/v2\/comments?post=31053"}],"version-history":[{"count":0,"href":"https:\/\/www.icy.nl\/de\/wp-json\/wp\/v2\/pages\/31053\/revisions"}],"wp:attachment":[{"href":"https:\/\/www.icy.nl\/de\/wp-json\/wp\/v2\/media?parent=31053"}],"curies":[{"name":"wp","href":"https:\/\/api.w.org\/{rel}","templated":true}]}}