{"id":31060,"date":"2020-04-20T08:17:54","date_gmt":"2020-04-20T08:17:54","guid":{"rendered":"https:\/\/www.icy.nl\/?page_id=31060"},"modified":"2024-10-25T16:35:10","modified_gmt":"2024-10-25T14:35:10","slug":"von-der-idee-zum-produkt","status":"publish","type":"page","link":"https:\/\/www.icy.nl\/de\/von-der-idee-zum-produkt\/","title":{"rendered":"Von der Idee zum Produkt"},"content":{"rendered":"\n<div class=\"wp-block-columns has-2-columns is-layout-flex wp-container-core-columns-is-layout-9d6595d7 wp-block-columns-is-layout-flex\">\n<div class=\"wp-block-column is-layout-flow wp-block-column-is-layout-flow\">\n<p>ICY hat sich vom Traum des Erfinders zu einem Full-Service-Unternehmen entwickelt, das nun die Tr\u00e4ume und W\u00fcnsche anderer erf\u00fcllt.<\/p>\n\n\n\n<p>ICY erfindet und produziert innovative L\u00f6sungen f\u00fcr elektronische und nicht elektronische Probleme.<\/p>\n\n\n\n<p>ICY arbeitet h\u00e4ufig im Auftrag anderer Parteien oder geht Partnerschaften mit Unternehmern ein. Dies f\u00fchrt h\u00e4ufig zu einer langfristigen Zusammenarbeit, von der beide durch die St\u00e4rkung der Kernkompetenzen profitieren.<\/p>\n<\/div>\n\n\n\n<div class=\"wp-block-column is-layout-flow wp-block-column-is-layout-flow\">\n<p>Einige Beispiele f\u00fcr Fragen, mit denen sich Unternehmer an ICY gewandt haben und f\u00fcr die eine L\u00f6sung gefunden wurde:<\/p>\n\n\n\n<ul class=\"wp-block-list\"><li>Wie lese ich alle Stromz\u00e4hler in einer Stra\u00dfe oder einem Wohngebiet gleichzeitig ab?<\/li><li>Wie reduziere ich die Heizkosten in meinem Haus oder Bungalowpark?<\/li><li>Wie bekomme ich schon tags\u00fcber eine Meldung von einen Zentralheizungsausfall, der sonst erst abends bemerkt werden w\u00fcrde?<\/li><li>Wie registriere ich die Aktivit\u00e4ten meiner Mitarbeiter in einem Treibhaus online?<\/li><\/ul>\n<\/div>\n<\/div>\n<div class=\"cat\"><a class=\"button aligncenter\" href=\"mailto:verkoop@icy.nl?subject=Informatie: van idee tot product\">Kontaktieren Sie uns<\/a><\/div>\n<hr \/>\n<h1>Qualit\u00e4t und Nachhaltigkeit<\/h1>\n<p>Nat\u00fcrlich m\u00f6chten Sie so intelligent wie m\u00f6glich in neue Technologien investieren. Wir versuchen, die geringstm\u00f6gliche Investition mit einem qualitativ hochwertigen Produkt (von langer Lebensdauer)zu kombinieren. Auf diese Weise erzielen Sie eine optimale Rendite.<\/p>\n<h1>Einfache Installation und Bedienung<\/h1>\n<p>Die von uns hergestellten Produkte m\u00fcssen schnell und einfach zu installieren sein, um so hohe kosten f\u00fcr die Implementierung der Produkte zu sparen. Es ist uns wichtig, dass \u00a0unsere Produkte einfach zu bedienen und zu warten sind. Au\u00dferdem bieten wir einen einzigartigen Garantie- und Reparaturservice.<\/p>\n<h1>Kontinuierliche Innovation<\/h1>\n<p>Um unsere Produkte innovativ zu halten, h\u00f6ren wir unseren Kunden zu. Wir verarbeiten W\u00fcnsche und Kommentare in neuen Versionen oder neuen Produkten. Wir verfolgen die Entwicklung neuer Technologien genauestens, um Ihnen weiterhin neue Innovationen anbieten zu k\u00f6nnen.<\/p>\n<h1>Beispiele<\/h1>\n<h3>Steuerung von elektrischen Kaminen \u00a0mit einem Thermostat<\/h3>\n<h3>Drahtlose Verbindung von Rauchmeldern in Gruppen<\/h3>\n<h3>Drahtlose T\u00fcrklingeln in (zeithaften) B\u00fcrogeb\u00e4uden<\/h3>\n<h3>Schaltung der Infrarot-Panels<\/h3>\n","protected":false},"excerpt":{"rendered":"<p>ICY hat sich vom Traum des Erfinders zu einem Full-Service-Unternehmen entwickelt, das nun die Tr\u00e4ume und W\u00fcnsche anderer erf\u00fcllt. ICY erfindet und produziert innovative L\u00f6sungen f\u00fcr elektronische und nicht elektronische Probleme. ICY arbeitet h\u00e4ufig im Auftrag anderer Parteien oder geht Partnerschaften mit Unternehmern ein. Dies f\u00fchrt h\u00e4ufig zu einer langfristigen Zusammenarbeit, von der beide durch [&hellip;]<\/p>\n","protected":false},"author":2946,"featured_media":32475,"parent":0,"menu_order":0,"comment_status":"closed","ping_status":"closed","template":"","meta":{"advgb_blocks_editor_width":"","advgb_blocks_columns_visual_guide":"","_genesis_hide_title":false,"_genesis_hide_breadcrumbs":false,"_genesis_hide_singular_image":false,"_genesis_hide_footer_widgets":false,"_genesis_custom_body_class":"","_genesis_custom_post_class":"","_genesis_layout":"","footnotes":""},"class_list":{"0":"post-31060","1":"page","2":"type-page","3":"status-publish","4":"has-post-thumbnail","6":"entry"},"yoast_head":"<!-- This site is optimized with the Yoast SEO plugin v27.3 - https:\/\/yoast.com\/product\/yoast-seo-wordpress\/ -->\n<title>Von der Idee zum Produkt - ICY<\/title>\n<meta name=\"robots\" content=\"index, follow, max-snippet:-1, max-image-preview:large, max-video-preview:-1\" \/>\n<link rel=\"canonical\" href=\"https:\/\/www.icy.nl\/de\/von-der-idee-zum-produkt\/\" \/>\n<meta property=\"og:locale\" content=\"de_DE\" \/>\n<meta property=\"og:type\" content=\"article\" \/>\n<meta property=\"og:title\" content=\"Von der Idee zum Produkt - ICY\" \/>\n<meta property=\"og:description\" content=\"ICY hat sich vom Traum des Erfinders zu einem Full-Service-Unternehmen entwickelt, das nun die Tr\u00e4ume und W\u00fcnsche anderer erf\u00fcllt. ICY erfindet und produziert innovative L\u00f6sungen f\u00fcr elektronische und nicht elektronische Probleme. ICY arbeitet h\u00e4ufig im Auftrag anderer Parteien oder geht Partnerschaften mit Unternehmern ein. Dies f\u00fchrt h\u00e4ufig zu einer langfristigen Zusammenarbeit, von der beide durch [&hellip;]\" \/>\n<meta property=\"og:url\" content=\"https:\/\/www.icy.nl\/de\/von-der-idee-zum-produkt\/\" \/>\n<meta property=\"og:site_name\" content=\"ICY\" \/>\n<meta property=\"article:modified_time\" content=\"2024-10-25T14:35:10+00:00\" \/>\n<meta property=\"og:image\" content=\"https:\/\/www.icy.nl\/wp-content\/uploads\/2020\/11\/featured-image-van-dee-naar-product.jpg\" \/>\n\t<meta property=\"og:image:width\" content=\"1200\" \/>\n\t<meta property=\"og:image:height\" content=\"350\" \/>\n\t<meta property=\"og:image:type\" content=\"image\/jpeg\" \/>\n<meta name=\"twitter:card\" content=\"summary_large_image\" \/>\n<script type=\"application\/ld+json\" class=\"yoast-schema-graph\">{\"@context\":\"https:\\\/\\\/schema.org\",\"@graph\":[{\"@type\":\"WebPage\",\"@id\":\"https:\\\/\\\/www.icy.nl\\\/de\\\/von-der-idee-zum-produkt\\\/\",\"url\":\"https:\\\/\\\/www.icy.nl\\\/de\\\/von-der-idee-zum-produkt\\\/\",\"name\":\"Von der Idee zum Produkt - ICY\",\"isPartOf\":{\"@id\":\"https:\\\/\\\/www.icy.nl\\\/de\\\/#website\"},\"primaryImageOfPage\":{\"@id\":\"https:\\\/\\\/www.icy.nl\\\/de\\\/von-der-idee-zum-produkt\\\/#primaryimage\"},\"image\":{\"@id\":\"https:\\\/\\\/www.icy.nl\\\/de\\\/von-der-idee-zum-produkt\\\/#primaryimage\"},\"thumbnailUrl\":\"https:\\\/\\\/www.icy.nl\\\/wp-content\\\/uploads\\\/2020\\\/11\\\/featured-image-van-dee-naar-product.jpg\",\"datePublished\":\"2020-04-20T08:17:54+00:00\",\"dateModified\":\"2024-10-25T14:35:10+00:00\",\"breadcrumb\":{\"@id\":\"https:\\\/\\\/www.icy.nl\\\/de\\\/von-der-idee-zum-produkt\\\/#breadcrumb\"},\"inLanguage\":\"de\",\"potentialAction\":[{\"@type\":\"ReadAction\",\"target\":[\"https:\\\/\\\/www.icy.nl\\\/de\\\/von-der-idee-zum-produkt\\\/\"]}]},{\"@type\":\"ImageObject\",\"inLanguage\":\"de\",\"@id\":\"https:\\\/\\\/www.icy.nl\\\/de\\\/von-der-idee-zum-produkt\\\/#primaryimage\",\"url\":\"https:\\\/\\\/www.icy.nl\\\/wp-content\\\/uploads\\\/2020\\\/11\\\/featured-image-van-dee-naar-product.jpg\",\"contentUrl\":\"https:\\\/\\\/www.icy.nl\\\/wp-content\\\/uploads\\\/2020\\\/11\\\/featured-image-van-dee-naar-product.jpg\",\"width\":1200,\"height\":350},{\"@type\":\"BreadcrumbList\",\"@id\":\"https:\\\/\\\/www.icy.nl\\\/de\\\/von-der-idee-zum-produkt\\\/#breadcrumb\",\"itemListElement\":[{\"@type\":\"ListItem\",\"position\":1,\"name\":\"Home\",\"item\":\"https:\\\/\\\/www.icy.nl\\\/de\\\/\"},{\"@type\":\"ListItem\",\"position\":2,\"name\":\"Von der Idee zum Produkt\"}]},{\"@type\":\"WebSite\",\"@id\":\"https:\\\/\\\/www.icy.nl\\\/de\\\/#website\",\"url\":\"https:\\\/\\\/www.icy.nl\\\/de\\\/\",\"name\":\"ICY\",\"description\":\"Smartmotica solutions\",\"publisher\":{\"@id\":\"https:\\\/\\\/www.icy.nl\\\/de\\\/#organization\"},\"potentialAction\":[{\"@type\":\"SearchAction\",\"target\":{\"@type\":\"EntryPoint\",\"urlTemplate\":\"https:\\\/\\\/www.icy.nl\\\/de\\\/?s={search_term_string}\"},\"query-input\":{\"@type\":\"PropertyValueSpecification\",\"valueRequired\":true,\"valueName\":\"search_term_string\"}}],\"inLanguage\":\"de\"},{\"@type\":\"Organization\",\"@id\":\"https:\\\/\\\/www.icy.nl\\\/de\\\/#organization\",\"name\":\"I.C.Y. B.V.\",\"url\":\"https:\\\/\\\/www.icy.nl\\\/de\\\/\",\"logo\":{\"@type\":\"ImageObject\",\"inLanguage\":\"de\",\"@id\":\"https:\\\/\\\/www.icy.nl\\\/de\\\/#\\\/schema\\\/logo\\\/image\\\/\",\"url\":\"https:\\\/\\\/www.icy.nl\\\/wp-content\\\/uploads\\\/2016\\\/11\\\/logo-icy.jpg\",\"contentUrl\":\"https:\\\/\\\/www.icy.nl\\\/wp-content\\\/uploads\\\/2016\\\/11\\\/logo-icy.jpg\",\"width\":400,\"height\":101,\"caption\":\"I.C.Y. B.V.\"},\"image\":{\"@id\":\"https:\\\/\\\/www.icy.nl\\\/de\\\/#\\\/schema\\\/logo\\\/image\\\/\"}}]}<\/script>\n<!-- \/ Yoast SEO plugin. -->","yoast_head_json":{"title":"Von der Idee zum Produkt - ICY","robots":{"index":"index","follow":"follow","max-snippet":"max-snippet:-1","max-image-preview":"max-image-preview:large","max-video-preview":"max-video-preview:-1"},"canonical":"https:\/\/www.icy.nl\/de\/von-der-idee-zum-produkt\/","og_locale":"de_DE","og_type":"article","og_title":"Von der Idee zum Produkt - ICY","og_description":"ICY hat sich vom Traum des Erfinders zu einem Full-Service-Unternehmen entwickelt, das nun die Tr\u00e4ume und W\u00fcnsche anderer erf\u00fcllt. ICY erfindet und produziert innovative L\u00f6sungen f\u00fcr elektronische und nicht elektronische Probleme. ICY arbeitet h\u00e4ufig im Auftrag anderer Parteien oder geht Partnerschaften mit Unternehmern ein. Dies f\u00fchrt h\u00e4ufig zu einer langfristigen Zusammenarbeit, von der beide durch [&hellip;]","og_url":"https:\/\/www.icy.nl\/de\/von-der-idee-zum-produkt\/","og_site_name":"ICY","article_modified_time":"2024-10-25T14:35:10+00:00","og_image":[{"width":1200,"height":350,"url":"https:\/\/www.icy.nl\/wp-content\/uploads\/2020\/11\/featured-image-van-dee-naar-product.jpg","type":"image\/jpeg"}],"twitter_card":"summary_large_image","schema":{"@context":"https:\/\/schema.org","@graph":[{"@type":"WebPage","@id":"https:\/\/www.icy.nl\/de\/von-der-idee-zum-produkt\/","url":"https:\/\/www.icy.nl\/de\/von-der-idee-zum-produkt\/","name":"Von der Idee zum Produkt - ICY","isPartOf":{"@id":"https:\/\/www.icy.nl\/de\/#website"},"primaryImageOfPage":{"@id":"https:\/\/www.icy.nl\/de\/von-der-idee-zum-produkt\/#primaryimage"},"image":{"@id":"https:\/\/www.icy.nl\/de\/von-der-idee-zum-produkt\/#primaryimage"},"thumbnailUrl":"https:\/\/www.icy.nl\/wp-content\/uploads\/2020\/11\/featured-image-van-dee-naar-product.jpg","datePublished":"2020-04-20T08:17:54+00:00","dateModified":"2024-10-25T14:35:10+00:00","breadcrumb":{"@id":"https:\/\/www.icy.nl\/de\/von-der-idee-zum-produkt\/#breadcrumb"},"inLanguage":"de","potentialAction":[{"@type":"ReadAction","target":["https:\/\/www.icy.nl\/de\/von-der-idee-zum-produkt\/"]}]},{"@type":"ImageObject","inLanguage":"de","@id":"https:\/\/www.icy.nl\/de\/von-der-idee-zum-produkt\/#primaryimage","url":"https:\/\/www.icy.nl\/wp-content\/uploads\/2020\/11\/featured-image-van-dee-naar-product.jpg","contentUrl":"https:\/\/www.icy.nl\/wp-content\/uploads\/2020\/11\/featured-image-van-dee-naar-product.jpg","width":1200,"height":350},{"@type":"BreadcrumbList","@id":"https:\/\/www.icy.nl\/de\/von-der-idee-zum-produkt\/#breadcrumb","itemListElement":[{"@type":"ListItem","position":1,"name":"Home","item":"https:\/\/www.icy.nl\/de\/"},{"@type":"ListItem","position":2,"name":"Von der Idee zum Produkt"}]},{"@type":"WebSite","@id":"https:\/\/www.icy.nl\/de\/#website","url":"https:\/\/www.icy.nl\/de\/","name":"ICY","description":"Smartmotica solutions","publisher":{"@id":"https:\/\/www.icy.nl\/de\/#organization"},"potentialAction":[{"@type":"SearchAction","target":{"@type":"EntryPoint","urlTemplate":"https:\/\/www.icy.nl\/de\/?s={search_term_string}"},"query-input":{"@type":"PropertyValueSpecification","valueRequired":true,"valueName":"search_term_string"}}],"inLanguage":"de"},{"@type":"Organization","@id":"https:\/\/www.icy.nl\/de\/#organization","name":"I.C.Y. B.V.","url":"https:\/\/www.icy.nl\/de\/","logo":{"@type":"ImageObject","inLanguage":"de","@id":"https:\/\/www.icy.nl\/de\/#\/schema\/logo\/image\/","url":"https:\/\/www.icy.nl\/wp-content\/uploads\/2016\/11\/logo-icy.jpg","contentUrl":"https:\/\/www.icy.nl\/wp-content\/uploads\/2016\/11\/logo-icy.jpg","width":400,"height":101,"caption":"I.C.Y. B.V."},"image":{"@id":"https:\/\/www.icy.nl\/de\/#\/schema\/logo\/image\/"}}]}},"coauthors":[],"author_meta":{"author_link":"https:\/\/www.icy.nl\/de\/author\/daniel\/","display_name":"Daniel van de Kamp"},"relative_dates":{"created":"Posted 6\u00a0Jahren ago","modified":"Updated 1\u00a0Jahr ago"},"absolute_dates":{"created":"Posted on 20. April 2020","modified":"Updated on 25. Oktober 2024"},"absolute_dates_time":{"created":"Posted on 20. April 2020 8:17","modified":"Updated on 25. Oktober 2024 16:35"},"featured_img_caption":"","featured_img":"https:\/\/www.icy.nl\/wp-content\/uploads\/2020\/11\/featured-image-van-dee-naar-product.jpg","series_order":"","_links":{"self":[{"href":"https:\/\/www.icy.nl\/de\/wp-json\/wp\/v2\/pages\/31060","targetHints":{"allow":["GET"]}}],"collection":[{"href":"https:\/\/www.icy.nl\/de\/wp-json\/wp\/v2\/pages"}],"about":[{"href":"https:\/\/www.icy.nl\/de\/wp-json\/wp\/v2\/types\/page"}],"author":[{"embeddable":true,"href":"https:\/\/www.icy.nl\/de\/wp-json\/wp\/v2\/users\/2946"}],"replies":[{"embeddable":true,"href":"https:\/\/www.icy.nl\/de\/wp-json\/wp\/v2\/comments?post=31060"}],"version-history":[{"count":1,"href":"https:\/\/www.icy.nl\/de\/wp-json\/wp\/v2\/pages\/31060\/revisions"}],"predecessor-version":[{"id":56787,"href":"https:\/\/www.icy.nl\/de\/wp-json\/wp\/v2\/pages\/31060\/revisions\/56787"}],"wp:featuredmedia":[{"embeddable":true,"href":"https:\/\/www.icy.nl\/de\/wp-json\/wp\/v2\/media\/32475"}],"wp:attachment":[{"href":"https:\/\/www.icy.nl\/de\/wp-json\/wp\/v2\/media?parent=31060"}],"curies":[{"name":"wp","href":"https:\/\/api.w.org\/{rel}","templated":true}]}}