{"id":31078,"date":"2020-04-27T11:49:05","date_gmt":"2020-04-27T11:49:05","guid":{"rendered":"https:\/\/www.icy.nl\/drahtlos-stromzaehler-ablesen\/"},"modified":"2020-04-27T11:49:05","modified_gmt":"2020-04-27T11:49:05","slug":"drahtlos-stromzaehler-ablesen","status":"publish","type":"page","link":"https:\/\/www.icy.nl\/de\/drahtlos-stromzaehler-ablesen\/","title":{"rendered":"Drahtlos Stromz\u00e4hler ablesen"},"content":{"rendered":"<p><img loading=\"lazy\" decoding=\"async\" class=\"alignright size-half-page wp-image-331\" src=\"https:\/\/www.icy.nl\/wp-content\/uploads\/2016\/06\/EnergieMeterUitlezing-Overzicht2-550x205.jpg\" alt=\"Stromz\u00e4hlerablesen-\u00fcbersicht2\" width=\"550\" height=\"205\" srcset=\"https:\/\/www.icy.nl\/wp-content\/uploads\/2016\/06\/EnergieMeterUitlezing-Overzicht2-550x205.jpg 550w, https:\/\/www.icy.nl\/wp-content\/uploads\/2016\/06\/EnergieMeterUitlezing-Overzicht2-600x224.jpg 600w, https:\/\/www.icy.nl\/wp-content\/uploads\/2016\/06\/EnergieMeterUitlezing-Overzicht2-300x112.jpg 300w, https:\/\/www.icy.nl\/wp-content\/uploads\/2016\/06\/EnergieMeterUitlezing-Overzicht2.jpg 750w\" sizes=\"auto, (max-width: 550px) 100vw, 550px\" \/>Kostet es Sie immer sehr viel Zeit alle Stromz\u00e4hler Ihres Bungalowpark abzulesen? Oder sind Sie der Manager eines Apartmentkomplexes und f\u00fcr die Erfassung der Z\u00e4hlerst\u00e4nde verantwortlich? Dann bietet ICY die perfekte L\u00f6sung f\u00fcr Sie!<\/p>\n<p>Mit dem Energiez\u00e4hlersystem von ICY k\u00f6nnen Sie Z\u00e4hler mit einem S0-Kontakt ablesen und drahtlos an die speziell daf\u00fcr entwickelte Software senden: ICY Control Center.<br \/>\nSomit erhalten Sie mit einem Knopfdruck einen vollst\u00e4ndigen \u00dcberblick \u00fcber alle Z\u00e4hlerst\u00e4nde (auf Ihrem Bildschirm).<\/p>\n<p>Handelt es sich um H\u00e4user die nahe beieinander liegen, wird lokal ein drahtloses Netzwerk (ICY-Net) aufgebaut, sodass ein Ger\u00e4t (ICY-Net Bridge) die Z\u00e4hlerst\u00e4nde sofort an das ICY Control Center \u00fcbertragen kann. Selbst wenn &nbsp;die H\u00e4user nicht nahe beieinander liegen, k\u00f6nnen die Z\u00e4hlerst\u00e4nde gemeldet werden. In diesem Fall wird pro Standort eine ICY-Net Bridge installiert.<\/p>\n<div class=\"cat\"><a class=\"button aligncenter\" href=\"mailto:iseewhy@icy.nl?subject=Informatieaanvraag%20energiemeter%20uitlezen\">Bitte senden Sie mir Informationen zu diesem Produkt<\/a><\/div>\n<hr>\n<h1>ICY Control Center<\/h1>\n<p>Das ICY Control Center ist eine &#8222;webbasierte&#8220; Anwendung mit vielen weiteren M\u00f6glichkeiten, sowie <a href=\"https:\/\/www.icy.nl\/accommodatie-management\/\">Accommodatie Management <\/a>womit Sie&nbsp;zum Beispiel auf Abstand Thermostate &nbsp;bedienen k\u00f6nnen,Rauchmelder&nbsp; verkn\u00fcpfen und wasserdruckmeldungen&nbsp;empfangen k\u00f6nnen.<\/p>\n<hr>\n<h2>\u00c4hnliche Produkte<\/h2>\n<div class=\"woocommerce columns-4 \"><ul class=\"products columns-4\">\n<li class=\"entry has-post-thumbnail product type-product post-31230 status-publish first instock product_cat-housing-management-de product_cat-energiezahler-ablesen product_cat-facility-management-de product_cat-arbeitsagentur taxable shipping-taxable product-type-simple\">\n\t<a href=\"https:\/\/www.icy.nl\/de\/produkt\/smart-meter-reader\/\" class=\"woocommerce-LoopProduct-link woocommerce-loop-product__link\"><img loading=\"lazy\" decoding=\"async\" width=\"300\" height=\"300\" src=\"https:\/\/www.icy.nl\/wp-content\/uploads\/2016\/06\/4442IN-energiemeter-uitlezen-smart-meter-reader-1-300x300.jpg\" class=\"attachment-woocommerce_thumbnail size-woocommerce_thumbnail\" alt=\"Smart Meter Reader\" srcset=\"https:\/\/www.icy.nl\/wp-content\/uploads\/2016\/06\/4442IN-energiemeter-uitlezen-smart-meter-reader-1-300x300.jpg 300w, https:\/\/www.icy.nl\/wp-content\/uploads\/2016\/06\/4442IN-energiemeter-uitlezen-smart-meter-reader-1-150x150.jpg 150w, https:\/\/www.icy.nl\/wp-content\/uploads\/2016\/06\/4442IN-energiemeter-uitlezen-smart-meter-reader-1-768x768.jpg 768w, https:\/\/www.icy.nl\/wp-content\/uploads\/2016\/06\/4442IN-energiemeter-uitlezen-smart-meter-reader-1-600x600.jpg 600w, https:\/\/www.icy.nl\/wp-content\/uploads\/2016\/06\/4442IN-energiemeter-uitlezen-smart-meter-reader-1-100x100.jpg 100w, https:\/\/www.icy.nl\/wp-content\/uploads\/2016\/06\/4442IN-energiemeter-uitlezen-smart-meter-reader-1-366x366.jpg 366w, https:\/\/www.icy.nl\/wp-content\/uploads\/2016\/06\/4442IN-energiemeter-uitlezen-smart-meter-reader-1.jpg 800w\" sizes=\"auto, (max-width: 300px) 100vw, 300px\" \/><h2 class=\"woocommerce-loop-product__title\">Smart Meter Reader<\/h2>\n<\/a><a href=\"https:\/\/www.icy.nl\/de\/produkt\/smart-meter-reader\/\" aria-describedby=\"woocommerce_loop_add_to_cart_link_describedby_31230\" data-quantity=\"1\" class=\"button product_type_simple\" data-product_id=\"31230\" data-product_sku=\"\" aria-label=\"Lese mehr \u00fcber &#8222;Smart Meter Reader&#8220;\" rel=\"nofollow\" data-success_message=\"\">Weiterlesen<\/a>\t<span id=\"woocommerce_loop_add_to_cart_link_describedby_31230\" class=\"screen-reader-text\">\n\t\t\t<\/span>\n<\/li>\n<\/ul>\n<\/div>\n","protected":false},"excerpt":{"rendered":"<p>Kostet es Sie immer sehr viel Zeit alle Stromz\u00e4hler Ihres Bungalowpark abzulesen? Oder sind Sie der Manager eines Apartmentkomplexes und f\u00fcr die Erfassung der Z\u00e4hlerst\u00e4nde verantwortlich? Dann bietet ICY die perfekte L\u00f6sung f\u00fcr Sie! Mit dem Energiez\u00e4hlersystem von ICY k\u00f6nnen Sie Z\u00e4hler mit einem S0-Kontakt ablesen und drahtlos an die speziell daf\u00fcr entwickelte Software senden: [&hellip;]<\/p>\n","protected":false},"author":2946,"featured_media":31081,"parent":0,"menu_order":0,"comment_status":"closed","ping_status":"closed","template":"","meta":{"advgb_blocks_editor_width":"","advgb_blocks_columns_visual_guide":"","_genesis_hide_title":false,"_genesis_hide_breadcrumbs":false,"_genesis_hide_singular_image":false,"_genesis_hide_footer_widgets":false,"_genesis_custom_body_class":"","_genesis_custom_post_class":"","_genesis_layout":"","footnotes":""},"class_list":{"0":"post-31078","1":"page","2":"type-page","3":"status-publish","4":"has-post-thumbnail","6":"entry"},"yoast_head":"<!-- This site is optimized with the Yoast SEO plugin v27.4 - https:\/\/yoast.com\/product\/yoast-seo-wordpress\/ -->\n<title>Drahtlos Stromz\u00e4hler ablesen - ICY<\/title>\n<meta name=\"robots\" content=\"index, follow, max-snippet:-1, max-image-preview:large, max-video-preview:-1\" \/>\n<link rel=\"canonical\" href=\"https:\/\/www.icy.nl\/de\/drahtlos-stromzaehler-ablesen\/\" \/>\n<meta property=\"og:locale\" content=\"de_DE\" \/>\n<meta property=\"og:type\" content=\"article\" \/>\n<meta property=\"og:title\" content=\"Drahtlos Stromz\u00e4hler ablesen - ICY\" \/>\n<meta property=\"og:description\" content=\"Kostet es Sie immer sehr viel Zeit alle Stromz\u00e4hler Ihres Bungalowpark abzulesen? Oder sind Sie der Manager eines Apartmentkomplexes und f\u00fcr die Erfassung der Z\u00e4hlerst\u00e4nde verantwortlich? Dann bietet ICY die perfekte L\u00f6sung f\u00fcr Sie! Mit dem Energiez\u00e4hlersystem von ICY k\u00f6nnen Sie Z\u00e4hler mit einem S0-Kontakt ablesen und drahtlos an die speziell daf\u00fcr entwickelte Software senden: [&hellip;]\" \/>\n<meta property=\"og:url\" content=\"https:\/\/www.icy.nl\/de\/drahtlos-stromzaehler-ablesen\/\" \/>\n<meta property=\"og:site_name\" content=\"ICY\" \/>\n<meta property=\"og:image\" content=\"https:\/\/www.icy.nl\/wp-content\/uploads\/2018\/03\/featured-image-draadloos-meterstanden-uitlezen.jpg\" \/>\n\t<meta property=\"og:image:width\" content=\"1200\" \/>\n\t<meta property=\"og:image:height\" content=\"300\" \/>\n\t<meta property=\"og:image:type\" content=\"image\/jpeg\" \/>\n<meta name=\"twitter:card\" content=\"summary_large_image\" \/>\n<meta name=\"twitter:label1\" content=\"Gesch\u00e4tzte Lesezeit\" \/>\n\t<meta name=\"twitter:data1\" content=\"1\u00a0Minute\" \/>\n<script type=\"application\/ld+json\" class=\"yoast-schema-graph\">{\"@context\":\"https:\\\/\\\/schema.org\",\"@graph\":[{\"@type\":\"WebPage\",\"@id\":\"https:\\\/\\\/www.icy.nl\\\/de\\\/drahtlos-stromzaehler-ablesen\\\/\",\"url\":\"https:\\\/\\\/www.icy.nl\\\/de\\\/drahtlos-stromzaehler-ablesen\\\/\",\"name\":\"Drahtlos Stromz\u00e4hler ablesen - ICY\",\"isPartOf\":{\"@id\":\"https:\\\/\\\/www.icy.nl\\\/de\\\/#website\"},\"primaryImageOfPage\":{\"@id\":\"https:\\\/\\\/www.icy.nl\\\/de\\\/drahtlos-stromzaehler-ablesen\\\/#primaryimage\"},\"image\":{\"@id\":\"https:\\\/\\\/www.icy.nl\\\/de\\\/drahtlos-stromzaehler-ablesen\\\/#primaryimage\"},\"thumbnailUrl\":\"https:\\\/\\\/www.icy.nl\\\/wp-content\\\/uploads\\\/2018\\\/03\\\/featured-image-draadloos-meterstanden-uitlezen.jpg\",\"datePublished\":\"2020-04-27T11:49:05+00:00\",\"breadcrumb\":{\"@id\":\"https:\\\/\\\/www.icy.nl\\\/de\\\/drahtlos-stromzaehler-ablesen\\\/#breadcrumb\"},\"inLanguage\":\"de\",\"potentialAction\":[{\"@type\":\"ReadAction\",\"target\":[\"https:\\\/\\\/www.icy.nl\\\/de\\\/drahtlos-stromzaehler-ablesen\\\/\"]}]},{\"@type\":\"ImageObject\",\"inLanguage\":\"de\",\"@id\":\"https:\\\/\\\/www.icy.nl\\\/de\\\/drahtlos-stromzaehler-ablesen\\\/#primaryimage\",\"url\":\"https:\\\/\\\/www.icy.nl\\\/wp-content\\\/uploads\\\/2018\\\/03\\\/featured-image-draadloos-meterstanden-uitlezen.jpg\",\"contentUrl\":\"https:\\\/\\\/www.icy.nl\\\/wp-content\\\/uploads\\\/2018\\\/03\\\/featured-image-draadloos-meterstanden-uitlezen.jpg\",\"width\":1200,\"height\":300},{\"@type\":\"BreadcrumbList\",\"@id\":\"https:\\\/\\\/www.icy.nl\\\/de\\\/drahtlos-stromzaehler-ablesen\\\/#breadcrumb\",\"itemListElement\":[{\"@type\":\"ListItem\",\"position\":1,\"name\":\"Home\",\"item\":\"https:\\\/\\\/www.icy.nl\\\/de\\\/\"},{\"@type\":\"ListItem\",\"position\":2,\"name\":\"Drahtlos Stromz\u00e4hler ablesen\"}]},{\"@type\":\"WebSite\",\"@id\":\"https:\\\/\\\/www.icy.nl\\\/de\\\/#website\",\"url\":\"https:\\\/\\\/www.icy.nl\\\/de\\\/\",\"name\":\"ICY\",\"description\":\"Smartmotica solutions\",\"publisher\":{\"@id\":\"https:\\\/\\\/www.icy.nl\\\/de\\\/#organization\"},\"potentialAction\":[{\"@type\":\"SearchAction\",\"target\":{\"@type\":\"EntryPoint\",\"urlTemplate\":\"https:\\\/\\\/www.icy.nl\\\/de\\\/?s={search_term_string}\"},\"query-input\":{\"@type\":\"PropertyValueSpecification\",\"valueRequired\":true,\"valueName\":\"search_term_string\"}}],\"inLanguage\":\"de\"},{\"@type\":\"Organization\",\"@id\":\"https:\\\/\\\/www.icy.nl\\\/de\\\/#organization\",\"name\":\"I.C.Y. B.V.\",\"url\":\"https:\\\/\\\/www.icy.nl\\\/de\\\/\",\"logo\":{\"@type\":\"ImageObject\",\"inLanguage\":\"de\",\"@id\":\"https:\\\/\\\/www.icy.nl\\\/de\\\/#\\\/schema\\\/logo\\\/image\\\/\",\"url\":\"https:\\\/\\\/www.icy.nl\\\/wp-content\\\/uploads\\\/2016\\\/11\\\/logo-icy.jpg\",\"contentUrl\":\"https:\\\/\\\/www.icy.nl\\\/wp-content\\\/uploads\\\/2016\\\/11\\\/logo-icy.jpg\",\"width\":400,\"height\":101,\"caption\":\"I.C.Y. B.V.\"},\"image\":{\"@id\":\"https:\\\/\\\/www.icy.nl\\\/de\\\/#\\\/schema\\\/logo\\\/image\\\/\"}}]}<\/script>\n<!-- \/ Yoast SEO plugin. -->","yoast_head_json":{"title":"Drahtlos Stromz\u00e4hler ablesen - ICY","robots":{"index":"index","follow":"follow","max-snippet":"max-snippet:-1","max-image-preview":"max-image-preview:large","max-video-preview":"max-video-preview:-1"},"canonical":"https:\/\/www.icy.nl\/de\/drahtlos-stromzaehler-ablesen\/","og_locale":"de_DE","og_type":"article","og_title":"Drahtlos Stromz\u00e4hler ablesen - ICY","og_description":"Kostet es Sie immer sehr viel Zeit alle Stromz\u00e4hler Ihres Bungalowpark abzulesen? Oder sind Sie der Manager eines Apartmentkomplexes und f\u00fcr die Erfassung der Z\u00e4hlerst\u00e4nde verantwortlich? Dann bietet ICY die perfekte L\u00f6sung f\u00fcr Sie! Mit dem Energiez\u00e4hlersystem von ICY k\u00f6nnen Sie Z\u00e4hler mit einem S0-Kontakt ablesen und drahtlos an die speziell daf\u00fcr entwickelte Software senden: [&hellip;]","og_url":"https:\/\/www.icy.nl\/de\/drahtlos-stromzaehler-ablesen\/","og_site_name":"ICY","og_image":[{"width":1200,"height":300,"url":"https:\/\/www.icy.nl\/wp-content\/uploads\/2018\/03\/featured-image-draadloos-meterstanden-uitlezen.jpg","type":"image\/jpeg"}],"twitter_card":"summary_large_image","twitter_misc":{"Gesch\u00e4tzte Lesezeit":"1\u00a0Minute"},"schema":{"@context":"https:\/\/schema.org","@graph":[{"@type":"WebPage","@id":"https:\/\/www.icy.nl\/de\/drahtlos-stromzaehler-ablesen\/","url":"https:\/\/www.icy.nl\/de\/drahtlos-stromzaehler-ablesen\/","name":"Drahtlos Stromz\u00e4hler ablesen - ICY","isPartOf":{"@id":"https:\/\/www.icy.nl\/de\/#website"},"primaryImageOfPage":{"@id":"https:\/\/www.icy.nl\/de\/drahtlos-stromzaehler-ablesen\/#primaryimage"},"image":{"@id":"https:\/\/www.icy.nl\/de\/drahtlos-stromzaehler-ablesen\/#primaryimage"},"thumbnailUrl":"https:\/\/www.icy.nl\/wp-content\/uploads\/2018\/03\/featured-image-draadloos-meterstanden-uitlezen.jpg","datePublished":"2020-04-27T11:49:05+00:00","breadcrumb":{"@id":"https:\/\/www.icy.nl\/de\/drahtlos-stromzaehler-ablesen\/#breadcrumb"},"inLanguage":"de","potentialAction":[{"@type":"ReadAction","target":["https:\/\/www.icy.nl\/de\/drahtlos-stromzaehler-ablesen\/"]}]},{"@type":"ImageObject","inLanguage":"de","@id":"https:\/\/www.icy.nl\/de\/drahtlos-stromzaehler-ablesen\/#primaryimage","url":"https:\/\/www.icy.nl\/wp-content\/uploads\/2018\/03\/featured-image-draadloos-meterstanden-uitlezen.jpg","contentUrl":"https:\/\/www.icy.nl\/wp-content\/uploads\/2018\/03\/featured-image-draadloos-meterstanden-uitlezen.jpg","width":1200,"height":300},{"@type":"BreadcrumbList","@id":"https:\/\/www.icy.nl\/de\/drahtlos-stromzaehler-ablesen\/#breadcrumb","itemListElement":[{"@type":"ListItem","position":1,"name":"Home","item":"https:\/\/www.icy.nl\/de\/"},{"@type":"ListItem","position":2,"name":"Drahtlos Stromz\u00e4hler ablesen"}]},{"@type":"WebSite","@id":"https:\/\/www.icy.nl\/de\/#website","url":"https:\/\/www.icy.nl\/de\/","name":"ICY","description":"Smartmotica solutions","publisher":{"@id":"https:\/\/www.icy.nl\/de\/#organization"},"potentialAction":[{"@type":"SearchAction","target":{"@type":"EntryPoint","urlTemplate":"https:\/\/www.icy.nl\/de\/?s={search_term_string}"},"query-input":{"@type":"PropertyValueSpecification","valueRequired":true,"valueName":"search_term_string"}}],"inLanguage":"de"},{"@type":"Organization","@id":"https:\/\/www.icy.nl\/de\/#organization","name":"I.C.Y. B.V.","url":"https:\/\/www.icy.nl\/de\/","logo":{"@type":"ImageObject","inLanguage":"de","@id":"https:\/\/www.icy.nl\/de\/#\/schema\/logo\/image\/","url":"https:\/\/www.icy.nl\/wp-content\/uploads\/2016\/11\/logo-icy.jpg","contentUrl":"https:\/\/www.icy.nl\/wp-content\/uploads\/2016\/11\/logo-icy.jpg","width":400,"height":101,"caption":"I.C.Y. B.V."},"image":{"@id":"https:\/\/www.icy.nl\/de\/#\/schema\/logo\/image\/"}}]}},"coauthors":[],"author_meta":{"author_link":"https:\/\/www.icy.nl\/de\/author\/daniel\/","display_name":"Daniel van de Kamp"},"relative_dates":{"created":"Posted 6\u00a0Jahren ago","modified":"Updated 6\u00a0Jahren ago"},"absolute_dates":{"created":"Posted on 27. April 2020","modified":"Updated on 27. April 2020"},"absolute_dates_time":{"created":"Posted on 27. April 2020 11:49","modified":"Updated on 27. April 2020 11:49"},"featured_img_caption":"","featured_img":"https:\/\/www.icy.nl\/wp-content\/uploads\/2018\/03\/featured-image-draadloos-meterstanden-uitlezen.jpg","series_order":"","_links":{"self":[{"href":"https:\/\/www.icy.nl\/de\/wp-json\/wp\/v2\/pages\/31078","targetHints":{"allow":["GET"]}}],"collection":[{"href":"https:\/\/www.icy.nl\/de\/wp-json\/wp\/v2\/pages"}],"about":[{"href":"https:\/\/www.icy.nl\/de\/wp-json\/wp\/v2\/types\/page"}],"author":[{"embeddable":true,"href":"https:\/\/www.icy.nl\/de\/wp-json\/wp\/v2\/users\/2946"}],"replies":[{"embeddable":true,"href":"https:\/\/www.icy.nl\/de\/wp-json\/wp\/v2\/comments?post=31078"}],"version-history":[{"count":0,"href":"https:\/\/www.icy.nl\/de\/wp-json\/wp\/v2\/pages\/31078\/revisions"}],"wp:featuredmedia":[{"embeddable":true,"href":"https:\/\/www.icy.nl\/de\/wp-json\/wp\/v2\/media\/31081"}],"wp:attachment":[{"href":"https:\/\/www.icy.nl\/de\/wp-json\/wp\/v2\/media?parent=31078"}],"curies":[{"name":"wp","href":"https:\/\/api.w.org\/{rel}","templated":true}]}}