{"id":45310,"date":"2022-07-19T09:34:37","date_gmt":"2022-07-19T09:34:37","guid":{"rendered":"https:\/\/www.icy.nl\/?page_id=45310"},"modified":"2024-10-10T14:00:40","modified_gmt":"2024-10-10T12:00:40","slug":"ruecksendeformular","status":"publish","type":"page","link":"https:\/\/www.icy.nl\/de\/ruecksendeformular\/","title":{"rendered":"R\u00fccksendeformular"},"content":{"rendered":"\n<p>Haben Sie ein defektes Produkt, das Sie zur\u00fccksenden m\u00f6chten? Dann legen Sie das unten stehende Formular Ihrer Sendung bei. Dieses Formular k\u00f6nnen Sie digital ausf\u00fcllen und anschlie\u00dfend ausdrucken.<\/p>\n\n\n\n<div class=\"wp-block-file\"><a id=\"wp-block-file--media-559c799e-d2ed-4904-81de-341d2d473254\" href=\"https:\/\/www.icy.nl\/wp-content\/uploads\/2024\/10\/Rucksendeformular-1.pdf\">Rucksendeformular<\/a><a href=\"https:\/\/www.icy.nl\/wp-content\/uploads\/2024\/10\/Rucksendeformular-1.pdf\" class=\"wp-block-file__button wp-element-button\" download aria-describedby=\"wp-block-file--media-559c799e-d2ed-4904-81de-341d2d473254\">Download<\/a><\/div>\n","protected":false},"excerpt":{"rendered":"<p>Haben Sie ein defektes Produkt, das Sie zur\u00fccksenden m\u00f6chten? Dann legen Sie das unten stehende Formular Ihrer Sendung bei. Dieses Formular k\u00f6nnen Sie digital ausf\u00fcllen und anschlie\u00dfend ausdrucken.<\/p>\n","protected":false},"author":2946,"featured_media":0,"parent":0,"menu_order":0,"comment_status":"closed","ping_status":"closed","template":"","meta":{"advgb_blocks_editor_width":"","advgb_blocks_columns_visual_guide":"","_genesis_hide_title":false,"_genesis_hide_breadcrumbs":false,"_genesis_hide_singular_image":false,"_genesis_hide_footer_widgets":false,"_genesis_custom_body_class":"","_genesis_custom_post_class":"","_genesis_layout":"","footnotes":""},"class_list":{"0":"post-45310","1":"page","2":"type-page","3":"status-publish","5":"entry","6":"has-post-thumbnail"},"yoast_head":"<!-- This site is optimized with the Yoast SEO plugin v27.4 - https:\/\/yoast.com\/product\/yoast-seo-wordpress\/ -->\n<title>R\u00fccksendeformular - ICY<\/title>\n<meta name=\"robots\" content=\"index, follow, max-snippet:-1, max-image-preview:large, max-video-preview:-1\" \/>\n<link rel=\"canonical\" href=\"https:\/\/www.icy.nl\/de\/ruecksendeformular\/\" \/>\n<meta property=\"og:locale\" content=\"de_DE\" \/>\n<meta property=\"og:type\" content=\"article\" \/>\n<meta property=\"og:title\" content=\"R\u00fccksendeformular - ICY\" \/>\n<meta property=\"og:description\" content=\"Haben Sie ein defektes Produkt, das Sie zur\u00fccksenden m\u00f6chten? Dann legen Sie das unten stehende Formular Ihrer Sendung bei. Dieses Formular k\u00f6nnen Sie digital ausf\u00fcllen und anschlie\u00dfend ausdrucken.\" \/>\n<meta property=\"og:url\" content=\"https:\/\/www.icy.nl\/de\/ruecksendeformular\/\" \/>\n<meta property=\"og:site_name\" content=\"ICY\" \/>\n<meta property=\"article:modified_time\" content=\"2024-10-10T12:00:40+00:00\" \/>\n<meta name=\"twitter:card\" content=\"summary_large_image\" \/>\n<meta name=\"twitter:label1\" content=\"Gesch\u00e4tzte Lesezeit\" \/>\n\t<meta name=\"twitter:data1\" content=\"1\u00a0Minute\" \/>\n<script type=\"application\/ld+json\" class=\"yoast-schema-graph\">{\"@context\":\"https:\\\/\\\/schema.org\",\"@graph\":[{\"@type\":\"WebPage\",\"@id\":\"https:\\\/\\\/www.icy.nl\\\/de\\\/ruecksendeformular\\\/\",\"url\":\"https:\\\/\\\/www.icy.nl\\\/de\\\/ruecksendeformular\\\/\",\"name\":\"R\u00fccksendeformular - ICY\",\"isPartOf\":{\"@id\":\"https:\\\/\\\/www.icy.nl\\\/de\\\/#website\"},\"datePublished\":\"2022-07-19T09:34:37+00:00\",\"dateModified\":\"2024-10-10T12:00:40+00:00\",\"breadcrumb\":{\"@id\":\"https:\\\/\\\/www.icy.nl\\\/de\\\/ruecksendeformular\\\/#breadcrumb\"},\"inLanguage\":\"de\",\"potentialAction\":[{\"@type\":\"ReadAction\",\"target\":[\"https:\\\/\\\/www.icy.nl\\\/de\\\/ruecksendeformular\\\/\"]}]},{\"@type\":\"BreadcrumbList\",\"@id\":\"https:\\\/\\\/www.icy.nl\\\/de\\\/ruecksendeformular\\\/#breadcrumb\",\"itemListElement\":[{\"@type\":\"ListItem\",\"position\":1,\"name\":\"Home\",\"item\":\"https:\\\/\\\/www.icy.nl\\\/de\\\/\"},{\"@type\":\"ListItem\",\"position\":2,\"name\":\"R\u00fccksendeformular\"}]},{\"@type\":\"WebSite\",\"@id\":\"https:\\\/\\\/www.icy.nl\\\/de\\\/#website\",\"url\":\"https:\\\/\\\/www.icy.nl\\\/de\\\/\",\"name\":\"ICY\",\"description\":\"Smartmotica solutions\",\"publisher\":{\"@id\":\"https:\\\/\\\/www.icy.nl\\\/de\\\/#organization\"},\"potentialAction\":[{\"@type\":\"SearchAction\",\"target\":{\"@type\":\"EntryPoint\",\"urlTemplate\":\"https:\\\/\\\/www.icy.nl\\\/de\\\/?s={search_term_string}\"},\"query-input\":{\"@type\":\"PropertyValueSpecification\",\"valueRequired\":true,\"valueName\":\"search_term_string\"}}],\"inLanguage\":\"de\"},{\"@type\":\"Organization\",\"@id\":\"https:\\\/\\\/www.icy.nl\\\/de\\\/#organization\",\"name\":\"I.C.Y. B.V.\",\"url\":\"https:\\\/\\\/www.icy.nl\\\/de\\\/\",\"logo\":{\"@type\":\"ImageObject\",\"inLanguage\":\"de\",\"@id\":\"https:\\\/\\\/www.icy.nl\\\/de\\\/#\\\/schema\\\/logo\\\/image\\\/\",\"url\":\"https:\\\/\\\/www.icy.nl\\\/wp-content\\\/uploads\\\/2016\\\/11\\\/logo-icy.jpg\",\"contentUrl\":\"https:\\\/\\\/www.icy.nl\\\/wp-content\\\/uploads\\\/2016\\\/11\\\/logo-icy.jpg\",\"width\":400,\"height\":101,\"caption\":\"I.C.Y. B.V.\"},\"image\":{\"@id\":\"https:\\\/\\\/www.icy.nl\\\/de\\\/#\\\/schema\\\/logo\\\/image\\\/\"}}]}<\/script>\n<!-- \/ Yoast SEO plugin. -->","yoast_head_json":{"title":"R\u00fccksendeformular - ICY","robots":{"index":"index","follow":"follow","max-snippet":"max-snippet:-1","max-image-preview":"max-image-preview:large","max-video-preview":"max-video-preview:-1"},"canonical":"https:\/\/www.icy.nl\/de\/ruecksendeformular\/","og_locale":"de_DE","og_type":"article","og_title":"R\u00fccksendeformular - ICY","og_description":"Haben Sie ein defektes Produkt, das Sie zur\u00fccksenden m\u00f6chten? Dann legen Sie das unten stehende Formular Ihrer Sendung bei. Dieses Formular k\u00f6nnen Sie digital ausf\u00fcllen und anschlie\u00dfend ausdrucken.","og_url":"https:\/\/www.icy.nl\/de\/ruecksendeformular\/","og_site_name":"ICY","article_modified_time":"2024-10-10T12:00:40+00:00","twitter_card":"summary_large_image","twitter_misc":{"Gesch\u00e4tzte Lesezeit":"1\u00a0Minute"},"schema":{"@context":"https:\/\/schema.org","@graph":[{"@type":"WebPage","@id":"https:\/\/www.icy.nl\/de\/ruecksendeformular\/","url":"https:\/\/www.icy.nl\/de\/ruecksendeformular\/","name":"R\u00fccksendeformular - ICY","isPartOf":{"@id":"https:\/\/www.icy.nl\/de\/#website"},"datePublished":"2022-07-19T09:34:37+00:00","dateModified":"2024-10-10T12:00:40+00:00","breadcrumb":{"@id":"https:\/\/www.icy.nl\/de\/ruecksendeformular\/#breadcrumb"},"inLanguage":"de","potentialAction":[{"@type":"ReadAction","target":["https:\/\/www.icy.nl\/de\/ruecksendeformular\/"]}]},{"@type":"BreadcrumbList","@id":"https:\/\/www.icy.nl\/de\/ruecksendeformular\/#breadcrumb","itemListElement":[{"@type":"ListItem","position":1,"name":"Home","item":"https:\/\/www.icy.nl\/de\/"},{"@type":"ListItem","position":2,"name":"R\u00fccksendeformular"}]},{"@type":"WebSite","@id":"https:\/\/www.icy.nl\/de\/#website","url":"https:\/\/www.icy.nl\/de\/","name":"ICY","description":"Smartmotica solutions","publisher":{"@id":"https:\/\/www.icy.nl\/de\/#organization"},"potentialAction":[{"@type":"SearchAction","target":{"@type":"EntryPoint","urlTemplate":"https:\/\/www.icy.nl\/de\/?s={search_term_string}"},"query-input":{"@type":"PropertyValueSpecification","valueRequired":true,"valueName":"search_term_string"}}],"inLanguage":"de"},{"@type":"Organization","@id":"https:\/\/www.icy.nl\/de\/#organization","name":"I.C.Y. B.V.","url":"https:\/\/www.icy.nl\/de\/","logo":{"@type":"ImageObject","inLanguage":"de","@id":"https:\/\/www.icy.nl\/de\/#\/schema\/logo\/image\/","url":"https:\/\/www.icy.nl\/wp-content\/uploads\/2016\/11\/logo-icy.jpg","contentUrl":"https:\/\/www.icy.nl\/wp-content\/uploads\/2016\/11\/logo-icy.jpg","width":400,"height":101,"caption":"I.C.Y. B.V."},"image":{"@id":"https:\/\/www.icy.nl\/de\/#\/schema\/logo\/image\/"}}]}},"coauthors":[],"author_meta":{"author_link":"https:\/\/www.icy.nl\/de\/author\/daniel\/","display_name":"Daniel van de Kamp"},"relative_dates":{"created":"Posted 4\u00a0Jahren ago","modified":"Updated 2\u00a0Jahren ago"},"absolute_dates":{"created":"Posted on 19. Juli 2022","modified":"Updated on 10. Oktober 2024"},"absolute_dates_time":{"created":"Posted on 19. Juli 2022 9:34","modified":"Updated on 10. Oktober 2024 14:00"},"featured_img_caption":"","featured_img":false,"series_order":"","_links":{"self":[{"href":"https:\/\/www.icy.nl\/de\/wp-json\/wp\/v2\/pages\/45310","targetHints":{"allow":["GET"]}}],"collection":[{"href":"https:\/\/www.icy.nl\/de\/wp-json\/wp\/v2\/pages"}],"about":[{"href":"https:\/\/www.icy.nl\/de\/wp-json\/wp\/v2\/types\/page"}],"author":[{"embeddable":true,"href":"https:\/\/www.icy.nl\/de\/wp-json\/wp\/v2\/users\/2946"}],"replies":[{"embeddable":true,"href":"https:\/\/www.icy.nl\/de\/wp-json\/wp\/v2\/comments?post=45310"}],"version-history":[{"count":3,"href":"https:\/\/www.icy.nl\/de\/wp-json\/wp\/v2\/pages\/45310\/revisions"}],"predecessor-version":[{"id":56612,"href":"https:\/\/www.icy.nl\/de\/wp-json\/wp\/v2\/pages\/45310\/revisions\/56612"}],"wp:attachment":[{"href":"https:\/\/www.icy.nl\/de\/wp-json\/wp\/v2\/media?parent=45310"}],"curies":[{"name":"wp","href":"https:\/\/api.w.org\/{rel}","templated":true}]}}