{"id":56765,"date":"2024-10-25T15:59:49","date_gmt":"2024-10-25T13:59:49","guid":{"rendered":"https:\/\/www.icy.nl\/ueberschreiten-sie-mit-icy-peak-management-nie-wieder-die-obergrenze-fuer-feste-gebuehren\/"},"modified":"2024-10-25T15:59:49","modified_gmt":"2024-10-25T13:59:49","slug":"ueberschreiten-sie-mit-icy-peak-management-nie-wieder-die-obergrenze-fuer-feste-gebuehren","status":"publish","type":"page","link":"https:\/\/www.icy.nl\/de\/ueberschreiten-sie-mit-icy-peak-management-nie-wieder-die-obergrenze-fuer-feste-gebuehren\/","title":{"rendered":"\u00dcberschreiten Sie mit ICY Peak Management nie wieder die Obergrenze f\u00fcr feste Geb\u00fchren"},"content":{"rendered":"\n<p>Jeder Betreiber eines Ferienparks oder Campingplatzes vereinbart mit seinem Energieversorger eine Obergrenze f\u00fcr die Dauergeb\u00fchren. Wird diese Obergrenze \u00fcberschritten, wird eine erhebliche Strafe f\u00e4llig. Um zu verhindern, dass diese Obergrenze \u00fcberschritten wird, haben wir ICY Peak Management entwickelt.  <\/p>\n\n<p><br\/>Dabei handelt es sich um ein Modul in den Fernverwaltungssystemen <a href=\"https:\/\/www.icy.nl\/de\/drahtlose-verwaltung-von-unterkuenfte-auf-ferienparks\/\">ICY Accommodation Management<\/a>, <a href=\"https:\/\/www.icy.nl\/de\/icy-marina-management-drahtlose-stromverwaltung-auf-yachthaefen\/\">ICY Marina Management<\/a> und <a href=\"https:\/\/www.icy.nl\/de\/icy-campsite-management-drahtlose-stromverwaltung-auf-campingplaetzen\/\">ICY Campsite Management<\/a>.<br\/>Diese Systeme \u00fcberwachen den aktuellen Verbrauch des Parks oder Campingplatzes. Sobald festgestellt wird, dass die Obergrenze \u00fcberschritten werden k\u00f6nnte, wird eine Alarmphase mit entsprechenden Ma\u00dfnahmen zur sofortigen Reduzierung des Energieverbrauchs ausgel\u00f6st.<br\/><br\/> <\/p>\n\n<p>M\u00f6chten Sie diese Sicherheit auch f\u00fcr Ihren Ferienpark, Yachthafen oder Campingplatz? Dann kontaktieren Sie uns. <\/p>\n\n<p><a href=\"http:\/\/www.icy.nl\/de\/contact\">www.icy.nl\/contact<\/a><\/p>\n","protected":false},"excerpt":{"rendered":"<p>Jeder Betreiber eines Ferienparks oder Campingplatzes vereinbart mit seinem Energieversorger eine Obergrenze f\u00fcr die Dauergeb\u00fchren. Wird diese Obergrenze \u00fcberschritten, wird eine erhebliche Strafe f\u00e4llig. Um zu verhindern, dass diese Obergrenze \u00fcberschritten wird, haben wir ICY Peak Management entwickelt. Dabei handelt es sich um ein Modul in den Fernverwaltungssystemen ICY Accommodation Management, ICY Marina Management und [&hellip;]<\/p>\n","protected":false},"author":2946,"featured_media":56759,"parent":0,"menu_order":0,"comment_status":"closed","ping_status":"closed","template":"","meta":{"advgb_blocks_editor_width":"","advgb_blocks_columns_visual_guide":"","_genesis_hide_title":false,"_genesis_hide_breadcrumbs":false,"_genesis_hide_singular_image":false,"_genesis_hide_footer_widgets":false,"_genesis_custom_body_class":"","_genesis_custom_post_class":"","_genesis_layout":"","footnotes":""},"class_list":{"0":"post-56765","1":"page","2":"type-page","3":"status-publish","4":"has-post-thumbnail","6":"entry"},"yoast_head":"<!-- This site is optimized with the Yoast SEO plugin v27.5 - https:\/\/yoast.com\/product\/yoast-seo-wordpress\/ -->\n<title>\u00dcberschreiten Sie mit ICY Peak Management nie wieder die Obergrenze f\u00fcr feste Geb\u00fchren - ICY<\/title>\n<meta name=\"robots\" content=\"index, follow, max-snippet:-1, max-image-preview:large, max-video-preview:-1\" \/>\n<link rel=\"canonical\" href=\"https:\/\/www.icy.nl\/de\/ueberschreiten-sie-mit-icy-peak-management-nie-wieder-die-obergrenze-fuer-feste-gebuehren\/\" \/>\n<meta property=\"og:locale\" content=\"de_DE\" \/>\n<meta property=\"og:type\" content=\"article\" \/>\n<meta property=\"og:title\" content=\"\u00dcberschreiten Sie mit ICY Peak Management nie wieder die Obergrenze f\u00fcr feste Geb\u00fchren - ICY\" \/>\n<meta property=\"og:description\" content=\"Jeder Betreiber eines Ferienparks oder Campingplatzes vereinbart mit seinem Energieversorger eine Obergrenze f\u00fcr die Dauergeb\u00fchren. Wird diese Obergrenze \u00fcberschritten, wird eine erhebliche Strafe f\u00e4llig. Um zu verhindern, dass diese Obergrenze \u00fcberschritten wird, haben wir ICY Peak Management entwickelt. Dabei handelt es sich um ein Modul in den Fernverwaltungssystemen ICY Accommodation Management, ICY Marina Management und [&hellip;]\" \/>\n<meta property=\"og:url\" content=\"https:\/\/www.icy.nl\/de\/ueberschreiten-sie-mit-icy-peak-management-nie-wieder-die-obergrenze-fuer-feste-gebuehren\/\" \/>\n<meta property=\"og:site_name\" content=\"ICY\" \/>\n<meta property=\"og:image\" content=\"https:\/\/www.icy.nl\/wp-content\/uploads\/2024\/10\/peak-shaving-1.jpg\" \/>\n\t<meta property=\"og:image:width\" content=\"1158\" \/>\n\t<meta property=\"og:image:height\" content=\"337\" \/>\n\t<meta property=\"og:image:type\" content=\"image\/jpeg\" \/>\n<meta name=\"twitter:card\" content=\"summary_large_image\" \/>\n<meta name=\"twitter:label1\" content=\"Gesch\u00e4tzte Lesezeit\" \/>\n\t<meta name=\"twitter:data1\" content=\"1\u00a0Minute\" \/>\n<script type=\"application\/ld+json\" class=\"yoast-schema-graph\">{\"@context\":\"https:\\\/\\\/schema.org\",\"@graph\":[{\"@type\":\"WebPage\",\"@id\":\"https:\\\/\\\/www.icy.nl\\\/de\\\/ueberschreiten-sie-mit-icy-peak-management-nie-wieder-die-obergrenze-fuer-feste-gebuehren\\\/\",\"url\":\"https:\\\/\\\/www.icy.nl\\\/de\\\/ueberschreiten-sie-mit-icy-peak-management-nie-wieder-die-obergrenze-fuer-feste-gebuehren\\\/\",\"name\":\"\u00dcberschreiten Sie mit ICY Peak Management nie wieder die Obergrenze f\u00fcr feste Geb\u00fchren - ICY\",\"isPartOf\":{\"@id\":\"https:\\\/\\\/www.icy.nl\\\/de\\\/#website\"},\"primaryImageOfPage\":{\"@id\":\"https:\\\/\\\/www.icy.nl\\\/de\\\/ueberschreiten-sie-mit-icy-peak-management-nie-wieder-die-obergrenze-fuer-feste-gebuehren\\\/#primaryimage\"},\"image\":{\"@id\":\"https:\\\/\\\/www.icy.nl\\\/de\\\/ueberschreiten-sie-mit-icy-peak-management-nie-wieder-die-obergrenze-fuer-feste-gebuehren\\\/#primaryimage\"},\"thumbnailUrl\":\"https:\\\/\\\/www.icy.nl\\\/wp-content\\\/uploads\\\/2024\\\/10\\\/peak-shaving-1.jpg\",\"datePublished\":\"2024-10-25T13:59:49+00:00\",\"breadcrumb\":{\"@id\":\"https:\\\/\\\/www.icy.nl\\\/de\\\/ueberschreiten-sie-mit-icy-peak-management-nie-wieder-die-obergrenze-fuer-feste-gebuehren\\\/#breadcrumb\"},\"inLanguage\":\"de\",\"potentialAction\":[{\"@type\":\"ReadAction\",\"target\":[\"https:\\\/\\\/www.icy.nl\\\/de\\\/ueberschreiten-sie-mit-icy-peak-management-nie-wieder-die-obergrenze-fuer-feste-gebuehren\\\/\"]}]},{\"@type\":\"ImageObject\",\"inLanguage\":\"de\",\"@id\":\"https:\\\/\\\/www.icy.nl\\\/de\\\/ueberschreiten-sie-mit-icy-peak-management-nie-wieder-die-obergrenze-fuer-feste-gebuehren\\\/#primaryimage\",\"url\":\"https:\\\/\\\/www.icy.nl\\\/wp-content\\\/uploads\\\/2024\\\/10\\\/peak-shaving-1.jpg\",\"contentUrl\":\"https:\\\/\\\/www.icy.nl\\\/wp-content\\\/uploads\\\/2024\\\/10\\\/peak-shaving-1.jpg\",\"width\":1158,\"height\":337},{\"@type\":\"BreadcrumbList\",\"@id\":\"https:\\\/\\\/www.icy.nl\\\/de\\\/ueberschreiten-sie-mit-icy-peak-management-nie-wieder-die-obergrenze-fuer-feste-gebuehren\\\/#breadcrumb\",\"itemListElement\":[{\"@type\":\"ListItem\",\"position\":1,\"name\":\"Home\",\"item\":\"https:\\\/\\\/www.icy.nl\\\/de\\\/\"},{\"@type\":\"ListItem\",\"position\":2,\"name\":\"\u00dcberschreiten Sie mit ICY Peak Management nie wieder die Obergrenze f\u00fcr feste Geb\u00fchren\"}]},{\"@type\":\"WebSite\",\"@id\":\"https:\\\/\\\/www.icy.nl\\\/de\\\/#website\",\"url\":\"https:\\\/\\\/www.icy.nl\\\/de\\\/\",\"name\":\"ICY\",\"description\":\"Smartmotica solutions\",\"publisher\":{\"@id\":\"https:\\\/\\\/www.icy.nl\\\/de\\\/#organization\"},\"potentialAction\":[{\"@type\":\"SearchAction\",\"target\":{\"@type\":\"EntryPoint\",\"urlTemplate\":\"https:\\\/\\\/www.icy.nl\\\/de\\\/?s={search_term_string}\"},\"query-input\":{\"@type\":\"PropertyValueSpecification\",\"valueRequired\":true,\"valueName\":\"search_term_string\"}}],\"inLanguage\":\"de\"},{\"@type\":\"Organization\",\"@id\":\"https:\\\/\\\/www.icy.nl\\\/de\\\/#organization\",\"name\":\"I.C.Y. B.V.\",\"url\":\"https:\\\/\\\/www.icy.nl\\\/de\\\/\",\"logo\":{\"@type\":\"ImageObject\",\"inLanguage\":\"de\",\"@id\":\"https:\\\/\\\/www.icy.nl\\\/de\\\/#\\\/schema\\\/logo\\\/image\\\/\",\"url\":\"https:\\\/\\\/www.icy.nl\\\/wp-content\\\/uploads\\\/2016\\\/11\\\/logo-icy.jpg\",\"contentUrl\":\"https:\\\/\\\/www.icy.nl\\\/wp-content\\\/uploads\\\/2016\\\/11\\\/logo-icy.jpg\",\"width\":400,\"height\":101,\"caption\":\"I.C.Y. B.V.\"},\"image\":{\"@id\":\"https:\\\/\\\/www.icy.nl\\\/de\\\/#\\\/schema\\\/logo\\\/image\\\/\"}}]}<\/script>\n<!-- \/ Yoast SEO plugin. -->","yoast_head_json":{"title":"\u00dcberschreiten Sie mit ICY Peak Management nie wieder die Obergrenze f\u00fcr feste Geb\u00fchren - ICY","robots":{"index":"index","follow":"follow","max-snippet":"max-snippet:-1","max-image-preview":"max-image-preview:large","max-video-preview":"max-video-preview:-1"},"canonical":"https:\/\/www.icy.nl\/de\/ueberschreiten-sie-mit-icy-peak-management-nie-wieder-die-obergrenze-fuer-feste-gebuehren\/","og_locale":"de_DE","og_type":"article","og_title":"\u00dcberschreiten Sie mit ICY Peak Management nie wieder die Obergrenze f\u00fcr feste Geb\u00fchren - ICY","og_description":"Jeder Betreiber eines Ferienparks oder Campingplatzes vereinbart mit seinem Energieversorger eine Obergrenze f\u00fcr die Dauergeb\u00fchren. Wird diese Obergrenze \u00fcberschritten, wird eine erhebliche Strafe f\u00e4llig. Um zu verhindern, dass diese Obergrenze \u00fcberschritten wird, haben wir ICY Peak Management entwickelt. Dabei handelt es sich um ein Modul in den Fernverwaltungssystemen ICY Accommodation Management, ICY Marina Management und [&hellip;]","og_url":"https:\/\/www.icy.nl\/de\/ueberschreiten-sie-mit-icy-peak-management-nie-wieder-die-obergrenze-fuer-feste-gebuehren\/","og_site_name":"ICY","og_image":[{"width":1158,"height":337,"url":"https:\/\/www.icy.nl\/wp-content\/uploads\/2024\/10\/peak-shaving-1.jpg","type":"image\/jpeg"}],"twitter_card":"summary_large_image","twitter_misc":{"Gesch\u00e4tzte Lesezeit":"1\u00a0Minute"},"schema":{"@context":"https:\/\/schema.org","@graph":[{"@type":"WebPage","@id":"https:\/\/www.icy.nl\/de\/ueberschreiten-sie-mit-icy-peak-management-nie-wieder-die-obergrenze-fuer-feste-gebuehren\/","url":"https:\/\/www.icy.nl\/de\/ueberschreiten-sie-mit-icy-peak-management-nie-wieder-die-obergrenze-fuer-feste-gebuehren\/","name":"\u00dcberschreiten Sie mit ICY Peak Management nie wieder die Obergrenze f\u00fcr feste Geb\u00fchren - ICY","isPartOf":{"@id":"https:\/\/www.icy.nl\/de\/#website"},"primaryImageOfPage":{"@id":"https:\/\/www.icy.nl\/de\/ueberschreiten-sie-mit-icy-peak-management-nie-wieder-die-obergrenze-fuer-feste-gebuehren\/#primaryimage"},"image":{"@id":"https:\/\/www.icy.nl\/de\/ueberschreiten-sie-mit-icy-peak-management-nie-wieder-die-obergrenze-fuer-feste-gebuehren\/#primaryimage"},"thumbnailUrl":"https:\/\/www.icy.nl\/wp-content\/uploads\/2024\/10\/peak-shaving-1.jpg","datePublished":"2024-10-25T13:59:49+00:00","breadcrumb":{"@id":"https:\/\/www.icy.nl\/de\/ueberschreiten-sie-mit-icy-peak-management-nie-wieder-die-obergrenze-fuer-feste-gebuehren\/#breadcrumb"},"inLanguage":"de","potentialAction":[{"@type":"ReadAction","target":["https:\/\/www.icy.nl\/de\/ueberschreiten-sie-mit-icy-peak-management-nie-wieder-die-obergrenze-fuer-feste-gebuehren\/"]}]},{"@type":"ImageObject","inLanguage":"de","@id":"https:\/\/www.icy.nl\/de\/ueberschreiten-sie-mit-icy-peak-management-nie-wieder-die-obergrenze-fuer-feste-gebuehren\/#primaryimage","url":"https:\/\/www.icy.nl\/wp-content\/uploads\/2024\/10\/peak-shaving-1.jpg","contentUrl":"https:\/\/www.icy.nl\/wp-content\/uploads\/2024\/10\/peak-shaving-1.jpg","width":1158,"height":337},{"@type":"BreadcrumbList","@id":"https:\/\/www.icy.nl\/de\/ueberschreiten-sie-mit-icy-peak-management-nie-wieder-die-obergrenze-fuer-feste-gebuehren\/#breadcrumb","itemListElement":[{"@type":"ListItem","position":1,"name":"Home","item":"https:\/\/www.icy.nl\/de\/"},{"@type":"ListItem","position":2,"name":"\u00dcberschreiten Sie mit ICY Peak Management nie wieder die Obergrenze f\u00fcr feste Geb\u00fchren"}]},{"@type":"WebSite","@id":"https:\/\/www.icy.nl\/de\/#website","url":"https:\/\/www.icy.nl\/de\/","name":"ICY","description":"Smartmotica solutions","publisher":{"@id":"https:\/\/www.icy.nl\/de\/#organization"},"potentialAction":[{"@type":"SearchAction","target":{"@type":"EntryPoint","urlTemplate":"https:\/\/www.icy.nl\/de\/?s={search_term_string}"},"query-input":{"@type":"PropertyValueSpecification","valueRequired":true,"valueName":"search_term_string"}}],"inLanguage":"de"},{"@type":"Organization","@id":"https:\/\/www.icy.nl\/de\/#organization","name":"I.C.Y. B.V.","url":"https:\/\/www.icy.nl\/de\/","logo":{"@type":"ImageObject","inLanguage":"de","@id":"https:\/\/www.icy.nl\/de\/#\/schema\/logo\/image\/","url":"https:\/\/www.icy.nl\/wp-content\/uploads\/2016\/11\/logo-icy.jpg","contentUrl":"https:\/\/www.icy.nl\/wp-content\/uploads\/2016\/11\/logo-icy.jpg","width":400,"height":101,"caption":"I.C.Y. B.V."},"image":{"@id":"https:\/\/www.icy.nl\/de\/#\/schema\/logo\/image\/"}}]}},"coauthors":[],"author_meta":{"author_link":"https:\/\/www.icy.nl\/de\/author\/daniel\/","display_name":"Daniel van de Kamp"},"relative_dates":{"created":"Posted 2\u00a0Jahren ago","modified":"Updated 2\u00a0Jahren ago"},"absolute_dates":{"created":"Posted on 25. Oktober 2024","modified":"Updated on 25. Oktober 2024"},"absolute_dates_time":{"created":"Posted on 25. Oktober 2024 15:59","modified":"Updated on 25. Oktober 2024 15:59"},"featured_img_caption":"","featured_img":"https:\/\/www.icy.nl\/wp-content\/uploads\/2024\/10\/peak-shaving-1.jpg","series_order":"","_links":{"self":[{"href":"https:\/\/www.icy.nl\/de\/wp-json\/wp\/v2\/pages\/56765","targetHints":{"allow":["GET"]}}],"collection":[{"href":"https:\/\/www.icy.nl\/de\/wp-json\/wp\/v2\/pages"}],"about":[{"href":"https:\/\/www.icy.nl\/de\/wp-json\/wp\/v2\/types\/page"}],"author":[{"embeddable":true,"href":"https:\/\/www.icy.nl\/de\/wp-json\/wp\/v2\/users\/2946"}],"replies":[{"embeddable":true,"href":"https:\/\/www.icy.nl\/de\/wp-json\/wp\/v2\/comments?post=56765"}],"version-history":[{"count":1,"href":"https:\/\/www.icy.nl\/de\/wp-json\/wp\/v2\/pages\/56765\/revisions"}],"predecessor-version":[{"id":56766,"href":"https:\/\/www.icy.nl\/de\/wp-json\/wp\/v2\/pages\/56765\/revisions\/56766"}],"wp:featuredmedia":[{"embeddable":true,"href":"https:\/\/www.icy.nl\/de\/wp-json\/wp\/v2\/media\/56759"}],"wp:attachment":[{"href":"https:\/\/www.icy.nl\/de\/wp-json\/wp\/v2\/media?parent=56765"}],"curies":[{"name":"wp","href":"https:\/\/api.w.org\/{rel}","templated":true}]}}