{"id":57521,"date":"2025-01-10T17:13:14","date_gmt":"2025-01-10T16:13:14","guid":{"rendered":"https:\/\/www.icy.nl\/icy-net\/"},"modified":"2025-01-10T17:13:14","modified_gmt":"2025-01-10T16:13:14","slug":"icy-net","status":"publish","type":"page","link":"https:\/\/www.icy.nl\/de\/icy-net\/","title":{"rendered":"ICY-Net"},"content":{"rendered":"<h3><img loading=\"lazy\" decoding=\"async\" class=\"alignleft wp-image-210 size-full\" src=\"https:\/\/www.icy.nl\/wp-content\/uploads\/2016\/05\/hopping-data-icy-net-rf-network.jpg\" width=\"550\" height=\"366\" srcset=\"https:\/\/www.icy.nl\/wp-content\/uploads\/2016\/05\/hopping-data-icy-net-rf-network.jpg 550w, https:\/\/www.icy.nl\/wp-content\/uploads\/2016\/05\/hopping-data-icy-net-rf-network-300x200.jpg 300w\" sizes=\"auto, (max-width: 550px) 100vw, 550px\" \/>ICY-Net erm\u00f6glicht die drahtlose Steuerung oder Auslesung verschiedener Ger\u00e4te.<\/h3>\n<p>ICY-Net ist ein drahtloses Netzwerk, das kleine Datenpakete \u00fcber verschiedene Knoten oder Transceiver sendet, bis das endg\u00fcltige Ziel erreicht ist. Im Gegensatz zu anderen vergleichbaren Netzwerken ist die Route von ICY-Net nicht im Voraus festgelegt. Die Daten selbst w\u00e4hlen die effizienteste Route zum endg\u00fcltigen Ziel. Ist ein Knoten beispielsweise aufgrund einer St\u00f6rung nicht erreichbar, laufen die Daten \u00fcber einen anderen Weg. ICY-Net eignet sich auch sehr gut f\u00fcr mobile Umgebungen, in denen variable Entfernungen und die Vermeidung von St\u00f6rungen die Daten erfordern, um alternative Routen ausw\u00e4hlen zu k\u00f6nnen. Die ICY-Net-Knoten sind kabellos, leicht und einfach zu installieren. Die Knoten k\u00f6nnen in beliebiger Reihenfolge montiert werden; Die Adressen werden per Software vergeben. Wenn ein Knoten ersetzt wird, beginnen die Daten automatisch mit der Verwendung des neuen Knotens. Das Netzwerk l\u00e4sst sich nahezu endlos erweitern.    <\/p>\n<h3>Flexible Kommunikation<\/h3>\n<p>ICY-Net wurde f\u00fcr den Einsatz als Netzwerk f\u00fcr Funktelemetrieanwendungen entwickelt und eignet sich beispielsweise sehr gut, um Ger\u00e4te an umliegenden Standorten von einem zentralen Standort aus zu steuern. Es ist flexibel und transparent und kann mit unterschiedlichsten Ger\u00e4ten kommunizieren. <\/p>\n<h3>Multi-Knoten und mehrfach einsetzbar<\/h3>\n<p>Eine zentrale Steuerung ist nicht erforderlich; Jeder Knoten kann direkt mit jedem anderen Knoten kommunizieren. Es ist sogar m\u00f6glich, dass innerhalb des Netzwerks verschiedene Kommunikationssitzungen gleichzeitig stattfinden. <\/p>\n<h3>Versandtermine<\/h3>\n<p>Die zu versendenden Datenpakete enthalten neben Daten- und Fehlerpr\u00fcfinformationen auch Adressinformationen des Absenders und Empf\u00e4ngers. Solange das endg\u00fcltige Ziel noch nicht erreicht ist, wird das Datenpaket weitergeleitet. F\u00e4llt unterwegs ein Knoten aus, hat dies selten oder nie Auswirkungen auf die Kommunikation mit den anderen Knoten im Netzwerk. Das \u00fcbertragene Datenpaket erreicht zudem \u00fcber mehrere Routen sein endg\u00fcltiges Ziel, was eine Filterung und Validierung der Daten erm\u00f6glicht.   <\/p>\n<h3>Intelligente Adressierung<\/h3>\n<p>Um zu verhindern, dass ein Datenpaket endlos zirkuliert, sendet ein Knoten dasselbe Datenpaket nur einmal innerhalb eines bestimmten Zeitblocks. Zu diesem Zweck wird im Knoten selbst eine Pakettabelle gepflegt, mit der ein eingehendes Paket verglichen wird. Wenn es bereits empfangen wurde, wird es innerhalb der Zeitsperre nicht erneut weitergeleitet.  <\/p>\n<h3>Datenpaketgr\u00f6\u00dfe<\/h3>\n<p>Die Gr\u00f6\u00dfe der Datenpakete ist dynamisch und kann je nach F\u00e4higkeiten des Adressaten zwischen 12 und 43 Byte variieren, wobei das Datenfeld zwischen 1 und 32 Byte gro\u00df ist. Bei gr\u00f6\u00dferen Datendateien k\u00f6nnen mehrere Datenpakete gesendet werden. <\/p>\n<h3>Anwendungen<\/h3>\n<p>F\u00fcr zahlreiche Anwendungsbereiche h\u00e4lt ICY bereits fertige L\u00f6sungen bereit. Diese k\u00f6nnen ohne gro\u00dfe Probleme sofort nach der Installation verwendet werden. Wir arbeiten auch intensiv daran, unser Sortiment zu erweitern, unter anderem basierend auf den Anregungen und W\u00fcnschen unserer Kunden. Beispielsweise entwickeln wir derzeit anwendungsspezifische Verwaltungssoftware f\u00fcr verschiedene Betriebssysteme.<br \/>\nOb das ICY-Net f\u00fcr eine bestimmte Anwendung geeignet ist, h\u00e4ngt ma\u00dfgeblich von den erforderlichen technischen Spezifikationen ab.   <\/p>\n<h2>Verwandte Produkte<\/h2>\n<div class=\"woocommerce columns-4 \"><ul class=\"products columns-4\">\n<li class=\"entry has-post-thumbnail product type-product post-31228 status-publish first instock product_cat-accommodation-management-de product_cat-campsite-management-de product_cat-icy-net-infrastruktur product_cat-facility-management-de product_tag-drahtloses-netzwerk product_tag-sender-empfanger taxable shipping-taxable product-type-simple\">\n\t<a href=\"https:\/\/www.icy.nl\/de\/produkt\/transceiver-2\/\" class=\"woocommerce-LoopProduct-link woocommerce-loop-product__link\"><img loading=\"lazy\" decoding=\"async\" width=\"300\" height=\"300\" src=\"https:\/\/www.icy.nl\/wp-content\/uploads\/2016\/06\/2745-Transceiver-2-300x300.jpg\" class=\"attachment-woocommerce_thumbnail size-woocommerce_thumbnail\" alt=\"Transceiver\" srcset=\"https:\/\/www.icy.nl\/wp-content\/uploads\/2016\/06\/2745-Transceiver-2-300x300.jpg 300w, https:\/\/www.icy.nl\/wp-content\/uploads\/2016\/06\/2745-Transceiver-2-100x100.jpg 100w, https:\/\/www.icy.nl\/wp-content\/uploads\/2016\/06\/2745-Transceiver-2-150x150.jpg 150w, https:\/\/www.icy.nl\/wp-content\/uploads\/2016\/06\/2745-Transceiver-2-768x768.jpg 768w, https:\/\/www.icy.nl\/wp-content\/uploads\/2016\/06\/2745-Transceiver-2-1024x1024.jpg 1024w, https:\/\/www.icy.nl\/wp-content\/uploads\/2016\/06\/2745-Transceiver-2-600x600.jpg 600w, https:\/\/www.icy.nl\/wp-content\/uploads\/2016\/06\/2745-Transceiver-2-366x366.jpg 366w\" sizes=\"auto, (max-width: 300px) 100vw, 300px\" \/><h2 class=\"woocommerce-loop-product__title\">Transceiver<\/h2>\n<\/a><a href=\"https:\/\/www.icy.nl\/de\/produkt\/transceiver-2\/\" aria-describedby=\"woocommerce_loop_add_to_cart_link_describedby_31228\" data-quantity=\"1\" class=\"button product_type_simple\" data-product_id=\"31228\" data-product_sku=\"\" aria-label=\"Lese mehr \u00fcber &#8222;Transceiver&#8220;\" rel=\"nofollow\" data-success_message=\"\">Weiterlesen<\/a>\t<span id=\"woocommerce_loop_add_to_cart_link_describedby_31228\" class=\"screen-reader-text\">\n\t\t\t<\/span>\n<\/li>\n<li class=\"entry has-post-thumbnail product type-product post-57519 status-publish instock product_cat-accommodation-management-de product_cat-campsite-management-de product_cat-marina-management-de product_cat-icy-net-infrastruktur taxable shipping-taxable product-type-simple\">\n\t<a href=\"https:\/\/www.icy.nl\/de\/produkt\/icy-net-bridge\/\" class=\"woocommerce-LoopProduct-link woocommerce-loop-product__link\"><img loading=\"lazy\" decoding=\"async\" width=\"300\" height=\"300\" src=\"https:\/\/www.icy.nl\/wp-content\/uploads\/2016\/05\/ICY4816IN-ICY-net-bridge-300x300.jpg\" class=\"attachment-woocommerce_thumbnail size-woocommerce_thumbnail\" alt=\"ICY-Net Bridge\" srcset=\"https:\/\/www.icy.nl\/wp-content\/uploads\/2016\/05\/ICY4816IN-ICY-net-bridge-300x300.jpg 300w, https:\/\/www.icy.nl\/wp-content\/uploads\/2016\/05\/ICY4816IN-ICY-net-bridge-150x150.jpg 150w, https:\/\/www.icy.nl\/wp-content\/uploads\/2016\/05\/ICY4816IN-ICY-net-bridge-768x768.jpg 768w, https:\/\/www.icy.nl\/wp-content\/uploads\/2016\/05\/ICY4816IN-ICY-net-bridge-600x600.jpg 600w, https:\/\/www.icy.nl\/wp-content\/uploads\/2016\/05\/ICY4816IN-ICY-net-bridge-100x100.jpg 100w, https:\/\/www.icy.nl\/wp-content\/uploads\/2016\/05\/ICY4816IN-ICY-net-bridge-366x366.jpg 366w, https:\/\/www.icy.nl\/wp-content\/uploads\/2016\/05\/ICY4816IN-ICY-net-bridge.jpg 800w\" sizes=\"auto, (max-width: 300px) 100vw, 300px\" \/><h2 class=\"woocommerce-loop-product__title\">ICY-Net Bridge<\/h2>\n<\/a><a href=\"https:\/\/www.icy.nl\/de\/produkt\/icy-net-bridge\/\" aria-describedby=\"woocommerce_loop_add_to_cart_link_describedby_57519\" data-quantity=\"1\" class=\"button product_type_simple\" data-product_id=\"57519\" data-product_sku=\"\" aria-label=\"Lese mehr \u00fcber &#8222;ICY-Net Bridge&#8220;\" rel=\"nofollow\" data-success_message=\"\">Weiterlesen<\/a>\t<span id=\"woocommerce_loop_add_to_cart_link_describedby_57519\" class=\"screen-reader-text\">\n\t\t\t<\/span>\n<\/li>\n<\/ul>\n<\/div>\n","protected":false},"excerpt":{"rendered":"<p>ICY-Net erm\u00f6glicht die drahtlose Steuerung oder Auslesung verschiedener Ger\u00e4te. ICY-Net ist ein drahtloses Netzwerk, das kleine Datenpakete \u00fcber verschiedene Knoten oder Transceiver sendet, bis das endg\u00fcltige Ziel erreicht ist. Im Gegensatz zu anderen vergleichbaren Netzwerken ist die Route von ICY-Net nicht im Voraus festgelegt. Die Daten selbst w\u00e4hlen die effizienteste Route zum endg\u00fcltigen Ziel. Ist [&hellip;]<\/p>\n","protected":false},"author":2946,"featured_media":57523,"parent":0,"menu_order":0,"comment_status":"closed","ping_status":"closed","template":"","meta":{"advgb_blocks_editor_width":"","advgb_blocks_columns_visual_guide":"","_genesis_hide_title":false,"_genesis_hide_breadcrumbs":false,"_genesis_hide_singular_image":false,"_genesis_hide_footer_widgets":false,"_genesis_custom_body_class":"","_genesis_custom_post_class":"","_genesis_layout":"","footnotes":""},"class_list":{"0":"post-57521","1":"page","2":"type-page","3":"status-publish","4":"has-post-thumbnail","6":"entry"},"yoast_head":"<!-- This site is optimized with the Yoast SEO plugin v27.4 - https:\/\/yoast.com\/product\/yoast-seo-wordpress\/ -->\n<title>ICY-Net - ICY<\/title>\n<meta name=\"robots\" content=\"index, follow, max-snippet:-1, max-image-preview:large, max-video-preview:-1\" \/>\n<link rel=\"canonical\" href=\"https:\/\/www.icy.nl\/de\/icy-net\/\" \/>\n<meta property=\"og:locale\" content=\"de_DE\" \/>\n<meta property=\"og:type\" content=\"article\" \/>\n<meta property=\"og:title\" content=\"ICY-Net - ICY\" \/>\n<meta property=\"og:description\" content=\"ICY-Net erm\u00f6glicht die drahtlose Steuerung oder Auslesung verschiedener Ger\u00e4te. ICY-Net ist ein drahtloses Netzwerk, das kleine Datenpakete \u00fcber verschiedene Knoten oder Transceiver sendet, bis das endg\u00fcltige Ziel erreicht ist. Im Gegensatz zu anderen vergleichbaren Netzwerken ist die Route von ICY-Net nicht im Voraus festgelegt. Die Daten selbst w\u00e4hlen die effizienteste Route zum endg\u00fcltigen Ziel. Ist [&hellip;]\" \/>\n<meta property=\"og:url\" content=\"https:\/\/www.icy.nl\/de\/icy-net\/\" \/>\n<meta property=\"og:site_name\" content=\"ICY\" \/>\n<meta property=\"og:image\" content=\"https:\/\/www.icy.nl\/wp-content\/uploads\/2016\/05\/hopping-data-icy-net-rf-network.jpg\" \/>\n\t<meta property=\"og:image:width\" content=\"550\" \/>\n\t<meta property=\"og:image:height\" content=\"366\" \/>\n\t<meta property=\"og:image:type\" content=\"image\/jpeg\" \/>\n<meta name=\"twitter:card\" content=\"summary_large_image\" \/>\n<meta name=\"twitter:label1\" content=\"Gesch\u00e4tzte Lesezeit\" \/>\n\t<meta name=\"twitter:data1\" content=\"2\u00a0Minuten\" \/>\n<script type=\"application\/ld+json\" class=\"yoast-schema-graph\">{\"@context\":\"https:\\\/\\\/schema.org\",\"@graph\":[{\"@type\":\"WebPage\",\"@id\":\"https:\\\/\\\/www.icy.nl\\\/de\\\/icy-net\\\/\",\"url\":\"https:\\\/\\\/www.icy.nl\\\/de\\\/icy-net\\\/\",\"name\":\"ICY-Net - ICY\",\"isPartOf\":{\"@id\":\"https:\\\/\\\/www.icy.nl\\\/de\\\/#website\"},\"primaryImageOfPage\":{\"@id\":\"https:\\\/\\\/www.icy.nl\\\/de\\\/icy-net\\\/#primaryimage\"},\"image\":{\"@id\":\"https:\\\/\\\/www.icy.nl\\\/de\\\/icy-net\\\/#primaryimage\"},\"thumbnailUrl\":\"https:\\\/\\\/www.icy.nl\\\/wp-content\\\/uploads\\\/2016\\\/05\\\/featured-image-icy-net-2.jpg\",\"datePublished\":\"2025-01-10T16:13:14+00:00\",\"breadcrumb\":{\"@id\":\"https:\\\/\\\/www.icy.nl\\\/de\\\/icy-net\\\/#breadcrumb\"},\"inLanguage\":\"de\",\"potentialAction\":[{\"@type\":\"ReadAction\",\"target\":[\"https:\\\/\\\/www.icy.nl\\\/de\\\/icy-net\\\/\"]}]},{\"@type\":\"ImageObject\",\"inLanguage\":\"de\",\"@id\":\"https:\\\/\\\/www.icy.nl\\\/de\\\/icy-net\\\/#primaryimage\",\"url\":\"https:\\\/\\\/www.icy.nl\\\/wp-content\\\/uploads\\\/2016\\\/05\\\/featured-image-icy-net-2.jpg\",\"contentUrl\":\"https:\\\/\\\/www.icy.nl\\\/wp-content\\\/uploads\\\/2016\\\/05\\\/featured-image-icy-net-2.jpg\",\"width\":1158,\"height\":350},{\"@type\":\"BreadcrumbList\",\"@id\":\"https:\\\/\\\/www.icy.nl\\\/de\\\/icy-net\\\/#breadcrumb\",\"itemListElement\":[{\"@type\":\"ListItem\",\"position\":1,\"name\":\"Home\",\"item\":\"https:\\\/\\\/www.icy.nl\\\/de\\\/\"},{\"@type\":\"ListItem\",\"position\":2,\"name\":\"ICY-Net\"}]},{\"@type\":\"WebSite\",\"@id\":\"https:\\\/\\\/www.icy.nl\\\/de\\\/#website\",\"url\":\"https:\\\/\\\/www.icy.nl\\\/de\\\/\",\"name\":\"ICY\",\"description\":\"Smartmotica solutions\",\"publisher\":{\"@id\":\"https:\\\/\\\/www.icy.nl\\\/de\\\/#organization\"},\"potentialAction\":[{\"@type\":\"SearchAction\",\"target\":{\"@type\":\"EntryPoint\",\"urlTemplate\":\"https:\\\/\\\/www.icy.nl\\\/de\\\/?s={search_term_string}\"},\"query-input\":{\"@type\":\"PropertyValueSpecification\",\"valueRequired\":true,\"valueName\":\"search_term_string\"}}],\"inLanguage\":\"de\"},{\"@type\":\"Organization\",\"@id\":\"https:\\\/\\\/www.icy.nl\\\/de\\\/#organization\",\"name\":\"I.C.Y. B.V.\",\"url\":\"https:\\\/\\\/www.icy.nl\\\/de\\\/\",\"logo\":{\"@type\":\"ImageObject\",\"inLanguage\":\"de\",\"@id\":\"https:\\\/\\\/www.icy.nl\\\/de\\\/#\\\/schema\\\/logo\\\/image\\\/\",\"url\":\"https:\\\/\\\/www.icy.nl\\\/wp-content\\\/uploads\\\/2016\\\/11\\\/logo-icy.jpg\",\"contentUrl\":\"https:\\\/\\\/www.icy.nl\\\/wp-content\\\/uploads\\\/2016\\\/11\\\/logo-icy.jpg\",\"width\":400,\"height\":101,\"caption\":\"I.C.Y. B.V.\"},\"image\":{\"@id\":\"https:\\\/\\\/www.icy.nl\\\/de\\\/#\\\/schema\\\/logo\\\/image\\\/\"}}]}<\/script>\n<!-- \/ Yoast SEO plugin. -->","yoast_head_json":{"title":"ICY-Net - ICY","robots":{"index":"index","follow":"follow","max-snippet":"max-snippet:-1","max-image-preview":"max-image-preview:large","max-video-preview":"max-video-preview:-1"},"canonical":"https:\/\/www.icy.nl\/de\/icy-net\/","og_locale":"de_DE","og_type":"article","og_title":"ICY-Net - ICY","og_description":"ICY-Net erm\u00f6glicht die drahtlose Steuerung oder Auslesung verschiedener Ger\u00e4te. ICY-Net ist ein drahtloses Netzwerk, das kleine Datenpakete \u00fcber verschiedene Knoten oder Transceiver sendet, bis das endg\u00fcltige Ziel erreicht ist. Im Gegensatz zu anderen vergleichbaren Netzwerken ist die Route von ICY-Net nicht im Voraus festgelegt. Die Daten selbst w\u00e4hlen die effizienteste Route zum endg\u00fcltigen Ziel. Ist [&hellip;]","og_url":"https:\/\/www.icy.nl\/de\/icy-net\/","og_site_name":"ICY","og_image":[{"width":550,"height":366,"url":"https:\/\/www.icy.nl\/wp-content\/uploads\/2016\/05\/hopping-data-icy-net-rf-network.jpg","type":"image\/jpeg"}],"twitter_card":"summary_large_image","twitter_misc":{"Gesch\u00e4tzte Lesezeit":"2\u00a0Minuten"},"schema":{"@context":"https:\/\/schema.org","@graph":[{"@type":"WebPage","@id":"https:\/\/www.icy.nl\/de\/icy-net\/","url":"https:\/\/www.icy.nl\/de\/icy-net\/","name":"ICY-Net - ICY","isPartOf":{"@id":"https:\/\/www.icy.nl\/de\/#website"},"primaryImageOfPage":{"@id":"https:\/\/www.icy.nl\/de\/icy-net\/#primaryimage"},"image":{"@id":"https:\/\/www.icy.nl\/de\/icy-net\/#primaryimage"},"thumbnailUrl":"https:\/\/www.icy.nl\/wp-content\/uploads\/2016\/05\/featured-image-icy-net-2.jpg","datePublished":"2025-01-10T16:13:14+00:00","breadcrumb":{"@id":"https:\/\/www.icy.nl\/de\/icy-net\/#breadcrumb"},"inLanguage":"de","potentialAction":[{"@type":"ReadAction","target":["https:\/\/www.icy.nl\/de\/icy-net\/"]}]},{"@type":"ImageObject","inLanguage":"de","@id":"https:\/\/www.icy.nl\/de\/icy-net\/#primaryimage","url":"https:\/\/www.icy.nl\/wp-content\/uploads\/2016\/05\/featured-image-icy-net-2.jpg","contentUrl":"https:\/\/www.icy.nl\/wp-content\/uploads\/2016\/05\/featured-image-icy-net-2.jpg","width":1158,"height":350},{"@type":"BreadcrumbList","@id":"https:\/\/www.icy.nl\/de\/icy-net\/#breadcrumb","itemListElement":[{"@type":"ListItem","position":1,"name":"Home","item":"https:\/\/www.icy.nl\/de\/"},{"@type":"ListItem","position":2,"name":"ICY-Net"}]},{"@type":"WebSite","@id":"https:\/\/www.icy.nl\/de\/#website","url":"https:\/\/www.icy.nl\/de\/","name":"ICY","description":"Smartmotica solutions","publisher":{"@id":"https:\/\/www.icy.nl\/de\/#organization"},"potentialAction":[{"@type":"SearchAction","target":{"@type":"EntryPoint","urlTemplate":"https:\/\/www.icy.nl\/de\/?s={search_term_string}"},"query-input":{"@type":"PropertyValueSpecification","valueRequired":true,"valueName":"search_term_string"}}],"inLanguage":"de"},{"@type":"Organization","@id":"https:\/\/www.icy.nl\/de\/#organization","name":"I.C.Y. B.V.","url":"https:\/\/www.icy.nl\/de\/","logo":{"@type":"ImageObject","inLanguage":"de","@id":"https:\/\/www.icy.nl\/de\/#\/schema\/logo\/image\/","url":"https:\/\/www.icy.nl\/wp-content\/uploads\/2016\/11\/logo-icy.jpg","contentUrl":"https:\/\/www.icy.nl\/wp-content\/uploads\/2016\/11\/logo-icy.jpg","width":400,"height":101,"caption":"I.C.Y. B.V."},"image":{"@id":"https:\/\/www.icy.nl\/de\/#\/schema\/logo\/image\/"}}]}},"coauthors":[],"author_meta":{"author_link":"https:\/\/www.icy.nl\/de\/author\/daniel\/","display_name":"Daniel van de Kamp"},"relative_dates":{"created":"Posted 1\u00a0Jahr ago","modified":"Updated 1\u00a0Jahr ago"},"absolute_dates":{"created":"Posted on 10. Januar 2025","modified":"Updated on 10. Januar 2025"},"absolute_dates_time":{"created":"Posted on 10. Januar 2025 17:13","modified":"Updated on 10. Januar 2025 17:13"},"featured_img_caption":"","featured_img":"https:\/\/www.icy.nl\/wp-content\/uploads\/2016\/05\/featured-image-icy-net-2.jpg","series_order":"","_links":{"self":[{"href":"https:\/\/www.icy.nl\/de\/wp-json\/wp\/v2\/pages\/57521","targetHints":{"allow":["GET"]}}],"collection":[{"href":"https:\/\/www.icy.nl\/de\/wp-json\/wp\/v2\/pages"}],"about":[{"href":"https:\/\/www.icy.nl\/de\/wp-json\/wp\/v2\/types\/page"}],"author":[{"embeddable":true,"href":"https:\/\/www.icy.nl\/de\/wp-json\/wp\/v2\/users\/2946"}],"replies":[{"embeddable":true,"href":"https:\/\/www.icy.nl\/de\/wp-json\/wp\/v2\/comments?post=57521"}],"version-history":[{"count":0,"href":"https:\/\/www.icy.nl\/de\/wp-json\/wp\/v2\/pages\/57521\/revisions"}],"wp:featuredmedia":[{"embeddable":true,"href":"https:\/\/www.icy.nl\/de\/wp-json\/wp\/v2\/media\/57523"}],"wp:attachment":[{"href":"https:\/\/www.icy.nl\/de\/wp-json\/wp\/v2\/media?parent=57521"}],"curies":[{"name":"wp","href":"https:\/\/api.w.org\/{rel}","templated":true}]}}