{"id":57680,"date":"2025-01-14T14:13:21","date_gmt":"2025-01-14T13:13:21","guid":{"rendered":"https:\/\/www.icy.nl\/kabellos-vernetzbarer-rauchmelder\/"},"modified":"2025-01-14T14:13:21","modified_gmt":"2025-01-14T13:13:21","slug":"kabellos-vernetzbarer-rauchmelder","status":"publish","type":"page","link":"https:\/\/www.icy.nl\/de\/kabellos-vernetzbarer-rauchmelder\/","title":{"rendered":"Kabellos vernetzbarer Rauchmelder"},"content":{"rendered":"<p>Auch wenn Sie eine Gruppenunterkunft, ein Ferienhaus, eine Studentenwohnung oder ein B\u00fcrogeb\u00e4ude betreiben, m\u00f6chten Sie vielleicht, dass ein Feueralarm in einem der R\u00e4ume sofort von den anderen Rauchmeldern im Geb\u00e4ude erkannt wird. Dies ist mit dem <a href=\"https:\/\/www.icy.nl\/product\/draadloos-koppelbare-rookmelder\/\">Rauchmelder ICY4528SD<\/a> von ICY m\u00f6glich. Dieser Rauchmelder kann an 230 V in einer zentralen Box in Ihren Decken angeschlossen und mit anderen <a href=\"https:\/\/www.icy.nl\/product\/draadloos-koppelbare-rookmelder\/\">ICY4528SD-Rauchmeldern<\/a> im selben Geb\u00e4ude vernetzt werden. Insgesamt k\u00f6nnen 32 Melder miteinander verkn\u00fcpft werden. Wird irgendwo Rauch oder Feuer erkannt, l\u00f6sen innerhalb von 3 Sekunden auch die Melder in den anderen R\u00e4umen aus. F\u00fcr weitere Informationen kontaktieren Sie uns bitte unter sales@icy.nl oder 088-123 1333. Oder besuchen Sie die <a href=\"https:\/\/www.icy.nl\/product\/draadloos-koppelbare-rookmelder\/\">Produktseite<\/a>.    <\/p>\n<p>&nbsp;<\/p>\n<p><img loading=\"lazy\" decoding=\"async\" class=\"aligncenter size-full wp-image-320\" src=\"https:\/\/www.icy.nl\/wp-content\/uploads\/2016\/06\/4528SD-smoke-detector.jpg\" alt=\"4528SD verkn\u00fcpfbarer Rauchmelder\" width=\"800\" height=\"756\" srcset=\"https:\/\/www.icy.nl\/wp-content\/uploads\/2016\/06\/4528SD-smoke-detector.jpg 800w, https:\/\/www.icy.nl\/wp-content\/uploads\/2016\/06\/4528SD-smoke-detector-600x567.jpg 600w, https:\/\/www.icy.nl\/wp-content\/uploads\/2016\/06\/4528SD-smoke-detector-300x284.jpg 300w, https:\/\/www.icy.nl\/wp-content\/uploads\/2016\/06\/4528SD-smoke-detector-768x726.jpg 768w, https:\/\/www.icy.nl\/wp-content\/uploads\/2016\/06\/4528SD-smoke-detector-387x366.jpg 387w\" sizes=\"auto, (max-width: 800px) 100vw, 800px\" \/><\/p>\n","protected":false},"excerpt":{"rendered":"<p>Auch wenn Sie eine Gruppenunterkunft, ein Ferienhaus, eine Studentenwohnung oder ein B\u00fcrogeb\u00e4ude betreiben, m\u00f6chten Sie vielleicht, dass ein Feueralarm in einem der R\u00e4ume sofort von den anderen Rauchmeldern im Geb\u00e4ude erkannt wird. Dies ist mit dem Rauchmelder ICY4528SD von ICY m\u00f6glich. Dieser Rauchmelder kann an 230 V in einer zentralen Box in Ihren Decken angeschlossen [&hellip;]<\/p>\n","protected":false},"author":2946,"featured_media":0,"parent":0,"menu_order":0,"comment_status":"closed","ping_status":"closed","template":"","meta":{"advgb_blocks_editor_width":"","advgb_blocks_columns_visual_guide":"","_genesis_hide_title":false,"_genesis_hide_breadcrumbs":false,"_genesis_hide_singular_image":false,"_genesis_hide_footer_widgets":false,"_genesis_custom_body_class":"","_genesis_custom_post_class":"","_genesis_layout":"","footnotes":""},"class_list":{"0":"post-57680","1":"page","2":"type-page","3":"status-publish","5":"entry","6":"has-post-thumbnail"},"yoast_head":"<!-- This site is optimized with the Yoast SEO plugin v27.3 - https:\/\/yoast.com\/product\/yoast-seo-wordpress\/ -->\n<title>Kabellos vernetzbarer Rauchmelder - ICY<\/title>\n<meta name=\"robots\" content=\"index, follow, max-snippet:-1, max-image-preview:large, max-video-preview:-1\" \/>\n<link rel=\"canonical\" href=\"https:\/\/www.icy.nl\/de\/kabellos-vernetzbarer-rauchmelder\/\" \/>\n<meta property=\"og:locale\" content=\"de_DE\" \/>\n<meta property=\"og:type\" content=\"article\" \/>\n<meta property=\"og:title\" content=\"Kabellos vernetzbarer Rauchmelder - ICY\" \/>\n<meta property=\"og:description\" content=\"Auch wenn Sie eine Gruppenunterkunft, ein Ferienhaus, eine Studentenwohnung oder ein B\u00fcrogeb\u00e4ude betreiben, m\u00f6chten Sie vielleicht, dass ein Feueralarm in einem der R\u00e4ume sofort von den anderen Rauchmeldern im Geb\u00e4ude erkannt wird. Dies ist mit dem Rauchmelder ICY4528SD von ICY m\u00f6glich. Dieser Rauchmelder kann an 230 V in einer zentralen Box in Ihren Decken angeschlossen [&hellip;]\" \/>\n<meta property=\"og:url\" content=\"https:\/\/www.icy.nl\/de\/kabellos-vernetzbarer-rauchmelder\/\" \/>\n<meta property=\"og:site_name\" content=\"ICY\" \/>\n<meta property=\"og:image\" content=\"https:\/\/www.icy.nl\/wp-content\/uploads\/2016\/06\/4528SD-smoke-detector.jpg\" \/>\n\t<meta property=\"og:image:width\" content=\"800\" \/>\n\t<meta property=\"og:image:height\" content=\"756\" \/>\n\t<meta property=\"og:image:type\" content=\"image\/jpeg\" \/>\n<meta name=\"twitter:card\" content=\"summary_large_image\" \/>\n<meta name=\"twitter:label1\" content=\"Gesch\u00e4tzte Lesezeit\" \/>\n\t<meta name=\"twitter:data1\" content=\"1\u00a0Minute\" \/>\n<script type=\"application\/ld+json\" class=\"yoast-schema-graph\">{\"@context\":\"https:\\\/\\\/schema.org\",\"@graph\":[{\"@type\":\"WebPage\",\"@id\":\"https:\\\/\\\/www.icy.nl\\\/de\\\/kabellos-vernetzbarer-rauchmelder\\\/\",\"url\":\"https:\\\/\\\/www.icy.nl\\\/de\\\/kabellos-vernetzbarer-rauchmelder\\\/\",\"name\":\"Kabellos vernetzbarer Rauchmelder - ICY\",\"isPartOf\":{\"@id\":\"https:\\\/\\\/www.icy.nl\\\/de\\\/#website\"},\"primaryImageOfPage\":{\"@id\":\"https:\\\/\\\/www.icy.nl\\\/de\\\/kabellos-vernetzbarer-rauchmelder\\\/#primaryimage\"},\"image\":{\"@id\":\"https:\\\/\\\/www.icy.nl\\\/de\\\/kabellos-vernetzbarer-rauchmelder\\\/#primaryimage\"},\"thumbnailUrl\":\"https:\\\/\\\/www.icy.nl\\\/wp-content\\\/uploads\\\/2016\\\/06\\\/4528SD-smoke-detector.jpg\",\"datePublished\":\"2025-01-14T13:13:21+00:00\",\"breadcrumb\":{\"@id\":\"https:\\\/\\\/www.icy.nl\\\/de\\\/kabellos-vernetzbarer-rauchmelder\\\/#breadcrumb\"},\"inLanguage\":\"de\",\"potentialAction\":[{\"@type\":\"ReadAction\",\"target\":[\"https:\\\/\\\/www.icy.nl\\\/de\\\/kabellos-vernetzbarer-rauchmelder\\\/\"]}]},{\"@type\":\"ImageObject\",\"inLanguage\":\"de\",\"@id\":\"https:\\\/\\\/www.icy.nl\\\/de\\\/kabellos-vernetzbarer-rauchmelder\\\/#primaryimage\",\"url\":\"https:\\\/\\\/www.icy.nl\\\/wp-content\\\/uploads\\\/2016\\\/06\\\/4528SD-smoke-detector.jpg\",\"contentUrl\":\"https:\\\/\\\/www.icy.nl\\\/wp-content\\\/uploads\\\/2016\\\/06\\\/4528SD-smoke-detector.jpg\"},{\"@type\":\"BreadcrumbList\",\"@id\":\"https:\\\/\\\/www.icy.nl\\\/de\\\/kabellos-vernetzbarer-rauchmelder\\\/#breadcrumb\",\"itemListElement\":[{\"@type\":\"ListItem\",\"position\":1,\"name\":\"Home\",\"item\":\"https:\\\/\\\/www.icy.nl\\\/de\\\/\"},{\"@type\":\"ListItem\",\"position\":2,\"name\":\"Kabellos vernetzbarer Rauchmelder\"}]},{\"@type\":\"WebSite\",\"@id\":\"https:\\\/\\\/www.icy.nl\\\/de\\\/#website\",\"url\":\"https:\\\/\\\/www.icy.nl\\\/de\\\/\",\"name\":\"ICY\",\"description\":\"Smartmotica solutions\",\"publisher\":{\"@id\":\"https:\\\/\\\/www.icy.nl\\\/de\\\/#organization\"},\"potentialAction\":[{\"@type\":\"SearchAction\",\"target\":{\"@type\":\"EntryPoint\",\"urlTemplate\":\"https:\\\/\\\/www.icy.nl\\\/de\\\/?s={search_term_string}\"},\"query-input\":{\"@type\":\"PropertyValueSpecification\",\"valueRequired\":true,\"valueName\":\"search_term_string\"}}],\"inLanguage\":\"de\"},{\"@type\":\"Organization\",\"@id\":\"https:\\\/\\\/www.icy.nl\\\/de\\\/#organization\",\"name\":\"I.C.Y. B.V.\",\"url\":\"https:\\\/\\\/www.icy.nl\\\/de\\\/\",\"logo\":{\"@type\":\"ImageObject\",\"inLanguage\":\"de\",\"@id\":\"https:\\\/\\\/www.icy.nl\\\/de\\\/#\\\/schema\\\/logo\\\/image\\\/\",\"url\":\"https:\\\/\\\/www.icy.nl\\\/wp-content\\\/uploads\\\/2016\\\/11\\\/logo-icy.jpg\",\"contentUrl\":\"https:\\\/\\\/www.icy.nl\\\/wp-content\\\/uploads\\\/2016\\\/11\\\/logo-icy.jpg\",\"width\":400,\"height\":101,\"caption\":\"I.C.Y. B.V.\"},\"image\":{\"@id\":\"https:\\\/\\\/www.icy.nl\\\/de\\\/#\\\/schema\\\/logo\\\/image\\\/\"}}]}<\/script>\n<!-- \/ Yoast SEO plugin. -->","yoast_head_json":{"title":"Kabellos vernetzbarer Rauchmelder - ICY","robots":{"index":"index","follow":"follow","max-snippet":"max-snippet:-1","max-image-preview":"max-image-preview:large","max-video-preview":"max-video-preview:-1"},"canonical":"https:\/\/www.icy.nl\/de\/kabellos-vernetzbarer-rauchmelder\/","og_locale":"de_DE","og_type":"article","og_title":"Kabellos vernetzbarer Rauchmelder - ICY","og_description":"Auch wenn Sie eine Gruppenunterkunft, ein Ferienhaus, eine Studentenwohnung oder ein B\u00fcrogeb\u00e4ude betreiben, m\u00f6chten Sie vielleicht, dass ein Feueralarm in einem der R\u00e4ume sofort von den anderen Rauchmeldern im Geb\u00e4ude erkannt wird. Dies ist mit dem Rauchmelder ICY4528SD von ICY m\u00f6glich. Dieser Rauchmelder kann an 230 V in einer zentralen Box in Ihren Decken angeschlossen [&hellip;]","og_url":"https:\/\/www.icy.nl\/de\/kabellos-vernetzbarer-rauchmelder\/","og_site_name":"ICY","og_image":[{"width":800,"height":756,"url":"https:\/\/www.icy.nl\/wp-content\/uploads\/2016\/06\/4528SD-smoke-detector.jpg","type":"image\/jpeg"}],"twitter_card":"summary_large_image","twitter_misc":{"Gesch\u00e4tzte Lesezeit":"1\u00a0Minute"},"schema":{"@context":"https:\/\/schema.org","@graph":[{"@type":"WebPage","@id":"https:\/\/www.icy.nl\/de\/kabellos-vernetzbarer-rauchmelder\/","url":"https:\/\/www.icy.nl\/de\/kabellos-vernetzbarer-rauchmelder\/","name":"Kabellos vernetzbarer Rauchmelder - ICY","isPartOf":{"@id":"https:\/\/www.icy.nl\/de\/#website"},"primaryImageOfPage":{"@id":"https:\/\/www.icy.nl\/de\/kabellos-vernetzbarer-rauchmelder\/#primaryimage"},"image":{"@id":"https:\/\/www.icy.nl\/de\/kabellos-vernetzbarer-rauchmelder\/#primaryimage"},"thumbnailUrl":"https:\/\/www.icy.nl\/wp-content\/uploads\/2016\/06\/4528SD-smoke-detector.jpg","datePublished":"2025-01-14T13:13:21+00:00","breadcrumb":{"@id":"https:\/\/www.icy.nl\/de\/kabellos-vernetzbarer-rauchmelder\/#breadcrumb"},"inLanguage":"de","potentialAction":[{"@type":"ReadAction","target":["https:\/\/www.icy.nl\/de\/kabellos-vernetzbarer-rauchmelder\/"]}]},{"@type":"ImageObject","inLanguage":"de","@id":"https:\/\/www.icy.nl\/de\/kabellos-vernetzbarer-rauchmelder\/#primaryimage","url":"https:\/\/www.icy.nl\/wp-content\/uploads\/2016\/06\/4528SD-smoke-detector.jpg","contentUrl":"https:\/\/www.icy.nl\/wp-content\/uploads\/2016\/06\/4528SD-smoke-detector.jpg"},{"@type":"BreadcrumbList","@id":"https:\/\/www.icy.nl\/de\/kabellos-vernetzbarer-rauchmelder\/#breadcrumb","itemListElement":[{"@type":"ListItem","position":1,"name":"Home","item":"https:\/\/www.icy.nl\/de\/"},{"@type":"ListItem","position":2,"name":"Kabellos vernetzbarer Rauchmelder"}]},{"@type":"WebSite","@id":"https:\/\/www.icy.nl\/de\/#website","url":"https:\/\/www.icy.nl\/de\/","name":"ICY","description":"Smartmotica solutions","publisher":{"@id":"https:\/\/www.icy.nl\/de\/#organization"},"potentialAction":[{"@type":"SearchAction","target":{"@type":"EntryPoint","urlTemplate":"https:\/\/www.icy.nl\/de\/?s={search_term_string}"},"query-input":{"@type":"PropertyValueSpecification","valueRequired":true,"valueName":"search_term_string"}}],"inLanguage":"de"},{"@type":"Organization","@id":"https:\/\/www.icy.nl\/de\/#organization","name":"I.C.Y. B.V.","url":"https:\/\/www.icy.nl\/de\/","logo":{"@type":"ImageObject","inLanguage":"de","@id":"https:\/\/www.icy.nl\/de\/#\/schema\/logo\/image\/","url":"https:\/\/www.icy.nl\/wp-content\/uploads\/2016\/11\/logo-icy.jpg","contentUrl":"https:\/\/www.icy.nl\/wp-content\/uploads\/2016\/11\/logo-icy.jpg","width":400,"height":101,"caption":"I.C.Y. B.V."},"image":{"@id":"https:\/\/www.icy.nl\/de\/#\/schema\/logo\/image\/"}}]}},"coauthors":[],"author_meta":{"author_link":"https:\/\/www.icy.nl\/de\/author\/daniel\/","display_name":"Daniel van de Kamp"},"relative_dates":{"created":"Posted 1\u00a0Jahr ago","modified":"Updated 1\u00a0Jahr ago"},"absolute_dates":{"created":"Posted on 14. Januar 2025","modified":"Updated on 14. Januar 2025"},"absolute_dates_time":{"created":"Posted on 14. Januar 2025 14:13","modified":"Updated on 14. Januar 2025 14:13"},"featured_img_caption":"","featured_img":false,"series_order":"","_links":{"self":[{"href":"https:\/\/www.icy.nl\/de\/wp-json\/wp\/v2\/pages\/57680","targetHints":{"allow":["GET"]}}],"collection":[{"href":"https:\/\/www.icy.nl\/de\/wp-json\/wp\/v2\/pages"}],"about":[{"href":"https:\/\/www.icy.nl\/de\/wp-json\/wp\/v2\/types\/page"}],"author":[{"embeddable":true,"href":"https:\/\/www.icy.nl\/de\/wp-json\/wp\/v2\/users\/2946"}],"replies":[{"embeddable":true,"href":"https:\/\/www.icy.nl\/de\/wp-json\/wp\/v2\/comments?post=57680"}],"version-history":[{"count":0,"href":"https:\/\/www.icy.nl\/de\/wp-json\/wp\/v2\/pages\/57680\/revisions"}],"wp:attachment":[{"href":"https:\/\/www.icy.nl\/de\/wp-json\/wp\/v2\/media?parent=57680"}],"curies":[{"name":"wp","href":"https:\/\/api.w.org\/{rel}","templated":true}]}}