{"id":57693,"date":"2025-01-14T14:23:33","date_gmt":"2025-01-14T13:23:33","guid":{"rendered":"https:\/\/www.icy.nl\/wer-sind-die-hauptverbraucher-auf-ihrem-campingplatz-und-in-ihrem-yachthafen\/"},"modified":"2025-01-14T14:23:33","modified_gmt":"2025-01-14T13:23:33","slug":"wer-sind-die-hauptverbraucher-auf-ihrem-campingplatz-und-in-ihrem-yachthafen","status":"publish","type":"page","link":"https:\/\/www.icy.nl\/de\/wer-sind-die-hauptverbraucher-auf-ihrem-campingplatz-und-in-ihrem-yachthafen\/","title":{"rendered":"Wer sind die Hauptverbraucher auf Ihrem Campingplatz und in Ihrem Yachthafen?"},"content":{"rendered":"\n<p>Leistung und Verbrauch sind manchmal Begriffe, die man sich nicht sofort vor Augen f\u00fchrt. Denn was bedeutet es, beispielsweise 4 kWh pro Tag anzubieten, wie es die ACSI-Organisation von einem Campingplatz verlangt? Und wie schnell ist das aufgebraucht?   <\/p>\n\n<p>Um dies zu verdeutlichen, haben wir nachfolgend einige typische Verbraucher von Campingg\u00e4sten und Sportschiffern aufgelistet. <\/p>\n\n<p>Daraus ergibt sich, dass wenn Ihr Gast beispielsweise einen Elektroheizer im Vorzelt f\u00fcr 2 Stunden einschaltet, bereits 4kWh verbraucht sind. <\/p>\n\n<p><\/p>\n\n<div class=\"wp-block-columns is-layout-flex wp-container-core-columns-is-layout-9d6595d7 wp-block-columns-is-layout-flex\">\n<div class=\"wp-block-column is-layout-flow wp-block-column-is-layout-flow\">\n<figure class=\"wp-block-image size-large\"><img loading=\"lazy\" decoding=\"async\" width=\"600\" height=\"600\" src=\"https:\/\/www.icy.nl\/wp-content\/uploads\/2020\/07\/elektrische-bbq.jpg\" alt=\"\" class=\"wp-image-31522\" srcset=\"https:\/\/www.icy.nl\/wp-content\/uploads\/2020\/07\/elektrische-bbq.jpg 600w, https:\/\/www.icy.nl\/wp-content\/uploads\/2020\/07\/elektrische-bbq-300x300.jpg 300w, https:\/\/www.icy.nl\/wp-content\/uploads\/2020\/07\/elektrische-bbq-150x150.jpg 150w, https:\/\/www.icy.nl\/wp-content\/uploads\/2020\/07\/elektrische-bbq-100x100.jpg 100w, https:\/\/www.icy.nl\/wp-content\/uploads\/2020\/07\/elektrische-bbq-366x366.jpg 366w\" sizes=\"auto, (max-width: 600px) 100vw, 600px\" \/><\/figure>\n\n\n\n<figure class=\"wp-block-image size-large\"><img loading=\"lazy\" decoding=\"async\" width=\"600\" height=\"600\" src=\"https:\/\/www.icy.nl\/wp-content\/uploads\/2020\/07\/koelkast.jpg\" alt=\"\" class=\"wp-image-31535\" srcset=\"https:\/\/www.icy.nl\/wp-content\/uploads\/2020\/07\/koelkast.jpg 600w, https:\/\/www.icy.nl\/wp-content\/uploads\/2020\/07\/koelkast-300x300.jpg 300w, https:\/\/www.icy.nl\/wp-content\/uploads\/2020\/07\/koelkast-150x150.jpg 150w, https:\/\/www.icy.nl\/wp-content\/uploads\/2020\/07\/koelkast-100x100.jpg 100w, https:\/\/www.icy.nl\/wp-content\/uploads\/2020\/07\/koelkast-366x366.jpg 366w\" sizes=\"auto, (max-width: 600px) 100vw, 600px\" \/><\/figure>\n\n\n\n<figure class=\"wp-block-image size-large\"><img loading=\"lazy\" decoding=\"async\" width=\"600\" height=\"600\" src=\"https:\/\/www.icy.nl\/wp-content\/uploads\/2020\/07\/fohn.jpg\" alt=\"\" class=\"wp-image-31548\" srcset=\"https:\/\/www.icy.nl\/wp-content\/uploads\/2020\/07\/fohn.jpg 600w, https:\/\/www.icy.nl\/wp-content\/uploads\/2020\/07\/fohn-300x300.jpg 300w, https:\/\/www.icy.nl\/wp-content\/uploads\/2020\/07\/fohn-150x150.jpg 150w, https:\/\/www.icy.nl\/wp-content\/uploads\/2020\/07\/fohn-100x100.jpg 100w, https:\/\/www.icy.nl\/wp-content\/uploads\/2020\/07\/fohn-366x366.jpg 366w\" sizes=\"auto, (max-width: 600px) 100vw, 600px\" \/><\/figure>\n\n\n\n<figure class=\"wp-block-image size-large\"><img loading=\"lazy\" decoding=\"async\" width=\"600\" height=\"600\" src=\"https:\/\/www.icy.nl\/wp-content\/uploads\/2020\/08\/absorptie-koelkast.jpg\" alt=\"\" class=\"wp-image-31662\" srcset=\"https:\/\/www.icy.nl\/wp-content\/uploads\/2020\/08\/absorptie-koelkast.jpg 600w, https:\/\/www.icy.nl\/wp-content\/uploads\/2020\/08\/absorptie-koelkast-300x300.jpg 300w, https:\/\/www.icy.nl\/wp-content\/uploads\/2020\/08\/absorptie-koelkast-150x150.jpg 150w, https:\/\/www.icy.nl\/wp-content\/uploads\/2020\/08\/absorptie-koelkast-100x100.jpg 100w, https:\/\/www.icy.nl\/wp-content\/uploads\/2020\/08\/absorptie-koelkast-366x366.jpg 366w\" sizes=\"auto, (max-width: 600px) 100vw, 600px\" \/><\/figure>\n<\/div>\n\n\n\n<div class=\"wp-block-column is-layout-flow wp-block-column-is-layout-flow\">\n<figure class=\"wp-block-image size-large\"><img loading=\"lazy\" decoding=\"async\" width=\"600\" height=\"600\" src=\"https:\/\/www.icy.nl\/wp-content\/uploads\/2020\/07\/elektrische-kachel.jpg\" alt=\"\" class=\"wp-image-31526\" srcset=\"https:\/\/www.icy.nl\/wp-content\/uploads\/2020\/07\/elektrische-kachel.jpg 600w, https:\/\/www.icy.nl\/wp-content\/uploads\/2020\/07\/elektrische-kachel-300x300.jpg 300w, https:\/\/www.icy.nl\/wp-content\/uploads\/2020\/07\/elektrische-kachel-150x150.jpg 150w, https:\/\/www.icy.nl\/wp-content\/uploads\/2020\/07\/elektrische-kachel-100x100.jpg 100w, https:\/\/www.icy.nl\/wp-content\/uploads\/2020\/07\/elektrische-kachel-366x366.jpg 366w\" sizes=\"auto, (max-width: 600px) 100vw, 600px\" \/><\/figure>\n\n\n\n<figure class=\"wp-block-image size-large\"><img loading=\"lazy\" decoding=\"async\" width=\"600\" height=\"600\" src=\"https:\/\/www.icy.nl\/wp-content\/uploads\/2020\/07\/stofzuiger-1.jpg\" alt=\"\" class=\"wp-image-31560\" srcset=\"https:\/\/www.icy.nl\/wp-content\/uploads\/2020\/07\/stofzuiger-1.jpg 600w, https:\/\/www.icy.nl\/wp-content\/uploads\/2020\/07\/stofzuiger-1-300x300.jpg 300w, https:\/\/www.icy.nl\/wp-content\/uploads\/2020\/07\/stofzuiger-1-150x150.jpg 150w, https:\/\/www.icy.nl\/wp-content\/uploads\/2020\/07\/stofzuiger-1-100x100.jpg 100w, https:\/\/www.icy.nl\/wp-content\/uploads\/2020\/07\/stofzuiger-1-366x366.jpg 366w\" sizes=\"auto, (max-width: 600px) 100vw, 600px\" \/><\/figure>\n\n\n\n<figure class=\"wp-block-image size-large\"><img loading=\"lazy\" decoding=\"async\" width=\"600\" height=\"600\" src=\"https:\/\/www.icy.nl\/wp-content\/uploads\/2020\/07\/oven.jpg\" alt=\"\" class=\"wp-image-31552\" srcset=\"https:\/\/www.icy.nl\/wp-content\/uploads\/2020\/07\/oven.jpg 600w, https:\/\/www.icy.nl\/wp-content\/uploads\/2020\/07\/oven-300x300.jpg 300w, https:\/\/www.icy.nl\/wp-content\/uploads\/2020\/07\/oven-150x150.jpg 150w, https:\/\/www.icy.nl\/wp-content\/uploads\/2020\/07\/oven-100x100.jpg 100w, https:\/\/www.icy.nl\/wp-content\/uploads\/2020\/07\/oven-366x366.jpg 366w\" sizes=\"auto, (max-width: 600px) 100vw, 600px\" \/><\/figure>\n<\/div>\n\n\n\n<div class=\"wp-block-column is-layout-flow wp-block-column-is-layout-flow\">\n<figure class=\"wp-block-image size-large\"><img loading=\"lazy\" decoding=\"async\" width=\"600\" height=\"600\" src=\"https:\/\/www.icy.nl\/wp-content\/uploads\/2020\/07\/elektrsiche-verwarming.jpg\" alt=\"\" class=\"wp-image-31530\" srcset=\"https:\/\/www.icy.nl\/wp-content\/uploads\/2020\/07\/elektrsiche-verwarming.jpg 600w, https:\/\/www.icy.nl\/wp-content\/uploads\/2020\/07\/elektrsiche-verwarming-300x300.jpg 300w, https:\/\/www.icy.nl\/wp-content\/uploads\/2020\/07\/elektrsiche-verwarming-150x150.jpg 150w, https:\/\/www.icy.nl\/wp-content\/uploads\/2020\/07\/elektrsiche-verwarming-100x100.jpg 100w, https:\/\/www.icy.nl\/wp-content\/uploads\/2020\/07\/elektrsiche-verwarming-366x366.jpg 366w\" sizes=\"auto, (max-width: 600px) 100vw, 600px\" \/><\/figure>\n\n\n\n<figure class=\"wp-block-image size-large\"><img loading=\"lazy\" decoding=\"async\" width=\"600\" height=\"600\" src=\"https:\/\/www.icy.nl\/wp-content\/uploads\/2020\/07\/senseo.jpg\" alt=\"\" class=\"wp-image-31544\" srcset=\"https:\/\/www.icy.nl\/wp-content\/uploads\/2020\/07\/senseo.jpg 600w, https:\/\/www.icy.nl\/wp-content\/uploads\/2020\/07\/senseo-300x300.jpg 300w, https:\/\/www.icy.nl\/wp-content\/uploads\/2020\/07\/senseo-150x150.jpg 150w, https:\/\/www.icy.nl\/wp-content\/uploads\/2020\/07\/senseo-100x100.jpg 100w, https:\/\/www.icy.nl\/wp-content\/uploads\/2020\/07\/senseo-366x366.jpg 366w\" sizes=\"auto, (max-width: 600px) 100vw, 600px\" \/><\/figure>\n\n\n\n<figure class=\"wp-block-image size-large\"><img loading=\"lazy\" decoding=\"async\" width=\"600\" height=\"600\" src=\"https:\/\/www.icy.nl\/wp-content\/uploads\/2020\/07\/broodrooster-2.jpg\" alt=\"\" class=\"wp-image-31572\" srcset=\"https:\/\/www.icy.nl\/wp-content\/uploads\/2020\/07\/broodrooster-2.jpg 600w, https:\/\/www.icy.nl\/wp-content\/uploads\/2020\/07\/broodrooster-2-300x300.jpg 300w, https:\/\/www.icy.nl\/wp-content\/uploads\/2020\/07\/broodrooster-2-150x150.jpg 150w, https:\/\/www.icy.nl\/wp-content\/uploads\/2020\/07\/broodrooster-2-100x100.jpg 100w, https:\/\/www.icy.nl\/wp-content\/uploads\/2020\/07\/broodrooster-2-366x366.jpg 366w\" sizes=\"auto, (max-width: 600px) 100vw, 600px\" \/><\/figure>\n<\/div>\n<\/div>\n\n<p>Beim ICY Campsite Management und ICY Marina Management haben Sie die M\u00f6glichkeit, nach tats\u00e4chlichem Verbrauch zu bezahlen. Oder die Steckdose standardm\u00e4\u00dfig auf 6A zu begrenzen. Wer mehr konsumieren m\u00f6chte, kann daf\u00fcr einen Aufpreis zahlen. Die meisten Elektroheizungen fallen in die Kategorie, f\u00fcr die eine zus\u00e4tzliche Zahlung erforderlich ist.    <\/p>\n\n<p>Weitere Informationen erhalten? sehe <a href=\"https:\/\/www.icy.nl\/de\/icy-campsite-management-drahtlose-stromverwaltung-auf-campingplaetzen\/\">ICY Campsite Management<\/a> oder <a href=\"https:\/\/www.icy.nl\/de\/icy-marina-management-drahtlose-stromverwaltung-auf-yachthaefen\/\">ICY Marina Management<\/a>.<\/p>\n","protected":false},"excerpt":{"rendered":"<p>Leistung und Verbrauch sind manchmal Begriffe, die man sich nicht sofort vor Augen f\u00fchrt. Denn was bedeutet es, beispielsweise 4 kWh pro Tag anzubieten, wie es die ACSI-Organisation von einem Campingplatz verlangt? Und wie schnell ist das aufgebraucht? Um dies zu verdeutlichen, haben wir nachfolgend einige typische Verbraucher von Campingg\u00e4sten und Sportschiffern aufgelistet. Daraus ergibt [&hellip;]<\/p>\n","protected":false},"author":2946,"featured_media":0,"parent":0,"menu_order":0,"comment_status":"closed","ping_status":"closed","template":"","meta":{"advgb_blocks_editor_width":"","advgb_blocks_columns_visual_guide":"","_genesis_hide_title":false,"_genesis_hide_breadcrumbs":false,"_genesis_hide_singular_image":false,"_genesis_hide_footer_widgets":false,"_genesis_custom_body_class":"","_genesis_custom_post_class":"","_genesis_layout":"","footnotes":""},"class_list":{"0":"post-57693","1":"page","2":"type-page","3":"status-publish","5":"entry","6":"has-post-thumbnail"},"yoast_head":"<!-- This site is optimized with the Yoast SEO plugin v27.3 - https:\/\/yoast.com\/product\/yoast-seo-wordpress\/ -->\n<title>Wer sind die Hauptverbraucher auf Ihrem Campingplatz und in Ihrem Yachthafen? - ICY<\/title>\n<meta name=\"robots\" content=\"index, follow, max-snippet:-1, max-image-preview:large, max-video-preview:-1\" \/>\n<link rel=\"canonical\" href=\"https:\/\/www.icy.nl\/de\/wer-sind-die-hauptverbraucher-auf-ihrem-campingplatz-und-in-ihrem-yachthafen\/\" \/>\n<meta property=\"og:locale\" content=\"de_DE\" \/>\n<meta property=\"og:type\" content=\"article\" \/>\n<meta property=\"og:title\" content=\"Wer sind die Hauptverbraucher auf Ihrem Campingplatz und in Ihrem Yachthafen? - ICY\" \/>\n<meta property=\"og:description\" content=\"Leistung und Verbrauch sind manchmal Begriffe, die man sich nicht sofort vor Augen f\u00fchrt. Denn was bedeutet es, beispielsweise 4 kWh pro Tag anzubieten, wie es die ACSI-Organisation von einem Campingplatz verlangt? Und wie schnell ist das aufgebraucht? Um dies zu verdeutlichen, haben wir nachfolgend einige typische Verbraucher von Campingg\u00e4sten und Sportschiffern aufgelistet. Daraus ergibt [&hellip;]\" \/>\n<meta property=\"og:url\" content=\"https:\/\/www.icy.nl\/de\/wer-sind-die-hauptverbraucher-auf-ihrem-campingplatz-und-in-ihrem-yachthafen\/\" \/>\n<meta property=\"og:site_name\" content=\"ICY\" \/>\n<meta property=\"og:image\" content=\"https:\/\/www.icy.nl\/wp-content\/uploads\/2020\/07\/elektrische-bbq.jpg\" \/>\n\t<meta property=\"og:image:width\" content=\"600\" \/>\n\t<meta property=\"og:image:height\" content=\"600\" \/>\n\t<meta property=\"og:image:type\" content=\"image\/jpeg\" \/>\n<meta name=\"twitter:card\" content=\"summary_large_image\" \/>\n<meta name=\"twitter:label1\" content=\"Gesch\u00e4tzte Lesezeit\" \/>\n\t<meta name=\"twitter:data1\" content=\"1\u00a0Minute\" \/>\n<script type=\"application\/ld+json\" class=\"yoast-schema-graph\">{\"@context\":\"https:\\\/\\\/schema.org\",\"@graph\":[{\"@type\":\"WebPage\",\"@id\":\"https:\\\/\\\/www.icy.nl\\\/de\\\/wer-sind-die-hauptverbraucher-auf-ihrem-campingplatz-und-in-ihrem-yachthafen\\\/\",\"url\":\"https:\\\/\\\/www.icy.nl\\\/de\\\/wer-sind-die-hauptverbraucher-auf-ihrem-campingplatz-und-in-ihrem-yachthafen\\\/\",\"name\":\"Wer sind die Hauptverbraucher auf Ihrem Campingplatz und in Ihrem Yachthafen? - ICY\",\"isPartOf\":{\"@id\":\"https:\\\/\\\/www.icy.nl\\\/de\\\/#website\"},\"primaryImageOfPage\":{\"@id\":\"https:\\\/\\\/www.icy.nl\\\/de\\\/wer-sind-die-hauptverbraucher-auf-ihrem-campingplatz-und-in-ihrem-yachthafen\\\/#primaryimage\"},\"image\":{\"@id\":\"https:\\\/\\\/www.icy.nl\\\/de\\\/wer-sind-die-hauptverbraucher-auf-ihrem-campingplatz-und-in-ihrem-yachthafen\\\/#primaryimage\"},\"thumbnailUrl\":\"https:\\\/\\\/www.icy.nl\\\/wp-content\\\/uploads\\\/2020\\\/07\\\/elektrische-bbq.jpg\",\"datePublished\":\"2025-01-14T13:23:33+00:00\",\"breadcrumb\":{\"@id\":\"https:\\\/\\\/www.icy.nl\\\/de\\\/wer-sind-die-hauptverbraucher-auf-ihrem-campingplatz-und-in-ihrem-yachthafen\\\/#breadcrumb\"},\"inLanguage\":\"de\",\"potentialAction\":[{\"@type\":\"ReadAction\",\"target\":[\"https:\\\/\\\/www.icy.nl\\\/de\\\/wer-sind-die-hauptverbraucher-auf-ihrem-campingplatz-und-in-ihrem-yachthafen\\\/\"]}]},{\"@type\":\"ImageObject\",\"inLanguage\":\"de\",\"@id\":\"https:\\\/\\\/www.icy.nl\\\/de\\\/wer-sind-die-hauptverbraucher-auf-ihrem-campingplatz-und-in-ihrem-yachthafen\\\/#primaryimage\",\"url\":\"https:\\\/\\\/www.icy.nl\\\/wp-content\\\/uploads\\\/2020\\\/07\\\/elektrische-bbq.jpg\",\"contentUrl\":\"https:\\\/\\\/www.icy.nl\\\/wp-content\\\/uploads\\\/2020\\\/07\\\/elektrische-bbq.jpg\"},{\"@type\":\"BreadcrumbList\",\"@id\":\"https:\\\/\\\/www.icy.nl\\\/de\\\/wer-sind-die-hauptverbraucher-auf-ihrem-campingplatz-und-in-ihrem-yachthafen\\\/#breadcrumb\",\"itemListElement\":[{\"@type\":\"ListItem\",\"position\":1,\"name\":\"Home\",\"item\":\"https:\\\/\\\/www.icy.nl\\\/de\\\/\"},{\"@type\":\"ListItem\",\"position\":2,\"name\":\"Wer sind die Hauptverbraucher auf Ihrem Campingplatz und in Ihrem Yachthafen?\"}]},{\"@type\":\"WebSite\",\"@id\":\"https:\\\/\\\/www.icy.nl\\\/de\\\/#website\",\"url\":\"https:\\\/\\\/www.icy.nl\\\/de\\\/\",\"name\":\"ICY\",\"description\":\"Smartmotica solutions\",\"publisher\":{\"@id\":\"https:\\\/\\\/www.icy.nl\\\/de\\\/#organization\"},\"potentialAction\":[{\"@type\":\"SearchAction\",\"target\":{\"@type\":\"EntryPoint\",\"urlTemplate\":\"https:\\\/\\\/www.icy.nl\\\/de\\\/?s={search_term_string}\"},\"query-input\":{\"@type\":\"PropertyValueSpecification\",\"valueRequired\":true,\"valueName\":\"search_term_string\"}}],\"inLanguage\":\"de\"},{\"@type\":\"Organization\",\"@id\":\"https:\\\/\\\/www.icy.nl\\\/de\\\/#organization\",\"name\":\"I.C.Y. B.V.\",\"url\":\"https:\\\/\\\/www.icy.nl\\\/de\\\/\",\"logo\":{\"@type\":\"ImageObject\",\"inLanguage\":\"de\",\"@id\":\"https:\\\/\\\/www.icy.nl\\\/de\\\/#\\\/schema\\\/logo\\\/image\\\/\",\"url\":\"https:\\\/\\\/www.icy.nl\\\/wp-content\\\/uploads\\\/2016\\\/11\\\/logo-icy.jpg\",\"contentUrl\":\"https:\\\/\\\/www.icy.nl\\\/wp-content\\\/uploads\\\/2016\\\/11\\\/logo-icy.jpg\",\"width\":400,\"height\":101,\"caption\":\"I.C.Y. B.V.\"},\"image\":{\"@id\":\"https:\\\/\\\/www.icy.nl\\\/de\\\/#\\\/schema\\\/logo\\\/image\\\/\"}}]}<\/script>\n<!-- \/ Yoast SEO plugin. -->","yoast_head_json":{"title":"Wer sind die Hauptverbraucher auf Ihrem Campingplatz und in Ihrem Yachthafen? - ICY","robots":{"index":"index","follow":"follow","max-snippet":"max-snippet:-1","max-image-preview":"max-image-preview:large","max-video-preview":"max-video-preview:-1"},"canonical":"https:\/\/www.icy.nl\/de\/wer-sind-die-hauptverbraucher-auf-ihrem-campingplatz-und-in-ihrem-yachthafen\/","og_locale":"de_DE","og_type":"article","og_title":"Wer sind die Hauptverbraucher auf Ihrem Campingplatz und in Ihrem Yachthafen? - ICY","og_description":"Leistung und Verbrauch sind manchmal Begriffe, die man sich nicht sofort vor Augen f\u00fchrt. Denn was bedeutet es, beispielsweise 4 kWh pro Tag anzubieten, wie es die ACSI-Organisation von einem Campingplatz verlangt? Und wie schnell ist das aufgebraucht? Um dies zu verdeutlichen, haben wir nachfolgend einige typische Verbraucher von Campingg\u00e4sten und Sportschiffern aufgelistet. Daraus ergibt [&hellip;]","og_url":"https:\/\/www.icy.nl\/de\/wer-sind-die-hauptverbraucher-auf-ihrem-campingplatz-und-in-ihrem-yachthafen\/","og_site_name":"ICY","og_image":[{"width":600,"height":600,"url":"https:\/\/www.icy.nl\/wp-content\/uploads\/2020\/07\/elektrische-bbq.jpg","type":"image\/jpeg"}],"twitter_card":"summary_large_image","twitter_misc":{"Gesch\u00e4tzte Lesezeit":"1\u00a0Minute"},"schema":{"@context":"https:\/\/schema.org","@graph":[{"@type":"WebPage","@id":"https:\/\/www.icy.nl\/de\/wer-sind-die-hauptverbraucher-auf-ihrem-campingplatz-und-in-ihrem-yachthafen\/","url":"https:\/\/www.icy.nl\/de\/wer-sind-die-hauptverbraucher-auf-ihrem-campingplatz-und-in-ihrem-yachthafen\/","name":"Wer sind die Hauptverbraucher auf Ihrem Campingplatz und in Ihrem Yachthafen? - ICY","isPartOf":{"@id":"https:\/\/www.icy.nl\/de\/#website"},"primaryImageOfPage":{"@id":"https:\/\/www.icy.nl\/de\/wer-sind-die-hauptverbraucher-auf-ihrem-campingplatz-und-in-ihrem-yachthafen\/#primaryimage"},"image":{"@id":"https:\/\/www.icy.nl\/de\/wer-sind-die-hauptverbraucher-auf-ihrem-campingplatz-und-in-ihrem-yachthafen\/#primaryimage"},"thumbnailUrl":"https:\/\/www.icy.nl\/wp-content\/uploads\/2020\/07\/elektrische-bbq.jpg","datePublished":"2025-01-14T13:23:33+00:00","breadcrumb":{"@id":"https:\/\/www.icy.nl\/de\/wer-sind-die-hauptverbraucher-auf-ihrem-campingplatz-und-in-ihrem-yachthafen\/#breadcrumb"},"inLanguage":"de","potentialAction":[{"@type":"ReadAction","target":["https:\/\/www.icy.nl\/de\/wer-sind-die-hauptverbraucher-auf-ihrem-campingplatz-und-in-ihrem-yachthafen\/"]}]},{"@type":"ImageObject","inLanguage":"de","@id":"https:\/\/www.icy.nl\/de\/wer-sind-die-hauptverbraucher-auf-ihrem-campingplatz-und-in-ihrem-yachthafen\/#primaryimage","url":"https:\/\/www.icy.nl\/wp-content\/uploads\/2020\/07\/elektrische-bbq.jpg","contentUrl":"https:\/\/www.icy.nl\/wp-content\/uploads\/2020\/07\/elektrische-bbq.jpg"},{"@type":"BreadcrumbList","@id":"https:\/\/www.icy.nl\/de\/wer-sind-die-hauptverbraucher-auf-ihrem-campingplatz-und-in-ihrem-yachthafen\/#breadcrumb","itemListElement":[{"@type":"ListItem","position":1,"name":"Home","item":"https:\/\/www.icy.nl\/de\/"},{"@type":"ListItem","position":2,"name":"Wer sind die Hauptverbraucher auf Ihrem Campingplatz und in Ihrem Yachthafen?"}]},{"@type":"WebSite","@id":"https:\/\/www.icy.nl\/de\/#website","url":"https:\/\/www.icy.nl\/de\/","name":"ICY","description":"Smartmotica solutions","publisher":{"@id":"https:\/\/www.icy.nl\/de\/#organization"},"potentialAction":[{"@type":"SearchAction","target":{"@type":"EntryPoint","urlTemplate":"https:\/\/www.icy.nl\/de\/?s={search_term_string}"},"query-input":{"@type":"PropertyValueSpecification","valueRequired":true,"valueName":"search_term_string"}}],"inLanguage":"de"},{"@type":"Organization","@id":"https:\/\/www.icy.nl\/de\/#organization","name":"I.C.Y. B.V.","url":"https:\/\/www.icy.nl\/de\/","logo":{"@type":"ImageObject","inLanguage":"de","@id":"https:\/\/www.icy.nl\/de\/#\/schema\/logo\/image\/","url":"https:\/\/www.icy.nl\/wp-content\/uploads\/2016\/11\/logo-icy.jpg","contentUrl":"https:\/\/www.icy.nl\/wp-content\/uploads\/2016\/11\/logo-icy.jpg","width":400,"height":101,"caption":"I.C.Y. B.V."},"image":{"@id":"https:\/\/www.icy.nl\/de\/#\/schema\/logo\/image\/"}}]}},"coauthors":[],"author_meta":{"author_link":"https:\/\/www.icy.nl\/de\/author\/daniel\/","display_name":"Daniel van de Kamp"},"relative_dates":{"created":"Posted 1\u00a0Jahr ago","modified":"Updated 1\u00a0Jahr ago"},"absolute_dates":{"created":"Posted on 14. Januar 2025","modified":"Updated on 14. Januar 2025"},"absolute_dates_time":{"created":"Posted on 14. Januar 2025 14:23","modified":"Updated on 14. Januar 2025 14:23"},"featured_img_caption":"","featured_img":false,"series_order":"","_links":{"self":[{"href":"https:\/\/www.icy.nl\/de\/wp-json\/wp\/v2\/pages\/57693","targetHints":{"allow":["GET"]}}],"collection":[{"href":"https:\/\/www.icy.nl\/de\/wp-json\/wp\/v2\/pages"}],"about":[{"href":"https:\/\/www.icy.nl\/de\/wp-json\/wp\/v2\/types\/page"}],"author":[{"embeddable":true,"href":"https:\/\/www.icy.nl\/de\/wp-json\/wp\/v2\/users\/2946"}],"replies":[{"embeddable":true,"href":"https:\/\/www.icy.nl\/de\/wp-json\/wp\/v2\/comments?post=57693"}],"version-history":[{"count":1,"href":"https:\/\/www.icy.nl\/de\/wp-json\/wp\/v2\/pages\/57693\/revisions"}],"predecessor-version":[{"id":57694,"href":"https:\/\/www.icy.nl\/de\/wp-json\/wp\/v2\/pages\/57693\/revisions\/57694"}],"wp:attachment":[{"href":"https:\/\/www.icy.nl\/de\/wp-json\/wp\/v2\/media?parent=57693"}],"curies":[{"name":"wp","href":"https:\/\/api.w.org\/{rel}","templated":true}]}}