{"id":57702,"date":"2025-01-14T14:30:34","date_gmt":"2025-01-14T13:30:34","guid":{"rendered":"https:\/\/www.icy.nl\/aufladen-von-elektroautos-auf-dem-campingplatz\/"},"modified":"2025-01-14T14:30:35","modified_gmt":"2025-01-14T13:30:35","slug":"aufladen-von-elektroautos-auf-dem-campingplatz","status":"publish","type":"page","link":"https:\/\/www.icy.nl\/de\/aufladen-von-elektroautos-auf-dem-campingplatz\/","title":{"rendered":"Aufladen von Elektroautos auf dem Campingplatz"},"content":{"rendered":"\n<p>Immer mehr Menschen fahren Elektro- oder Hybridautos. Diese m\u00fcssen auch im Urlaub aufgeladen werden und hierf\u00fcr wird oftmals der normale Stromanschluss des Campingplatzes oder Ferienhauses genutzt. Diese ist oftmals bereits im \u00dcbernachtungspreis enthalten.   <\/p>\n\n<p>Wie gehen Sie als Unternehmer damit um? Durchschnittlich fallen f\u00fcr das Aufladen eines Autos Stromkosten von etwa 8 Euro pro Tag an. Zudem sind die Standardanschl\u00fcsse oftmals nicht zum Laden eines Autos geeignet und k\u00f6nnen deshalb Sicherungen durchbrennen lassen.   <\/p>\n\n<h2 class=\"wp-block-heading\">Ladestationen auf dem Campingplatz<\/h2>\n\n<p> Die Installation von Ladestationen ist eine Option. Dies kann als Alleinstellungsmerkmal genutzt werden, allerdings reichen 4 Pole nicht aus um den Bedarf zu decken. Dann m\u00fcsste eigentlich jeder Standort eine eigene Ladestation haben. Und dann wird es eine kostspielige Angelegenheit.    <\/p>\n\n<h2 class=\"wp-block-heading\">Begrenzung des Stromverbrauchs<\/h2>\n\n<p>Eine Alternative besteht darin, den Stromverbrauch zu begrenzen. Einem Standort wird dann eine maximale Anzahl an kWh vorgegeben, die er pro Tag verbrauchen darf. Bei \u00dcberschreiten dieses Maximums wird der Strom abgeschaltet. Diese M\u00f6glichkeit bietet das <a href=\"https:\/\/www.icy.nl\/de\/icy-campsite-management-drahtlose-stromverwaltung-auf-campingplaetzen\/\">ICY Campsite Management<\/a>. Dar\u00fcber hinaus wird dadurch auch die Nutzung von Steckdosen an unbesetzten Orten verhindert. Diese werden automatisch deaktiviert, wenn an diesem Standort keine aktive Buchung vorliegt.     <\/p>\n\n<p>Auch ein Auto kann nicht mehr zum Durchbrennen der Sicherungen f\u00fchren. Bei einer zu hohen Stromst\u00e4rke schaltet das System als Warnung den Strom vor\u00fcbergehend ab.  <\/p>\n\n<h2 class=\"wp-block-heading\">Weitere Informationen<\/h2>\n\n<p>F\u00fcr weitere Informationen wenden Sie sich bitte an unsere Verkaufsabteilung unter 0+31(0)88-123 1333 oder sales@icy.nl<\/p>\n","protected":false},"excerpt":{"rendered":"<p>Immer mehr Menschen fahren Elektro- oder Hybridautos. Diese m\u00fcssen auch im Urlaub aufgeladen werden und hierf\u00fcr wird oftmals der normale Stromanschluss des Campingplatzes oder Ferienhauses genutzt. Diese ist oftmals bereits im \u00dcbernachtungspreis enthalten. Wie gehen Sie als Unternehmer damit um? Durchschnittlich fallen f\u00fcr das Aufladen eines Autos Stromkosten von etwa 8 Euro pro Tag an. [&hellip;]<\/p>\n","protected":false},"author":2946,"featured_media":45363,"parent":0,"menu_order":0,"comment_status":"closed","ping_status":"closed","template":"","meta":{"advgb_blocks_editor_width":"","advgb_blocks_columns_visual_guide":"","_genesis_hide_title":false,"_genesis_hide_breadcrumbs":false,"_genesis_hide_singular_image":false,"_genesis_hide_footer_widgets":false,"_genesis_custom_body_class":"","_genesis_custom_post_class":"","_genesis_layout":"","footnotes":""},"class_list":{"0":"post-57702","1":"page","2":"type-page","3":"status-publish","4":"has-post-thumbnail","6":"entry"},"yoast_head":"<!-- This site is optimized with the Yoast SEO plugin v27.4 - https:\/\/yoast.com\/product\/yoast-seo-wordpress\/ -->\n<title>Aufladen von Elektroautos auf dem Campingplatz - ICY<\/title>\n<meta name=\"robots\" content=\"index, follow, max-snippet:-1, max-image-preview:large, max-video-preview:-1\" \/>\n<link rel=\"canonical\" href=\"https:\/\/www.icy.nl\/de\/aufladen-von-elektroautos-auf-dem-campingplatz\/\" \/>\n<meta property=\"og:locale\" content=\"de_DE\" \/>\n<meta property=\"og:type\" content=\"article\" \/>\n<meta property=\"og:title\" content=\"Aufladen von Elektroautos auf dem Campingplatz - ICY\" \/>\n<meta property=\"og:description\" content=\"Immer mehr Menschen fahren Elektro- oder Hybridautos. Diese m\u00fcssen auch im Urlaub aufgeladen werden und hierf\u00fcr wird oftmals der normale Stromanschluss des Campingplatzes oder Ferienhauses genutzt. Diese ist oftmals bereits im \u00dcbernachtungspreis enthalten. Wie gehen Sie als Unternehmer damit um? Durchschnittlich fallen f\u00fcr das Aufladen eines Autos Stromkosten von etwa 8 Euro pro Tag an. [&hellip;]\" \/>\n<meta property=\"og:url\" content=\"https:\/\/www.icy.nl\/de\/aufladen-von-elektroautos-auf-dem-campingplatz\/\" \/>\n<meta property=\"og:site_name\" content=\"ICY\" \/>\n<meta property=\"article:modified_time\" content=\"2025-01-14T13:30:35+00:00\" \/>\n<meta property=\"og:image\" content=\"https:\/\/www.icy.nl\/wp-content\/uploads\/2022\/07\/ev-charging-laadkabel-cable-de-recharge-1.jpg\" \/>\n\t<meta property=\"og:image:width\" content=\"1200\" \/>\n\t<meta property=\"og:image:height\" content=\"349\" \/>\n\t<meta property=\"og:image:type\" content=\"image\/jpeg\" \/>\n<meta name=\"twitter:card\" content=\"summary_large_image\" \/>\n<meta name=\"twitter:label1\" content=\"Gesch\u00e4tzte Lesezeit\" \/>\n\t<meta name=\"twitter:data1\" content=\"1\u00a0Minute\" \/>\n<script type=\"application\/ld+json\" class=\"yoast-schema-graph\">{\"@context\":\"https:\\\/\\\/schema.org\",\"@graph\":[{\"@type\":\"WebPage\",\"@id\":\"https:\\\/\\\/www.icy.nl\\\/de\\\/aufladen-von-elektroautos-auf-dem-campingplatz\\\/\",\"url\":\"https:\\\/\\\/www.icy.nl\\\/de\\\/aufladen-von-elektroautos-auf-dem-campingplatz\\\/\",\"name\":\"Aufladen von Elektroautos auf dem Campingplatz - ICY\",\"isPartOf\":{\"@id\":\"https:\\\/\\\/www.icy.nl\\\/de\\\/#website\"},\"primaryImageOfPage\":{\"@id\":\"https:\\\/\\\/www.icy.nl\\\/de\\\/aufladen-von-elektroautos-auf-dem-campingplatz\\\/#primaryimage\"},\"image\":{\"@id\":\"https:\\\/\\\/www.icy.nl\\\/de\\\/aufladen-von-elektroautos-auf-dem-campingplatz\\\/#primaryimage\"},\"thumbnailUrl\":\"https:\\\/\\\/www.icy.nl\\\/wp-content\\\/uploads\\\/2022\\\/07\\\/ev-charging-laadkabel-cable-de-recharge-1.jpg\",\"datePublished\":\"2025-01-14T13:30:34+00:00\",\"dateModified\":\"2025-01-14T13:30:35+00:00\",\"breadcrumb\":{\"@id\":\"https:\\\/\\\/www.icy.nl\\\/de\\\/aufladen-von-elektroautos-auf-dem-campingplatz\\\/#breadcrumb\"},\"inLanguage\":\"de\",\"potentialAction\":[{\"@type\":\"ReadAction\",\"target\":[\"https:\\\/\\\/www.icy.nl\\\/de\\\/aufladen-von-elektroautos-auf-dem-campingplatz\\\/\"]}]},{\"@type\":\"ImageObject\",\"inLanguage\":\"de\",\"@id\":\"https:\\\/\\\/www.icy.nl\\\/de\\\/aufladen-von-elektroautos-auf-dem-campingplatz\\\/#primaryimage\",\"url\":\"https:\\\/\\\/www.icy.nl\\\/wp-content\\\/uploads\\\/2022\\\/07\\\/ev-charging-laadkabel-cable-de-recharge-1.jpg\",\"contentUrl\":\"https:\\\/\\\/www.icy.nl\\\/wp-content\\\/uploads\\\/2022\\\/07\\\/ev-charging-laadkabel-cable-de-recharge-1.jpg\",\"width\":1200,\"height\":349},{\"@type\":\"BreadcrumbList\",\"@id\":\"https:\\\/\\\/www.icy.nl\\\/de\\\/aufladen-von-elektroautos-auf-dem-campingplatz\\\/#breadcrumb\",\"itemListElement\":[{\"@type\":\"ListItem\",\"position\":1,\"name\":\"Home\",\"item\":\"https:\\\/\\\/www.icy.nl\\\/de\\\/\"},{\"@type\":\"ListItem\",\"position\":2,\"name\":\"Aufladen von Elektroautos auf dem Campingplatz\"}]},{\"@type\":\"WebSite\",\"@id\":\"https:\\\/\\\/www.icy.nl\\\/de\\\/#website\",\"url\":\"https:\\\/\\\/www.icy.nl\\\/de\\\/\",\"name\":\"ICY\",\"description\":\"Smartmotica solutions\",\"publisher\":{\"@id\":\"https:\\\/\\\/www.icy.nl\\\/de\\\/#organization\"},\"potentialAction\":[{\"@type\":\"SearchAction\",\"target\":{\"@type\":\"EntryPoint\",\"urlTemplate\":\"https:\\\/\\\/www.icy.nl\\\/de\\\/?s={search_term_string}\"},\"query-input\":{\"@type\":\"PropertyValueSpecification\",\"valueRequired\":true,\"valueName\":\"search_term_string\"}}],\"inLanguage\":\"de\"},{\"@type\":\"Organization\",\"@id\":\"https:\\\/\\\/www.icy.nl\\\/de\\\/#organization\",\"name\":\"I.C.Y. B.V.\",\"url\":\"https:\\\/\\\/www.icy.nl\\\/de\\\/\",\"logo\":{\"@type\":\"ImageObject\",\"inLanguage\":\"de\",\"@id\":\"https:\\\/\\\/www.icy.nl\\\/de\\\/#\\\/schema\\\/logo\\\/image\\\/\",\"url\":\"https:\\\/\\\/www.icy.nl\\\/wp-content\\\/uploads\\\/2016\\\/11\\\/logo-icy.jpg\",\"contentUrl\":\"https:\\\/\\\/www.icy.nl\\\/wp-content\\\/uploads\\\/2016\\\/11\\\/logo-icy.jpg\",\"width\":400,\"height\":101,\"caption\":\"I.C.Y. B.V.\"},\"image\":{\"@id\":\"https:\\\/\\\/www.icy.nl\\\/de\\\/#\\\/schema\\\/logo\\\/image\\\/\"}}]}<\/script>\n<!-- \/ Yoast SEO plugin. -->","yoast_head_json":{"title":"Aufladen von Elektroautos auf dem Campingplatz - ICY","robots":{"index":"index","follow":"follow","max-snippet":"max-snippet:-1","max-image-preview":"max-image-preview:large","max-video-preview":"max-video-preview:-1"},"canonical":"https:\/\/www.icy.nl\/de\/aufladen-von-elektroautos-auf-dem-campingplatz\/","og_locale":"de_DE","og_type":"article","og_title":"Aufladen von Elektroautos auf dem Campingplatz - ICY","og_description":"Immer mehr Menschen fahren Elektro- oder Hybridautos. Diese m\u00fcssen auch im Urlaub aufgeladen werden und hierf\u00fcr wird oftmals der normale Stromanschluss des Campingplatzes oder Ferienhauses genutzt. Diese ist oftmals bereits im \u00dcbernachtungspreis enthalten. Wie gehen Sie als Unternehmer damit um? Durchschnittlich fallen f\u00fcr das Aufladen eines Autos Stromkosten von etwa 8 Euro pro Tag an. [&hellip;]","og_url":"https:\/\/www.icy.nl\/de\/aufladen-von-elektroautos-auf-dem-campingplatz\/","og_site_name":"ICY","article_modified_time":"2025-01-14T13:30:35+00:00","og_image":[{"width":1200,"height":349,"url":"https:\/\/www.icy.nl\/wp-content\/uploads\/2022\/07\/ev-charging-laadkabel-cable-de-recharge-1.jpg","type":"image\/jpeg"}],"twitter_card":"summary_large_image","twitter_misc":{"Gesch\u00e4tzte Lesezeit":"1\u00a0Minute"},"schema":{"@context":"https:\/\/schema.org","@graph":[{"@type":"WebPage","@id":"https:\/\/www.icy.nl\/de\/aufladen-von-elektroautos-auf-dem-campingplatz\/","url":"https:\/\/www.icy.nl\/de\/aufladen-von-elektroautos-auf-dem-campingplatz\/","name":"Aufladen von Elektroautos auf dem Campingplatz - ICY","isPartOf":{"@id":"https:\/\/www.icy.nl\/de\/#website"},"primaryImageOfPage":{"@id":"https:\/\/www.icy.nl\/de\/aufladen-von-elektroautos-auf-dem-campingplatz\/#primaryimage"},"image":{"@id":"https:\/\/www.icy.nl\/de\/aufladen-von-elektroautos-auf-dem-campingplatz\/#primaryimage"},"thumbnailUrl":"https:\/\/www.icy.nl\/wp-content\/uploads\/2022\/07\/ev-charging-laadkabel-cable-de-recharge-1.jpg","datePublished":"2025-01-14T13:30:34+00:00","dateModified":"2025-01-14T13:30:35+00:00","breadcrumb":{"@id":"https:\/\/www.icy.nl\/de\/aufladen-von-elektroautos-auf-dem-campingplatz\/#breadcrumb"},"inLanguage":"de","potentialAction":[{"@type":"ReadAction","target":["https:\/\/www.icy.nl\/de\/aufladen-von-elektroautos-auf-dem-campingplatz\/"]}]},{"@type":"ImageObject","inLanguage":"de","@id":"https:\/\/www.icy.nl\/de\/aufladen-von-elektroautos-auf-dem-campingplatz\/#primaryimage","url":"https:\/\/www.icy.nl\/wp-content\/uploads\/2022\/07\/ev-charging-laadkabel-cable-de-recharge-1.jpg","contentUrl":"https:\/\/www.icy.nl\/wp-content\/uploads\/2022\/07\/ev-charging-laadkabel-cable-de-recharge-1.jpg","width":1200,"height":349},{"@type":"BreadcrumbList","@id":"https:\/\/www.icy.nl\/de\/aufladen-von-elektroautos-auf-dem-campingplatz\/#breadcrumb","itemListElement":[{"@type":"ListItem","position":1,"name":"Home","item":"https:\/\/www.icy.nl\/de\/"},{"@type":"ListItem","position":2,"name":"Aufladen von Elektroautos auf dem Campingplatz"}]},{"@type":"WebSite","@id":"https:\/\/www.icy.nl\/de\/#website","url":"https:\/\/www.icy.nl\/de\/","name":"ICY","description":"Smartmotica solutions","publisher":{"@id":"https:\/\/www.icy.nl\/de\/#organization"},"potentialAction":[{"@type":"SearchAction","target":{"@type":"EntryPoint","urlTemplate":"https:\/\/www.icy.nl\/de\/?s={search_term_string}"},"query-input":{"@type":"PropertyValueSpecification","valueRequired":true,"valueName":"search_term_string"}}],"inLanguage":"de"},{"@type":"Organization","@id":"https:\/\/www.icy.nl\/de\/#organization","name":"I.C.Y. B.V.","url":"https:\/\/www.icy.nl\/de\/","logo":{"@type":"ImageObject","inLanguage":"de","@id":"https:\/\/www.icy.nl\/de\/#\/schema\/logo\/image\/","url":"https:\/\/www.icy.nl\/wp-content\/uploads\/2016\/11\/logo-icy.jpg","contentUrl":"https:\/\/www.icy.nl\/wp-content\/uploads\/2016\/11\/logo-icy.jpg","width":400,"height":101,"caption":"I.C.Y. B.V."},"image":{"@id":"https:\/\/www.icy.nl\/de\/#\/schema\/logo\/image\/"}}]}},"coauthors":[],"author_meta":{"author_link":"https:\/\/www.icy.nl\/de\/author\/daniel\/","display_name":"Daniel van de Kamp"},"relative_dates":{"created":"Posted 1\u00a0Jahr ago","modified":"Updated 1\u00a0Jahr ago"},"absolute_dates":{"created":"Posted on 14. Januar 2025","modified":"Updated on 14. Januar 2025"},"absolute_dates_time":{"created":"Posted on 14. Januar 2025 14:30","modified":"Updated on 14. Januar 2025 14:30"},"featured_img_caption":"","featured_img":"https:\/\/www.icy.nl\/wp-content\/uploads\/2022\/07\/ev-charging-laadkabel-cable-de-recharge-1.jpg","series_order":"","_links":{"self":[{"href":"https:\/\/www.icy.nl\/de\/wp-json\/wp\/v2\/pages\/57702","targetHints":{"allow":["GET"]}}],"collection":[{"href":"https:\/\/www.icy.nl\/de\/wp-json\/wp\/v2\/pages"}],"about":[{"href":"https:\/\/www.icy.nl\/de\/wp-json\/wp\/v2\/types\/page"}],"author":[{"embeddable":true,"href":"https:\/\/www.icy.nl\/de\/wp-json\/wp\/v2\/users\/2946"}],"replies":[{"embeddable":true,"href":"https:\/\/www.icy.nl\/de\/wp-json\/wp\/v2\/comments?post=57702"}],"version-history":[{"count":1,"href":"https:\/\/www.icy.nl\/de\/wp-json\/wp\/v2\/pages\/57702\/revisions"}],"predecessor-version":[{"id":57703,"href":"https:\/\/www.icy.nl\/de\/wp-json\/wp\/v2\/pages\/57702\/revisions\/57703"}],"wp:featuredmedia":[{"embeddable":true,"href":"https:\/\/www.icy.nl\/de\/wp-json\/wp\/v2\/media\/45363"}],"wp:attachment":[{"href":"https:\/\/www.icy.nl\/de\/wp-json\/wp\/v2\/media?parent=57702"}],"curies":[{"name":"wp","href":"https:\/\/api.w.org\/{rel}","templated":true}]}}