{"id":57709,"date":"2025-01-14T14:33:26","date_gmt":"2025-01-14T13:33:26","guid":{"rendered":"https:\/\/www.icy.nl\/geringerer-gasverbrauch-im-ferienhaus\/"},"modified":"2025-01-14T14:33:26","modified_gmt":"2025-01-14T13:33:26","slug":"geringerer-gasverbrauch-im-ferienhaus","status":"publish","type":"page","link":"https:\/\/www.icy.nl\/de\/geringerer-gasverbrauch-im-ferienhaus\/","title":{"rendered":"Geringerer Gasverbrauch im Ferienhaus"},"content":{"rendered":"\n<p>Da die Gaspreise in die H\u00f6he schie\u00dfen und in den kommenden Monaten voraussichtlich noch weiter steigen werden, ist es f\u00fcr Ferienhausbesitzer unerl\u00e4sslich, ihren Gasverbrauch zu senken. Mit dem <a href=\"https:\/\/www.icy.nl\/de\/produkt\/icy1845tt-timer-thermostat\/\">Energiesparthermostat<\/a> von ICY verbrauchen Sie sofort weniger. Durch die Anwesenheitserkennung wird sichergestellt, dass in Ihrer Wohnung oder Ihrem Ferienhaus nie unn\u00f6tig geheizt wird. Bei Abwesenheit des Mieters oder wenn keine Buchung vorliegt, wird das Thermostat automatisch auf eine niedrigere Temperatur gestellt. Bei normalen Gaspreisen amortisiert sich dieser Thermostat in der Regel innerhalb von 2 Jahren. Bei den aktuellen Gaspreisen haben Sie den Kaufpreis bereits innerhalb einer Heizsaison wieder amortisiert.      <\/p>\n\n<p># Gas sparen, Energiesparen, Ferienhaus, Ferienwohnung, weniger Gasverbrauch, Ferienpark, Chalet, Mietunterkunft.<\/p>\n","protected":false},"excerpt":{"rendered":"<p>Da die Gaspreise in die H\u00f6he schie\u00dfen und in den kommenden Monaten voraussichtlich noch weiter steigen werden, ist es f\u00fcr Ferienhausbesitzer unerl\u00e4sslich, ihren Gasverbrauch zu senken. Mit dem Energiesparthermostat von ICY verbrauchen Sie sofort weniger. Durch die Anwesenheitserkennung wird sichergestellt, dass in Ihrer Wohnung oder Ihrem Ferienhaus nie unn\u00f6tig geheizt wird. Bei Abwesenheit des Mieters [&hellip;]<\/p>\n","protected":false},"author":2946,"featured_media":0,"parent":0,"menu_order":0,"comment_status":"closed","ping_status":"closed","template":"","meta":{"advgb_blocks_editor_width":"","advgb_blocks_columns_visual_guide":"","_genesis_hide_title":false,"_genesis_hide_breadcrumbs":false,"_genesis_hide_singular_image":false,"_genesis_hide_footer_widgets":false,"_genesis_custom_body_class":"","_genesis_custom_post_class":"","_genesis_layout":"","footnotes":""},"class_list":{"0":"post-57709","1":"page","2":"type-page","3":"status-publish","5":"entry"},"yoast_head":"<!-- This site is optimized with the Yoast SEO plugin v27.4 - https:\/\/yoast.com\/product\/yoast-seo-wordpress\/ -->\n<title>Geringerer Gasverbrauch im Ferienhaus - ICY<\/title>\n<meta name=\"robots\" content=\"index, follow, max-snippet:-1, max-image-preview:large, max-video-preview:-1\" \/>\n<link rel=\"canonical\" href=\"https:\/\/www.icy.nl\/de\/geringerer-gasverbrauch-im-ferienhaus\/\" \/>\n<meta property=\"og:locale\" content=\"de_DE\" \/>\n<meta property=\"og:type\" content=\"article\" \/>\n<meta property=\"og:title\" content=\"Geringerer Gasverbrauch im Ferienhaus - ICY\" \/>\n<meta property=\"og:description\" content=\"Da die Gaspreise in die H\u00f6he schie\u00dfen und in den kommenden Monaten voraussichtlich noch weiter steigen werden, ist es f\u00fcr Ferienhausbesitzer unerl\u00e4sslich, ihren Gasverbrauch zu senken. Mit dem Energiesparthermostat von ICY verbrauchen Sie sofort weniger. Durch die Anwesenheitserkennung wird sichergestellt, dass in Ihrer Wohnung oder Ihrem Ferienhaus nie unn\u00f6tig geheizt wird. Bei Abwesenheit des Mieters [&hellip;]\" \/>\n<meta property=\"og:url\" content=\"https:\/\/www.icy.nl\/de\/geringerer-gasverbrauch-im-ferienhaus\/\" \/>\n<meta property=\"og:site_name\" content=\"ICY\" \/>\n<meta name=\"twitter:card\" content=\"summary_large_image\" \/>\n<meta name=\"twitter:label1\" content=\"Gesch\u00e4tzte Lesezeit\" \/>\n\t<meta name=\"twitter:data1\" content=\"1\u00a0Minute\" \/>\n<script type=\"application\/ld+json\" class=\"yoast-schema-graph\">{\"@context\":\"https:\\\/\\\/schema.org\",\"@graph\":[{\"@type\":\"WebPage\",\"@id\":\"https:\\\/\\\/www.icy.nl\\\/de\\\/geringerer-gasverbrauch-im-ferienhaus\\\/\",\"url\":\"https:\\\/\\\/www.icy.nl\\\/de\\\/geringerer-gasverbrauch-im-ferienhaus\\\/\",\"name\":\"Geringerer Gasverbrauch im Ferienhaus - ICY\",\"isPartOf\":{\"@id\":\"https:\\\/\\\/www.icy.nl\\\/de\\\/#website\"},\"datePublished\":\"2025-01-14T13:33:26+00:00\",\"breadcrumb\":{\"@id\":\"https:\\\/\\\/www.icy.nl\\\/de\\\/geringerer-gasverbrauch-im-ferienhaus\\\/#breadcrumb\"},\"inLanguage\":\"de\",\"potentialAction\":[{\"@type\":\"ReadAction\",\"target\":[\"https:\\\/\\\/www.icy.nl\\\/de\\\/geringerer-gasverbrauch-im-ferienhaus\\\/\"]}]},{\"@type\":\"BreadcrumbList\",\"@id\":\"https:\\\/\\\/www.icy.nl\\\/de\\\/geringerer-gasverbrauch-im-ferienhaus\\\/#breadcrumb\",\"itemListElement\":[{\"@type\":\"ListItem\",\"position\":1,\"name\":\"Home\",\"item\":\"https:\\\/\\\/www.icy.nl\\\/de\\\/\"},{\"@type\":\"ListItem\",\"position\":2,\"name\":\"Geringerer Gasverbrauch im Ferienhaus\"}]},{\"@type\":\"WebSite\",\"@id\":\"https:\\\/\\\/www.icy.nl\\\/de\\\/#website\",\"url\":\"https:\\\/\\\/www.icy.nl\\\/de\\\/\",\"name\":\"ICY\",\"description\":\"Smartmotica solutions\",\"publisher\":{\"@id\":\"https:\\\/\\\/www.icy.nl\\\/de\\\/#organization\"},\"potentialAction\":[{\"@type\":\"SearchAction\",\"target\":{\"@type\":\"EntryPoint\",\"urlTemplate\":\"https:\\\/\\\/www.icy.nl\\\/de\\\/?s={search_term_string}\"},\"query-input\":{\"@type\":\"PropertyValueSpecification\",\"valueRequired\":true,\"valueName\":\"search_term_string\"}}],\"inLanguage\":\"de\"},{\"@type\":\"Organization\",\"@id\":\"https:\\\/\\\/www.icy.nl\\\/de\\\/#organization\",\"name\":\"I.C.Y. B.V.\",\"url\":\"https:\\\/\\\/www.icy.nl\\\/de\\\/\",\"logo\":{\"@type\":\"ImageObject\",\"inLanguage\":\"de\",\"@id\":\"https:\\\/\\\/www.icy.nl\\\/de\\\/#\\\/schema\\\/logo\\\/image\\\/\",\"url\":\"https:\\\/\\\/www.icy.nl\\\/wp-content\\\/uploads\\\/2016\\\/11\\\/logo-icy.jpg\",\"contentUrl\":\"https:\\\/\\\/www.icy.nl\\\/wp-content\\\/uploads\\\/2016\\\/11\\\/logo-icy.jpg\",\"width\":400,\"height\":101,\"caption\":\"I.C.Y. B.V.\"},\"image\":{\"@id\":\"https:\\\/\\\/www.icy.nl\\\/de\\\/#\\\/schema\\\/logo\\\/image\\\/\"}}]}<\/script>\n<!-- \/ Yoast SEO plugin. -->","yoast_head_json":{"title":"Geringerer Gasverbrauch im Ferienhaus - ICY","robots":{"index":"index","follow":"follow","max-snippet":"max-snippet:-1","max-image-preview":"max-image-preview:large","max-video-preview":"max-video-preview:-1"},"canonical":"https:\/\/www.icy.nl\/de\/geringerer-gasverbrauch-im-ferienhaus\/","og_locale":"de_DE","og_type":"article","og_title":"Geringerer Gasverbrauch im Ferienhaus - ICY","og_description":"Da die Gaspreise in die H\u00f6he schie\u00dfen und in den kommenden Monaten voraussichtlich noch weiter steigen werden, ist es f\u00fcr Ferienhausbesitzer unerl\u00e4sslich, ihren Gasverbrauch zu senken. Mit dem Energiesparthermostat von ICY verbrauchen Sie sofort weniger. Durch die Anwesenheitserkennung wird sichergestellt, dass in Ihrer Wohnung oder Ihrem Ferienhaus nie unn\u00f6tig geheizt wird. Bei Abwesenheit des Mieters [&hellip;]","og_url":"https:\/\/www.icy.nl\/de\/geringerer-gasverbrauch-im-ferienhaus\/","og_site_name":"ICY","twitter_card":"summary_large_image","twitter_misc":{"Gesch\u00e4tzte Lesezeit":"1\u00a0Minute"},"schema":{"@context":"https:\/\/schema.org","@graph":[{"@type":"WebPage","@id":"https:\/\/www.icy.nl\/de\/geringerer-gasverbrauch-im-ferienhaus\/","url":"https:\/\/www.icy.nl\/de\/geringerer-gasverbrauch-im-ferienhaus\/","name":"Geringerer Gasverbrauch im Ferienhaus - ICY","isPartOf":{"@id":"https:\/\/www.icy.nl\/de\/#website"},"datePublished":"2025-01-14T13:33:26+00:00","breadcrumb":{"@id":"https:\/\/www.icy.nl\/de\/geringerer-gasverbrauch-im-ferienhaus\/#breadcrumb"},"inLanguage":"de","potentialAction":[{"@type":"ReadAction","target":["https:\/\/www.icy.nl\/de\/geringerer-gasverbrauch-im-ferienhaus\/"]}]},{"@type":"BreadcrumbList","@id":"https:\/\/www.icy.nl\/de\/geringerer-gasverbrauch-im-ferienhaus\/#breadcrumb","itemListElement":[{"@type":"ListItem","position":1,"name":"Home","item":"https:\/\/www.icy.nl\/de\/"},{"@type":"ListItem","position":2,"name":"Geringerer Gasverbrauch im Ferienhaus"}]},{"@type":"WebSite","@id":"https:\/\/www.icy.nl\/de\/#website","url":"https:\/\/www.icy.nl\/de\/","name":"ICY","description":"Smartmotica solutions","publisher":{"@id":"https:\/\/www.icy.nl\/de\/#organization"},"potentialAction":[{"@type":"SearchAction","target":{"@type":"EntryPoint","urlTemplate":"https:\/\/www.icy.nl\/de\/?s={search_term_string}"},"query-input":{"@type":"PropertyValueSpecification","valueRequired":true,"valueName":"search_term_string"}}],"inLanguage":"de"},{"@type":"Organization","@id":"https:\/\/www.icy.nl\/de\/#organization","name":"I.C.Y. B.V.","url":"https:\/\/www.icy.nl\/de\/","logo":{"@type":"ImageObject","inLanguage":"de","@id":"https:\/\/www.icy.nl\/de\/#\/schema\/logo\/image\/","url":"https:\/\/www.icy.nl\/wp-content\/uploads\/2016\/11\/logo-icy.jpg","contentUrl":"https:\/\/www.icy.nl\/wp-content\/uploads\/2016\/11\/logo-icy.jpg","width":400,"height":101,"caption":"I.C.Y. B.V."},"image":{"@id":"https:\/\/www.icy.nl\/de\/#\/schema\/logo\/image\/"}}]}},"coauthors":[],"author_meta":{"author_link":"https:\/\/www.icy.nl\/de\/author\/daniel\/","display_name":"Daniel van de Kamp"},"relative_dates":{"created":"Posted 1\u00a0Jahr ago","modified":"Updated 1\u00a0Jahr ago"},"absolute_dates":{"created":"Posted on 14. Januar 2025","modified":"Updated on 14. Januar 2025"},"absolute_dates_time":{"created":"Posted on 14. Januar 2025 14:33","modified":"Updated on 14. Januar 2025 14:33"},"featured_img_caption":"","featured_img":false,"series_order":"","_links":{"self":[{"href":"https:\/\/www.icy.nl\/de\/wp-json\/wp\/v2\/pages\/57709","targetHints":{"allow":["GET"]}}],"collection":[{"href":"https:\/\/www.icy.nl\/de\/wp-json\/wp\/v2\/pages"}],"about":[{"href":"https:\/\/www.icy.nl\/de\/wp-json\/wp\/v2\/types\/page"}],"author":[{"embeddable":true,"href":"https:\/\/www.icy.nl\/de\/wp-json\/wp\/v2\/users\/2946"}],"replies":[{"embeddable":true,"href":"https:\/\/www.icy.nl\/de\/wp-json\/wp\/v2\/comments?post=57709"}],"version-history":[{"count":1,"href":"https:\/\/www.icy.nl\/de\/wp-json\/wp\/v2\/pages\/57709\/revisions"}],"predecessor-version":[{"id":57710,"href":"https:\/\/www.icy.nl\/de\/wp-json\/wp\/v2\/pages\/57709\/revisions\/57710"}],"wp:attachment":[{"href":"https:\/\/www.icy.nl\/de\/wp-json\/wp\/v2\/media?parent=57709"}],"curies":[{"name":"wp","href":"https:\/\/api.w.org\/{rel}","templated":true}]}}