{"id":57721,"date":"2025-01-14T14:52:52","date_gmt":"2025-01-14T13:52:52","guid":{"rendered":"https:\/\/www.icy.nl\/datenschutz-und-cookie-erklaerung-i-c-y-b-v\/"},"modified":"2025-01-17T16:39:57","modified_gmt":"2025-01-17T15:39:57","slug":"datenschutz-und-cookie-erklaerung-i-c-y-b-v","status":"publish","type":"page","link":"https:\/\/www.icy.nl\/de\/datenschutz-und-cookie-erklaerung-i-c-y-b-v\/","title":{"rendered":"Datenschutz- und Cookie-Erkl\u00e4rung I.C.Y. B.V."},"content":{"rendered":"\n<p><em>17. August 2023<\/em><\/p>\n\n\n\n<p>Ihre Privatsph\u00e4re ist I.C.Y. wichtig. B.V.. Daher halten wir uns an die einschl\u00e4gigen Gesetze und Vorschriften zum Datenschutz, einschlie\u00dflich der Datenschutz-Grundverordnung. Dies bedeutet, dass wir:<\/p>\n\n\n\n<ul class=\"wp-block-list\">\n<li><strong>Unsere Zwecke klar darlegen<\/strong>, bevor wir Ihre personenbezogenen Daten verarbeiten, und zwar in dieser Datenschutzerkl\u00e4rung;<\/li>\n\n\n\n<li><strong>So wenig wie m\u00f6glich personenbezogene Daten Speichern<\/strong> und nur die Daten, die f\u00fcr unsere Zwecke notwendig sind.<\/li>\n\n\n\n<li><strong>Ausdr\u00fccklich die Zustimmung zur Verarbeitung Ihrer personenbezogenen Daten anfordern<\/strong>, sofern eine Zustimmung erforderlich ist.<\/li>\n\n\n\n<li><strong>De notwendigen Sicherheitsma\u00dfnahmen zum Schutz Ihrer personenbezogenen Daten ergreifen.<\/strong> Diese Verpflichtungen legen wir auch denjenigen Parteien auf, die personenbezogene Daten f\u00fcr uns verarbeiten. <\/li>\n\n\n\n<li><strong>Ihre Rechte respektieren<\/strong>, wie etwa das Recht auf Zugriff, Korrektur oder L\u00f6schung Ihrer von uns verarbeiteten personenbezogenen Daten.<\/li>\n<\/ul>\n\n\n\n<p>Ihre Daten sind bei uns sicher und wir gehen stets ordnungsgem\u00e4\u00df mit diesen um. In dieser Datenschutzerkl\u00e4rung erl\u00e4utern wir, was wir auf der ICY Control Center-Website mit den Informationen tun, die wir \u00fcber Sie erfahren. <\/p>\n\n\n\n<p>Wenn Sie Fragen haben oder genau wissen m\u00f6chten, welche Informationen wir \u00fcber Sie speichern, wenden Sie sich bitte an I.C.Y. B.V..<\/p>\n\n\n\n<h3 class=\"wp-block-heading\"><strong>Prozessauftrag<\/strong><\/h3>\n\n\n\n<p>Wenn Sie bei uns eine Bestellung aufgeben, verwenden wir Ihre personenbezogenen Daten, um diese ordnungsgem\u00e4\u00df abzuwickeln. Wir k\u00f6nnen Ihre personenbezogenen Daten dann an unseren Lieferdienst weitergeben, um Ihnen die Bestellung auszuliefern. Au\u00dferdem erhalten wir Informationen zu Ihrer Zahlung von Ihrer Bank oder Ihrem Kreditkartenunternehmen.  <\/p>\n\n\n\n<p>Zu diesem Zweck verwenden wir Ihren Namen und Ihre Adressdaten, Zahlungsdaten, IP-Adresse, Rechnungsadresse, Telefonnummer und E-Mail-Adresse. Diese ben\u00f6tigen wir aufgrund des Vertrages, den wir mit Ihnen abschlie\u00dfen. Wir speichern diese Daten bis zur Abwicklung Ihrer Bestellung. Im Zusammenhang mit der gesetzlichen Steueraufbewahrungspflicht bewahren wir bestimmte Kundendaten l\u00e4nger auf.   <\/p>\n\n\n\n<h3 class=\"wp-block-heading\"><strong>Kontaktformular<\/strong><\/h3>\n\n\n\n<p>\u00dcber das Kontaktformular k\u00f6nnen Sie uns Ihre Fragen oder W\u00fcnsche stellen.<\/p>\n\n\n\n<p>Zu diesem Zweck nutzen wir Ihre E-Mail-Adresse, die im Kontaktformular angegebenen Daten, Ihre IP-Adresse sowie Ihren Namen und Ihre Adressdaten. Wir tun dies auf der Grundlage Ihrer Zustimmung. Wir bewahren diese Informationen so lange auf, bis wir sicher sind, dass Sie mit unserer Antwort zufrieden sind.  <\/p>\n\n\n\n<h3 class=\"wp-block-heading\"><strong>T\u00e4tigen Sie In-App-K\u00e4ufe<\/strong><\/h3>\n\n\n\n<p>Sie k\u00f6nnen Artikel auf unserer Website und\/oder \u00fcber die ICY Control Center-App kaufen, wobei wir Ihre personenbezogenen Daten zur Abwicklung und Registrierung des Kaufs verwenden.<\/p>\n\n\n\n<p>Zu diesem Zweck verwenden wir Ihre Telefonnummer, Ihren Namen und Ihre Adressdaten, Ihre IP-Adresse, Ihre Rechnungsadresse, Ihre Zahlungsdaten und Ihre E-Mail-Adresse. Diese ben\u00f6tigen wir aufgrund des Vertrages, den wir mit Ihnen abschlie\u00dfen. Wir speichern diese Daten bis zur Abwicklung Ihrer Bestellung. Im Zusammenhang mit der gesetzlichen Steueraufbewahrungspflicht bewahren wir bestimmte Kundendaten l\u00e4nger auf.   <\/p>\n\n\n\n<h3 class=\"wp-block-heading\"><strong>Guthaben kaufen<\/strong><\/h3>\n\n\n\n<p>Manche Dinge bei ICY Control Center funktionieren mit Credits, die du vorab erwerben musst und wir nutzen deine personenbezogenen Daten zur Kaufabwicklung und Registrierung der Credits.<\/p>\n\n\n\n<p>Zu diesem Zweck verwenden wir Ihre Rechnungsadresse, IP-Adresse, E-Mail-Adresse, Zahlungsdaten, Telefonnummer sowie Namens- und Adressdaten. Diese ben\u00f6tigen wir aufgrund des Vertrages, den wir mit Ihnen abschlie\u00dfen. Wir speichern diese Daten bis zur Abwicklung Ihrer Bestellung. Im Zusammenhang mit der gesetzlichen Steueraufbewahrungspflicht bewahren wir bestimmte Kundendaten l\u00e4nger auf.   <\/p>\n\n\n\n<h3 class=\"wp-block-heading\"><strong>Versand von Newslettern<\/strong><\/h3>\n\n\n\n<p>Wir bieten einen Newsletter an und Sie werden nur mit Ihrer Zustimmung in die Abonnentenliste aufgenommen. Im Newsletter lesen Sie Neuigkeiten, Tipps und Informationen zu unseren Produkten und Dienstleistungen. <\/p>\n\n\n\n<p>Zu diesem Zweck verwenden wir Ihren Namen, Ihre Adressdaten und Ihre E-Mail-Adresse. Wir tun dies auf der Grundlage Ihrer Zustimmung. Wir speichern diese Informationen, bis Sie Ihr Abonnement k\u00fcndigen.  <\/p>\n\n\n\n<p>Das Abonnement des Newsletters k\u00f6nnen Sie jederzeit k\u00fcndigen. Jeder Newsletter enth\u00e4lt einen Abmelde-Link. <\/p>\n\n\n\n<h3 class=\"wp-block-heading\"><strong>Abonniere<\/strong><\/h3>\n\n\n\n<p>Sie k\u00f6nnen f\u00fcr unsere ICY Control Center App ein kostenpflichtiges Abonnement abschlie\u00dfen, in diesem Fall nutzen wir Ihre personenbezogenen Daten zur Zahlungsabwicklung.<\/p>\n\n\n\n<p>Zu diesem Zweck verwenden wir Ihre Telefonnummer, IP-Adresse, Namens- und Adressdaten, Zahlungsdaten, Rechnungsadresse und E-Mail-Adresse. Wir tun dies auf der Grundlage Ihrer Zustimmung. Wir speichern diese Informationen, bis Sie Ihr Abonnement k\u00fcndigen. Im Zusammenhang mit der gesetzlichen Steueraufbewahrungspflicht bewahren wir bestimmte Kundendaten l\u00e4nger auf.   <\/p>\n\n\n\n<h3 class=\"wp-block-heading\"><strong>Access-App<\/strong><\/h3>\n\n\n\n<p>Zugriff \u00dcber unsere App erhalten Sie Zugriff auf eine Verwaltungsumgebung, in der Sie Einstellungen, Vorgaben und \u00c4nderungen f\u00fcr das ICY Control Center selbst vornehmen k\u00f6nnen. Wir protokollieren, was Sie wann getan haben, sodass Sie einen Nachweis daf\u00fcr haben.  <\/p>\n\n\n\n<p>Zu diesem Zweck verwenden wir Ihre E-Mail-Adresse, Ihren Namen und Ihre Adressdaten sowie Ihre IP-Adresse. Wir tun dies auf der Grundlage Ihrer Zustimmung. Wir bewahren diese Informationen bis zum Ende unserer Dienstleistung f\u00fcr Sie auf.  <\/p>\n\n\n\n<h3 class=\"wp-block-heading\"><strong>Ihr Konto<\/strong><\/h3>\n\n\n\n<p>F\u00fcr bestimmte Teile unserer Website und App m\u00fcssen Sie sich zun\u00e4chst registrieren. Anschlie\u00dfend m\u00fcssen Sie Angaben zu Ihrer Person machen und einen Benutzernamen w\u00e4hlen. Damit erstellen wir ein Konto, bei dem Sie sich mit diesem Benutzernamen und einem Passwort Ihrer Wahl anmelden k\u00f6nnen.  <\/p>\n\n\n\n<p>Zu diesem Zweck verwenden wir Ihre E-Mail-Adresse, Rechnungsadresse, Zahlungsdaten sowie Namens- und Adressdaten. Diese ben\u00f6tigen wir aufgrund des Vertrages, den wir mit Ihnen abschlie\u00dfen. Wir bewahren diese Informationen auf, bis Sie Ihr Konto l\u00f6schen.  <\/p>\n\n\n\n<p>Damit Sie diese Angaben nicht immer wieder neu eingeben m\u00fcssen und wir bei Bedarf einfacher \u00fcber die Website Kontakt mit Ihnen aufnehmen k\u00f6nnen, speichern wir diese Angaben. Sie k\u00f6nnen die Angaben jederzeit \u00fcber Ihr Konto \u00e4ndern. <\/p>\n\n\n\n<h3 class=\"wp-block-heading\"><strong>Werbung<\/strong><\/h3>\n\n\n\n<p>Wir m\u00f6chten Ihnen Werbung \u00fcber Angebote und neue Produkte oder Dienstleistungen senden. Das tun wir: <\/p>\n\n\n\n<ul class=\"wp-block-list\">\n<li>per E-Mail<\/li>\n<\/ul>\n\n\n\n<p>Sie k\u00f6nnen dieser Werbung jederzeit widersprechen. Jede E-Mail enth\u00e4lt einen Link zum Abbestellen. Auch eine Meldung hierzu ist \u00fcber Deinen Account m\u00f6glich. Auch diese k\u00f6nnen Sie \u00fcber das Portal melden.   <\/p>\n\n\n\n<h3 class=\"wp-block-heading\"><strong>Bereitstellung an andere Unternehmen oder Institutionen<\/strong><\/h3>\n\n\n\n<p>Mit Ausnahme der oben genannten Parteien geben wir Ihre personenbezogenen Daten unter keinen Umst\u00e4nden an andere Unternehmen oder Institutionen weiter, es sei denn, wir sind gesetzlich dazu verpflichtet (beispielsweise wenn die Polizei dies bei Verdacht auf eine Straftat verlangt).<\/p>\n\n\n\n<h3 class=\"wp-block-heading\"><strong>Statistiken<\/strong><\/h3>\n\n\n\n<p>Wir f\u00fchren Statistiken \u00fcber die Nutzung unserer Website, diese Daten sind jedoch stets anonymisiert.<\/p>\n\n\n\n<h3 class=\"wp-block-heading\"><strong>Cookies<\/strong><\/h3>\n\n\n\n<p>Unsere Webseite verwendet Cookies. Cookies sind kleine Dateien, in denen wir Informationen speichern k\u00f6nnen, damit Sie diese nicht jedes Mal neu eingeben m\u00fcssen. Wir k\u00f6nnen sie aber auch nutzen, um zu erkennen, dass Sie uns wieder besuchen.  <\/p>\n\n\n\n<p>Wenn Sie unsere Website zum ersten Mal besuchen, zeigen wir Ihnen einen Hinweis mit einer Erkl\u00e4rung zu Cookies. Wir bitten Sie hiermit um Ihre Zustimmung zur Verwendung dieser Cookies. <\/p>\n\n\n\n<p>Sie k\u00f6nnen das Setzen von Cookies \u00fcber Ihren Browser deaktivieren, einige Teile unserer Website funktionieren dann allerdings nicht mehr richtig.<\/p>\n\n\n\n<h3 class=\"wp-block-heading\"><strong>Sicherheit<\/strong><\/h3>\n\n\n\n<p>Die Sicherheit personenbezogener Daten ist uns ein gro\u00dfes Anliegen. Wir sorgen daf\u00fcr, dass Ihre Daten bei uns gut gesch\u00fctzt sind. Wir passen die Sicherheit st\u00e4ndig an und achten genau darauf, was schiefgehen k\u00f6nnte.  <\/p>\n\n\n\n<h3 class=\"wp-block-heading\"><strong>\u00c4nderungen dieser Datenschutzerkl\u00e4rung<\/strong><\/h3>\n\n\n\n<p>Bei \u00c4nderungen unserer Website m\u00fcssen wir nat\u00fcrlich auch die Datenschutzerkl\u00e4rung anpassen. Achten Sie daher stets auf das oben stehende Datum und pr\u00fcfen Sie regelm\u00e4\u00dfig, ob es neue Versionen gibt. Wir werden unser Bestes tun, Sie \u00fcber etwaige \u00c4nderungen zu informieren.  <\/p>\n\n\n\n<h3 class=\"wp-block-heading\"><strong>Anzeigen, \u00c4ndern und L\u00f6schen Ihrer Daten<\/strong><\/h3>\n\n\n\n<p>Wenn Sie Fragen haben oder wissen m\u00f6chten, welche personenbezogenen Daten wir \u00fcber Sie gespeichert haben, k\u00f6nnen Sie jederzeit Kontakt mit uns aufnehmen. Kontaktdaten siehe unten. <\/p>\n\n\n\n<p>Sie haben folgende Rechte:<\/p>\n\n\n\n<ul class=\"wp-block-list\">\n<li><strong>Auskunftsrecht<\/strong>: Sie haben das Recht auf Auskunft \u00fcber die personenbezogenen Daten, die wir \u00fcber Sie verarbeiten.<\/li>\n\n\n\n<li><strong>Recht auf Berichtigung:<\/strong> Sie haben das Recht auf Berichtigung oder Erg\u00e4nzung der von uns \u00fcber Sie verarbeiteten personenbezogenen Daten, sofern diese unrichtig oder unvollst\u00e4ndig sind.<\/li>\n\n\n\n<li><strong>Widerspruchsrecht:<\/strong> Sie k\u00f6nnen der Verarbeitung Ihrer personenbezogenen Daten sowie dem Direktmarketing widersprechen.<\/li>\n\n\n\n<li><strong>Recht auf L\u00f6schung:<\/strong> Sie k\u00f6nnen von uns die L\u00f6schung Ihrer personenbezogenen Daten verlangen.<\/li>\n\n\n\n<li><strong>Recht auf Daten\u00fcbertragbarkeit:<\/strong> Sie haben das Recht, die von uns \u00fcber Sie verarbeiteten personenbezogenen Daten, soweit technisch m\u00f6glich, an einen Dritten \u00fcbertragen zu lassen.<\/li>\n\n\n\n<li><strong>Recht auf Einschr\u00e4nkung der Verarbeitung:<\/strong> In einigen F\u00e4llen k\u00f6nnen Sie verlangen, dass wir die Verarbeitung Ihrer personenbezogenen Daten (vor\u00fcbergehend oder anderweitig) einschr\u00e4nken, was bedeutet, dass wir weniger Daten \u00fcber Sie verarbeiten.<\/li>\n<\/ul>\n\n\n\n<p>Wenn Sie Ihre Anfrage \u00fcbermitteln, bitten wir Sie unter Umst\u00e4nden, sich durch die Zusendung eines g\u00fcltigen Ausweisdokuments zu identifizieren, um sicherzustellen, dass Sie die richtige Person sind, der die personenbezogenen Daten geh\u00f6ren. Es ist wichtig, dass Sie Ihre BSN und Ihr Passfoto sch\u00fctzen. <\/p>\n\n\n\n<p>Wir werden Ihrem Anliegen grunds\u00e4tzlich innerhalb von 30 Tagen nachkommen. Aus Gr\u00fcnden, die sich auf die besonderen Rechte der betroffenen Personen oder die Komplexit\u00e4t der Anfrage beziehen, kann sich diese Frist jedoch verl\u00e4ngern. Sollten wir diese Frist verl\u00e4ngern, werden wir Sie rechtzeitig informieren.  <\/p>\n\n\n\n<h3 class=\"wp-block-heading\"><strong>Beschwerde einreichen<\/strong><\/h3>\n\n\n\n<p>Wenn Sie der Meinung sind, dass wir Ihnen nicht richtig helfen, haben Sie das Recht, bei der Aufsichtsbeh\u00f6rde Beschwerde einzulegen. Diese nennt sich \u201eniederl\u00e4ndische Datenschutzbeh\u00f6rde\u201c. <\/p>\n\n\n\n<h3 class=\"wp-block-heading\"><strong>Kontaktdetails<\/strong><\/h3>\n\n\n\n<p>I.C.Y. B.V.<br>Houtsaachmole 35<br>8531WC Lemmer<br>iseewhy@icy.nl<br>+31(0)88-1231321<\/p>\n","protected":false},"excerpt":{"rendered":"<p>17. August 2023 Ihre Privatsph\u00e4re ist I.C.Y. wichtig. B.V.. Daher halten wir uns an die einschl\u00e4gigen Gesetze und Vorschriften zum Datenschutz, einschlie\u00dflich der Datenschutz-Grundverordnung. Dies bedeutet, dass wir: Ihre Daten sind bei uns sicher und wir gehen stets ordnungsgem\u00e4\u00df mit diesen um. In dieser Datenschutzerkl\u00e4rung erl\u00e4utern wir, was wir auf der ICY Control Center-Website mit [&hellip;]<\/p>\n","protected":false},"author":2946,"featured_media":0,"parent":0,"menu_order":0,"comment_status":"closed","ping_status":"closed","template":"","meta":{"advgb_blocks_editor_width":"","advgb_blocks_columns_visual_guide":"","_genesis_hide_title":false,"_genesis_hide_breadcrumbs":false,"_genesis_hide_singular_image":false,"_genesis_hide_footer_widgets":false,"_genesis_custom_body_class":"","_genesis_custom_post_class":"","_genesis_layout":"","footnotes":""},"class_list":{"0":"post-57721","1":"page","2":"type-page","3":"status-publish","5":"entry"},"yoast_head":"<!-- This site is optimized with the Yoast SEO plugin v27.4 - https:\/\/yoast.com\/product\/yoast-seo-wordpress\/ -->\n<title>Datenschutz- und Cookie-Erkl\u00e4rung I.C.Y. B.V. - ICY<\/title>\n<meta name=\"robots\" content=\"index, follow, max-snippet:-1, max-image-preview:large, max-video-preview:-1\" \/>\n<link rel=\"canonical\" href=\"https:\/\/www.icy.nl\/de\/datenschutz-und-cookie-erklaerung-i-c-y-b-v\/\" \/>\n<meta property=\"og:locale\" content=\"de_DE\" \/>\n<meta property=\"og:type\" content=\"article\" \/>\n<meta property=\"og:title\" content=\"Datenschutz- und Cookie-Erkl\u00e4rung I.C.Y. B.V. - ICY\" \/>\n<meta property=\"og:description\" content=\"17. August 2023 Ihre Privatsph\u00e4re ist I.C.Y. wichtig. B.V.. Daher halten wir uns an die einschl\u00e4gigen Gesetze und Vorschriften zum Datenschutz, einschlie\u00dflich der Datenschutz-Grundverordnung. Dies bedeutet, dass wir: Ihre Daten sind bei uns sicher und wir gehen stets ordnungsgem\u00e4\u00df mit diesen um. In dieser Datenschutzerkl\u00e4rung erl\u00e4utern wir, was wir auf der ICY Control Center-Website mit [&hellip;]\" \/>\n<meta property=\"og:url\" content=\"https:\/\/www.icy.nl\/de\/datenschutz-und-cookie-erklaerung-i-c-y-b-v\/\" \/>\n<meta property=\"og:site_name\" content=\"ICY\" \/>\n<meta property=\"article:modified_time\" content=\"2025-01-17T15:39:57+00:00\" \/>\n<meta name=\"twitter:card\" content=\"summary_large_image\" \/>\n<meta name=\"twitter:label1\" content=\"Gesch\u00e4tzte Lesezeit\" \/>\n\t<meta name=\"twitter:data1\" content=\"7\u00a0Minuten\" \/>\n<script type=\"application\/ld+json\" class=\"yoast-schema-graph\">{\"@context\":\"https:\\\/\\\/schema.org\",\"@graph\":[{\"@type\":\"WebPage\",\"@id\":\"https:\\\/\\\/www.icy.nl\\\/de\\\/datenschutz-und-cookie-erklaerung-i-c-y-b-v\\\/\",\"url\":\"https:\\\/\\\/www.icy.nl\\\/de\\\/datenschutz-und-cookie-erklaerung-i-c-y-b-v\\\/\",\"name\":\"Datenschutz- und Cookie-Erkl\u00e4rung I.C.Y. B.V. - ICY\",\"isPartOf\":{\"@id\":\"https:\\\/\\\/www.icy.nl\\\/de\\\/#website\"},\"datePublished\":\"2025-01-14T13:52:52+00:00\",\"dateModified\":\"2025-01-17T15:39:57+00:00\",\"breadcrumb\":{\"@id\":\"https:\\\/\\\/www.icy.nl\\\/de\\\/datenschutz-und-cookie-erklaerung-i-c-y-b-v\\\/#breadcrumb\"},\"inLanguage\":\"de\",\"potentialAction\":[{\"@type\":\"ReadAction\",\"target\":[\"https:\\\/\\\/www.icy.nl\\\/de\\\/datenschutz-und-cookie-erklaerung-i-c-y-b-v\\\/\"]}]},{\"@type\":\"BreadcrumbList\",\"@id\":\"https:\\\/\\\/www.icy.nl\\\/de\\\/datenschutz-und-cookie-erklaerung-i-c-y-b-v\\\/#breadcrumb\",\"itemListElement\":[{\"@type\":\"ListItem\",\"position\":1,\"name\":\"Home\",\"item\":\"https:\\\/\\\/www.icy.nl\\\/de\\\/\"},{\"@type\":\"ListItem\",\"position\":2,\"name\":\"Datenschutz- und Cookie-Erkl\u00e4rung I.C.Y. B.V.\"}]},{\"@type\":\"WebSite\",\"@id\":\"https:\\\/\\\/www.icy.nl\\\/de\\\/#website\",\"url\":\"https:\\\/\\\/www.icy.nl\\\/de\\\/\",\"name\":\"ICY\",\"description\":\"Smartmotica solutions\",\"publisher\":{\"@id\":\"https:\\\/\\\/www.icy.nl\\\/de\\\/#organization\"},\"potentialAction\":[{\"@type\":\"SearchAction\",\"target\":{\"@type\":\"EntryPoint\",\"urlTemplate\":\"https:\\\/\\\/www.icy.nl\\\/de\\\/?s={search_term_string}\"},\"query-input\":{\"@type\":\"PropertyValueSpecification\",\"valueRequired\":true,\"valueName\":\"search_term_string\"}}],\"inLanguage\":\"de\"},{\"@type\":\"Organization\",\"@id\":\"https:\\\/\\\/www.icy.nl\\\/de\\\/#organization\",\"name\":\"I.C.Y. B.V.\",\"url\":\"https:\\\/\\\/www.icy.nl\\\/de\\\/\",\"logo\":{\"@type\":\"ImageObject\",\"inLanguage\":\"de\",\"@id\":\"https:\\\/\\\/www.icy.nl\\\/de\\\/#\\\/schema\\\/logo\\\/image\\\/\",\"url\":\"https:\\\/\\\/www.icy.nl\\\/wp-content\\\/uploads\\\/2016\\\/11\\\/logo-icy.jpg\",\"contentUrl\":\"https:\\\/\\\/www.icy.nl\\\/wp-content\\\/uploads\\\/2016\\\/11\\\/logo-icy.jpg\",\"width\":400,\"height\":101,\"caption\":\"I.C.Y. B.V.\"},\"image\":{\"@id\":\"https:\\\/\\\/www.icy.nl\\\/de\\\/#\\\/schema\\\/logo\\\/image\\\/\"}}]}<\/script>\n<!-- \/ Yoast SEO plugin. -->","yoast_head_json":{"title":"Datenschutz- und Cookie-Erkl\u00e4rung I.C.Y. B.V. - ICY","robots":{"index":"index","follow":"follow","max-snippet":"max-snippet:-1","max-image-preview":"max-image-preview:large","max-video-preview":"max-video-preview:-1"},"canonical":"https:\/\/www.icy.nl\/de\/datenschutz-und-cookie-erklaerung-i-c-y-b-v\/","og_locale":"de_DE","og_type":"article","og_title":"Datenschutz- und Cookie-Erkl\u00e4rung I.C.Y. B.V. - ICY","og_description":"17. August 2023 Ihre Privatsph\u00e4re ist I.C.Y. wichtig. B.V.. Daher halten wir uns an die einschl\u00e4gigen Gesetze und Vorschriften zum Datenschutz, einschlie\u00dflich der Datenschutz-Grundverordnung. Dies bedeutet, dass wir: Ihre Daten sind bei uns sicher und wir gehen stets ordnungsgem\u00e4\u00df mit diesen um. In dieser Datenschutzerkl\u00e4rung erl\u00e4utern wir, was wir auf der ICY Control Center-Website mit [&hellip;]","og_url":"https:\/\/www.icy.nl\/de\/datenschutz-und-cookie-erklaerung-i-c-y-b-v\/","og_site_name":"ICY","article_modified_time":"2025-01-17T15:39:57+00:00","twitter_card":"summary_large_image","twitter_misc":{"Gesch\u00e4tzte Lesezeit":"7\u00a0Minuten"},"schema":{"@context":"https:\/\/schema.org","@graph":[{"@type":"WebPage","@id":"https:\/\/www.icy.nl\/de\/datenschutz-und-cookie-erklaerung-i-c-y-b-v\/","url":"https:\/\/www.icy.nl\/de\/datenschutz-und-cookie-erklaerung-i-c-y-b-v\/","name":"Datenschutz- und Cookie-Erkl\u00e4rung I.C.Y. B.V. - ICY","isPartOf":{"@id":"https:\/\/www.icy.nl\/de\/#website"},"datePublished":"2025-01-14T13:52:52+00:00","dateModified":"2025-01-17T15:39:57+00:00","breadcrumb":{"@id":"https:\/\/www.icy.nl\/de\/datenschutz-und-cookie-erklaerung-i-c-y-b-v\/#breadcrumb"},"inLanguage":"de","potentialAction":[{"@type":"ReadAction","target":["https:\/\/www.icy.nl\/de\/datenschutz-und-cookie-erklaerung-i-c-y-b-v\/"]}]},{"@type":"BreadcrumbList","@id":"https:\/\/www.icy.nl\/de\/datenschutz-und-cookie-erklaerung-i-c-y-b-v\/#breadcrumb","itemListElement":[{"@type":"ListItem","position":1,"name":"Home","item":"https:\/\/www.icy.nl\/de\/"},{"@type":"ListItem","position":2,"name":"Datenschutz- und Cookie-Erkl\u00e4rung I.C.Y. B.V."}]},{"@type":"WebSite","@id":"https:\/\/www.icy.nl\/de\/#website","url":"https:\/\/www.icy.nl\/de\/","name":"ICY","description":"Smartmotica solutions","publisher":{"@id":"https:\/\/www.icy.nl\/de\/#organization"},"potentialAction":[{"@type":"SearchAction","target":{"@type":"EntryPoint","urlTemplate":"https:\/\/www.icy.nl\/de\/?s={search_term_string}"},"query-input":{"@type":"PropertyValueSpecification","valueRequired":true,"valueName":"search_term_string"}}],"inLanguage":"de"},{"@type":"Organization","@id":"https:\/\/www.icy.nl\/de\/#organization","name":"I.C.Y. B.V.","url":"https:\/\/www.icy.nl\/de\/","logo":{"@type":"ImageObject","inLanguage":"de","@id":"https:\/\/www.icy.nl\/de\/#\/schema\/logo\/image\/","url":"https:\/\/www.icy.nl\/wp-content\/uploads\/2016\/11\/logo-icy.jpg","contentUrl":"https:\/\/www.icy.nl\/wp-content\/uploads\/2016\/11\/logo-icy.jpg","width":400,"height":101,"caption":"I.C.Y. B.V."},"image":{"@id":"https:\/\/www.icy.nl\/de\/#\/schema\/logo\/image\/"}}]}},"coauthors":[],"author_meta":{"author_link":"https:\/\/www.icy.nl\/de\/author\/daniel\/","display_name":"Daniel van de Kamp"},"relative_dates":{"created":"Posted 1\u00a0Jahr ago","modified":"Updated 1\u00a0Jahr ago"},"absolute_dates":{"created":"Posted on 14. Januar 2025","modified":"Updated on 17. Januar 2025"},"absolute_dates_time":{"created":"Posted on 14. Januar 2025 14:52","modified":"Updated on 17. Januar 2025 16:39"},"featured_img_caption":"","featured_img":false,"series_order":"","_links":{"self":[{"href":"https:\/\/www.icy.nl\/de\/wp-json\/wp\/v2\/pages\/57721","targetHints":{"allow":["GET"]}}],"collection":[{"href":"https:\/\/www.icy.nl\/de\/wp-json\/wp\/v2\/pages"}],"about":[{"href":"https:\/\/www.icy.nl\/de\/wp-json\/wp\/v2\/types\/page"}],"author":[{"embeddable":true,"href":"https:\/\/www.icy.nl\/de\/wp-json\/wp\/v2\/users\/2946"}],"replies":[{"embeddable":true,"href":"https:\/\/www.icy.nl\/de\/wp-json\/wp\/v2\/comments?post=57721"}],"version-history":[{"count":2,"href":"https:\/\/www.icy.nl\/de\/wp-json\/wp\/v2\/pages\/57721\/revisions"}],"predecessor-version":[{"id":57807,"href":"https:\/\/www.icy.nl\/de\/wp-json\/wp\/v2\/pages\/57721\/revisions\/57807"}],"wp:attachment":[{"href":"https:\/\/www.icy.nl\/de\/wp-json\/wp\/v2\/media?parent=57721"}],"curies":[{"name":"wp","href":"https:\/\/api.w.org\/{rel}","templated":true}]}}