{"id":31157,"date":"2020-03-26T10:37:08","date_gmt":"2020-05-11T14:55:17","guid":{"rendered":"https:\/\/www.icy.nl\/product\/thermischer-servomotor-24-v\/"},"modified":"2025-01-14T10:40:11","modified_gmt":"2025-01-14T09:40:11","slug":"thermische-servomotor-24-v","status":"publish","type":"product","link":"https:\/\/www.icy.nl\/de\/produkt\/thermische-servomotor-24-v\/","title":{"rendered":"Thermischer Servomotor 24 V"},"content":{"rendered":"","protected":false},"excerpt":{"rendered":"<p>Universeller thermischer Servomotor vom Typ ICY9102TV. Dieser Thermostatknopf kann durch ein <a href=\"https:\/\/www.icy.nl\/product\/icy1845in-timer-thermostaat-expert\/\"> ICY Timer-Thermostat<\/a> gesteuert werden. <\/p>\n<ul>\n<li>Versorgungsspannung 24V<\/li>\n<li>Energiesparmodus: geschlossen (NC)<\/li>\n<li>Universelle Konzeptventiladapter<\/li>\n<li>Einfache Klickmontage<\/li>\n<li>Wird mit Einstellringen f\u00fcr alle Arten von Heizk\u00f6rpern geliefert<\/li>\n<\/ul>\n<p>Dieser K\u00fchlerknopf wird standardm\u00e4\u00dfig mit 1 m Kabel geliefert Bei ausgeschaltetem Taster sorgt der Taster daf\u00fcr, dass der Heizk\u00f6rper ausgeschaltet ist. Bei W\u00e4rmebedarf fungiert der Thermostat quasi als Schalter, der daf\u00fcr sorgt, dass die Heizung eingeschaltet wird. <\/p>\n","protected":false},"author":2946,"featured_media":38170,"template":"","meta":{"advgb_blocks_editor_width":"","advgb_blocks_columns_visual_guide":"","_genesis_hide_title":false,"_genesis_hide_breadcrumbs":false,"_genesis_hide_singular_image":false,"_genesis_hide_footer_widgets":false,"_genesis_custom_body_class":"","_genesis_custom_post_class":"","_genesis_layout":""},"product_brand":[],"product_cat":[139,141,138,140],"product_tag":[],"class_list":{"0":"post-31157","1":"product","2":"type-product","3":"status-publish","4":"has-post-thumbnail","6":"product_cat-accommodation-management-de","7":"product_cat-housing-management-de","8":"product_cat-temperaturregelung","9":"product_cat-thermostatzubehoer","10":"entry","12":"first","13":"instock","14":"taxable","15":"shipping-taxable","16":"product-type-simple"},"yoast_head":"<!-- This site is optimized with the Yoast SEO plugin v27.3 - https:\/\/yoast.com\/product\/yoast-seo-wordpress\/ -->\n<title>Thermischer Servomotor 24 V - ICY<\/title>\n<meta name=\"description\" content=\"Dieser Thermostatknopf kann \u00fcber ein energiesparendes ICY Timer-Thermostat gesteuert werden.\" \/>\n<meta name=\"robots\" content=\"index, follow, max-snippet:-1, max-image-preview:large, max-video-preview:-1\" \/>\n<link rel=\"canonical\" href=\"https:\/\/www.icy.nl\/de\/produkt\/thermische-servomotor-24-v\/\" \/>\n<meta property=\"og:locale\" content=\"de_DE\" \/>\n<meta property=\"og:type\" content=\"article\" \/>\n<meta property=\"og:title\" content=\"Thermischer Servomotor 24 V - ICY\" \/>\n<meta property=\"og:description\" content=\"Dieser Thermostatknopf kann \u00fcber ein energiesparendes ICY Timer-Thermostat gesteuert werden.\" \/>\n<meta property=\"og:url\" content=\"https:\/\/www.icy.nl\/de\/produkt\/thermische-servomotor-24-v\/\" \/>\n<meta property=\"og:site_name\" content=\"ICY\" \/>\n<meta property=\"article:modified_time\" content=\"2025-01-14T09:40:11+00:00\" \/>\n<meta property=\"og:image\" content=\"https:\/\/www.icy.nl\/wp-content\/uploads\/2020\/03\/9102-thermische-servomotor-2021.jpg\" \/>\n\t<meta property=\"og:image:width\" content=\"800\" \/>\n\t<meta property=\"og:image:height\" content=\"800\" \/>\n\t<meta property=\"og:image:type\" content=\"image\/jpeg\" \/>\n<meta name=\"twitter:card\" content=\"summary_large_image\" \/>\n<script type=\"application\/ld+json\" class=\"yoast-schema-graph\">{\"@context\":\"https:\\\/\\\/schema.org\",\"@graph\":[{\"@type\":\"WebPage\",\"@id\":\"https:\\\/\\\/www.icy.nl\\\/de\\\/produkt\\\/thermische-servomotor-24-v\\\/\",\"url\":\"https:\\\/\\\/www.icy.nl\\\/de\\\/produkt\\\/thermische-servomotor-24-v\\\/\",\"name\":\"Thermischer Servomotor 24 V - ICY\",\"isPartOf\":{\"@id\":\"https:\\\/\\\/www.icy.nl\\\/de\\\/#website\"},\"primaryImageOfPage\":{\"@id\":\"https:\\\/\\\/www.icy.nl\\\/de\\\/produkt\\\/thermische-servomotor-24-v\\\/#primaryimage\"},\"image\":{\"@id\":\"https:\\\/\\\/www.icy.nl\\\/de\\\/produkt\\\/thermische-servomotor-24-v\\\/#primaryimage\"},\"thumbnailUrl\":\"https:\\\/\\\/www.icy.nl\\\/wp-content\\\/uploads\\\/2020\\\/03\\\/9102-thermische-servomotor-2021.jpg\",\"datePublished\":\"2020-05-11T14:55:17+00:00\",\"dateModified\":\"2025-01-14T09:40:11+00:00\",\"description\":\"Dieser Thermostatknopf kann \u00fcber ein energiesparendes ICY Timer-Thermostat gesteuert werden.\",\"breadcrumb\":{\"@id\":\"https:\\\/\\\/www.icy.nl\\\/de\\\/produkt\\\/thermische-servomotor-24-v\\\/#breadcrumb\"},\"inLanguage\":\"de\",\"potentialAction\":[{\"@type\":\"ReadAction\",\"target\":[\"https:\\\/\\\/www.icy.nl\\\/de\\\/produkt\\\/thermische-servomotor-24-v\\\/\"]}]},{\"@type\":\"ImageObject\",\"inLanguage\":\"de\",\"@id\":\"https:\\\/\\\/www.icy.nl\\\/de\\\/produkt\\\/thermische-servomotor-24-v\\\/#primaryimage\",\"url\":\"https:\\\/\\\/www.icy.nl\\\/wp-content\\\/uploads\\\/2020\\\/03\\\/9102-thermische-servomotor-2021.jpg\",\"contentUrl\":\"https:\\\/\\\/www.icy.nl\\\/wp-content\\\/uploads\\\/2020\\\/03\\\/9102-thermische-servomotor-2021.jpg\",\"width\":800,\"height\":800},{\"@type\":\"BreadcrumbList\",\"@id\":\"https:\\\/\\\/www.icy.nl\\\/de\\\/produkt\\\/thermische-servomotor-24-v\\\/#breadcrumb\",\"itemListElement\":[{\"@type\":\"ListItem\",\"position\":1,\"name\":\"Home\",\"item\":\"https:\\\/\\\/www.icy.nl\\\/de\\\/\"},{\"@type\":\"ListItem\",\"position\":2,\"name\":\"Produkte\",\"item\":\"https:\\\/\\\/www.icy.nl\\\/de\\\/produkte\\\/\"},{\"@type\":\"ListItem\",\"position\":3,\"name\":\"Accommodation Management\",\"item\":\"https:\\\/\\\/www.icy.nl\\\/de\\\/product-categorie\\\/accommodation-management-de\\\/\"},{\"@type\":\"ListItem\",\"position\":4,\"name\":\"Thermischer Servomotor 24 V\"}]},{\"@type\":\"WebSite\",\"@id\":\"https:\\\/\\\/www.icy.nl\\\/de\\\/#website\",\"url\":\"https:\\\/\\\/www.icy.nl\\\/de\\\/\",\"name\":\"ICY\",\"description\":\"Smartmotica solutions\",\"publisher\":{\"@id\":\"https:\\\/\\\/www.icy.nl\\\/de\\\/#organization\"},\"potentialAction\":[{\"@type\":\"SearchAction\",\"target\":{\"@type\":\"EntryPoint\",\"urlTemplate\":\"https:\\\/\\\/www.icy.nl\\\/de\\\/?s={search_term_string}\"},\"query-input\":{\"@type\":\"PropertyValueSpecification\",\"valueRequired\":true,\"valueName\":\"search_term_string\"}}],\"inLanguage\":\"de\"},{\"@type\":\"Organization\",\"@id\":\"https:\\\/\\\/www.icy.nl\\\/de\\\/#organization\",\"name\":\"I.C.Y. B.V.\",\"url\":\"https:\\\/\\\/www.icy.nl\\\/de\\\/\",\"logo\":{\"@type\":\"ImageObject\",\"inLanguage\":\"de\",\"@id\":\"https:\\\/\\\/www.icy.nl\\\/de\\\/#\\\/schema\\\/logo\\\/image\\\/\",\"url\":\"https:\\\/\\\/www.icy.nl\\\/wp-content\\\/uploads\\\/2016\\\/11\\\/logo-icy.jpg\",\"contentUrl\":\"https:\\\/\\\/www.icy.nl\\\/wp-content\\\/uploads\\\/2016\\\/11\\\/logo-icy.jpg\",\"width\":400,\"height\":101,\"caption\":\"I.C.Y. B.V.\"},\"image\":{\"@id\":\"https:\\\/\\\/www.icy.nl\\\/de\\\/#\\\/schema\\\/logo\\\/image\\\/\"}}]}<\/script>\n<!-- \/ Yoast SEO plugin. -->","yoast_head_json":{"title":"Thermischer Servomotor 24 V - ICY","description":"Dieser Thermostatknopf kann \u00fcber ein energiesparendes ICY Timer-Thermostat gesteuert werden.","robots":{"index":"index","follow":"follow","max-snippet":"max-snippet:-1","max-image-preview":"max-image-preview:large","max-video-preview":"max-video-preview:-1"},"canonical":"https:\/\/www.icy.nl\/de\/produkt\/thermische-servomotor-24-v\/","og_locale":"de_DE","og_type":"article","og_title":"Thermischer Servomotor 24 V - ICY","og_description":"Dieser Thermostatknopf kann \u00fcber ein energiesparendes ICY Timer-Thermostat gesteuert werden.","og_url":"https:\/\/www.icy.nl\/de\/produkt\/thermische-servomotor-24-v\/","og_site_name":"ICY","article_modified_time":"2025-01-14T09:40:11+00:00","og_image":[{"width":800,"height":800,"url":"https:\/\/www.icy.nl\/wp-content\/uploads\/2020\/03\/9102-thermische-servomotor-2021.jpg","type":"image\/jpeg"}],"twitter_card":"summary_large_image","schema":{"@context":"https:\/\/schema.org","@graph":[{"@type":"WebPage","@id":"https:\/\/www.icy.nl\/de\/produkt\/thermische-servomotor-24-v\/","url":"https:\/\/www.icy.nl\/de\/produkt\/thermische-servomotor-24-v\/","name":"Thermischer Servomotor 24 V - ICY","isPartOf":{"@id":"https:\/\/www.icy.nl\/de\/#website"},"primaryImageOfPage":{"@id":"https:\/\/www.icy.nl\/de\/produkt\/thermische-servomotor-24-v\/#primaryimage"},"image":{"@id":"https:\/\/www.icy.nl\/de\/produkt\/thermische-servomotor-24-v\/#primaryimage"},"thumbnailUrl":"https:\/\/www.icy.nl\/wp-content\/uploads\/2020\/03\/9102-thermische-servomotor-2021.jpg","datePublished":"2020-05-11T14:55:17+00:00","dateModified":"2025-01-14T09:40:11+00:00","description":"Dieser Thermostatknopf kann \u00fcber ein energiesparendes ICY Timer-Thermostat gesteuert werden.","breadcrumb":{"@id":"https:\/\/www.icy.nl\/de\/produkt\/thermische-servomotor-24-v\/#breadcrumb"},"inLanguage":"de","potentialAction":[{"@type":"ReadAction","target":["https:\/\/www.icy.nl\/de\/produkt\/thermische-servomotor-24-v\/"]}]},{"@type":"ImageObject","inLanguage":"de","@id":"https:\/\/www.icy.nl\/de\/produkt\/thermische-servomotor-24-v\/#primaryimage","url":"https:\/\/www.icy.nl\/wp-content\/uploads\/2020\/03\/9102-thermische-servomotor-2021.jpg","contentUrl":"https:\/\/www.icy.nl\/wp-content\/uploads\/2020\/03\/9102-thermische-servomotor-2021.jpg","width":800,"height":800},{"@type":"BreadcrumbList","@id":"https:\/\/www.icy.nl\/de\/produkt\/thermische-servomotor-24-v\/#breadcrumb","itemListElement":[{"@type":"ListItem","position":1,"name":"Home","item":"https:\/\/www.icy.nl\/de\/"},{"@type":"ListItem","position":2,"name":"Produkte","item":"https:\/\/www.icy.nl\/de\/produkte\/"},{"@type":"ListItem","position":3,"name":"Accommodation Management","item":"https:\/\/www.icy.nl\/de\/product-categorie\/accommodation-management-de\/"},{"@type":"ListItem","position":4,"name":"Thermischer Servomotor 24 V"}]},{"@type":"WebSite","@id":"https:\/\/www.icy.nl\/de\/#website","url":"https:\/\/www.icy.nl\/de\/","name":"ICY","description":"Smartmotica solutions","publisher":{"@id":"https:\/\/www.icy.nl\/de\/#organization"},"potentialAction":[{"@type":"SearchAction","target":{"@type":"EntryPoint","urlTemplate":"https:\/\/www.icy.nl\/de\/?s={search_term_string}"},"query-input":{"@type":"PropertyValueSpecification","valueRequired":true,"valueName":"search_term_string"}}],"inLanguage":"de"},{"@type":"Organization","@id":"https:\/\/www.icy.nl\/de\/#organization","name":"I.C.Y. B.V.","url":"https:\/\/www.icy.nl\/de\/","logo":{"@type":"ImageObject","inLanguage":"de","@id":"https:\/\/www.icy.nl\/de\/#\/schema\/logo\/image\/","url":"https:\/\/www.icy.nl\/wp-content\/uploads\/2016\/11\/logo-icy.jpg","contentUrl":"https:\/\/www.icy.nl\/wp-content\/uploads\/2016\/11\/logo-icy.jpg","width":400,"height":101,"caption":"I.C.Y. B.V."},"image":{"@id":"https:\/\/www.icy.nl\/de\/#\/schema\/logo\/image\/"}}]}},"featured_img":"https:\/\/www.icy.nl\/wp-content\/uploads\/2020\/03\/9102-thermische-servomotor-2021.jpg","coauthors":[],"author_meta":{"author_link":"https:\/\/www.icy.nl\/de\/author\/daniel\/","display_name":"Daniel van de Kamp"},"relative_dates":{"created":"Posted 6\u00a0Jahren ago","modified":"Updated 1\u00a0Jahr ago"},"absolute_dates":{"created":"Posted on 26. M\u00e4rz 2020","modified":"Updated on 14. Januar 2025"},"absolute_dates_time":{"created":"Posted on 26. M\u00e4rz 2020 10:37","modified":"Updated on 14. Januar 2025 10:40"},"featured_img_caption":"","tax_additional":{"product_brand":{"linked":[],"unlinked":[],"slug":"product_brand","name":"Marken"},"product_type":{"linked":["<a href=\"https:\/\/www.icy.nl\/de\/?taxonomy=product_type&#038;term=simple\" class=\"advgb-post-tax-term\">simple<\/a>"],"unlinked":["<span class=\"advgb-post-tax-term\">simple<\/span>"],"slug":"product_type","name":"Produkttyp"},"product_visibility":{"linked":[],"unlinked":[],"slug":"product_visibility","name":"Sichtbarkeit des Produkts"},"product_cat":{"linked":["<a href=\"https:\/\/www.icy.nl\/de\/product-categorie\/accommodation-management-de\/\" class=\"advgb-post-tax-term\">Accommodation Management<\/a>","<a href=\"https:\/\/www.icy.nl\/de\/product-categorie\/housing-management-de\/\" class=\"advgb-post-tax-term\">Housing Management<\/a>","<a href=\"https:\/\/www.icy.nl\/de\/product-categorie\/temperaturregelung\/\" class=\"advgb-post-tax-term\">Temperaturregelung<\/a>","<a href=\"https:\/\/www.icy.nl\/de\/product-categorie\/thermostatzubehoer\/\" class=\"advgb-post-tax-term\">Thermostatzubeh\u00f6r<\/a>"],"unlinked":["<span class=\"advgb-post-tax-term\">Accommodation Management<\/span>","<span class=\"advgb-post-tax-term\">Housing Management<\/span>","<span class=\"advgb-post-tax-term\">Temperaturregelung<\/span>","<span class=\"advgb-post-tax-term\">Thermostatzubeh\u00f6r<\/span>"],"slug":"product_cat","name":"Produkt-Kategorien"},"product_tag":{"linked":[],"unlinked":[],"slug":"product_tag","name":"Produkt Schlagw\u00f6rter"},"product_shipping_class":{"linked":[],"unlinked":[],"slug":"product_shipping_class","name":"Produkt Versandklasse"},"pos_product_visibility":{"linked":[],"unlinked":[],"slug":"pos_product_visibility","name":"POS-Produkt-Sichtbarkeit."},"translation_priority":{"linked":["<a href=\"https:\/\/www.icy.nl\/de\/?taxonomy=translation_priority&#038;term=hohe-prioritat\" class=\"advgb-post-tax-term\">hohe Priorit\u00e4t<\/a>"],"unlinked":["<span class=\"advgb-post-tax-term\">hohe Priorit\u00e4t<\/span>"],"slug":"translation_priority","name":"\u00dcbersetzungspriorit\u00e4ten"}},"series_order":"","_links":{"self":[{"href":"https:\/\/www.icy.nl\/de\/wp-json\/wp\/v2\/product\/31157","targetHints":{"allow":["GET"]}}],"collection":[{"href":"https:\/\/www.icy.nl\/de\/wp-json\/wp\/v2\/product"}],"about":[{"href":"https:\/\/www.icy.nl\/de\/wp-json\/wp\/v2\/types\/product"}],"wp:featuredmedia":[{"embeddable":true,"href":"https:\/\/www.icy.nl\/de\/wp-json\/wp\/v2\/media\/38170"}],"wp:attachment":[{"href":"https:\/\/www.icy.nl\/de\/wp-json\/wp\/v2\/media?parent=31157"}],"wp:term":[{"taxonomy":"product_brand","embeddable":true,"href":"https:\/\/www.icy.nl\/de\/wp-json\/wp\/v2\/product_brand?post=31157"},{"taxonomy":"product_cat","embeddable":true,"href":"https:\/\/www.icy.nl\/de\/wp-json\/wp\/v2\/product_cat?post=31157"},{"taxonomy":"product_tag","embeddable":true,"href":"https:\/\/www.icy.nl\/de\/wp-json\/wp\/v2\/product_tag?post=31157"}],"curies":[{"name":"wp","href":"https:\/\/api.w.org\/{rel}","templated":true}]}}