{"id":31159,"date":"2020-03-25T10:55:14","date_gmt":"2020-05-11T15:01:57","guid":{"rendered":"https:\/\/www.icy.nl\/product\/remote-pressure-alarm\/"},"modified":"2025-01-13T16:46:44","modified_gmt":"2025-01-13T15:46:44","slug":"remote-pressure-alarm","status":"publish","type":"product","link":"https:\/\/www.icy.nl\/de\/produkt\/remote-pressure-alarm\/","title":{"rendered":"Remote Pressure Alarm"},"content":{"rendered":"","protected":false},"excerpt":{"rendered":"<p>Mit dem Ferndruckalarm ICY4950RPA ist es m\u00f6glich, den Zentralheizungsdruck aus der Ferne zu \u00fcberwachen.<\/p>\n<p>Der Ferndruckalarm \u00fcberwacht den Wasserdruck in einem Zentralheizungssystem und sendet eine Nachricht an das ICY Control Center, wenn der Druck unter 0,8 Bar f\u00e4llt. Das ist ideal, denn so k\u00f6nnen Sie jederzeit vorbeugend daf\u00fcr sorgen, dass in Ihren Unterk\u00fcnften oder Geb\u00e4uden rechtzeitig Wasser nachgef\u00fcllt wird. <\/p>\n<p>F\u00fcr weitere Informationen wenden Sie sich bitte an unsere Verkaufsabteilung unter 00 31 88-1231333.<\/p>\n","protected":false},"author":2946,"featured_media":38124,"template":"","meta":{"advgb_blocks_editor_width":"","advgb_blocks_columns_visual_guide":"","_genesis_hide_title":false,"_genesis_hide_breadcrumbs":false,"_genesis_hide_singular_image":false,"_genesis_hide_footer_widgets":false,"_genesis_custom_body_class":"","_genesis_custom_post_class":"","_genesis_layout":""},"product_brand":[],"product_cat":[141],"product_tag":[],"class_list":{"0":"post-31159","1":"product","2":"type-product","3":"status-publish","4":"has-post-thumbnail","6":"product_cat-housing-management-de","7":"entry","9":"first","10":"instock","11":"taxable","12":"shipping-taxable","13":"product-type-simple"},"yoast_head":"<!-- This site is optimized with the Yoast SEO plugin v27.3 - https:\/\/yoast.com\/product\/yoast-seo-wordpress\/ -->\n<title>Remote Pressure Alarm - ICY<\/title>\n<meta name=\"robots\" content=\"index, follow, max-snippet:-1, max-image-preview:large, max-video-preview:-1\" \/>\n<link rel=\"canonical\" href=\"https:\/\/www.icy.nl\/de\/produkt\/remote-pressure-alarm\/\" \/>\n<meta property=\"og:locale\" content=\"de_DE\" \/>\n<meta property=\"og:type\" content=\"article\" \/>\n<meta property=\"og:title\" content=\"Remote Pressure Alarm - ICY\" \/>\n<meta property=\"og:description\" content=\"Mit dem Ferndruckalarm ICY4950RPA ist es m\u00f6glich, den Zentralheizungsdruck aus der Ferne zu \u00fcberwachen. Der Ferndruckalarm \u00fcberwacht den Wasserdruck in einem Zentralheizungssystem und sendet eine Nachricht an das ICY Control Center, wenn der Druck unter 0,8 Bar f\u00e4llt. Das ist ideal, denn so k\u00f6nnen Sie jederzeit vorbeugend daf\u00fcr sorgen, dass in Ihren Unterk\u00fcnften oder Geb\u00e4uden rechtzeitig Wasser nachgef\u00fcllt wird.   F\u00fcr weitere Informationen wenden Sie sich bitte an unsere Verkaufsabteilung unter 00 31 88-1231333.\" \/>\n<meta property=\"og:url\" content=\"https:\/\/www.icy.nl\/de\/produkt\/remote-pressure-alarm\/\" \/>\n<meta property=\"og:site_name\" content=\"ICY\" \/>\n<meta property=\"article:modified_time\" content=\"2025-01-13T15:46:44+00:00\" \/>\n<meta property=\"og:image\" content=\"https:\/\/www.icy.nl\/wp-content\/uploads\/2020\/03\/Pressure-Sensor.png\" \/>\n\t<meta property=\"og:image:width\" content=\"800\" \/>\n\t<meta property=\"og:image:height\" content=\"800\" \/>\n\t<meta property=\"og:image:type\" content=\"image\/png\" \/>\n<meta name=\"twitter:card\" content=\"summary_large_image\" \/>\n<script type=\"application\/ld+json\" class=\"yoast-schema-graph\">{\"@context\":\"https:\\\/\\\/schema.org\",\"@graph\":[{\"@type\":\"WebPage\",\"@id\":\"https:\\\/\\\/www.icy.nl\\\/de\\\/produkt\\\/remote-pressure-alarm\\\/\",\"url\":\"https:\\\/\\\/www.icy.nl\\\/de\\\/produkt\\\/remote-pressure-alarm\\\/\",\"name\":\"Remote Pressure Alarm - ICY\",\"isPartOf\":{\"@id\":\"https:\\\/\\\/www.icy.nl\\\/de\\\/#website\"},\"primaryImageOfPage\":{\"@id\":\"https:\\\/\\\/www.icy.nl\\\/de\\\/produkt\\\/remote-pressure-alarm\\\/#primaryimage\"},\"image\":{\"@id\":\"https:\\\/\\\/www.icy.nl\\\/de\\\/produkt\\\/remote-pressure-alarm\\\/#primaryimage\"},\"thumbnailUrl\":\"https:\\\/\\\/www.icy.nl\\\/wp-content\\\/uploads\\\/2020\\\/03\\\/Pressure-Sensor.png\",\"datePublished\":\"2020-05-11T15:01:57+00:00\",\"dateModified\":\"2025-01-13T15:46:44+00:00\",\"breadcrumb\":{\"@id\":\"https:\\\/\\\/www.icy.nl\\\/de\\\/produkt\\\/remote-pressure-alarm\\\/#breadcrumb\"},\"inLanguage\":\"de\",\"potentialAction\":[{\"@type\":\"ReadAction\",\"target\":[\"https:\\\/\\\/www.icy.nl\\\/de\\\/produkt\\\/remote-pressure-alarm\\\/\"]}]},{\"@type\":\"ImageObject\",\"inLanguage\":\"de\",\"@id\":\"https:\\\/\\\/www.icy.nl\\\/de\\\/produkt\\\/remote-pressure-alarm\\\/#primaryimage\",\"url\":\"https:\\\/\\\/www.icy.nl\\\/wp-content\\\/uploads\\\/2020\\\/03\\\/Pressure-Sensor.png\",\"contentUrl\":\"https:\\\/\\\/www.icy.nl\\\/wp-content\\\/uploads\\\/2020\\\/03\\\/Pressure-Sensor.png\",\"width\":800,\"height\":800},{\"@type\":\"BreadcrumbList\",\"@id\":\"https:\\\/\\\/www.icy.nl\\\/de\\\/produkt\\\/remote-pressure-alarm\\\/#breadcrumb\",\"itemListElement\":[{\"@type\":\"ListItem\",\"position\":1,\"name\":\"Home\",\"item\":\"https:\\\/\\\/www.icy.nl\\\/de\\\/\"},{\"@type\":\"ListItem\",\"position\":2,\"name\":\"Produkte\",\"item\":\"https:\\\/\\\/www.icy.nl\\\/de\\\/produkte\\\/\"},{\"@type\":\"ListItem\",\"position\":3,\"name\":\"Housing Management\",\"item\":\"https:\\\/\\\/www.icy.nl\\\/de\\\/product-categorie\\\/housing-management-de\\\/\"},{\"@type\":\"ListItem\",\"position\":4,\"name\":\"Remote Pressure Alarm\"}]},{\"@type\":\"WebSite\",\"@id\":\"https:\\\/\\\/www.icy.nl\\\/de\\\/#website\",\"url\":\"https:\\\/\\\/www.icy.nl\\\/de\\\/\",\"name\":\"ICY\",\"description\":\"Smartmotica solutions\",\"publisher\":{\"@id\":\"https:\\\/\\\/www.icy.nl\\\/de\\\/#organization\"},\"potentialAction\":[{\"@type\":\"SearchAction\",\"target\":{\"@type\":\"EntryPoint\",\"urlTemplate\":\"https:\\\/\\\/www.icy.nl\\\/de\\\/?s={search_term_string}\"},\"query-input\":{\"@type\":\"PropertyValueSpecification\",\"valueRequired\":true,\"valueName\":\"search_term_string\"}}],\"inLanguage\":\"de\"},{\"@type\":\"Organization\",\"@id\":\"https:\\\/\\\/www.icy.nl\\\/de\\\/#organization\",\"name\":\"I.C.Y. B.V.\",\"url\":\"https:\\\/\\\/www.icy.nl\\\/de\\\/\",\"logo\":{\"@type\":\"ImageObject\",\"inLanguage\":\"de\",\"@id\":\"https:\\\/\\\/www.icy.nl\\\/de\\\/#\\\/schema\\\/logo\\\/image\\\/\",\"url\":\"https:\\\/\\\/www.icy.nl\\\/wp-content\\\/uploads\\\/2016\\\/11\\\/logo-icy.jpg\",\"contentUrl\":\"https:\\\/\\\/www.icy.nl\\\/wp-content\\\/uploads\\\/2016\\\/11\\\/logo-icy.jpg\",\"width\":400,\"height\":101,\"caption\":\"I.C.Y. B.V.\"},\"image\":{\"@id\":\"https:\\\/\\\/www.icy.nl\\\/de\\\/#\\\/schema\\\/logo\\\/image\\\/\"}}]}<\/script>\n<!-- \/ Yoast SEO plugin. -->","yoast_head_json":{"title":"Remote Pressure Alarm - ICY","robots":{"index":"index","follow":"follow","max-snippet":"max-snippet:-1","max-image-preview":"max-image-preview:large","max-video-preview":"max-video-preview:-1"},"canonical":"https:\/\/www.icy.nl\/de\/produkt\/remote-pressure-alarm\/","og_locale":"de_DE","og_type":"article","og_title":"Remote Pressure Alarm - ICY","og_description":"Mit dem Ferndruckalarm ICY4950RPA ist es m\u00f6glich, den Zentralheizungsdruck aus der Ferne zu \u00fcberwachen. Der Ferndruckalarm \u00fcberwacht den Wasserdruck in einem Zentralheizungssystem und sendet eine Nachricht an das ICY Control Center, wenn der Druck unter 0,8 Bar f\u00e4llt. Das ist ideal, denn so k\u00f6nnen Sie jederzeit vorbeugend daf\u00fcr sorgen, dass in Ihren Unterk\u00fcnften oder Geb\u00e4uden rechtzeitig Wasser nachgef\u00fcllt wird.   F\u00fcr weitere Informationen wenden Sie sich bitte an unsere Verkaufsabteilung unter 00 31 88-1231333.","og_url":"https:\/\/www.icy.nl\/de\/produkt\/remote-pressure-alarm\/","og_site_name":"ICY","article_modified_time":"2025-01-13T15:46:44+00:00","og_image":[{"width":800,"height":800,"url":"https:\/\/www.icy.nl\/wp-content\/uploads\/2020\/03\/Pressure-Sensor.png","type":"image\/png"}],"twitter_card":"summary_large_image","schema":{"@context":"https:\/\/schema.org","@graph":[{"@type":"WebPage","@id":"https:\/\/www.icy.nl\/de\/produkt\/remote-pressure-alarm\/","url":"https:\/\/www.icy.nl\/de\/produkt\/remote-pressure-alarm\/","name":"Remote Pressure Alarm - ICY","isPartOf":{"@id":"https:\/\/www.icy.nl\/de\/#website"},"primaryImageOfPage":{"@id":"https:\/\/www.icy.nl\/de\/produkt\/remote-pressure-alarm\/#primaryimage"},"image":{"@id":"https:\/\/www.icy.nl\/de\/produkt\/remote-pressure-alarm\/#primaryimage"},"thumbnailUrl":"https:\/\/www.icy.nl\/wp-content\/uploads\/2020\/03\/Pressure-Sensor.png","datePublished":"2020-05-11T15:01:57+00:00","dateModified":"2025-01-13T15:46:44+00:00","breadcrumb":{"@id":"https:\/\/www.icy.nl\/de\/produkt\/remote-pressure-alarm\/#breadcrumb"},"inLanguage":"de","potentialAction":[{"@type":"ReadAction","target":["https:\/\/www.icy.nl\/de\/produkt\/remote-pressure-alarm\/"]}]},{"@type":"ImageObject","inLanguage":"de","@id":"https:\/\/www.icy.nl\/de\/produkt\/remote-pressure-alarm\/#primaryimage","url":"https:\/\/www.icy.nl\/wp-content\/uploads\/2020\/03\/Pressure-Sensor.png","contentUrl":"https:\/\/www.icy.nl\/wp-content\/uploads\/2020\/03\/Pressure-Sensor.png","width":800,"height":800},{"@type":"BreadcrumbList","@id":"https:\/\/www.icy.nl\/de\/produkt\/remote-pressure-alarm\/#breadcrumb","itemListElement":[{"@type":"ListItem","position":1,"name":"Home","item":"https:\/\/www.icy.nl\/de\/"},{"@type":"ListItem","position":2,"name":"Produkte","item":"https:\/\/www.icy.nl\/de\/produkte\/"},{"@type":"ListItem","position":3,"name":"Housing Management","item":"https:\/\/www.icy.nl\/de\/product-categorie\/housing-management-de\/"},{"@type":"ListItem","position":4,"name":"Remote Pressure Alarm"}]},{"@type":"WebSite","@id":"https:\/\/www.icy.nl\/de\/#website","url":"https:\/\/www.icy.nl\/de\/","name":"ICY","description":"Smartmotica solutions","publisher":{"@id":"https:\/\/www.icy.nl\/de\/#organization"},"potentialAction":[{"@type":"SearchAction","target":{"@type":"EntryPoint","urlTemplate":"https:\/\/www.icy.nl\/de\/?s={search_term_string}"},"query-input":{"@type":"PropertyValueSpecification","valueRequired":true,"valueName":"search_term_string"}}],"inLanguage":"de"},{"@type":"Organization","@id":"https:\/\/www.icy.nl\/de\/#organization","name":"I.C.Y. B.V.","url":"https:\/\/www.icy.nl\/de\/","logo":{"@type":"ImageObject","inLanguage":"de","@id":"https:\/\/www.icy.nl\/de\/#\/schema\/logo\/image\/","url":"https:\/\/www.icy.nl\/wp-content\/uploads\/2016\/11\/logo-icy.jpg","contentUrl":"https:\/\/www.icy.nl\/wp-content\/uploads\/2016\/11\/logo-icy.jpg","width":400,"height":101,"caption":"I.C.Y. B.V."},"image":{"@id":"https:\/\/www.icy.nl\/de\/#\/schema\/logo\/image\/"}}]}},"featured_img":"https:\/\/www.icy.nl\/wp-content\/uploads\/2020\/03\/Pressure-Sensor.png","coauthors":[],"author_meta":{"author_link":"https:\/\/www.icy.nl\/de\/author\/daniel\/","display_name":"Daniel van de Kamp"},"relative_dates":{"created":"Posted 6\u00a0Jahren ago","modified":"Updated 1\u00a0Jahr ago"},"absolute_dates":{"created":"Posted on 25. M\u00e4rz 2020","modified":"Updated on 13. Januar 2025"},"absolute_dates_time":{"created":"Posted on 25. M\u00e4rz 2020 10:55","modified":"Updated on 13. Januar 2025 16:46"},"featured_img_caption":"","tax_additional":{"product_brand":{"linked":[],"unlinked":[],"slug":"product_brand","name":"Marken"},"product_type":{"linked":["<a href=\"https:\/\/www.icy.nl\/de\/?taxonomy=product_type&#038;term=simple\" class=\"advgb-post-tax-term\">simple<\/a>"],"unlinked":["<span class=\"advgb-post-tax-term\">simple<\/span>"],"slug":"product_type","name":"Produkttyp"},"product_visibility":{"linked":[],"unlinked":[],"slug":"product_visibility","name":"Sichtbarkeit des Produkts"},"product_cat":{"linked":["<a href=\"https:\/\/www.icy.nl\/de\/product-categorie\/housing-management-de\/\" class=\"advgb-post-tax-term\">Housing Management<\/a>"],"unlinked":["<span class=\"advgb-post-tax-term\">Housing Management<\/span>"],"slug":"product_cat","name":"Produkt-Kategorien"},"product_tag":{"linked":[],"unlinked":[],"slug":"product_tag","name":"Produkt Schlagw\u00f6rter"},"product_shipping_class":{"linked":[],"unlinked":[],"slug":"product_shipping_class","name":"Produkt Versandklasse"},"pos_product_visibility":{"linked":[],"unlinked":[],"slug":"pos_product_visibility","name":"POS-Produkt-Sichtbarkeit."},"translation_priority":{"linked":["<a href=\"https:\/\/www.icy.nl\/de\/?taxonomy=translation_priority&#038;term=hohe-prioritat\" class=\"advgb-post-tax-term\">hohe Priorit\u00e4t<\/a>"],"unlinked":["<span class=\"advgb-post-tax-term\">hohe Priorit\u00e4t<\/span>"],"slug":"translation_priority","name":"\u00dcbersetzungspriorit\u00e4ten"}},"series_order":"","_links":{"self":[{"href":"https:\/\/www.icy.nl\/de\/wp-json\/wp\/v2\/product\/31159","targetHints":{"allow":["GET"]}}],"collection":[{"href":"https:\/\/www.icy.nl\/de\/wp-json\/wp\/v2\/product"}],"about":[{"href":"https:\/\/www.icy.nl\/de\/wp-json\/wp\/v2\/types\/product"}],"wp:featuredmedia":[{"embeddable":true,"href":"https:\/\/www.icy.nl\/de\/wp-json\/wp\/v2\/media\/38124"}],"wp:attachment":[{"href":"https:\/\/www.icy.nl\/de\/wp-json\/wp\/v2\/media?parent=31159"}],"wp:term":[{"taxonomy":"product_brand","embeddable":true,"href":"https:\/\/www.icy.nl\/de\/wp-json\/wp\/v2\/product_brand?post=31159"},{"taxonomy":"product_cat","embeddable":true,"href":"https:\/\/www.icy.nl\/de\/wp-json\/wp\/v2\/product_cat?post=31159"},{"taxonomy":"product_tag","embeddable":true,"href":"https:\/\/www.icy.nl\/de\/wp-json\/wp\/v2\/product_tag?post=31159"}],"curies":[{"name":"wp","href":"https:\/\/api.w.org\/{rel}","templated":true}]}}