{"id":31163,"date":"2020-03-23T12:52:09","date_gmt":"2020-05-13T07:02:45","guid":{"rendered":"https:\/\/www.icy.nl\/product\/icy1842in-remote-set\/"},"modified":"2025-01-14T10:48:02","modified_gmt":"2025-01-14T09:48:02","slug":"icy-remote-set","status":"publish","type":"product","link":"https:\/\/www.icy.nl\/de\/produkt\/icy-remote-set\/","title":{"rendered":"ICY1842IN Remote Set"},"content":{"rendered":"<p>Besonders in Arbeiter- oder Studentenwohnheimen bietet dieses System aufgrund der enormen Einsparungen einen gro\u00dfen Mehrwert.<\/p>\n<p>Weitere Informationen finden Sie auf der Seite zu <a href=\"https:\/\/www.icy.nl\/uitzendbureaus\/\">ICY Housing Management<\/a>.<\/p>\n","protected":false},"excerpt":{"rendered":"<p>Das ICY Remote Set erm\u00f6glicht Ihnen, einen Stromsparenden <a href=\"https:\/\/www.icy.nl\/product\/icy1845in-timer-thermostaat-expert\/\">ICY Timer Thermostat<\/a>aus der Ferne einzustellen und abzulesen.<\/p>\n<p>Das ICY4927IN-Gateway aus diesem Set, erm\u00f6glicht die Kommunikation zwischen ICY-Net-Ger\u00e4ten in einer Unterkunft und dem Internet. Auf diese Weise k\u00f6nnen Sie mit der ICY Housing Management-Softwareanwendung die Einstellungen f\u00fcr diese und andere Sets in Ihrer Unterkunft verwalten. Sie k\u00f6nnen das System auch mit Rauchmelder und Meldung bei niedrigem Zentralheizungsdruck erweitern.<\/p>\n","protected":false},"author":2946,"featured_media":30658,"template":"","meta":{"advgb_blocks_editor_width":"","advgb_blocks_columns_visual_guide":"","_genesis_hide_title":false,"_genesis_hide_breadcrumbs":false,"_genesis_hide_singular_image":false,"_genesis_hide_footer_widgets":false,"_genesis_custom_body_class":"","_genesis_custom_post_class":"","_genesis_layout":""},"product_brand":[],"product_cat":[141,138,144],"product_tag":[],"class_list":{"0":"post-31163","1":"product","2":"type-product","3":"status-publish","4":"has-post-thumbnail","6":"product_cat-housing-management-de","7":"product_cat-temperaturregelung","8":"product_cat-arbeitsagentur","9":"entry","11":"first","12":"instock","13":"taxable","14":"shipping-taxable","15":"product-type-simple"},"yoast_head":"<!-- This site is optimized with the Yoast SEO plugin v27.3 - https:\/\/yoast.com\/product\/yoast-seo-wordpress\/ -->\n<title>ICY1842IN Remote Set - ICY<\/title>\n<meta name=\"robots\" content=\"index, follow, max-snippet:-1, max-image-preview:large, max-video-preview:-1\" \/>\n<link rel=\"canonical\" href=\"https:\/\/www.icy.nl\/de\/produkt\/icy-remote-set\/\" \/>\n<meta property=\"og:locale\" content=\"de_DE\" \/>\n<meta property=\"og:type\" content=\"article\" \/>\n<meta property=\"og:title\" content=\"ICY1842IN Remote Set - ICY\" \/>\n<meta property=\"og:description\" content=\"Das ICY Remote Set erm\u00f6glicht Ihnen, einen Stromsparenden ICY Timer Thermostataus der Ferne einzustellen und abzulesen. Das ICY4927IN-Gateway aus diesem Set, erm\u00f6glicht die Kommunikation zwischen ICY-Net-Ger\u00e4ten in einer Unterkunft und dem Internet. Auf diese Weise k\u00f6nnen Sie mit der ICY Housing Management-Softwareanwendung die Einstellungen f\u00fcr diese und andere Sets in Ihrer Unterkunft verwalten. Sie k\u00f6nnen das System auch mit Rauchmelder und Meldung bei niedrigem Zentralheizungsdruck erweitern.\" \/>\n<meta property=\"og:url\" content=\"https:\/\/www.icy.nl\/de\/produkt\/icy-remote-set\/\" \/>\n<meta property=\"og:site_name\" content=\"ICY\" \/>\n<meta property=\"article:modified_time\" content=\"2025-01-14T09:48:02+00:00\" \/>\n<meta property=\"og:image\" content=\"https:\/\/www.icy.nl\/wp-content\/uploads\/2020\/03\/gateway-en-thermostaat.jpg\" \/>\n\t<meta property=\"og:image:width\" content=\"800\" \/>\n\t<meta property=\"og:image:height\" content=\"821\" \/>\n\t<meta property=\"og:image:type\" content=\"image\/jpeg\" \/>\n<meta name=\"twitter:card\" content=\"summary_large_image\" \/>\n<script type=\"application\/ld+json\" class=\"yoast-schema-graph\">{\"@context\":\"https:\\\/\\\/schema.org\",\"@graph\":[{\"@type\":\"WebPage\",\"@id\":\"https:\\\/\\\/www.icy.nl\\\/de\\\/produkt\\\/icy-remote-set\\\/\",\"url\":\"https:\\\/\\\/www.icy.nl\\\/de\\\/produkt\\\/icy-remote-set\\\/\",\"name\":\"ICY1842IN Remote Set - ICY\",\"isPartOf\":{\"@id\":\"https:\\\/\\\/www.icy.nl\\\/de\\\/#website\"},\"primaryImageOfPage\":{\"@id\":\"https:\\\/\\\/www.icy.nl\\\/de\\\/produkt\\\/icy-remote-set\\\/#primaryimage\"},\"image\":{\"@id\":\"https:\\\/\\\/www.icy.nl\\\/de\\\/produkt\\\/icy-remote-set\\\/#primaryimage\"},\"thumbnailUrl\":\"https:\\\/\\\/www.icy.nl\\\/wp-content\\\/uploads\\\/2020\\\/03\\\/gateway-en-thermostaat.jpg\",\"datePublished\":\"2020-05-13T07:02:45+00:00\",\"dateModified\":\"2025-01-14T09:48:02+00:00\",\"breadcrumb\":{\"@id\":\"https:\\\/\\\/www.icy.nl\\\/de\\\/produkt\\\/icy-remote-set\\\/#breadcrumb\"},\"inLanguage\":\"de\",\"potentialAction\":[{\"@type\":\"ReadAction\",\"target\":[\"https:\\\/\\\/www.icy.nl\\\/de\\\/produkt\\\/icy-remote-set\\\/\"]}]},{\"@type\":\"ImageObject\",\"inLanguage\":\"de\",\"@id\":\"https:\\\/\\\/www.icy.nl\\\/de\\\/produkt\\\/icy-remote-set\\\/#primaryimage\",\"url\":\"https:\\\/\\\/www.icy.nl\\\/wp-content\\\/uploads\\\/2020\\\/03\\\/gateway-en-thermostaat.jpg\",\"contentUrl\":\"https:\\\/\\\/www.icy.nl\\\/wp-content\\\/uploads\\\/2020\\\/03\\\/gateway-en-thermostaat.jpg\",\"width\":800,\"height\":821,\"caption\":\"Remote set\"},{\"@type\":\"BreadcrumbList\",\"@id\":\"https:\\\/\\\/www.icy.nl\\\/de\\\/produkt\\\/icy-remote-set\\\/#breadcrumb\",\"itemListElement\":[{\"@type\":\"ListItem\",\"position\":1,\"name\":\"Home\",\"item\":\"https:\\\/\\\/www.icy.nl\\\/de\\\/\"},{\"@type\":\"ListItem\",\"position\":2,\"name\":\"Produkte\",\"item\":\"https:\\\/\\\/www.icy.nl\\\/de\\\/produkte\\\/\"},{\"@type\":\"ListItem\",\"position\":3,\"name\":\"Housing Management\",\"item\":\"https:\\\/\\\/www.icy.nl\\\/de\\\/product-categorie\\\/housing-management-de\\\/\"},{\"@type\":\"ListItem\",\"position\":4,\"name\":\"ICY1842IN Remote Set\"}]},{\"@type\":\"WebSite\",\"@id\":\"https:\\\/\\\/www.icy.nl\\\/de\\\/#website\",\"url\":\"https:\\\/\\\/www.icy.nl\\\/de\\\/\",\"name\":\"ICY\",\"description\":\"Smartmotica solutions\",\"publisher\":{\"@id\":\"https:\\\/\\\/www.icy.nl\\\/de\\\/#organization\"},\"potentialAction\":[{\"@type\":\"SearchAction\",\"target\":{\"@type\":\"EntryPoint\",\"urlTemplate\":\"https:\\\/\\\/www.icy.nl\\\/de\\\/?s={search_term_string}\"},\"query-input\":{\"@type\":\"PropertyValueSpecification\",\"valueRequired\":true,\"valueName\":\"search_term_string\"}}],\"inLanguage\":\"de\"},{\"@type\":\"Organization\",\"@id\":\"https:\\\/\\\/www.icy.nl\\\/de\\\/#organization\",\"name\":\"I.C.Y. B.V.\",\"url\":\"https:\\\/\\\/www.icy.nl\\\/de\\\/\",\"logo\":{\"@type\":\"ImageObject\",\"inLanguage\":\"de\",\"@id\":\"https:\\\/\\\/www.icy.nl\\\/de\\\/#\\\/schema\\\/logo\\\/image\\\/\",\"url\":\"https:\\\/\\\/www.icy.nl\\\/wp-content\\\/uploads\\\/2016\\\/11\\\/logo-icy.jpg\",\"contentUrl\":\"https:\\\/\\\/www.icy.nl\\\/wp-content\\\/uploads\\\/2016\\\/11\\\/logo-icy.jpg\",\"width\":400,\"height\":101,\"caption\":\"I.C.Y. B.V.\"},\"image\":{\"@id\":\"https:\\\/\\\/www.icy.nl\\\/de\\\/#\\\/schema\\\/logo\\\/image\\\/\"}}]}<\/script>\n<!-- \/ Yoast SEO plugin. -->","yoast_head_json":{"title":"ICY1842IN Remote Set - ICY","robots":{"index":"index","follow":"follow","max-snippet":"max-snippet:-1","max-image-preview":"max-image-preview:large","max-video-preview":"max-video-preview:-1"},"canonical":"https:\/\/www.icy.nl\/de\/produkt\/icy-remote-set\/","og_locale":"de_DE","og_type":"article","og_title":"ICY1842IN Remote Set - ICY","og_description":"Das ICY Remote Set erm\u00f6glicht Ihnen, einen Stromsparenden ICY Timer Thermostataus der Ferne einzustellen und abzulesen. Das ICY4927IN-Gateway aus diesem Set, erm\u00f6glicht die Kommunikation zwischen ICY-Net-Ger\u00e4ten in einer Unterkunft und dem Internet. Auf diese Weise k\u00f6nnen Sie mit der ICY Housing Management-Softwareanwendung die Einstellungen f\u00fcr diese und andere Sets in Ihrer Unterkunft verwalten. Sie k\u00f6nnen das System auch mit Rauchmelder und Meldung bei niedrigem Zentralheizungsdruck erweitern.","og_url":"https:\/\/www.icy.nl\/de\/produkt\/icy-remote-set\/","og_site_name":"ICY","article_modified_time":"2025-01-14T09:48:02+00:00","og_image":[{"width":800,"height":821,"url":"https:\/\/www.icy.nl\/wp-content\/uploads\/2020\/03\/gateway-en-thermostaat.jpg","type":"image\/jpeg"}],"twitter_card":"summary_large_image","schema":{"@context":"https:\/\/schema.org","@graph":[{"@type":"WebPage","@id":"https:\/\/www.icy.nl\/de\/produkt\/icy-remote-set\/","url":"https:\/\/www.icy.nl\/de\/produkt\/icy-remote-set\/","name":"ICY1842IN Remote Set - ICY","isPartOf":{"@id":"https:\/\/www.icy.nl\/de\/#website"},"primaryImageOfPage":{"@id":"https:\/\/www.icy.nl\/de\/produkt\/icy-remote-set\/#primaryimage"},"image":{"@id":"https:\/\/www.icy.nl\/de\/produkt\/icy-remote-set\/#primaryimage"},"thumbnailUrl":"https:\/\/www.icy.nl\/wp-content\/uploads\/2020\/03\/gateway-en-thermostaat.jpg","datePublished":"2020-05-13T07:02:45+00:00","dateModified":"2025-01-14T09:48:02+00:00","breadcrumb":{"@id":"https:\/\/www.icy.nl\/de\/produkt\/icy-remote-set\/#breadcrumb"},"inLanguage":"de","potentialAction":[{"@type":"ReadAction","target":["https:\/\/www.icy.nl\/de\/produkt\/icy-remote-set\/"]}]},{"@type":"ImageObject","inLanguage":"de","@id":"https:\/\/www.icy.nl\/de\/produkt\/icy-remote-set\/#primaryimage","url":"https:\/\/www.icy.nl\/wp-content\/uploads\/2020\/03\/gateway-en-thermostaat.jpg","contentUrl":"https:\/\/www.icy.nl\/wp-content\/uploads\/2020\/03\/gateway-en-thermostaat.jpg","width":800,"height":821,"caption":"Remote set"},{"@type":"BreadcrumbList","@id":"https:\/\/www.icy.nl\/de\/produkt\/icy-remote-set\/#breadcrumb","itemListElement":[{"@type":"ListItem","position":1,"name":"Home","item":"https:\/\/www.icy.nl\/de\/"},{"@type":"ListItem","position":2,"name":"Produkte","item":"https:\/\/www.icy.nl\/de\/produkte\/"},{"@type":"ListItem","position":3,"name":"Housing Management","item":"https:\/\/www.icy.nl\/de\/product-categorie\/housing-management-de\/"},{"@type":"ListItem","position":4,"name":"ICY1842IN Remote Set"}]},{"@type":"WebSite","@id":"https:\/\/www.icy.nl\/de\/#website","url":"https:\/\/www.icy.nl\/de\/","name":"ICY","description":"Smartmotica solutions","publisher":{"@id":"https:\/\/www.icy.nl\/de\/#organization"},"potentialAction":[{"@type":"SearchAction","target":{"@type":"EntryPoint","urlTemplate":"https:\/\/www.icy.nl\/de\/?s={search_term_string}"},"query-input":{"@type":"PropertyValueSpecification","valueRequired":true,"valueName":"search_term_string"}}],"inLanguage":"de"},{"@type":"Organization","@id":"https:\/\/www.icy.nl\/de\/#organization","name":"I.C.Y. B.V.","url":"https:\/\/www.icy.nl\/de\/","logo":{"@type":"ImageObject","inLanguage":"de","@id":"https:\/\/www.icy.nl\/de\/#\/schema\/logo\/image\/","url":"https:\/\/www.icy.nl\/wp-content\/uploads\/2016\/11\/logo-icy.jpg","contentUrl":"https:\/\/www.icy.nl\/wp-content\/uploads\/2016\/11\/logo-icy.jpg","width":400,"height":101,"caption":"I.C.Y. B.V."},"image":{"@id":"https:\/\/www.icy.nl\/de\/#\/schema\/logo\/image\/"}}]}},"featured_img":"https:\/\/www.icy.nl\/wp-content\/uploads\/2020\/03\/gateway-en-thermostaat.jpg","coauthors":[],"author_meta":{"author_link":"https:\/\/www.icy.nl\/de\/author\/daniel\/","display_name":"Daniel van de Kamp"},"relative_dates":{"created":"Posted 6\u00a0Jahren ago","modified":"Updated 1\u00a0Jahr ago"},"absolute_dates":{"created":"Posted on 23. M\u00e4rz 2020","modified":"Updated on 14. Januar 2025"},"absolute_dates_time":{"created":"Posted on 23. M\u00e4rz 2020 12:52","modified":"Updated on 14. Januar 2025 10:48"},"featured_img_caption":"","tax_additional":{"product_brand":{"linked":[],"unlinked":[],"slug":"product_brand","name":"Marken"},"product_type":{"linked":["<a href=\"https:\/\/www.icy.nl\/de\/?taxonomy=product_type&#038;term=simple\" class=\"advgb-post-tax-term\">simple<\/a>"],"unlinked":["<span class=\"advgb-post-tax-term\">simple<\/span>"],"slug":"product_type","name":"Produkttyp"},"product_visibility":{"linked":[],"unlinked":[],"slug":"product_visibility","name":"Sichtbarkeit des Produkts"},"product_cat":{"linked":["<a href=\"https:\/\/www.icy.nl\/de\/product-categorie\/housing-management-de\/\" class=\"advgb-post-tax-term\">Housing Management<\/a>","<a href=\"https:\/\/www.icy.nl\/de\/product-categorie\/temperaturregelung\/\" class=\"advgb-post-tax-term\">Temperaturregelung<\/a>","<a href=\"https:\/\/www.icy.nl\/de\/product-categorie\/arbeitsagentur\/\" class=\"advgb-post-tax-term\">Arbeitsagentur<\/a>"],"unlinked":["<span class=\"advgb-post-tax-term\">Housing Management<\/span>","<span class=\"advgb-post-tax-term\">Temperaturregelung<\/span>","<span class=\"advgb-post-tax-term\">Arbeitsagentur<\/span>"],"slug":"product_cat","name":"Produkt-Kategorien"},"product_tag":{"linked":[],"unlinked":[],"slug":"product_tag","name":"Produkt Schlagw\u00f6rter"},"product_shipping_class":{"linked":[],"unlinked":[],"slug":"product_shipping_class","name":"Produkt Versandklasse"},"pos_product_visibility":{"linked":[],"unlinked":[],"slug":"pos_product_visibility","name":"POS-Produkt-Sichtbarkeit."},"translation_priority":{"linked":["<a href=\"https:\/\/www.icy.nl\/de\/?taxonomy=translation_priority&#038;term=hohe-prioritat\" class=\"advgb-post-tax-term\">hohe Priorit\u00e4t<\/a>"],"unlinked":["<span class=\"advgb-post-tax-term\">hohe Priorit\u00e4t<\/span>"],"slug":"translation_priority","name":"\u00dcbersetzungspriorit\u00e4ten"}},"series_order":"","_links":{"self":[{"href":"https:\/\/www.icy.nl\/de\/wp-json\/wp\/v2\/product\/31163","targetHints":{"allow":["GET"]}}],"collection":[{"href":"https:\/\/www.icy.nl\/de\/wp-json\/wp\/v2\/product"}],"about":[{"href":"https:\/\/www.icy.nl\/de\/wp-json\/wp\/v2\/types\/product"}],"wp:featuredmedia":[{"embeddable":true,"href":"https:\/\/www.icy.nl\/de\/wp-json\/wp\/v2\/media\/30658"}],"wp:attachment":[{"href":"https:\/\/www.icy.nl\/de\/wp-json\/wp\/v2\/media?parent=31163"}],"wp:term":[{"taxonomy":"product_brand","embeddable":true,"href":"https:\/\/www.icy.nl\/de\/wp-json\/wp\/v2\/product_brand?post=31163"},{"taxonomy":"product_cat","embeddable":true,"href":"https:\/\/www.icy.nl\/de\/wp-json\/wp\/v2\/product_cat?post=31163"},{"taxonomy":"product_tag","embeddable":true,"href":"https:\/\/www.icy.nl\/de\/wp-json\/wp\/v2\/product_tag?post=31163"}],"curies":[{"name":"wp","href":"https:\/\/api.w.org\/{rel}","templated":true}]}}