{"id":31213,"date":"2018-02-13T09:21:20","date_gmt":"2020-05-21T17:19:37","guid":{"rendered":"https:\/\/www.icy.nl\/product\/timer-thermostaat-expert\/"},"modified":"2025-01-14T11:05:16","modified_gmt":"2025-01-14T10:05:16","slug":"icy1845in-timer-thermostat-experte","status":"publish","type":"product","link":"https:\/\/www.icy.nl\/de\/produkt\/icy1845in-timer-thermostat-experte\/","title":{"rendered":"ICY1845IN Timer Thermostat Expert"},"content":{"rendered":"<p>Speziell f\u00fcr den Einsatz in R\u00e4umen, in denen der Nutzer nicht derjenige ist, der die Energierechnung bezahlen muss, hat ICY eine Reihe von Thermostaten entwickelt.<\/p>\n<p>Dieser Thermostat-Timer stellt, wie der Name schon sagt, den Thermostat zu einer von ihm selbst eingestellten Zeit auf eine niedrigere Temperatur zur\u00fcck. Dies geschieht je nach gew\u00e4hlter Variante durch Bet\u00e4tigung oder durch Bewegung. Der Timer Thermostat Expert bietet auch die M\u00f6glichkeit \u00fcber das ICY Control Center mit Ihrem aktuellen Reservierungssystem verbunden werden.<\/p>\n<p>Der Timer-Thermostat Expert ICY1845IN kann an <a href=\"https:\/\/www.icy.nl\/accommodation-management-draadloos-beheer-vakantieparken\/\">ICY Accommodation Management<\/a>, <a href=\"https:\/\/www.icy.nl\/uitzendbureaus\/\">ICY Housing Management<\/a> oder <a href=\"https:\/\/www.icy.nl\/draadloos-stroombeheer-campings\/\">ICY Campsite Management<\/a> angeschlossen werden, sodass eine drahtlose Fernsteuerung m\u00f6glich ist.<\/p>\n<p>Die Thermostate zeichnen sich durch folgendes aus:<\/p>\n<ul>\n<li>Vandalismus resistent<\/li>\n<li>Gesch\u00fctzt mit PIN-Code<\/li>\n<li>Robust<\/li>\n<li>hohe Energieeinsparungen von 20% bis 50%, je nach Situation, in der der Thermostat verwendet wird.<br \/>\nDazu geh\u00f6ren beispielsweise Mietbungalows, Vereinsgeb\u00e4ude, B\u00fcros, Hotelzimmer und Studentenwohnheime.<br \/>\nEin Fenster ist H\u00e4ufig werden in diesen R\u00e4umen T\u00fcren oder Schiebet\u00fcren ge\u00f6ffnet, um etwas Frischluft hereinzulassen, was dazu f\u00fchrt, dass die Heizung noch mehr arbeiten muss, um die eingestellte Temperatur zu halten.<\/li>\n<\/ul>\n<p>Mit den Timer-Thermostaten von ICY kann die Temperatur intelligenter geregelt werden, ohne den W\u00e4rmekomfort zu beeintr\u00e4chtigen. Durch die Anwesenheitserkennung schaltet die Heizung automatisch ein und somit wird unn\u00f6tiges erhitzen verhindert.<\/p>\n<p>Dar\u00fcber hinaus gibt es Zusch\u00fcsse, die Sie eventuell beantragen k\u00f6nnen.<\/p>\n<hr>\n<h1>ErP Klasse<\/h1>\n<p>Der 1845 Timer Thermostat f\u00e4llt mit ErP-Produktklassen in die Klasse 4 der folgenden Tabelle und hat daher einen ErP-Korrekturfaktor von 2%.<\/p>\n<div class=\"clearfix\"><\/div>\n<div class=\"one-third first\"><strong>Klasse<\/strong><\/div>\n<div class=\"one-third\"><strong>Thermostat<\/strong><\/div>\n<div class=\"one-third\"><strong>Korrekturfaktor<\/strong><\/div>\n<div class=\"one-third first\">4<\/div>\n<div class=\"one-third\">Chronoproportionaler Raumthermostat (Ein \/ Aus Heizungen)<\/div>\n<div class=\"one-third\">2%<\/div>\n<div class=\"clearfix\">\n<hr>\n<\/div>\n","protected":false},"excerpt":{"rendered":"<p>Ein energiesparender Thermostat mit Bewegungsmelder und Lichtsensor. In Abwesenheit des Benutzers schaltet der Thermostat die Heizung nach einer vom Eigent\u00fcmer festgelegten Zeit (z. B. 2 Stunden) automatisch ab.<\/p>\n<ul>\n<li>Bewegungssensor<\/li>\n<li>Lichtsensor &#8211; Die Heizung wird ausgeschaltet, wenn es in dem Raum, in dem der Thermostat h\u00e4ngt, dunkel ist.<\/li>\n<li>&#8222;Ein herzliches Willkommen&#8220; &#8211; Der Timer kann vom Eigent\u00fcmer gesteuert werden, somit die Unterkunft vorgew\u00e4rmt werden kann.<\/li>\n<li>PIN-Code gesch\u00fctzt<\/li>\n<li>Steuerung: Ein\/Aus \u2013 24 V und OpenTherm\u00ae<\/li>\n<\/ul>\n<p>&nbsp;<\/p>\n<p>&nbsp;<\/p>\n","protected":false},"author":2946,"featured_media":32463,"template":"","meta":{"advgb_blocks_editor_width":"","advgb_blocks_columns_visual_guide":"","_genesis_hide_title":false,"_genesis_hide_breadcrumbs":false,"_genesis_hide_singular_image":false,"_genesis_hide_footer_widgets":false,"_genesis_custom_body_class":"","_genesis_custom_post_class":"","_genesis_layout":""},"product_brand":[],"product_cat":[139,143,141,138,142,144],"product_tag":[],"class_list":{"0":"post-31213","1":"product","2":"type-product","3":"status-publish","4":"has-post-thumbnail","6":"product_cat-accommodation-management-de","7":"product_cat-campsite-management-de","8":"product_cat-housing-management-de","9":"product_cat-temperaturregelung","10":"product_cat-facility-management-de","11":"product_cat-arbeitsagentur","12":"product_shipping_class-normales-paket","13":"entry","15":"first","16":"instock","17":"taxable","18":"shipping-taxable","19":"product-type-simple"},"yoast_head":"<!-- This site is optimized with the Yoast SEO plugin v27.4 - https:\/\/yoast.com\/product\/yoast-seo-wordpress\/ -->\n<title>ICY1845IN Timer Thermostat Expert - ICY<\/title>\n<meta name=\"robots\" content=\"index, follow, max-snippet:-1, max-image-preview:large, max-video-preview:-1\" \/>\n<link rel=\"canonical\" href=\"https:\/\/www.icy.nl\/de\/produkt\/icy1845in-timer-thermostat-experte\/\" \/>\n<meta property=\"og:locale\" content=\"de_DE\" \/>\n<meta property=\"og:type\" content=\"article\" \/>\n<meta property=\"og:title\" content=\"ICY1845IN Timer Thermostat Expert - ICY\" \/>\n<meta property=\"og:description\" content=\"Ein energiesparender Thermostat mit Bewegungsmelder und Lichtsensor. In Abwesenheit des Benutzers schaltet der Thermostat die Heizung nach einer vom Eigent\u00fcmer festgelegten Zeit (z. B. 2 Stunden) automatisch ab.  Bewegungssensor  Lichtsensor - Die Heizung wird ausgeschaltet, wenn es in dem Raum, in dem der Thermostat h\u00e4ngt, dunkel ist.  &quot;Ein herzliches Willkommen&quot; - Der Timer kann vom Eigent\u00fcmer gesteuert werden, somit die Unterkunft vorgew\u00e4rmt werden kann.  PIN-Code gesch\u00fctzt  Steuerung: Ein\/Aus \u2013 24 V und OpenTherm\u00ae &nbsp; &nbsp;\" \/>\n<meta property=\"og:url\" content=\"https:\/\/www.icy.nl\/de\/produkt\/icy1845in-timer-thermostat-experte\/\" \/>\n<meta property=\"og:site_name\" content=\"ICY\" \/>\n<meta property=\"article:modified_time\" content=\"2025-01-14T10:05:16+00:00\" \/>\n<meta property=\"og:image\" content=\"https:\/\/www.icy.nl\/wp-content\/uploads\/2018\/02\/1845-energiebesparende-thermostaat-front-2020.jpg\" \/>\n\t<meta property=\"og:image:width\" content=\"800\" \/>\n\t<meta property=\"og:image:height\" content=\"800\" \/>\n\t<meta property=\"og:image:type\" content=\"image\/jpeg\" \/>\n<meta name=\"twitter:card\" content=\"summary_large_image\" \/>\n<meta name=\"twitter:label1\" content=\"Gesch\u00e4tzte Lesezeit\" \/>\n\t<meta name=\"twitter:data1\" content=\"1\u00a0Minute\" \/>\n<script type=\"application\/ld+json\" class=\"yoast-schema-graph\">{\"@context\":\"https:\\\/\\\/schema.org\",\"@graph\":[{\"@type\":\"WebPage\",\"@id\":\"https:\\\/\\\/www.icy.nl\\\/de\\\/produkt\\\/icy1845in-timer-thermostat-experte\\\/\",\"url\":\"https:\\\/\\\/www.icy.nl\\\/de\\\/produkt\\\/icy1845in-timer-thermostat-experte\\\/\",\"name\":\"ICY1845IN Timer Thermostat Expert - ICY\",\"isPartOf\":{\"@id\":\"https:\\\/\\\/www.icy.nl\\\/de\\\/#website\"},\"primaryImageOfPage\":{\"@id\":\"https:\\\/\\\/www.icy.nl\\\/de\\\/produkt\\\/icy1845in-timer-thermostat-experte\\\/#primaryimage\"},\"image\":{\"@id\":\"https:\\\/\\\/www.icy.nl\\\/de\\\/produkt\\\/icy1845in-timer-thermostat-experte\\\/#primaryimage\"},\"thumbnailUrl\":\"https:\\\/\\\/www.icy.nl\\\/wp-content\\\/uploads\\\/2018\\\/02\\\/1845-energiebesparende-thermostaat-front-2020.jpg\",\"datePublished\":\"2020-05-21T17:19:37+00:00\",\"dateModified\":\"2025-01-14T10:05:16+00:00\",\"breadcrumb\":{\"@id\":\"https:\\\/\\\/www.icy.nl\\\/de\\\/produkt\\\/icy1845in-timer-thermostat-experte\\\/#breadcrumb\"},\"inLanguage\":\"de\",\"potentialAction\":[{\"@type\":\"ReadAction\",\"target\":[\"https:\\\/\\\/www.icy.nl\\\/de\\\/produkt\\\/icy1845in-timer-thermostat-experte\\\/\"]}]},{\"@type\":\"ImageObject\",\"inLanguage\":\"de\",\"@id\":\"https:\\\/\\\/www.icy.nl\\\/de\\\/produkt\\\/icy1845in-timer-thermostat-experte\\\/#primaryimage\",\"url\":\"https:\\\/\\\/www.icy.nl\\\/wp-content\\\/uploads\\\/2018\\\/02\\\/1845-energiebesparende-thermostaat-front-2020.jpg\",\"contentUrl\":\"https:\\\/\\\/www.icy.nl\\\/wp-content\\\/uploads\\\/2018\\\/02\\\/1845-energiebesparende-thermostaat-front-2020.jpg\",\"width\":800,\"height\":800,\"caption\":\"1845 energiebesparende thermostaat\"},{\"@type\":\"BreadcrumbList\",\"@id\":\"https:\\\/\\\/www.icy.nl\\\/de\\\/produkt\\\/icy1845in-timer-thermostat-experte\\\/#breadcrumb\",\"itemListElement\":[{\"@type\":\"ListItem\",\"position\":1,\"name\":\"Home\",\"item\":\"https:\\\/\\\/www.icy.nl\\\/de\\\/\"},{\"@type\":\"ListItem\",\"position\":2,\"name\":\"Produkte\",\"item\":\"https:\\\/\\\/www.icy.nl\\\/de\\\/produkte\\\/\"},{\"@type\":\"ListItem\",\"position\":3,\"name\":\"Accommodation Management\",\"item\":\"https:\\\/\\\/www.icy.nl\\\/de\\\/product-categorie\\\/accommodation-management-de\\\/\"},{\"@type\":\"ListItem\",\"position\":4,\"name\":\"ICY1845IN Timer Thermostat Expert\"}]},{\"@type\":\"WebSite\",\"@id\":\"https:\\\/\\\/www.icy.nl\\\/de\\\/#website\",\"url\":\"https:\\\/\\\/www.icy.nl\\\/de\\\/\",\"name\":\"ICY\",\"description\":\"Smartmotica solutions\",\"publisher\":{\"@id\":\"https:\\\/\\\/www.icy.nl\\\/de\\\/#organization\"},\"potentialAction\":[{\"@type\":\"SearchAction\",\"target\":{\"@type\":\"EntryPoint\",\"urlTemplate\":\"https:\\\/\\\/www.icy.nl\\\/de\\\/?s={search_term_string}\"},\"query-input\":{\"@type\":\"PropertyValueSpecification\",\"valueRequired\":true,\"valueName\":\"search_term_string\"}}],\"inLanguage\":\"de\"},{\"@type\":\"Organization\",\"@id\":\"https:\\\/\\\/www.icy.nl\\\/de\\\/#organization\",\"name\":\"I.C.Y. B.V.\",\"url\":\"https:\\\/\\\/www.icy.nl\\\/de\\\/\",\"logo\":{\"@type\":\"ImageObject\",\"inLanguage\":\"de\",\"@id\":\"https:\\\/\\\/www.icy.nl\\\/de\\\/#\\\/schema\\\/logo\\\/image\\\/\",\"url\":\"https:\\\/\\\/www.icy.nl\\\/wp-content\\\/uploads\\\/2016\\\/11\\\/logo-icy.jpg\",\"contentUrl\":\"https:\\\/\\\/www.icy.nl\\\/wp-content\\\/uploads\\\/2016\\\/11\\\/logo-icy.jpg\",\"width\":400,\"height\":101,\"caption\":\"I.C.Y. B.V.\"},\"image\":{\"@id\":\"https:\\\/\\\/www.icy.nl\\\/de\\\/#\\\/schema\\\/logo\\\/image\\\/\"}}]}<\/script>\n<!-- \/ Yoast SEO plugin. -->","yoast_head_json":{"title":"ICY1845IN Timer Thermostat Expert - ICY","robots":{"index":"index","follow":"follow","max-snippet":"max-snippet:-1","max-image-preview":"max-image-preview:large","max-video-preview":"max-video-preview:-1"},"canonical":"https:\/\/www.icy.nl\/de\/produkt\/icy1845in-timer-thermostat-experte\/","og_locale":"de_DE","og_type":"article","og_title":"ICY1845IN Timer Thermostat Expert - ICY","og_description":"Ein energiesparender Thermostat mit Bewegungsmelder und Lichtsensor. In Abwesenheit des Benutzers schaltet der Thermostat die Heizung nach einer vom Eigent\u00fcmer festgelegten Zeit (z. B. 2 Stunden) automatisch ab.  Bewegungssensor  Lichtsensor - Die Heizung wird ausgeschaltet, wenn es in dem Raum, in dem der Thermostat h\u00e4ngt, dunkel ist.  \"Ein herzliches Willkommen\" - Der Timer kann vom Eigent\u00fcmer gesteuert werden, somit die Unterkunft vorgew\u00e4rmt werden kann.  PIN-Code gesch\u00fctzt  Steuerung: Ein\/Aus \u2013 24 V und OpenTherm\u00ae &nbsp; &nbsp;","og_url":"https:\/\/www.icy.nl\/de\/produkt\/icy1845in-timer-thermostat-experte\/","og_site_name":"ICY","article_modified_time":"2025-01-14T10:05:16+00:00","og_image":[{"width":800,"height":800,"url":"https:\/\/www.icy.nl\/wp-content\/uploads\/2018\/02\/1845-energiebesparende-thermostaat-front-2020.jpg","type":"image\/jpeg"}],"twitter_card":"summary_large_image","twitter_misc":{"Gesch\u00e4tzte Lesezeit":"1\u00a0Minute"},"schema":{"@context":"https:\/\/schema.org","@graph":[{"@type":"WebPage","@id":"https:\/\/www.icy.nl\/de\/produkt\/icy1845in-timer-thermostat-experte\/","url":"https:\/\/www.icy.nl\/de\/produkt\/icy1845in-timer-thermostat-experte\/","name":"ICY1845IN Timer Thermostat Expert - ICY","isPartOf":{"@id":"https:\/\/www.icy.nl\/de\/#website"},"primaryImageOfPage":{"@id":"https:\/\/www.icy.nl\/de\/produkt\/icy1845in-timer-thermostat-experte\/#primaryimage"},"image":{"@id":"https:\/\/www.icy.nl\/de\/produkt\/icy1845in-timer-thermostat-experte\/#primaryimage"},"thumbnailUrl":"https:\/\/www.icy.nl\/wp-content\/uploads\/2018\/02\/1845-energiebesparende-thermostaat-front-2020.jpg","datePublished":"2020-05-21T17:19:37+00:00","dateModified":"2025-01-14T10:05:16+00:00","breadcrumb":{"@id":"https:\/\/www.icy.nl\/de\/produkt\/icy1845in-timer-thermostat-experte\/#breadcrumb"},"inLanguage":"de","potentialAction":[{"@type":"ReadAction","target":["https:\/\/www.icy.nl\/de\/produkt\/icy1845in-timer-thermostat-experte\/"]}]},{"@type":"ImageObject","inLanguage":"de","@id":"https:\/\/www.icy.nl\/de\/produkt\/icy1845in-timer-thermostat-experte\/#primaryimage","url":"https:\/\/www.icy.nl\/wp-content\/uploads\/2018\/02\/1845-energiebesparende-thermostaat-front-2020.jpg","contentUrl":"https:\/\/www.icy.nl\/wp-content\/uploads\/2018\/02\/1845-energiebesparende-thermostaat-front-2020.jpg","width":800,"height":800,"caption":"1845 energiebesparende thermostaat"},{"@type":"BreadcrumbList","@id":"https:\/\/www.icy.nl\/de\/produkt\/icy1845in-timer-thermostat-experte\/#breadcrumb","itemListElement":[{"@type":"ListItem","position":1,"name":"Home","item":"https:\/\/www.icy.nl\/de\/"},{"@type":"ListItem","position":2,"name":"Produkte","item":"https:\/\/www.icy.nl\/de\/produkte\/"},{"@type":"ListItem","position":3,"name":"Accommodation Management","item":"https:\/\/www.icy.nl\/de\/product-categorie\/accommodation-management-de\/"},{"@type":"ListItem","position":4,"name":"ICY1845IN Timer Thermostat Expert"}]},{"@type":"WebSite","@id":"https:\/\/www.icy.nl\/de\/#website","url":"https:\/\/www.icy.nl\/de\/","name":"ICY","description":"Smartmotica solutions","publisher":{"@id":"https:\/\/www.icy.nl\/de\/#organization"},"potentialAction":[{"@type":"SearchAction","target":{"@type":"EntryPoint","urlTemplate":"https:\/\/www.icy.nl\/de\/?s={search_term_string}"},"query-input":{"@type":"PropertyValueSpecification","valueRequired":true,"valueName":"search_term_string"}}],"inLanguage":"de"},{"@type":"Organization","@id":"https:\/\/www.icy.nl\/de\/#organization","name":"I.C.Y. B.V.","url":"https:\/\/www.icy.nl\/de\/","logo":{"@type":"ImageObject","inLanguage":"de","@id":"https:\/\/www.icy.nl\/de\/#\/schema\/logo\/image\/","url":"https:\/\/www.icy.nl\/wp-content\/uploads\/2016\/11\/logo-icy.jpg","contentUrl":"https:\/\/www.icy.nl\/wp-content\/uploads\/2016\/11\/logo-icy.jpg","width":400,"height":101,"caption":"I.C.Y. B.V."},"image":{"@id":"https:\/\/www.icy.nl\/de\/#\/schema\/logo\/image\/"}}]}},"featured_img":"https:\/\/www.icy.nl\/wp-content\/uploads\/2018\/02\/1845-energiebesparende-thermostaat-front-2020.jpg","coauthors":[],"author_meta":{"author_link":"https:\/\/www.icy.nl\/de\/author\/daniel\/","display_name":"Daniel van de Kamp"},"relative_dates":{"created":"Posted 8\u00a0Jahren ago","modified":"Updated 1\u00a0Jahr ago"},"absolute_dates":{"created":"Posted on 13. Februar 2018","modified":"Updated on 14. Januar 2025"},"absolute_dates_time":{"created":"Posted on 13. Februar 2018 9:21","modified":"Updated on 14. Januar 2025 11:05"},"featured_img_caption":"","tax_additional":{"product_brand":{"linked":[],"unlinked":[],"slug":"product_brand","name":"Marken"},"product_type":{"linked":["<a href=\"https:\/\/www.icy.nl\/de\/?taxonomy=product_type&#038;term=simple\" class=\"advgb-post-tax-term\">simple<\/a>"],"unlinked":["<span class=\"advgb-post-tax-term\">simple<\/span>"],"slug":"product_type","name":"Produkttyp"},"product_visibility":{"linked":[],"unlinked":[],"slug":"product_visibility","name":"Sichtbarkeit des Produkts"},"product_cat":{"linked":["<a href=\"https:\/\/www.icy.nl\/de\/product-categorie\/accommodation-management-de\/\" class=\"advgb-post-tax-term\">Accommodation Management<\/a>","<a href=\"https:\/\/www.icy.nl\/de\/product-categorie\/campsite-management-de\/\" class=\"advgb-post-tax-term\">Campsite Management<\/a>","<a href=\"https:\/\/www.icy.nl\/de\/product-categorie\/housing-management-de\/\" class=\"advgb-post-tax-term\">Housing Management<\/a>","<a href=\"https:\/\/www.icy.nl\/de\/product-categorie\/temperaturregelung\/\" class=\"advgb-post-tax-term\">Temperaturregelung<\/a>","<a href=\"https:\/\/www.icy.nl\/de\/product-categorie\/facility-management-de\/\" class=\"advgb-post-tax-term\">Facility Management<\/a>","<a href=\"https:\/\/www.icy.nl\/de\/product-categorie\/arbeitsagentur\/\" class=\"advgb-post-tax-term\">Arbeitsagentur<\/a>"],"unlinked":["<span class=\"advgb-post-tax-term\">Accommodation Management<\/span>","<span class=\"advgb-post-tax-term\">Campsite Management<\/span>","<span class=\"advgb-post-tax-term\">Housing Management<\/span>","<span class=\"advgb-post-tax-term\">Temperaturregelung<\/span>","<span class=\"advgb-post-tax-term\">Facility Management<\/span>","<span class=\"advgb-post-tax-term\">Arbeitsagentur<\/span>"],"slug":"product_cat","name":"Produkt-Kategorien"},"product_tag":{"linked":[],"unlinked":[],"slug":"product_tag","name":"Produkt Schlagw\u00f6rter"},"product_shipping_class":{"linked":["<a href=\"https:\/\/www.icy.nl\/de\/?taxonomy=product_shipping_class&#038;term=normales-paket\" class=\"advgb-post-tax-term\">Normales Paket<\/a>"],"unlinked":["<span class=\"advgb-post-tax-term\">Normales Paket<\/span>"],"slug":"product_shipping_class","name":"Produkt Versandklasse"},"pos_product_visibility":{"linked":[],"unlinked":[],"slug":"pos_product_visibility","name":"POS-Produkt-Sichtbarkeit."},"translation_priority":{"linked":["<a href=\"https:\/\/www.icy.nl\/de\/?taxonomy=translation_priority&#038;term=hohe-prioritat\" class=\"advgb-post-tax-term\">hohe Priorit\u00e4t<\/a>"],"unlinked":["<span class=\"advgb-post-tax-term\">hohe Priorit\u00e4t<\/span>"],"slug":"translation_priority","name":"\u00dcbersetzungspriorit\u00e4ten"}},"series_order":"","_links":{"self":[{"href":"https:\/\/www.icy.nl\/de\/wp-json\/wp\/v2\/product\/31213","targetHints":{"allow":["GET"]}}],"collection":[{"href":"https:\/\/www.icy.nl\/de\/wp-json\/wp\/v2\/product"}],"about":[{"href":"https:\/\/www.icy.nl\/de\/wp-json\/wp\/v2\/types\/product"}],"wp:featuredmedia":[{"embeddable":true,"href":"https:\/\/www.icy.nl\/de\/wp-json\/wp\/v2\/media\/32463"}],"wp:attachment":[{"href":"https:\/\/www.icy.nl\/de\/wp-json\/wp\/v2\/media?parent=31213"}],"wp:term":[{"taxonomy":"product_brand","embeddable":true,"href":"https:\/\/www.icy.nl\/de\/wp-json\/wp\/v2\/product_brand?post=31213"},{"taxonomy":"product_cat","embeddable":true,"href":"https:\/\/www.icy.nl\/de\/wp-json\/wp\/v2\/product_cat?post=31213"},{"taxonomy":"product_tag","embeddable":true,"href":"https:\/\/www.icy.nl\/de\/wp-json\/wp\/v2\/product_tag?post=31213"}],"curies":[{"name":"wp","href":"https:\/\/api.w.org\/{rel}","templated":true}]}}