{"id":31216,"date":"2017-05-18T07:17:59","date_gmt":"2020-05-22T11:01:12","guid":{"rendered":"https:\/\/www.icy.nl\/product\/drahtlos-verknuepfbarer-hitzemelder\/"},"modified":"2025-01-14T11:18:51","modified_gmt":"2025-01-14T10:18:51","slug":"drahtlos-verknupfbarer-hitzemelder","status":"publish","type":"product","link":"https:\/\/www.icy.nl\/de\/produkt\/drahtlos-verknupfbarer-hitzemelder\/","title":{"rendered":"Drahtlos verkn\u00fcpfbarer Hitzemelder"},"content":{"rendered":"<p>Dieser vernetzbare Hitzemelder ist ideal f\u00fcr Geb\u00e4ude, in denen es wichtig ist, dass alle Melder ausl\u00f6sen, wenn irgendwo Hitze erkannt wird, wie zum Beispiel in Gruppenunterk\u00fcnften, Ferienh\u00e4usern oder B\u00fcrogeb\u00e4uden.<br \/>\nDer Hitzemelder wird in Bereichen eingesetzt, in denen Rauch oft f\u00e4lschlicherweise ausl\u00f6st ein Rauchmelder. Zum Beispiel in der K\u00fcche.<\/p>\n<p>Der Hitzemelder kann an 230 V angeschlossen werden. Die Verbindung zwischen Hitze- und Rauchmeldern erfolgt drahtlos, Sie m\u00fcssen also keine Kabel ziehen.<br \/>\nWenn einer der verbundenen Hitze- oder Rauchmelder losgeht, werden alle verbundenen Melder innerhalb von 3 Sekunden ausgel\u00f6st. Somit wird jeder im Geb\u00e4ude vor Feuer gewarnt.<\/p>\n<h1>ICY4530HD Hitzemelder: mit Strom versorgt<\/h1>\n<ul>\n<li>Drahtloser Hitzealarm mit FireX KF30R Melder<\/li>\n<li>Automatische Anpassung der Messung bei Alterung und Verschmutzung<\/li>\n<li>Geeignet f\u00fcr 230V<\/li>\n<li>Lebensdauer: 10 Jahre<\/li>\n<li>Integrierter Lithium-Akku mit langer Lebensdauer (nicht austauschbar)<\/li>\n<li>Einfache drahtlose Gruppierung mehrerer Melder zu einer Alarmgruppe (max. 32 St\u00fcck)<\/li>\n<\/ul>\n<h1>ICY4530HDB Hitzemelder: Batterie oder mit Stromanschluss<\/h1>\n<ul>\n<li>Drahtloser Hitzealarm mit FireX KF30 Melder<\/li>\n<li>Automatische Anpassung der Messung bei Alterung und Verschmutzung<\/li>\n<li>Geeignet f\u00fcr die Nutzung mit und ohne Stromversorgung<\/li>\n<li>Lebensdauer: 7 &#8211; 10 Jahre<\/li>\n<li>Integrierter Lithium Batterien mit langer Lebensdauer (nicht austauschbar)<\/li>\n<li>Einfache drahtlose Gruppierung mehrerer Melder zu einer Alarmgruppe (max. 32 St\u00fcck)<\/li>\n<\/ul>\n<p>Diese Hitzemelder k\u00f6nnen an das <a href=\"https:\/\/www.icy.nl\/accommodation-management-draadloos-beheer-vakantieparken\/\">ICY Accommodation Management<\/a>und <a href=\"https:\/\/www.icy.nl\/facility-management-draadloos-gebouwbeheer\/\">ICY Facility Management<\/a> angeschlossen werden, sodass Hitzemeldungen an einen zentralen Ort weitergeleitet werden.<\/p>\n<p>Geeignet auch zur Meldung von Feuer in Sanit\u00e4rgeb\u00e4uden auf Campingpl\u00e4tzen in Kombination mit dem <a href=\"https:\/\/www.icy.nl\/draadloos-stroombeheer-campings\/\">ICY Campsite Management<\/a>.<\/p>\n<p>Kann mit unseren <a href=\"https:\/\/www.icy.nl\/product\/draadloos-koppelbare-rookmelder\/\">drahtlos verkn\u00fcpfbaren Hitzemeldern<\/a> verbunden werden.<\/p>\n","protected":false},"excerpt":{"rendered":"<p>Ein Hitzemelder, der in Unterk\u00fcnften, B\u00fcrogeb\u00e4uden, Studentenwohnungen usw. verwendet werden kann. Dieser Hitzemelder kann drahtlos mit dem <a href=\"https:\/\/www.icy.nl\/accommodation-management-draadloos-beheer-vakantieparken\/\">ICY Accommodation Management<\/a>, <a href=\"https:\/\/www.icy.nl\/draadloos-stroombeheer-campings\/\">ICY Campsite Management<\/a> oder <a href=\"https:\/\/www.icy.nl\/facility-management-draadloos-gebouwbeheer\/\">ICY Facility Management<\/a>verwendet werden. Mehrere Hitzemelder lassen sich einfach drahtlos zu einer Alarmgruppe (max. 32 St\u00fcck) mit einander verbinden.<\/p>\n","protected":false},"author":2946,"featured_media":1111,"template":"","meta":{"advgb_blocks_editor_width":"","advgb_blocks_columns_visual_guide":"","_genesis_hide_title":false,"_genesis_hide_breadcrumbs":false,"_genesis_hide_singular_image":false,"_genesis_hide_footer_widgets":false,"_genesis_custom_body_class":"","_genesis_custom_post_class":"","_genesis_layout":""},"product_brand":[],"product_cat":[139,143,146,142],"product_tag":[],"class_list":{"0":"post-31216","1":"product","2":"type-product","3":"status-publish","4":"has-post-thumbnail","6":"product_cat-accommodation-management-de","7":"product_cat-campsite-management-de","8":"product_cat-rauch-und-hitzemelder","9":"product_cat-facility-management-de","10":"entry","12":"first","13":"instock","14":"taxable","15":"shipping-taxable","16":"product-type-simple"},"yoast_head":"<!-- This site is optimized with the Yoast SEO plugin v27.4 - https:\/\/yoast.com\/product\/yoast-seo-wordpress\/ -->\n<title>Drahtlos verkn\u00fcpfbarer Hitzemelder - ICY<\/title>\n<meta name=\"description\" content=\"Vernetzbarer W\u00e4rmemelder, der in (Gruppen-)Unterk\u00fcnften und B\u00fcrogeb\u00e4uden eingesetzt werden kann. Meldet den Alarm drahtlos an andere angeschlossene Melder weiter.{:}\" \/>\n<meta name=\"robots\" content=\"index, follow, max-snippet:-1, max-image-preview:large, max-video-preview:-1\" \/>\n<link rel=\"canonical\" href=\"https:\/\/www.icy.nl\/de\/produkt\/drahtlos-verknupfbarer-hitzemelder\/\" \/>\n<meta property=\"og:locale\" content=\"de_DE\" \/>\n<meta property=\"og:type\" content=\"article\" \/>\n<meta property=\"og:title\" content=\"Drahtlos verkn\u00fcpfbarer Hitzemelder - ICY\" \/>\n<meta property=\"og:description\" content=\"Vernetzbarer W\u00e4rmemelder, der in (Gruppen-)Unterk\u00fcnften und B\u00fcrogeb\u00e4uden eingesetzt werden kann. Meldet den Alarm drahtlos an andere angeschlossene Melder weiter.{:}\" \/>\n<meta property=\"og:url\" content=\"https:\/\/www.icy.nl\/de\/produkt\/drahtlos-verknupfbarer-hitzemelder\/\" \/>\n<meta property=\"og:site_name\" content=\"ICY\" \/>\n<meta property=\"article:modified_time\" content=\"2025-01-14T10:18:51+00:00\" \/>\n<meta property=\"og:image\" content=\"https:\/\/www.icy.nl\/wp-content\/uploads\/2017\/05\/4528SD-smoke-detector.jpg\" \/>\n\t<meta property=\"og:image:width\" content=\"800\" \/>\n\t<meta property=\"og:image:height\" content=\"756\" \/>\n\t<meta property=\"og:image:type\" content=\"image\/jpeg\" \/>\n<meta name=\"twitter:card\" content=\"summary_large_image\" \/>\n<meta name=\"twitter:label1\" content=\"Gesch\u00e4tzte Lesezeit\" \/>\n\t<meta name=\"twitter:data1\" content=\"1\u00a0Minute\" \/>\n<script type=\"application\/ld+json\" class=\"yoast-schema-graph\">{\"@context\":\"https:\\\/\\\/schema.org\",\"@graph\":[{\"@type\":\"WebPage\",\"@id\":\"https:\\\/\\\/www.icy.nl\\\/de\\\/produkt\\\/drahtlos-verknupfbarer-hitzemelder\\\/\",\"url\":\"https:\\\/\\\/www.icy.nl\\\/de\\\/produkt\\\/drahtlos-verknupfbarer-hitzemelder\\\/\",\"name\":\"Drahtlos verkn\u00fcpfbarer Hitzemelder - ICY\",\"isPartOf\":{\"@id\":\"https:\\\/\\\/www.icy.nl\\\/de\\\/#website\"},\"primaryImageOfPage\":{\"@id\":\"https:\\\/\\\/www.icy.nl\\\/de\\\/produkt\\\/drahtlos-verknupfbarer-hitzemelder\\\/#primaryimage\"},\"image\":{\"@id\":\"https:\\\/\\\/www.icy.nl\\\/de\\\/produkt\\\/drahtlos-verknupfbarer-hitzemelder\\\/#primaryimage\"},\"thumbnailUrl\":\"https:\\\/\\\/www.icy.nl\\\/wp-content\\\/uploads\\\/2017\\\/05\\\/4528SD-smoke-detector.jpg\",\"datePublished\":\"2020-05-22T11:01:12+00:00\",\"dateModified\":\"2025-01-14T10:18:51+00:00\",\"description\":\"Vernetzbarer W\u00e4rmemelder, der in (Gruppen-)Unterk\u00fcnften und B\u00fcrogeb\u00e4uden eingesetzt werden kann. Meldet den Alarm drahtlos an andere angeschlossene Melder weiter.{:}\",\"breadcrumb\":{\"@id\":\"https:\\\/\\\/www.icy.nl\\\/de\\\/produkt\\\/drahtlos-verknupfbarer-hitzemelder\\\/#breadcrumb\"},\"inLanguage\":\"de\",\"potentialAction\":[{\"@type\":\"ReadAction\",\"target\":[\"https:\\\/\\\/www.icy.nl\\\/de\\\/produkt\\\/drahtlos-verknupfbarer-hitzemelder\\\/\"]}]},{\"@type\":\"ImageObject\",\"inLanguage\":\"de\",\"@id\":\"https:\\\/\\\/www.icy.nl\\\/de\\\/produkt\\\/drahtlos-verknupfbarer-hitzemelder\\\/#primaryimage\",\"url\":\"https:\\\/\\\/www.icy.nl\\\/wp-content\\\/uploads\\\/2017\\\/05\\\/4528SD-smoke-detector.jpg\",\"contentUrl\":\"https:\\\/\\\/www.icy.nl\\\/wp-content\\\/uploads\\\/2017\\\/05\\\/4528SD-smoke-detector.jpg\",\"width\":800,\"height\":756,\"caption\":\"4528SD-draadloos koppelbare hittemelder\"},{\"@type\":\"BreadcrumbList\",\"@id\":\"https:\\\/\\\/www.icy.nl\\\/de\\\/produkt\\\/drahtlos-verknupfbarer-hitzemelder\\\/#breadcrumb\",\"itemListElement\":[{\"@type\":\"ListItem\",\"position\":1,\"name\":\"Home\",\"item\":\"https:\\\/\\\/www.icy.nl\\\/de\\\/\"},{\"@type\":\"ListItem\",\"position\":2,\"name\":\"Produkte\",\"item\":\"https:\\\/\\\/www.icy.nl\\\/de\\\/produkte\\\/\"},{\"@type\":\"ListItem\",\"position\":3,\"name\":\"Accommodation Management\",\"item\":\"https:\\\/\\\/www.icy.nl\\\/de\\\/product-categorie\\\/accommodation-management-de\\\/\"},{\"@type\":\"ListItem\",\"position\":4,\"name\":\"Drahtlos verkn\u00fcpfbarer Hitzemelder\"}]},{\"@type\":\"WebSite\",\"@id\":\"https:\\\/\\\/www.icy.nl\\\/de\\\/#website\",\"url\":\"https:\\\/\\\/www.icy.nl\\\/de\\\/\",\"name\":\"ICY\",\"description\":\"Smartmotica solutions\",\"publisher\":{\"@id\":\"https:\\\/\\\/www.icy.nl\\\/de\\\/#organization\"},\"potentialAction\":[{\"@type\":\"SearchAction\",\"target\":{\"@type\":\"EntryPoint\",\"urlTemplate\":\"https:\\\/\\\/www.icy.nl\\\/de\\\/?s={search_term_string}\"},\"query-input\":{\"@type\":\"PropertyValueSpecification\",\"valueRequired\":true,\"valueName\":\"search_term_string\"}}],\"inLanguage\":\"de\"},{\"@type\":\"Organization\",\"@id\":\"https:\\\/\\\/www.icy.nl\\\/de\\\/#organization\",\"name\":\"I.C.Y. B.V.\",\"url\":\"https:\\\/\\\/www.icy.nl\\\/de\\\/\",\"logo\":{\"@type\":\"ImageObject\",\"inLanguage\":\"de\",\"@id\":\"https:\\\/\\\/www.icy.nl\\\/de\\\/#\\\/schema\\\/logo\\\/image\\\/\",\"url\":\"https:\\\/\\\/www.icy.nl\\\/wp-content\\\/uploads\\\/2016\\\/11\\\/logo-icy.jpg\",\"contentUrl\":\"https:\\\/\\\/www.icy.nl\\\/wp-content\\\/uploads\\\/2016\\\/11\\\/logo-icy.jpg\",\"width\":400,\"height\":101,\"caption\":\"I.C.Y. B.V.\"},\"image\":{\"@id\":\"https:\\\/\\\/www.icy.nl\\\/de\\\/#\\\/schema\\\/logo\\\/image\\\/\"}}]}<\/script>\n<!-- \/ Yoast SEO plugin. -->","yoast_head_json":{"title":"Drahtlos verkn\u00fcpfbarer Hitzemelder - ICY","description":"Vernetzbarer W\u00e4rmemelder, der in (Gruppen-)Unterk\u00fcnften und B\u00fcrogeb\u00e4uden eingesetzt werden kann. Meldet den Alarm drahtlos an andere angeschlossene Melder weiter.{:}","robots":{"index":"index","follow":"follow","max-snippet":"max-snippet:-1","max-image-preview":"max-image-preview:large","max-video-preview":"max-video-preview:-1"},"canonical":"https:\/\/www.icy.nl\/de\/produkt\/drahtlos-verknupfbarer-hitzemelder\/","og_locale":"de_DE","og_type":"article","og_title":"Drahtlos verkn\u00fcpfbarer Hitzemelder - ICY","og_description":"Vernetzbarer W\u00e4rmemelder, der in (Gruppen-)Unterk\u00fcnften und B\u00fcrogeb\u00e4uden eingesetzt werden kann. Meldet den Alarm drahtlos an andere angeschlossene Melder weiter.{:}","og_url":"https:\/\/www.icy.nl\/de\/produkt\/drahtlos-verknupfbarer-hitzemelder\/","og_site_name":"ICY","article_modified_time":"2025-01-14T10:18:51+00:00","og_image":[{"width":800,"height":756,"url":"https:\/\/www.icy.nl\/wp-content\/uploads\/2017\/05\/4528SD-smoke-detector.jpg","type":"image\/jpeg"}],"twitter_card":"summary_large_image","twitter_misc":{"Gesch\u00e4tzte Lesezeit":"1\u00a0Minute"},"schema":{"@context":"https:\/\/schema.org","@graph":[{"@type":"WebPage","@id":"https:\/\/www.icy.nl\/de\/produkt\/drahtlos-verknupfbarer-hitzemelder\/","url":"https:\/\/www.icy.nl\/de\/produkt\/drahtlos-verknupfbarer-hitzemelder\/","name":"Drahtlos verkn\u00fcpfbarer Hitzemelder - ICY","isPartOf":{"@id":"https:\/\/www.icy.nl\/de\/#website"},"primaryImageOfPage":{"@id":"https:\/\/www.icy.nl\/de\/produkt\/drahtlos-verknupfbarer-hitzemelder\/#primaryimage"},"image":{"@id":"https:\/\/www.icy.nl\/de\/produkt\/drahtlos-verknupfbarer-hitzemelder\/#primaryimage"},"thumbnailUrl":"https:\/\/www.icy.nl\/wp-content\/uploads\/2017\/05\/4528SD-smoke-detector.jpg","datePublished":"2020-05-22T11:01:12+00:00","dateModified":"2025-01-14T10:18:51+00:00","description":"Vernetzbarer W\u00e4rmemelder, der in (Gruppen-)Unterk\u00fcnften und B\u00fcrogeb\u00e4uden eingesetzt werden kann. Meldet den Alarm drahtlos an andere angeschlossene Melder weiter.{:}","breadcrumb":{"@id":"https:\/\/www.icy.nl\/de\/produkt\/drahtlos-verknupfbarer-hitzemelder\/#breadcrumb"},"inLanguage":"de","potentialAction":[{"@type":"ReadAction","target":["https:\/\/www.icy.nl\/de\/produkt\/drahtlos-verknupfbarer-hitzemelder\/"]}]},{"@type":"ImageObject","inLanguage":"de","@id":"https:\/\/www.icy.nl\/de\/produkt\/drahtlos-verknupfbarer-hitzemelder\/#primaryimage","url":"https:\/\/www.icy.nl\/wp-content\/uploads\/2017\/05\/4528SD-smoke-detector.jpg","contentUrl":"https:\/\/www.icy.nl\/wp-content\/uploads\/2017\/05\/4528SD-smoke-detector.jpg","width":800,"height":756,"caption":"4528SD-draadloos koppelbare hittemelder"},{"@type":"BreadcrumbList","@id":"https:\/\/www.icy.nl\/de\/produkt\/drahtlos-verknupfbarer-hitzemelder\/#breadcrumb","itemListElement":[{"@type":"ListItem","position":1,"name":"Home","item":"https:\/\/www.icy.nl\/de\/"},{"@type":"ListItem","position":2,"name":"Produkte","item":"https:\/\/www.icy.nl\/de\/produkte\/"},{"@type":"ListItem","position":3,"name":"Accommodation Management","item":"https:\/\/www.icy.nl\/de\/product-categorie\/accommodation-management-de\/"},{"@type":"ListItem","position":4,"name":"Drahtlos verkn\u00fcpfbarer Hitzemelder"}]},{"@type":"WebSite","@id":"https:\/\/www.icy.nl\/de\/#website","url":"https:\/\/www.icy.nl\/de\/","name":"ICY","description":"Smartmotica solutions","publisher":{"@id":"https:\/\/www.icy.nl\/de\/#organization"},"potentialAction":[{"@type":"SearchAction","target":{"@type":"EntryPoint","urlTemplate":"https:\/\/www.icy.nl\/de\/?s={search_term_string}"},"query-input":{"@type":"PropertyValueSpecification","valueRequired":true,"valueName":"search_term_string"}}],"inLanguage":"de"},{"@type":"Organization","@id":"https:\/\/www.icy.nl\/de\/#organization","name":"I.C.Y. B.V.","url":"https:\/\/www.icy.nl\/de\/","logo":{"@type":"ImageObject","inLanguage":"de","@id":"https:\/\/www.icy.nl\/de\/#\/schema\/logo\/image\/","url":"https:\/\/www.icy.nl\/wp-content\/uploads\/2016\/11\/logo-icy.jpg","contentUrl":"https:\/\/www.icy.nl\/wp-content\/uploads\/2016\/11\/logo-icy.jpg","width":400,"height":101,"caption":"I.C.Y. B.V."},"image":{"@id":"https:\/\/www.icy.nl\/de\/#\/schema\/logo\/image\/"}}]}},"featured_img":"https:\/\/www.icy.nl\/wp-content\/uploads\/2017\/05\/4528SD-smoke-detector.jpg","coauthors":[],"author_meta":{"author_link":"https:\/\/www.icy.nl\/de\/author\/daniel\/","display_name":"Daniel van de Kamp"},"relative_dates":{"created":"Posted 9\u00a0Jahren ago","modified":"Updated 1\u00a0Jahr ago"},"absolute_dates":{"created":"Posted on 18. Mai 2017","modified":"Updated on 14. Januar 2025"},"absolute_dates_time":{"created":"Posted on 18. Mai 2017 7:17","modified":"Updated on 14. Januar 2025 11:18"},"featured_img_caption":"","tax_additional":{"product_brand":{"linked":[],"unlinked":[],"slug":"product_brand","name":"Marken"},"product_type":{"linked":["<a href=\"https:\/\/www.icy.nl\/de\/?taxonomy=product_type&#038;term=simple\" class=\"advgb-post-tax-term\">simple<\/a>"],"unlinked":["<span class=\"advgb-post-tax-term\">simple<\/span>"],"slug":"product_type","name":"Produkttyp"},"product_visibility":{"linked":[],"unlinked":[],"slug":"product_visibility","name":"Sichtbarkeit des Produkts"},"product_cat":{"linked":["<a href=\"https:\/\/www.icy.nl\/de\/product-categorie\/accommodation-management-de\/\" class=\"advgb-post-tax-term\">Accommodation Management<\/a>","<a href=\"https:\/\/www.icy.nl\/de\/product-categorie\/campsite-management-de\/\" class=\"advgb-post-tax-term\">Campsite Management<\/a>","<a href=\"https:\/\/www.icy.nl\/de\/product-categorie\/rauch-und-hitzemelder\/\" class=\"advgb-post-tax-term\">Rauch- und Hitzemelder<\/a>","<a href=\"https:\/\/www.icy.nl\/de\/product-categorie\/facility-management-de\/\" class=\"advgb-post-tax-term\">Facility Management<\/a>"],"unlinked":["<span class=\"advgb-post-tax-term\">Accommodation Management<\/span>","<span class=\"advgb-post-tax-term\">Campsite Management<\/span>","<span class=\"advgb-post-tax-term\">Rauch- und Hitzemelder<\/span>","<span class=\"advgb-post-tax-term\">Facility Management<\/span>"],"slug":"product_cat","name":"Produkt-Kategorien"},"product_tag":{"linked":[],"unlinked":[],"slug":"product_tag","name":"Produkt Schlagw\u00f6rter"},"product_shipping_class":{"linked":[],"unlinked":[],"slug":"product_shipping_class","name":"Produkt Versandklasse"},"pos_product_visibility":{"linked":[],"unlinked":[],"slug":"pos_product_visibility","name":"POS-Produkt-Sichtbarkeit."},"translation_priority":{"linked":["<a href=\"https:\/\/www.icy.nl\/de\/?taxonomy=translation_priority&#038;term=hohe-prioritat\" class=\"advgb-post-tax-term\">hohe Priorit\u00e4t<\/a>"],"unlinked":["<span class=\"advgb-post-tax-term\">hohe Priorit\u00e4t<\/span>"],"slug":"translation_priority","name":"\u00dcbersetzungspriorit\u00e4ten"}},"series_order":"","_links":{"self":[{"href":"https:\/\/www.icy.nl\/de\/wp-json\/wp\/v2\/product\/31216","targetHints":{"allow":["GET"]}}],"collection":[{"href":"https:\/\/www.icy.nl\/de\/wp-json\/wp\/v2\/product"}],"about":[{"href":"https:\/\/www.icy.nl\/de\/wp-json\/wp\/v2\/types\/product"}],"wp:featuredmedia":[{"embeddable":true,"href":"https:\/\/www.icy.nl\/de\/wp-json\/wp\/v2\/media\/1111"}],"wp:attachment":[{"href":"https:\/\/www.icy.nl\/de\/wp-json\/wp\/v2\/media?parent=31216"}],"wp:term":[{"taxonomy":"product_brand","embeddable":true,"href":"https:\/\/www.icy.nl\/de\/wp-json\/wp\/v2\/product_brand?post=31216"},{"taxonomy":"product_cat","embeddable":true,"href":"https:\/\/www.icy.nl\/de\/wp-json\/wp\/v2\/product_cat?post=31216"},{"taxonomy":"product_tag","embeddable":true,"href":"https:\/\/www.icy.nl\/de\/wp-json\/wp\/v2\/product_tag?post=31216"}],"curies":[{"name":"wp","href":"https:\/\/api.w.org\/{rel}","templated":true}]}}