{"id":31218,"date":"2017-04-06T09:18:45","date_gmt":"2020-05-24T08:32:47","guid":{"rendered":"https:\/\/www.icy.nl\/product\/icy-campere-wandsteckdose\/"},"modified":"2025-01-14T11:48:57","modified_gmt":"2025-01-14T10:48:57","slug":"campere-modul-din-kopie","status":"publish","type":"product","link":"https:\/\/www.icy.nl\/de\/produkt\/campere-modul-din-kopie\/","title":{"rendered":"ICY Camp\u00e8re Wandsteckdose"},"content":{"rendered":"<p>Dieses Produkt ist Teil des <a href=\"https:\/\/www.icy.nl\/draadloos-stroombeheer-campings\/\">ICY Campsite Managements<\/a>. Um die Stromst\u00e4rke pro Campingplatz drahtlos einstellen zu k\u00f6nnen, ben\u00f6tigen Sie ein Camp\u00e8re-Ger\u00e4t pro Steckdose auf Ihrem Campingplatz.<\/p>\n<p>Die ICY4518WS Camp\u00e8re Wandsteckdose ist eine Aufputz Steckdose und ersetzt die vorhandene CEE-Steckdose. Dieses Ger\u00e4t enth\u00e4lt alles, was Sie ben\u00f6tigen, um die Steckdose drahtlos mit ICY Campsite Management zu verbinden. Zus\u00e4tzlich ist das Ger\u00e4t mit einem kWh-Z\u00e4hler und einer Ampere-Beschr\u00e4nkung ausgestattet.<\/p>\n<p>Die Camp\u00e8re Wandsteckdose kann drahtlos mit der Anwendungssoftware <a href=\"https:\/\/www.icy.nl\/draadloos-stroombeheer-campings\/\">ICY Campsite Management<\/a> eingestellt werden. Die Installation ist sehr einfach.<\/p>\n","protected":false},"excerpt":{"rendered":"<p>Die Camp\u00e8re Wandsteckdose ersetzt Ihre CEE-Steckdosen. Mit diesem Produkt kann die aktuelle Stromstelle auf eine bestimmte Stromst\u00e4rke eingestellt werden. Auch dient die Steckdose als Messger\u00e4t, welches den Stromverbrauch misst. Die Camp\u00e8re Wandsteckdose kann mit der Software &#8222;ICY Campsite Management&#8220; drahtlos \u00fcber das ICY-Net verbunden werden.<\/p>\n","protected":false},"author":2946,"featured_media":1034,"template":"","meta":{"advgb_blocks_editor_width":"","advgb_blocks_columns_visual_guide":"","_genesis_hide_title":false,"_genesis_hide_breadcrumbs":false,"_genesis_hide_singular_image":false,"_genesis_hide_footer_widgets":false,"_genesis_custom_body_class":"","_genesis_custom_post_class":"","_genesis_layout":""},"product_brand":[],"product_cat":[143,147],"product_tag":[],"class_list":{"0":"post-31218","1":"product","2":"type-product","3":"status-publish","4":"has-post-thumbnail","6":"product_cat-campsite-management-de","7":"product_cat-marina-management-de","8":"entry","10":"first","11":"instock","12":"taxable","13":"shipping-taxable","14":"product-type-simple"},"yoast_head":"<!-- This site is optimized with the Yoast SEO plugin v27.5 - https:\/\/yoast.com\/product\/yoast-seo-wordpress\/ -->\n<title>]Drahtlose Stromverwaltung Campingpl\u00e4tze - CEE Wandsteckdose<\/title>\n<meta name=\"description\" content=\"Die Camp\u00e8re Wall Socket ist eine CEE-Aufputzsteckdose, die drahtlos \u00fcber das ICY Campsite Management eingestellt werden kann.{:}\" \/>\n<meta name=\"robots\" content=\"index, follow, max-snippet:-1, max-image-preview:large, max-video-preview:-1\" \/>\n<link rel=\"canonical\" href=\"https:\/\/www.icy.nl\/de\/produkt\/campere-modul-din-kopie\/\" \/>\n<meta property=\"og:locale\" content=\"de_DE\" \/>\n<meta property=\"og:type\" content=\"article\" \/>\n<meta property=\"og:title\" content=\"]Drahtlose Stromverwaltung Campingpl\u00e4tze - CEE Wandsteckdose\" \/>\n<meta property=\"og:description\" content=\"Die Camp\u00e8re Wall Socket ist eine CEE-Aufputzsteckdose, die drahtlos \u00fcber das ICY Campsite Management eingestellt werden kann.{:}\" \/>\n<meta property=\"og:url\" content=\"https:\/\/www.icy.nl\/de\/produkt\/campere-modul-din-kopie\/\" \/>\n<meta property=\"og:site_name\" content=\"ICY\" \/>\n<meta property=\"article:modified_time\" content=\"2025-01-14T10:48:57+00:00\" \/>\n<meta property=\"og:image\" content=\"https:\/\/www.icy.nl\/wp-content\/uploads\/2017\/04\/Campere-Wall-socket-vrijstaand.jpg\" \/>\n\t<meta property=\"og:image:width\" content=\"1513\" \/>\n\t<meta property=\"og:image:height\" content=\"1801\" \/>\n\t<meta property=\"og:image:type\" content=\"image\/jpeg\" \/>\n<meta name=\"twitter:card\" content=\"summary_large_image\" \/>\n<meta name=\"twitter:label1\" content=\"Gesch\u00e4tzte Lesezeit\" \/>\n\t<meta name=\"twitter:data1\" content=\"1\u00a0Minute\" \/>\n<script type=\"application\/ld+json\" class=\"yoast-schema-graph\">{\"@context\":\"https:\\\/\\\/schema.org\",\"@graph\":[{\"@type\":\"WebPage\",\"@id\":\"https:\\\/\\\/www.icy.nl\\\/de\\\/produkt\\\/campere-modul-din-kopie\\\/\",\"url\":\"https:\\\/\\\/www.icy.nl\\\/de\\\/produkt\\\/campere-modul-din-kopie\\\/\",\"name\":\"]Drahtlose Stromverwaltung Campingpl\u00e4tze - CEE Wandsteckdose\",\"isPartOf\":{\"@id\":\"https:\\\/\\\/www.icy.nl\\\/de\\\/#website\"},\"primaryImageOfPage\":{\"@id\":\"https:\\\/\\\/www.icy.nl\\\/de\\\/produkt\\\/campere-modul-din-kopie\\\/#primaryimage\"},\"image\":{\"@id\":\"https:\\\/\\\/www.icy.nl\\\/de\\\/produkt\\\/campere-modul-din-kopie\\\/#primaryimage\"},\"thumbnailUrl\":\"https:\\\/\\\/www.icy.nl\\\/wp-content\\\/uploads\\\/2017\\\/04\\\/Campere-Wall-socket-vrijstaand.jpg\",\"datePublished\":\"2020-05-24T08:32:47+00:00\",\"dateModified\":\"2025-01-14T10:48:57+00:00\",\"description\":\"Die Camp\u00e8re Wall Socket ist eine CEE-Aufputzsteckdose, die drahtlos \u00fcber das ICY Campsite Management eingestellt werden kann.{:}\",\"breadcrumb\":{\"@id\":\"https:\\\/\\\/www.icy.nl\\\/de\\\/produkt\\\/campere-modul-din-kopie\\\/#breadcrumb\"},\"inLanguage\":\"de\",\"potentialAction\":[{\"@type\":\"ReadAction\",\"target\":[\"https:\\\/\\\/www.icy.nl\\\/de\\\/produkt\\\/campere-modul-din-kopie\\\/\"]}]},{\"@type\":\"ImageObject\",\"inLanguage\":\"de\",\"@id\":\"https:\\\/\\\/www.icy.nl\\\/de\\\/produkt\\\/campere-modul-din-kopie\\\/#primaryimage\",\"url\":\"https:\\\/\\\/www.icy.nl\\\/wp-content\\\/uploads\\\/2017\\\/04\\\/Campere-Wall-socket-vrijstaand.jpg\",\"contentUrl\":\"https:\\\/\\\/www.icy.nl\\\/wp-content\\\/uploads\\\/2017\\\/04\\\/Campere-Wall-socket-vrijstaand.jpg\",\"width\":1513,\"height\":1801,\"caption\":\"Campere Wall socket-draadloos stroom camping\"},{\"@type\":\"BreadcrumbList\",\"@id\":\"https:\\\/\\\/www.icy.nl\\\/de\\\/produkt\\\/campere-modul-din-kopie\\\/#breadcrumb\",\"itemListElement\":[{\"@type\":\"ListItem\",\"position\":1,\"name\":\"Home\",\"item\":\"https:\\\/\\\/www.icy.nl\\\/de\\\/\"},{\"@type\":\"ListItem\",\"position\":2,\"name\":\"Produkte\",\"item\":\"https:\\\/\\\/www.icy.nl\\\/de\\\/produkte\\\/\"},{\"@type\":\"ListItem\",\"position\":3,\"name\":\"Campsite Management\",\"item\":\"https:\\\/\\\/www.icy.nl\\\/de\\\/product-categorie\\\/campsite-management-de\\\/\"},{\"@type\":\"ListItem\",\"position\":4,\"name\":\"ICY Camp\u00e8re Wandsteckdose\"}]},{\"@type\":\"WebSite\",\"@id\":\"https:\\\/\\\/www.icy.nl\\\/de\\\/#website\",\"url\":\"https:\\\/\\\/www.icy.nl\\\/de\\\/\",\"name\":\"ICY\",\"description\":\"Smartmotica solutions\",\"publisher\":{\"@id\":\"https:\\\/\\\/www.icy.nl\\\/de\\\/#organization\"},\"potentialAction\":[{\"@type\":\"SearchAction\",\"target\":{\"@type\":\"EntryPoint\",\"urlTemplate\":\"https:\\\/\\\/www.icy.nl\\\/de\\\/?s={search_term_string}\"},\"query-input\":{\"@type\":\"PropertyValueSpecification\",\"valueRequired\":true,\"valueName\":\"search_term_string\"}}],\"inLanguage\":\"de\"},{\"@type\":\"Organization\",\"@id\":\"https:\\\/\\\/www.icy.nl\\\/de\\\/#organization\",\"name\":\"I.C.Y. B.V.\",\"url\":\"https:\\\/\\\/www.icy.nl\\\/de\\\/\",\"logo\":{\"@type\":\"ImageObject\",\"inLanguage\":\"de\",\"@id\":\"https:\\\/\\\/www.icy.nl\\\/de\\\/#\\\/schema\\\/logo\\\/image\\\/\",\"url\":\"https:\\\/\\\/www.icy.nl\\\/wp-content\\\/uploads\\\/2016\\\/11\\\/logo-icy.jpg\",\"contentUrl\":\"https:\\\/\\\/www.icy.nl\\\/wp-content\\\/uploads\\\/2016\\\/11\\\/logo-icy.jpg\",\"width\":400,\"height\":101,\"caption\":\"I.C.Y. B.V.\"},\"image\":{\"@id\":\"https:\\\/\\\/www.icy.nl\\\/de\\\/#\\\/schema\\\/logo\\\/image\\\/\"}}]}<\/script>\n<!-- \/ Yoast SEO plugin. -->","yoast_head_json":{"title":"]Drahtlose Stromverwaltung Campingpl\u00e4tze - CEE Wandsteckdose","description":"Die Camp\u00e8re Wall Socket ist eine CEE-Aufputzsteckdose, die drahtlos \u00fcber das ICY Campsite Management eingestellt werden kann.{:}","robots":{"index":"index","follow":"follow","max-snippet":"max-snippet:-1","max-image-preview":"max-image-preview:large","max-video-preview":"max-video-preview:-1"},"canonical":"https:\/\/www.icy.nl\/de\/produkt\/campere-modul-din-kopie\/","og_locale":"de_DE","og_type":"article","og_title":"]Drahtlose Stromverwaltung Campingpl\u00e4tze - CEE Wandsteckdose","og_description":"Die Camp\u00e8re Wall Socket ist eine CEE-Aufputzsteckdose, die drahtlos \u00fcber das ICY Campsite Management eingestellt werden kann.{:}","og_url":"https:\/\/www.icy.nl\/de\/produkt\/campere-modul-din-kopie\/","og_site_name":"ICY","article_modified_time":"2025-01-14T10:48:57+00:00","og_image":[{"width":1513,"height":1801,"url":"https:\/\/www.icy.nl\/wp-content\/uploads\/2017\/04\/Campere-Wall-socket-vrijstaand.jpg","type":"image\/jpeg"}],"twitter_card":"summary_large_image","twitter_misc":{"Gesch\u00e4tzte Lesezeit":"1\u00a0Minute"},"schema":{"@context":"https:\/\/schema.org","@graph":[{"@type":"WebPage","@id":"https:\/\/www.icy.nl\/de\/produkt\/campere-modul-din-kopie\/","url":"https:\/\/www.icy.nl\/de\/produkt\/campere-modul-din-kopie\/","name":"]Drahtlose Stromverwaltung Campingpl\u00e4tze - CEE Wandsteckdose","isPartOf":{"@id":"https:\/\/www.icy.nl\/de\/#website"},"primaryImageOfPage":{"@id":"https:\/\/www.icy.nl\/de\/produkt\/campere-modul-din-kopie\/#primaryimage"},"image":{"@id":"https:\/\/www.icy.nl\/de\/produkt\/campere-modul-din-kopie\/#primaryimage"},"thumbnailUrl":"https:\/\/www.icy.nl\/wp-content\/uploads\/2017\/04\/Campere-Wall-socket-vrijstaand.jpg","datePublished":"2020-05-24T08:32:47+00:00","dateModified":"2025-01-14T10:48:57+00:00","description":"Die Camp\u00e8re Wall Socket ist eine CEE-Aufputzsteckdose, die drahtlos \u00fcber das ICY Campsite Management eingestellt werden kann.{:}","breadcrumb":{"@id":"https:\/\/www.icy.nl\/de\/produkt\/campere-modul-din-kopie\/#breadcrumb"},"inLanguage":"de","potentialAction":[{"@type":"ReadAction","target":["https:\/\/www.icy.nl\/de\/produkt\/campere-modul-din-kopie\/"]}]},{"@type":"ImageObject","inLanguage":"de","@id":"https:\/\/www.icy.nl\/de\/produkt\/campere-modul-din-kopie\/#primaryimage","url":"https:\/\/www.icy.nl\/wp-content\/uploads\/2017\/04\/Campere-Wall-socket-vrijstaand.jpg","contentUrl":"https:\/\/www.icy.nl\/wp-content\/uploads\/2017\/04\/Campere-Wall-socket-vrijstaand.jpg","width":1513,"height":1801,"caption":"Campere Wall socket-draadloos stroom camping"},{"@type":"BreadcrumbList","@id":"https:\/\/www.icy.nl\/de\/produkt\/campere-modul-din-kopie\/#breadcrumb","itemListElement":[{"@type":"ListItem","position":1,"name":"Home","item":"https:\/\/www.icy.nl\/de\/"},{"@type":"ListItem","position":2,"name":"Produkte","item":"https:\/\/www.icy.nl\/de\/produkte\/"},{"@type":"ListItem","position":3,"name":"Campsite Management","item":"https:\/\/www.icy.nl\/de\/product-categorie\/campsite-management-de\/"},{"@type":"ListItem","position":4,"name":"ICY Camp\u00e8re Wandsteckdose"}]},{"@type":"WebSite","@id":"https:\/\/www.icy.nl\/de\/#website","url":"https:\/\/www.icy.nl\/de\/","name":"ICY","description":"Smartmotica solutions","publisher":{"@id":"https:\/\/www.icy.nl\/de\/#organization"},"potentialAction":[{"@type":"SearchAction","target":{"@type":"EntryPoint","urlTemplate":"https:\/\/www.icy.nl\/de\/?s={search_term_string}"},"query-input":{"@type":"PropertyValueSpecification","valueRequired":true,"valueName":"search_term_string"}}],"inLanguage":"de"},{"@type":"Organization","@id":"https:\/\/www.icy.nl\/de\/#organization","name":"I.C.Y. B.V.","url":"https:\/\/www.icy.nl\/de\/","logo":{"@type":"ImageObject","inLanguage":"de","@id":"https:\/\/www.icy.nl\/de\/#\/schema\/logo\/image\/","url":"https:\/\/www.icy.nl\/wp-content\/uploads\/2016\/11\/logo-icy.jpg","contentUrl":"https:\/\/www.icy.nl\/wp-content\/uploads\/2016\/11\/logo-icy.jpg","width":400,"height":101,"caption":"I.C.Y. B.V."},"image":{"@id":"https:\/\/www.icy.nl\/de\/#\/schema\/logo\/image\/"}}]}},"featured_img":"https:\/\/www.icy.nl\/wp-content\/uploads\/2017\/04\/Campere-Wall-socket-vrijstaand.jpg","coauthors":[],"author_meta":{"author_link":"https:\/\/www.icy.nl\/de\/author\/daniel\/","display_name":"Daniel van de Kamp"},"relative_dates":{"created":"Posted 9\u00a0Jahren ago","modified":"Updated 1\u00a0Jahr ago"},"absolute_dates":{"created":"Posted on 6. April 2017","modified":"Updated on 14. Januar 2025"},"absolute_dates_time":{"created":"Posted on 6. April 2017 9:18","modified":"Updated on 14. Januar 2025 11:48"},"featured_img_caption":"","tax_additional":{"product_brand":{"linked":[],"unlinked":[],"slug":"product_brand","name":"Marken"},"product_type":{"linked":["<a href=\"https:\/\/www.icy.nl\/de\/?taxonomy=product_type&#038;term=simple\" class=\"advgb-post-tax-term\">simple<\/a>"],"unlinked":["<span class=\"advgb-post-tax-term\">simple<\/span>"],"slug":"product_type","name":"Produkttyp"},"product_visibility":{"linked":[],"unlinked":[],"slug":"product_visibility","name":"Sichtbarkeit des Produkts"},"product_cat":{"linked":["<a href=\"https:\/\/www.icy.nl\/de\/product-categorie\/campsite-management-de\/\" class=\"advgb-post-tax-term\">Campsite Management<\/a>","<a href=\"https:\/\/www.icy.nl\/de\/product-categorie\/marina-management-de\/\" class=\"advgb-post-tax-term\">Marina Management<\/a>"],"unlinked":["<span class=\"advgb-post-tax-term\">Campsite Management<\/span>","<span class=\"advgb-post-tax-term\">Marina Management<\/span>"],"slug":"product_cat","name":"Produkt-Kategorien"},"product_tag":{"linked":[],"unlinked":[],"slug":"product_tag","name":"Produkt Schlagw\u00f6rter"},"product_shipping_class":{"linked":[],"unlinked":[],"slug":"product_shipping_class","name":"Produkt Versandklasse"},"pos_product_visibility":{"linked":[],"unlinked":[],"slug":"pos_product_visibility","name":"POS-Produkt-Sichtbarkeit."},"translation_priority":{"linked":["<a href=\"https:\/\/www.icy.nl\/de\/?taxonomy=translation_priority&#038;term=hohe-prioritat\" class=\"advgb-post-tax-term\">hohe Priorit\u00e4t<\/a>"],"unlinked":["<span class=\"advgb-post-tax-term\">hohe Priorit\u00e4t<\/span>"],"slug":"translation_priority","name":"\u00dcbersetzungspriorit\u00e4ten"}},"series_order":"","_links":{"self":[{"href":"https:\/\/www.icy.nl\/de\/wp-json\/wp\/v2\/product\/31218","targetHints":{"allow":["GET"]}}],"collection":[{"href":"https:\/\/www.icy.nl\/de\/wp-json\/wp\/v2\/product"}],"about":[{"href":"https:\/\/www.icy.nl\/de\/wp-json\/wp\/v2\/types\/product"}],"wp:featuredmedia":[{"embeddable":true,"href":"https:\/\/www.icy.nl\/de\/wp-json\/wp\/v2\/media\/1034"}],"wp:attachment":[{"href":"https:\/\/www.icy.nl\/de\/wp-json\/wp\/v2\/media?parent=31218"}],"wp:term":[{"taxonomy":"product_brand","embeddable":true,"href":"https:\/\/www.icy.nl\/de\/wp-json\/wp\/v2\/product_brand?post=31218"},{"taxonomy":"product_cat","embeddable":true,"href":"https:\/\/www.icy.nl\/de\/wp-json\/wp\/v2\/product_cat?post=31218"},{"taxonomy":"product_tag","embeddable":true,"href":"https:\/\/www.icy.nl\/de\/wp-json\/wp\/v2\/product_tag?post=31218"}],"curies":[{"name":"wp","href":"https:\/\/api.w.org\/{rel}","templated":true}]}}