{"id":31221,"date":"2016-09-19T11:37:37","date_gmt":"2020-05-24T09:01:32","guid":{"rendered":"https:\/\/www.icy.nl\/product\/icy-campere-modul-din\/"},"modified":"2025-01-13T16:46:43","modified_gmt":"2025-01-13T15:46:43","slug":"campere-modul-din","status":"publish","type":"product","link":"https:\/\/www.icy.nl\/de\/produkt\/campere-modul-din\/","title":{"rendered":"ICY Camp\u00e8re Modul (DIN)"},"content":{"rendered":"<p>Das ICY4850CM Camp\u00e8re Modul befindet sich hinter dem Leistungsschalter und kann auf einer DIN-Schiene montiert werden.<\/p>\n<p>Das Camp\u00e8re Modul ist mit einem Display ausgestattet der den Stromverbrauch und Z\u00e4hlerstand abwechselnd anzeigt.<\/p>\n<p>Wir k\u00f6nnen komplett neue Schr\u00e4nke liefern, in denen diese Module vormontiert sind, aber sie k\u00f6nnen auch separat in Ihren vorhandenen Schaltschr\u00e4nken angeschlossen werden.<\/p>\n<p>Wenn Sie sich f\u00fcr das Camp\u00e8re Modul entscheiden, ben\u00f6tigen Sie einen Controller (Ger\u00e4t links) f\u00fcr die Steuerung. Der ICY4942CC eignet sich zur Steuerung von bis zu 15 Modulen. Der ICY4943CC eignet sich zur Steuerung von bis zu 3 Modulen.<\/p>\n<p>&nbsp;<\/p>\n","protected":false},"excerpt":{"rendered":"<p>Das Camp\u00e8re Modul erm\u00f6glichst, dass eine entfernte Steckdose auf eine bestimmte Stromst\u00e4rke begrenzt werden kann. Gleichzeitig dient das Modul als kWh-Z\u00e4hler, der verfolgt, wie viel Strom verbraucht wird. Das Camp\u00e8re Modul kann mit Hilfe der Anwendungssoftware ICY Campsite Management und ICY Marina Management drahtlos \u00fcber das ICY-Net verbunden werden.<\/p>\n","protected":false},"author":2946,"featured_media":38237,"template":"","meta":{"advgb_blocks_editor_width":"","advgb_blocks_columns_visual_guide":"","_genesis_hide_title":false,"_genesis_hide_breadcrumbs":false,"_genesis_hide_singular_image":false,"_genesis_hide_footer_widgets":false,"_genesis_custom_body_class":"","_genesis_custom_post_class":"","_genesis_layout":""},"product_brand":[],"product_cat":[143,147],"product_tag":[],"class_list":{"0":"post-31221","1":"product","2":"type-product","3":"status-publish","4":"has-post-thumbnail","6":"product_cat-campsite-management-de","7":"product_cat-marina-management-de","8":"entry","10":"first","11":"instock","12":"taxable","13":"shipping-taxable","14":"product-type-simple"},"yoast_head":"<!-- This site is optimized with the Yoast SEO plugin v27.3 - https:\/\/yoast.com\/product\/yoast-seo-wordpress\/ -->\n<title>ICY Camp\u00e8re Modul (DIN) - ICY<\/title>\n<meta name=\"robots\" content=\"index, follow, max-snippet:-1, max-image-preview:large, max-video-preview:-1\" \/>\n<link rel=\"canonical\" href=\"https:\/\/www.icy.nl\/de\/produkt\/campere-modul-din\/\" \/>\n<meta property=\"og:locale\" content=\"de_DE\" \/>\n<meta property=\"og:type\" content=\"article\" \/>\n<meta property=\"og:title\" content=\"ICY Camp\u00e8re Modul (DIN) - ICY\" \/>\n<meta property=\"og:description\" content=\"Das Camp\u00e8re Modul erm\u00f6glichst, dass eine entfernte Steckdose auf eine bestimmte Stromst\u00e4rke begrenzt werden kann. Gleichzeitig dient das Modul als kWh-Z\u00e4hler, der verfolgt, wie viel Strom verbraucht wird. Das Camp\u00e8re Modul kann mit Hilfe der Anwendungssoftware ICY Campsite Management und ICY Marina Management drahtlos \u00fcber das ICY-Net verbunden werden.\" \/>\n<meta property=\"og:url\" content=\"https:\/\/www.icy.nl\/de\/produkt\/campere-modul-din\/\" \/>\n<meta property=\"og:site_name\" content=\"ICY\" \/>\n<meta property=\"article:modified_time\" content=\"2025-01-13T15:46:43+00:00\" \/>\n<meta property=\"og:image\" content=\"https:\/\/www.icy.nl\/wp-content\/uploads\/2021\/03\/4850CM-Campere-Module.jpg\" \/>\n\t<meta property=\"og:image:width\" content=\"800\" \/>\n\t<meta property=\"og:image:height\" content=\"800\" \/>\n\t<meta property=\"og:image:type\" content=\"image\/jpeg\" \/>\n<meta name=\"twitter:card\" content=\"summary_large_image\" \/>\n<meta name=\"twitter:label1\" content=\"Gesch\u00e4tzte Lesezeit\" \/>\n\t<meta name=\"twitter:data1\" content=\"1\u00a0Minute\" \/>\n<script type=\"application\/ld+json\" class=\"yoast-schema-graph\">{\"@context\":\"https:\\\/\\\/schema.org\",\"@graph\":[{\"@type\":\"WebPage\",\"@id\":\"https:\\\/\\\/www.icy.nl\\\/de\\\/produkt\\\/campere-modul-din\\\/\",\"url\":\"https:\\\/\\\/www.icy.nl\\\/de\\\/produkt\\\/campere-modul-din\\\/\",\"name\":\"ICY Camp\u00e8re Modul (DIN) - ICY\",\"isPartOf\":{\"@id\":\"https:\\\/\\\/www.icy.nl\\\/de\\\/#website\"},\"primaryImageOfPage\":{\"@id\":\"https:\\\/\\\/www.icy.nl\\\/de\\\/produkt\\\/campere-modul-din\\\/#primaryimage\"},\"image\":{\"@id\":\"https:\\\/\\\/www.icy.nl\\\/de\\\/produkt\\\/campere-modul-din\\\/#primaryimage\"},\"thumbnailUrl\":\"https:\\\/\\\/www.icy.nl\\\/wp-content\\\/uploads\\\/2021\\\/03\\\/4850CM-Campere-Module.jpg\",\"datePublished\":\"2020-05-24T09:01:32+00:00\",\"dateModified\":\"2025-01-13T15:46:43+00:00\",\"breadcrumb\":{\"@id\":\"https:\\\/\\\/www.icy.nl\\\/de\\\/produkt\\\/campere-modul-din\\\/#breadcrumb\"},\"inLanguage\":\"de\",\"potentialAction\":[{\"@type\":\"ReadAction\",\"target\":[\"https:\\\/\\\/www.icy.nl\\\/de\\\/produkt\\\/campere-modul-din\\\/\"]}]},{\"@type\":\"ImageObject\",\"inLanguage\":\"de\",\"@id\":\"https:\\\/\\\/www.icy.nl\\\/de\\\/produkt\\\/campere-modul-din\\\/#primaryimage\",\"url\":\"https:\\\/\\\/www.icy.nl\\\/wp-content\\\/uploads\\\/2021\\\/03\\\/4850CM-Campere-Module.jpg\",\"contentUrl\":\"https:\\\/\\\/www.icy.nl\\\/wp-content\\\/uploads\\\/2021\\\/03\\\/4850CM-Campere-Module.jpg\",\"width\":800,\"height\":800},{\"@type\":\"BreadcrumbList\",\"@id\":\"https:\\\/\\\/www.icy.nl\\\/de\\\/produkt\\\/campere-modul-din\\\/#breadcrumb\",\"itemListElement\":[{\"@type\":\"ListItem\",\"position\":1,\"name\":\"Home\",\"item\":\"https:\\\/\\\/www.icy.nl\\\/de\\\/\"},{\"@type\":\"ListItem\",\"position\":2,\"name\":\"Produkte\",\"item\":\"https:\\\/\\\/www.icy.nl\\\/de\\\/produkte\\\/\"},{\"@type\":\"ListItem\",\"position\":3,\"name\":\"Campsite Management\",\"item\":\"https:\\\/\\\/www.icy.nl\\\/de\\\/product-categorie\\\/campsite-management-de\\\/\"},{\"@type\":\"ListItem\",\"position\":4,\"name\":\"ICY Camp\u00e8re Modul (DIN)\"}]},{\"@type\":\"WebSite\",\"@id\":\"https:\\\/\\\/www.icy.nl\\\/de\\\/#website\",\"url\":\"https:\\\/\\\/www.icy.nl\\\/de\\\/\",\"name\":\"ICY\",\"description\":\"Smartmotica solutions\",\"publisher\":{\"@id\":\"https:\\\/\\\/www.icy.nl\\\/de\\\/#organization\"},\"potentialAction\":[{\"@type\":\"SearchAction\",\"target\":{\"@type\":\"EntryPoint\",\"urlTemplate\":\"https:\\\/\\\/www.icy.nl\\\/de\\\/?s={search_term_string}\"},\"query-input\":{\"@type\":\"PropertyValueSpecification\",\"valueRequired\":true,\"valueName\":\"search_term_string\"}}],\"inLanguage\":\"de\"},{\"@type\":\"Organization\",\"@id\":\"https:\\\/\\\/www.icy.nl\\\/de\\\/#organization\",\"name\":\"I.C.Y. B.V.\",\"url\":\"https:\\\/\\\/www.icy.nl\\\/de\\\/\",\"logo\":{\"@type\":\"ImageObject\",\"inLanguage\":\"de\",\"@id\":\"https:\\\/\\\/www.icy.nl\\\/de\\\/#\\\/schema\\\/logo\\\/image\\\/\",\"url\":\"https:\\\/\\\/www.icy.nl\\\/wp-content\\\/uploads\\\/2016\\\/11\\\/logo-icy.jpg\",\"contentUrl\":\"https:\\\/\\\/www.icy.nl\\\/wp-content\\\/uploads\\\/2016\\\/11\\\/logo-icy.jpg\",\"width\":400,\"height\":101,\"caption\":\"I.C.Y. B.V.\"},\"image\":{\"@id\":\"https:\\\/\\\/www.icy.nl\\\/de\\\/#\\\/schema\\\/logo\\\/image\\\/\"}}]}<\/script>\n<!-- \/ Yoast SEO plugin. -->","yoast_head_json":{"title":"ICY Camp\u00e8re Modul (DIN) - ICY","robots":{"index":"index","follow":"follow","max-snippet":"max-snippet:-1","max-image-preview":"max-image-preview:large","max-video-preview":"max-video-preview:-1"},"canonical":"https:\/\/www.icy.nl\/de\/produkt\/campere-modul-din\/","og_locale":"de_DE","og_type":"article","og_title":"ICY Camp\u00e8re Modul (DIN) - ICY","og_description":"Das Camp\u00e8re Modul erm\u00f6glichst, dass eine entfernte Steckdose auf eine bestimmte Stromst\u00e4rke begrenzt werden kann. Gleichzeitig dient das Modul als kWh-Z\u00e4hler, der verfolgt, wie viel Strom verbraucht wird. Das Camp\u00e8re Modul kann mit Hilfe der Anwendungssoftware ICY Campsite Management und ICY Marina Management drahtlos \u00fcber das ICY-Net verbunden werden.","og_url":"https:\/\/www.icy.nl\/de\/produkt\/campere-modul-din\/","og_site_name":"ICY","article_modified_time":"2025-01-13T15:46:43+00:00","og_image":[{"width":800,"height":800,"url":"https:\/\/www.icy.nl\/wp-content\/uploads\/2021\/03\/4850CM-Campere-Module.jpg","type":"image\/jpeg"}],"twitter_card":"summary_large_image","twitter_misc":{"Gesch\u00e4tzte Lesezeit":"1\u00a0Minute"},"schema":{"@context":"https:\/\/schema.org","@graph":[{"@type":"WebPage","@id":"https:\/\/www.icy.nl\/de\/produkt\/campere-modul-din\/","url":"https:\/\/www.icy.nl\/de\/produkt\/campere-modul-din\/","name":"ICY Camp\u00e8re Modul (DIN) - ICY","isPartOf":{"@id":"https:\/\/www.icy.nl\/de\/#website"},"primaryImageOfPage":{"@id":"https:\/\/www.icy.nl\/de\/produkt\/campere-modul-din\/#primaryimage"},"image":{"@id":"https:\/\/www.icy.nl\/de\/produkt\/campere-modul-din\/#primaryimage"},"thumbnailUrl":"https:\/\/www.icy.nl\/wp-content\/uploads\/2021\/03\/4850CM-Campere-Module.jpg","datePublished":"2020-05-24T09:01:32+00:00","dateModified":"2025-01-13T15:46:43+00:00","breadcrumb":{"@id":"https:\/\/www.icy.nl\/de\/produkt\/campere-modul-din\/#breadcrumb"},"inLanguage":"de","potentialAction":[{"@type":"ReadAction","target":["https:\/\/www.icy.nl\/de\/produkt\/campere-modul-din\/"]}]},{"@type":"ImageObject","inLanguage":"de","@id":"https:\/\/www.icy.nl\/de\/produkt\/campere-modul-din\/#primaryimage","url":"https:\/\/www.icy.nl\/wp-content\/uploads\/2021\/03\/4850CM-Campere-Module.jpg","contentUrl":"https:\/\/www.icy.nl\/wp-content\/uploads\/2021\/03\/4850CM-Campere-Module.jpg","width":800,"height":800},{"@type":"BreadcrumbList","@id":"https:\/\/www.icy.nl\/de\/produkt\/campere-modul-din\/#breadcrumb","itemListElement":[{"@type":"ListItem","position":1,"name":"Home","item":"https:\/\/www.icy.nl\/de\/"},{"@type":"ListItem","position":2,"name":"Produkte","item":"https:\/\/www.icy.nl\/de\/produkte\/"},{"@type":"ListItem","position":3,"name":"Campsite Management","item":"https:\/\/www.icy.nl\/de\/product-categorie\/campsite-management-de\/"},{"@type":"ListItem","position":4,"name":"ICY Camp\u00e8re Modul (DIN)"}]},{"@type":"WebSite","@id":"https:\/\/www.icy.nl\/de\/#website","url":"https:\/\/www.icy.nl\/de\/","name":"ICY","description":"Smartmotica solutions","publisher":{"@id":"https:\/\/www.icy.nl\/de\/#organization"},"potentialAction":[{"@type":"SearchAction","target":{"@type":"EntryPoint","urlTemplate":"https:\/\/www.icy.nl\/de\/?s={search_term_string}"},"query-input":{"@type":"PropertyValueSpecification","valueRequired":true,"valueName":"search_term_string"}}],"inLanguage":"de"},{"@type":"Organization","@id":"https:\/\/www.icy.nl\/de\/#organization","name":"I.C.Y. B.V.","url":"https:\/\/www.icy.nl\/de\/","logo":{"@type":"ImageObject","inLanguage":"de","@id":"https:\/\/www.icy.nl\/de\/#\/schema\/logo\/image\/","url":"https:\/\/www.icy.nl\/wp-content\/uploads\/2016\/11\/logo-icy.jpg","contentUrl":"https:\/\/www.icy.nl\/wp-content\/uploads\/2016\/11\/logo-icy.jpg","width":400,"height":101,"caption":"I.C.Y. B.V."},"image":{"@id":"https:\/\/www.icy.nl\/de\/#\/schema\/logo\/image\/"}}]}},"featured_img":"https:\/\/www.icy.nl\/wp-content\/uploads\/2021\/03\/4850CM-Campere-Module.jpg","coauthors":[],"author_meta":{"author_link":"https:\/\/www.icy.nl\/de\/author\/daniel\/","display_name":"Daniel van de Kamp"},"relative_dates":{"created":"Posted 10\u00a0Jahren ago","modified":"Updated 1\u00a0Jahr ago"},"absolute_dates":{"created":"Posted on 19. September 2016","modified":"Updated on 13. Januar 2025"},"absolute_dates_time":{"created":"Posted on 19. September 2016 11:37","modified":"Updated on 13. Januar 2025 16:46"},"featured_img_caption":"","tax_additional":{"product_brand":{"linked":[],"unlinked":[],"slug":"product_brand","name":"Marken"},"product_type":{"linked":["<a href=\"https:\/\/www.icy.nl\/de\/?taxonomy=product_type&#038;term=simple\" class=\"advgb-post-tax-term\">simple<\/a>"],"unlinked":["<span class=\"advgb-post-tax-term\">simple<\/span>"],"slug":"product_type","name":"Produkttyp"},"product_visibility":{"linked":[],"unlinked":[],"slug":"product_visibility","name":"Sichtbarkeit des Produkts"},"product_cat":{"linked":["<a href=\"https:\/\/www.icy.nl\/de\/product-categorie\/campsite-management-de\/\" class=\"advgb-post-tax-term\">Campsite Management<\/a>","<a href=\"https:\/\/www.icy.nl\/de\/product-categorie\/marina-management-de\/\" class=\"advgb-post-tax-term\">Marina Management<\/a>"],"unlinked":["<span class=\"advgb-post-tax-term\">Campsite Management<\/span>","<span class=\"advgb-post-tax-term\">Marina Management<\/span>"],"slug":"product_cat","name":"Produkt-Kategorien"},"product_tag":{"linked":[],"unlinked":[],"slug":"product_tag","name":"Produkt Schlagw\u00f6rter"},"product_shipping_class":{"linked":[],"unlinked":[],"slug":"product_shipping_class","name":"Produkt Versandklasse"},"pos_product_visibility":{"linked":[],"unlinked":[],"slug":"pos_product_visibility","name":"POS-Produkt-Sichtbarkeit."},"translation_priority":{"linked":["<a href=\"https:\/\/www.icy.nl\/de\/?taxonomy=translation_priority&#038;term=hohe-prioritat\" class=\"advgb-post-tax-term\">hohe Priorit\u00e4t<\/a>"],"unlinked":["<span class=\"advgb-post-tax-term\">hohe Priorit\u00e4t<\/span>"],"slug":"translation_priority","name":"\u00dcbersetzungspriorit\u00e4ten"}},"series_order":"","_links":{"self":[{"href":"https:\/\/www.icy.nl\/de\/wp-json\/wp\/v2\/product\/31221","targetHints":{"allow":["GET"]}}],"collection":[{"href":"https:\/\/www.icy.nl\/de\/wp-json\/wp\/v2\/product"}],"about":[{"href":"https:\/\/www.icy.nl\/de\/wp-json\/wp\/v2\/types\/product"}],"wp:featuredmedia":[{"embeddable":true,"href":"https:\/\/www.icy.nl\/de\/wp-json\/wp\/v2\/media\/38237"}],"wp:attachment":[{"href":"https:\/\/www.icy.nl\/de\/wp-json\/wp\/v2\/media?parent=31221"}],"wp:term":[{"taxonomy":"product_brand","embeddable":true,"href":"https:\/\/www.icy.nl\/de\/wp-json\/wp\/v2\/product_brand?post=31221"},{"taxonomy":"product_cat","embeddable":true,"href":"https:\/\/www.icy.nl\/de\/wp-json\/wp\/v2\/product_cat?post=31221"},{"taxonomy":"product_tag","embeddable":true,"href":"https:\/\/www.icy.nl\/de\/wp-json\/wp\/v2\/product_tag?post=31221"}],"curies":[{"name":"wp","href":"https:\/\/api.w.org\/{rel}","templated":true}]}}