{"id":31226,"date":"2016-07-06T09:18:37","date_gmt":"2020-05-24T09:32:12","guid":{"rendered":"https:\/\/www.icy.nl\/product\/power-switch\/"},"modified":"2025-01-14T11:57:01","modified_gmt":"2025-01-14T10:57:01","slug":"power-switch-2","status":"publish","type":"product","link":"https:\/\/www.icy.nl\/de\/produkt\/power-switch-2\/","title":{"rendered":"Power Switch"},"content":{"rendered":"<p>Der Power Switch erm\u00f6glicht die drahtlose Steuerung von Heizsystemen. Das Ger\u00e4t bildet die Verbindung zwischen dem Thermostat und Heizger\u00e4t.<span class=\"Apple-converted-space\"> Der Power Switch kann f\u00fcr die elektrischen Heizung und Zentralheizung verwendet werden. <\/span><\/p>\n<p><strong>Elektrische Heizung<\/strong><\/p>\n<p>Die elektrische Heizung ist aufgedreht, aber die Spannung wird vom Power Switch unterbrochen, bis ein W\u00e4rmebedarf besteht. Der <a href=\"https:\/\/www.icy.nl\/product\/icy1845in-timer-thermostaat-expert\/\">ICY 1845IN Timer-Thermostat<\/a> sendet eine Nachricht an den Power Switch, sobald ein W\u00e4rmebedarf besteht, und schaltet die elektrische Heizung (en) ein.<\/p>\n<p>Der Power Switch schaltet mittels einem Relais mit einer maximalen Last von 230V AC \/ 16A<\/p>\n<p><strong>Zentralheizung<\/strong><\/p>\n<p>Der Power Switch wird mit dem Heizkessel installiert. Ein <a href=\"https:\/\/www.icy.nl\/product\/icy1845in-timer-thermostaat-expert\/\">ICY 1845IN Timer Thermostat <\/a>h\u00e4ngt in einem oder mehreren R\u00e4umen. Dies ist verkabelt mit den Servomotoren der K\u00fchlerkn\u00f6pfe verbunden. Bei W\u00e4rmebedarf \u00f6ffnet der Thermostat die Heizk\u00f6rper und sendet eine Meldung an den Power Switch, damit der Heizkessel geheizt wird. In den Power Switch wurde eine kurze Verz\u00f6gerung eingebaut, die sicherstellt, dass sich der Kessel erst entz\u00fcndet, wenn die K\u00fchlerkn\u00f6pfe ge\u00f6ffnet werden.<\/p>\n","protected":false},"excerpt":{"rendered":"<p>Der Power Switch kann Elektroger\u00e4te schalten. Dieses Ger\u00e4t kann \u00fcber das ICY-Net ein- bzw. ausgeschaltet werden.<br \/>\nDies kann beispielsweise zur Steuerung von elektrischen Heizungen genutzt werden.<\/p>\n<p>Eine andere Anwendung ist das Ein- und Ausschalten einer Zentralheizung mit einer Zonensteuerung.<\/p>\n<p>&nbsp;<\/p>\n","protected":false},"author":2946,"featured_media":39637,"template":"","meta":{"advgb_blocks_editor_width":"","advgb_blocks_columns_visual_guide":"","_genesis_hide_title":false,"_genesis_hide_breadcrumbs":false,"_genesis_hide_singular_image":false,"_genesis_hide_footer_widgets":false,"_genesis_custom_body_class":"","_genesis_custom_post_class":"","_genesis_layout":""},"product_brand":[],"product_cat":[139,141,138,140,142,144],"product_tag":[],"class_list":{"0":"post-31226","1":"product","2":"type-product","3":"status-publish","4":"has-post-thumbnail","6":"product_cat-accommodation-management-de","7":"product_cat-housing-management-de","8":"product_cat-temperaturregelung","9":"product_cat-thermostatzubehoer","10":"product_cat-facility-management-de","11":"product_cat-arbeitsagentur","12":"entry","14":"first","15":"instock","16":"taxable","17":"shipping-taxable","18":"product-type-simple"},"yoast_head":"<!-- This site is optimized with the Yoast SEO plugin v27.4 - https:\/\/yoast.com\/product\/yoast-seo-wordpress\/ -->\n<title>Power Switch - ICY<\/title>\n<meta name=\"robots\" content=\"index, follow, max-snippet:-1, max-image-preview:large, max-video-preview:-1\" \/>\n<link rel=\"canonical\" href=\"https:\/\/www.icy.nl\/de\/produkt\/power-switch-2\/\" \/>\n<meta property=\"og:locale\" content=\"de_DE\" \/>\n<meta property=\"og:type\" content=\"article\" \/>\n<meta property=\"og:title\" content=\"Power Switch - ICY\" \/>\n<meta property=\"og:description\" content=\"Der Power Switch kann Elektroger\u00e4te schalten. Dieses Ger\u00e4t kann \u00fcber das ICY-Net ein- bzw. ausgeschaltet werden. Dies kann beispielsweise zur Steuerung von elektrischen Heizungen genutzt werden. Eine andere Anwendung ist das Ein- und Ausschalten einer Zentralheizung mit einer Zonensteuerung. &nbsp;\" \/>\n<meta property=\"og:url\" content=\"https:\/\/www.icy.nl\/de\/produkt\/power-switch-2\/\" \/>\n<meta property=\"og:site_name\" content=\"ICY\" \/>\n<meta property=\"article:modified_time\" content=\"2025-01-14T10:57:01+00:00\" \/>\n<meta property=\"og:image\" content=\"https:\/\/www.icy.nl\/wp-content\/uploads\/2016\/07\/3512IN-Power-Switch-1.jpg\" \/>\n\t<meta property=\"og:image:width\" content=\"995\" \/>\n\t<meta property=\"og:image:height\" content=\"995\" \/>\n\t<meta property=\"og:image:type\" content=\"image\/jpeg\" \/>\n<meta name=\"twitter:card\" content=\"summary_large_image\" \/>\n<meta name=\"twitter:label1\" content=\"Gesch\u00e4tzte Lesezeit\" \/>\n\t<meta name=\"twitter:data1\" content=\"1\u00a0Minute\" \/>\n<script type=\"application\/ld+json\" class=\"yoast-schema-graph\">{\"@context\":\"https:\\\/\\\/schema.org\",\"@graph\":[{\"@type\":\"WebPage\",\"@id\":\"https:\\\/\\\/www.icy.nl\\\/de\\\/produkt\\\/power-switch-2\\\/\",\"url\":\"https:\\\/\\\/www.icy.nl\\\/de\\\/produkt\\\/power-switch-2\\\/\",\"name\":\"Power Switch - ICY\",\"isPartOf\":{\"@id\":\"https:\\\/\\\/www.icy.nl\\\/de\\\/#website\"},\"primaryImageOfPage\":{\"@id\":\"https:\\\/\\\/www.icy.nl\\\/de\\\/produkt\\\/power-switch-2\\\/#primaryimage\"},\"image\":{\"@id\":\"https:\\\/\\\/www.icy.nl\\\/de\\\/produkt\\\/power-switch-2\\\/#primaryimage\"},\"thumbnailUrl\":\"https:\\\/\\\/www.icy.nl\\\/wp-content\\\/uploads\\\/2016\\\/07\\\/3512IN-Power-Switch-1.jpg\",\"datePublished\":\"2020-05-24T09:32:12+00:00\",\"dateModified\":\"2025-01-14T10:57:01+00:00\",\"breadcrumb\":{\"@id\":\"https:\\\/\\\/www.icy.nl\\\/de\\\/produkt\\\/power-switch-2\\\/#breadcrumb\"},\"inLanguage\":\"de\",\"potentialAction\":[{\"@type\":\"ReadAction\",\"target\":[\"https:\\\/\\\/www.icy.nl\\\/de\\\/produkt\\\/power-switch-2\\\/\"]}]},{\"@type\":\"ImageObject\",\"inLanguage\":\"de\",\"@id\":\"https:\\\/\\\/www.icy.nl\\\/de\\\/produkt\\\/power-switch-2\\\/#primaryimage\",\"url\":\"https:\\\/\\\/www.icy.nl\\\/wp-content\\\/uploads\\\/2016\\\/07\\\/3512IN-Power-Switch-1.jpg\",\"contentUrl\":\"https:\\\/\\\/www.icy.nl\\\/wp-content\\\/uploads\\\/2016\\\/07\\\/3512IN-Power-Switch-1.jpg\",\"width\":995,\"height\":995},{\"@type\":\"BreadcrumbList\",\"@id\":\"https:\\\/\\\/www.icy.nl\\\/de\\\/produkt\\\/power-switch-2\\\/#breadcrumb\",\"itemListElement\":[{\"@type\":\"ListItem\",\"position\":1,\"name\":\"Home\",\"item\":\"https:\\\/\\\/www.icy.nl\\\/de\\\/\"},{\"@type\":\"ListItem\",\"position\":2,\"name\":\"Produkte\",\"item\":\"https:\\\/\\\/www.icy.nl\\\/de\\\/produkte\\\/\"},{\"@type\":\"ListItem\",\"position\":3,\"name\":\"Accommodation Management\",\"item\":\"https:\\\/\\\/www.icy.nl\\\/de\\\/product-categorie\\\/accommodation-management-de\\\/\"},{\"@type\":\"ListItem\",\"position\":4,\"name\":\"Power Switch\"}]},{\"@type\":\"WebSite\",\"@id\":\"https:\\\/\\\/www.icy.nl\\\/de\\\/#website\",\"url\":\"https:\\\/\\\/www.icy.nl\\\/de\\\/\",\"name\":\"ICY\",\"description\":\"Smartmotica solutions\",\"publisher\":{\"@id\":\"https:\\\/\\\/www.icy.nl\\\/de\\\/#organization\"},\"potentialAction\":[{\"@type\":\"SearchAction\",\"target\":{\"@type\":\"EntryPoint\",\"urlTemplate\":\"https:\\\/\\\/www.icy.nl\\\/de\\\/?s={search_term_string}\"},\"query-input\":{\"@type\":\"PropertyValueSpecification\",\"valueRequired\":true,\"valueName\":\"search_term_string\"}}],\"inLanguage\":\"de\"},{\"@type\":\"Organization\",\"@id\":\"https:\\\/\\\/www.icy.nl\\\/de\\\/#organization\",\"name\":\"I.C.Y. B.V.\",\"url\":\"https:\\\/\\\/www.icy.nl\\\/de\\\/\",\"logo\":{\"@type\":\"ImageObject\",\"inLanguage\":\"de\",\"@id\":\"https:\\\/\\\/www.icy.nl\\\/de\\\/#\\\/schema\\\/logo\\\/image\\\/\",\"url\":\"https:\\\/\\\/www.icy.nl\\\/wp-content\\\/uploads\\\/2016\\\/11\\\/logo-icy.jpg\",\"contentUrl\":\"https:\\\/\\\/www.icy.nl\\\/wp-content\\\/uploads\\\/2016\\\/11\\\/logo-icy.jpg\",\"width\":400,\"height\":101,\"caption\":\"I.C.Y. B.V.\"},\"image\":{\"@id\":\"https:\\\/\\\/www.icy.nl\\\/de\\\/#\\\/schema\\\/logo\\\/image\\\/\"}}]}<\/script>\n<!-- \/ Yoast SEO plugin. -->","yoast_head_json":{"title":"Power Switch - ICY","robots":{"index":"index","follow":"follow","max-snippet":"max-snippet:-1","max-image-preview":"max-image-preview:large","max-video-preview":"max-video-preview:-1"},"canonical":"https:\/\/www.icy.nl\/de\/produkt\/power-switch-2\/","og_locale":"de_DE","og_type":"article","og_title":"Power Switch - ICY","og_description":"Der Power Switch kann Elektroger\u00e4te schalten. Dieses Ger\u00e4t kann \u00fcber das ICY-Net ein- bzw. ausgeschaltet werden. Dies kann beispielsweise zur Steuerung von elektrischen Heizungen genutzt werden. Eine andere Anwendung ist das Ein- und Ausschalten einer Zentralheizung mit einer Zonensteuerung. &nbsp;","og_url":"https:\/\/www.icy.nl\/de\/produkt\/power-switch-2\/","og_site_name":"ICY","article_modified_time":"2025-01-14T10:57:01+00:00","og_image":[{"width":995,"height":995,"url":"https:\/\/www.icy.nl\/wp-content\/uploads\/2016\/07\/3512IN-Power-Switch-1.jpg","type":"image\/jpeg"}],"twitter_card":"summary_large_image","twitter_misc":{"Gesch\u00e4tzte Lesezeit":"1\u00a0Minute"},"schema":{"@context":"https:\/\/schema.org","@graph":[{"@type":"WebPage","@id":"https:\/\/www.icy.nl\/de\/produkt\/power-switch-2\/","url":"https:\/\/www.icy.nl\/de\/produkt\/power-switch-2\/","name":"Power Switch - ICY","isPartOf":{"@id":"https:\/\/www.icy.nl\/de\/#website"},"primaryImageOfPage":{"@id":"https:\/\/www.icy.nl\/de\/produkt\/power-switch-2\/#primaryimage"},"image":{"@id":"https:\/\/www.icy.nl\/de\/produkt\/power-switch-2\/#primaryimage"},"thumbnailUrl":"https:\/\/www.icy.nl\/wp-content\/uploads\/2016\/07\/3512IN-Power-Switch-1.jpg","datePublished":"2020-05-24T09:32:12+00:00","dateModified":"2025-01-14T10:57:01+00:00","breadcrumb":{"@id":"https:\/\/www.icy.nl\/de\/produkt\/power-switch-2\/#breadcrumb"},"inLanguage":"de","potentialAction":[{"@type":"ReadAction","target":["https:\/\/www.icy.nl\/de\/produkt\/power-switch-2\/"]}]},{"@type":"ImageObject","inLanguage":"de","@id":"https:\/\/www.icy.nl\/de\/produkt\/power-switch-2\/#primaryimage","url":"https:\/\/www.icy.nl\/wp-content\/uploads\/2016\/07\/3512IN-Power-Switch-1.jpg","contentUrl":"https:\/\/www.icy.nl\/wp-content\/uploads\/2016\/07\/3512IN-Power-Switch-1.jpg","width":995,"height":995},{"@type":"BreadcrumbList","@id":"https:\/\/www.icy.nl\/de\/produkt\/power-switch-2\/#breadcrumb","itemListElement":[{"@type":"ListItem","position":1,"name":"Home","item":"https:\/\/www.icy.nl\/de\/"},{"@type":"ListItem","position":2,"name":"Produkte","item":"https:\/\/www.icy.nl\/de\/produkte\/"},{"@type":"ListItem","position":3,"name":"Accommodation Management","item":"https:\/\/www.icy.nl\/de\/product-categorie\/accommodation-management-de\/"},{"@type":"ListItem","position":4,"name":"Power Switch"}]},{"@type":"WebSite","@id":"https:\/\/www.icy.nl\/de\/#website","url":"https:\/\/www.icy.nl\/de\/","name":"ICY","description":"Smartmotica solutions","publisher":{"@id":"https:\/\/www.icy.nl\/de\/#organization"},"potentialAction":[{"@type":"SearchAction","target":{"@type":"EntryPoint","urlTemplate":"https:\/\/www.icy.nl\/de\/?s={search_term_string}"},"query-input":{"@type":"PropertyValueSpecification","valueRequired":true,"valueName":"search_term_string"}}],"inLanguage":"de"},{"@type":"Organization","@id":"https:\/\/www.icy.nl\/de\/#organization","name":"I.C.Y. B.V.","url":"https:\/\/www.icy.nl\/de\/","logo":{"@type":"ImageObject","inLanguage":"de","@id":"https:\/\/www.icy.nl\/de\/#\/schema\/logo\/image\/","url":"https:\/\/www.icy.nl\/wp-content\/uploads\/2016\/11\/logo-icy.jpg","contentUrl":"https:\/\/www.icy.nl\/wp-content\/uploads\/2016\/11\/logo-icy.jpg","width":400,"height":101,"caption":"I.C.Y. B.V."},"image":{"@id":"https:\/\/www.icy.nl\/de\/#\/schema\/logo\/image\/"}}]}},"featured_img":"https:\/\/www.icy.nl\/wp-content\/uploads\/2016\/07\/3512IN-Power-Switch-1.jpg","coauthors":[],"author_meta":{"author_link":"https:\/\/www.icy.nl\/de\/author\/daniel\/","display_name":"Daniel van de Kamp"},"relative_dates":{"created":"Posted 10\u00a0Jahren ago","modified":"Updated 1\u00a0Jahr ago"},"absolute_dates":{"created":"Posted on 6. Juli 2016","modified":"Updated on 14. Januar 2025"},"absolute_dates_time":{"created":"Posted on 6. Juli 2016 9:18","modified":"Updated on 14. Januar 2025 11:57"},"featured_img_caption":"","tax_additional":{"product_brand":{"linked":[],"unlinked":[],"slug":"product_brand","name":"Marken"},"product_type":{"linked":["<a href=\"https:\/\/www.icy.nl\/de\/?taxonomy=product_type&#038;term=simple\" class=\"advgb-post-tax-term\">simple<\/a>"],"unlinked":["<span class=\"advgb-post-tax-term\">simple<\/span>"],"slug":"product_type","name":"Produkttyp"},"product_visibility":{"linked":[],"unlinked":[],"slug":"product_visibility","name":"Sichtbarkeit des Produkts"},"product_cat":{"linked":["<a href=\"https:\/\/www.icy.nl\/de\/product-categorie\/accommodation-management-de\/\" class=\"advgb-post-tax-term\">Accommodation Management<\/a>","<a href=\"https:\/\/www.icy.nl\/de\/product-categorie\/housing-management-de\/\" class=\"advgb-post-tax-term\">Housing Management<\/a>","<a href=\"https:\/\/www.icy.nl\/de\/product-categorie\/temperaturregelung\/\" class=\"advgb-post-tax-term\">Temperaturregelung<\/a>","<a href=\"https:\/\/www.icy.nl\/de\/product-categorie\/thermostatzubehoer\/\" class=\"advgb-post-tax-term\">Thermostatzubeh\u00f6r<\/a>","<a href=\"https:\/\/www.icy.nl\/de\/product-categorie\/facility-management-de\/\" class=\"advgb-post-tax-term\">Facility Management<\/a>","<a href=\"https:\/\/www.icy.nl\/de\/product-categorie\/arbeitsagentur\/\" class=\"advgb-post-tax-term\">Arbeitsagentur<\/a>"],"unlinked":["<span class=\"advgb-post-tax-term\">Accommodation Management<\/span>","<span class=\"advgb-post-tax-term\">Housing Management<\/span>","<span class=\"advgb-post-tax-term\">Temperaturregelung<\/span>","<span class=\"advgb-post-tax-term\">Thermostatzubeh\u00f6r<\/span>","<span class=\"advgb-post-tax-term\">Facility Management<\/span>","<span class=\"advgb-post-tax-term\">Arbeitsagentur<\/span>"],"slug":"product_cat","name":"Produkt-Kategorien"},"product_tag":{"linked":[],"unlinked":[],"slug":"product_tag","name":"Produkt Schlagw\u00f6rter"},"product_shipping_class":{"linked":[],"unlinked":[],"slug":"product_shipping_class","name":"Produkt Versandklasse"},"pos_product_visibility":{"linked":[],"unlinked":[],"slug":"pos_product_visibility","name":"POS-Produkt-Sichtbarkeit."},"translation_priority":{"linked":["<a href=\"https:\/\/www.icy.nl\/de\/?taxonomy=translation_priority&#038;term=hohe-prioritat\" class=\"advgb-post-tax-term\">hohe Priorit\u00e4t<\/a>"],"unlinked":["<span class=\"advgb-post-tax-term\">hohe Priorit\u00e4t<\/span>"],"slug":"translation_priority","name":"\u00dcbersetzungspriorit\u00e4ten"}},"series_order":"","_links":{"self":[{"href":"https:\/\/www.icy.nl\/de\/wp-json\/wp\/v2\/product\/31226","targetHints":{"allow":["GET"]}}],"collection":[{"href":"https:\/\/www.icy.nl\/de\/wp-json\/wp\/v2\/product"}],"about":[{"href":"https:\/\/www.icy.nl\/de\/wp-json\/wp\/v2\/types\/product"}],"wp:featuredmedia":[{"embeddable":true,"href":"https:\/\/www.icy.nl\/de\/wp-json\/wp\/v2\/media\/39637"}],"wp:attachment":[{"href":"https:\/\/www.icy.nl\/de\/wp-json\/wp\/v2\/media?parent=31226"}],"wp:term":[{"taxonomy":"product_brand","embeddable":true,"href":"https:\/\/www.icy.nl\/de\/wp-json\/wp\/v2\/product_brand?post=31226"},{"taxonomy":"product_cat","embeddable":true,"href":"https:\/\/www.icy.nl\/de\/wp-json\/wp\/v2\/product_cat?post=31226"},{"taxonomy":"product_tag","embeddable":true,"href":"https:\/\/www.icy.nl\/de\/wp-json\/wp\/v2\/product_tag?post=31226"}],"curies":[{"name":"wp","href":"https:\/\/api.w.org\/{rel}","templated":true}]}}