{"id":31228,"date":"2016-06-29T09:50:10","date_gmt":"2020-05-24T10:38:18","guid":{"rendered":"https:\/\/www.icy.nl\/product\/transceiver\/"},"modified":"2025-01-14T12:19:00","modified_gmt":"2025-01-14T11:19:00","slug":"transceiver-2","status":"publish","type":"product","link":"https:\/\/www.icy.nl\/de\/produkt\/transceiver-2\/","title":{"rendered":"Transceiver"},"content":{"rendered":"<p>Der ICY5114IN Transceiver ist ein Sender\/Empf\u00e4nger, der die Verbindung zwischen dem drahtlosen Netzwerk (ICY-Net) und der vor Ort vorhandenen Ausr\u00fcstung herstellt. Die Transceiver bilden gemeinsam das ICY-Net, da sie Daten empfangen und weiterleiten k\u00f6nnen, bis die Daten beim richtigen Transceiver angekommen sind (weitere Informationen zum Betrieb des Netzwerks finden Sie unter <a href=\"https:\/\/www.icy.nl\/icy-net\/\">ICY-Net<\/a>). Der Transceiver leitet die Daten dann an das richtige Ger\u00e4t innerhalb des Standorts weiter. Wenn Sie beispielsweise der Manager eines Ferienparks oder einer Fabrik sind und die Einstellungen eines bestimmten Timer-Thermostats \u00e4ndern m\u00f6chten, sendet die Anwendungssoftware &#8218;ICY Control Center&#8216; eine Nachricht an das Netzwerk. Diese Nachricht wird dann auf einer zuf\u00e4lligen Route von Transceiver zu Transceiver im Netzwerk weitergeleitet, bis der adressierte Transceiver erreicht ist. Dieser Transceiver \u00fcbertr\u00e4gt die Nachricht dann drahtlos an den diesem Standort zugeordneten Timer-Thermostat.<\/p>\n<h3>Drahtlos<\/h3>\n<p>Mit diesem Transceiver k\u00f6nnen die vorhandenen ICY-Net-Ger\u00e4te von einem zentralen Ort aus drahtlos gesteuert, gelesen und programmiert werden.<br \/>\nDer Transceiver ist au\u00dferdem mit einem digitalen Kommunikationskanal ausgestattet, an den nicht drahtlose ICY-Produkte angeschlossen werden k\u00f6nnen, beispielsweise ein Zentralheizungsdrucksensor.<\/p>\n<h3>Alarmfunktion<\/h3>\n<p>Der Transceiver ist serienm\u00e4\u00dfig mit zwei Alarmfunktionen ausgestattet.<\/p>\n<ul>\n<li>Frostalarm<\/li>\n<li>Spannungsabfall Alarm<\/li>\n<\/ul>\n<p>Der Frostalarm meldet eine Warnung, wenn die Temperatur um den Transceiver unter einer von Ihnen festgelegten Temperatur (z. B. 5 \u00b0 C) f\u00e4llt. Sie k\u00f6nnen dann Ma\u00dfnahmen ergreifen, um das Einfrieren der Rohre in der Unterkunft zu verhindern. Sie werden auch benachrichtigt, wenn die Netzspannung ausf\u00e4llt.<\/p>\n<p>&nbsp;<\/p>\n","protected":false},"excerpt":{"rendered":"<p>Der ICY5114IN Transceiver ist ein Sender\/Empf\u00e4nger, der die Verbindung zwischen dem drahtlosen Netzwerk (ICY-Net) und der vor Ort vorhandenen Ausr\u00fcstung herstellt. Die Transceiver bilden gemeinsam das ICY-Net, da sie Daten empfangen und weiterleiten k\u00f6nnen, bis die Daten beim richtigen Transceiver angekommen sind (weitere Informationen zum Betrieb des Netzwerks finden Sie unter <a href=\"https:\/\/www.icy.nl\/icy-net\/\">ICY-Net<\/a>). Der Transceiver leitet die Daten dann an das richtige Ger\u00e4t innerhalb des Standorts weiter.<\/p>\n<p>Der Transceiver benachrichtigt unsere Verwaltungsanwendung bei Stromausfall und Frost.<\/p>\n","protected":false},"author":2946,"featured_media":435,"template":"","meta":{"advgb_blocks_editor_width":"","advgb_blocks_columns_visual_guide":"","_genesis_hide_title":false,"_genesis_hide_breadcrumbs":false,"_genesis_hide_singular_image":false,"_genesis_hide_footer_widgets":false,"_genesis_custom_body_class":"","_genesis_custom_post_class":"","_genesis_layout":""},"product_brand":[],"product_cat":[139,143,148,142],"product_tag":[149,150],"class_list":{"0":"post-31228","1":"product","2":"type-product","3":"status-publish","4":"has-post-thumbnail","6":"product_cat-accommodation-management-de","7":"product_cat-campsite-management-de","8":"product_cat-icy-net-infrastruktur","9":"product_cat-facility-management-de","10":"product_tag-drahtloses-netzwerk","11":"product_tag-sender-empfanger","12":"entry","14":"first","15":"instock","16":"taxable","17":"shipping-taxable","18":"product-type-simple"},"yoast_head":"<!-- This site is optimized with the Yoast SEO plugin v27.4 - https:\/\/yoast.com\/product\/yoast-seo-wordpress\/ -->\n<title>Transceiver - ICY<\/title>\n<meta name=\"description\" content=\"Der ICY5114IN Transceiver ist ein Sender\/Empf\u00e4nger, der die Verbindung zwischen dem ICY-Net und der am jeweiligen Standort vorhandenen Ausr\u00fcstung herstellt.\" \/>\n<meta name=\"robots\" content=\"index, follow, max-snippet:-1, max-image-preview:large, max-video-preview:-1\" \/>\n<link rel=\"canonical\" href=\"https:\/\/www.icy.nl\/de\/produkt\/transceiver-2\/\" \/>\n<meta property=\"og:locale\" content=\"de_DE\" \/>\n<meta property=\"og:type\" content=\"article\" \/>\n<meta property=\"og:title\" content=\"Transceiver - ICY\" \/>\n<meta property=\"og:description\" content=\"Der ICY5114IN Transceiver ist ein Sender\/Empf\u00e4nger, der die Verbindung zwischen dem ICY-Net und der am jeweiligen Standort vorhandenen Ausr\u00fcstung herstellt.\" \/>\n<meta property=\"og:url\" content=\"https:\/\/www.icy.nl\/de\/produkt\/transceiver-2\/\" \/>\n<meta property=\"og:site_name\" content=\"ICY\" \/>\n<meta property=\"article:modified_time\" content=\"2025-01-14T11:19:00+00:00\" \/>\n<meta property=\"og:image\" content=\"https:\/\/www.icy.nl\/wp-content\/uploads\/2016\/06\/2745-Transceiver-2.jpg\" \/>\n\t<meta property=\"og:image:width\" content=\"2448\" \/>\n\t<meta property=\"og:image:height\" content=\"2448\" \/>\n\t<meta property=\"og:image:type\" content=\"image\/jpeg\" \/>\n<meta name=\"twitter:card\" content=\"summary_large_image\" \/>\n<meta name=\"twitter:label1\" content=\"Gesch\u00e4tzte Lesezeit\" \/>\n\t<meta name=\"twitter:data1\" content=\"1\u00a0Minute\" \/>\n<script type=\"application\/ld+json\" class=\"yoast-schema-graph\">{\"@context\":\"https:\\\/\\\/schema.org\",\"@graph\":[{\"@type\":\"WebPage\",\"@id\":\"https:\\\/\\\/www.icy.nl\\\/de\\\/produkt\\\/transceiver-2\\\/\",\"url\":\"https:\\\/\\\/www.icy.nl\\\/de\\\/produkt\\\/transceiver-2\\\/\",\"name\":\"Transceiver - ICY\",\"isPartOf\":{\"@id\":\"https:\\\/\\\/www.icy.nl\\\/de\\\/#website\"},\"primaryImageOfPage\":{\"@id\":\"https:\\\/\\\/www.icy.nl\\\/de\\\/produkt\\\/transceiver-2\\\/#primaryimage\"},\"image\":{\"@id\":\"https:\\\/\\\/www.icy.nl\\\/de\\\/produkt\\\/transceiver-2\\\/#primaryimage\"},\"thumbnailUrl\":\"https:\\\/\\\/www.icy.nl\\\/wp-content\\\/uploads\\\/2016\\\/06\\\/2745-Transceiver-2.jpg\",\"datePublished\":\"2020-05-24T10:38:18+00:00\",\"dateModified\":\"2025-01-14T11:19:00+00:00\",\"description\":\"Der ICY5114IN Transceiver ist ein Sender\\\/Empf\u00e4nger, der die Verbindung zwischen dem ICY-Net und der am jeweiligen Standort vorhandenen Ausr\u00fcstung herstellt.\",\"breadcrumb\":{\"@id\":\"https:\\\/\\\/www.icy.nl\\\/de\\\/produkt\\\/transceiver-2\\\/#breadcrumb\"},\"inLanguage\":\"de\",\"potentialAction\":[{\"@type\":\"ReadAction\",\"target\":[\"https:\\\/\\\/www.icy.nl\\\/de\\\/produkt\\\/transceiver-2\\\/\"]}]},{\"@type\":\"ImageObject\",\"inLanguage\":\"de\",\"@id\":\"https:\\\/\\\/www.icy.nl\\\/de\\\/produkt\\\/transceiver-2\\\/#primaryimage\",\"url\":\"https:\\\/\\\/www.icy.nl\\\/wp-content\\\/uploads\\\/2016\\\/06\\\/2745-Transceiver-2.jpg\",\"contentUrl\":\"https:\\\/\\\/www.icy.nl\\\/wp-content\\\/uploads\\\/2016\\\/06\\\/2745-Transceiver-2.jpg\",\"width\":2448,\"height\":2448},{\"@type\":\"BreadcrumbList\",\"@id\":\"https:\\\/\\\/www.icy.nl\\\/de\\\/produkt\\\/transceiver-2\\\/#breadcrumb\",\"itemListElement\":[{\"@type\":\"ListItem\",\"position\":1,\"name\":\"Home\",\"item\":\"https:\\\/\\\/www.icy.nl\\\/de\\\/\"},{\"@type\":\"ListItem\",\"position\":2,\"name\":\"Produkte\",\"item\":\"https:\\\/\\\/www.icy.nl\\\/de\\\/produkte\\\/\"},{\"@type\":\"ListItem\",\"position\":3,\"name\":\"Accommodation Management\",\"item\":\"https:\\\/\\\/www.icy.nl\\\/de\\\/product-categorie\\\/accommodation-management-de\\\/\"},{\"@type\":\"ListItem\",\"position\":4,\"name\":\"Transceiver\"}]},{\"@type\":\"WebSite\",\"@id\":\"https:\\\/\\\/www.icy.nl\\\/de\\\/#website\",\"url\":\"https:\\\/\\\/www.icy.nl\\\/de\\\/\",\"name\":\"ICY\",\"description\":\"Smartmotica solutions\",\"publisher\":{\"@id\":\"https:\\\/\\\/www.icy.nl\\\/de\\\/#organization\"},\"potentialAction\":[{\"@type\":\"SearchAction\",\"target\":{\"@type\":\"EntryPoint\",\"urlTemplate\":\"https:\\\/\\\/www.icy.nl\\\/de\\\/?s={search_term_string}\"},\"query-input\":{\"@type\":\"PropertyValueSpecification\",\"valueRequired\":true,\"valueName\":\"search_term_string\"}}],\"inLanguage\":\"de\"},{\"@type\":\"Organization\",\"@id\":\"https:\\\/\\\/www.icy.nl\\\/de\\\/#organization\",\"name\":\"I.C.Y. B.V.\",\"url\":\"https:\\\/\\\/www.icy.nl\\\/de\\\/\",\"logo\":{\"@type\":\"ImageObject\",\"inLanguage\":\"de\",\"@id\":\"https:\\\/\\\/www.icy.nl\\\/de\\\/#\\\/schema\\\/logo\\\/image\\\/\",\"url\":\"https:\\\/\\\/www.icy.nl\\\/wp-content\\\/uploads\\\/2016\\\/11\\\/logo-icy.jpg\",\"contentUrl\":\"https:\\\/\\\/www.icy.nl\\\/wp-content\\\/uploads\\\/2016\\\/11\\\/logo-icy.jpg\",\"width\":400,\"height\":101,\"caption\":\"I.C.Y. B.V.\"},\"image\":{\"@id\":\"https:\\\/\\\/www.icy.nl\\\/de\\\/#\\\/schema\\\/logo\\\/image\\\/\"}}]}<\/script>\n<!-- \/ Yoast SEO plugin. -->","yoast_head_json":{"title":"Transceiver - ICY","description":"Der ICY5114IN Transceiver ist ein Sender\/Empf\u00e4nger, der die Verbindung zwischen dem ICY-Net und der am jeweiligen Standort vorhandenen Ausr\u00fcstung herstellt.","robots":{"index":"index","follow":"follow","max-snippet":"max-snippet:-1","max-image-preview":"max-image-preview:large","max-video-preview":"max-video-preview:-1"},"canonical":"https:\/\/www.icy.nl\/de\/produkt\/transceiver-2\/","og_locale":"de_DE","og_type":"article","og_title":"Transceiver - ICY","og_description":"Der ICY5114IN Transceiver ist ein Sender\/Empf\u00e4nger, der die Verbindung zwischen dem ICY-Net und der am jeweiligen Standort vorhandenen Ausr\u00fcstung herstellt.","og_url":"https:\/\/www.icy.nl\/de\/produkt\/transceiver-2\/","og_site_name":"ICY","article_modified_time":"2025-01-14T11:19:00+00:00","og_image":[{"width":2448,"height":2448,"url":"https:\/\/www.icy.nl\/wp-content\/uploads\/2016\/06\/2745-Transceiver-2.jpg","type":"image\/jpeg"}],"twitter_card":"summary_large_image","twitter_misc":{"Gesch\u00e4tzte Lesezeit":"1\u00a0Minute"},"schema":{"@context":"https:\/\/schema.org","@graph":[{"@type":"WebPage","@id":"https:\/\/www.icy.nl\/de\/produkt\/transceiver-2\/","url":"https:\/\/www.icy.nl\/de\/produkt\/transceiver-2\/","name":"Transceiver - ICY","isPartOf":{"@id":"https:\/\/www.icy.nl\/de\/#website"},"primaryImageOfPage":{"@id":"https:\/\/www.icy.nl\/de\/produkt\/transceiver-2\/#primaryimage"},"image":{"@id":"https:\/\/www.icy.nl\/de\/produkt\/transceiver-2\/#primaryimage"},"thumbnailUrl":"https:\/\/www.icy.nl\/wp-content\/uploads\/2016\/06\/2745-Transceiver-2.jpg","datePublished":"2020-05-24T10:38:18+00:00","dateModified":"2025-01-14T11:19:00+00:00","description":"Der ICY5114IN Transceiver ist ein Sender\/Empf\u00e4nger, der die Verbindung zwischen dem ICY-Net und der am jeweiligen Standort vorhandenen Ausr\u00fcstung herstellt.","breadcrumb":{"@id":"https:\/\/www.icy.nl\/de\/produkt\/transceiver-2\/#breadcrumb"},"inLanguage":"de","potentialAction":[{"@type":"ReadAction","target":["https:\/\/www.icy.nl\/de\/produkt\/transceiver-2\/"]}]},{"@type":"ImageObject","inLanguage":"de","@id":"https:\/\/www.icy.nl\/de\/produkt\/transceiver-2\/#primaryimage","url":"https:\/\/www.icy.nl\/wp-content\/uploads\/2016\/06\/2745-Transceiver-2.jpg","contentUrl":"https:\/\/www.icy.nl\/wp-content\/uploads\/2016\/06\/2745-Transceiver-2.jpg","width":2448,"height":2448},{"@type":"BreadcrumbList","@id":"https:\/\/www.icy.nl\/de\/produkt\/transceiver-2\/#breadcrumb","itemListElement":[{"@type":"ListItem","position":1,"name":"Home","item":"https:\/\/www.icy.nl\/de\/"},{"@type":"ListItem","position":2,"name":"Produkte","item":"https:\/\/www.icy.nl\/de\/produkte\/"},{"@type":"ListItem","position":3,"name":"Accommodation Management","item":"https:\/\/www.icy.nl\/de\/product-categorie\/accommodation-management-de\/"},{"@type":"ListItem","position":4,"name":"Transceiver"}]},{"@type":"WebSite","@id":"https:\/\/www.icy.nl\/de\/#website","url":"https:\/\/www.icy.nl\/de\/","name":"ICY","description":"Smartmotica solutions","publisher":{"@id":"https:\/\/www.icy.nl\/de\/#organization"},"potentialAction":[{"@type":"SearchAction","target":{"@type":"EntryPoint","urlTemplate":"https:\/\/www.icy.nl\/de\/?s={search_term_string}"},"query-input":{"@type":"PropertyValueSpecification","valueRequired":true,"valueName":"search_term_string"}}],"inLanguage":"de"},{"@type":"Organization","@id":"https:\/\/www.icy.nl\/de\/#organization","name":"I.C.Y. B.V.","url":"https:\/\/www.icy.nl\/de\/","logo":{"@type":"ImageObject","inLanguage":"de","@id":"https:\/\/www.icy.nl\/de\/#\/schema\/logo\/image\/","url":"https:\/\/www.icy.nl\/wp-content\/uploads\/2016\/11\/logo-icy.jpg","contentUrl":"https:\/\/www.icy.nl\/wp-content\/uploads\/2016\/11\/logo-icy.jpg","width":400,"height":101,"caption":"I.C.Y. B.V."},"image":{"@id":"https:\/\/www.icy.nl\/de\/#\/schema\/logo\/image\/"}}]}},"featured_img":"https:\/\/www.icy.nl\/wp-content\/uploads\/2016\/06\/2745-Transceiver-2.jpg","coauthors":[],"author_meta":{"author_link":"https:\/\/www.icy.nl\/de\/author\/daniel\/","display_name":"Daniel van de Kamp"},"relative_dates":{"created":"Posted 10\u00a0Jahren ago","modified":"Updated 1\u00a0Jahr ago"},"absolute_dates":{"created":"Posted on 29. Juni 2016","modified":"Updated on 14. Januar 2025"},"absolute_dates_time":{"created":"Posted on 29. Juni 2016 9:50","modified":"Updated on 14. Januar 2025 12:19"},"featured_img_caption":"","tax_additional":{"product_brand":{"linked":[],"unlinked":[],"slug":"product_brand","name":"Marken"},"product_type":{"linked":["<a href=\"https:\/\/www.icy.nl\/de\/?taxonomy=product_type&#038;term=simple\" class=\"advgb-post-tax-term\">simple<\/a>"],"unlinked":["<span class=\"advgb-post-tax-term\">simple<\/span>"],"slug":"product_type","name":"Produkttyp"},"product_visibility":{"linked":[],"unlinked":[],"slug":"product_visibility","name":"Sichtbarkeit des Produkts"},"product_cat":{"linked":["<a href=\"https:\/\/www.icy.nl\/de\/product-categorie\/accommodation-management-de\/\" class=\"advgb-post-tax-term\">Accommodation Management<\/a>","<a href=\"https:\/\/www.icy.nl\/de\/product-categorie\/campsite-management-de\/\" class=\"advgb-post-tax-term\">Campsite Management<\/a>","<a href=\"https:\/\/www.icy.nl\/de\/product-categorie\/icy-net-infrastruktur\/\" class=\"advgb-post-tax-term\">ICY-Net Infrastruktur<\/a>","<a href=\"https:\/\/www.icy.nl\/de\/product-categorie\/facility-management-de\/\" class=\"advgb-post-tax-term\">Facility Management<\/a>"],"unlinked":["<span class=\"advgb-post-tax-term\">Accommodation Management<\/span>","<span class=\"advgb-post-tax-term\">Campsite Management<\/span>","<span class=\"advgb-post-tax-term\">ICY-Net Infrastruktur<\/span>","<span class=\"advgb-post-tax-term\">Facility Management<\/span>"],"slug":"product_cat","name":"Produkt-Kategorien"},"product_tag":{"linked":["<a href=\"https:\/\/www.icy.nl\/de\/produkt-schlagwort\/drahtloses-netzwerk\/\" class=\"advgb-post-tax-term\">Drahtloses Netzwerk<\/a>","<a href=\"https:\/\/www.icy.nl\/de\/produkt-schlagwort\/sender-empfanger\/\" class=\"advgb-post-tax-term\">Sender\/Empf\u00e4nger<\/a>"],"unlinked":["<span class=\"advgb-post-tax-term\">Drahtloses Netzwerk<\/span>","<span class=\"advgb-post-tax-term\">Sender\/Empf\u00e4nger<\/span>"],"slug":"product_tag","name":"Produkt Schlagw\u00f6rter"},"product_shipping_class":{"linked":[],"unlinked":[],"slug":"product_shipping_class","name":"Produkt Versandklasse"},"pos_product_visibility":{"linked":[],"unlinked":[],"slug":"pos_product_visibility","name":"POS-Produkt-Sichtbarkeit."},"translation_priority":{"linked":["<a href=\"https:\/\/www.icy.nl\/de\/?taxonomy=translation_priority&#038;term=hohe-prioritat\" class=\"advgb-post-tax-term\">hohe Priorit\u00e4t<\/a>"],"unlinked":["<span class=\"advgb-post-tax-term\">hohe Priorit\u00e4t<\/span>"],"slug":"translation_priority","name":"\u00dcbersetzungspriorit\u00e4ten"}},"series_order":"","_links":{"self":[{"href":"https:\/\/www.icy.nl\/de\/wp-json\/wp\/v2\/product\/31228","targetHints":{"allow":["GET"]}}],"collection":[{"href":"https:\/\/www.icy.nl\/de\/wp-json\/wp\/v2\/product"}],"about":[{"href":"https:\/\/www.icy.nl\/de\/wp-json\/wp\/v2\/types\/product"}],"wp:featuredmedia":[{"embeddable":true,"href":"https:\/\/www.icy.nl\/de\/wp-json\/wp\/v2\/media\/435"}],"wp:attachment":[{"href":"https:\/\/www.icy.nl\/de\/wp-json\/wp\/v2\/media?parent=31228"}],"wp:term":[{"taxonomy":"product_brand","embeddable":true,"href":"https:\/\/www.icy.nl\/de\/wp-json\/wp\/v2\/product_brand?post=31228"},{"taxonomy":"product_cat","embeddable":true,"href":"https:\/\/www.icy.nl\/de\/wp-json\/wp\/v2\/product_cat?post=31228"},{"taxonomy":"product_tag","embeddable":true,"href":"https:\/\/www.icy.nl\/de\/wp-json\/wp\/v2\/product_tag?post=31228"}],"curies":[{"name":"wp","href":"https:\/\/api.w.org\/{rel}","templated":true}]}}