{"id":31230,"date":"2016-06-14T08:17:32","date_gmt":"2020-05-24T10:43:14","guid":{"rendered":"https:\/\/www.icy.nl\/product\/smart-meter-reader\/"},"modified":"2025-01-14T12:23:43","modified_gmt":"2025-01-14T11:23:43","slug":"smart-meter-reader","status":"publish","type":"product","link":"https:\/\/www.icy.nl\/de\/produkt\/smart-meter-reader\/","title":{"rendered":"Smart Meter Reader"},"content":{"rendered":"<p>Mit dem Energiez\u00e4hlersystem von ICY k\u00f6nnen Sie Z\u00e4hler mit einem S0-Kontakt ablesen und drahtlos an die speziell daf\u00fcr entwickelte Software senden: ICY Control Center.<br \/>\nSomit erhalten Sie mit einem Knopfdruck einen vollst\u00e4ndigen \u00dcberblick \u00fcber alle Z\u00e4hlerst\u00e4nde (auf Ihrem Bildschirm). Erfahren Sie hier mehr \u00fcber das ICY-System zum Ablesen von Energiez\u00e4hlern.<\/p>\n","protected":false},"excerpt":{"rendered":"<p>Der Smart Meter Reader ICY4442IN liest den Z\u00e4hlerstand \u00fcber den P1-Port eines Smart Meters aus.<br \/>\nDer Smart Meter Reader liest in Kombination mit der Softwareanwendung ICY Control Center.<br \/>\nDer Smart Meter Reader sendet die Messwerte \u00fcber ICY-Net bis hin zum ICY Control Center, von wo aus die Z\u00e4hlerst\u00e4nde und der Verbrauch pro Zeitraum abgefragt werden k\u00f6nnen.<\/p>\n<p>ICY Control Center ist in einer Version f\u00fcr <a href=\"https:\/\/www.icy.nl\/facility-management\/\">Unternehmen<\/a> und in einer Version f\u00fcr <a href=\"https:\/\/www.icy.nl\/accommodatie-management\/\">Bungalowparks<\/a> erh\u00e4ltlich und bietet viel mehr als nur die Anzeige von Energiez\u00e4hlern M\u00f6glichkeiten.<\/p>\n","protected":false},"author":2946,"featured_media":45449,"template":"","meta":{"advgb_blocks_editor_width":"","advgb_blocks_columns_visual_guide":"","_genesis_hide_title":false,"_genesis_hide_breadcrumbs":false,"_genesis_hide_singular_image":false,"_genesis_hide_footer_widgets":false,"_genesis_custom_body_class":"","_genesis_custom_post_class":"","_genesis_layout":""},"product_brand":[],"product_cat":[141,151,142,144],"product_tag":[],"class_list":{"0":"post-31230","1":"product","2":"type-product","3":"status-publish","4":"has-post-thumbnail","6":"product_cat-housing-management-de","7":"product_cat-energiezahler-ablesen","8":"product_cat-facility-management-de","9":"product_cat-arbeitsagentur","10":"entry","12":"first","13":"instock","14":"taxable","15":"shipping-taxable","16":"product-type-simple"},"yoast_head":"<!-- This site is optimized with the Yoast SEO plugin v27.3 - https:\/\/yoast.com\/product\/yoast-seo-wordpress\/ -->\n<title>Smart Meter Reader - ICY<\/title>\n<meta name=\"description\" content=\"Der Smart Meter Reader ICY4442IN liest den Z\u00e4hlerstand \u00fcber den P1-Anschluss eines Smart Meters.\" \/>\n<meta name=\"robots\" content=\"index, follow, max-snippet:-1, max-image-preview:large, max-video-preview:-1\" \/>\n<link rel=\"canonical\" href=\"https:\/\/www.icy.nl\/de\/produkt\/smart-meter-reader\/\" \/>\n<meta property=\"og:locale\" content=\"de_DE\" \/>\n<meta property=\"og:type\" content=\"article\" \/>\n<meta property=\"og:title\" content=\"Smart Meter Reader - ICY\" \/>\n<meta property=\"og:description\" content=\"Der Smart Meter Reader ICY4442IN liest den Z\u00e4hlerstand \u00fcber den P1-Anschluss eines Smart Meters.\" \/>\n<meta property=\"og:url\" content=\"https:\/\/www.icy.nl\/de\/produkt\/smart-meter-reader\/\" \/>\n<meta property=\"og:site_name\" content=\"ICY\" \/>\n<meta property=\"article:modified_time\" content=\"2025-01-14T11:23:43+00:00\" \/>\n<meta property=\"og:image\" content=\"https:\/\/www.icy.nl\/wp-content\/uploads\/2016\/06\/4442IN-energiemeter-uitlezen-smart-meter-reader-1.jpg\" \/>\n\t<meta property=\"og:image:width\" content=\"800\" \/>\n\t<meta property=\"og:image:height\" content=\"800\" \/>\n\t<meta property=\"og:image:type\" content=\"image\/jpeg\" \/>\n<meta name=\"twitter:card\" content=\"summary_large_image\" \/>\n<script type=\"application\/ld+json\" class=\"yoast-schema-graph\">{\"@context\":\"https:\\\/\\\/schema.org\",\"@graph\":[{\"@type\":\"WebPage\",\"@id\":\"https:\\\/\\\/www.icy.nl\\\/de\\\/produkt\\\/smart-meter-reader\\\/\",\"url\":\"https:\\\/\\\/www.icy.nl\\\/de\\\/produkt\\\/smart-meter-reader\\\/\",\"name\":\"Smart Meter Reader - ICY\",\"isPartOf\":{\"@id\":\"https:\\\/\\\/www.icy.nl\\\/de\\\/#website\"},\"primaryImageOfPage\":{\"@id\":\"https:\\\/\\\/www.icy.nl\\\/de\\\/produkt\\\/smart-meter-reader\\\/#primaryimage\"},\"image\":{\"@id\":\"https:\\\/\\\/www.icy.nl\\\/de\\\/produkt\\\/smart-meter-reader\\\/#primaryimage\"},\"thumbnailUrl\":\"https:\\\/\\\/www.icy.nl\\\/wp-content\\\/uploads\\\/2016\\\/06\\\/4442IN-energiemeter-uitlezen-smart-meter-reader-1.jpg\",\"datePublished\":\"2020-05-24T10:43:14+00:00\",\"dateModified\":\"2025-01-14T11:23:43+00:00\",\"description\":\"Der Smart Meter Reader ICY4442IN liest den Z\u00e4hlerstand \u00fcber den P1-Anschluss eines Smart Meters.\",\"breadcrumb\":{\"@id\":\"https:\\\/\\\/www.icy.nl\\\/de\\\/produkt\\\/smart-meter-reader\\\/#breadcrumb\"},\"inLanguage\":\"de\",\"potentialAction\":[{\"@type\":\"ReadAction\",\"target\":[\"https:\\\/\\\/www.icy.nl\\\/de\\\/produkt\\\/smart-meter-reader\\\/\"]}]},{\"@type\":\"ImageObject\",\"inLanguage\":\"de\",\"@id\":\"https:\\\/\\\/www.icy.nl\\\/de\\\/produkt\\\/smart-meter-reader\\\/#primaryimage\",\"url\":\"https:\\\/\\\/www.icy.nl\\\/wp-content\\\/uploads\\\/2016\\\/06\\\/4442IN-energiemeter-uitlezen-smart-meter-reader-1.jpg\",\"contentUrl\":\"https:\\\/\\\/www.icy.nl\\\/wp-content\\\/uploads\\\/2016\\\/06\\\/4442IN-energiemeter-uitlezen-smart-meter-reader-1.jpg\",\"width\":800,\"height\":800},{\"@type\":\"BreadcrumbList\",\"@id\":\"https:\\\/\\\/www.icy.nl\\\/de\\\/produkt\\\/smart-meter-reader\\\/#breadcrumb\",\"itemListElement\":[{\"@type\":\"ListItem\",\"position\":1,\"name\":\"Home\",\"item\":\"https:\\\/\\\/www.icy.nl\\\/de\\\/\"},{\"@type\":\"ListItem\",\"position\":2,\"name\":\"Produkte\",\"item\":\"https:\\\/\\\/www.icy.nl\\\/de\\\/produkte\\\/\"},{\"@type\":\"ListItem\",\"position\":3,\"name\":\"Housing Management\",\"item\":\"https:\\\/\\\/www.icy.nl\\\/de\\\/product-categorie\\\/housing-management-de\\\/\"},{\"@type\":\"ListItem\",\"position\":4,\"name\":\"Smart Meter Reader\"}]},{\"@type\":\"WebSite\",\"@id\":\"https:\\\/\\\/www.icy.nl\\\/de\\\/#website\",\"url\":\"https:\\\/\\\/www.icy.nl\\\/de\\\/\",\"name\":\"ICY\",\"description\":\"Smartmotica solutions\",\"publisher\":{\"@id\":\"https:\\\/\\\/www.icy.nl\\\/de\\\/#organization\"},\"potentialAction\":[{\"@type\":\"SearchAction\",\"target\":{\"@type\":\"EntryPoint\",\"urlTemplate\":\"https:\\\/\\\/www.icy.nl\\\/de\\\/?s={search_term_string}\"},\"query-input\":{\"@type\":\"PropertyValueSpecification\",\"valueRequired\":true,\"valueName\":\"search_term_string\"}}],\"inLanguage\":\"de\"},{\"@type\":\"Organization\",\"@id\":\"https:\\\/\\\/www.icy.nl\\\/de\\\/#organization\",\"name\":\"I.C.Y. B.V.\",\"url\":\"https:\\\/\\\/www.icy.nl\\\/de\\\/\",\"logo\":{\"@type\":\"ImageObject\",\"inLanguage\":\"de\",\"@id\":\"https:\\\/\\\/www.icy.nl\\\/de\\\/#\\\/schema\\\/logo\\\/image\\\/\",\"url\":\"https:\\\/\\\/www.icy.nl\\\/wp-content\\\/uploads\\\/2016\\\/11\\\/logo-icy.jpg\",\"contentUrl\":\"https:\\\/\\\/www.icy.nl\\\/wp-content\\\/uploads\\\/2016\\\/11\\\/logo-icy.jpg\",\"width\":400,\"height\":101,\"caption\":\"I.C.Y. B.V.\"},\"image\":{\"@id\":\"https:\\\/\\\/www.icy.nl\\\/de\\\/#\\\/schema\\\/logo\\\/image\\\/\"}}]}<\/script>\n<!-- \/ Yoast SEO plugin. -->","yoast_head_json":{"title":"Smart Meter Reader - ICY","description":"Der Smart Meter Reader ICY4442IN liest den Z\u00e4hlerstand \u00fcber den P1-Anschluss eines Smart Meters.","robots":{"index":"index","follow":"follow","max-snippet":"max-snippet:-1","max-image-preview":"max-image-preview:large","max-video-preview":"max-video-preview:-1"},"canonical":"https:\/\/www.icy.nl\/de\/produkt\/smart-meter-reader\/","og_locale":"de_DE","og_type":"article","og_title":"Smart Meter Reader - ICY","og_description":"Der Smart Meter Reader ICY4442IN liest den Z\u00e4hlerstand \u00fcber den P1-Anschluss eines Smart Meters.","og_url":"https:\/\/www.icy.nl\/de\/produkt\/smart-meter-reader\/","og_site_name":"ICY","article_modified_time":"2025-01-14T11:23:43+00:00","og_image":[{"width":800,"height":800,"url":"https:\/\/www.icy.nl\/wp-content\/uploads\/2016\/06\/4442IN-energiemeter-uitlezen-smart-meter-reader-1.jpg","type":"image\/jpeg"}],"twitter_card":"summary_large_image","schema":{"@context":"https:\/\/schema.org","@graph":[{"@type":"WebPage","@id":"https:\/\/www.icy.nl\/de\/produkt\/smart-meter-reader\/","url":"https:\/\/www.icy.nl\/de\/produkt\/smart-meter-reader\/","name":"Smart Meter Reader - ICY","isPartOf":{"@id":"https:\/\/www.icy.nl\/de\/#website"},"primaryImageOfPage":{"@id":"https:\/\/www.icy.nl\/de\/produkt\/smart-meter-reader\/#primaryimage"},"image":{"@id":"https:\/\/www.icy.nl\/de\/produkt\/smart-meter-reader\/#primaryimage"},"thumbnailUrl":"https:\/\/www.icy.nl\/wp-content\/uploads\/2016\/06\/4442IN-energiemeter-uitlezen-smart-meter-reader-1.jpg","datePublished":"2020-05-24T10:43:14+00:00","dateModified":"2025-01-14T11:23:43+00:00","description":"Der Smart Meter Reader ICY4442IN liest den Z\u00e4hlerstand \u00fcber den P1-Anschluss eines Smart Meters.","breadcrumb":{"@id":"https:\/\/www.icy.nl\/de\/produkt\/smart-meter-reader\/#breadcrumb"},"inLanguage":"de","potentialAction":[{"@type":"ReadAction","target":["https:\/\/www.icy.nl\/de\/produkt\/smart-meter-reader\/"]}]},{"@type":"ImageObject","inLanguage":"de","@id":"https:\/\/www.icy.nl\/de\/produkt\/smart-meter-reader\/#primaryimage","url":"https:\/\/www.icy.nl\/wp-content\/uploads\/2016\/06\/4442IN-energiemeter-uitlezen-smart-meter-reader-1.jpg","contentUrl":"https:\/\/www.icy.nl\/wp-content\/uploads\/2016\/06\/4442IN-energiemeter-uitlezen-smart-meter-reader-1.jpg","width":800,"height":800},{"@type":"BreadcrumbList","@id":"https:\/\/www.icy.nl\/de\/produkt\/smart-meter-reader\/#breadcrumb","itemListElement":[{"@type":"ListItem","position":1,"name":"Home","item":"https:\/\/www.icy.nl\/de\/"},{"@type":"ListItem","position":2,"name":"Produkte","item":"https:\/\/www.icy.nl\/de\/produkte\/"},{"@type":"ListItem","position":3,"name":"Housing Management","item":"https:\/\/www.icy.nl\/de\/product-categorie\/housing-management-de\/"},{"@type":"ListItem","position":4,"name":"Smart Meter Reader"}]},{"@type":"WebSite","@id":"https:\/\/www.icy.nl\/de\/#website","url":"https:\/\/www.icy.nl\/de\/","name":"ICY","description":"Smartmotica solutions","publisher":{"@id":"https:\/\/www.icy.nl\/de\/#organization"},"potentialAction":[{"@type":"SearchAction","target":{"@type":"EntryPoint","urlTemplate":"https:\/\/www.icy.nl\/de\/?s={search_term_string}"},"query-input":{"@type":"PropertyValueSpecification","valueRequired":true,"valueName":"search_term_string"}}],"inLanguage":"de"},{"@type":"Organization","@id":"https:\/\/www.icy.nl\/de\/#organization","name":"I.C.Y. B.V.","url":"https:\/\/www.icy.nl\/de\/","logo":{"@type":"ImageObject","inLanguage":"de","@id":"https:\/\/www.icy.nl\/de\/#\/schema\/logo\/image\/","url":"https:\/\/www.icy.nl\/wp-content\/uploads\/2016\/11\/logo-icy.jpg","contentUrl":"https:\/\/www.icy.nl\/wp-content\/uploads\/2016\/11\/logo-icy.jpg","width":400,"height":101,"caption":"I.C.Y. B.V."},"image":{"@id":"https:\/\/www.icy.nl\/de\/#\/schema\/logo\/image\/"}}]}},"featured_img":"https:\/\/www.icy.nl\/wp-content\/uploads\/2016\/06\/4442IN-energiemeter-uitlezen-smart-meter-reader-1.jpg","coauthors":[],"author_meta":{"author_link":"https:\/\/www.icy.nl\/de\/author\/daniel\/","display_name":"Daniel van de Kamp"},"relative_dates":{"created":"Posted 10\u00a0Jahren ago","modified":"Updated 1\u00a0Jahr ago"},"absolute_dates":{"created":"Posted on 14. Juni 2016","modified":"Updated on 14. Januar 2025"},"absolute_dates_time":{"created":"Posted on 14. Juni 2016 8:17","modified":"Updated on 14. Januar 2025 12:23"},"featured_img_caption":"","tax_additional":{"product_brand":{"linked":[],"unlinked":[],"slug":"product_brand","name":"Marken"},"product_type":{"linked":["<a href=\"https:\/\/www.icy.nl\/de\/?taxonomy=product_type&#038;term=simple\" class=\"advgb-post-tax-term\">simple<\/a>"],"unlinked":["<span class=\"advgb-post-tax-term\">simple<\/span>"],"slug":"product_type","name":"Produkttyp"},"product_visibility":{"linked":[],"unlinked":[],"slug":"product_visibility","name":"Sichtbarkeit des Produkts"},"product_cat":{"linked":["<a href=\"https:\/\/www.icy.nl\/de\/product-categorie\/housing-management-de\/\" class=\"advgb-post-tax-term\">Housing Management<\/a>","<a href=\"https:\/\/www.icy.nl\/de\/product-categorie\/energiezahler-ablesen\/\" class=\"advgb-post-tax-term\">Energiez\u00e4hler ablesen<\/a>","<a href=\"https:\/\/www.icy.nl\/de\/product-categorie\/facility-management-de\/\" class=\"advgb-post-tax-term\">Facility Management<\/a>","<a href=\"https:\/\/www.icy.nl\/de\/product-categorie\/arbeitsagentur\/\" class=\"advgb-post-tax-term\">Arbeitsagentur<\/a>"],"unlinked":["<span class=\"advgb-post-tax-term\">Housing Management<\/span>","<span class=\"advgb-post-tax-term\">Energiez\u00e4hler ablesen<\/span>","<span class=\"advgb-post-tax-term\">Facility Management<\/span>","<span class=\"advgb-post-tax-term\">Arbeitsagentur<\/span>"],"slug":"product_cat","name":"Produkt-Kategorien"},"product_tag":{"linked":[],"unlinked":[],"slug":"product_tag","name":"Produkt Schlagw\u00f6rter"},"product_shipping_class":{"linked":[],"unlinked":[],"slug":"product_shipping_class","name":"Produkt Versandklasse"},"pos_product_visibility":{"linked":[],"unlinked":[],"slug":"pos_product_visibility","name":"POS-Produkt-Sichtbarkeit."},"translation_priority":{"linked":["<a href=\"https:\/\/www.icy.nl\/de\/?taxonomy=translation_priority&#038;term=hohe-prioritat\" class=\"advgb-post-tax-term\">hohe Priorit\u00e4t<\/a>"],"unlinked":["<span class=\"advgb-post-tax-term\">hohe Priorit\u00e4t<\/span>"],"slug":"translation_priority","name":"\u00dcbersetzungspriorit\u00e4ten"}},"series_order":"","_links":{"self":[{"href":"https:\/\/www.icy.nl\/de\/wp-json\/wp\/v2\/product\/31230","targetHints":{"allow":["GET"]}}],"collection":[{"href":"https:\/\/www.icy.nl\/de\/wp-json\/wp\/v2\/product"}],"about":[{"href":"https:\/\/www.icy.nl\/de\/wp-json\/wp\/v2\/types\/product"}],"wp:featuredmedia":[{"embeddable":true,"href":"https:\/\/www.icy.nl\/de\/wp-json\/wp\/v2\/media\/45449"}],"wp:attachment":[{"href":"https:\/\/www.icy.nl\/de\/wp-json\/wp\/v2\/media?parent=31230"}],"wp:term":[{"taxonomy":"product_brand","embeddable":true,"href":"https:\/\/www.icy.nl\/de\/wp-json\/wp\/v2\/product_brand?post=31230"},{"taxonomy":"product_cat","embeddable":true,"href":"https:\/\/www.icy.nl\/de\/wp-json\/wp\/v2\/product_cat?post=31230"},{"taxonomy":"product_tag","embeddable":true,"href":"https:\/\/www.icy.nl\/de\/wp-json\/wp\/v2\/product_tag?post=31230"}],"curies":[{"name":"wp","href":"https:\/\/api.w.org\/{rel}","templated":true}]}}