{"id":31232,"date":"2016-06-13T14:54:53","date_gmt":"2020-05-24T10:49:30","guid":{"rendered":"https:\/\/www.icy.nl\/product\/intruder-alert\/"},"modified":"2025-01-14T12:25:49","modified_gmt":"2025-01-14T11:25:49","slug":"intruder-alert","status":"publish","type":"product","link":"https:\/\/www.icy.nl\/de\/produkt\/intruder-alert\/","title":{"rendered":"Intruder Alert"},"content":{"rendered":"<p>Das Ger\u00e4t ist mit einem passiven Infrarot-Bewegungssensor ausgestattet, der jeden unerw\u00fcnschten Eintritt in ein Haus erkennen kann. Der Einbruchalarm kann basierend auf Buchungen f\u00fcr Ihr Objekt im ICY Control Center aktiviert und deaktiviert werden.<br \/>\nDer Einbruchalarm ist mit einem lauten akustischen Alarm und einem hellen Lichtsignal ausgestattet. Sie k\u00f6nnen einstellen, ob Sie diesen verwenden m\u00f6chten oder nicht.<\/p>\n","protected":false},"excerpt":{"rendered":"<p>Der Intruder Alert ist ein Alarmsystem, das mit dem ICY Control Center verbunden ist.<br \/>\nBei einem Alarm wird drahtlos ein Signal an das ICY Control Center \u00fcbermittelt und die Meldung kann z.B. auch auf das Mobiltelefon des der Vorgesetzte\/Mitarbeiter, der in Ihren Unterk\u00fcnften oder Geb\u00e4uden Dienst hat.<\/p>\n<p>Der Intruder Alert ist zus\u00e4tzlich mit einem Frostmelder ausgestattet.<\/p>\n<p>&nbsp;<\/p>\n","protected":false},"author":2946,"featured_media":38174,"template":"","meta":{"advgb_blocks_editor_width":"","advgb_blocks_columns_visual_guide":"","_genesis_hide_title":false,"_genesis_hide_breadcrumbs":false,"_genesis_hide_singular_image":false,"_genesis_hide_footer_widgets":false,"_genesis_custom_body_class":"","_genesis_custom_post_class":"","_genesis_layout":""},"product_brand":[],"product_cat":[139,143,142],"product_tag":[152,153,154],"class_list":{"0":"post-31232","1":"product","2":"type-product","3":"status-publish","4":"has-post-thumbnail","6":"product_cat-accommodation-management-de","7":"product_cat-campsite-management-de","8":"product_cat-facility-management-de","9":"product_tag-alarm-de","10":"product_tag-melder-de","11":"product_tag-einbruch","12":"entry","14":"first","15":"instock","16":"taxable","17":"shipping-taxable","18":"product-type-simple"},"yoast_head":"<!-- This site is optimized with the Yoast SEO plugin v27.3 - https:\/\/yoast.com\/product\/yoast-seo-wordpress\/ -->\n<title>Intruder Alert - ICY<\/title>\n<meta name=\"robots\" content=\"index, follow, max-snippet:-1, max-image-preview:large, max-video-preview:-1\" \/>\n<link rel=\"canonical\" href=\"https:\/\/www.icy.nl\/de\/produkt\/intruder-alert\/\" \/>\n<meta property=\"og:locale\" content=\"de_DE\" \/>\n<meta property=\"og:type\" content=\"article\" \/>\n<meta property=\"og:title\" content=\"Intruder Alert - ICY\" \/>\n<meta property=\"og:description\" content=\"Der Intruder Alert ist ein Alarmsystem, das mit dem ICY Control Center verbunden ist. Bei einem Alarm wird drahtlos ein Signal an das ICY Control Center \u00fcbermittelt und die Meldung kann z.B. auch auf das Mobiltelefon des der Vorgesetzte\/Mitarbeiter, der in Ihren Unterk\u00fcnften oder Geb\u00e4uden Dienst hat. Der Intruder Alert ist zus\u00e4tzlich mit einem Frostmelder ausgestattet. &nbsp;\" \/>\n<meta property=\"og:url\" content=\"https:\/\/www.icy.nl\/de\/produkt\/intruder-alert\/\" \/>\n<meta property=\"og:site_name\" content=\"ICY\" \/>\n<meta property=\"article:modified_time\" content=\"2025-01-14T11:25:49+00:00\" \/>\n<meta property=\"og:image\" content=\"https:\/\/www.icy.nl\/wp-content\/uploads\/2016\/06\/4242IA-Intruder-alert-2021.jpg\" \/>\n\t<meta property=\"og:image:width\" content=\"800\" \/>\n\t<meta property=\"og:image:height\" content=\"800\" \/>\n\t<meta property=\"og:image:type\" content=\"image\/jpeg\" \/>\n<meta name=\"twitter:card\" content=\"summary_large_image\" \/>\n<script type=\"application\/ld+json\" class=\"yoast-schema-graph\">{\"@context\":\"https:\\\/\\\/schema.org\",\"@graph\":[{\"@type\":\"WebPage\",\"@id\":\"https:\\\/\\\/www.icy.nl\\\/de\\\/produkt\\\/intruder-alert\\\/\",\"url\":\"https:\\\/\\\/www.icy.nl\\\/de\\\/produkt\\\/intruder-alert\\\/\",\"name\":\"Intruder Alert - ICY\",\"isPartOf\":{\"@id\":\"https:\\\/\\\/www.icy.nl\\\/de\\\/#website\"},\"primaryImageOfPage\":{\"@id\":\"https:\\\/\\\/www.icy.nl\\\/de\\\/produkt\\\/intruder-alert\\\/#primaryimage\"},\"image\":{\"@id\":\"https:\\\/\\\/www.icy.nl\\\/de\\\/produkt\\\/intruder-alert\\\/#primaryimage\"},\"thumbnailUrl\":\"https:\\\/\\\/www.icy.nl\\\/wp-content\\\/uploads\\\/2016\\\/06\\\/4242IA-Intruder-alert-2021.jpg\",\"datePublished\":\"2020-05-24T10:49:30+00:00\",\"dateModified\":\"2025-01-14T11:25:49+00:00\",\"breadcrumb\":{\"@id\":\"https:\\\/\\\/www.icy.nl\\\/de\\\/produkt\\\/intruder-alert\\\/#breadcrumb\"},\"inLanguage\":\"de\",\"potentialAction\":[{\"@type\":\"ReadAction\",\"target\":[\"https:\\\/\\\/www.icy.nl\\\/de\\\/produkt\\\/intruder-alert\\\/\"]}]},{\"@type\":\"ImageObject\",\"inLanguage\":\"de\",\"@id\":\"https:\\\/\\\/www.icy.nl\\\/de\\\/produkt\\\/intruder-alert\\\/#primaryimage\",\"url\":\"https:\\\/\\\/www.icy.nl\\\/wp-content\\\/uploads\\\/2016\\\/06\\\/4242IA-Intruder-alert-2021.jpg\",\"contentUrl\":\"https:\\\/\\\/www.icy.nl\\\/wp-content\\\/uploads\\\/2016\\\/06\\\/4242IA-Intruder-alert-2021.jpg\",\"width\":800,\"height\":800},{\"@type\":\"BreadcrumbList\",\"@id\":\"https:\\\/\\\/www.icy.nl\\\/de\\\/produkt\\\/intruder-alert\\\/#breadcrumb\",\"itemListElement\":[{\"@type\":\"ListItem\",\"position\":1,\"name\":\"Home\",\"item\":\"https:\\\/\\\/www.icy.nl\\\/de\\\/\"},{\"@type\":\"ListItem\",\"position\":2,\"name\":\"Produkte\",\"item\":\"https:\\\/\\\/www.icy.nl\\\/de\\\/produkte\\\/\"},{\"@type\":\"ListItem\",\"position\":3,\"name\":\"Accommodation Management\",\"item\":\"https:\\\/\\\/www.icy.nl\\\/de\\\/product-categorie\\\/accommodation-management-de\\\/\"},{\"@type\":\"ListItem\",\"position\":4,\"name\":\"Intruder Alert\"}]},{\"@type\":\"WebSite\",\"@id\":\"https:\\\/\\\/www.icy.nl\\\/de\\\/#website\",\"url\":\"https:\\\/\\\/www.icy.nl\\\/de\\\/\",\"name\":\"ICY\",\"description\":\"Smartmotica solutions\",\"publisher\":{\"@id\":\"https:\\\/\\\/www.icy.nl\\\/de\\\/#organization\"},\"potentialAction\":[{\"@type\":\"SearchAction\",\"target\":{\"@type\":\"EntryPoint\",\"urlTemplate\":\"https:\\\/\\\/www.icy.nl\\\/de\\\/?s={search_term_string}\"},\"query-input\":{\"@type\":\"PropertyValueSpecification\",\"valueRequired\":true,\"valueName\":\"search_term_string\"}}],\"inLanguage\":\"de\"},{\"@type\":\"Organization\",\"@id\":\"https:\\\/\\\/www.icy.nl\\\/de\\\/#organization\",\"name\":\"I.C.Y. B.V.\",\"url\":\"https:\\\/\\\/www.icy.nl\\\/de\\\/\",\"logo\":{\"@type\":\"ImageObject\",\"inLanguage\":\"de\",\"@id\":\"https:\\\/\\\/www.icy.nl\\\/de\\\/#\\\/schema\\\/logo\\\/image\\\/\",\"url\":\"https:\\\/\\\/www.icy.nl\\\/wp-content\\\/uploads\\\/2016\\\/11\\\/logo-icy.jpg\",\"contentUrl\":\"https:\\\/\\\/www.icy.nl\\\/wp-content\\\/uploads\\\/2016\\\/11\\\/logo-icy.jpg\",\"width\":400,\"height\":101,\"caption\":\"I.C.Y. B.V.\"},\"image\":{\"@id\":\"https:\\\/\\\/www.icy.nl\\\/de\\\/#\\\/schema\\\/logo\\\/image\\\/\"}}]}<\/script>\n<!-- \/ Yoast SEO plugin. -->","yoast_head_json":{"title":"Intruder Alert - ICY","robots":{"index":"index","follow":"follow","max-snippet":"max-snippet:-1","max-image-preview":"max-image-preview:large","max-video-preview":"max-video-preview:-1"},"canonical":"https:\/\/www.icy.nl\/de\/produkt\/intruder-alert\/","og_locale":"de_DE","og_type":"article","og_title":"Intruder Alert - ICY","og_description":"Der Intruder Alert ist ein Alarmsystem, das mit dem ICY Control Center verbunden ist. Bei einem Alarm wird drahtlos ein Signal an das ICY Control Center \u00fcbermittelt und die Meldung kann z.B. auch auf das Mobiltelefon des der Vorgesetzte\/Mitarbeiter, der in Ihren Unterk\u00fcnften oder Geb\u00e4uden Dienst hat. Der Intruder Alert ist zus\u00e4tzlich mit einem Frostmelder ausgestattet. &nbsp;","og_url":"https:\/\/www.icy.nl\/de\/produkt\/intruder-alert\/","og_site_name":"ICY","article_modified_time":"2025-01-14T11:25:49+00:00","og_image":[{"width":800,"height":800,"url":"https:\/\/www.icy.nl\/wp-content\/uploads\/2016\/06\/4242IA-Intruder-alert-2021.jpg","type":"image\/jpeg"}],"twitter_card":"summary_large_image","schema":{"@context":"https:\/\/schema.org","@graph":[{"@type":"WebPage","@id":"https:\/\/www.icy.nl\/de\/produkt\/intruder-alert\/","url":"https:\/\/www.icy.nl\/de\/produkt\/intruder-alert\/","name":"Intruder Alert - ICY","isPartOf":{"@id":"https:\/\/www.icy.nl\/de\/#website"},"primaryImageOfPage":{"@id":"https:\/\/www.icy.nl\/de\/produkt\/intruder-alert\/#primaryimage"},"image":{"@id":"https:\/\/www.icy.nl\/de\/produkt\/intruder-alert\/#primaryimage"},"thumbnailUrl":"https:\/\/www.icy.nl\/wp-content\/uploads\/2016\/06\/4242IA-Intruder-alert-2021.jpg","datePublished":"2020-05-24T10:49:30+00:00","dateModified":"2025-01-14T11:25:49+00:00","breadcrumb":{"@id":"https:\/\/www.icy.nl\/de\/produkt\/intruder-alert\/#breadcrumb"},"inLanguage":"de","potentialAction":[{"@type":"ReadAction","target":["https:\/\/www.icy.nl\/de\/produkt\/intruder-alert\/"]}]},{"@type":"ImageObject","inLanguage":"de","@id":"https:\/\/www.icy.nl\/de\/produkt\/intruder-alert\/#primaryimage","url":"https:\/\/www.icy.nl\/wp-content\/uploads\/2016\/06\/4242IA-Intruder-alert-2021.jpg","contentUrl":"https:\/\/www.icy.nl\/wp-content\/uploads\/2016\/06\/4242IA-Intruder-alert-2021.jpg","width":800,"height":800},{"@type":"BreadcrumbList","@id":"https:\/\/www.icy.nl\/de\/produkt\/intruder-alert\/#breadcrumb","itemListElement":[{"@type":"ListItem","position":1,"name":"Home","item":"https:\/\/www.icy.nl\/de\/"},{"@type":"ListItem","position":2,"name":"Produkte","item":"https:\/\/www.icy.nl\/de\/produkte\/"},{"@type":"ListItem","position":3,"name":"Accommodation Management","item":"https:\/\/www.icy.nl\/de\/product-categorie\/accommodation-management-de\/"},{"@type":"ListItem","position":4,"name":"Intruder Alert"}]},{"@type":"WebSite","@id":"https:\/\/www.icy.nl\/de\/#website","url":"https:\/\/www.icy.nl\/de\/","name":"ICY","description":"Smartmotica solutions","publisher":{"@id":"https:\/\/www.icy.nl\/de\/#organization"},"potentialAction":[{"@type":"SearchAction","target":{"@type":"EntryPoint","urlTemplate":"https:\/\/www.icy.nl\/de\/?s={search_term_string}"},"query-input":{"@type":"PropertyValueSpecification","valueRequired":true,"valueName":"search_term_string"}}],"inLanguage":"de"},{"@type":"Organization","@id":"https:\/\/www.icy.nl\/de\/#organization","name":"I.C.Y. B.V.","url":"https:\/\/www.icy.nl\/de\/","logo":{"@type":"ImageObject","inLanguage":"de","@id":"https:\/\/www.icy.nl\/de\/#\/schema\/logo\/image\/","url":"https:\/\/www.icy.nl\/wp-content\/uploads\/2016\/11\/logo-icy.jpg","contentUrl":"https:\/\/www.icy.nl\/wp-content\/uploads\/2016\/11\/logo-icy.jpg","width":400,"height":101,"caption":"I.C.Y. B.V."},"image":{"@id":"https:\/\/www.icy.nl\/de\/#\/schema\/logo\/image\/"}}]}},"featured_img":"https:\/\/www.icy.nl\/wp-content\/uploads\/2016\/06\/4242IA-Intruder-alert-2021.jpg","coauthors":[],"author_meta":{"author_link":"https:\/\/www.icy.nl\/de\/author\/daniel\/","display_name":"Daniel van de Kamp"},"relative_dates":{"created":"Posted 10\u00a0Jahren ago","modified":"Updated 1\u00a0Jahr ago"},"absolute_dates":{"created":"Posted on 13. Juni 2016","modified":"Updated on 14. Januar 2025"},"absolute_dates_time":{"created":"Posted on 13. Juni 2016 14:54","modified":"Updated on 14. Januar 2025 12:25"},"featured_img_caption":"","tax_additional":{"product_brand":{"linked":[],"unlinked":[],"slug":"product_brand","name":"Marken"},"product_type":{"linked":["<a href=\"https:\/\/www.icy.nl\/de\/?taxonomy=product_type&#038;term=simple\" class=\"advgb-post-tax-term\">simple<\/a>"],"unlinked":["<span class=\"advgb-post-tax-term\">simple<\/span>"],"slug":"product_type","name":"Produkttyp"},"product_visibility":{"linked":[],"unlinked":[],"slug":"product_visibility","name":"Sichtbarkeit des Produkts"},"product_cat":{"linked":["<a href=\"https:\/\/www.icy.nl\/de\/product-categorie\/accommodation-management-de\/\" class=\"advgb-post-tax-term\">Accommodation Management<\/a>","<a href=\"https:\/\/www.icy.nl\/de\/product-categorie\/campsite-management-de\/\" class=\"advgb-post-tax-term\">Campsite Management<\/a>","<a href=\"https:\/\/www.icy.nl\/de\/product-categorie\/facility-management-de\/\" class=\"advgb-post-tax-term\">Facility Management<\/a>"],"unlinked":["<span class=\"advgb-post-tax-term\">Accommodation Management<\/span>","<span class=\"advgb-post-tax-term\">Campsite Management<\/span>","<span class=\"advgb-post-tax-term\">Facility Management<\/span>"],"slug":"product_cat","name":"Produkt-Kategorien"},"product_tag":{"linked":["<a href=\"https:\/\/www.icy.nl\/de\/produkt-schlagwort\/alarm-de\/\" class=\"advgb-post-tax-term\">alarm<\/a>","<a href=\"https:\/\/www.icy.nl\/de\/produkt-schlagwort\/melder-de\/\" class=\"advgb-post-tax-term\">melder<\/a>","<a href=\"https:\/\/www.icy.nl\/de\/produkt-schlagwort\/einbruch\/\" class=\"advgb-post-tax-term\">Einbruch<\/a>"],"unlinked":["<span class=\"advgb-post-tax-term\">alarm<\/span>","<span class=\"advgb-post-tax-term\">melder<\/span>","<span class=\"advgb-post-tax-term\">Einbruch<\/span>"],"slug":"product_tag","name":"Produkt Schlagw\u00f6rter"},"product_shipping_class":{"linked":[],"unlinked":[],"slug":"product_shipping_class","name":"Produkt Versandklasse"},"pos_product_visibility":{"linked":[],"unlinked":[],"slug":"pos_product_visibility","name":"POS-Produkt-Sichtbarkeit."},"translation_priority":{"linked":["<a href=\"https:\/\/www.icy.nl\/de\/?taxonomy=translation_priority&#038;term=hohe-prioritat\" class=\"advgb-post-tax-term\">hohe Priorit\u00e4t<\/a>"],"unlinked":["<span class=\"advgb-post-tax-term\">hohe Priorit\u00e4t<\/span>"],"slug":"translation_priority","name":"\u00dcbersetzungspriorit\u00e4ten"}},"series_order":"","_links":{"self":[{"href":"https:\/\/www.icy.nl\/de\/wp-json\/wp\/v2\/product\/31232","targetHints":{"allow":["GET"]}}],"collection":[{"href":"https:\/\/www.icy.nl\/de\/wp-json\/wp\/v2\/product"}],"about":[{"href":"https:\/\/www.icy.nl\/de\/wp-json\/wp\/v2\/types\/product"}],"wp:featuredmedia":[{"embeddable":true,"href":"https:\/\/www.icy.nl\/de\/wp-json\/wp\/v2\/media\/38174"}],"wp:attachment":[{"href":"https:\/\/www.icy.nl\/de\/wp-json\/wp\/v2\/media?parent=31232"}],"wp:term":[{"taxonomy":"product_brand","embeddable":true,"href":"https:\/\/www.icy.nl\/de\/wp-json\/wp\/v2\/product_brand?post=31232"},{"taxonomy":"product_cat","embeddable":true,"href":"https:\/\/www.icy.nl\/de\/wp-json\/wp\/v2\/product_cat?post=31232"},{"taxonomy":"product_tag","embeddable":true,"href":"https:\/\/www.icy.nl\/de\/wp-json\/wp\/v2\/product_tag?post=31232"}],"curies":[{"name":"wp","href":"https:\/\/api.w.org\/{rel}","templated":true}]}}