{"id":31236,"date":"2016-06-13T14:19:28","date_gmt":"2020-05-24T11:05:36","guid":{"rendered":"https:\/\/www.icy.nl\/product\/drahtlos-verknuepfbarer-rauchmelder\/"},"modified":"2025-01-14T12:32:39","modified_gmt":"2025-01-14T11:32:39","slug":"drahtlos-verknupfbarer-rauchmelder","status":"publish","type":"product","link":"https:\/\/www.icy.nl\/de\/produkt\/drahtlos-verknupfbarer-rauchmelder\/","title":{"rendered":"Drahtlos verkn\u00fcpfbarer Rauchmelder"},"content":{"rendered":"<p>Dieser verkn\u00fcpfbare Rauchmelder ist ideal f\u00fcr Geb\u00e4ude, in denen es wichtig ist, dass alle Melder Alarm schlagen, wenn irgendwo Rauch festgestellt wird, z. B. in Gruppenunterk\u00fcnften, Ferienh\u00e4usern oder B\u00fcrogeb\u00e4uden.<\/p>\n<p>Der Rauchmelder kann an 230V angeschlossen werden. Die gegenseitige Verbindung der Rauchmelder erfolgt drahtlos, Sie m\u00fcssen hierf\u00fcr also keine Kabel ziehen.<br \/>\nWenn einer der verbundenen Rauchmelder losgeht, werden alle verbundenen Melder innerhalb von 3 Sekunden ausgel\u00f6st. Auf diese Weise wird jeder im Geb\u00e4ude sofort vor Feuer oder Rauch gewarnt.<\/p>\n<h1>Optischer Rauchmelder ICY4528SD: Stromanschluss<\/h1>\n<ul>\n<li>Drahtloser Rauchmelder mit FireX KF20R Detektor<\/li>\n<li>Automatische Anpassung der Messung bei Alterung und Verschmutzung<\/li>\n<li>Geeignet f\u00fcr 230V<\/li>\n<li>Lebensdauer: 10 Jahre<\/li>\n<li>Integrierter wiederaufladbarer Lithium-Backup-Akku mit langer Lebensdauer (nicht austauschbar)<\/li>\n<li>Einfache drahtlose Gruppierung mehrerer Melder zu einer Alarmgruppe (max. 32 Einheiten) m\u00f6glich<\/li>\n<\/ul>\n<h1>Optischer Rauchmelder ICY4528SDB: Batterie oder Stromanschluss<\/h1>\n<ul>\n<li>Drahtloser Rauchmelder mit FireX KF20 Detektor<\/li>\n<li>Automatische Anpassung der Messung bei Alterung und Verschmutzung<\/li>\n<li>Geeignet f\u00fcr die Nutzung mit und ohne Stromversorgung<\/li>\n<li>Lebensdauer: 7 &#8211; 10 Jahre<\/li>\n<li>Integrierter Lithium Batterien mit langer Lebensdauer (nicht austauschbar)<\/li>\n<li>Einfache drahtlose Gruppierung mehrerer Melder zu einer Alarmgruppe (max. 32 St\u00fcck)<\/li>\n<\/ul>\n<p>Diese Rauchmelder k\u00f6nnen an <a href=\"https:\/\/www.icy.nl\/accommodation-management-draadloos-beheer-vakantieparken\/\">ICY Accommodation Management<\/a>oder <a href=\"https:\/\/www.icy.nl\/facility-management-draadloos-gebouwbeheer\/\">ICY Facility Management<\/a>angeschlossen werden, sodass Rauchmeldungen an einen zentralen Ort weitergeleitet werden.<\/p>\n<p>Geeignet auch zur Meldung von Feuer oder Rauch in Sanit\u00e4rgeb\u00e4uden auf Campingpl\u00e4tzen in Kombination mit dem <a href=\"https:\/\/www.icy.nl\/draadloos-stroombeheer-campings\/\">ICY Campsite Management<\/a><\/p>\n","protected":false},"excerpt":{"rendered":"<p>Ein Rauchmelder, der in Unterk\u00fcnften, B\u00fcrogeb\u00e4uden, Studentenh\u00e4user usw. verwendet werden kann. Dieser Rauchmelder ist drahtlos im ICY Control Center zu verwenden und ist daher Teil des ICY Accommodation Management oder des ICY Facility Management. Mehrere Rauchmelder lassen sich einfach drahtlos zu einer Alarmgruppe (max. 32 St\u00fcck) mit einander verkn\u00fcpfen.<\/p>\n","protected":false},"author":2946,"featured_media":31237,"template":"","meta":{"advgb_blocks_editor_width":"","advgb_blocks_columns_visual_guide":"","_genesis_hide_title":false,"_genesis_hide_breadcrumbs":false,"_genesis_hide_singular_image":false,"_genesis_hide_footer_widgets":false,"_genesis_custom_body_class":"","_genesis_custom_post_class":"","_genesis_layout":""},"product_brand":[],"product_cat":[139,143,146,142,144],"product_tag":[],"class_list":{"0":"post-31236","1":"product","2":"type-product","3":"status-publish","4":"has-post-thumbnail","6":"product_cat-accommodation-management-de","7":"product_cat-campsite-management-de","8":"product_cat-rauch-und-hitzemelder","9":"product_cat-facility-management-de","10":"product_cat-arbeitsagentur","11":"entry","13":"first","14":"instock","15":"taxable","16":"shipping-taxable","17":"product-type-simple"},"yoast_head":"<!-- This site is optimized with the Yoast SEO plugin v27.3 - https:\/\/yoast.com\/product\/yoast-seo-wordpress\/ -->\n<title>Drahtlos verkn\u00fcpfbarer Rauchmelder - ICY<\/title>\n<meta name=\"description\" content=\"Vernetzbarer Rauchmelder, der in (Gruppen-)Unterk\u00fcnften und B\u00fcrogeb\u00e4uden eingesetzt werden kann. Meldet den Alarm drahtlos an andere angeschlossene Melder weiter.{:}\" \/>\n<meta name=\"robots\" content=\"index, follow, max-snippet:-1, max-image-preview:large, max-video-preview:-1\" \/>\n<link rel=\"canonical\" href=\"https:\/\/www.icy.nl\/de\/produkt\/drahtlos-verknupfbarer-rauchmelder\/\" \/>\n<meta property=\"og:locale\" content=\"de_DE\" \/>\n<meta property=\"og:type\" content=\"article\" \/>\n<meta property=\"og:title\" content=\"Drahtlos verkn\u00fcpfbarer Rauchmelder - ICY\" \/>\n<meta property=\"og:description\" content=\"Vernetzbarer Rauchmelder, der in (Gruppen-)Unterk\u00fcnften und B\u00fcrogeb\u00e4uden eingesetzt werden kann. Meldet den Alarm drahtlos an andere angeschlossene Melder weiter.{:}\" \/>\n<meta property=\"og:url\" content=\"https:\/\/www.icy.nl\/de\/produkt\/drahtlos-verknupfbarer-rauchmelder\/\" \/>\n<meta property=\"og:site_name\" content=\"ICY\" \/>\n<meta property=\"article:modified_time\" content=\"2025-01-14T11:32:39+00:00\" \/>\n<meta property=\"og:image\" content=\"https:\/\/www.icy.nl\/wp-content\/uploads\/2016\/06\/4528SD-smoke-detector.jpg\" \/>\n\t<meta property=\"og:image:width\" content=\"800\" \/>\n\t<meta property=\"og:image:height\" content=\"756\" \/>\n\t<meta property=\"og:image:type\" content=\"image\/jpeg\" \/>\n<meta name=\"twitter:card\" content=\"summary_large_image\" \/>\n<meta name=\"twitter:label1\" content=\"Gesch\u00e4tzte Lesezeit\" \/>\n\t<meta name=\"twitter:data1\" content=\"1\u00a0Minute\" \/>\n<script type=\"application\/ld+json\" class=\"yoast-schema-graph\">{\"@context\":\"https:\\\/\\\/schema.org\",\"@graph\":[{\"@type\":\"WebPage\",\"@id\":\"https:\\\/\\\/www.icy.nl\\\/de\\\/produkt\\\/drahtlos-verknupfbarer-rauchmelder\\\/\",\"url\":\"https:\\\/\\\/www.icy.nl\\\/de\\\/produkt\\\/drahtlos-verknupfbarer-rauchmelder\\\/\",\"name\":\"Drahtlos verkn\u00fcpfbarer Rauchmelder - ICY\",\"isPartOf\":{\"@id\":\"https:\\\/\\\/www.icy.nl\\\/de\\\/#website\"},\"primaryImageOfPage\":{\"@id\":\"https:\\\/\\\/www.icy.nl\\\/de\\\/produkt\\\/drahtlos-verknupfbarer-rauchmelder\\\/#primaryimage\"},\"image\":{\"@id\":\"https:\\\/\\\/www.icy.nl\\\/de\\\/produkt\\\/drahtlos-verknupfbarer-rauchmelder\\\/#primaryimage\"},\"thumbnailUrl\":\"https:\\\/\\\/www.icy.nl\\\/wp-content\\\/uploads\\\/2016\\\/06\\\/4528SD-smoke-detector.jpg\",\"datePublished\":\"2020-05-24T11:05:36+00:00\",\"dateModified\":\"2025-01-14T11:32:39+00:00\",\"description\":\"Vernetzbarer Rauchmelder, der in (Gruppen-)Unterk\u00fcnften und B\u00fcrogeb\u00e4uden eingesetzt werden kann. Meldet den Alarm drahtlos an andere angeschlossene Melder weiter.{:}\",\"breadcrumb\":{\"@id\":\"https:\\\/\\\/www.icy.nl\\\/de\\\/produkt\\\/drahtlos-verknupfbarer-rauchmelder\\\/#breadcrumb\"},\"inLanguage\":\"de\",\"potentialAction\":[{\"@type\":\"ReadAction\",\"target\":[\"https:\\\/\\\/www.icy.nl\\\/de\\\/produkt\\\/drahtlos-verknupfbarer-rauchmelder\\\/\"]}]},{\"@type\":\"ImageObject\",\"inLanguage\":\"de\",\"@id\":\"https:\\\/\\\/www.icy.nl\\\/de\\\/produkt\\\/drahtlos-verknupfbarer-rauchmelder\\\/#primaryimage\",\"url\":\"https:\\\/\\\/www.icy.nl\\\/wp-content\\\/uploads\\\/2016\\\/06\\\/4528SD-smoke-detector.jpg\",\"contentUrl\":\"https:\\\/\\\/www.icy.nl\\\/wp-content\\\/uploads\\\/2016\\\/06\\\/4528SD-smoke-detector.jpg\",\"width\":800,\"height\":756,\"caption\":\"4528SD verkn\u00fcpfbarer Rauchmelder\"},{\"@type\":\"BreadcrumbList\",\"@id\":\"https:\\\/\\\/www.icy.nl\\\/de\\\/produkt\\\/drahtlos-verknupfbarer-rauchmelder\\\/#breadcrumb\",\"itemListElement\":[{\"@type\":\"ListItem\",\"position\":1,\"name\":\"Home\",\"item\":\"https:\\\/\\\/www.icy.nl\\\/de\\\/\"},{\"@type\":\"ListItem\",\"position\":2,\"name\":\"Produkte\",\"item\":\"https:\\\/\\\/www.icy.nl\\\/de\\\/produkte\\\/\"},{\"@type\":\"ListItem\",\"position\":3,\"name\":\"Accommodation Management\",\"item\":\"https:\\\/\\\/www.icy.nl\\\/de\\\/product-categorie\\\/accommodation-management-de\\\/\"},{\"@type\":\"ListItem\",\"position\":4,\"name\":\"Drahtlos verkn\u00fcpfbarer Rauchmelder\"}]},{\"@type\":\"WebSite\",\"@id\":\"https:\\\/\\\/www.icy.nl\\\/de\\\/#website\",\"url\":\"https:\\\/\\\/www.icy.nl\\\/de\\\/\",\"name\":\"ICY\",\"description\":\"Smartmotica solutions\",\"publisher\":{\"@id\":\"https:\\\/\\\/www.icy.nl\\\/de\\\/#organization\"},\"potentialAction\":[{\"@type\":\"SearchAction\",\"target\":{\"@type\":\"EntryPoint\",\"urlTemplate\":\"https:\\\/\\\/www.icy.nl\\\/de\\\/?s={search_term_string}\"},\"query-input\":{\"@type\":\"PropertyValueSpecification\",\"valueRequired\":true,\"valueName\":\"search_term_string\"}}],\"inLanguage\":\"de\"},{\"@type\":\"Organization\",\"@id\":\"https:\\\/\\\/www.icy.nl\\\/de\\\/#organization\",\"name\":\"I.C.Y. B.V.\",\"url\":\"https:\\\/\\\/www.icy.nl\\\/de\\\/\",\"logo\":{\"@type\":\"ImageObject\",\"inLanguage\":\"de\",\"@id\":\"https:\\\/\\\/www.icy.nl\\\/de\\\/#\\\/schema\\\/logo\\\/image\\\/\",\"url\":\"https:\\\/\\\/www.icy.nl\\\/wp-content\\\/uploads\\\/2016\\\/11\\\/logo-icy.jpg\",\"contentUrl\":\"https:\\\/\\\/www.icy.nl\\\/wp-content\\\/uploads\\\/2016\\\/11\\\/logo-icy.jpg\",\"width\":400,\"height\":101,\"caption\":\"I.C.Y. B.V.\"},\"image\":{\"@id\":\"https:\\\/\\\/www.icy.nl\\\/de\\\/#\\\/schema\\\/logo\\\/image\\\/\"}}]}<\/script>\n<!-- \/ Yoast SEO plugin. -->","yoast_head_json":{"title":"Drahtlos verkn\u00fcpfbarer Rauchmelder - ICY","description":"Vernetzbarer Rauchmelder, der in (Gruppen-)Unterk\u00fcnften und B\u00fcrogeb\u00e4uden eingesetzt werden kann. Meldet den Alarm drahtlos an andere angeschlossene Melder weiter.{:}","robots":{"index":"index","follow":"follow","max-snippet":"max-snippet:-1","max-image-preview":"max-image-preview:large","max-video-preview":"max-video-preview:-1"},"canonical":"https:\/\/www.icy.nl\/de\/produkt\/drahtlos-verknupfbarer-rauchmelder\/","og_locale":"de_DE","og_type":"article","og_title":"Drahtlos verkn\u00fcpfbarer Rauchmelder - ICY","og_description":"Vernetzbarer Rauchmelder, der in (Gruppen-)Unterk\u00fcnften und B\u00fcrogeb\u00e4uden eingesetzt werden kann. Meldet den Alarm drahtlos an andere angeschlossene Melder weiter.{:}","og_url":"https:\/\/www.icy.nl\/de\/produkt\/drahtlos-verknupfbarer-rauchmelder\/","og_site_name":"ICY","article_modified_time":"2025-01-14T11:32:39+00:00","og_image":[{"width":800,"height":756,"url":"https:\/\/www.icy.nl\/wp-content\/uploads\/2016\/06\/4528SD-smoke-detector.jpg","type":"image\/jpeg"}],"twitter_card":"summary_large_image","twitter_misc":{"Gesch\u00e4tzte Lesezeit":"1\u00a0Minute"},"schema":{"@context":"https:\/\/schema.org","@graph":[{"@type":"WebPage","@id":"https:\/\/www.icy.nl\/de\/produkt\/drahtlos-verknupfbarer-rauchmelder\/","url":"https:\/\/www.icy.nl\/de\/produkt\/drahtlos-verknupfbarer-rauchmelder\/","name":"Drahtlos verkn\u00fcpfbarer Rauchmelder - ICY","isPartOf":{"@id":"https:\/\/www.icy.nl\/de\/#website"},"primaryImageOfPage":{"@id":"https:\/\/www.icy.nl\/de\/produkt\/drahtlos-verknupfbarer-rauchmelder\/#primaryimage"},"image":{"@id":"https:\/\/www.icy.nl\/de\/produkt\/drahtlos-verknupfbarer-rauchmelder\/#primaryimage"},"thumbnailUrl":"https:\/\/www.icy.nl\/wp-content\/uploads\/2016\/06\/4528SD-smoke-detector.jpg","datePublished":"2020-05-24T11:05:36+00:00","dateModified":"2025-01-14T11:32:39+00:00","description":"Vernetzbarer Rauchmelder, der in (Gruppen-)Unterk\u00fcnften und B\u00fcrogeb\u00e4uden eingesetzt werden kann. Meldet den Alarm drahtlos an andere angeschlossene Melder weiter.{:}","breadcrumb":{"@id":"https:\/\/www.icy.nl\/de\/produkt\/drahtlos-verknupfbarer-rauchmelder\/#breadcrumb"},"inLanguage":"de","potentialAction":[{"@type":"ReadAction","target":["https:\/\/www.icy.nl\/de\/produkt\/drahtlos-verknupfbarer-rauchmelder\/"]}]},{"@type":"ImageObject","inLanguage":"de","@id":"https:\/\/www.icy.nl\/de\/produkt\/drahtlos-verknupfbarer-rauchmelder\/#primaryimage","url":"https:\/\/www.icy.nl\/wp-content\/uploads\/2016\/06\/4528SD-smoke-detector.jpg","contentUrl":"https:\/\/www.icy.nl\/wp-content\/uploads\/2016\/06\/4528SD-smoke-detector.jpg","width":800,"height":756,"caption":"4528SD verkn\u00fcpfbarer Rauchmelder"},{"@type":"BreadcrumbList","@id":"https:\/\/www.icy.nl\/de\/produkt\/drahtlos-verknupfbarer-rauchmelder\/#breadcrumb","itemListElement":[{"@type":"ListItem","position":1,"name":"Home","item":"https:\/\/www.icy.nl\/de\/"},{"@type":"ListItem","position":2,"name":"Produkte","item":"https:\/\/www.icy.nl\/de\/produkte\/"},{"@type":"ListItem","position":3,"name":"Accommodation Management","item":"https:\/\/www.icy.nl\/de\/product-categorie\/accommodation-management-de\/"},{"@type":"ListItem","position":4,"name":"Drahtlos verkn\u00fcpfbarer Rauchmelder"}]},{"@type":"WebSite","@id":"https:\/\/www.icy.nl\/de\/#website","url":"https:\/\/www.icy.nl\/de\/","name":"ICY","description":"Smartmotica solutions","publisher":{"@id":"https:\/\/www.icy.nl\/de\/#organization"},"potentialAction":[{"@type":"SearchAction","target":{"@type":"EntryPoint","urlTemplate":"https:\/\/www.icy.nl\/de\/?s={search_term_string}"},"query-input":{"@type":"PropertyValueSpecification","valueRequired":true,"valueName":"search_term_string"}}],"inLanguage":"de"},{"@type":"Organization","@id":"https:\/\/www.icy.nl\/de\/#organization","name":"I.C.Y. B.V.","url":"https:\/\/www.icy.nl\/de\/","logo":{"@type":"ImageObject","inLanguage":"de","@id":"https:\/\/www.icy.nl\/de\/#\/schema\/logo\/image\/","url":"https:\/\/www.icy.nl\/wp-content\/uploads\/2016\/11\/logo-icy.jpg","contentUrl":"https:\/\/www.icy.nl\/wp-content\/uploads\/2016\/11\/logo-icy.jpg","width":400,"height":101,"caption":"I.C.Y. B.V."},"image":{"@id":"https:\/\/www.icy.nl\/de\/#\/schema\/logo\/image\/"}}]}},"featured_img":"https:\/\/www.icy.nl\/wp-content\/uploads\/2016\/06\/4528SD-smoke-detector.jpg","coauthors":[],"author_meta":{"author_link":"https:\/\/www.icy.nl\/de\/author\/daniel\/","display_name":"Daniel van de Kamp"},"relative_dates":{"created":"Posted 10\u00a0Jahren ago","modified":"Updated 1\u00a0Jahr ago"},"absolute_dates":{"created":"Posted on 13. Juni 2016","modified":"Updated on 14. Januar 2025"},"absolute_dates_time":{"created":"Posted on 13. Juni 2016 14:19","modified":"Updated on 14. Januar 2025 12:32"},"featured_img_caption":"","tax_additional":{"product_brand":{"linked":[],"unlinked":[],"slug":"product_brand","name":"Marken"},"product_type":{"linked":["<a href=\"https:\/\/www.icy.nl\/de\/?taxonomy=product_type&#038;term=simple\" class=\"advgb-post-tax-term\">simple<\/a>"],"unlinked":["<span class=\"advgb-post-tax-term\">simple<\/span>"],"slug":"product_type","name":"Produkttyp"},"product_visibility":{"linked":[],"unlinked":[],"slug":"product_visibility","name":"Sichtbarkeit des Produkts"},"product_cat":{"linked":["<a href=\"https:\/\/www.icy.nl\/de\/product-categorie\/accommodation-management-de\/\" class=\"advgb-post-tax-term\">Accommodation Management<\/a>","<a href=\"https:\/\/www.icy.nl\/de\/product-categorie\/campsite-management-de\/\" class=\"advgb-post-tax-term\">Campsite Management<\/a>","<a href=\"https:\/\/www.icy.nl\/de\/product-categorie\/rauch-und-hitzemelder\/\" class=\"advgb-post-tax-term\">Rauch- und Hitzemelder<\/a>","<a href=\"https:\/\/www.icy.nl\/de\/product-categorie\/facility-management-de\/\" class=\"advgb-post-tax-term\">Facility Management<\/a>","<a href=\"https:\/\/www.icy.nl\/de\/product-categorie\/arbeitsagentur\/\" class=\"advgb-post-tax-term\">Arbeitsagentur<\/a>"],"unlinked":["<span class=\"advgb-post-tax-term\">Accommodation Management<\/span>","<span class=\"advgb-post-tax-term\">Campsite Management<\/span>","<span class=\"advgb-post-tax-term\">Rauch- und Hitzemelder<\/span>","<span class=\"advgb-post-tax-term\">Facility Management<\/span>","<span class=\"advgb-post-tax-term\">Arbeitsagentur<\/span>"],"slug":"product_cat","name":"Produkt-Kategorien"},"product_tag":{"linked":[],"unlinked":[],"slug":"product_tag","name":"Produkt Schlagw\u00f6rter"},"product_shipping_class":{"linked":[],"unlinked":[],"slug":"product_shipping_class","name":"Produkt Versandklasse"},"pos_product_visibility":{"linked":[],"unlinked":[],"slug":"pos_product_visibility","name":"POS-Produkt-Sichtbarkeit."},"translation_priority":{"linked":["<a href=\"https:\/\/www.icy.nl\/de\/?taxonomy=translation_priority&#038;term=hohe-prioritat\" class=\"advgb-post-tax-term\">hohe Priorit\u00e4t<\/a>"],"unlinked":["<span class=\"advgb-post-tax-term\">hohe Priorit\u00e4t<\/span>"],"slug":"translation_priority","name":"\u00dcbersetzungspriorit\u00e4ten"}},"series_order":"","_links":{"self":[{"href":"https:\/\/www.icy.nl\/de\/wp-json\/wp\/v2\/product\/31236","targetHints":{"allow":["GET"]}}],"collection":[{"href":"https:\/\/www.icy.nl\/de\/wp-json\/wp\/v2\/product"}],"about":[{"href":"https:\/\/www.icy.nl\/de\/wp-json\/wp\/v2\/types\/product"}],"wp:featuredmedia":[{"embeddable":true,"href":"https:\/\/www.icy.nl\/de\/wp-json\/wp\/v2\/media\/31237"}],"wp:attachment":[{"href":"https:\/\/www.icy.nl\/de\/wp-json\/wp\/v2\/media?parent=31236"}],"wp:term":[{"taxonomy":"product_brand","embeddable":true,"href":"https:\/\/www.icy.nl\/de\/wp-json\/wp\/v2\/product_brand?post=31236"},{"taxonomy":"product_cat","embeddable":true,"href":"https:\/\/www.icy.nl\/de\/wp-json\/wp\/v2\/product_cat?post=31236"},{"taxonomy":"product_tag","embeddable":true,"href":"https:\/\/www.icy.nl\/de\/wp-json\/wp\/v2\/product_tag?post=31236"}],"curies":[{"name":"wp","href":"https:\/\/api.w.org\/{rel}","templated":true}]}}