{"id":57603,"date":"2023-11-15T17:19:09","date_gmt":"2025-01-14T09:13:06","guid":{"rendered":"https:\/\/www.icy.nl\/product\/infrared-controller\/"},"modified":"2025-01-14T10:13:06","modified_gmt":"2025-01-14T09:13:06","slug":"infrared-controller","status":"publish","type":"product","link":"https:\/\/www.icy.nl\/de\/produkt\/infrared-controller\/","title":{"rendered":"InfraRed Controller"},"content":{"rendered":"<p><strong>Steuern Sie Ihr Split-Ger\u00e4t mit einem ICY Timer-Thermostat<\/strong><\/p>\n<p>Immer mehr Eigenheime werden mit einer Luft\/Luft-W\u00e4rmepumpe mit Splittger\u00e4ten in den einzelnen R\u00e4umen ausgestattet. Auch bei Ferienh\u00e4usern sehen wir diesen Trend.<br \/>\nEine W\u00e4rmepumpe kann sowohl zum Heizen als auch zum K\u00fchlen dienen und ist aufgrund der Energiewende eine gute Alternative zum herk\u00f6mmlichen Heizen mit Zentralheizung und K\u00fchlen mit Klimaanlagen. Die Bedienung von Splitger\u00e4ten erfolgt oftmals mittels Infrarot-Fernbedienung. Im Ferienhaus ist die Nutzung separater Fernbedienungen allerdings aufgrund des Verlusts und des Batteriebetriebs nicht praktikabel. Aus diesem Grund, aber insbesondere um die Fernsteuerung der Split-Ger\u00e4te in diesen Haushalten zu erm\u00f6glichen, hat ICY den Infrarot-Controller ICY5313IRC entwickelt. Dadurch ist es m\u00f6glich geworden, einem Zuhause ein \u201eHerzliches Willkommen\u201c oder ein \u201eCooles Willkommen\u201c zu senden, sodass die G\u00e4ste in einem Zuhause mit angenehmem Klima ankommen. Dar\u00fcber hinaus werden die Split-Units in den Standby-Modus versetzt, wenn f\u00fcr die Immobilie keine Buchung vorliegt. Die Split-Ger\u00e4te k\u00f6nnen von Ihren G\u00e4sten mit unserem energiesparenden ICY Timer-Thermostat eingestellt werden. Der Infrarot-Controller ist f\u00fcr jede Marke und jeden Typ von Klimaanlage\/W\u00e4rmepumpe konfigurierbar und wird mit 230 V betrieben. <\/p>\n","protected":false},"excerpt":{"rendered":"<ul>\n<li>K\u00fchlen und Heizen<\/li>\n<li>Kommunikation \u00fcber Infrarot<\/li>\n<li>F\u00fcr jede Marke und jeden Typ konfigurierbar<\/li>\n<li>Klimaanlage\/W\u00e4rmepumpe mit IR<\/li>\n<li>Kann \u00fcber unsere drahtlosen Managementsysteme gesteuert werden<\/li>\n<li>230 V Stromversorgung \u2013 keine Batterien erforderlich<\/li>\n<\/ul>\n","protected":false},"author":2946,"featured_media":52119,"template":"","meta":{"advgb_blocks_editor_width":"","advgb_blocks_columns_visual_guide":"","_genesis_hide_title":false,"_genesis_hide_breadcrumbs":false,"_genesis_hide_singular_image":false,"_genesis_hide_footer_widgets":false,"_genesis_custom_body_class":"","_genesis_custom_post_class":"","_genesis_layout":""},"product_brand":[],"product_cat":[139,143],"product_tag":[],"class_list":{"0":"post-57603","1":"product","2":"type-product","3":"status-publish","4":"has-post-thumbnail","6":"product_cat-accommodation-management-de","7":"product_cat-campsite-management-de","8":"entry","10":"first","11":"instock","12":"taxable","13":"shipping-taxable","14":"product-type-simple"},"yoast_head":"<!-- This site is optimized with the Yoast SEO plugin v27.3 - https:\/\/yoast.com\/product\/yoast-seo-wordpress\/ -->\n<title>InfraRed Controller - ICY<\/title>\n<meta name=\"robots\" content=\"index, follow, max-snippet:-1, max-image-preview:large, max-video-preview:-1\" \/>\n<link rel=\"canonical\" href=\"https:\/\/www.icy.nl\/de\/produkt\/infrared-controller\/\" \/>\n<meta property=\"og:locale\" content=\"de_DE\" \/>\n<meta property=\"og:type\" content=\"article\" \/>\n<meta property=\"og:title\" content=\"InfraRed Controller - ICY\" \/>\n<meta property=\"og:description\" content=\"K\u00fchlen und Heizen  Kommunikation \u00fcber Infrarot  F\u00fcr jede Marke und jeden Typ konfigurierbar  Klimaanlage\/W\u00e4rmepumpe mit IR  Kann \u00fcber unsere drahtlosen Managementsysteme gesteuert werden  230 V Stromversorgung \u2013 keine Batterien erforderlich\" \/>\n<meta property=\"og:url\" content=\"https:\/\/www.icy.nl\/de\/produkt\/infrared-controller\/\" \/>\n<meta property=\"og:site_name\" content=\"ICY\" \/>\n<meta property=\"og:image\" content=\"https:\/\/www.icy.nl\/wp-content\/uploads\/2023\/11\/ICY5313IRC.jpg\" \/>\n\t<meta property=\"og:image:width\" content=\"800\" \/>\n\t<meta property=\"og:image:height\" content=\"799\" \/>\n\t<meta property=\"og:image:type\" content=\"image\/jpeg\" \/>\n<meta name=\"twitter:card\" content=\"summary_large_image\" \/>\n<meta name=\"twitter:label1\" content=\"Gesch\u00e4tzte Lesezeit\" \/>\n\t<meta name=\"twitter:data1\" content=\"1\u00a0Minute\" \/>\n<script type=\"application\/ld+json\" class=\"yoast-schema-graph\">{\"@context\":\"https:\\\/\\\/schema.org\",\"@graph\":[{\"@type\":\"WebPage\",\"@id\":\"https:\\\/\\\/www.icy.nl\\\/de\\\/produkt\\\/infrared-controller\\\/\",\"url\":\"https:\\\/\\\/www.icy.nl\\\/de\\\/produkt\\\/infrared-controller\\\/\",\"name\":\"InfraRed Controller - ICY\",\"isPartOf\":{\"@id\":\"https:\\\/\\\/www.icy.nl\\\/de\\\/#website\"},\"primaryImageOfPage\":{\"@id\":\"https:\\\/\\\/www.icy.nl\\\/de\\\/produkt\\\/infrared-controller\\\/#primaryimage\"},\"image\":{\"@id\":\"https:\\\/\\\/www.icy.nl\\\/de\\\/produkt\\\/infrared-controller\\\/#primaryimage\"},\"thumbnailUrl\":\"https:\\\/\\\/www.icy.nl\\\/wp-content\\\/uploads\\\/2023\\\/11\\\/ICY5313IRC.jpg\",\"datePublished\":\"2025-01-14T09:13:06+00:00\",\"breadcrumb\":{\"@id\":\"https:\\\/\\\/www.icy.nl\\\/de\\\/produkt\\\/infrared-controller\\\/#breadcrumb\"},\"inLanguage\":\"de\",\"potentialAction\":[{\"@type\":\"ReadAction\",\"target\":[\"https:\\\/\\\/www.icy.nl\\\/de\\\/produkt\\\/infrared-controller\\\/\"]}]},{\"@type\":\"ImageObject\",\"inLanguage\":\"de\",\"@id\":\"https:\\\/\\\/www.icy.nl\\\/de\\\/produkt\\\/infrared-controller\\\/#primaryimage\",\"url\":\"https:\\\/\\\/www.icy.nl\\\/wp-content\\\/uploads\\\/2023\\\/11\\\/ICY5313IRC.jpg\",\"contentUrl\":\"https:\\\/\\\/www.icy.nl\\\/wp-content\\\/uploads\\\/2023\\\/11\\\/ICY5313IRC.jpg\",\"width\":800,\"height\":799},{\"@type\":\"BreadcrumbList\",\"@id\":\"https:\\\/\\\/www.icy.nl\\\/de\\\/produkt\\\/infrared-controller\\\/#breadcrumb\",\"itemListElement\":[{\"@type\":\"ListItem\",\"position\":1,\"name\":\"Home\",\"item\":\"https:\\\/\\\/www.icy.nl\\\/de\\\/\"},{\"@type\":\"ListItem\",\"position\":2,\"name\":\"Produkte\",\"item\":\"https:\\\/\\\/www.icy.nl\\\/de\\\/produkte\\\/\"},{\"@type\":\"ListItem\",\"position\":3,\"name\":\"InfraRed Controller\"}]},{\"@type\":\"WebSite\",\"@id\":\"https:\\\/\\\/www.icy.nl\\\/de\\\/#website\",\"url\":\"https:\\\/\\\/www.icy.nl\\\/de\\\/\",\"name\":\"ICY\",\"description\":\"Smartmotica solutions\",\"publisher\":{\"@id\":\"https:\\\/\\\/www.icy.nl\\\/de\\\/#organization\"},\"potentialAction\":[{\"@type\":\"SearchAction\",\"target\":{\"@type\":\"EntryPoint\",\"urlTemplate\":\"https:\\\/\\\/www.icy.nl\\\/de\\\/?s={search_term_string}\"},\"query-input\":{\"@type\":\"PropertyValueSpecification\",\"valueRequired\":true,\"valueName\":\"search_term_string\"}}],\"inLanguage\":\"de\"},{\"@type\":\"Organization\",\"@id\":\"https:\\\/\\\/www.icy.nl\\\/de\\\/#organization\",\"name\":\"I.C.Y. B.V.\",\"url\":\"https:\\\/\\\/www.icy.nl\\\/de\\\/\",\"logo\":{\"@type\":\"ImageObject\",\"inLanguage\":\"de\",\"@id\":\"https:\\\/\\\/www.icy.nl\\\/de\\\/#\\\/schema\\\/logo\\\/image\\\/\",\"url\":\"https:\\\/\\\/www.icy.nl\\\/wp-content\\\/uploads\\\/2016\\\/11\\\/logo-icy.jpg\",\"contentUrl\":\"https:\\\/\\\/www.icy.nl\\\/wp-content\\\/uploads\\\/2016\\\/11\\\/logo-icy.jpg\",\"width\":400,\"height\":101,\"caption\":\"I.C.Y. B.V.\"},\"image\":{\"@id\":\"https:\\\/\\\/www.icy.nl\\\/de\\\/#\\\/schema\\\/logo\\\/image\\\/\"}}]}<\/script>\n<!-- \/ Yoast SEO plugin. -->","yoast_head_json":{"title":"InfraRed Controller - ICY","robots":{"index":"index","follow":"follow","max-snippet":"max-snippet:-1","max-image-preview":"max-image-preview:large","max-video-preview":"max-video-preview:-1"},"canonical":"https:\/\/www.icy.nl\/de\/produkt\/infrared-controller\/","og_locale":"de_DE","og_type":"article","og_title":"InfraRed Controller - ICY","og_description":"K\u00fchlen und Heizen  Kommunikation \u00fcber Infrarot  F\u00fcr jede Marke und jeden Typ konfigurierbar  Klimaanlage\/W\u00e4rmepumpe mit IR  Kann \u00fcber unsere drahtlosen Managementsysteme gesteuert werden  230 V Stromversorgung \u2013 keine Batterien erforderlich","og_url":"https:\/\/www.icy.nl\/de\/produkt\/infrared-controller\/","og_site_name":"ICY","og_image":[{"width":800,"height":799,"url":"https:\/\/www.icy.nl\/wp-content\/uploads\/2023\/11\/ICY5313IRC.jpg","type":"image\/jpeg"}],"twitter_card":"summary_large_image","twitter_misc":{"Gesch\u00e4tzte Lesezeit":"1\u00a0Minute"},"schema":{"@context":"https:\/\/schema.org","@graph":[{"@type":"WebPage","@id":"https:\/\/www.icy.nl\/de\/produkt\/infrared-controller\/","url":"https:\/\/www.icy.nl\/de\/produkt\/infrared-controller\/","name":"InfraRed Controller - ICY","isPartOf":{"@id":"https:\/\/www.icy.nl\/de\/#website"},"primaryImageOfPage":{"@id":"https:\/\/www.icy.nl\/de\/produkt\/infrared-controller\/#primaryimage"},"image":{"@id":"https:\/\/www.icy.nl\/de\/produkt\/infrared-controller\/#primaryimage"},"thumbnailUrl":"https:\/\/www.icy.nl\/wp-content\/uploads\/2023\/11\/ICY5313IRC.jpg","datePublished":"2025-01-14T09:13:06+00:00","breadcrumb":{"@id":"https:\/\/www.icy.nl\/de\/produkt\/infrared-controller\/#breadcrumb"},"inLanguage":"de","potentialAction":[{"@type":"ReadAction","target":["https:\/\/www.icy.nl\/de\/produkt\/infrared-controller\/"]}]},{"@type":"ImageObject","inLanguage":"de","@id":"https:\/\/www.icy.nl\/de\/produkt\/infrared-controller\/#primaryimage","url":"https:\/\/www.icy.nl\/wp-content\/uploads\/2023\/11\/ICY5313IRC.jpg","contentUrl":"https:\/\/www.icy.nl\/wp-content\/uploads\/2023\/11\/ICY5313IRC.jpg","width":800,"height":799},{"@type":"BreadcrumbList","@id":"https:\/\/www.icy.nl\/de\/produkt\/infrared-controller\/#breadcrumb","itemListElement":[{"@type":"ListItem","position":1,"name":"Home","item":"https:\/\/www.icy.nl\/de\/"},{"@type":"ListItem","position":2,"name":"Produkte","item":"https:\/\/www.icy.nl\/de\/produkte\/"},{"@type":"ListItem","position":3,"name":"InfraRed Controller"}]},{"@type":"WebSite","@id":"https:\/\/www.icy.nl\/de\/#website","url":"https:\/\/www.icy.nl\/de\/","name":"ICY","description":"Smartmotica solutions","publisher":{"@id":"https:\/\/www.icy.nl\/de\/#organization"},"potentialAction":[{"@type":"SearchAction","target":{"@type":"EntryPoint","urlTemplate":"https:\/\/www.icy.nl\/de\/?s={search_term_string}"},"query-input":{"@type":"PropertyValueSpecification","valueRequired":true,"valueName":"search_term_string"}}],"inLanguage":"de"},{"@type":"Organization","@id":"https:\/\/www.icy.nl\/de\/#organization","name":"I.C.Y. B.V.","url":"https:\/\/www.icy.nl\/de\/","logo":{"@type":"ImageObject","inLanguage":"de","@id":"https:\/\/www.icy.nl\/de\/#\/schema\/logo\/image\/","url":"https:\/\/www.icy.nl\/wp-content\/uploads\/2016\/11\/logo-icy.jpg","contentUrl":"https:\/\/www.icy.nl\/wp-content\/uploads\/2016\/11\/logo-icy.jpg","width":400,"height":101,"caption":"I.C.Y. B.V."},"image":{"@id":"https:\/\/www.icy.nl\/de\/#\/schema\/logo\/image\/"}}]}},"featured_img":"https:\/\/www.icy.nl\/wp-content\/uploads\/2023\/11\/ICY5313IRC.jpg","coauthors":[],"author_meta":{"author_link":"https:\/\/www.icy.nl\/de\/author\/daniel\/","display_name":"Daniel van de Kamp"},"relative_dates":{"created":"Posted 2\u00a0Jahren ago","modified":"Updated 1\u00a0Jahr ago"},"absolute_dates":{"created":"Posted on 15. November 2023","modified":"Updated on 14. Januar 2025"},"absolute_dates_time":{"created":"Posted on 15. November 2023 17:19","modified":"Updated on 14. Januar 2025 10:13"},"featured_img_caption":"","tax_additional":{"product_brand":{"linked":[],"unlinked":[],"slug":"product_brand","name":"Marken"},"product_type":{"linked":["<a href=\"https:\/\/www.icy.nl\/de\/?taxonomy=product_type&#038;term=simple\" class=\"advgb-post-tax-term\">simple<\/a>"],"unlinked":["<span class=\"advgb-post-tax-term\">simple<\/span>"],"slug":"product_type","name":"Produkttyp"},"product_visibility":{"linked":[],"unlinked":[],"slug":"product_visibility","name":"Sichtbarkeit des Produkts"},"product_cat":{"linked":["<a href=\"https:\/\/www.icy.nl\/de\/product-categorie\/accommodation-management-de\/\" class=\"advgb-post-tax-term\">Accommodation Management<\/a>","<a href=\"https:\/\/www.icy.nl\/de\/product-categorie\/campsite-management-de\/\" class=\"advgb-post-tax-term\">Campsite Management<\/a>"],"unlinked":["<span class=\"advgb-post-tax-term\">Accommodation Management<\/span>","<span class=\"advgb-post-tax-term\">Campsite Management<\/span>"],"slug":"product_cat","name":"Produkt-Kategorien"},"product_tag":{"linked":[],"unlinked":[],"slug":"product_tag","name":"Produkt Schlagw\u00f6rter"},"product_shipping_class":{"linked":[],"unlinked":[],"slug":"product_shipping_class","name":"Produkt Versandklasse"},"pos_product_visibility":{"linked":[],"unlinked":[],"slug":"pos_product_visibility","name":"POS-Produkt-Sichtbarkeit."},"translation_priority":{"linked":["<a href=\"https:\/\/www.icy.nl\/de\/?taxonomy=translation_priority&#038;term=optional-de\" class=\"advgb-post-tax-term\">Optional<\/a>"],"unlinked":["<span class=\"advgb-post-tax-term\">Optional<\/span>"],"slug":"translation_priority","name":"\u00dcbersetzungspriorit\u00e4ten"}},"series_order":"","_links":{"self":[{"href":"https:\/\/www.icy.nl\/de\/wp-json\/wp\/v2\/product\/57603","targetHints":{"allow":["GET"]}}],"collection":[{"href":"https:\/\/www.icy.nl\/de\/wp-json\/wp\/v2\/product"}],"about":[{"href":"https:\/\/www.icy.nl\/de\/wp-json\/wp\/v2\/types\/product"}],"wp:featuredmedia":[{"embeddable":true,"href":"https:\/\/www.icy.nl\/de\/wp-json\/wp\/v2\/media\/52119"}],"wp:attachment":[{"href":"https:\/\/www.icy.nl\/de\/wp-json\/wp\/v2\/media?parent=57603"}],"wp:term":[{"taxonomy":"product_brand","embeddable":true,"href":"https:\/\/www.icy.nl\/de\/wp-json\/wp\/v2\/product_brand?post=57603"},{"taxonomy":"product_cat","embeddable":true,"href":"https:\/\/www.icy.nl\/de\/wp-json\/wp\/v2\/product_cat?post=57603"},{"taxonomy":"product_tag","embeddable":true,"href":"https:\/\/www.icy.nl\/de\/wp-json\/wp\/v2\/product_tag?post=57603"}],"curies":[{"name":"wp","href":"https:\/\/api.w.org\/{rel}","templated":true}]}}