{"id":57606,"date":"2023-05-04T11:54:25","date_gmt":"2025-01-14T09:16:44","guid":{"rendered":"https:\/\/www.icy.nl\/product\/icy-pulse-reading-module-din\/"},"modified":"2025-01-14T10:16:44","modified_gmt":"2025-01-14T09:16:44","slug":"icy-pulse-reading-module-din","status":"publish","type":"product","link":"https:\/\/www.icy.nl\/de\/produkt\/icy-pulse-reading-module-din\/","title":{"rendered":"ICY Pulse Reading Module (DIN)"},"content":{"rendered":"","protected":false},"excerpt":{"rendered":"<p>Der ICY5247PRM misst den verbrauchten Energieverbrauch. Zus\u00e4tzlich verf\u00fcgt das PRM \u00fcber einen ein- und ausschaltbaren S1-Ausgang. Dies ist ein potentialfreier Kontakt. Damit lassen sich externe Relais ansteuern, es besteht aber auch die M\u00f6glichkeit direkt 230V zu schalten. Eine Kombination dieser beiden Funktionen erm\u00f6glicht die Einrichtung von Prepaid-Guthaben \u00fcber unsere Verwaltungssysteme. Wenn das Prepaid-Guthaben aufgebraucht ist, wird der Ausgang S1 abgeschaltet.<br \/>\nDas PRM sendet Alarme, wenn:   <\/p>\n<ul>\n<li>Die Spannung am PRM sinkt;<\/li>\n<li>Das Prepaid-Guthaben ist fast aufgebraucht (als Warnung);<\/li>\n<li>Das Prepaid-Guthaben ist vollst\u00e4ndig aufgebraucht;<\/li>\n<li>Die Spitzenleistung wurde \u00fcberschritten.<\/li>\n<\/ul>\n","protected":false},"author":2946,"featured_media":50958,"template":"","meta":{"advgb_blocks_editor_width":"","advgb_blocks_columns_visual_guide":"","_genesis_hide_title":false,"_genesis_hide_breadcrumbs":false,"_genesis_hide_singular_image":false,"_genesis_hide_footer_widgets":false,"_genesis_custom_body_class":"","_genesis_custom_post_class":"","_genesis_layout":""},"product_brand":[],"product_cat":[143,147],"product_tag":[],"class_list":{"0":"post-57606","1":"product","2":"type-product","3":"status-publish","4":"has-post-thumbnail","6":"product_cat-campsite-management-de","7":"product_cat-marina-management-de","8":"entry","10":"first","11":"instock","12":"taxable","13":"shipping-taxable","14":"product-type-simple"},"yoast_head":"<!-- This site is optimized with the Yoast SEO plugin v27.4 - https:\/\/yoast.com\/product\/yoast-seo-wordpress\/ -->\n<title>ICY Pulse Reading Module (DIN) - ICY<\/title>\n<meta name=\"robots\" content=\"index, follow, max-snippet:-1, max-image-preview:large, max-video-preview:-1\" \/>\n<link rel=\"canonical\" href=\"https:\/\/www.icy.nl\/de\/produkt\/icy-pulse-reading-module-din\/\" \/>\n<meta property=\"og:locale\" content=\"de_DE\" \/>\n<meta property=\"og:type\" content=\"article\" \/>\n<meta property=\"og:title\" content=\"ICY Pulse Reading Module (DIN) - ICY\" \/>\n<meta property=\"og:description\" content=\"Der ICY5247PRM misst den verbrauchten Energieverbrauch. Zus\u00e4tzlich verf\u00fcgt das PRM \u00fcber einen ein- und ausschaltbaren S1-Ausgang. Dies ist ein potentialfreier Kontakt. Damit lassen sich externe Relais ansteuern, es besteht aber auch die M\u00f6glichkeit direkt 230V zu schalten. Eine Kombination dieser beiden Funktionen erm\u00f6glicht die Einrichtung von Prepaid-Guthaben \u00fcber unsere Verwaltungssysteme. Wenn das Prepaid-Guthaben aufgebraucht ist, wird der Ausgang S1 abgeschaltet. Das PRM sendet Alarme, wenn:     Die Spannung am PRM sinkt;  Das Prepaid-Guthaben ist fast aufgebraucht (als Warnung);  Das Prepaid-Guthaben ist vollst\u00e4ndig aufgebraucht;  Die Spitzenleistung wurde \u00fcberschritten.\" \/>\n<meta property=\"og:url\" content=\"https:\/\/www.icy.nl\/de\/produkt\/icy-pulse-reading-module-din\/\" \/>\n<meta property=\"og:site_name\" content=\"ICY\" \/>\n<meta property=\"og:image\" content=\"https:\/\/www.icy.nl\/wp-content\/uploads\/2023\/05\/5247PRM.jpg\" \/>\n\t<meta property=\"og:image:width\" content=\"1000\" \/>\n\t<meta property=\"og:image:height\" content=\"1000\" \/>\n\t<meta property=\"og:image:type\" content=\"image\/jpeg\" \/>\n<meta name=\"twitter:card\" content=\"summary_large_image\" \/>\n<script type=\"application\/ld+json\" class=\"yoast-schema-graph\">{\"@context\":\"https:\\\/\\\/schema.org\",\"@graph\":[{\"@type\":\"WebPage\",\"@id\":\"https:\\\/\\\/www.icy.nl\\\/de\\\/produkt\\\/icy-pulse-reading-module-din\\\/\",\"url\":\"https:\\\/\\\/www.icy.nl\\\/de\\\/produkt\\\/icy-pulse-reading-module-din\\\/\",\"name\":\"ICY Pulse Reading Module (DIN) - ICY\",\"isPartOf\":{\"@id\":\"https:\\\/\\\/www.icy.nl\\\/de\\\/#website\"},\"primaryImageOfPage\":{\"@id\":\"https:\\\/\\\/www.icy.nl\\\/de\\\/produkt\\\/icy-pulse-reading-module-din\\\/#primaryimage\"},\"image\":{\"@id\":\"https:\\\/\\\/www.icy.nl\\\/de\\\/produkt\\\/icy-pulse-reading-module-din\\\/#primaryimage\"},\"thumbnailUrl\":\"https:\\\/\\\/www.icy.nl\\\/wp-content\\\/uploads\\\/2023\\\/05\\\/5247PRM.jpg\",\"datePublished\":\"2025-01-14T09:16:44+00:00\",\"breadcrumb\":{\"@id\":\"https:\\\/\\\/www.icy.nl\\\/de\\\/produkt\\\/icy-pulse-reading-module-din\\\/#breadcrumb\"},\"inLanguage\":\"de\",\"potentialAction\":[{\"@type\":\"ReadAction\",\"target\":[\"https:\\\/\\\/www.icy.nl\\\/de\\\/produkt\\\/icy-pulse-reading-module-din\\\/\"]}]},{\"@type\":\"ImageObject\",\"inLanguage\":\"de\",\"@id\":\"https:\\\/\\\/www.icy.nl\\\/de\\\/produkt\\\/icy-pulse-reading-module-din\\\/#primaryimage\",\"url\":\"https:\\\/\\\/www.icy.nl\\\/wp-content\\\/uploads\\\/2023\\\/05\\\/5247PRM.jpg\",\"contentUrl\":\"https:\\\/\\\/www.icy.nl\\\/wp-content\\\/uploads\\\/2023\\\/05\\\/5247PRM.jpg\",\"width\":1000,\"height\":1000},{\"@type\":\"BreadcrumbList\",\"@id\":\"https:\\\/\\\/www.icy.nl\\\/de\\\/produkt\\\/icy-pulse-reading-module-din\\\/#breadcrumb\",\"itemListElement\":[{\"@type\":\"ListItem\",\"position\":1,\"name\":\"Home\",\"item\":\"https:\\\/\\\/www.icy.nl\\\/de\\\/\"},{\"@type\":\"ListItem\",\"position\":2,\"name\":\"Produkte\",\"item\":\"https:\\\/\\\/www.icy.nl\\\/de\\\/produkte\\\/\"},{\"@type\":\"ListItem\",\"position\":3,\"name\":\"ICY Pulse Reading Module (DIN)\"}]},{\"@type\":\"WebSite\",\"@id\":\"https:\\\/\\\/www.icy.nl\\\/de\\\/#website\",\"url\":\"https:\\\/\\\/www.icy.nl\\\/de\\\/\",\"name\":\"ICY\",\"description\":\"Smartmotica solutions\",\"publisher\":{\"@id\":\"https:\\\/\\\/www.icy.nl\\\/de\\\/#organization\"},\"potentialAction\":[{\"@type\":\"SearchAction\",\"target\":{\"@type\":\"EntryPoint\",\"urlTemplate\":\"https:\\\/\\\/www.icy.nl\\\/de\\\/?s={search_term_string}\"},\"query-input\":{\"@type\":\"PropertyValueSpecification\",\"valueRequired\":true,\"valueName\":\"search_term_string\"}}],\"inLanguage\":\"de\"},{\"@type\":\"Organization\",\"@id\":\"https:\\\/\\\/www.icy.nl\\\/de\\\/#organization\",\"name\":\"I.C.Y. B.V.\",\"url\":\"https:\\\/\\\/www.icy.nl\\\/de\\\/\",\"logo\":{\"@type\":\"ImageObject\",\"inLanguage\":\"de\",\"@id\":\"https:\\\/\\\/www.icy.nl\\\/de\\\/#\\\/schema\\\/logo\\\/image\\\/\",\"url\":\"https:\\\/\\\/www.icy.nl\\\/wp-content\\\/uploads\\\/2016\\\/11\\\/logo-icy.jpg\",\"contentUrl\":\"https:\\\/\\\/www.icy.nl\\\/wp-content\\\/uploads\\\/2016\\\/11\\\/logo-icy.jpg\",\"width\":400,\"height\":101,\"caption\":\"I.C.Y. B.V.\"},\"image\":{\"@id\":\"https:\\\/\\\/www.icy.nl\\\/de\\\/#\\\/schema\\\/logo\\\/image\\\/\"}}]}<\/script>\n<!-- \/ Yoast SEO plugin. -->","yoast_head_json":{"title":"ICY Pulse Reading Module (DIN) - ICY","robots":{"index":"index","follow":"follow","max-snippet":"max-snippet:-1","max-image-preview":"max-image-preview:large","max-video-preview":"max-video-preview:-1"},"canonical":"https:\/\/www.icy.nl\/de\/produkt\/icy-pulse-reading-module-din\/","og_locale":"de_DE","og_type":"article","og_title":"ICY Pulse Reading Module (DIN) - ICY","og_description":"Der ICY5247PRM misst den verbrauchten Energieverbrauch. Zus\u00e4tzlich verf\u00fcgt das PRM \u00fcber einen ein- und ausschaltbaren S1-Ausgang. Dies ist ein potentialfreier Kontakt. Damit lassen sich externe Relais ansteuern, es besteht aber auch die M\u00f6glichkeit direkt 230V zu schalten. Eine Kombination dieser beiden Funktionen erm\u00f6glicht die Einrichtung von Prepaid-Guthaben \u00fcber unsere Verwaltungssysteme. Wenn das Prepaid-Guthaben aufgebraucht ist, wird der Ausgang S1 abgeschaltet. Das PRM sendet Alarme, wenn:     Die Spannung am PRM sinkt;  Das Prepaid-Guthaben ist fast aufgebraucht (als Warnung);  Das Prepaid-Guthaben ist vollst\u00e4ndig aufgebraucht;  Die Spitzenleistung wurde \u00fcberschritten.","og_url":"https:\/\/www.icy.nl\/de\/produkt\/icy-pulse-reading-module-din\/","og_site_name":"ICY","og_image":[{"width":1000,"height":1000,"url":"https:\/\/www.icy.nl\/wp-content\/uploads\/2023\/05\/5247PRM.jpg","type":"image\/jpeg"}],"twitter_card":"summary_large_image","schema":{"@context":"https:\/\/schema.org","@graph":[{"@type":"WebPage","@id":"https:\/\/www.icy.nl\/de\/produkt\/icy-pulse-reading-module-din\/","url":"https:\/\/www.icy.nl\/de\/produkt\/icy-pulse-reading-module-din\/","name":"ICY Pulse Reading Module (DIN) - ICY","isPartOf":{"@id":"https:\/\/www.icy.nl\/de\/#website"},"primaryImageOfPage":{"@id":"https:\/\/www.icy.nl\/de\/produkt\/icy-pulse-reading-module-din\/#primaryimage"},"image":{"@id":"https:\/\/www.icy.nl\/de\/produkt\/icy-pulse-reading-module-din\/#primaryimage"},"thumbnailUrl":"https:\/\/www.icy.nl\/wp-content\/uploads\/2023\/05\/5247PRM.jpg","datePublished":"2025-01-14T09:16:44+00:00","breadcrumb":{"@id":"https:\/\/www.icy.nl\/de\/produkt\/icy-pulse-reading-module-din\/#breadcrumb"},"inLanguage":"de","potentialAction":[{"@type":"ReadAction","target":["https:\/\/www.icy.nl\/de\/produkt\/icy-pulse-reading-module-din\/"]}]},{"@type":"ImageObject","inLanguage":"de","@id":"https:\/\/www.icy.nl\/de\/produkt\/icy-pulse-reading-module-din\/#primaryimage","url":"https:\/\/www.icy.nl\/wp-content\/uploads\/2023\/05\/5247PRM.jpg","contentUrl":"https:\/\/www.icy.nl\/wp-content\/uploads\/2023\/05\/5247PRM.jpg","width":1000,"height":1000},{"@type":"BreadcrumbList","@id":"https:\/\/www.icy.nl\/de\/produkt\/icy-pulse-reading-module-din\/#breadcrumb","itemListElement":[{"@type":"ListItem","position":1,"name":"Home","item":"https:\/\/www.icy.nl\/de\/"},{"@type":"ListItem","position":2,"name":"Produkte","item":"https:\/\/www.icy.nl\/de\/produkte\/"},{"@type":"ListItem","position":3,"name":"ICY Pulse Reading Module (DIN)"}]},{"@type":"WebSite","@id":"https:\/\/www.icy.nl\/de\/#website","url":"https:\/\/www.icy.nl\/de\/","name":"ICY","description":"Smartmotica solutions","publisher":{"@id":"https:\/\/www.icy.nl\/de\/#organization"},"potentialAction":[{"@type":"SearchAction","target":{"@type":"EntryPoint","urlTemplate":"https:\/\/www.icy.nl\/de\/?s={search_term_string}"},"query-input":{"@type":"PropertyValueSpecification","valueRequired":true,"valueName":"search_term_string"}}],"inLanguage":"de"},{"@type":"Organization","@id":"https:\/\/www.icy.nl\/de\/#organization","name":"I.C.Y. B.V.","url":"https:\/\/www.icy.nl\/de\/","logo":{"@type":"ImageObject","inLanguage":"de","@id":"https:\/\/www.icy.nl\/de\/#\/schema\/logo\/image\/","url":"https:\/\/www.icy.nl\/wp-content\/uploads\/2016\/11\/logo-icy.jpg","contentUrl":"https:\/\/www.icy.nl\/wp-content\/uploads\/2016\/11\/logo-icy.jpg","width":400,"height":101,"caption":"I.C.Y. B.V."},"image":{"@id":"https:\/\/www.icy.nl\/de\/#\/schema\/logo\/image\/"}}]}},"featured_img":"https:\/\/www.icy.nl\/wp-content\/uploads\/2023\/05\/5247PRM.jpg","coauthors":[],"author_meta":{"author_link":"https:\/\/www.icy.nl\/de\/author\/daniel\/","display_name":"Daniel van de Kamp"},"relative_dates":{"created":"Posted 3\u00a0Jahren ago","modified":"Updated 1\u00a0Jahr ago"},"absolute_dates":{"created":"Posted on 4. Mai 2023","modified":"Updated on 14. Januar 2025"},"absolute_dates_time":{"created":"Posted on 4. Mai 2023 11:54","modified":"Updated on 14. Januar 2025 10:16"},"featured_img_caption":"","tax_additional":{"product_brand":{"linked":[],"unlinked":[],"slug":"product_brand","name":"Marken"},"product_type":{"linked":["<a href=\"https:\/\/www.icy.nl\/de\/?taxonomy=product_type&#038;term=simple\" class=\"advgb-post-tax-term\">simple<\/a>"],"unlinked":["<span class=\"advgb-post-tax-term\">simple<\/span>"],"slug":"product_type","name":"Produkttyp"},"product_visibility":{"linked":[],"unlinked":[],"slug":"product_visibility","name":"Sichtbarkeit des Produkts"},"product_cat":{"linked":["<a href=\"https:\/\/www.icy.nl\/de\/product-categorie\/campsite-management-de\/\" class=\"advgb-post-tax-term\">Campsite Management<\/a>","<a href=\"https:\/\/www.icy.nl\/de\/product-categorie\/marina-management-de\/\" class=\"advgb-post-tax-term\">Marina Management<\/a>"],"unlinked":["<span class=\"advgb-post-tax-term\">Campsite Management<\/span>","<span class=\"advgb-post-tax-term\">Marina Management<\/span>"],"slug":"product_cat","name":"Produkt-Kategorien"},"product_tag":{"linked":[],"unlinked":[],"slug":"product_tag","name":"Produkt Schlagw\u00f6rter"},"product_shipping_class":{"linked":[],"unlinked":[],"slug":"product_shipping_class","name":"Produkt Versandklasse"},"pos_product_visibility":{"linked":[],"unlinked":[],"slug":"pos_product_visibility","name":"POS-Produkt-Sichtbarkeit."},"translation_priority":{"linked":["<a href=\"https:\/\/www.icy.nl\/de\/?taxonomy=translation_priority&#038;term=hohe-prioritat\" class=\"advgb-post-tax-term\">hohe Priorit\u00e4t<\/a>"],"unlinked":["<span class=\"advgb-post-tax-term\">hohe Priorit\u00e4t<\/span>"],"slug":"translation_priority","name":"\u00dcbersetzungspriorit\u00e4ten"}},"series_order":"","_links":{"self":[{"href":"https:\/\/www.icy.nl\/de\/wp-json\/wp\/v2\/product\/57606","targetHints":{"allow":["GET"]}}],"collection":[{"href":"https:\/\/www.icy.nl\/de\/wp-json\/wp\/v2\/product"}],"about":[{"href":"https:\/\/www.icy.nl\/de\/wp-json\/wp\/v2\/types\/product"}],"wp:featuredmedia":[{"embeddable":true,"href":"https:\/\/www.icy.nl\/de\/wp-json\/wp\/v2\/media\/50958"}],"wp:attachment":[{"href":"https:\/\/www.icy.nl\/de\/wp-json\/wp\/v2\/media?parent=57606"}],"wp:term":[{"taxonomy":"product_brand","embeddable":true,"href":"https:\/\/www.icy.nl\/de\/wp-json\/wp\/v2\/product_brand?post=57606"},{"taxonomy":"product_cat","embeddable":true,"href":"https:\/\/www.icy.nl\/de\/wp-json\/wp\/v2\/product_cat?post=57606"},{"taxonomy":"product_tag","embeddable":true,"href":"https:\/\/www.icy.nl\/de\/wp-json\/wp\/v2\/product_tag?post=57606"}],"curies":[{"name":"wp","href":"https:\/\/api.w.org\/{rel}","templated":true}]}}