{"id":57609,"date":"2020-11-10T09:04:06","date_gmt":"2025-01-14T09:27:18","guid":{"rendered":"https:\/\/www.icy.nl\/product\/icy2040pc-power-converter\/"},"modified":"2025-01-14T10:27:18","modified_gmt":"2025-01-14T09:27:18","slug":"icy2040pc-power-converter","status":"publish","type":"product","link":"https:\/\/www.icy.nl\/de\/produkt\/icy2040pc-power-converter\/","title":{"rendered":"ICY2040PC Power Converter"},"content":{"rendered":"","protected":false},"excerpt":{"rendered":"<p>Ein Spannungswandler, der in Situationen zum Einsatz kommt, in denen der Thermostat nicht direkt an das Heizger\u00e4t angeschlossen werden kann. Dies ist bei Schaltspannungen \u00fcber 40V der Fall und in Situationen, in denen das Heizger\u00e4t nicht in der Lage ist, den Thermostat mit Strom zu versorgen. Der Stromkonverter versorgt den Thermostat mit Strom und erm\u00f6glicht das Ein- oder Ausschalten einer Gruppe durch einen <a href=\"https:\/\/www.icy.nl\/product\/1845-timer-thermostaat\/\">ICY-Timer-Thermostat<\/a> oder einen <a href=\"https:\/\/www.icy.nl\/product\/transceiver\/\">ICY 5114IN-Transceiver.<\/a> <\/p>\n<ul>\n<li>Eingangsspannung: 100 &#8211; 230V (AC)<\/li>\n<li>Schaltspannung: max. 230V (AC)<\/li>\n<li>Schaltstrom: max. 16A (AC)<\/li>\n<\/ul>\n","protected":false},"author":2946,"featured_media":32412,"template":"","meta":{"advgb_blocks_editor_width":"","advgb_blocks_columns_visual_guide":"","_genesis_hide_title":false,"_genesis_hide_breadcrumbs":false,"_genesis_hide_singular_image":false,"_genesis_hide_footer_widgets":false,"_genesis_custom_body_class":"","_genesis_custom_post_class":"","_genesis_layout":""},"product_brand":[],"product_cat":[139,141,138,140],"product_tag":[],"class_list":{"0":"post-57609","1":"product","2":"type-product","3":"status-publish","4":"has-post-thumbnail","6":"product_cat-accommodation-management-de","7":"product_cat-housing-management-de","8":"product_cat-temperaturregelung","9":"product_cat-thermostatzubehoer","10":"entry","12":"first","13":"instock","14":"taxable","15":"shipping-taxable","16":"product-type-simple"},"yoast_head":"<!-- This site is optimized with the Yoast SEO plugin v27.3 - https:\/\/yoast.com\/product\/yoast-seo-wordpress\/ -->\n<title>ICY2040PC Power Converter - ICY<\/title>\n<meta name=\"description\" content=\"Der Power Converter versorgt den Thermostat mit Strom und sorgt daf\u00fcr, dass eine elektrische Gruppe ein- bzw. ausgeschaltet werden kann.\" \/>\n<meta name=\"robots\" content=\"index, follow, max-snippet:-1, max-image-preview:large, max-video-preview:-1\" \/>\n<link rel=\"canonical\" href=\"https:\/\/www.icy.nl\/de\/produkt\/icy2040pc-power-converter\/\" \/>\n<meta property=\"og:locale\" content=\"de_DE\" \/>\n<meta property=\"og:type\" content=\"article\" \/>\n<meta property=\"og:title\" content=\"ICY2040PC Power Converter - ICY\" \/>\n<meta property=\"og:description\" content=\"Der Power Converter versorgt den Thermostat mit Strom und sorgt daf\u00fcr, dass eine elektrische Gruppe ein- bzw. ausgeschaltet werden kann.\" \/>\n<meta property=\"og:url\" content=\"https:\/\/www.icy.nl\/de\/produkt\/icy2040pc-power-converter\/\" \/>\n<meta property=\"og:site_name\" content=\"ICY\" \/>\n<meta property=\"og:image\" content=\"https:\/\/www.icy.nl\/wp-content\/uploads\/2020\/11\/2040PC-Power-Converter-din-rail-web-1.jpg\" \/>\n\t<meta property=\"og:image:width\" content=\"800\" \/>\n\t<meta property=\"og:image:height\" content=\"801\" \/>\n\t<meta property=\"og:image:type\" content=\"image\/jpeg\" \/>\n<meta name=\"twitter:card\" content=\"summary_large_image\" \/>\n<script type=\"application\/ld+json\" class=\"yoast-schema-graph\">{\"@context\":\"https:\\\/\\\/schema.org\",\"@graph\":[{\"@type\":\"WebPage\",\"@id\":\"https:\\\/\\\/www.icy.nl\\\/de\\\/produkt\\\/icy2040pc-power-converter\\\/\",\"url\":\"https:\\\/\\\/www.icy.nl\\\/de\\\/produkt\\\/icy2040pc-power-converter\\\/\",\"name\":\"ICY2040PC Power Converter - ICY\",\"isPartOf\":{\"@id\":\"https:\\\/\\\/www.icy.nl\\\/de\\\/#website\"},\"primaryImageOfPage\":{\"@id\":\"https:\\\/\\\/www.icy.nl\\\/de\\\/produkt\\\/icy2040pc-power-converter\\\/#primaryimage\"},\"image\":{\"@id\":\"https:\\\/\\\/www.icy.nl\\\/de\\\/produkt\\\/icy2040pc-power-converter\\\/#primaryimage\"},\"thumbnailUrl\":\"https:\\\/\\\/www.icy.nl\\\/wp-content\\\/uploads\\\/2020\\\/11\\\/2040PC-Power-Converter-din-rail-web-1.jpg\",\"datePublished\":\"2025-01-14T09:27:18+00:00\",\"description\":\"Der Power Converter versorgt den Thermostat mit Strom und sorgt daf\u00fcr, dass eine elektrische Gruppe ein- bzw. ausgeschaltet werden kann.\",\"breadcrumb\":{\"@id\":\"https:\\\/\\\/www.icy.nl\\\/de\\\/produkt\\\/icy2040pc-power-converter\\\/#breadcrumb\"},\"inLanguage\":\"de\",\"potentialAction\":[{\"@type\":\"ReadAction\",\"target\":[\"https:\\\/\\\/www.icy.nl\\\/de\\\/produkt\\\/icy2040pc-power-converter\\\/\"]}]},{\"@type\":\"ImageObject\",\"inLanguage\":\"de\",\"@id\":\"https:\\\/\\\/www.icy.nl\\\/de\\\/produkt\\\/icy2040pc-power-converter\\\/#primaryimage\",\"url\":\"https:\\\/\\\/www.icy.nl\\\/wp-content\\\/uploads\\\/2020\\\/11\\\/2040PC-Power-Converter-din-rail-web-1.jpg\",\"contentUrl\":\"https:\\\/\\\/www.icy.nl\\\/wp-content\\\/uploads\\\/2020\\\/11\\\/2040PC-Power-Converter-din-rail-web-1.jpg\",\"width\":800,\"height\":801},{\"@type\":\"BreadcrumbList\",\"@id\":\"https:\\\/\\\/www.icy.nl\\\/de\\\/produkt\\\/icy2040pc-power-converter\\\/#breadcrumb\",\"itemListElement\":[{\"@type\":\"ListItem\",\"position\":1,\"name\":\"Home\",\"item\":\"https:\\\/\\\/www.icy.nl\\\/de\\\/\"},{\"@type\":\"ListItem\",\"position\":2,\"name\":\"Produkte\",\"item\":\"https:\\\/\\\/www.icy.nl\\\/de\\\/produkte\\\/\"},{\"@type\":\"ListItem\",\"position\":3,\"name\":\"ICY2040PC Power Converter\"}]},{\"@type\":\"WebSite\",\"@id\":\"https:\\\/\\\/www.icy.nl\\\/de\\\/#website\",\"url\":\"https:\\\/\\\/www.icy.nl\\\/de\\\/\",\"name\":\"ICY\",\"description\":\"Smartmotica solutions\",\"publisher\":{\"@id\":\"https:\\\/\\\/www.icy.nl\\\/de\\\/#organization\"},\"potentialAction\":[{\"@type\":\"SearchAction\",\"target\":{\"@type\":\"EntryPoint\",\"urlTemplate\":\"https:\\\/\\\/www.icy.nl\\\/de\\\/?s={search_term_string}\"},\"query-input\":{\"@type\":\"PropertyValueSpecification\",\"valueRequired\":true,\"valueName\":\"search_term_string\"}}],\"inLanguage\":\"de\"},{\"@type\":\"Organization\",\"@id\":\"https:\\\/\\\/www.icy.nl\\\/de\\\/#organization\",\"name\":\"I.C.Y. B.V.\",\"url\":\"https:\\\/\\\/www.icy.nl\\\/de\\\/\",\"logo\":{\"@type\":\"ImageObject\",\"inLanguage\":\"de\",\"@id\":\"https:\\\/\\\/www.icy.nl\\\/de\\\/#\\\/schema\\\/logo\\\/image\\\/\",\"url\":\"https:\\\/\\\/www.icy.nl\\\/wp-content\\\/uploads\\\/2016\\\/11\\\/logo-icy.jpg\",\"contentUrl\":\"https:\\\/\\\/www.icy.nl\\\/wp-content\\\/uploads\\\/2016\\\/11\\\/logo-icy.jpg\",\"width\":400,\"height\":101,\"caption\":\"I.C.Y. B.V.\"},\"image\":{\"@id\":\"https:\\\/\\\/www.icy.nl\\\/de\\\/#\\\/schema\\\/logo\\\/image\\\/\"}}]}<\/script>\n<!-- \/ Yoast SEO plugin. -->","yoast_head_json":{"title":"ICY2040PC Power Converter - ICY","description":"Der Power Converter versorgt den Thermostat mit Strom und sorgt daf\u00fcr, dass eine elektrische Gruppe ein- bzw. ausgeschaltet werden kann.","robots":{"index":"index","follow":"follow","max-snippet":"max-snippet:-1","max-image-preview":"max-image-preview:large","max-video-preview":"max-video-preview:-1"},"canonical":"https:\/\/www.icy.nl\/de\/produkt\/icy2040pc-power-converter\/","og_locale":"de_DE","og_type":"article","og_title":"ICY2040PC Power Converter - ICY","og_description":"Der Power Converter versorgt den Thermostat mit Strom und sorgt daf\u00fcr, dass eine elektrische Gruppe ein- bzw. ausgeschaltet werden kann.","og_url":"https:\/\/www.icy.nl\/de\/produkt\/icy2040pc-power-converter\/","og_site_name":"ICY","og_image":[{"width":800,"height":801,"url":"https:\/\/www.icy.nl\/wp-content\/uploads\/2020\/11\/2040PC-Power-Converter-din-rail-web-1.jpg","type":"image\/jpeg"}],"twitter_card":"summary_large_image","schema":{"@context":"https:\/\/schema.org","@graph":[{"@type":"WebPage","@id":"https:\/\/www.icy.nl\/de\/produkt\/icy2040pc-power-converter\/","url":"https:\/\/www.icy.nl\/de\/produkt\/icy2040pc-power-converter\/","name":"ICY2040PC Power Converter - ICY","isPartOf":{"@id":"https:\/\/www.icy.nl\/de\/#website"},"primaryImageOfPage":{"@id":"https:\/\/www.icy.nl\/de\/produkt\/icy2040pc-power-converter\/#primaryimage"},"image":{"@id":"https:\/\/www.icy.nl\/de\/produkt\/icy2040pc-power-converter\/#primaryimage"},"thumbnailUrl":"https:\/\/www.icy.nl\/wp-content\/uploads\/2020\/11\/2040PC-Power-Converter-din-rail-web-1.jpg","datePublished":"2025-01-14T09:27:18+00:00","description":"Der Power Converter versorgt den Thermostat mit Strom und sorgt daf\u00fcr, dass eine elektrische Gruppe ein- bzw. ausgeschaltet werden kann.","breadcrumb":{"@id":"https:\/\/www.icy.nl\/de\/produkt\/icy2040pc-power-converter\/#breadcrumb"},"inLanguage":"de","potentialAction":[{"@type":"ReadAction","target":["https:\/\/www.icy.nl\/de\/produkt\/icy2040pc-power-converter\/"]}]},{"@type":"ImageObject","inLanguage":"de","@id":"https:\/\/www.icy.nl\/de\/produkt\/icy2040pc-power-converter\/#primaryimage","url":"https:\/\/www.icy.nl\/wp-content\/uploads\/2020\/11\/2040PC-Power-Converter-din-rail-web-1.jpg","contentUrl":"https:\/\/www.icy.nl\/wp-content\/uploads\/2020\/11\/2040PC-Power-Converter-din-rail-web-1.jpg","width":800,"height":801},{"@type":"BreadcrumbList","@id":"https:\/\/www.icy.nl\/de\/produkt\/icy2040pc-power-converter\/#breadcrumb","itemListElement":[{"@type":"ListItem","position":1,"name":"Home","item":"https:\/\/www.icy.nl\/de\/"},{"@type":"ListItem","position":2,"name":"Produkte","item":"https:\/\/www.icy.nl\/de\/produkte\/"},{"@type":"ListItem","position":3,"name":"ICY2040PC Power Converter"}]},{"@type":"WebSite","@id":"https:\/\/www.icy.nl\/de\/#website","url":"https:\/\/www.icy.nl\/de\/","name":"ICY","description":"Smartmotica solutions","publisher":{"@id":"https:\/\/www.icy.nl\/de\/#organization"},"potentialAction":[{"@type":"SearchAction","target":{"@type":"EntryPoint","urlTemplate":"https:\/\/www.icy.nl\/de\/?s={search_term_string}"},"query-input":{"@type":"PropertyValueSpecification","valueRequired":true,"valueName":"search_term_string"}}],"inLanguage":"de"},{"@type":"Organization","@id":"https:\/\/www.icy.nl\/de\/#organization","name":"I.C.Y. B.V.","url":"https:\/\/www.icy.nl\/de\/","logo":{"@type":"ImageObject","inLanguage":"de","@id":"https:\/\/www.icy.nl\/de\/#\/schema\/logo\/image\/","url":"https:\/\/www.icy.nl\/wp-content\/uploads\/2016\/11\/logo-icy.jpg","contentUrl":"https:\/\/www.icy.nl\/wp-content\/uploads\/2016\/11\/logo-icy.jpg","width":400,"height":101,"caption":"I.C.Y. B.V."},"image":{"@id":"https:\/\/www.icy.nl\/de\/#\/schema\/logo\/image\/"}}]}},"featured_img":"https:\/\/www.icy.nl\/wp-content\/uploads\/2020\/11\/2040PC-Power-Converter-din-rail-web-1.jpg","coauthors":[],"author_meta":{"author_link":"https:\/\/www.icy.nl\/de\/author\/daniel\/","display_name":"Daniel van de Kamp"},"relative_dates":{"created":"Posted 5\u00a0Jahren ago","modified":"Updated 1\u00a0Jahr ago"},"absolute_dates":{"created":"Posted on 10. November 2020","modified":"Updated on 14. Januar 2025"},"absolute_dates_time":{"created":"Posted on 10. November 2020 9:04","modified":"Updated on 14. Januar 2025 10:27"},"featured_img_caption":"","tax_additional":{"product_brand":{"linked":[],"unlinked":[],"slug":"product_brand","name":"Marken"},"product_type":{"linked":["<a href=\"https:\/\/www.icy.nl\/de\/?taxonomy=product_type&#038;term=simple\" class=\"advgb-post-tax-term\">simple<\/a>"],"unlinked":["<span class=\"advgb-post-tax-term\">simple<\/span>"],"slug":"product_type","name":"Produkttyp"},"product_visibility":{"linked":[],"unlinked":[],"slug":"product_visibility","name":"Sichtbarkeit des Produkts"},"product_cat":{"linked":["<a href=\"https:\/\/www.icy.nl\/de\/product-categorie\/accommodation-management-de\/\" class=\"advgb-post-tax-term\">Accommodation Management<\/a>","<a href=\"https:\/\/www.icy.nl\/de\/product-categorie\/housing-management-de\/\" class=\"advgb-post-tax-term\">Housing Management<\/a>","<a href=\"https:\/\/www.icy.nl\/de\/product-categorie\/temperaturregelung\/\" class=\"advgb-post-tax-term\">Temperaturregelung<\/a>","<a href=\"https:\/\/www.icy.nl\/de\/product-categorie\/thermostatzubehoer\/\" class=\"advgb-post-tax-term\">Thermostatzubeh\u00f6r<\/a>"],"unlinked":["<span class=\"advgb-post-tax-term\">Accommodation Management<\/span>","<span class=\"advgb-post-tax-term\">Housing Management<\/span>","<span class=\"advgb-post-tax-term\">Temperaturregelung<\/span>","<span class=\"advgb-post-tax-term\">Thermostatzubeh\u00f6r<\/span>"],"slug":"product_cat","name":"Produkt-Kategorien"},"product_tag":{"linked":[],"unlinked":[],"slug":"product_tag","name":"Produkt Schlagw\u00f6rter"},"product_shipping_class":{"linked":[],"unlinked":[],"slug":"product_shipping_class","name":"Produkt Versandklasse"},"pos_product_visibility":{"linked":[],"unlinked":[],"slug":"pos_product_visibility","name":"POS-Produkt-Sichtbarkeit."},"translation_priority":{"linked":["<a href=\"https:\/\/www.icy.nl\/de\/?taxonomy=translation_priority&#038;term=optional-de\" class=\"advgb-post-tax-term\">Optional<\/a>"],"unlinked":["<span class=\"advgb-post-tax-term\">Optional<\/span>"],"slug":"translation_priority","name":"\u00dcbersetzungspriorit\u00e4ten"}},"series_order":"","_links":{"self":[{"href":"https:\/\/www.icy.nl\/de\/wp-json\/wp\/v2\/product\/57609","targetHints":{"allow":["GET"]}}],"collection":[{"href":"https:\/\/www.icy.nl\/de\/wp-json\/wp\/v2\/product"}],"about":[{"href":"https:\/\/www.icy.nl\/de\/wp-json\/wp\/v2\/types\/product"}],"wp:featuredmedia":[{"embeddable":true,"href":"https:\/\/www.icy.nl\/de\/wp-json\/wp\/v2\/media\/32412"}],"wp:attachment":[{"href":"https:\/\/www.icy.nl\/de\/wp-json\/wp\/v2\/media?parent=57609"}],"wp:term":[{"taxonomy":"product_brand","embeddable":true,"href":"https:\/\/www.icy.nl\/de\/wp-json\/wp\/v2\/product_brand?post=57609"},{"taxonomy":"product_cat","embeddable":true,"href":"https:\/\/www.icy.nl\/de\/wp-json\/wp\/v2\/product_cat?post=57609"},{"taxonomy":"product_tag","embeddable":true,"href":"https:\/\/www.icy.nl\/de\/wp-json\/wp\/v2\/product_tag?post=57609"}],"curies":[{"name":"wp","href":"https:\/\/api.w.org\/{rel}","templated":true}]}}