{"id":57612,"date":"2020-09-29T07:34:43","date_gmt":"2025-01-14T09:30:51","guid":{"rendered":"https:\/\/www.icy.nl\/product\/camper-modul-mit-fi-schutzschalter-set\/"},"modified":"2025-01-14T10:30:51","modified_gmt":"2025-01-14T09:30:51","slug":"camper-modul-mit-fi-schutzschalter-set","status":"publish","type":"product","link":"https:\/\/www.icy.nl\/de\/produkt\/camper-modul-mit-fi-schutzschalter-set\/","title":{"rendered":"Camper-Modul mit FI-Schutzschalter-Set"},"content":{"rendered":"","protected":false},"excerpt":{"rendered":"<p>ICY5035CA Camper-Modul mit Fehlerstrom-Schutzschalter (DIN) 16 A \u2013 Einstellung Das Camper-Modul kann per Fernzugriff \u00fcber <a href=\"https:\/\/www.icy.nl\/draadloos-stroombeheer-campings\/\">ICY Campsite Management<\/a> oder <a href=\"https:\/\/www.icy.nl\/icy-marina-management-draadloos-stroombeheer-op-jachthavens\/\">ICY Marina Management<\/a> auf eine bestimmte Stromst\u00e4rke eingestellt werden.<\/p>\n<p> Auch dient die Steckdose als Messger\u00e4t, welches den Stromverbrauch misst. Dieses kann auf einer Hutschiene montiert werden.<br \/>\nDas Modul ist MID zertifiziert und schaltet bis maximal 16A. Dieses Set enth\u00e4lt au\u00dferdem einen 16A-Fehlerstrom-Schutzschalter. Dieser zugelassene Fehlerstrom-Schutzschalter ist von der Marke C-Pak und ist 1 Modul breit. Ein Fehlerstrom-Schutzschalter beinhaltet neben einem Fehlerstrom-Schutzschalter auch einen Installationsschutzschalter. Damit ist der Fehlerstrom-Schutzschalter eine Schutzeinrichtung, die auf Leckstr\u00f6me, Kurzschl\u00fcsse und \u00dcberstr\u00f6me reagiert, die bei \u00dcberlastung auftreten. Der Fehlerstrom-Schutzschalter enth\u00e4lt alle diese Schutzfunktionen in einem kompakten, nur 18 mm breiten Geh\u00e4use, was viel Platz in Ihren Schaltschr\u00e4nken spart. Durch die Wahl eines 16A FI-Schutzschalters l\u00e4sst sich das ICY Camp\u00e8re Modul auch flexibel bis 16A einstellen. Die Software kennt die Gesamtkapazit\u00e4t des Campingplatzes und sorgt daf\u00fcr, dass dieser nicht \u00fcberlastet wird. Eine Gewichtserh\u00f6hung der Kabel und Hauptsicherungen ist somit nicht erforderlich. Damit steht Ihnen pro Standort ein Fehlerstrom-Schutzschalter zur Verf\u00fcgung. \u00c4ltere Anlagen verf\u00fcgen h\u00e4ufig \u00fcber einen Fehlerstrom-Schutzschalter pro 4 Standorte. Verursacht nun eine Person einen Kurzschluss, sind 4 Stellen ohne Strom. Dadurch wird das Problem noch dringlicher und es ist auch schwieriger, es zu finden. Der Fehlerstrom-Schutzschalter ist nur ein Modul breit. Somit passt er immer in den Schrank, denn er ersetzt die alten Maschinen. In manchen F\u00e4llen wird dadurch tats\u00e4chlich Platz geschaffen.<\/p>\n","protected":false},"author":2946,"featured_media":32402,"template":"","meta":{"advgb_blocks_editor_width":"","advgb_blocks_columns_visual_guide":"","_genesis_hide_title":false,"_genesis_hide_breadcrumbs":false,"_genesis_hide_singular_image":false,"_genesis_hide_footer_widgets":false,"_genesis_custom_body_class":"","_genesis_custom_post_class":"","_genesis_layout":""},"product_brand":[],"product_cat":[143,147],"product_tag":[],"class_list":{"0":"post-57612","1":"product","2":"type-product","3":"status-publish","4":"has-post-thumbnail","6":"product_cat-campsite-management-de","7":"product_cat-marina-management-de","8":"entry","10":"first","11":"instock","12":"taxable","13":"shipping-taxable","14":"product-type-simple"},"yoast_head":"<!-- This site is optimized with the Yoast SEO plugin v27.4 - https:\/\/yoast.com\/product\/yoast-seo-wordpress\/ -->\n<title>Camper-Modul mit FI-Schutzschalter-Set - ICY<\/title>\n<meta name=\"robots\" content=\"index, follow, max-snippet:-1, max-image-preview:large, max-video-preview:-1\" \/>\n<link rel=\"canonical\" href=\"https:\/\/www.icy.nl\/de\/produkt\/camper-modul-mit-fi-schutzschalter-set\/\" \/>\n<meta property=\"og:locale\" content=\"de_DE\" \/>\n<meta property=\"og:type\" content=\"article\" \/>\n<meta property=\"og:title\" content=\"Camper-Modul mit FI-Schutzschalter-Set - ICY\" \/>\n<meta property=\"og:description\" content=\"ICY5035CA Camper-Modul mit Fehlerstrom-Schutzschalter (DIN) 16 A \u2013 Einstellung Das Camper-Modul kann per Fernzugriff \u00fcber ICY Campsite Management oder ICY Marina Management auf eine bestimmte Stromst\u00e4rke eingestellt werden.  Auch dient die Steckdose als Messger\u00e4t, welches den Stromverbrauch misst. Dieses kann auf einer Hutschiene montiert werden. Das Modul ist MID zertifiziert und schaltet bis maximal 16A. Dieses Set enth\u00e4lt au\u00dferdem einen 16A-Fehlerstrom-Schutzschalter. Dieser zugelassene Fehlerstrom-Schutzschalter ist von der Marke C-Pak und ist 1 Modul breit. Ein Fehlerstrom-Schutzschalter beinhaltet neben einem Fehlerstrom-Schutzschalter auch einen Installationsschutzschalter. Damit ist der Fehlerstrom-Schutzschalter eine Schutzeinrichtung, die auf Leckstr\u00f6me, Kurzschl\u00fcsse und \u00dcberstr\u00f6me reagiert, die bei \u00dcberlastung auftreten. Der Fehlerstrom-Schutzschalter enth\u00e4lt alle diese Schutzfunktionen in einem kompakten, nur 18 mm breiten Geh\u00e4use, was viel Platz in Ihren Schaltschr\u00e4nken spart. Durch die Wahl eines 16A FI-Schutzschalters l\u00e4sst sich das ICY Camp\u00e8re Modul auch flexibel bis 16A einstellen. Die Software kennt die Gesamtkapazit\u00e4t des Campingplatzes und sorgt daf\u00fcr, dass dieser nicht \u00fcberlastet wird. Eine Gewichtserh\u00f6hung der Kabel und Hauptsicherungen ist somit nicht erforderlich. Damit steht Ihnen pro Standort ein Fehlerstrom-Schutzschalter zur Verf\u00fcgung. \u00c4ltere Anlagen verf\u00fcgen h\u00e4ufig \u00fcber einen Fehlerstrom-Schutzschalter pro 4 Standorte. Verursacht nun eine Person einen Kurzschluss, sind 4 Stellen ohne Strom. Dadurch wird das Problem noch dringlicher und es ist auch schwieriger, es zu finden. Der Fehlerstrom-Schutzschalter ist nur ein Modul breit. Somit passt er immer in den Schrank, denn er ersetzt die alten Maschinen. In manchen F\u00e4llen wird dadurch tats\u00e4chlich Platz geschaffen.\" \/>\n<meta property=\"og:url\" content=\"https:\/\/www.icy.nl\/de\/produkt\/camper-modul-mit-fi-schutzschalter-set\/\" \/>\n<meta property=\"og:site_name\" content=\"ICY\" \/>\n<meta property=\"og:image\" content=\"https:\/\/www.icy.nl\/wp-content\/uploads\/2020\/09\/5035CA-aardlekautomaat-campere-module.jpg\" \/>\n\t<meta property=\"og:image:width\" content=\"800\" \/>\n\t<meta property=\"og:image:height\" content=\"800\" \/>\n\t<meta property=\"og:image:type\" content=\"image\/jpeg\" \/>\n<meta name=\"twitter:card\" content=\"summary_large_image\" \/>\n<script type=\"application\/ld+json\" class=\"yoast-schema-graph\">{\"@context\":\"https:\\\/\\\/schema.org\",\"@graph\":[{\"@type\":\"WebPage\",\"@id\":\"https:\\\/\\\/www.icy.nl\\\/de\\\/produkt\\\/camper-modul-mit-fi-schutzschalter-set\\\/\",\"url\":\"https:\\\/\\\/www.icy.nl\\\/de\\\/produkt\\\/camper-modul-mit-fi-schutzschalter-set\\\/\",\"name\":\"Camper-Modul mit FI-Schutzschalter-Set - ICY\",\"isPartOf\":{\"@id\":\"https:\\\/\\\/www.icy.nl\\\/de\\\/#website\"},\"primaryImageOfPage\":{\"@id\":\"https:\\\/\\\/www.icy.nl\\\/de\\\/produkt\\\/camper-modul-mit-fi-schutzschalter-set\\\/#primaryimage\"},\"image\":{\"@id\":\"https:\\\/\\\/www.icy.nl\\\/de\\\/produkt\\\/camper-modul-mit-fi-schutzschalter-set\\\/#primaryimage\"},\"thumbnailUrl\":\"https:\\\/\\\/www.icy.nl\\\/wp-content\\\/uploads\\\/2020\\\/09\\\/5035CA-aardlekautomaat-campere-module.jpg\",\"datePublished\":\"2025-01-14T09:30:51+00:00\",\"breadcrumb\":{\"@id\":\"https:\\\/\\\/www.icy.nl\\\/de\\\/produkt\\\/camper-modul-mit-fi-schutzschalter-set\\\/#breadcrumb\"},\"inLanguage\":\"de\",\"potentialAction\":[{\"@type\":\"ReadAction\",\"target\":[\"https:\\\/\\\/www.icy.nl\\\/de\\\/produkt\\\/camper-modul-mit-fi-schutzschalter-set\\\/\"]}]},{\"@type\":\"ImageObject\",\"inLanguage\":\"de\",\"@id\":\"https:\\\/\\\/www.icy.nl\\\/de\\\/produkt\\\/camper-modul-mit-fi-schutzschalter-set\\\/#primaryimage\",\"url\":\"https:\\\/\\\/www.icy.nl\\\/wp-content\\\/uploads\\\/2020\\\/09\\\/5035CA-aardlekautomaat-campere-module.jpg\",\"contentUrl\":\"https:\\\/\\\/www.icy.nl\\\/wp-content\\\/uploads\\\/2020\\\/09\\\/5035CA-aardlekautomaat-campere-module.jpg\",\"width\":800,\"height\":800},{\"@type\":\"BreadcrumbList\",\"@id\":\"https:\\\/\\\/www.icy.nl\\\/de\\\/produkt\\\/camper-modul-mit-fi-schutzschalter-set\\\/#breadcrumb\",\"itemListElement\":[{\"@type\":\"ListItem\",\"position\":1,\"name\":\"Home\",\"item\":\"https:\\\/\\\/www.icy.nl\\\/de\\\/\"},{\"@type\":\"ListItem\",\"position\":2,\"name\":\"Produkte\",\"item\":\"https:\\\/\\\/www.icy.nl\\\/de\\\/produkte\\\/\"},{\"@type\":\"ListItem\",\"position\":3,\"name\":\"Camper-Modul mit FI-Schutzschalter-Set\"}]},{\"@type\":\"WebSite\",\"@id\":\"https:\\\/\\\/www.icy.nl\\\/de\\\/#website\",\"url\":\"https:\\\/\\\/www.icy.nl\\\/de\\\/\",\"name\":\"ICY\",\"description\":\"Smartmotica solutions\",\"publisher\":{\"@id\":\"https:\\\/\\\/www.icy.nl\\\/de\\\/#organization\"},\"potentialAction\":[{\"@type\":\"SearchAction\",\"target\":{\"@type\":\"EntryPoint\",\"urlTemplate\":\"https:\\\/\\\/www.icy.nl\\\/de\\\/?s={search_term_string}\"},\"query-input\":{\"@type\":\"PropertyValueSpecification\",\"valueRequired\":true,\"valueName\":\"search_term_string\"}}],\"inLanguage\":\"de\"},{\"@type\":\"Organization\",\"@id\":\"https:\\\/\\\/www.icy.nl\\\/de\\\/#organization\",\"name\":\"I.C.Y. B.V.\",\"url\":\"https:\\\/\\\/www.icy.nl\\\/de\\\/\",\"logo\":{\"@type\":\"ImageObject\",\"inLanguage\":\"de\",\"@id\":\"https:\\\/\\\/www.icy.nl\\\/de\\\/#\\\/schema\\\/logo\\\/image\\\/\",\"url\":\"https:\\\/\\\/www.icy.nl\\\/wp-content\\\/uploads\\\/2016\\\/11\\\/logo-icy.jpg\",\"contentUrl\":\"https:\\\/\\\/www.icy.nl\\\/wp-content\\\/uploads\\\/2016\\\/11\\\/logo-icy.jpg\",\"width\":400,\"height\":101,\"caption\":\"I.C.Y. B.V.\"},\"image\":{\"@id\":\"https:\\\/\\\/www.icy.nl\\\/de\\\/#\\\/schema\\\/logo\\\/image\\\/\"}}]}<\/script>\n<!-- \/ Yoast SEO plugin. -->","yoast_head_json":{"title":"Camper-Modul mit FI-Schutzschalter-Set - ICY","robots":{"index":"index","follow":"follow","max-snippet":"max-snippet:-1","max-image-preview":"max-image-preview:large","max-video-preview":"max-video-preview:-1"},"canonical":"https:\/\/www.icy.nl\/de\/produkt\/camper-modul-mit-fi-schutzschalter-set\/","og_locale":"de_DE","og_type":"article","og_title":"Camper-Modul mit FI-Schutzschalter-Set - ICY","og_description":"ICY5035CA Camper-Modul mit Fehlerstrom-Schutzschalter (DIN) 16 A \u2013 Einstellung Das Camper-Modul kann per Fernzugriff \u00fcber ICY Campsite Management oder ICY Marina Management auf eine bestimmte Stromst\u00e4rke eingestellt werden.  Auch dient die Steckdose als Messger\u00e4t, welches den Stromverbrauch misst. Dieses kann auf einer Hutschiene montiert werden. Das Modul ist MID zertifiziert und schaltet bis maximal 16A. Dieses Set enth\u00e4lt au\u00dferdem einen 16A-Fehlerstrom-Schutzschalter. Dieser zugelassene Fehlerstrom-Schutzschalter ist von der Marke C-Pak und ist 1 Modul breit. Ein Fehlerstrom-Schutzschalter beinhaltet neben einem Fehlerstrom-Schutzschalter auch einen Installationsschutzschalter. Damit ist der Fehlerstrom-Schutzschalter eine Schutzeinrichtung, die auf Leckstr\u00f6me, Kurzschl\u00fcsse und \u00dcberstr\u00f6me reagiert, die bei \u00dcberlastung auftreten. Der Fehlerstrom-Schutzschalter enth\u00e4lt alle diese Schutzfunktionen in einem kompakten, nur 18 mm breiten Geh\u00e4use, was viel Platz in Ihren Schaltschr\u00e4nken spart. Durch die Wahl eines 16A FI-Schutzschalters l\u00e4sst sich das ICY Camp\u00e8re Modul auch flexibel bis 16A einstellen. Die Software kennt die Gesamtkapazit\u00e4t des Campingplatzes und sorgt daf\u00fcr, dass dieser nicht \u00fcberlastet wird. Eine Gewichtserh\u00f6hung der Kabel und Hauptsicherungen ist somit nicht erforderlich. Damit steht Ihnen pro Standort ein Fehlerstrom-Schutzschalter zur Verf\u00fcgung. \u00c4ltere Anlagen verf\u00fcgen h\u00e4ufig \u00fcber einen Fehlerstrom-Schutzschalter pro 4 Standorte. Verursacht nun eine Person einen Kurzschluss, sind 4 Stellen ohne Strom. Dadurch wird das Problem noch dringlicher und es ist auch schwieriger, es zu finden. Der Fehlerstrom-Schutzschalter ist nur ein Modul breit. Somit passt er immer in den Schrank, denn er ersetzt die alten Maschinen. In manchen F\u00e4llen wird dadurch tats\u00e4chlich Platz geschaffen.","og_url":"https:\/\/www.icy.nl\/de\/produkt\/camper-modul-mit-fi-schutzschalter-set\/","og_site_name":"ICY","og_image":[{"width":800,"height":800,"url":"https:\/\/www.icy.nl\/wp-content\/uploads\/2020\/09\/5035CA-aardlekautomaat-campere-module.jpg","type":"image\/jpeg"}],"twitter_card":"summary_large_image","schema":{"@context":"https:\/\/schema.org","@graph":[{"@type":"WebPage","@id":"https:\/\/www.icy.nl\/de\/produkt\/camper-modul-mit-fi-schutzschalter-set\/","url":"https:\/\/www.icy.nl\/de\/produkt\/camper-modul-mit-fi-schutzschalter-set\/","name":"Camper-Modul mit FI-Schutzschalter-Set - ICY","isPartOf":{"@id":"https:\/\/www.icy.nl\/de\/#website"},"primaryImageOfPage":{"@id":"https:\/\/www.icy.nl\/de\/produkt\/camper-modul-mit-fi-schutzschalter-set\/#primaryimage"},"image":{"@id":"https:\/\/www.icy.nl\/de\/produkt\/camper-modul-mit-fi-schutzschalter-set\/#primaryimage"},"thumbnailUrl":"https:\/\/www.icy.nl\/wp-content\/uploads\/2020\/09\/5035CA-aardlekautomaat-campere-module.jpg","datePublished":"2025-01-14T09:30:51+00:00","breadcrumb":{"@id":"https:\/\/www.icy.nl\/de\/produkt\/camper-modul-mit-fi-schutzschalter-set\/#breadcrumb"},"inLanguage":"de","potentialAction":[{"@type":"ReadAction","target":["https:\/\/www.icy.nl\/de\/produkt\/camper-modul-mit-fi-schutzschalter-set\/"]}]},{"@type":"ImageObject","inLanguage":"de","@id":"https:\/\/www.icy.nl\/de\/produkt\/camper-modul-mit-fi-schutzschalter-set\/#primaryimage","url":"https:\/\/www.icy.nl\/wp-content\/uploads\/2020\/09\/5035CA-aardlekautomaat-campere-module.jpg","contentUrl":"https:\/\/www.icy.nl\/wp-content\/uploads\/2020\/09\/5035CA-aardlekautomaat-campere-module.jpg","width":800,"height":800},{"@type":"BreadcrumbList","@id":"https:\/\/www.icy.nl\/de\/produkt\/camper-modul-mit-fi-schutzschalter-set\/#breadcrumb","itemListElement":[{"@type":"ListItem","position":1,"name":"Home","item":"https:\/\/www.icy.nl\/de\/"},{"@type":"ListItem","position":2,"name":"Produkte","item":"https:\/\/www.icy.nl\/de\/produkte\/"},{"@type":"ListItem","position":3,"name":"Camper-Modul mit FI-Schutzschalter-Set"}]},{"@type":"WebSite","@id":"https:\/\/www.icy.nl\/de\/#website","url":"https:\/\/www.icy.nl\/de\/","name":"ICY","description":"Smartmotica solutions","publisher":{"@id":"https:\/\/www.icy.nl\/de\/#organization"},"potentialAction":[{"@type":"SearchAction","target":{"@type":"EntryPoint","urlTemplate":"https:\/\/www.icy.nl\/de\/?s={search_term_string}"},"query-input":{"@type":"PropertyValueSpecification","valueRequired":true,"valueName":"search_term_string"}}],"inLanguage":"de"},{"@type":"Organization","@id":"https:\/\/www.icy.nl\/de\/#organization","name":"I.C.Y. B.V.","url":"https:\/\/www.icy.nl\/de\/","logo":{"@type":"ImageObject","inLanguage":"de","@id":"https:\/\/www.icy.nl\/de\/#\/schema\/logo\/image\/","url":"https:\/\/www.icy.nl\/wp-content\/uploads\/2016\/11\/logo-icy.jpg","contentUrl":"https:\/\/www.icy.nl\/wp-content\/uploads\/2016\/11\/logo-icy.jpg","width":400,"height":101,"caption":"I.C.Y. B.V."},"image":{"@id":"https:\/\/www.icy.nl\/de\/#\/schema\/logo\/image\/"}}]}},"featured_img":"https:\/\/www.icy.nl\/wp-content\/uploads\/2020\/09\/5035CA-aardlekautomaat-campere-module.jpg","coauthors":[],"author_meta":{"author_link":"https:\/\/www.icy.nl\/de\/author\/daniel\/","display_name":"Daniel van de Kamp"},"relative_dates":{"created":"Posted 6\u00a0Jahren ago","modified":"Updated 1\u00a0Jahr ago"},"absolute_dates":{"created":"Posted on 29. September 2020","modified":"Updated on 14. Januar 2025"},"absolute_dates_time":{"created":"Posted on 29. September 2020 7:34","modified":"Updated on 14. Januar 2025 10:30"},"featured_img_caption":"","tax_additional":{"product_brand":{"linked":[],"unlinked":[],"slug":"product_brand","name":"Marken"},"product_type":{"linked":["<a href=\"https:\/\/www.icy.nl\/de\/?taxonomy=product_type&#038;term=simple\" class=\"advgb-post-tax-term\">simple<\/a>"],"unlinked":["<span class=\"advgb-post-tax-term\">simple<\/span>"],"slug":"product_type","name":"Produkttyp"},"product_visibility":{"linked":[],"unlinked":[],"slug":"product_visibility","name":"Sichtbarkeit des Produkts"},"product_cat":{"linked":["<a href=\"https:\/\/www.icy.nl\/de\/product-categorie\/campsite-management-de\/\" class=\"advgb-post-tax-term\">Campsite Management<\/a>","<a href=\"https:\/\/www.icy.nl\/de\/product-categorie\/marina-management-de\/\" class=\"advgb-post-tax-term\">Marina Management<\/a>"],"unlinked":["<span class=\"advgb-post-tax-term\">Campsite Management<\/span>","<span class=\"advgb-post-tax-term\">Marina Management<\/span>"],"slug":"product_cat","name":"Produkt-Kategorien"},"product_tag":{"linked":[],"unlinked":[],"slug":"product_tag","name":"Produkt Schlagw\u00f6rter"},"product_shipping_class":{"linked":[],"unlinked":[],"slug":"product_shipping_class","name":"Produkt Versandklasse"},"pos_product_visibility":{"linked":[],"unlinked":[],"slug":"pos_product_visibility","name":"POS-Produkt-Sichtbarkeit."},"translation_priority":{"linked":["<a href=\"https:\/\/www.icy.nl\/de\/?taxonomy=translation_priority&#038;term=optional-de\" class=\"advgb-post-tax-term\">Optional<\/a>"],"unlinked":["<span class=\"advgb-post-tax-term\">Optional<\/span>"],"slug":"translation_priority","name":"\u00dcbersetzungspriorit\u00e4ten"}},"series_order":"","_links":{"self":[{"href":"https:\/\/www.icy.nl\/de\/wp-json\/wp\/v2\/product\/57612","targetHints":{"allow":["GET"]}}],"collection":[{"href":"https:\/\/www.icy.nl\/de\/wp-json\/wp\/v2\/product"}],"about":[{"href":"https:\/\/www.icy.nl\/de\/wp-json\/wp\/v2\/types\/product"}],"wp:featuredmedia":[{"embeddable":true,"href":"https:\/\/www.icy.nl\/de\/wp-json\/wp\/v2\/media\/32402"}],"wp:attachment":[{"href":"https:\/\/www.icy.nl\/de\/wp-json\/wp\/v2\/media?parent=57612"}],"wp:term":[{"taxonomy":"product_brand","embeddable":true,"href":"https:\/\/www.icy.nl\/de\/wp-json\/wp\/v2\/product_brand?post=57612"},{"taxonomy":"product_cat","embeddable":true,"href":"https:\/\/www.icy.nl\/de\/wp-json\/wp\/v2\/product_cat?post=57612"},{"taxonomy":"product_tag","embeddable":true,"href":"https:\/\/www.icy.nl\/de\/wp-json\/wp\/v2\/product_tag?post=57612"}],"curies":[{"name":"wp","href":"https:\/\/api.w.org\/{rel}","templated":true}]}}