{"id":57627,"date":"2017-06-20T08:14:07","date_gmt":"2025-01-14T10:09:56","guid":{"rendered":"https:\/\/www.icy.nl\/product\/wireless-extension-module\/"},"modified":"2025-01-14T11:09:56","modified_gmt":"2025-01-14T10:09:56","slug":"wireless-extension-module","status":"publish","type":"product","link":"https:\/\/www.icy.nl\/de\/produkt\/wireless-extension-module\/","title":{"rendered":"Wireless extension module"},"content":{"rendered":"<p>Durch Anbringen dieses Moduls an einem Firex Rauch- oder W\u00e4rmemelder der KF-Reihe kann eine drahtlose Verbindung zum Melder hergestellt werden.<\/p>\n<p>Das Modul ICY4529IN l\u00e4sst sich leicht installieren und auch die Verbindung mit anderen Meldern mit diesem Modul ist sehr einfach. einfach (bis zu 32 Melder in einer Gruppe).<\/p>\n<p>Geeignet um Feuer- oder Rauchalarme in Unterk\u00fcnften oder Sanit\u00e4rgeb\u00e4uden \u00fcber das ICY Accommodation Management und das ICY Campsite Management an die Rezeption von Ferienparks oder Campingpl\u00e4tzen zu melden.<\/p>\n","protected":false},"excerpt":{"rendered":"<ul>\n<li>Kann auf einem Firex Rauch- oder W\u00e4rmemelder der KF-Reihe verwendet werden.<\/li>\n<li>Einfache drahtlose Gruppierung mehrerer Melder zu einer Alarmgruppe (max. 32 Einheiten).<\/li>\n<li>Drahtlos einsetzbar im ICY-CC mit diversen Alarm- und Statusmeldungen.<\/li>\n<li>Geeignet f\u00fcr Detektoren mit 230 V-Stromversorgung.<\/li>\n<li>Lebensdauer 10 Jahre<\/li>\n<li>Integrierte \u201eLong Life\u201c-Lithiumbatterie (keine herausnehmbaren Batterien).<\/li>\n<\/ul>\n","protected":false},"author":2946,"featured_media":38434,"template":"","meta":{"advgb_blocks_editor_width":"","advgb_blocks_columns_visual_guide":"","_genesis_hide_title":false,"_genesis_hide_breadcrumbs":false,"_genesis_hide_singular_image":false,"_genesis_hide_footer_widgets":false,"_genesis_custom_body_class":"","_genesis_custom_post_class":"","_genesis_layout":""},"product_brand":[],"product_cat":[146],"product_tag":[],"class_list":{"0":"post-57627","1":"product","2":"type-product","3":"status-publish","4":"has-post-thumbnail","6":"product_cat-rauch-und-hitzemelder","7":"entry","9":"first","10":"instock","11":"virtual","12":"taxable","13":"product-type-simple"},"yoast_head":"<!-- This site is optimized with the Yoast SEO plugin v27.5 - https:\/\/yoast.com\/product\/yoast-seo-wordpress\/ -->\n<title>Wireless extension module - ICY<\/title>\n<meta name=\"robots\" content=\"index, follow, max-snippet:-1, max-image-preview:large, max-video-preview:-1\" \/>\n<link rel=\"canonical\" href=\"https:\/\/www.icy.nl\/de\/produkt\/wireless-extension-module\/\" \/>\n<meta property=\"og:locale\" content=\"de_DE\" \/>\n<meta property=\"og:type\" content=\"article\" \/>\n<meta property=\"og:title\" content=\"Wireless extension module - ICY\" \/>\n<meta property=\"og:description\" content=\"Kann auf einem Firex Rauch- oder W\u00e4rmemelder der KF-Reihe verwendet werden.  Einfache drahtlose Gruppierung mehrerer Melder zu einer Alarmgruppe (max. 32 Einheiten).  Drahtlos einsetzbar im ICY-CC mit diversen Alarm- und Statusmeldungen.  Geeignet f\u00fcr Detektoren mit 230 V-Stromversorgung.  Lebensdauer 10 Jahre  Integrierte \u201eLong Life\u201c-Lithiumbatterie (keine herausnehmbaren Batterien).\" \/>\n<meta property=\"og:url\" content=\"https:\/\/www.icy.nl\/de\/produkt\/wireless-extension-module\/\" \/>\n<meta property=\"og:site_name\" content=\"ICY\" \/>\n<meta property=\"og:image\" content=\"https:\/\/www.icy.nl\/wp-content\/uploads\/2021\/04\/4529IN-Wireless-extension-ring.jpg\" \/>\n\t<meta property=\"og:image:width\" content=\"600\" \/>\n\t<meta property=\"og:image:height\" content=\"600\" \/>\n\t<meta property=\"og:image:type\" content=\"image\/jpeg\" \/>\n<meta name=\"twitter:card\" content=\"summary_large_image\" \/>\n<script type=\"application\/ld+json\" class=\"yoast-schema-graph\">{\"@context\":\"https:\\\/\\\/schema.org\",\"@graph\":[{\"@type\":\"WebPage\",\"@id\":\"https:\\\/\\\/www.icy.nl\\\/de\\\/produkt\\\/wireless-extension-module\\\/\",\"url\":\"https:\\\/\\\/www.icy.nl\\\/de\\\/produkt\\\/wireless-extension-module\\\/\",\"name\":\"Wireless extension module - ICY\",\"isPartOf\":{\"@id\":\"https:\\\/\\\/www.icy.nl\\\/de\\\/#website\"},\"primaryImageOfPage\":{\"@id\":\"https:\\\/\\\/www.icy.nl\\\/de\\\/produkt\\\/wireless-extension-module\\\/#primaryimage\"},\"image\":{\"@id\":\"https:\\\/\\\/www.icy.nl\\\/de\\\/produkt\\\/wireless-extension-module\\\/#primaryimage\"},\"thumbnailUrl\":\"https:\\\/\\\/www.icy.nl\\\/wp-content\\\/uploads\\\/2021\\\/04\\\/4529IN-Wireless-extension-ring.jpg\",\"datePublished\":\"2025-01-14T10:09:56+00:00\",\"breadcrumb\":{\"@id\":\"https:\\\/\\\/www.icy.nl\\\/de\\\/produkt\\\/wireless-extension-module\\\/#breadcrumb\"},\"inLanguage\":\"de\",\"potentialAction\":[{\"@type\":\"ReadAction\",\"target\":[\"https:\\\/\\\/www.icy.nl\\\/de\\\/produkt\\\/wireless-extension-module\\\/\"]}]},{\"@type\":\"ImageObject\",\"inLanguage\":\"de\",\"@id\":\"https:\\\/\\\/www.icy.nl\\\/de\\\/produkt\\\/wireless-extension-module\\\/#primaryimage\",\"url\":\"https:\\\/\\\/www.icy.nl\\\/wp-content\\\/uploads\\\/2021\\\/04\\\/4529IN-Wireless-extension-ring.jpg\",\"contentUrl\":\"https:\\\/\\\/www.icy.nl\\\/wp-content\\\/uploads\\\/2021\\\/04\\\/4529IN-Wireless-extension-ring.jpg\",\"width\":600,\"height\":600},{\"@type\":\"BreadcrumbList\",\"@id\":\"https:\\\/\\\/www.icy.nl\\\/de\\\/produkt\\\/wireless-extension-module\\\/#breadcrumb\",\"itemListElement\":[{\"@type\":\"ListItem\",\"position\":1,\"name\":\"Home\",\"item\":\"https:\\\/\\\/www.icy.nl\\\/de\\\/\"},{\"@type\":\"ListItem\",\"position\":2,\"name\":\"Produkte\",\"item\":\"https:\\\/\\\/www.icy.nl\\\/de\\\/produkte\\\/\"},{\"@type\":\"ListItem\",\"position\":3,\"name\":\"Wireless extension module\"}]},{\"@type\":\"WebSite\",\"@id\":\"https:\\\/\\\/www.icy.nl\\\/de\\\/#website\",\"url\":\"https:\\\/\\\/www.icy.nl\\\/de\\\/\",\"name\":\"ICY\",\"description\":\"Smartmotica solutions\",\"publisher\":{\"@id\":\"https:\\\/\\\/www.icy.nl\\\/de\\\/#organization\"},\"potentialAction\":[{\"@type\":\"SearchAction\",\"target\":{\"@type\":\"EntryPoint\",\"urlTemplate\":\"https:\\\/\\\/www.icy.nl\\\/de\\\/?s={search_term_string}\"},\"query-input\":{\"@type\":\"PropertyValueSpecification\",\"valueRequired\":true,\"valueName\":\"search_term_string\"}}],\"inLanguage\":\"de\"},{\"@type\":\"Organization\",\"@id\":\"https:\\\/\\\/www.icy.nl\\\/de\\\/#organization\",\"name\":\"I.C.Y. B.V.\",\"url\":\"https:\\\/\\\/www.icy.nl\\\/de\\\/\",\"logo\":{\"@type\":\"ImageObject\",\"inLanguage\":\"de\",\"@id\":\"https:\\\/\\\/www.icy.nl\\\/de\\\/#\\\/schema\\\/logo\\\/image\\\/\",\"url\":\"https:\\\/\\\/www.icy.nl\\\/wp-content\\\/uploads\\\/2016\\\/11\\\/logo-icy.jpg\",\"contentUrl\":\"https:\\\/\\\/www.icy.nl\\\/wp-content\\\/uploads\\\/2016\\\/11\\\/logo-icy.jpg\",\"width\":400,\"height\":101,\"caption\":\"I.C.Y. B.V.\"},\"image\":{\"@id\":\"https:\\\/\\\/www.icy.nl\\\/de\\\/#\\\/schema\\\/logo\\\/image\\\/\"}}]}<\/script>\n<!-- \/ Yoast SEO plugin. -->","yoast_head_json":{"title":"Wireless extension module - ICY","robots":{"index":"index","follow":"follow","max-snippet":"max-snippet:-1","max-image-preview":"max-image-preview:large","max-video-preview":"max-video-preview:-1"},"canonical":"https:\/\/www.icy.nl\/de\/produkt\/wireless-extension-module\/","og_locale":"de_DE","og_type":"article","og_title":"Wireless extension module - ICY","og_description":"Kann auf einem Firex Rauch- oder W\u00e4rmemelder der KF-Reihe verwendet werden.  Einfache drahtlose Gruppierung mehrerer Melder zu einer Alarmgruppe (max. 32 Einheiten).  Drahtlos einsetzbar im ICY-CC mit diversen Alarm- und Statusmeldungen.  Geeignet f\u00fcr Detektoren mit 230 V-Stromversorgung.  Lebensdauer 10 Jahre  Integrierte \u201eLong Life\u201c-Lithiumbatterie (keine herausnehmbaren Batterien).","og_url":"https:\/\/www.icy.nl\/de\/produkt\/wireless-extension-module\/","og_site_name":"ICY","og_image":[{"width":600,"height":600,"url":"https:\/\/www.icy.nl\/wp-content\/uploads\/2021\/04\/4529IN-Wireless-extension-ring.jpg","type":"image\/jpeg"}],"twitter_card":"summary_large_image","schema":{"@context":"https:\/\/schema.org","@graph":[{"@type":"WebPage","@id":"https:\/\/www.icy.nl\/de\/produkt\/wireless-extension-module\/","url":"https:\/\/www.icy.nl\/de\/produkt\/wireless-extension-module\/","name":"Wireless extension module - ICY","isPartOf":{"@id":"https:\/\/www.icy.nl\/de\/#website"},"primaryImageOfPage":{"@id":"https:\/\/www.icy.nl\/de\/produkt\/wireless-extension-module\/#primaryimage"},"image":{"@id":"https:\/\/www.icy.nl\/de\/produkt\/wireless-extension-module\/#primaryimage"},"thumbnailUrl":"https:\/\/www.icy.nl\/wp-content\/uploads\/2021\/04\/4529IN-Wireless-extension-ring.jpg","datePublished":"2025-01-14T10:09:56+00:00","breadcrumb":{"@id":"https:\/\/www.icy.nl\/de\/produkt\/wireless-extension-module\/#breadcrumb"},"inLanguage":"de","potentialAction":[{"@type":"ReadAction","target":["https:\/\/www.icy.nl\/de\/produkt\/wireless-extension-module\/"]}]},{"@type":"ImageObject","inLanguage":"de","@id":"https:\/\/www.icy.nl\/de\/produkt\/wireless-extension-module\/#primaryimage","url":"https:\/\/www.icy.nl\/wp-content\/uploads\/2021\/04\/4529IN-Wireless-extension-ring.jpg","contentUrl":"https:\/\/www.icy.nl\/wp-content\/uploads\/2021\/04\/4529IN-Wireless-extension-ring.jpg","width":600,"height":600},{"@type":"BreadcrumbList","@id":"https:\/\/www.icy.nl\/de\/produkt\/wireless-extension-module\/#breadcrumb","itemListElement":[{"@type":"ListItem","position":1,"name":"Home","item":"https:\/\/www.icy.nl\/de\/"},{"@type":"ListItem","position":2,"name":"Produkte","item":"https:\/\/www.icy.nl\/de\/produkte\/"},{"@type":"ListItem","position":3,"name":"Wireless extension module"}]},{"@type":"WebSite","@id":"https:\/\/www.icy.nl\/de\/#website","url":"https:\/\/www.icy.nl\/de\/","name":"ICY","description":"Smartmotica solutions","publisher":{"@id":"https:\/\/www.icy.nl\/de\/#organization"},"potentialAction":[{"@type":"SearchAction","target":{"@type":"EntryPoint","urlTemplate":"https:\/\/www.icy.nl\/de\/?s={search_term_string}"},"query-input":{"@type":"PropertyValueSpecification","valueRequired":true,"valueName":"search_term_string"}}],"inLanguage":"de"},{"@type":"Organization","@id":"https:\/\/www.icy.nl\/de\/#organization","name":"I.C.Y. B.V.","url":"https:\/\/www.icy.nl\/de\/","logo":{"@type":"ImageObject","inLanguage":"de","@id":"https:\/\/www.icy.nl\/de\/#\/schema\/logo\/image\/","url":"https:\/\/www.icy.nl\/wp-content\/uploads\/2016\/11\/logo-icy.jpg","contentUrl":"https:\/\/www.icy.nl\/wp-content\/uploads\/2016\/11\/logo-icy.jpg","width":400,"height":101,"caption":"I.C.Y. B.V."},"image":{"@id":"https:\/\/www.icy.nl\/de\/#\/schema\/logo\/image\/"}}]}},"featured_img":"https:\/\/www.icy.nl\/wp-content\/uploads\/2021\/04\/4529IN-Wireless-extension-ring.jpg","coauthors":[],"author_meta":{"author_link":"https:\/\/www.icy.nl\/de\/author\/daniel\/","display_name":"Daniel van de Kamp"},"relative_dates":{"created":"Posted 9\u00a0Jahren ago","modified":"Updated 1\u00a0Jahr ago"},"absolute_dates":{"created":"Posted on 20. Juni 2017","modified":"Updated on 14. Januar 2025"},"absolute_dates_time":{"created":"Posted on 20. Juni 2017 8:14","modified":"Updated on 14. Januar 2025 11:09"},"featured_img_caption":"","tax_additional":{"product_brand":{"linked":[],"unlinked":[],"slug":"product_brand","name":"Marken"},"product_type":{"linked":["<a href=\"https:\/\/www.icy.nl\/de\/?taxonomy=product_type&#038;term=simple\" class=\"advgb-post-tax-term\">simple<\/a>"],"unlinked":["<span class=\"advgb-post-tax-term\">simple<\/span>"],"slug":"product_type","name":"Produkttyp"},"product_visibility":{"linked":[],"unlinked":[],"slug":"product_visibility","name":"Sichtbarkeit des Produkts"},"product_cat":{"linked":["<a href=\"https:\/\/www.icy.nl\/de\/product-categorie\/rauch-und-hitzemelder\/\" class=\"advgb-post-tax-term\">Rauch- und Hitzemelder<\/a>"],"unlinked":["<span class=\"advgb-post-tax-term\">Rauch- und Hitzemelder<\/span>"],"slug":"product_cat","name":"Produkt-Kategorien"},"product_tag":{"linked":[],"unlinked":[],"slug":"product_tag","name":"Produkt Schlagw\u00f6rter"},"product_shipping_class":{"linked":[],"unlinked":[],"slug":"product_shipping_class","name":"Produkt Versandklasse"},"pos_product_visibility":{"linked":[],"unlinked":[],"slug":"pos_product_visibility","name":"POS-Produkt-Sichtbarkeit."},"translation_priority":{"linked":["<a href=\"https:\/\/www.icy.nl\/de\/?taxonomy=translation_priority&#038;term=optional-de\" class=\"advgb-post-tax-term\">Optional<\/a>"],"unlinked":["<span class=\"advgb-post-tax-term\">Optional<\/span>"],"slug":"translation_priority","name":"\u00dcbersetzungspriorit\u00e4ten"}},"series_order":"","_links":{"self":[{"href":"https:\/\/www.icy.nl\/de\/wp-json\/wp\/v2\/product\/57627","targetHints":{"allow":["GET"]}}],"collection":[{"href":"https:\/\/www.icy.nl\/de\/wp-json\/wp\/v2\/product"}],"about":[{"href":"https:\/\/www.icy.nl\/de\/wp-json\/wp\/v2\/types\/product"}],"wp:featuredmedia":[{"embeddable":true,"href":"https:\/\/www.icy.nl\/de\/wp-json\/wp\/v2\/media\/38434"}],"wp:attachment":[{"href":"https:\/\/www.icy.nl\/de\/wp-json\/wp\/v2\/media?parent=57627"}],"wp:term":[{"taxonomy":"product_brand","embeddable":true,"href":"https:\/\/www.icy.nl\/de\/wp-json\/wp\/v2\/product_brand?post=57627"},{"taxonomy":"product_cat","embeddable":true,"href":"https:\/\/www.icy.nl\/de\/wp-json\/wp\/v2\/product_cat?post=57627"},{"taxonomy":"product_tag","embeddable":true,"href":"https:\/\/www.icy.nl\/de\/wp-json\/wp\/v2\/product_tag?post=57627"}],"curies":[{"name":"wp","href":"https:\/\/api.w.org\/{rel}","templated":true}]}}