{"id":57640,"date":"2018-02-26T15:05:49","date_gmt":"2025-01-14T11:01:18","guid":{"rendered":"https:\/\/www.icy.nl\/product\/pumpenschalter-schlaeuche-kleiner-oder-gleich-22-mm-durchmesser\/"},"modified":"2025-01-14T12:01:18","modified_gmt":"2025-01-14T11:01:18","slug":"pumpenschalter-schlaeuche-kleiner-oder-gleich-22-mm-durchmesser","status":"publish","type":"product","link":"https:\/\/www.icy.nl\/de\/produkt\/pumpenschalter-schlaeuche-kleiner-oder-gleich-22-mm-durchmesser\/","title":{"rendered":"Pumpenschalter (Schl\u00e4uche kleiner oder gleich 22 mm Durchmesser)"},"content":{"rendered":"","protected":false},"excerpt":{"rendered":"<p>Auch wenn eine Fu\u00dfbodenheizung oftmals gar nicht heizen muss, l\u00e4uft die Fu\u00dfbodenheizungspumpe in vielen F\u00e4llen den ganzen Tag, egal ob dies notwendig ist oder nicht. Der ICY Pumpenschalter sorgt daf\u00fcr, dass die Pumpe nur dann eingeschaltet wird, wenn ein W\u00e4rmebedarf besteht. Sobald der Kessel zu brennen beginnt, schaltet der Pumpenschalter die Pumpe ein. Der mit diesem Produkt mitgelieferte Sensor ist f\u00fcr Heizungsrohre mit einem Durchmesser von 22 mm oder weniger geeignet.   <\/p>\n<p class=\"price\"><span class=\"woocommerce-Price-amount amount\"><bdi><span class=\"woocommerce-Price-currencySymbol\">\u20ac<\/span>64,-<\/bdi><\/span> <small class=\"woocommerce-price-suffix\">exkl. MwSt. <\/small><\/p>\n<p>Dieses Produkt ist in unserem Webshop \u00fcber den untenstehenden Link erh\u00e4ltlich.<\/p>\n<p><a class=\"button-product\" href=\"https:\/\/icybv.odoo.com\/shop\/icy3325psc-pompschakelaar-voor-buizen-o-22mm-112\" target=\"_blank\" rel=\"noopener noreferrer\"><span>Zu diesem Produkt<\/span><\/a><\/p>\n","protected":false},"author":2946,"featured_media":57641,"template":"","meta":{"advgb_blocks_editor_width":"","advgb_blocks_columns_visual_guide":"","_genesis_hide_title":false,"_genesis_hide_breadcrumbs":false,"_genesis_hide_singular_image":false,"_genesis_hide_footer_widgets":false,"_genesis_custom_body_class":"","_genesis_custom_post_class":"","_genesis_layout":""},"product_brand":[],"product_cat":[109],"product_tag":[],"class_list":{"0":"post-57640","1":"product","2":"type-product","3":"status-publish","4":"has-post-thumbnail","6":"product_cat-geen-categorie","7":"product_shipping_class-normales-paket","8":"entry","10":"first","11":"instock","12":"taxable","13":"shipping-taxable","14":"product-type-simple"},"yoast_head":"<!-- This site is optimized with the Yoast SEO plugin v27.3 - https:\/\/yoast.com\/product\/yoast-seo-wordpress\/ -->\n<title>Pumpenschalter (Schl\u00e4uche kleiner oder gleich 22 mm Durchmesser) - ICY<\/title>\n<meta name=\"robots\" content=\"index, follow, max-snippet:-1, max-image-preview:large, max-video-preview:-1\" \/>\n<link rel=\"canonical\" href=\"https:\/\/www.icy.nl\/de\/produkt\/pumpenschalter-schlaeuche-kleiner-oder-gleich-22-mm-durchmesser\/\" \/>\n<meta property=\"og:locale\" content=\"de_DE\" \/>\n<meta property=\"og:type\" content=\"article\" \/>\n<meta property=\"og:title\" content=\"Pumpenschalter (Schl\u00e4uche kleiner oder gleich 22 mm Durchmesser) - ICY\" \/>\n<meta property=\"og:description\" content=\"Auch wenn eine Fu\u00dfbodenheizung oftmals gar nicht heizen muss, l\u00e4uft die Fu\u00dfbodenheizungspumpe in vielen F\u00e4llen den ganzen Tag, egal ob dies notwendig ist oder nicht. Der ICY Pumpenschalter sorgt daf\u00fcr, dass die Pumpe nur dann eingeschaltet wird, wenn ein W\u00e4rmebedarf besteht. Sobald der Kessel zu brennen beginnt, schaltet der Pumpenschalter die Pumpe ein. Der mit diesem Produkt mitgelieferte Sensor ist f\u00fcr Heizungsrohre mit einem Durchmesser von 22 mm oder weniger geeignet.   \u20ac64,- exkl. MwSt. Dieses Produkt ist in unserem Webshop \u00fcber den untenstehenden Link erh\u00e4ltlich. Zu diesem Produkt\" \/>\n<meta property=\"og:url\" content=\"https:\/\/www.icy.nl\/de\/produkt\/pumpenschalter-schlaeuche-kleiner-oder-gleich-22-mm-durchmesser\/\" \/>\n<meta property=\"og:site_name\" content=\"ICY\" \/>\n<meta property=\"og:image\" content=\"https:\/\/www.icy.nl\/wp-content\/uploads\/2016\/07\/3325PS-Pomschakelaar-voor-vloerverwarming.jpg\" \/>\n\t<meta property=\"og:image:width\" content=\"800\" \/>\n\t<meta property=\"og:image:height\" content=\"800\" \/>\n\t<meta property=\"og:image:type\" content=\"image\/jpeg\" \/>\n<meta name=\"twitter:card\" content=\"summary_large_image\" \/>\n<script type=\"application\/ld+json\" class=\"yoast-schema-graph\">{\"@context\":\"https:\\\/\\\/schema.org\",\"@graph\":[{\"@type\":\"WebPage\",\"@id\":\"https:\\\/\\\/www.icy.nl\\\/de\\\/produkt\\\/pumpenschalter-schlaeuche-kleiner-oder-gleich-22-mm-durchmesser\\\/\",\"url\":\"https:\\\/\\\/www.icy.nl\\\/de\\\/produkt\\\/pumpenschalter-schlaeuche-kleiner-oder-gleich-22-mm-durchmesser\\\/\",\"name\":\"Pumpenschalter (Schl\u00e4uche kleiner oder gleich 22 mm Durchmesser) - ICY\",\"isPartOf\":{\"@id\":\"https:\\\/\\\/www.icy.nl\\\/de\\\/#website\"},\"primaryImageOfPage\":{\"@id\":\"https:\\\/\\\/www.icy.nl\\\/de\\\/produkt\\\/pumpenschalter-schlaeuche-kleiner-oder-gleich-22-mm-durchmesser\\\/#primaryimage\"},\"image\":{\"@id\":\"https:\\\/\\\/www.icy.nl\\\/de\\\/produkt\\\/pumpenschalter-schlaeuche-kleiner-oder-gleich-22-mm-durchmesser\\\/#primaryimage\"},\"thumbnailUrl\":\"https:\\\/\\\/www.icy.nl\\\/wp-content\\\/uploads\\\/2016\\\/07\\\/3325PS-Pomschakelaar-voor-vloerverwarming.jpg\",\"datePublished\":\"2025-01-14T11:01:18+00:00\",\"breadcrumb\":{\"@id\":\"https:\\\/\\\/www.icy.nl\\\/de\\\/produkt\\\/pumpenschalter-schlaeuche-kleiner-oder-gleich-22-mm-durchmesser\\\/#breadcrumb\"},\"inLanguage\":\"de\",\"potentialAction\":[{\"@type\":\"ReadAction\",\"target\":[\"https:\\\/\\\/www.icy.nl\\\/de\\\/produkt\\\/pumpenschalter-schlaeuche-kleiner-oder-gleich-22-mm-durchmesser\\\/\"]}]},{\"@type\":\"ImageObject\",\"inLanguage\":\"de\",\"@id\":\"https:\\\/\\\/www.icy.nl\\\/de\\\/produkt\\\/pumpenschalter-schlaeuche-kleiner-oder-gleich-22-mm-durchmesser\\\/#primaryimage\",\"url\":\"https:\\\/\\\/www.icy.nl\\\/wp-content\\\/uploads\\\/2016\\\/07\\\/3325PS-Pomschakelaar-voor-vloerverwarming.jpg\",\"contentUrl\":\"https:\\\/\\\/www.icy.nl\\\/wp-content\\\/uploads\\\/2016\\\/07\\\/3325PS-Pomschakelaar-voor-vloerverwarming.jpg\",\"width\":800,\"height\":800},{\"@type\":\"BreadcrumbList\",\"@id\":\"https:\\\/\\\/www.icy.nl\\\/de\\\/produkt\\\/pumpenschalter-schlaeuche-kleiner-oder-gleich-22-mm-durchmesser\\\/#breadcrumb\",\"itemListElement\":[{\"@type\":\"ListItem\",\"position\":1,\"name\":\"Home\",\"item\":\"https:\\\/\\\/www.icy.nl\\\/de\\\/\"},{\"@type\":\"ListItem\",\"position\":2,\"name\":\"Produkte\",\"item\":\"https:\\\/\\\/www.icy.nl\\\/de\\\/produkte\\\/\"},{\"@type\":\"ListItem\",\"position\":3,\"name\":\"Pumpenschalter (Schl\u00e4uche kleiner oder gleich 22 mm Durchmesser)\"}]},{\"@type\":\"WebSite\",\"@id\":\"https:\\\/\\\/www.icy.nl\\\/de\\\/#website\",\"url\":\"https:\\\/\\\/www.icy.nl\\\/de\\\/\",\"name\":\"ICY\",\"description\":\"Smartmotica solutions\",\"publisher\":{\"@id\":\"https:\\\/\\\/www.icy.nl\\\/de\\\/#organization\"},\"potentialAction\":[{\"@type\":\"SearchAction\",\"target\":{\"@type\":\"EntryPoint\",\"urlTemplate\":\"https:\\\/\\\/www.icy.nl\\\/de\\\/?s={search_term_string}\"},\"query-input\":{\"@type\":\"PropertyValueSpecification\",\"valueRequired\":true,\"valueName\":\"search_term_string\"}}],\"inLanguage\":\"de\"},{\"@type\":\"Organization\",\"@id\":\"https:\\\/\\\/www.icy.nl\\\/de\\\/#organization\",\"name\":\"I.C.Y. B.V.\",\"url\":\"https:\\\/\\\/www.icy.nl\\\/de\\\/\",\"logo\":{\"@type\":\"ImageObject\",\"inLanguage\":\"de\",\"@id\":\"https:\\\/\\\/www.icy.nl\\\/de\\\/#\\\/schema\\\/logo\\\/image\\\/\",\"url\":\"https:\\\/\\\/www.icy.nl\\\/wp-content\\\/uploads\\\/2016\\\/11\\\/logo-icy.jpg\",\"contentUrl\":\"https:\\\/\\\/www.icy.nl\\\/wp-content\\\/uploads\\\/2016\\\/11\\\/logo-icy.jpg\",\"width\":400,\"height\":101,\"caption\":\"I.C.Y. B.V.\"},\"image\":{\"@id\":\"https:\\\/\\\/www.icy.nl\\\/de\\\/#\\\/schema\\\/logo\\\/image\\\/\"}}]}<\/script>\n<!-- \/ Yoast SEO plugin. -->","yoast_head_json":{"title":"Pumpenschalter (Schl\u00e4uche kleiner oder gleich 22 mm Durchmesser) - ICY","robots":{"index":"index","follow":"follow","max-snippet":"max-snippet:-1","max-image-preview":"max-image-preview:large","max-video-preview":"max-video-preview:-1"},"canonical":"https:\/\/www.icy.nl\/de\/produkt\/pumpenschalter-schlaeuche-kleiner-oder-gleich-22-mm-durchmesser\/","og_locale":"de_DE","og_type":"article","og_title":"Pumpenschalter (Schl\u00e4uche kleiner oder gleich 22 mm Durchmesser) - ICY","og_description":"Auch wenn eine Fu\u00dfbodenheizung oftmals gar nicht heizen muss, l\u00e4uft die Fu\u00dfbodenheizungspumpe in vielen F\u00e4llen den ganzen Tag, egal ob dies notwendig ist oder nicht. Der ICY Pumpenschalter sorgt daf\u00fcr, dass die Pumpe nur dann eingeschaltet wird, wenn ein W\u00e4rmebedarf besteht. Sobald der Kessel zu brennen beginnt, schaltet der Pumpenschalter die Pumpe ein. Der mit diesem Produkt mitgelieferte Sensor ist f\u00fcr Heizungsrohre mit einem Durchmesser von 22 mm oder weniger geeignet.   \u20ac64,- exkl. MwSt. Dieses Produkt ist in unserem Webshop \u00fcber den untenstehenden Link erh\u00e4ltlich. Zu diesem Produkt","og_url":"https:\/\/www.icy.nl\/de\/produkt\/pumpenschalter-schlaeuche-kleiner-oder-gleich-22-mm-durchmesser\/","og_site_name":"ICY","og_image":[{"width":800,"height":800,"url":"https:\/\/www.icy.nl\/wp-content\/uploads\/2016\/07\/3325PS-Pomschakelaar-voor-vloerverwarming.jpg","type":"image\/jpeg"}],"twitter_card":"summary_large_image","schema":{"@context":"https:\/\/schema.org","@graph":[{"@type":"WebPage","@id":"https:\/\/www.icy.nl\/de\/produkt\/pumpenschalter-schlaeuche-kleiner-oder-gleich-22-mm-durchmesser\/","url":"https:\/\/www.icy.nl\/de\/produkt\/pumpenschalter-schlaeuche-kleiner-oder-gleich-22-mm-durchmesser\/","name":"Pumpenschalter (Schl\u00e4uche kleiner oder gleich 22 mm Durchmesser) - ICY","isPartOf":{"@id":"https:\/\/www.icy.nl\/de\/#website"},"primaryImageOfPage":{"@id":"https:\/\/www.icy.nl\/de\/produkt\/pumpenschalter-schlaeuche-kleiner-oder-gleich-22-mm-durchmesser\/#primaryimage"},"image":{"@id":"https:\/\/www.icy.nl\/de\/produkt\/pumpenschalter-schlaeuche-kleiner-oder-gleich-22-mm-durchmesser\/#primaryimage"},"thumbnailUrl":"https:\/\/www.icy.nl\/wp-content\/uploads\/2016\/07\/3325PS-Pomschakelaar-voor-vloerverwarming.jpg","datePublished":"2025-01-14T11:01:18+00:00","breadcrumb":{"@id":"https:\/\/www.icy.nl\/de\/produkt\/pumpenschalter-schlaeuche-kleiner-oder-gleich-22-mm-durchmesser\/#breadcrumb"},"inLanguage":"de","potentialAction":[{"@type":"ReadAction","target":["https:\/\/www.icy.nl\/de\/produkt\/pumpenschalter-schlaeuche-kleiner-oder-gleich-22-mm-durchmesser\/"]}]},{"@type":"ImageObject","inLanguage":"de","@id":"https:\/\/www.icy.nl\/de\/produkt\/pumpenschalter-schlaeuche-kleiner-oder-gleich-22-mm-durchmesser\/#primaryimage","url":"https:\/\/www.icy.nl\/wp-content\/uploads\/2016\/07\/3325PS-Pomschakelaar-voor-vloerverwarming.jpg","contentUrl":"https:\/\/www.icy.nl\/wp-content\/uploads\/2016\/07\/3325PS-Pomschakelaar-voor-vloerverwarming.jpg","width":800,"height":800},{"@type":"BreadcrumbList","@id":"https:\/\/www.icy.nl\/de\/produkt\/pumpenschalter-schlaeuche-kleiner-oder-gleich-22-mm-durchmesser\/#breadcrumb","itemListElement":[{"@type":"ListItem","position":1,"name":"Home","item":"https:\/\/www.icy.nl\/de\/"},{"@type":"ListItem","position":2,"name":"Produkte","item":"https:\/\/www.icy.nl\/de\/produkte\/"},{"@type":"ListItem","position":3,"name":"Pumpenschalter (Schl\u00e4uche kleiner oder gleich 22 mm Durchmesser)"}]},{"@type":"WebSite","@id":"https:\/\/www.icy.nl\/de\/#website","url":"https:\/\/www.icy.nl\/de\/","name":"ICY","description":"Smartmotica solutions","publisher":{"@id":"https:\/\/www.icy.nl\/de\/#organization"},"potentialAction":[{"@type":"SearchAction","target":{"@type":"EntryPoint","urlTemplate":"https:\/\/www.icy.nl\/de\/?s={search_term_string}"},"query-input":{"@type":"PropertyValueSpecification","valueRequired":true,"valueName":"search_term_string"}}],"inLanguage":"de"},{"@type":"Organization","@id":"https:\/\/www.icy.nl\/de\/#organization","name":"I.C.Y. B.V.","url":"https:\/\/www.icy.nl\/de\/","logo":{"@type":"ImageObject","inLanguage":"de","@id":"https:\/\/www.icy.nl\/de\/#\/schema\/logo\/image\/","url":"https:\/\/www.icy.nl\/wp-content\/uploads\/2016\/11\/logo-icy.jpg","contentUrl":"https:\/\/www.icy.nl\/wp-content\/uploads\/2016\/11\/logo-icy.jpg","width":400,"height":101,"caption":"I.C.Y. B.V."},"image":{"@id":"https:\/\/www.icy.nl\/de\/#\/schema\/logo\/image\/"}}]}},"featured_img":"https:\/\/www.icy.nl\/wp-content\/uploads\/2016\/07\/3325PS-Pomschakelaar-voor-vloerverwarming.jpg","coauthors":[],"author_meta":{"author_link":"https:\/\/www.icy.nl\/de\/author\/daniel\/","display_name":"Daniel van de Kamp"},"relative_dates":{"created":"Posted 8\u00a0Jahren ago","modified":"Updated 1\u00a0Jahr ago"},"absolute_dates":{"created":"Posted on 26. Februar 2018","modified":"Updated on 14. Januar 2025"},"absolute_dates_time":{"created":"Posted on 26. Februar 2018 15:05","modified":"Updated on 14. Januar 2025 12:01"},"featured_img_caption":"","tax_additional":{"product_brand":{"linked":[],"unlinked":[],"slug":"product_brand","name":"Marken"},"product_type":{"linked":["<a href=\"https:\/\/www.icy.nl\/de\/?taxonomy=product_type&#038;term=simple\" class=\"advgb-post-tax-term\">simple<\/a>"],"unlinked":["<span class=\"advgb-post-tax-term\">simple<\/span>"],"slug":"product_type","name":"Produkttyp"},"product_visibility":{"linked":[],"unlinked":[],"slug":"product_visibility","name":"Sichtbarkeit des Produkts"},"product_cat":{"linked":["<a href=\"https:\/\/www.icy.nl\/fr\/product-categorie\/geen-categorie\/\" class=\"advgb-post-tax-term\">Geen categorie<\/a>"],"unlinked":["<span class=\"advgb-post-tax-term\">Geen categorie<\/span>"],"slug":"product_cat","name":"Produkt-Kategorien"},"product_tag":{"linked":[],"unlinked":[],"slug":"product_tag","name":"Produkt Schlagw\u00f6rter"},"product_shipping_class":{"linked":["<a href=\"https:\/\/www.icy.nl\/de\/?taxonomy=product_shipping_class&#038;term=normales-paket\" class=\"advgb-post-tax-term\">Normales Paket<\/a>"],"unlinked":["<span class=\"advgb-post-tax-term\">Normales Paket<\/span>"],"slug":"product_shipping_class","name":"Produkt Versandklasse"},"pos_product_visibility":{"linked":[],"unlinked":[],"slug":"pos_product_visibility","name":"POS-Produkt-Sichtbarkeit."},"translation_priority":{"linked":["<a href=\"https:\/\/www.icy.nl\/de\/?taxonomy=translation_priority&#038;term=optional-de\" class=\"advgb-post-tax-term\">Optional<\/a>"],"unlinked":["<span class=\"advgb-post-tax-term\">Optional<\/span>"],"slug":"translation_priority","name":"\u00dcbersetzungspriorit\u00e4ten"}},"series_order":"","_links":{"self":[{"href":"https:\/\/www.icy.nl\/de\/wp-json\/wp\/v2\/product\/57640","targetHints":{"allow":["GET"]}}],"collection":[{"href":"https:\/\/www.icy.nl\/de\/wp-json\/wp\/v2\/product"}],"about":[{"href":"https:\/\/www.icy.nl\/de\/wp-json\/wp\/v2\/types\/product"}],"wp:featuredmedia":[{"embeddable":true,"href":"https:\/\/www.icy.nl\/de\/wp-json\/wp\/v2\/media\/57641"}],"wp:attachment":[{"href":"https:\/\/www.icy.nl\/de\/wp-json\/wp\/v2\/media?parent=57640"}],"wp:term":[{"taxonomy":"product_brand","embeddable":true,"href":"https:\/\/www.icy.nl\/de\/wp-json\/wp\/v2\/product_brand?post=57640"},{"taxonomy":"product_cat","embeddable":true,"href":"https:\/\/www.icy.nl\/de\/wp-json\/wp\/v2\/product_cat?post=57640"},{"taxonomy":"product_tag","embeddable":true,"href":"https:\/\/www.icy.nl\/de\/wp-json\/wp\/v2\/product_tag?post=57640"}],"curies":[{"name":"wp","href":"https:\/\/api.w.org\/{rel}","templated":true}]}}