{"id":57647,"date":"2016-07-05T09:56:54","date_gmt":"2025-01-14T11:08:03","guid":{"rendered":"https:\/\/www.icy.nl\/product\/schalter-fuer-fussbodenheizungspumpe\/"},"modified":"2025-01-14T12:08:03","modified_gmt":"2025-01-14T11:08:03","slug":"schalter-fuer-fussbodenheizungspumpe","status":"publish","type":"product","link":"https:\/\/www.icy.nl\/de\/produkt\/schalter-fuer-fussbodenheizungspumpe\/","title":{"rendered":"Schalter f\u00fcr Fu\u00dfbodenheizungspumpe"},"content":{"rendered":"<h2>Energieeinsparung<\/h2>\n<p>Der Pumpenschalter spart Energie, denn er sorgt daf\u00fcr, dass die Pumpe der Fu\u00dfbodenheizung nur dann eingeschaltet wird, wenn auch der Heizkessel eingeschaltet ist. Aus diesem Grund amortisiert sich der Pumpenwechsel bereits nach etwa einem Jahr. <\/p>\n<h2>Einfache Installation<\/h2>\n<p><img loading=\"lazy\" decoding=\"async\" class=\"alignleft size-half-page wp-image-473\" src=\"https:\/\/www.icy.nl\/wp-content\/uploads\/2016\/07\/3325-Pomschakelaar-klem-435x366.jpg\" alt=\"3325-Pomschakelaar-klem\" width=\"435\" height=\"366\" srcset=\"https:\/\/www.icy.nl\/wp-content\/uploads\/2016\/07\/3325-Pomschakelaar-klem-435x366.jpg 435w, https:\/\/www.icy.nl\/wp-content\/uploads\/2016\/07\/3325-Pomschakelaar-klem-300x253.jpg 300w, https:\/\/www.icy.nl\/wp-content\/uploads\/2016\/07\/3325-Pomschakelaar-klem.jpg 600w\" sizes=\"auto, (max-width: 435px) 100vw, 435px\" \/>Die Pumpenschaltung l\u00e4sst sich ganz einfach selbst installieren. Stecken Sie den Pumpenschalter in die Steckdose. Der Stecker des Fu\u00dfbodenheizungsverteilers kommt dann in den Pumpenschalter. Klicken Sie die Klemme auf die Zuleitung des Fu\u00dfbodenheizungsverteilers.   <\/p>\n<h2>L\u00e4ngere Pumpenlebensdauer<\/h2>\n<p>Die Pumpe l\u00e4uft nicht mehr st\u00e4ndig und h\u00e4lt dadurch l\u00e4nger. Um ein Festfressen der Pumpe zu verhindern wird alle 24 Stunden die Pumpe kurz eingeschaltet. Es stehen zwei Typen zur Verf\u00fcgung, die beide bei unseren Lieferanten und in unserem Webshop erh\u00e4ltlich sind: <\/p>\n<p><a class=\"button aligncenter\" style=\"background: #ec008c; color: white;\" href=\"https:\/\/webshop.icy.nl\/shop\/icy3325psc-pompschakelaar-voor-buizen-o-22mm-112\" target=\"_blank\" rel=\"noopener noreferrer\">Jetzt im Webshop kaufen (Rohr bis 22mm Durchmesser)<\/a><\/p>\n<p><a class=\"button aligncenter\" style=\"background: #ec008c; color: white;\" href=\"https:\/\/webshop.icy.nl\/shop\/icy3325pst-pompschakelaar-voor-buizen-o-22mm-113\" target=\"_blank\" rel=\"noopener noreferrer\">Jetzt im Webshop kaufen (Rohr ab 22mm Durchmesser)<\/a><\/p>\n","protected":false},"excerpt":{"rendered":"<p>Auch wenn eine Fu\u00dfbodenheizung oftmals gar nicht heizen muss, l\u00e4uft die Fu\u00dfbodenheizungspumpe in vielen F\u00e4llen den ganzen Tag, egal ob dies notwendig ist oder nicht. Der ICY Pumpenschalter sorgt daf\u00fcr, dass die Pumpe nur dann eingeschaltet wird, wenn ein W\u00e4rmebedarf besteht. Sobald der Kessel zu brennen beginnt, schaltet der Pumpenschalter die Pumpe ein.<\/p>\n<p><a class=\"button aligncenter\" style=\"background: #ec008c; color: white;\" href=\"https:\/\/webshop.icy.nl\/shop\/icy3325psc-pompschakelaar-voor-buizen-o-22mm-112\" target=\"_blank\" rel=\"noopener noreferrer\">Jetzt im Webshop kaufen (Rohr bis 22mm Durchmesser)<\/a><\/p>\n<p><a class=\"button aligncenter\" style=\"background: #ec008c; color: white;\" href=\"https:\/\/webshop.icy.nl\/shop\/icy3325pst-pompschakelaar-voor-buizen-o-22mm-113\" target=\"_blank\" rel=\"noopener noreferrer\">Jetzt im Webshop kaufen (Rohr ab 22mm Durchmesser)<\/a><\/p>\n","protected":false},"author":2946,"featured_media":57641,"template":"","meta":{"advgb_blocks_editor_width":"","advgb_blocks_columns_visual_guide":"","_genesis_hide_title":false,"_genesis_hide_breadcrumbs":false,"_genesis_hide_singular_image":false,"_genesis_hide_footer_widgets":false,"_genesis_custom_body_class":"","_genesis_custom_post_class":"","_genesis_layout":""},"product_brand":[],"product_cat":[138],"product_tag":[],"class_list":{"0":"post-57647","1":"product","2":"type-product","3":"status-publish","4":"has-post-thumbnail","6":"product_cat-temperaturregelung","7":"entry","9":"first","10":"instock","11":"taxable","12":"shipping-taxable","13":"product-type-simple"},"yoast_head":"<!-- This site is optimized with the Yoast SEO plugin v27.3 - https:\/\/yoast.com\/product\/yoast-seo-wordpress\/ -->\n<title>Schalter f\u00fcr Fu\u00dfbodenheizungspumpe - ICY<\/title>\n<meta name=\"robots\" content=\"index, follow, max-snippet:-1, max-image-preview:large, max-video-preview:-1\" \/>\n<link rel=\"canonical\" href=\"https:\/\/www.icy.nl\/de\/produkt\/schalter-fuer-fussbodenheizungspumpe\/\" \/>\n<meta property=\"og:locale\" content=\"de_DE\" \/>\n<meta property=\"og:type\" content=\"article\" \/>\n<meta property=\"og:title\" content=\"Schalter f\u00fcr Fu\u00dfbodenheizungspumpe - ICY\" \/>\n<meta property=\"og:description\" content=\"Auch wenn eine Fu\u00dfbodenheizung oftmals gar nicht heizen muss, l\u00e4uft die Fu\u00dfbodenheizungspumpe in vielen F\u00e4llen den ganzen Tag, egal ob dies notwendig ist oder nicht. Der ICY Pumpenschalter sorgt daf\u00fcr, dass die Pumpe nur dann eingeschaltet wird, wenn ein W\u00e4rmebedarf besteht. Sobald der Kessel zu brennen beginnt, schaltet der Pumpenschalter die Pumpe ein.   Jetzt im Webshop kaufen (Rohr bis 22mm Durchmesser)  Jetzt im Webshop kaufen (Rohr ab 22mm Durchmesser)\" \/>\n<meta property=\"og:url\" content=\"https:\/\/www.icy.nl\/de\/produkt\/schalter-fuer-fussbodenheizungspumpe\/\" \/>\n<meta property=\"og:site_name\" content=\"ICY\" \/>\n<meta property=\"og:image\" content=\"https:\/\/www.icy.nl\/wp-content\/uploads\/2016\/07\/3325PS-Pomschakelaar-voor-vloerverwarming.jpg\" \/>\n\t<meta property=\"og:image:width\" content=\"800\" \/>\n\t<meta property=\"og:image:height\" content=\"800\" \/>\n\t<meta property=\"og:image:type\" content=\"image\/jpeg\" \/>\n<meta name=\"twitter:card\" content=\"summary_large_image\" \/>\n<meta name=\"twitter:label1\" content=\"Gesch\u00e4tzte Lesezeit\" \/>\n\t<meta name=\"twitter:data1\" content=\"1\u00a0Minute\" \/>\n<script type=\"application\/ld+json\" class=\"yoast-schema-graph\">{\"@context\":\"https:\\\/\\\/schema.org\",\"@graph\":[{\"@type\":\"WebPage\",\"@id\":\"https:\\\/\\\/www.icy.nl\\\/de\\\/produkt\\\/schalter-fuer-fussbodenheizungspumpe\\\/\",\"url\":\"https:\\\/\\\/www.icy.nl\\\/de\\\/produkt\\\/schalter-fuer-fussbodenheizungspumpe\\\/\",\"name\":\"Schalter f\u00fcr Fu\u00dfbodenheizungspumpe - ICY\",\"isPartOf\":{\"@id\":\"https:\\\/\\\/www.icy.nl\\\/de\\\/#website\"},\"primaryImageOfPage\":{\"@id\":\"https:\\\/\\\/www.icy.nl\\\/de\\\/produkt\\\/schalter-fuer-fussbodenheizungspumpe\\\/#primaryimage\"},\"image\":{\"@id\":\"https:\\\/\\\/www.icy.nl\\\/de\\\/produkt\\\/schalter-fuer-fussbodenheizungspumpe\\\/#primaryimage\"},\"thumbnailUrl\":\"https:\\\/\\\/www.icy.nl\\\/wp-content\\\/uploads\\\/2016\\\/07\\\/3325PS-Pomschakelaar-voor-vloerverwarming.jpg\",\"datePublished\":\"2025-01-14T11:08:03+00:00\",\"breadcrumb\":{\"@id\":\"https:\\\/\\\/www.icy.nl\\\/de\\\/produkt\\\/schalter-fuer-fussbodenheizungspumpe\\\/#breadcrumb\"},\"inLanguage\":\"de\",\"potentialAction\":[{\"@type\":\"ReadAction\",\"target\":[\"https:\\\/\\\/www.icy.nl\\\/de\\\/produkt\\\/schalter-fuer-fussbodenheizungspumpe\\\/\"]}]},{\"@type\":\"ImageObject\",\"inLanguage\":\"de\",\"@id\":\"https:\\\/\\\/www.icy.nl\\\/de\\\/produkt\\\/schalter-fuer-fussbodenheizungspumpe\\\/#primaryimage\",\"url\":\"https:\\\/\\\/www.icy.nl\\\/wp-content\\\/uploads\\\/2016\\\/07\\\/3325PS-Pomschakelaar-voor-vloerverwarming.jpg\",\"contentUrl\":\"https:\\\/\\\/www.icy.nl\\\/wp-content\\\/uploads\\\/2016\\\/07\\\/3325PS-Pomschakelaar-voor-vloerverwarming.jpg\",\"width\":800,\"height\":800},{\"@type\":\"BreadcrumbList\",\"@id\":\"https:\\\/\\\/www.icy.nl\\\/de\\\/produkt\\\/schalter-fuer-fussbodenheizungspumpe\\\/#breadcrumb\",\"itemListElement\":[{\"@type\":\"ListItem\",\"position\":1,\"name\":\"Home\",\"item\":\"https:\\\/\\\/www.icy.nl\\\/de\\\/\"},{\"@type\":\"ListItem\",\"position\":2,\"name\":\"Produkte\",\"item\":\"https:\\\/\\\/www.icy.nl\\\/de\\\/produkte\\\/\"},{\"@type\":\"ListItem\",\"position\":3,\"name\":\"Schalter f\u00fcr Fu\u00dfbodenheizungspumpe\"}]},{\"@type\":\"WebSite\",\"@id\":\"https:\\\/\\\/www.icy.nl\\\/de\\\/#website\",\"url\":\"https:\\\/\\\/www.icy.nl\\\/de\\\/\",\"name\":\"ICY\",\"description\":\"Smartmotica solutions\",\"publisher\":{\"@id\":\"https:\\\/\\\/www.icy.nl\\\/de\\\/#organization\"},\"potentialAction\":[{\"@type\":\"SearchAction\",\"target\":{\"@type\":\"EntryPoint\",\"urlTemplate\":\"https:\\\/\\\/www.icy.nl\\\/de\\\/?s={search_term_string}\"},\"query-input\":{\"@type\":\"PropertyValueSpecification\",\"valueRequired\":true,\"valueName\":\"search_term_string\"}}],\"inLanguage\":\"de\"},{\"@type\":\"Organization\",\"@id\":\"https:\\\/\\\/www.icy.nl\\\/de\\\/#organization\",\"name\":\"I.C.Y. B.V.\",\"url\":\"https:\\\/\\\/www.icy.nl\\\/de\\\/\",\"logo\":{\"@type\":\"ImageObject\",\"inLanguage\":\"de\",\"@id\":\"https:\\\/\\\/www.icy.nl\\\/de\\\/#\\\/schema\\\/logo\\\/image\\\/\",\"url\":\"https:\\\/\\\/www.icy.nl\\\/wp-content\\\/uploads\\\/2016\\\/11\\\/logo-icy.jpg\",\"contentUrl\":\"https:\\\/\\\/www.icy.nl\\\/wp-content\\\/uploads\\\/2016\\\/11\\\/logo-icy.jpg\",\"width\":400,\"height\":101,\"caption\":\"I.C.Y. B.V.\"},\"image\":{\"@id\":\"https:\\\/\\\/www.icy.nl\\\/de\\\/#\\\/schema\\\/logo\\\/image\\\/\"}}]}<\/script>\n<!-- \/ Yoast SEO plugin. -->","yoast_head_json":{"title":"Schalter f\u00fcr Fu\u00dfbodenheizungspumpe - ICY","robots":{"index":"index","follow":"follow","max-snippet":"max-snippet:-1","max-image-preview":"max-image-preview:large","max-video-preview":"max-video-preview:-1"},"canonical":"https:\/\/www.icy.nl\/de\/produkt\/schalter-fuer-fussbodenheizungspumpe\/","og_locale":"de_DE","og_type":"article","og_title":"Schalter f\u00fcr Fu\u00dfbodenheizungspumpe - ICY","og_description":"Auch wenn eine Fu\u00dfbodenheizung oftmals gar nicht heizen muss, l\u00e4uft die Fu\u00dfbodenheizungspumpe in vielen F\u00e4llen den ganzen Tag, egal ob dies notwendig ist oder nicht. Der ICY Pumpenschalter sorgt daf\u00fcr, dass die Pumpe nur dann eingeschaltet wird, wenn ein W\u00e4rmebedarf besteht. Sobald der Kessel zu brennen beginnt, schaltet der Pumpenschalter die Pumpe ein.   Jetzt im Webshop kaufen (Rohr bis 22mm Durchmesser)  Jetzt im Webshop kaufen (Rohr ab 22mm Durchmesser)","og_url":"https:\/\/www.icy.nl\/de\/produkt\/schalter-fuer-fussbodenheizungspumpe\/","og_site_name":"ICY","og_image":[{"width":800,"height":800,"url":"https:\/\/www.icy.nl\/wp-content\/uploads\/2016\/07\/3325PS-Pomschakelaar-voor-vloerverwarming.jpg","type":"image\/jpeg"}],"twitter_card":"summary_large_image","twitter_misc":{"Gesch\u00e4tzte Lesezeit":"1\u00a0Minute"},"schema":{"@context":"https:\/\/schema.org","@graph":[{"@type":"WebPage","@id":"https:\/\/www.icy.nl\/de\/produkt\/schalter-fuer-fussbodenheizungspumpe\/","url":"https:\/\/www.icy.nl\/de\/produkt\/schalter-fuer-fussbodenheizungspumpe\/","name":"Schalter f\u00fcr Fu\u00dfbodenheizungspumpe - ICY","isPartOf":{"@id":"https:\/\/www.icy.nl\/de\/#website"},"primaryImageOfPage":{"@id":"https:\/\/www.icy.nl\/de\/produkt\/schalter-fuer-fussbodenheizungspumpe\/#primaryimage"},"image":{"@id":"https:\/\/www.icy.nl\/de\/produkt\/schalter-fuer-fussbodenheizungspumpe\/#primaryimage"},"thumbnailUrl":"https:\/\/www.icy.nl\/wp-content\/uploads\/2016\/07\/3325PS-Pomschakelaar-voor-vloerverwarming.jpg","datePublished":"2025-01-14T11:08:03+00:00","breadcrumb":{"@id":"https:\/\/www.icy.nl\/de\/produkt\/schalter-fuer-fussbodenheizungspumpe\/#breadcrumb"},"inLanguage":"de","potentialAction":[{"@type":"ReadAction","target":["https:\/\/www.icy.nl\/de\/produkt\/schalter-fuer-fussbodenheizungspumpe\/"]}]},{"@type":"ImageObject","inLanguage":"de","@id":"https:\/\/www.icy.nl\/de\/produkt\/schalter-fuer-fussbodenheizungspumpe\/#primaryimage","url":"https:\/\/www.icy.nl\/wp-content\/uploads\/2016\/07\/3325PS-Pomschakelaar-voor-vloerverwarming.jpg","contentUrl":"https:\/\/www.icy.nl\/wp-content\/uploads\/2016\/07\/3325PS-Pomschakelaar-voor-vloerverwarming.jpg","width":800,"height":800},{"@type":"BreadcrumbList","@id":"https:\/\/www.icy.nl\/de\/produkt\/schalter-fuer-fussbodenheizungspumpe\/#breadcrumb","itemListElement":[{"@type":"ListItem","position":1,"name":"Home","item":"https:\/\/www.icy.nl\/de\/"},{"@type":"ListItem","position":2,"name":"Produkte","item":"https:\/\/www.icy.nl\/de\/produkte\/"},{"@type":"ListItem","position":3,"name":"Schalter f\u00fcr Fu\u00dfbodenheizungspumpe"}]},{"@type":"WebSite","@id":"https:\/\/www.icy.nl\/de\/#website","url":"https:\/\/www.icy.nl\/de\/","name":"ICY","description":"Smartmotica solutions","publisher":{"@id":"https:\/\/www.icy.nl\/de\/#organization"},"potentialAction":[{"@type":"SearchAction","target":{"@type":"EntryPoint","urlTemplate":"https:\/\/www.icy.nl\/de\/?s={search_term_string}"},"query-input":{"@type":"PropertyValueSpecification","valueRequired":true,"valueName":"search_term_string"}}],"inLanguage":"de"},{"@type":"Organization","@id":"https:\/\/www.icy.nl\/de\/#organization","name":"I.C.Y. B.V.","url":"https:\/\/www.icy.nl\/de\/","logo":{"@type":"ImageObject","inLanguage":"de","@id":"https:\/\/www.icy.nl\/de\/#\/schema\/logo\/image\/","url":"https:\/\/www.icy.nl\/wp-content\/uploads\/2016\/11\/logo-icy.jpg","contentUrl":"https:\/\/www.icy.nl\/wp-content\/uploads\/2016\/11\/logo-icy.jpg","width":400,"height":101,"caption":"I.C.Y. B.V."},"image":{"@id":"https:\/\/www.icy.nl\/de\/#\/schema\/logo\/image\/"}}]}},"featured_img":"https:\/\/www.icy.nl\/wp-content\/uploads\/2016\/07\/3325PS-Pomschakelaar-voor-vloerverwarming.jpg","coauthors":[],"author_meta":{"author_link":"https:\/\/www.icy.nl\/de\/author\/daniel\/","display_name":"Daniel van de Kamp"},"relative_dates":{"created":"Posted 10\u00a0Jahren ago","modified":"Updated 1\u00a0Jahr ago"},"absolute_dates":{"created":"Posted on 5. Juli 2016","modified":"Updated on 14. Januar 2025"},"absolute_dates_time":{"created":"Posted on 5. Juli 2016 9:56","modified":"Updated on 14. Januar 2025 12:08"},"featured_img_caption":"","tax_additional":{"product_brand":{"linked":[],"unlinked":[],"slug":"product_brand","name":"Marken"},"product_type":{"linked":["<a href=\"https:\/\/www.icy.nl\/de\/?taxonomy=product_type&#038;term=simple\" class=\"advgb-post-tax-term\">simple<\/a>"],"unlinked":["<span class=\"advgb-post-tax-term\">simple<\/span>"],"slug":"product_type","name":"Produkttyp"},"product_visibility":{"linked":[],"unlinked":[],"slug":"product_visibility","name":"Sichtbarkeit des Produkts"},"product_cat":{"linked":["<a href=\"https:\/\/www.icy.nl\/de\/product-categorie\/temperaturregelung\/\" class=\"advgb-post-tax-term\">Temperaturregelung<\/a>"],"unlinked":["<span class=\"advgb-post-tax-term\">Temperaturregelung<\/span>"],"slug":"product_cat","name":"Produkt-Kategorien"},"product_tag":{"linked":[],"unlinked":[],"slug":"product_tag","name":"Produkt Schlagw\u00f6rter"},"product_shipping_class":{"linked":[],"unlinked":[],"slug":"product_shipping_class","name":"Produkt Versandklasse"},"pos_product_visibility":{"linked":[],"unlinked":[],"slug":"pos_product_visibility","name":"POS-Produkt-Sichtbarkeit."},"translation_priority":{"linked":["<a href=\"https:\/\/www.icy.nl\/de\/?taxonomy=translation_priority&#038;term=optional-de\" class=\"advgb-post-tax-term\">Optional<\/a>"],"unlinked":["<span class=\"advgb-post-tax-term\">Optional<\/span>"],"slug":"translation_priority","name":"\u00dcbersetzungspriorit\u00e4ten"}},"series_order":"","_links":{"self":[{"href":"https:\/\/www.icy.nl\/de\/wp-json\/wp\/v2\/product\/57647","targetHints":{"allow":["GET"]}}],"collection":[{"href":"https:\/\/www.icy.nl\/de\/wp-json\/wp\/v2\/product"}],"about":[{"href":"https:\/\/www.icy.nl\/de\/wp-json\/wp\/v2\/types\/product"}],"wp:featuredmedia":[{"embeddable":true,"href":"https:\/\/www.icy.nl\/de\/wp-json\/wp\/v2\/media\/57641"}],"wp:attachment":[{"href":"https:\/\/www.icy.nl\/de\/wp-json\/wp\/v2\/media?parent=57647"}],"wp:term":[{"taxonomy":"product_brand","embeddable":true,"href":"https:\/\/www.icy.nl\/de\/wp-json\/wp\/v2\/product_brand?post=57647"},{"taxonomy":"product_cat","embeddable":true,"href":"https:\/\/www.icy.nl\/de\/wp-json\/wp\/v2\/product_cat?post=57647"},{"taxonomy":"product_tag","embeddable":true,"href":"https:\/\/www.icy.nl\/de\/wp-json\/wp\/v2\/product_tag?post=57647"}],"curies":[{"name":"wp","href":"https:\/\/api.w.org\/{rel}","templated":true}]}}