{"id":57657,"date":"2016-06-20T12:52:53","date_gmt":"2025-01-14T11:21:16","guid":{"rendered":"https:\/\/www.icy.nl\/product\/pir-bewegungsmelder\/"},"modified":"2025-01-14T12:21:16","modified_gmt":"2025-01-14T11:21:16","slug":"pir-bewegungsmelder","status":"publish","type":"product","link":"https:\/\/www.icy.nl\/de\/produkt\/pir-bewegungsmelder\/","title":{"rendered":"PIR-Bewegungsmelder"},"content":{"rendered":"<p>Bewegungsmelder, der in Kombination mit einer ICY3525IN-Unterkunftssteuereinheit verwendet werden kann.<br \/>\nKann \u00fcber eine Kabelverbindung eine Nachricht \u00fcber eine Unterkunftssteuereinheit \u00fcbermitteln.<\/p>\n<p>Potenzialfreier Schaltkontakt.<\/p>\n<p>Sabotage Alarm.<\/p>\n<p>12 V-betrieben.<\/p>\n","protected":false},"excerpt":{"rendered":"<p>Bewegungsmelder, der in Kombination mit einer ICY3525IN-Unterkunftssteuereinheit verwendet werden kann.<br \/>\nKann \u00fcber eine Kabelverbindung eine Nachricht \u00fcber eine Unterkunftssteuereinheit \u00fcbermitteln.<\/p>\n<p>Potenzialfreier Schaltkontakt.<\/p>\n<p>Sabotage Alarm.<\/p>\n<p>12 V-betrieben.<\/p>\n","protected":false},"author":2946,"featured_media":57658,"template":"","meta":{"advgb_blocks_editor_width":"","advgb_blocks_columns_visual_guide":"","_genesis_hide_title":false,"_genesis_hide_breadcrumbs":false,"_genesis_hide_singular_image":false,"_genesis_hide_footer_widgets":false,"_genesis_custom_body_class":"","_genesis_custom_post_class":"","_genesis_layout":""},"product_brand":[],"product_cat":[139,142],"product_tag":[],"class_list":{"0":"post-57657","1":"product","2":"type-product","3":"status-publish","4":"has-post-thumbnail","6":"product_cat-accommodation-management-de","7":"product_cat-facility-management-de","8":"entry","10":"first","11":"instock","12":"taxable","13":"shipping-taxable","14":"product-type-simple"},"yoast_head":"<!-- This site is optimized with the Yoast SEO plugin v27.4 - https:\/\/yoast.com\/product\/yoast-seo-wordpress\/ -->\n<title>PIR-Bewegungsmelder - ICY<\/title>\n<meta name=\"robots\" content=\"index, follow, max-snippet:-1, max-image-preview:large, max-video-preview:-1\" \/>\n<link rel=\"canonical\" href=\"https:\/\/www.icy.nl\/de\/produkt\/pir-bewegungsmelder\/\" \/>\n<meta property=\"og:locale\" content=\"de_DE\" \/>\n<meta property=\"og:type\" content=\"article\" \/>\n<meta property=\"og:title\" content=\"PIR-Bewegungsmelder - ICY\" \/>\n<meta property=\"og:description\" content=\"Bewegungsmelder, der in Kombination mit einer ICY3525IN-Unterkunftssteuereinheit verwendet werden kann. Kann \u00fcber eine Kabelverbindung eine Nachricht \u00fcber eine Unterkunftssteuereinheit \u00fcbermitteln. Potenzialfreier Schaltkontakt. Sabotage Alarm. 12 V-betrieben.\" \/>\n<meta property=\"og:url\" content=\"https:\/\/www.icy.nl\/de\/produkt\/pir-bewegungsmelder\/\" \/>\n<meta property=\"og:site_name\" content=\"ICY\" \/>\n<meta name=\"twitter:card\" content=\"summary_large_image\" \/>\n<script type=\"application\/ld+json\" class=\"yoast-schema-graph\">{\"@context\":\"https:\\\/\\\/schema.org\",\"@graph\":[{\"@type\":\"WebPage\",\"@id\":\"https:\\\/\\\/www.icy.nl\\\/de\\\/produkt\\\/pir-bewegungsmelder\\\/\",\"url\":\"https:\\\/\\\/www.icy.nl\\\/de\\\/produkt\\\/pir-bewegungsmelder\\\/\",\"name\":\"PIR-Bewegungsmelder - ICY\",\"isPartOf\":{\"@id\":\"https:\\\/\\\/www.icy.nl\\\/de\\\/#website\"},\"primaryImageOfPage\":{\"@id\":\"https:\\\/\\\/www.icy.nl\\\/de\\\/produkt\\\/pir-bewegungsmelder\\\/#primaryimage\"},\"image\":{\"@id\":\"https:\\\/\\\/www.icy.nl\\\/de\\\/produkt\\\/pir-bewegungsmelder\\\/#primaryimage\"},\"thumbnailUrl\":\"https:\\\/\\\/www.icy.nl\\\/wp-content\\\/uploads\\\/2016\\\/06\\\/3835-3836-PIR-Motion-Detector-1.jpg\",\"datePublished\":\"2025-01-14T11:21:16+00:00\",\"breadcrumb\":{\"@id\":\"https:\\\/\\\/www.icy.nl\\\/de\\\/produkt\\\/pir-bewegungsmelder\\\/#breadcrumb\"},\"inLanguage\":\"de\",\"potentialAction\":[{\"@type\":\"ReadAction\",\"target\":[\"https:\\\/\\\/www.icy.nl\\\/de\\\/produkt\\\/pir-bewegungsmelder\\\/\"]}]},{\"@type\":\"ImageObject\",\"inLanguage\":\"de\",\"@id\":\"https:\\\/\\\/www.icy.nl\\\/de\\\/produkt\\\/pir-bewegungsmelder\\\/#primaryimage\",\"url\":\"https:\\\/\\\/www.icy.nl\\\/wp-content\\\/uploads\\\/2016\\\/06\\\/3835-3836-PIR-Motion-Detector-1.jpg\",\"contentUrl\":\"https:\\\/\\\/www.icy.nl\\\/wp-content\\\/uploads\\\/2016\\\/06\\\/3835-3836-PIR-Motion-Detector-1.jpg\",\"width\":472,\"height\":472},{\"@type\":\"BreadcrumbList\",\"@id\":\"https:\\\/\\\/www.icy.nl\\\/de\\\/produkt\\\/pir-bewegungsmelder\\\/#breadcrumb\",\"itemListElement\":[{\"@type\":\"ListItem\",\"position\":1,\"name\":\"Home\",\"item\":\"https:\\\/\\\/www.icy.nl\\\/de\\\/\"},{\"@type\":\"ListItem\",\"position\":2,\"name\":\"Produkte\",\"item\":\"https:\\\/\\\/www.icy.nl\\\/de\\\/produkte\\\/\"},{\"@type\":\"ListItem\",\"position\":3,\"name\":\"PIR-Bewegungsmelder\"}]},{\"@type\":\"WebSite\",\"@id\":\"https:\\\/\\\/www.icy.nl\\\/de\\\/#website\",\"url\":\"https:\\\/\\\/www.icy.nl\\\/de\\\/\",\"name\":\"ICY\",\"description\":\"Smartmotica solutions\",\"publisher\":{\"@id\":\"https:\\\/\\\/www.icy.nl\\\/de\\\/#organization\"},\"potentialAction\":[{\"@type\":\"SearchAction\",\"target\":{\"@type\":\"EntryPoint\",\"urlTemplate\":\"https:\\\/\\\/www.icy.nl\\\/de\\\/?s={search_term_string}\"},\"query-input\":{\"@type\":\"PropertyValueSpecification\",\"valueRequired\":true,\"valueName\":\"search_term_string\"}}],\"inLanguage\":\"de\"},{\"@type\":\"Organization\",\"@id\":\"https:\\\/\\\/www.icy.nl\\\/de\\\/#organization\",\"name\":\"I.C.Y. B.V.\",\"url\":\"https:\\\/\\\/www.icy.nl\\\/de\\\/\",\"logo\":{\"@type\":\"ImageObject\",\"inLanguage\":\"de\",\"@id\":\"https:\\\/\\\/www.icy.nl\\\/de\\\/#\\\/schema\\\/logo\\\/image\\\/\",\"url\":\"https:\\\/\\\/www.icy.nl\\\/wp-content\\\/uploads\\\/2016\\\/11\\\/logo-icy.jpg\",\"contentUrl\":\"https:\\\/\\\/www.icy.nl\\\/wp-content\\\/uploads\\\/2016\\\/11\\\/logo-icy.jpg\",\"width\":400,\"height\":101,\"caption\":\"I.C.Y. B.V.\"},\"image\":{\"@id\":\"https:\\\/\\\/www.icy.nl\\\/de\\\/#\\\/schema\\\/logo\\\/image\\\/\"}}]}<\/script>\n<!-- \/ Yoast SEO plugin. -->","yoast_head_json":{"title":"PIR-Bewegungsmelder - ICY","robots":{"index":"index","follow":"follow","max-snippet":"max-snippet:-1","max-image-preview":"max-image-preview:large","max-video-preview":"max-video-preview:-1"},"canonical":"https:\/\/www.icy.nl\/de\/produkt\/pir-bewegungsmelder\/","og_locale":"de_DE","og_type":"article","og_title":"PIR-Bewegungsmelder - ICY","og_description":"Bewegungsmelder, der in Kombination mit einer ICY3525IN-Unterkunftssteuereinheit verwendet werden kann. Kann \u00fcber eine Kabelverbindung eine Nachricht \u00fcber eine Unterkunftssteuereinheit \u00fcbermitteln. Potenzialfreier Schaltkontakt. Sabotage Alarm. 12 V-betrieben.","og_url":"https:\/\/www.icy.nl\/de\/produkt\/pir-bewegungsmelder\/","og_site_name":"ICY","twitter_card":"summary_large_image","schema":{"@context":"https:\/\/schema.org","@graph":[{"@type":"WebPage","@id":"https:\/\/www.icy.nl\/de\/produkt\/pir-bewegungsmelder\/","url":"https:\/\/www.icy.nl\/de\/produkt\/pir-bewegungsmelder\/","name":"PIR-Bewegungsmelder - ICY","isPartOf":{"@id":"https:\/\/www.icy.nl\/de\/#website"},"primaryImageOfPage":{"@id":"https:\/\/www.icy.nl\/de\/produkt\/pir-bewegungsmelder\/#primaryimage"},"image":{"@id":"https:\/\/www.icy.nl\/de\/produkt\/pir-bewegungsmelder\/#primaryimage"},"thumbnailUrl":"https:\/\/www.icy.nl\/wp-content\/uploads\/2016\/06\/3835-3836-PIR-Motion-Detector-1.jpg","datePublished":"2025-01-14T11:21:16+00:00","breadcrumb":{"@id":"https:\/\/www.icy.nl\/de\/produkt\/pir-bewegungsmelder\/#breadcrumb"},"inLanguage":"de","potentialAction":[{"@type":"ReadAction","target":["https:\/\/www.icy.nl\/de\/produkt\/pir-bewegungsmelder\/"]}]},{"@type":"ImageObject","inLanguage":"de","@id":"https:\/\/www.icy.nl\/de\/produkt\/pir-bewegungsmelder\/#primaryimage","url":"https:\/\/www.icy.nl\/wp-content\/uploads\/2016\/06\/3835-3836-PIR-Motion-Detector-1.jpg","contentUrl":"https:\/\/www.icy.nl\/wp-content\/uploads\/2016\/06\/3835-3836-PIR-Motion-Detector-1.jpg","width":472,"height":472},{"@type":"BreadcrumbList","@id":"https:\/\/www.icy.nl\/de\/produkt\/pir-bewegungsmelder\/#breadcrumb","itemListElement":[{"@type":"ListItem","position":1,"name":"Home","item":"https:\/\/www.icy.nl\/de\/"},{"@type":"ListItem","position":2,"name":"Produkte","item":"https:\/\/www.icy.nl\/de\/produkte\/"},{"@type":"ListItem","position":3,"name":"PIR-Bewegungsmelder"}]},{"@type":"WebSite","@id":"https:\/\/www.icy.nl\/de\/#website","url":"https:\/\/www.icy.nl\/de\/","name":"ICY","description":"Smartmotica solutions","publisher":{"@id":"https:\/\/www.icy.nl\/de\/#organization"},"potentialAction":[{"@type":"SearchAction","target":{"@type":"EntryPoint","urlTemplate":"https:\/\/www.icy.nl\/de\/?s={search_term_string}"},"query-input":{"@type":"PropertyValueSpecification","valueRequired":true,"valueName":"search_term_string"}}],"inLanguage":"de"},{"@type":"Organization","@id":"https:\/\/www.icy.nl\/de\/#organization","name":"I.C.Y. B.V.","url":"https:\/\/www.icy.nl\/de\/","logo":{"@type":"ImageObject","inLanguage":"de","@id":"https:\/\/www.icy.nl\/de\/#\/schema\/logo\/image\/","url":"https:\/\/www.icy.nl\/wp-content\/uploads\/2016\/11\/logo-icy.jpg","contentUrl":"https:\/\/www.icy.nl\/wp-content\/uploads\/2016\/11\/logo-icy.jpg","width":400,"height":101,"caption":"I.C.Y. B.V."},"image":{"@id":"https:\/\/www.icy.nl\/de\/#\/schema\/logo\/image\/"}}]}},"featured_img":"https:\/\/www.icy.nl\/wp-content\/uploads\/2016\/06\/3835-3836-PIR-Motion-Detector-1.jpg","coauthors":[],"author_meta":{"author_link":"https:\/\/www.icy.nl\/de\/author\/daniel\/","display_name":"Daniel van de Kamp"},"relative_dates":{"created":"Posted 10\u00a0Jahren ago","modified":"Updated 1\u00a0Jahr ago"},"absolute_dates":{"created":"Posted on 20. Juni 2016","modified":"Updated on 14. Januar 2025"},"absolute_dates_time":{"created":"Posted on 20. Juni 2016 12:52","modified":"Updated on 14. Januar 2025 12:21"},"featured_img_caption":"","tax_additional":{"product_brand":{"linked":[],"unlinked":[],"slug":"product_brand","name":"Marken"},"product_type":{"linked":["<a href=\"https:\/\/www.icy.nl\/de\/?taxonomy=product_type&#038;term=simple\" class=\"advgb-post-tax-term\">simple<\/a>"],"unlinked":["<span class=\"advgb-post-tax-term\">simple<\/span>"],"slug":"product_type","name":"Produkttyp"},"product_visibility":{"linked":[],"unlinked":[],"slug":"product_visibility","name":"Sichtbarkeit des Produkts"},"product_cat":{"linked":["<a href=\"https:\/\/www.icy.nl\/de\/product-categorie\/accommodation-management-de\/\" class=\"advgb-post-tax-term\">Accommodation Management<\/a>","<a href=\"https:\/\/www.icy.nl\/de\/product-categorie\/facility-management-de\/\" class=\"advgb-post-tax-term\">Facility Management<\/a>"],"unlinked":["<span class=\"advgb-post-tax-term\">Accommodation Management<\/span>","<span class=\"advgb-post-tax-term\">Facility Management<\/span>"],"slug":"product_cat","name":"Produkt-Kategorien"},"product_tag":{"linked":[],"unlinked":[],"slug":"product_tag","name":"Produkt Schlagw\u00f6rter"},"product_shipping_class":{"linked":[],"unlinked":[],"slug":"product_shipping_class","name":"Produkt Versandklasse"},"pos_product_visibility":{"linked":[],"unlinked":[],"slug":"pos_product_visibility","name":"POS-Produkt-Sichtbarkeit."},"translation_priority":{"linked":[],"unlinked":[],"slug":"translation_priority","name":"\u00dcbersetzungspriorit\u00e4ten"}},"series_order":"","_links":{"self":[{"href":"https:\/\/www.icy.nl\/de\/wp-json\/wp\/v2\/product\/57657","targetHints":{"allow":["GET"]}}],"collection":[{"href":"https:\/\/www.icy.nl\/de\/wp-json\/wp\/v2\/product"}],"about":[{"href":"https:\/\/www.icy.nl\/de\/wp-json\/wp\/v2\/types\/product"}],"wp:featuredmedia":[{"embeddable":true,"href":"https:\/\/www.icy.nl\/de\/wp-json\/wp\/v2\/media\/57658"}],"wp:attachment":[{"href":"https:\/\/www.icy.nl\/de\/wp-json\/wp\/v2\/media?parent=57657"}],"wp:term":[{"taxonomy":"product_brand","embeddable":true,"href":"https:\/\/www.icy.nl\/de\/wp-json\/wp\/v2\/product_brand?post=57657"},{"taxonomy":"product_cat","embeddable":true,"href":"https:\/\/www.icy.nl\/de\/wp-json\/wp\/v2\/product_cat?post=57657"},{"taxonomy":"product_tag","embeddable":true,"href":"https:\/\/www.icy.nl\/de\/wp-json\/wp\/v2\/product_tag?post=57657"}],"curies":[{"name":"wp","href":"https:\/\/api.w.org\/{rel}","templated":true}]}}