{"id":57669,"date":"2016-05-09T14:00:17","date_gmt":"2025-01-14T12:47:01","guid":{"rendered":"https:\/\/www.icy.nl\/product\/icy1845tt-timer-thermostat\/"},"modified":"2025-01-14T13:47:01","modified_gmt":"2025-01-14T12:47:01","slug":"icy1845tt-timer-thermostat","status":"publish","type":"product","link":"https:\/\/www.icy.nl\/de\/produkt\/icy1845tt-timer-thermostat\/","title":{"rendered":"ICY1845TT Timer Thermostat"},"content":{"rendered":"<p>ICY hat spezielle Thermostate entwickelt, f\u00fcr F\u00e4lle in denen der Benutzer nicht derjenige ist, der die Stromrechnung bezahlen muss.<\/p>\n<p>Diese Timer-Thermostate verf\u00fcgen, wie der Name schon sagt, \u00fcber einen Timer, der sicherstellt, dass der Thermostat nach einer von Ihnen als Eigent\u00fcmer gew\u00e4hlten Zeit wieder auf eine niedrigere Temperatur umschaltet. Abh\u00e4ngig von der gew\u00e4hlten Version erfolgt dies durch die Bedienung oder Bewegung. Der <a href=\"https:\/\/www.icy.nl\/de\/produkt\/icy1845in-timer-thermostat-experte\/\">Timer Thermostat Expert<\/a> bietet auch die M\u00f6glichkeit \u00fcber das ICY Control Center mit Ihrem aktuellen Reservierungssystem verbunden werden.<\/p>\n<p>Die Thermostate zeichnen sich durch folgendes aus:<\/p>\n<ul>\n<li>Vandalismus resistent<\/li>\n<li>Gesch\u00fctzt mit PIN-Code<\/li>\n<li>Robust<\/li>\n<li>hohe Energieeinsparungen von 20 % bis 50 %, je nach Einsatzsituation des Thermostats.<br \/>\nDazu geh\u00f6ren Mietbungalows, Vereinsgeb\u00e4ude, B\u00fcros, Hotelzimmer und beispielsweise Studentenwohnheime.<br \/>\nOftmals werden in diesen R\u00e4umen Fenster, T\u00fcren oder Schiebet\u00fcren ge\u00f6ffnet, um an frische Luft zu kommen, was bedeutet, dass die Heizung noch mehr arbeiten muss, um die eingestellte Temperatur aufrechtzuerhalten.<\/li>\n<\/ul>\n<p>Mit den Timer-Thermostaten von ICY kann die Temperatur intelligenter geregelt werden, ohne den W\u00e4rmekomfort zu beeintr\u00e4chtigen. Durch die Anwesenheitserkennung schaltet die Heizung automatisch ein und somit wird unn\u00f6tiges erhitzen verhindert.<\/p>\n<p>Dar\u00fcber hinaus gibt es Zusch\u00fcsse, die Sie eventuell beantragen k\u00f6nnen.<\/p>\n<hr>\n<h1>ErP Klasse<\/h1>\n<p>Der 1845 Timer Thermostat f\u00e4llt mit ErP-Produktklassen in die Klasse 4 der folgenden Tabelle und hat daher einen ErP-Korrekturfaktor von 2%.<\/p>\n<div class=\"clearfix\"><\/div>\n<div class=\"one-third first\"><strong>Klasse<\/strong><\/div>\n<div class=\"one-third\"><strong>Thermostat<\/strong><\/div>\n<div class=\"one-third\"><strong>Korrekturfaktor<\/strong><\/div>\n<div class=\"one-third first\">4<\/div>\n<div class=\"one-third\">Chronoproportionaler Raumthermostat (Ein \/ Aus Heizungen)<\/div>\n<div class=\"one-third\">2%<\/div>\n<div class=\"clearfix\">\n<hr>\n<\/div>\n","protected":false},"excerpt":{"rendered":"<p>Ein energiesparender Thermostat mit Bewegungsmelder und Lichtsensor. In Abwesenheit des Benutzers schaltet der Thermostat die Heizung nach einer vom Eigent\u00fcmer festgelegten Zeit (z. B. 2 Stunden) automatisch ab.<\/p>\n<ul>\n<li>Bewegungssensor<\/li>\n<li>Lichtsensor &#8211; Die Heizung wird ausgeschaltet, wenn es in dem Raum, in dem der Thermostat h\u00e4ngt, dunkel ist.<\/li>\n<li>&#8222;Ein herzliches Willkommen&#8220; &#8211; Der Timer kann vom Eigent\u00fcmer gesteuert werden, somit die Unterkunft vorgew\u00e4rmt werden kann.<\/li>\n<li>PIN-Code gesch\u00fctzt<\/li>\n<li>Control: On\/Off &#8211; 24V and OpenTherm\u00ae<\/li>\n<\/ul>\n<p>Anweisungen zum Anschlie\u00dfen dieses Thermostats an Ihren Heizkessel finden Sie auf dieser Seite: <a href=\"https:\/\/www.icy.nl\/aansluittabel\/\">Anschlussanweisungen f\u00fcr die jeweilige Marke und Art des Heizkessels<\/a>.<\/p>\n<p class=\"price\"><span class=\"woocommerce-Price-amount amount\"><bdi><span class=\"woocommerce-Price-currencySymbol\">\u20ac<\/span>244,-<\/bdi><\/span> <small class=\"woocommerce-price-suffix\">exkl. MwSt <\/small><\/p>\n<p>Dieses Produkt ist in unserem Webshop \u00fcber den untenstehenden Link erh\u00e4ltlich.<\/p>\n<p><a class=\"button-product\" href=\"https:\/\/icybv.odoo.com\/shop\/icy1845tt-timer-thermostaat-standaard-107\" target=\"_blank\" rel=\"noopener noreferrer\"><span>Gehen Sie zu diesem Produkt<\/span><\/a><\/p>\n","protected":false},"author":2946,"featured_media":32463,"template":"","meta":{"advgb_blocks_editor_width":"","advgb_blocks_columns_visual_guide":"","_genesis_hide_title":false,"_genesis_hide_breadcrumbs":false,"_genesis_hide_singular_image":false,"_genesis_hide_footer_widgets":false,"_genesis_custom_body_class":"","_genesis_custom_post_class":"","_genesis_layout":""},"product_brand":[],"product_cat":[141,138],"product_tag":[],"class_list":{"0":"post-57669","1":"product","2":"type-product","3":"status-publish","4":"has-post-thumbnail","6":"product_cat-housing-management-de","7":"product_cat-temperaturregelung","8":"product_shipping_class-normales-paket","9":"entry","11":"first","12":"instock","13":"taxable","14":"shipping-taxable","15":"product-type-simple"},"yoast_head":"<!-- This site is optimized with the Yoast SEO plugin v27.3 - https:\/\/yoast.com\/product\/yoast-seo-wordpress\/ -->\n<title>ICY1845TT Timer Thermostat - ICY<\/title>\n<meta name=\"robots\" content=\"index, follow, max-snippet:-1, max-image-preview:large, max-video-preview:-1\" \/>\n<link rel=\"canonical\" href=\"https:\/\/www.icy.nl\/de\/produkt\/icy1845tt-timer-thermostat\/\" \/>\n<meta property=\"og:locale\" content=\"de_DE\" \/>\n<meta property=\"og:type\" content=\"article\" \/>\n<meta property=\"og:title\" content=\"ICY1845TT Timer Thermostat - ICY\" \/>\n<meta property=\"og:description\" content=\"Ein energiesparender Thermostat mit Bewegungsmelder und Lichtsensor. In Abwesenheit des Benutzers schaltet der Thermostat die Heizung nach einer vom Eigent\u00fcmer festgelegten Zeit (z. B. 2 Stunden) automatisch ab.  Bewegungssensor  Lichtsensor - Die Heizung wird ausgeschaltet, wenn es in dem Raum, in dem der Thermostat h\u00e4ngt, dunkel ist.  &quot;Ein herzliches Willkommen&quot; - Der Timer kann vom Eigent\u00fcmer gesteuert werden, somit die Unterkunft vorgew\u00e4rmt werden kann.  PIN-Code gesch\u00fctzt  Control: On\/Off - 24V and OpenTherm\u00ae Anweisungen zum Anschlie\u00dfen dieses Thermostats an Ihren Heizkessel finden Sie auf dieser Seite: Anschlussanweisungen f\u00fcr die jeweilige Marke und Art des Heizkessels. \u20ac244,- exkl. MwSt Dieses Produkt ist in unserem Webshop \u00fcber den untenstehenden Link erh\u00e4ltlich. Gehen Sie zu diesem Produkt\" \/>\n<meta property=\"og:url\" content=\"https:\/\/www.icy.nl\/de\/produkt\/icy1845tt-timer-thermostat\/\" \/>\n<meta property=\"og:site_name\" content=\"ICY\" \/>\n<meta property=\"og:image\" content=\"https:\/\/www.icy.nl\/wp-content\/uploads\/2018\/02\/1845-energiebesparende-thermostaat-front-2020.jpg\" \/>\n\t<meta property=\"og:image:width\" content=\"800\" \/>\n\t<meta property=\"og:image:height\" content=\"800\" \/>\n\t<meta property=\"og:image:type\" content=\"image\/jpeg\" \/>\n<meta name=\"twitter:card\" content=\"summary_large_image\" \/>\n<meta name=\"twitter:label1\" content=\"Gesch\u00e4tzte Lesezeit\" \/>\n\t<meta name=\"twitter:data1\" content=\"1\u00a0Minute\" \/>\n<script type=\"application\/ld+json\" class=\"yoast-schema-graph\">{\"@context\":\"https:\\\/\\\/schema.org\",\"@graph\":[{\"@type\":\"WebPage\",\"@id\":\"https:\\\/\\\/www.icy.nl\\\/de\\\/produkt\\\/icy1845tt-timer-thermostat\\\/\",\"url\":\"https:\\\/\\\/www.icy.nl\\\/de\\\/produkt\\\/icy1845tt-timer-thermostat\\\/\",\"name\":\"ICY1845TT Timer Thermostat - ICY\",\"isPartOf\":{\"@id\":\"https:\\\/\\\/www.icy.nl\\\/de\\\/#website\"},\"primaryImageOfPage\":{\"@id\":\"https:\\\/\\\/www.icy.nl\\\/de\\\/produkt\\\/icy1845tt-timer-thermostat\\\/#primaryimage\"},\"image\":{\"@id\":\"https:\\\/\\\/www.icy.nl\\\/de\\\/produkt\\\/icy1845tt-timer-thermostat\\\/#primaryimage\"},\"thumbnailUrl\":\"https:\\\/\\\/www.icy.nl\\\/wp-content\\\/uploads\\\/2018\\\/02\\\/1845-energiebesparende-thermostaat-front-2020.jpg\",\"datePublished\":\"2025-01-14T12:47:01+00:00\",\"breadcrumb\":{\"@id\":\"https:\\\/\\\/www.icy.nl\\\/de\\\/produkt\\\/icy1845tt-timer-thermostat\\\/#breadcrumb\"},\"inLanguage\":\"de\",\"potentialAction\":[{\"@type\":\"ReadAction\",\"target\":[\"https:\\\/\\\/www.icy.nl\\\/de\\\/produkt\\\/icy1845tt-timer-thermostat\\\/\"]}]},{\"@type\":\"ImageObject\",\"inLanguage\":\"de\",\"@id\":\"https:\\\/\\\/www.icy.nl\\\/de\\\/produkt\\\/icy1845tt-timer-thermostat\\\/#primaryimage\",\"url\":\"https:\\\/\\\/www.icy.nl\\\/wp-content\\\/uploads\\\/2018\\\/02\\\/1845-energiebesparende-thermostaat-front-2020.jpg\",\"contentUrl\":\"https:\\\/\\\/www.icy.nl\\\/wp-content\\\/uploads\\\/2018\\\/02\\\/1845-energiebesparende-thermostaat-front-2020.jpg\",\"width\":800,\"height\":800,\"caption\":\"1845 energiebesparende thermostaat\"},{\"@type\":\"BreadcrumbList\",\"@id\":\"https:\\\/\\\/www.icy.nl\\\/de\\\/produkt\\\/icy1845tt-timer-thermostat\\\/#breadcrumb\",\"itemListElement\":[{\"@type\":\"ListItem\",\"position\":1,\"name\":\"Home\",\"item\":\"https:\\\/\\\/www.icy.nl\\\/de\\\/\"},{\"@type\":\"ListItem\",\"position\":2,\"name\":\"Produkte\",\"item\":\"https:\\\/\\\/www.icy.nl\\\/de\\\/produkte\\\/\"},{\"@type\":\"ListItem\",\"position\":3,\"name\":\"ICY1845TT Timer Thermostat\"}]},{\"@type\":\"WebSite\",\"@id\":\"https:\\\/\\\/www.icy.nl\\\/de\\\/#website\",\"url\":\"https:\\\/\\\/www.icy.nl\\\/de\\\/\",\"name\":\"ICY\",\"description\":\"Smartmotica solutions\",\"publisher\":{\"@id\":\"https:\\\/\\\/www.icy.nl\\\/de\\\/#organization\"},\"potentialAction\":[{\"@type\":\"SearchAction\",\"target\":{\"@type\":\"EntryPoint\",\"urlTemplate\":\"https:\\\/\\\/www.icy.nl\\\/de\\\/?s={search_term_string}\"},\"query-input\":{\"@type\":\"PropertyValueSpecification\",\"valueRequired\":true,\"valueName\":\"search_term_string\"}}],\"inLanguage\":\"de\"},{\"@type\":\"Organization\",\"@id\":\"https:\\\/\\\/www.icy.nl\\\/de\\\/#organization\",\"name\":\"I.C.Y. B.V.\",\"url\":\"https:\\\/\\\/www.icy.nl\\\/de\\\/\",\"logo\":{\"@type\":\"ImageObject\",\"inLanguage\":\"de\",\"@id\":\"https:\\\/\\\/www.icy.nl\\\/de\\\/#\\\/schema\\\/logo\\\/image\\\/\",\"url\":\"https:\\\/\\\/www.icy.nl\\\/wp-content\\\/uploads\\\/2016\\\/11\\\/logo-icy.jpg\",\"contentUrl\":\"https:\\\/\\\/www.icy.nl\\\/wp-content\\\/uploads\\\/2016\\\/11\\\/logo-icy.jpg\",\"width\":400,\"height\":101,\"caption\":\"I.C.Y. B.V.\"},\"image\":{\"@id\":\"https:\\\/\\\/www.icy.nl\\\/de\\\/#\\\/schema\\\/logo\\\/image\\\/\"}}]}<\/script>\n<!-- \/ Yoast SEO plugin. -->","yoast_head_json":{"title":"ICY1845TT Timer Thermostat - ICY","robots":{"index":"index","follow":"follow","max-snippet":"max-snippet:-1","max-image-preview":"max-image-preview:large","max-video-preview":"max-video-preview:-1"},"canonical":"https:\/\/www.icy.nl\/de\/produkt\/icy1845tt-timer-thermostat\/","og_locale":"de_DE","og_type":"article","og_title":"ICY1845TT Timer Thermostat - ICY","og_description":"Ein energiesparender Thermostat mit Bewegungsmelder und Lichtsensor. In Abwesenheit des Benutzers schaltet der Thermostat die Heizung nach einer vom Eigent\u00fcmer festgelegten Zeit (z. B. 2 Stunden) automatisch ab.  Bewegungssensor  Lichtsensor - Die Heizung wird ausgeschaltet, wenn es in dem Raum, in dem der Thermostat h\u00e4ngt, dunkel ist.  \"Ein herzliches Willkommen\" - Der Timer kann vom Eigent\u00fcmer gesteuert werden, somit die Unterkunft vorgew\u00e4rmt werden kann.  PIN-Code gesch\u00fctzt  Control: On\/Off - 24V and OpenTherm\u00ae Anweisungen zum Anschlie\u00dfen dieses Thermostats an Ihren Heizkessel finden Sie auf dieser Seite: Anschlussanweisungen f\u00fcr die jeweilige Marke und Art des Heizkessels. \u20ac244,- exkl. MwSt Dieses Produkt ist in unserem Webshop \u00fcber den untenstehenden Link erh\u00e4ltlich. Gehen Sie zu diesem Produkt","og_url":"https:\/\/www.icy.nl\/de\/produkt\/icy1845tt-timer-thermostat\/","og_site_name":"ICY","og_image":[{"width":800,"height":800,"url":"https:\/\/www.icy.nl\/wp-content\/uploads\/2018\/02\/1845-energiebesparende-thermostaat-front-2020.jpg","type":"image\/jpeg"}],"twitter_card":"summary_large_image","twitter_misc":{"Gesch\u00e4tzte Lesezeit":"1\u00a0Minute"},"schema":{"@context":"https:\/\/schema.org","@graph":[{"@type":"WebPage","@id":"https:\/\/www.icy.nl\/de\/produkt\/icy1845tt-timer-thermostat\/","url":"https:\/\/www.icy.nl\/de\/produkt\/icy1845tt-timer-thermostat\/","name":"ICY1845TT Timer Thermostat - ICY","isPartOf":{"@id":"https:\/\/www.icy.nl\/de\/#website"},"primaryImageOfPage":{"@id":"https:\/\/www.icy.nl\/de\/produkt\/icy1845tt-timer-thermostat\/#primaryimage"},"image":{"@id":"https:\/\/www.icy.nl\/de\/produkt\/icy1845tt-timer-thermostat\/#primaryimage"},"thumbnailUrl":"https:\/\/www.icy.nl\/wp-content\/uploads\/2018\/02\/1845-energiebesparende-thermostaat-front-2020.jpg","datePublished":"2025-01-14T12:47:01+00:00","breadcrumb":{"@id":"https:\/\/www.icy.nl\/de\/produkt\/icy1845tt-timer-thermostat\/#breadcrumb"},"inLanguage":"de","potentialAction":[{"@type":"ReadAction","target":["https:\/\/www.icy.nl\/de\/produkt\/icy1845tt-timer-thermostat\/"]}]},{"@type":"ImageObject","inLanguage":"de","@id":"https:\/\/www.icy.nl\/de\/produkt\/icy1845tt-timer-thermostat\/#primaryimage","url":"https:\/\/www.icy.nl\/wp-content\/uploads\/2018\/02\/1845-energiebesparende-thermostaat-front-2020.jpg","contentUrl":"https:\/\/www.icy.nl\/wp-content\/uploads\/2018\/02\/1845-energiebesparende-thermostaat-front-2020.jpg","width":800,"height":800,"caption":"1845 energiebesparende thermostaat"},{"@type":"BreadcrumbList","@id":"https:\/\/www.icy.nl\/de\/produkt\/icy1845tt-timer-thermostat\/#breadcrumb","itemListElement":[{"@type":"ListItem","position":1,"name":"Home","item":"https:\/\/www.icy.nl\/de\/"},{"@type":"ListItem","position":2,"name":"Produkte","item":"https:\/\/www.icy.nl\/de\/produkte\/"},{"@type":"ListItem","position":3,"name":"ICY1845TT Timer Thermostat"}]},{"@type":"WebSite","@id":"https:\/\/www.icy.nl\/de\/#website","url":"https:\/\/www.icy.nl\/de\/","name":"ICY","description":"Smartmotica solutions","publisher":{"@id":"https:\/\/www.icy.nl\/de\/#organization"},"potentialAction":[{"@type":"SearchAction","target":{"@type":"EntryPoint","urlTemplate":"https:\/\/www.icy.nl\/de\/?s={search_term_string}"},"query-input":{"@type":"PropertyValueSpecification","valueRequired":true,"valueName":"search_term_string"}}],"inLanguage":"de"},{"@type":"Organization","@id":"https:\/\/www.icy.nl\/de\/#organization","name":"I.C.Y. B.V.","url":"https:\/\/www.icy.nl\/de\/","logo":{"@type":"ImageObject","inLanguage":"de","@id":"https:\/\/www.icy.nl\/de\/#\/schema\/logo\/image\/","url":"https:\/\/www.icy.nl\/wp-content\/uploads\/2016\/11\/logo-icy.jpg","contentUrl":"https:\/\/www.icy.nl\/wp-content\/uploads\/2016\/11\/logo-icy.jpg","width":400,"height":101,"caption":"I.C.Y. B.V."},"image":{"@id":"https:\/\/www.icy.nl\/de\/#\/schema\/logo\/image\/"}}]}},"featured_img":"https:\/\/www.icy.nl\/wp-content\/uploads\/2018\/02\/1845-energiebesparende-thermostaat-front-2020.jpg","coauthors":[],"author_meta":{"author_link":"https:\/\/www.icy.nl\/de\/author\/daniel\/","display_name":"Daniel van de Kamp"},"relative_dates":{"created":"Posted 10\u00a0Jahren ago","modified":"Updated 1\u00a0Jahr ago"},"absolute_dates":{"created":"Posted on 9. Mai 2016","modified":"Updated on 14. Januar 2025"},"absolute_dates_time":{"created":"Posted on 9. Mai 2016 14:00","modified":"Updated on 14. Januar 2025 13:47"},"featured_img_caption":"","tax_additional":{"product_brand":{"linked":[],"unlinked":[],"slug":"product_brand","name":"Marken"},"product_type":{"linked":["<a href=\"https:\/\/www.icy.nl\/de\/?taxonomy=product_type&#038;term=simple\" class=\"advgb-post-tax-term\">simple<\/a>"],"unlinked":["<span class=\"advgb-post-tax-term\">simple<\/span>"],"slug":"product_type","name":"Produkttyp"},"product_visibility":{"linked":[],"unlinked":[],"slug":"product_visibility","name":"Sichtbarkeit des Produkts"},"product_cat":{"linked":["<a href=\"https:\/\/www.icy.nl\/de\/product-categorie\/housing-management-de\/\" class=\"advgb-post-tax-term\">Housing Management<\/a>","<a href=\"https:\/\/www.icy.nl\/de\/product-categorie\/temperaturregelung\/\" class=\"advgb-post-tax-term\">Temperaturregelung<\/a>"],"unlinked":["<span class=\"advgb-post-tax-term\">Housing Management<\/span>","<span class=\"advgb-post-tax-term\">Temperaturregelung<\/span>"],"slug":"product_cat","name":"Produkt-Kategorien"},"product_tag":{"linked":[],"unlinked":[],"slug":"product_tag","name":"Produkt Schlagw\u00f6rter"},"product_shipping_class":{"linked":["<a href=\"https:\/\/www.icy.nl\/de\/?taxonomy=product_shipping_class&#038;term=normales-paket\" class=\"advgb-post-tax-term\">Normales Paket<\/a>"],"unlinked":["<span class=\"advgb-post-tax-term\">Normales Paket<\/span>"],"slug":"product_shipping_class","name":"Produkt Versandklasse"},"pos_product_visibility":{"linked":[],"unlinked":[],"slug":"pos_product_visibility","name":"POS-Produkt-Sichtbarkeit."},"translation_priority":{"linked":["<a href=\"https:\/\/www.icy.nl\/de\/?taxonomy=translation_priority&#038;term=hohe-prioritat\" class=\"advgb-post-tax-term\">hohe Priorit\u00e4t<\/a>"],"unlinked":["<span class=\"advgb-post-tax-term\">hohe Priorit\u00e4t<\/span>"],"slug":"translation_priority","name":"\u00dcbersetzungspriorit\u00e4ten"}},"series_order":"","_links":{"self":[{"href":"https:\/\/www.icy.nl\/de\/wp-json\/wp\/v2\/product\/57669","targetHints":{"allow":["GET"]}}],"collection":[{"href":"https:\/\/www.icy.nl\/de\/wp-json\/wp\/v2\/product"}],"about":[{"href":"https:\/\/www.icy.nl\/de\/wp-json\/wp\/v2\/types\/product"}],"wp:featuredmedia":[{"embeddable":true,"href":"https:\/\/www.icy.nl\/de\/wp-json\/wp\/v2\/media\/32463"}],"wp:attachment":[{"href":"https:\/\/www.icy.nl\/de\/wp-json\/wp\/v2\/media?parent=57669"}],"wp:term":[{"taxonomy":"product_brand","embeddable":true,"href":"https:\/\/www.icy.nl\/de\/wp-json\/wp\/v2\/product_brand?post=57669"},{"taxonomy":"product_cat","embeddable":true,"href":"https:\/\/www.icy.nl\/de\/wp-json\/wp\/v2\/product_cat?post=57669"},{"taxonomy":"product_tag","embeddable":true,"href":"https:\/\/www.icy.nl\/de\/wp-json\/wp\/v2\/product_tag?post=57669"}],"curies":[{"name":"wp","href":"https:\/\/api.w.org\/{rel}","templated":true}]}}