{"id":1760,"date":"2016-06-14T07:53:02","date_gmt":"2016-06-14T07:53:02","guid":{"rendered":"https:\/\/www.icy.nl\/lecture-de-compteurs-sans-fil\/"},"modified":"2018-03-21T09:38:44","modified_gmt":"2018-03-21T09:38:44","slug":"lecture-de-compteurs-sans-fil","status":"publish","type":"page","link":"https:\/\/www.icy.nl\/fr\/lecture-de-compteurs-sans-fil\/","title":{"rendered":"Lecture de compteurs sans fil"},"content":{"rendered":"<p><img loading=\"lazy\" decoding=\"async\" class=\"alignright size-half-page wp-image-331\" src=\"https:\/\/www.icy.nl\/wp-content\/uploads\/2016\/06\/EnergieMeterUitlezing-Overzicht2.jpg\" alt=\"EnergieMeterUitlezing-Overzicht2\" width=\"550\" height=\"205\" srcset=\"https:\/\/www.icy.nl\/wp-content\/uploads\/2016\/06\/EnergieMeterUitlezing-Overzicht2.jpg 750w, https:\/\/www.icy.nl\/wp-content\/uploads\/2016\/06\/EnergieMeterUitlezing-Overzicht2-600x224.jpg 600w, https:\/\/www.icy.nl\/wp-content\/uploads\/2016\/06\/EnergieMeterUitlezing-Overzicht2-300x112.jpg 300w, https:\/\/www.icy.nl\/wp-content\/uploads\/2016\/06\/EnergieMeterUitlezing-Overzicht2-550x205.jpg 550w\" sizes=\"auto, (max-width: 550px) 100vw, 550px\" \/>Est-ce que \u00e7a vous p\u00e8se chaque fois, de lire tous les compteurs d&rsquo;\u00e9nergie de votre parc de vacances? Ou est-ce que vous \u00eates, en tant que g\u00e9rant d&rsquo;un ensemble d&rsquo;appartements, responsable de la collecte des relev\u00e9s de compteurs? Dans ces cas, ICY vous offre une solution qui vous faites gagner du temps!<\/p>\n<p>Avec le syst\u00e8me de compteur d&rsquo;\u00e9nergie ICY, vous pouvez lire des compteurs avec un contact SO et envoyer les relev\u00e9s sans fil au logiciel d\u00e9velopp\u00e9 sp\u00e9cialement \u00e0 cet effet: l&rsquo;ICY Control Center.<br \/>\nAvec un simple clic, vous auriez sur votre \u00e9cran un aper\u00e7u complet de toutes les relev\u00e9s de compteurs.<\/p>\n<p>Lorsque les maisons sont rapproch\u00e9es, un r\u00e9seau local sans fil (ICY-Net) sera construit, de sorte qu&rsquo;un appareil (ICY-net Bridge) peut passer les relev\u00e9s de compteurs d&rsquo;un seul coup \u00e0 l&rsquo;ICY Control Center. Lorsque les maisons ne sont pas rapproch\u00e9es, vous pouvez toutefois transmettre les relev\u00e9s de compteurs gr\u00e2ce \u00e0 l&rsquo;installation d&rsquo;un ICY-Net Bridge par locatif.<\/p>\n<div class=\"cat\"><a class=\"button aligncenter\" href=\"mailto:iseewhy@icy.nl?subject=Veuillez m\u2019envoyer plus d\u2019information sur ce produit\">Veuillez m&rsquo;envoyer plus d&rsquo;information sur ce produit<\/a><\/div>\n<hr \/>\n<h1>ICY Control Center<\/h1>\n<p>ICY Control Center est une application web, qui offre encore plus de possibilit\u00e9s, comme par exemple <a href=\"https:\/\/www.icy.nl\/accommodatie-management\/\">Accommodation Management <\/a>qui vous permet par exemple de g\u00e9rer les thermostats \u00e0 distance, de lier des d\u00e9tecteurs de fum\u00e9e et de recevoir des notifications de pression d&rsquo;eau.<\/p>\n<hr \/>\n<h2>Produits li\u00e9s<\/h2>\n<div class=\"woocommerce columns-4 \"><ul class=\"products columns-4\">\n<li class=\"entry has-post-thumbnail product type-product post-57659 status-publish first instock product_cat-facility-management-fr product_cat-lecture-de-compteurs-sans-fil product_cat-logement-etudiant product_cat-agence-demploi taxable shipping-taxable product-type-simple\">\n\t<a href=\"https:\/\/www.icy.nl\/fr\/produit\/smart-meter-reader\/\" class=\"woocommerce-LoopProduct-link woocommerce-loop-product__link\"><img loading=\"lazy\" decoding=\"async\" width=\"300\" height=\"300\" src=\"https:\/\/www.icy.nl\/wp-content\/uploads\/2016\/06\/4442IN-energiemeter-uitlezen-smart-meter-reader-1-300x300.jpg\" class=\"attachment-woocommerce_thumbnail size-woocommerce_thumbnail\" alt=\"Smart Meter Reader\" srcset=\"https:\/\/www.icy.nl\/wp-content\/uploads\/2016\/06\/4442IN-energiemeter-uitlezen-smart-meter-reader-1-300x300.jpg 300w, https:\/\/www.icy.nl\/wp-content\/uploads\/2016\/06\/4442IN-energiemeter-uitlezen-smart-meter-reader-1-150x150.jpg 150w, https:\/\/www.icy.nl\/wp-content\/uploads\/2016\/06\/4442IN-energiemeter-uitlezen-smart-meter-reader-1-768x768.jpg 768w, https:\/\/www.icy.nl\/wp-content\/uploads\/2016\/06\/4442IN-energiemeter-uitlezen-smart-meter-reader-1-600x600.jpg 600w, https:\/\/www.icy.nl\/wp-content\/uploads\/2016\/06\/4442IN-energiemeter-uitlezen-smart-meter-reader-1-100x100.jpg 100w, https:\/\/www.icy.nl\/wp-content\/uploads\/2016\/06\/4442IN-energiemeter-uitlezen-smart-meter-reader-1-366x366.jpg 366w, https:\/\/www.icy.nl\/wp-content\/uploads\/2016\/06\/4442IN-energiemeter-uitlezen-smart-meter-reader-1.jpg 800w\" sizes=\"auto, (max-width: 300px) 100vw, 300px\" \/><h2 class=\"woocommerce-loop-product__title\">Smart Meter Reader<\/h2>\n<\/a><a href=\"https:\/\/www.icy.nl\/fr\/produit\/smart-meter-reader\/\" aria-describedby=\"woocommerce_loop_add_to_cart_link_describedby_57659\" data-quantity=\"1\" class=\"button product_type_simple\" data-product_id=\"57659\" data-product_sku=\"\" aria-label=\"En savoir plus sur &ldquo;Smart Meter Reader&rdquo;\" rel=\"nofollow\" data-success_message=\"\">Lire la suite<\/a>\t<span id=\"woocommerce_loop_add_to_cart_link_describedby_57659\" class=\"screen-reader-text\">\n\t\t\t<\/span>\n<\/li>\n<\/ul>\n<\/div>\n","protected":false},"excerpt":{"rendered":"<p>Est-ce que \u00e7a vous p\u00e8se chaque fois, de lire tous les compteurs d&rsquo;\u00e9nergie de votre parc de vacances? Ou est-ce que vous \u00eates, en tant que g\u00e9rant d&rsquo;un ensemble d&rsquo;appartements, responsable de la collecte des relev\u00e9s de compteurs? Dans ces cas, ICY vous offre une solution qui vous faites gagner du temps! Avec le syst\u00e8me [&hellip;]<\/p>\n","protected":false},"author":2946,"featured_media":2468,"parent":0,"menu_order":0,"comment_status":"closed","ping_status":"closed","template":"","meta":{"advgb_blocks_editor_width":"","advgb_blocks_columns_visual_guide":"","_genesis_hide_title":false,"_genesis_hide_breadcrumbs":false,"_genesis_hide_singular_image":false,"_genesis_hide_footer_widgets":false,"_genesis_custom_body_class":"","_genesis_custom_post_class":"","_genesis_layout":"","footnotes":""},"class_list":{"0":"post-1760","1":"page","2":"type-page","3":"status-publish","4":"has-post-thumbnail","6":"entry"},"yoast_head":"<!-- This site is optimized with the Yoast SEO plugin v27.4 - https:\/\/yoast.com\/product\/yoast-seo-wordpress\/ -->\n<title>Lecture de compteurs sans fil - ICY<\/title>\n<meta name=\"robots\" content=\"index, follow, max-snippet:-1, max-image-preview:large, max-video-preview:-1\" \/>\n<link rel=\"canonical\" href=\"https:\/\/www.icy.nl\/fr\/lecture-de-compteurs-sans-fil\/\" \/>\n<meta property=\"og:locale\" content=\"fr_FR\" \/>\n<meta property=\"og:type\" content=\"article\" \/>\n<meta property=\"og:title\" content=\"Lecture de compteurs sans fil - ICY\" \/>\n<meta property=\"og:description\" content=\"Est-ce que \u00e7a vous p\u00e8se chaque fois, de lire tous les compteurs d&rsquo;\u00e9nergie de votre parc de vacances? Ou est-ce que vous \u00eates, en tant que g\u00e9rant d&rsquo;un ensemble d&rsquo;appartements, responsable de la collecte des relev\u00e9s de compteurs? Dans ces cas, ICY vous offre une solution qui vous faites gagner du temps! Avec le syst\u00e8me [&hellip;]\" \/>\n<meta property=\"og:url\" content=\"https:\/\/www.icy.nl\/fr\/lecture-de-compteurs-sans-fil\/\" \/>\n<meta property=\"og:site_name\" content=\"ICY\" \/>\n<meta property=\"article:modified_time\" content=\"2018-03-21T09:38:44+00:00\" \/>\n<meta property=\"og:image\" content=\"https:\/\/www.icy.nl\/wp-content\/uploads\/2018\/03\/featured-image-draadloos-meterstanden-uitlezen.jpg\" \/>\n\t<meta property=\"og:image:width\" content=\"1200\" \/>\n\t<meta property=\"og:image:height\" content=\"300\" \/>\n\t<meta property=\"og:image:type\" content=\"image\/jpeg\" \/>\n<meta name=\"twitter:card\" content=\"summary_large_image\" \/>\n<meta name=\"twitter:label1\" content=\"Dur\u00e9e de lecture estim\u00e9e\" \/>\n\t<meta name=\"twitter:data1\" content=\"1 minute\" \/>\n<script type=\"application\/ld+json\" class=\"yoast-schema-graph\">{\"@context\":\"https:\\\/\\\/schema.org\",\"@graph\":[{\"@type\":\"WebPage\",\"@id\":\"https:\\\/\\\/www.icy.nl\\\/fr\\\/lecture-de-compteurs-sans-fil\\\/\",\"url\":\"https:\\\/\\\/www.icy.nl\\\/fr\\\/lecture-de-compteurs-sans-fil\\\/\",\"name\":\"Lecture de compteurs sans fil - ICY\",\"isPartOf\":{\"@id\":\"https:\\\/\\\/www.icy.nl\\\/fr\\\/#website\"},\"primaryImageOfPage\":{\"@id\":\"https:\\\/\\\/www.icy.nl\\\/fr\\\/lecture-de-compteurs-sans-fil\\\/#primaryimage\"},\"image\":{\"@id\":\"https:\\\/\\\/www.icy.nl\\\/fr\\\/lecture-de-compteurs-sans-fil\\\/#primaryimage\"},\"thumbnailUrl\":\"https:\\\/\\\/www.icy.nl\\\/wp-content\\\/uploads\\\/2018\\\/03\\\/featured-image-draadloos-meterstanden-uitlezen.jpg\",\"datePublished\":\"2016-06-14T07:53:02+00:00\",\"dateModified\":\"2018-03-21T09:38:44+00:00\",\"breadcrumb\":{\"@id\":\"https:\\\/\\\/www.icy.nl\\\/fr\\\/lecture-de-compteurs-sans-fil\\\/#breadcrumb\"},\"inLanguage\":\"fr-FR\",\"potentialAction\":[{\"@type\":\"ReadAction\",\"target\":[\"https:\\\/\\\/www.icy.nl\\\/fr\\\/lecture-de-compteurs-sans-fil\\\/\"]}]},{\"@type\":\"ImageObject\",\"inLanguage\":\"fr-FR\",\"@id\":\"https:\\\/\\\/www.icy.nl\\\/fr\\\/lecture-de-compteurs-sans-fil\\\/#primaryimage\",\"url\":\"https:\\\/\\\/www.icy.nl\\\/wp-content\\\/uploads\\\/2018\\\/03\\\/featured-image-draadloos-meterstanden-uitlezen.jpg\",\"contentUrl\":\"https:\\\/\\\/www.icy.nl\\\/wp-content\\\/uploads\\\/2018\\\/03\\\/featured-image-draadloos-meterstanden-uitlezen.jpg\",\"width\":1200,\"height\":300},{\"@type\":\"BreadcrumbList\",\"@id\":\"https:\\\/\\\/www.icy.nl\\\/fr\\\/lecture-de-compteurs-sans-fil\\\/#breadcrumb\",\"itemListElement\":[{\"@type\":\"ListItem\",\"position\":1,\"name\":\"Home\",\"item\":\"https:\\\/\\\/www.icy.nl\\\/fr\\\/\"},{\"@type\":\"ListItem\",\"position\":2,\"name\":\"Lecture de compteurs sans fil\"}]},{\"@type\":\"WebSite\",\"@id\":\"https:\\\/\\\/www.icy.nl\\\/fr\\\/#website\",\"url\":\"https:\\\/\\\/www.icy.nl\\\/fr\\\/\",\"name\":\"ICY\",\"description\":\"Smartmotica solutions\",\"publisher\":{\"@id\":\"https:\\\/\\\/www.icy.nl\\\/fr\\\/#organization\"},\"potentialAction\":[{\"@type\":\"SearchAction\",\"target\":{\"@type\":\"EntryPoint\",\"urlTemplate\":\"https:\\\/\\\/www.icy.nl\\\/fr\\\/?s={search_term_string}\"},\"query-input\":{\"@type\":\"PropertyValueSpecification\",\"valueRequired\":true,\"valueName\":\"search_term_string\"}}],\"inLanguage\":\"fr-FR\"},{\"@type\":\"Organization\",\"@id\":\"https:\\\/\\\/www.icy.nl\\\/fr\\\/#organization\",\"name\":\"I.C.Y. B.V.\",\"url\":\"https:\\\/\\\/www.icy.nl\\\/fr\\\/\",\"logo\":{\"@type\":\"ImageObject\",\"inLanguage\":\"fr-FR\",\"@id\":\"https:\\\/\\\/www.icy.nl\\\/fr\\\/#\\\/schema\\\/logo\\\/image\\\/\",\"url\":\"https:\\\/\\\/www.icy.nl\\\/wp-content\\\/uploads\\\/2016\\\/11\\\/logo-icy.jpg\",\"contentUrl\":\"https:\\\/\\\/www.icy.nl\\\/wp-content\\\/uploads\\\/2016\\\/11\\\/logo-icy.jpg\",\"width\":400,\"height\":101,\"caption\":\"I.C.Y. B.V.\"},\"image\":{\"@id\":\"https:\\\/\\\/www.icy.nl\\\/fr\\\/#\\\/schema\\\/logo\\\/image\\\/\"}}]}<\/script>\n<!-- \/ Yoast SEO plugin. -->","yoast_head_json":{"title":"Lecture de compteurs sans fil - ICY","robots":{"index":"index","follow":"follow","max-snippet":"max-snippet:-1","max-image-preview":"max-image-preview:large","max-video-preview":"max-video-preview:-1"},"canonical":"https:\/\/www.icy.nl\/fr\/lecture-de-compteurs-sans-fil\/","og_locale":"fr_FR","og_type":"article","og_title":"Lecture de compteurs sans fil - ICY","og_description":"Est-ce que \u00e7a vous p\u00e8se chaque fois, de lire tous les compteurs d&rsquo;\u00e9nergie de votre parc de vacances? Ou est-ce que vous \u00eates, en tant que g\u00e9rant d&rsquo;un ensemble d&rsquo;appartements, responsable de la collecte des relev\u00e9s de compteurs? Dans ces cas, ICY vous offre une solution qui vous faites gagner du temps! Avec le syst\u00e8me [&hellip;]","og_url":"https:\/\/www.icy.nl\/fr\/lecture-de-compteurs-sans-fil\/","og_site_name":"ICY","article_modified_time":"2018-03-21T09:38:44+00:00","og_image":[{"width":1200,"height":300,"url":"https:\/\/www.icy.nl\/wp-content\/uploads\/2018\/03\/featured-image-draadloos-meterstanden-uitlezen.jpg","type":"image\/jpeg"}],"twitter_card":"summary_large_image","twitter_misc":{"Dur\u00e9e de lecture estim\u00e9e":"1 minute"},"schema":{"@context":"https:\/\/schema.org","@graph":[{"@type":"WebPage","@id":"https:\/\/www.icy.nl\/fr\/lecture-de-compteurs-sans-fil\/","url":"https:\/\/www.icy.nl\/fr\/lecture-de-compteurs-sans-fil\/","name":"Lecture de compteurs sans fil - ICY","isPartOf":{"@id":"https:\/\/www.icy.nl\/fr\/#website"},"primaryImageOfPage":{"@id":"https:\/\/www.icy.nl\/fr\/lecture-de-compteurs-sans-fil\/#primaryimage"},"image":{"@id":"https:\/\/www.icy.nl\/fr\/lecture-de-compteurs-sans-fil\/#primaryimage"},"thumbnailUrl":"https:\/\/www.icy.nl\/wp-content\/uploads\/2018\/03\/featured-image-draadloos-meterstanden-uitlezen.jpg","datePublished":"2016-06-14T07:53:02+00:00","dateModified":"2018-03-21T09:38:44+00:00","breadcrumb":{"@id":"https:\/\/www.icy.nl\/fr\/lecture-de-compteurs-sans-fil\/#breadcrumb"},"inLanguage":"fr-FR","potentialAction":[{"@type":"ReadAction","target":["https:\/\/www.icy.nl\/fr\/lecture-de-compteurs-sans-fil\/"]}]},{"@type":"ImageObject","inLanguage":"fr-FR","@id":"https:\/\/www.icy.nl\/fr\/lecture-de-compteurs-sans-fil\/#primaryimage","url":"https:\/\/www.icy.nl\/wp-content\/uploads\/2018\/03\/featured-image-draadloos-meterstanden-uitlezen.jpg","contentUrl":"https:\/\/www.icy.nl\/wp-content\/uploads\/2018\/03\/featured-image-draadloos-meterstanden-uitlezen.jpg","width":1200,"height":300},{"@type":"BreadcrumbList","@id":"https:\/\/www.icy.nl\/fr\/lecture-de-compteurs-sans-fil\/#breadcrumb","itemListElement":[{"@type":"ListItem","position":1,"name":"Home","item":"https:\/\/www.icy.nl\/fr\/"},{"@type":"ListItem","position":2,"name":"Lecture de compteurs sans fil"}]},{"@type":"WebSite","@id":"https:\/\/www.icy.nl\/fr\/#website","url":"https:\/\/www.icy.nl\/fr\/","name":"ICY","description":"Smartmotica solutions","publisher":{"@id":"https:\/\/www.icy.nl\/fr\/#organization"},"potentialAction":[{"@type":"SearchAction","target":{"@type":"EntryPoint","urlTemplate":"https:\/\/www.icy.nl\/fr\/?s={search_term_string}"},"query-input":{"@type":"PropertyValueSpecification","valueRequired":true,"valueName":"search_term_string"}}],"inLanguage":"fr-FR"},{"@type":"Organization","@id":"https:\/\/www.icy.nl\/fr\/#organization","name":"I.C.Y. B.V.","url":"https:\/\/www.icy.nl\/fr\/","logo":{"@type":"ImageObject","inLanguage":"fr-FR","@id":"https:\/\/www.icy.nl\/fr\/#\/schema\/logo\/image\/","url":"https:\/\/www.icy.nl\/wp-content\/uploads\/2016\/11\/logo-icy.jpg","contentUrl":"https:\/\/www.icy.nl\/wp-content\/uploads\/2016\/11\/logo-icy.jpg","width":400,"height":101,"caption":"I.C.Y. B.V."},"image":{"@id":"https:\/\/www.icy.nl\/fr\/#\/schema\/logo\/image\/"}}]}},"coauthors":[],"author_meta":{"author_link":"https:\/\/www.icy.nl\/fr\/author\/daniel\/","display_name":"Daniel van de Kamp"},"relative_dates":{"created":"Publi\u00e9 10 ans il y a","modified":"Mis \u00e0 jour 8 ans il y a"},"absolute_dates":{"created":"Publi\u00e9 le 14 juin 2016","modified":"Mise \u00e0 jour le 21 mars 2018"},"absolute_dates_time":{"created":"Publi\u00e9 le 14 juin 2016 7h53","modified":"Mise \u00e0 jour le 21 mars 2018 9h38"},"featured_img_caption":"","featured_img":"https:\/\/www.icy.nl\/wp-content\/uploads\/2018\/03\/featured-image-draadloos-meterstanden-uitlezen.jpg","series_order":"","_links":{"self":[{"href":"https:\/\/www.icy.nl\/fr\/wp-json\/wp\/v2\/pages\/1760","targetHints":{"allow":["GET"]}}],"collection":[{"href":"https:\/\/www.icy.nl\/fr\/wp-json\/wp\/v2\/pages"}],"about":[{"href":"https:\/\/www.icy.nl\/fr\/wp-json\/wp\/v2\/types\/page"}],"author":[{"embeddable":true,"href":"https:\/\/www.icy.nl\/fr\/wp-json\/wp\/v2\/users\/2946"}],"replies":[{"embeddable":true,"href":"https:\/\/www.icy.nl\/fr\/wp-json\/wp\/v2\/comments?post=1760"}],"version-history":[{"count":0,"href":"https:\/\/www.icy.nl\/fr\/wp-json\/wp\/v2\/pages\/1760\/revisions"}],"wp:featuredmedia":[{"embeddable":true,"href":"https:\/\/www.icy.nl\/fr\/wp-json\/wp\/v2\/media\/2468"}],"wp:attachment":[{"href":"https:\/\/www.icy.nl\/fr\/wp-json\/wp\/v2\/media?parent=1760"}],"curies":[{"name":"wp","href":"https:\/\/api.w.org\/{rel}","templated":true}]}}