{"id":1766,"date":"2016-06-27T12:28:55","date_gmt":"2016-06-27T12:28:55","guid":{"rendered":"https:\/\/www.icy.nl\/de-lidee-au-produit\/"},"modified":"2024-10-25T16:34:15","modified_gmt":"2024-10-25T14:34:15","slug":"de-lidee-au-produit","status":"publish","type":"page","link":"https:\/\/www.icy.nl\/fr\/de-lidee-au-produit\/","title":{"rendered":"De l\u2019id\u00e9e au produit"},"content":{"rendered":"\n<div class=\"wp-block-columns is-layout-flex wp-container-core-columns-is-layout-9d6595d7 wp-block-columns-is-layout-flex\">\n<div class=\"wp-block-column is-layout-flow wp-block-column-is-layout-flow\">\n<p>ICY est \u00e9volu\u00e9 du r\u00eave d&rsquo;un inventeur \u00e0 une entreprise qui offre des services complets, qui r\u00e9alise les r\u00eaves et les ambitions des autres.<\/p>\n\n\n\n<p>ICY con\u00e7oit et produit des solutions innovantes pour les probl\u00e8mes \u00e9lectroniques et non \u00e9lectroniques.<\/p>\n\n\n\n<p>ICY travaille souvent pour le compte d&rsquo;autres parties ou conclut des partenariats avec des entrepreneurs. Cela se traduit souvent par une collaboration \u00e0 longue terme o\u00f9 les deux parties b\u00e9n\u00e9ficient d&rsquo;un renforcement des comp\u00e9tences de base.<\/p>\n<\/div>\n\n\n\n<div class=\"wp-block-column is-layout-flow wp-block-column-is-layout-flow\">\n<p>Quelques exemples de questions des entrepreneurs adress\u00e9es \u00e0 ICY, pour lesquelles une solution a \u00e9t\u00e9 \u00e9labor\u00e9e :<\/p>\n\n\n\n<ul class=\"wp-block-list\">\n<li>Comment lire tous les compteurs d&rsquo;\u00e9nergie \u00e0 partir d&rsquo;un seul point dans une rue ou un quartier r\u00e9sidentiel ?<\/li>\n\n\n\n<li>Comment puis-je r\u00e9duire les co\u00fbts de chauffage dans ma maison ou dans mon parc de bungalows ?<\/li>\n\n\n\n<li>Comment puis-je obtenir la notification d&rsquo;une panne de CV pendant la journ\u00e9e, qui serait normalement signal\u00e9e le soir ?<\/li>\n\n\n\n<li>Comment enregistrer en ligne l&#8217;emploi du temps de mes employ\u00e9s dans un ensemble de serres ?<\/li>\n<\/ul>\n<\/div>\n<\/div>\n\n\n\n<div class=\"cat\"><a class=\"button aligncenter\" href=\"mailto:verkoop@icy.nl?subject=Information: d'un id\u00e9e au produit\">Contactez nous<\/a><\/div>\n\n\n\n<hr class=\"wp-block-separator has-alpha-channel-opacity\"\/>\n\n\n\n<h1 class=\"wp-block-heading\">Qualit\u00e9 et durabilit\u00e9<\/h1>\n\n\n\n<p>Vous voulez investir intelligemment dans les nouvelle technologies? Nous essayons de combiner l&rsquo;investissement \u00e0 un co\u00fbt raisonnable avec un produit de haute qualit\u00e9 durable. De cet fa\u00e7on, vous obtenez un rendement optimal.<\/p>\n\n\n\n<h1 class=\"wp-block-heading\">Installation facile et facilit\u00e9 d&rsquo;utilisation<\/h1>\n\n\n\n<p>Nos produits sont vite et facile \u00e0 installer, afin de r\u00e9duire les co\u00fbts d&rsquo;impl\u00e9mentation au maximum. Nous visons des produits faciles \u00e0 utiliser et \u00e0 entretenir et offrons un service de garantie et de r\u00e9paration unique.<\/p>\n\n\n\n<h1 class=\"wp-block-heading\">Innovation continue<\/h1>\n\n\n\n<p>Afin de pr\u00e9server des produits innovants, nous sommes \u00e0 l&rsquo;\u00e9coute de nos clients. Les souhaits et les commentaires sont inclus dans de nouvelles versions ou de nouveau produits. Bien s\u00fbr, nous suivons de pr\u00e8s le d\u00e9veloppement de nouvelles technologies afin de continuer \u00e0 offrir de nouvelles innovations.<\/p>\n\n\n\n<h1 class=\"wp-block-heading\">Exemples<\/h1>\n\n\n\n<h3 class=\"wp-block-heading\">Contr\u00f4le des po\u00eales d&rsquo;ambiance avec thermostat<\/h3>\n\n\n\n<h3 class=\"wp-block-heading\">Couplage des d\u00e9tecteurs de fum\u00e9e sans fil<\/h3>\n\n\n\n<h3 class=\"wp-block-heading\">Des sonnettes sans fil (temporaires) dans des complexes de bureaux<\/h3>\n\n\n\n<h3 class=\"wp-block-heading\">Couplage des panneaux infrarouges<\/h3>\n","protected":false},"excerpt":{"rendered":"<p>ICY est \u00e9volu\u00e9 du r\u00eave d&rsquo;un inventeur \u00e0 une entreprise qui offre des services complets, qui r\u00e9alise les r\u00eaves et les ambitions des autres. ICY con\u00e7oit et produit des solutions innovantes pour les probl\u00e8mes \u00e9lectroniques et non \u00e9lectroniques. ICY travaille souvent pour le compte d&rsquo;autres parties ou conclut des partenariats avec des entrepreneurs. Cela se [&hellip;]<\/p>\n","protected":false},"author":2946,"featured_media":32474,"parent":0,"menu_order":0,"comment_status":"closed","ping_status":"closed","template":"","meta":{"advgb_blocks_editor_width":"","advgb_blocks_columns_visual_guide":"","_genesis_hide_title":false,"_genesis_hide_breadcrumbs":false,"_genesis_hide_singular_image":false,"_genesis_hide_footer_widgets":false,"_genesis_custom_body_class":"","_genesis_custom_post_class":"","_genesis_layout":"","footnotes":""},"class_list":{"0":"post-1766","1":"page","2":"type-page","3":"status-publish","4":"has-post-thumbnail","6":"entry"},"yoast_head":"<!-- This site is optimized with the Yoast SEO plugin v27.5 - https:\/\/yoast.com\/product\/yoast-seo-wordpress\/ -->\n<title>De l\u2019id\u00e9e au produit - ICY<\/title>\n<meta name=\"robots\" content=\"index, follow, max-snippet:-1, max-image-preview:large, max-video-preview:-1\" \/>\n<link rel=\"canonical\" href=\"https:\/\/www.icy.nl\/fr\/de-lidee-au-produit\/\" \/>\n<meta property=\"og:locale\" content=\"fr_FR\" \/>\n<meta property=\"og:type\" content=\"article\" \/>\n<meta property=\"og:title\" content=\"De l\u2019id\u00e9e au produit - ICY\" \/>\n<meta property=\"og:description\" content=\"ICY est \u00e9volu\u00e9 du r\u00eave d&rsquo;un inventeur \u00e0 une entreprise qui offre des services complets, qui r\u00e9alise les r\u00eaves et les ambitions des autres. ICY con\u00e7oit et produit des solutions innovantes pour les probl\u00e8mes \u00e9lectroniques et non \u00e9lectroniques. ICY travaille souvent pour le compte d&rsquo;autres parties ou conclut des partenariats avec des entrepreneurs. Cela se [&hellip;]\" \/>\n<meta property=\"og:url\" content=\"https:\/\/www.icy.nl\/fr\/de-lidee-au-produit\/\" \/>\n<meta property=\"og:site_name\" content=\"ICY\" \/>\n<meta property=\"article:modified_time\" content=\"2024-10-25T14:34:15+00:00\" \/>\n<meta property=\"og:image\" content=\"https:\/\/www.icy.nl\/wp-content\/uploads\/2020\/11\/featured-image-van-dee-naar-product.jpg\" \/>\n\t<meta property=\"og:image:width\" content=\"1200\" \/>\n\t<meta property=\"og:image:height\" content=\"350\" \/>\n\t<meta property=\"og:image:type\" content=\"image\/jpeg\" \/>\n<meta name=\"twitter:card\" content=\"summary_large_image\" \/>\n<meta name=\"twitter:label1\" content=\"Dur\u00e9e de lecture estim\u00e9e\" \/>\n\t<meta name=\"twitter:data1\" content=\"2 minutes\" \/>\n<script type=\"application\/ld+json\" class=\"yoast-schema-graph\">{\"@context\":\"https:\\\/\\\/schema.org\",\"@graph\":[{\"@type\":\"WebPage\",\"@id\":\"https:\\\/\\\/www.icy.nl\\\/fr\\\/de-lidee-au-produit\\\/\",\"url\":\"https:\\\/\\\/www.icy.nl\\\/fr\\\/de-lidee-au-produit\\\/\",\"name\":\"De l\u2019id\u00e9e au produit - ICY\",\"isPartOf\":{\"@id\":\"https:\\\/\\\/www.icy.nl\\\/fr\\\/#website\"},\"primaryImageOfPage\":{\"@id\":\"https:\\\/\\\/www.icy.nl\\\/fr\\\/de-lidee-au-produit\\\/#primaryimage\"},\"image\":{\"@id\":\"https:\\\/\\\/www.icy.nl\\\/fr\\\/de-lidee-au-produit\\\/#primaryimage\"},\"thumbnailUrl\":\"https:\\\/\\\/www.icy.nl\\\/wp-content\\\/uploads\\\/2020\\\/11\\\/featured-image-van-dee-naar-product.jpg\",\"datePublished\":\"2016-06-27T12:28:55+00:00\",\"dateModified\":\"2024-10-25T14:34:15+00:00\",\"breadcrumb\":{\"@id\":\"https:\\\/\\\/www.icy.nl\\\/fr\\\/de-lidee-au-produit\\\/#breadcrumb\"},\"inLanguage\":\"fr-FR\",\"potentialAction\":[{\"@type\":\"ReadAction\",\"target\":[\"https:\\\/\\\/www.icy.nl\\\/fr\\\/de-lidee-au-produit\\\/\"]}]},{\"@type\":\"ImageObject\",\"inLanguage\":\"fr-FR\",\"@id\":\"https:\\\/\\\/www.icy.nl\\\/fr\\\/de-lidee-au-produit\\\/#primaryimage\",\"url\":\"https:\\\/\\\/www.icy.nl\\\/wp-content\\\/uploads\\\/2020\\\/11\\\/featured-image-van-dee-naar-product.jpg\",\"contentUrl\":\"https:\\\/\\\/www.icy.nl\\\/wp-content\\\/uploads\\\/2020\\\/11\\\/featured-image-van-dee-naar-product.jpg\",\"width\":1200,\"height\":350},{\"@type\":\"BreadcrumbList\",\"@id\":\"https:\\\/\\\/www.icy.nl\\\/fr\\\/de-lidee-au-produit\\\/#breadcrumb\",\"itemListElement\":[{\"@type\":\"ListItem\",\"position\":1,\"name\":\"Home\",\"item\":\"https:\\\/\\\/www.icy.nl\\\/fr\\\/\"},{\"@type\":\"ListItem\",\"position\":2,\"name\":\"De l\u2019id\u00e9e au produit\"}]},{\"@type\":\"WebSite\",\"@id\":\"https:\\\/\\\/www.icy.nl\\\/fr\\\/#website\",\"url\":\"https:\\\/\\\/www.icy.nl\\\/fr\\\/\",\"name\":\"ICY\",\"description\":\"Smartmotica solutions\",\"publisher\":{\"@id\":\"https:\\\/\\\/www.icy.nl\\\/fr\\\/#organization\"},\"potentialAction\":[{\"@type\":\"SearchAction\",\"target\":{\"@type\":\"EntryPoint\",\"urlTemplate\":\"https:\\\/\\\/www.icy.nl\\\/fr\\\/?s={search_term_string}\"},\"query-input\":{\"@type\":\"PropertyValueSpecification\",\"valueRequired\":true,\"valueName\":\"search_term_string\"}}],\"inLanguage\":\"fr-FR\"},{\"@type\":\"Organization\",\"@id\":\"https:\\\/\\\/www.icy.nl\\\/fr\\\/#organization\",\"name\":\"I.C.Y. B.V.\",\"url\":\"https:\\\/\\\/www.icy.nl\\\/fr\\\/\",\"logo\":{\"@type\":\"ImageObject\",\"inLanguage\":\"fr-FR\",\"@id\":\"https:\\\/\\\/www.icy.nl\\\/fr\\\/#\\\/schema\\\/logo\\\/image\\\/\",\"url\":\"https:\\\/\\\/www.icy.nl\\\/wp-content\\\/uploads\\\/2016\\\/11\\\/logo-icy.jpg\",\"contentUrl\":\"https:\\\/\\\/www.icy.nl\\\/wp-content\\\/uploads\\\/2016\\\/11\\\/logo-icy.jpg\",\"width\":400,\"height\":101,\"caption\":\"I.C.Y. B.V.\"},\"image\":{\"@id\":\"https:\\\/\\\/www.icy.nl\\\/fr\\\/#\\\/schema\\\/logo\\\/image\\\/\"}}]}<\/script>\n<!-- \/ Yoast SEO plugin. -->","yoast_head_json":{"title":"De l\u2019id\u00e9e au produit - ICY","robots":{"index":"index","follow":"follow","max-snippet":"max-snippet:-1","max-image-preview":"max-image-preview:large","max-video-preview":"max-video-preview:-1"},"canonical":"https:\/\/www.icy.nl\/fr\/de-lidee-au-produit\/","og_locale":"fr_FR","og_type":"article","og_title":"De l\u2019id\u00e9e au produit - ICY","og_description":"ICY est \u00e9volu\u00e9 du r\u00eave d&rsquo;un inventeur \u00e0 une entreprise qui offre des services complets, qui r\u00e9alise les r\u00eaves et les ambitions des autres. ICY con\u00e7oit et produit des solutions innovantes pour les probl\u00e8mes \u00e9lectroniques et non \u00e9lectroniques. ICY travaille souvent pour le compte d&rsquo;autres parties ou conclut des partenariats avec des entrepreneurs. Cela se [&hellip;]","og_url":"https:\/\/www.icy.nl\/fr\/de-lidee-au-produit\/","og_site_name":"ICY","article_modified_time":"2024-10-25T14:34:15+00:00","og_image":[{"width":1200,"height":350,"url":"https:\/\/www.icy.nl\/wp-content\/uploads\/2020\/11\/featured-image-van-dee-naar-product.jpg","type":"image\/jpeg"}],"twitter_card":"summary_large_image","twitter_misc":{"Dur\u00e9e de lecture estim\u00e9e":"2 minutes"},"schema":{"@context":"https:\/\/schema.org","@graph":[{"@type":"WebPage","@id":"https:\/\/www.icy.nl\/fr\/de-lidee-au-produit\/","url":"https:\/\/www.icy.nl\/fr\/de-lidee-au-produit\/","name":"De l\u2019id\u00e9e au produit - ICY","isPartOf":{"@id":"https:\/\/www.icy.nl\/fr\/#website"},"primaryImageOfPage":{"@id":"https:\/\/www.icy.nl\/fr\/de-lidee-au-produit\/#primaryimage"},"image":{"@id":"https:\/\/www.icy.nl\/fr\/de-lidee-au-produit\/#primaryimage"},"thumbnailUrl":"https:\/\/www.icy.nl\/wp-content\/uploads\/2020\/11\/featured-image-van-dee-naar-product.jpg","datePublished":"2016-06-27T12:28:55+00:00","dateModified":"2024-10-25T14:34:15+00:00","breadcrumb":{"@id":"https:\/\/www.icy.nl\/fr\/de-lidee-au-produit\/#breadcrumb"},"inLanguage":"fr-FR","potentialAction":[{"@type":"ReadAction","target":["https:\/\/www.icy.nl\/fr\/de-lidee-au-produit\/"]}]},{"@type":"ImageObject","inLanguage":"fr-FR","@id":"https:\/\/www.icy.nl\/fr\/de-lidee-au-produit\/#primaryimage","url":"https:\/\/www.icy.nl\/wp-content\/uploads\/2020\/11\/featured-image-van-dee-naar-product.jpg","contentUrl":"https:\/\/www.icy.nl\/wp-content\/uploads\/2020\/11\/featured-image-van-dee-naar-product.jpg","width":1200,"height":350},{"@type":"BreadcrumbList","@id":"https:\/\/www.icy.nl\/fr\/de-lidee-au-produit\/#breadcrumb","itemListElement":[{"@type":"ListItem","position":1,"name":"Home","item":"https:\/\/www.icy.nl\/fr\/"},{"@type":"ListItem","position":2,"name":"De l\u2019id\u00e9e au produit"}]},{"@type":"WebSite","@id":"https:\/\/www.icy.nl\/fr\/#website","url":"https:\/\/www.icy.nl\/fr\/","name":"ICY","description":"Smartmotica solutions","publisher":{"@id":"https:\/\/www.icy.nl\/fr\/#organization"},"potentialAction":[{"@type":"SearchAction","target":{"@type":"EntryPoint","urlTemplate":"https:\/\/www.icy.nl\/fr\/?s={search_term_string}"},"query-input":{"@type":"PropertyValueSpecification","valueRequired":true,"valueName":"search_term_string"}}],"inLanguage":"fr-FR"},{"@type":"Organization","@id":"https:\/\/www.icy.nl\/fr\/#organization","name":"I.C.Y. B.V.","url":"https:\/\/www.icy.nl\/fr\/","logo":{"@type":"ImageObject","inLanguage":"fr-FR","@id":"https:\/\/www.icy.nl\/fr\/#\/schema\/logo\/image\/","url":"https:\/\/www.icy.nl\/wp-content\/uploads\/2016\/11\/logo-icy.jpg","contentUrl":"https:\/\/www.icy.nl\/wp-content\/uploads\/2016\/11\/logo-icy.jpg","width":400,"height":101,"caption":"I.C.Y. B.V."},"image":{"@id":"https:\/\/www.icy.nl\/fr\/#\/schema\/logo\/image\/"}}]}},"coauthors":[],"author_meta":{"author_link":"https:\/\/www.icy.nl\/fr\/author\/daniel\/","display_name":"Daniel van de Kamp"},"relative_dates":{"created":"Publi\u00e9 10 ans il y a","modified":"Mis \u00e0 jour 2 ans il y a"},"absolute_dates":{"created":"Publi\u00e9 le 27 juin 2016","modified":"Mise \u00e0 jour le 25 octobre 2024"},"absolute_dates_time":{"created":"Publi\u00e9 le 27 juin 2016 12h28","modified":"Mise \u00e0 jour le 25 octobre 2024 16h34"},"featured_img_caption":"","featured_img":"https:\/\/www.icy.nl\/wp-content\/uploads\/2020\/11\/featured-image-van-dee-naar-product.jpg","series_order":"","_links":{"self":[{"href":"https:\/\/www.icy.nl\/fr\/wp-json\/wp\/v2\/pages\/1766","targetHints":{"allow":["GET"]}}],"collection":[{"href":"https:\/\/www.icy.nl\/fr\/wp-json\/wp\/v2\/pages"}],"about":[{"href":"https:\/\/www.icy.nl\/fr\/wp-json\/wp\/v2\/types\/page"}],"author":[{"embeddable":true,"href":"https:\/\/www.icy.nl\/fr\/wp-json\/wp\/v2\/users\/2946"}],"replies":[{"embeddable":true,"href":"https:\/\/www.icy.nl\/fr\/wp-json\/wp\/v2\/comments?post=1766"}],"version-history":[{"count":2,"href":"https:\/\/www.icy.nl\/fr\/wp-json\/wp\/v2\/pages\/1766\/revisions"}],"predecessor-version":[{"id":56786,"href":"https:\/\/www.icy.nl\/fr\/wp-json\/wp\/v2\/pages\/1766\/revisions\/56786"}],"wp:featuredmedia":[{"embeddable":true,"href":"https:\/\/www.icy.nl\/fr\/wp-json\/wp\/v2\/media\/32474"}],"wp:attachment":[{"href":"https:\/\/www.icy.nl\/fr\/wp-json\/wp\/v2\/media?parent=1766"}],"curies":[{"name":"wp","href":"https:\/\/api.w.org\/{rel}","templated":true}]}}