{"id":2416,"date":"2018-03-15T09:58:11","date_gmt":"2018-03-15T09:58:11","guid":{"rendered":"https:\/\/www.icy.nl\/?page_id=2416"},"modified":"2025-01-10T16:57:35","modified_gmt":"2025-01-10T15:57:35","slug":"icy-net","status":"publish","type":"page","link":"https:\/\/www.icy.nl\/fr\/icy-net\/","title":{"rendered":"ICY-Net"},"content":{"rendered":"<h3><img loading=\"lazy\" decoding=\"async\" class=\"alignleft wp-image-210 size-full\" src=\"https:\/\/www.icy.nl\/wp-content\/uploads\/2016\/05\/hopping-data-icy-net-rf-network.jpg\" width=\"550\" height=\"366\" srcset=\"https:\/\/www.icy.nl\/wp-content\/uploads\/2016\/05\/hopping-data-icy-net-rf-network.jpg 550w, https:\/\/www.icy.nl\/wp-content\/uploads\/2016\/05\/hopping-data-icy-net-rf-network-300x200.jpg 300w\" sizes=\"auto, (max-width: 550px) 100vw, 550px\" \/>ICY-Net permet de contr\u00f4ler ou de lire divers \u00e9quipements sans fil.<\/h3>\n<p>ICY-Net est un r\u00e9seau sans fil qui envoie de petits paquets de donn\u00e9es via divers n\u0153uds, ou \u00e9metteurs-r\u00e9cepteurs, jusqu&rsquo;\u00e0 ce que la destination finale soit atteinte. Contrairement \u00e0 d\u2019autres r\u00e9seaux comparables, le parcours d\u2019ICY-Net n\u2019est pas fix\u00e9 \u00e0 l\u2019avance. Les donn\u00e9es elles-m\u00eames choisissent l&rsquo;itin\u00e9raire le plus efficace vers la destination finale. Si un n\u0153ud n&rsquo;est pas accessible, par exemple en raison d&rsquo;un dysfonctionnement, les donn\u00e9es transitent par un autre itin\u00e9raire. ICY-Net est \u00e9galement tr\u00e8s adapt\u00e9 aux environnements mobiles, o\u00f9 les distances variables et la pr\u00e9vention des perturbations n\u00e9cessitent que les donn\u00e9es puissent choisir des itin\u00e9raires alternatifs. Les n\u0153uds ICY-Net sont sans fil, l\u00e9gers et faciles \u00e0 installer. Les n\u0153uds peuvent \u00eatre mont\u00e9s dans n&rsquo;importe quel ordre ; les adresses sont attribu\u00e9es par logiciel. Lorsqu&rsquo;un n\u0153ud est remplac\u00e9, les donn\u00e9es commenceront automatiquement \u00e0 utiliser le nouveau n\u0153ud. Le r\u00e9seau peut \u00eatre \u00e9tendu presque \u00e0 l&rsquo;infini.    <\/p>\n<h3>Communication flexible<\/h3>\n<p>ICY-Net a \u00e9t\u00e9 d\u00e9velopp\u00e9 pour \u00eatre utilis\u00e9 comme r\u00e9seau pour les applications de radiot\u00e9l\u00e9m\u00e9trie et est, par exemple, tr\u00e8s appropri\u00e9 pour contr\u00f4ler les \u00e9quipements des sites environnants \u00e0 partir d&rsquo;un emplacement central. Il est flexible et transparent et peut communiquer avec les types d\u2019\u00e9quipements les plus divers. <\/p>\n<h3>Multi-n\u0153uds et multi-d\u00e9ployable<\/h3>\n<p>Un contr\u00f4leur central n\u2019est pas n\u00e9cessaire ; chaque n\u0153ud peut communiquer directement avec n&rsquo;importe quel autre n\u0153ud. Il est m\u00eame possible d&rsquo;avoir diff\u00e9rentes sessions de communication se d\u00e9roulant simultan\u00e9ment au sein du r\u00e9seau. <\/p>\n<h3>Dates d&rsquo;exp\u00e9dition<\/h3>\n<p>En plus des informations de contr\u00f4le des donn\u00e9es et des erreurs, les paquets de donn\u00e9es \u00e0 envoyer contiennent \u00e9galement des informations sur l&rsquo;adresse de l&rsquo;exp\u00e9diteur et du destinataire. Tant que la destination finale n&rsquo;est pas atteinte, le paquet de donn\u00e9es est transmis. Si un n\u0153ud tombe en panne en cours de route, cela n\u2019affectera que rarement, voire jamais, la communication avec les autres n\u0153uds du r\u00e9seau. Le paquet de donn\u00e9es transmis atteint \u00e9galement sa destination finale via plusieurs routes, ce qui permet le filtrage et la validation des donn\u00e9es.   <\/p>\n<h3>Adressage intelligent<\/h3>\n<p>Pour \u00e9viter qu&rsquo;un paquet de donn\u00e9es circule sans fin, un n\u0153ud ne transmet le m\u00eame paquet de donn\u00e9es qu&rsquo;une seule fois au cours d&rsquo;un certain bloc de temps. \u00c0 cette fin, une table de paquets est conserv\u00e9e dans le n\u0153ud lui-m\u00eame avec laquelle un paquet entrant est compar\u00e9. S&rsquo;il a d\u00e9j\u00e0 \u00e9t\u00e9 re\u00e7u, il ne sera pas retransmis dans le d\u00e9lai imparti.  <\/p>\n<h3>Taille du paquet de donn\u00e9es<\/h3>\n<p>La taille des paquets de donn\u00e9es est dynamique et peut varier entre 12 et 43 octets, selon les capacit\u00e9s du destinataire, dont le champ de donn\u00e9es est compris entre 1 et 32 octets. Pour les fichiers de donn\u00e9es plus volumineux, plusieurs paquets de donn\u00e9es peuvent \u00eatre envoy\u00e9s. <\/p>\n<h3>Toepassingen<\/h3>\n<p>ICY propose d\u00e9j\u00e0 des solutions pr\u00eates \u00e0 l&#8217;emploi pour un certain nombre de domaines d&rsquo;application. Ceux-ci peuvent \u00eatre utilis\u00e9s imm\u00e9diatement apr\u00e8s l\u2019installation sans trop de probl\u00e8mes. Nous travaillons \u00e9galement dur pour \u00e9largir notre gamme, en partie sur la base des commentaires et des souhaits que nous recevons de nos clients. Par exemple, nous d\u00e9veloppons actuellement des logiciels de gestion sp\u00e9cifiques aux applications pour diff\u00e9rents syst\u00e8mes d&rsquo;exploitation.<br \/>\nLa pertinence de l&rsquo;ICY-Net pour une application particuli\u00e8re d\u00e9pend en grande partie des sp\u00e9cifications techniques requises.   <\/p>\n<h2>Produits associ\u00e9s<\/h2>\n<div class=\"woocommerce columns-4 \"><ul class=\"products columns-4\">\n<li class=\"entry has-post-thumbnail product type-product post-57655 status-publish first instock product_cat-accommodation-management-fr product_cat-campsite-management-fr product_cat-facility-management-fr product_cat-icy-net-infrastructure-fr product_tag-reseau-sans-fil product_tag-emetteur taxable shipping-taxable product-type-simple\">\n\t<a href=\"https:\/\/www.icy.nl\/fr\/produit\/transceiver\/\" class=\"woocommerce-LoopProduct-link woocommerce-loop-product__link\"><img loading=\"lazy\" decoding=\"async\" width=\"300\" height=\"300\" src=\"https:\/\/www.icy.nl\/wp-content\/uploads\/2016\/06\/2745-Transceiver-2-300x300.jpg\" class=\"attachment-woocommerce_thumbnail size-woocommerce_thumbnail\" alt=\"Transceiver\" srcset=\"https:\/\/www.icy.nl\/wp-content\/uploads\/2016\/06\/2745-Transceiver-2-300x300.jpg 300w, https:\/\/www.icy.nl\/wp-content\/uploads\/2016\/06\/2745-Transceiver-2-100x100.jpg 100w, https:\/\/www.icy.nl\/wp-content\/uploads\/2016\/06\/2745-Transceiver-2-150x150.jpg 150w, https:\/\/www.icy.nl\/wp-content\/uploads\/2016\/06\/2745-Transceiver-2-768x768.jpg 768w, https:\/\/www.icy.nl\/wp-content\/uploads\/2016\/06\/2745-Transceiver-2-1024x1024.jpg 1024w, https:\/\/www.icy.nl\/wp-content\/uploads\/2016\/06\/2745-Transceiver-2-600x600.jpg 600w, https:\/\/www.icy.nl\/wp-content\/uploads\/2016\/06\/2745-Transceiver-2-366x366.jpg 366w\" sizes=\"auto, (max-width: 300px) 100vw, 300px\" \/><h2 class=\"woocommerce-loop-product__title\">Transceiver<\/h2>\n<\/a><a href=\"https:\/\/www.icy.nl\/fr\/produit\/transceiver\/\" aria-describedby=\"woocommerce_loop_add_to_cart_link_describedby_57655\" data-quantity=\"1\" class=\"button product_type_simple\" data-product_id=\"57655\" data-product_sku=\"\" aria-label=\"En savoir plus sur &ldquo;Transceiver&rdquo;\" rel=\"nofollow\" data-success_message=\"\">Lire la suite<\/a>\t<span id=\"woocommerce_loop_add_to_cart_link_describedby_57655\" class=\"screen-reader-text\">\n\t\t\t<\/span>\n<\/li>\n<li class=\"entry has-post-thumbnail product type-product post-57504 status-publish instock product_cat-marina-management-fr product_cat-accommodation-management-fr product_cat-campsite-management-fr product_cat-icy-net-infrastructure-fr taxable shipping-taxable product-type-simple\">\n\t<a href=\"https:\/\/www.icy.nl\/fr\/produit\/icy-net-bridge\/\" class=\"woocommerce-LoopProduct-link woocommerce-loop-product__link\"><img loading=\"lazy\" decoding=\"async\" width=\"300\" height=\"300\" src=\"https:\/\/www.icy.nl\/wp-content\/uploads\/2016\/05\/ICY4816IN-ICY-net-bridge-300x300.jpg\" class=\"attachment-woocommerce_thumbnail size-woocommerce_thumbnail\" alt=\"ICY-Net Bridge\" srcset=\"https:\/\/www.icy.nl\/wp-content\/uploads\/2016\/05\/ICY4816IN-ICY-net-bridge-300x300.jpg 300w, https:\/\/www.icy.nl\/wp-content\/uploads\/2016\/05\/ICY4816IN-ICY-net-bridge-150x150.jpg 150w, https:\/\/www.icy.nl\/wp-content\/uploads\/2016\/05\/ICY4816IN-ICY-net-bridge-768x768.jpg 768w, https:\/\/www.icy.nl\/wp-content\/uploads\/2016\/05\/ICY4816IN-ICY-net-bridge-600x600.jpg 600w, https:\/\/www.icy.nl\/wp-content\/uploads\/2016\/05\/ICY4816IN-ICY-net-bridge-100x100.jpg 100w, https:\/\/www.icy.nl\/wp-content\/uploads\/2016\/05\/ICY4816IN-ICY-net-bridge-366x366.jpg 366w, https:\/\/www.icy.nl\/wp-content\/uploads\/2016\/05\/ICY4816IN-ICY-net-bridge.jpg 800w\" sizes=\"auto, (max-width: 300px) 100vw, 300px\" \/><h2 class=\"woocommerce-loop-product__title\">ICY-Net Bridge<\/h2>\n<\/a><a href=\"https:\/\/www.icy.nl\/fr\/produit\/icy-net-bridge\/\" aria-describedby=\"woocommerce_loop_add_to_cart_link_describedby_57504\" data-quantity=\"1\" class=\"button product_type_simple\" data-product_id=\"57504\" data-product_sku=\"\" aria-label=\"En savoir plus sur &ldquo;ICY-Net Bridge&rdquo;\" rel=\"nofollow\" data-success_message=\"\">Lire la suite<\/a>\t<span id=\"woocommerce_loop_add_to_cart_link_describedby_57504\" class=\"screen-reader-text\">\n\t\t\t<\/span>\n<\/li>\n<\/ul>\n<\/div>\n","protected":false},"excerpt":{"rendered":"<p>ICY-Net permet de contr\u00f4ler ou de lire divers \u00e9quipements sans fil. ICY-Net est un r\u00e9seau sans fil qui envoie de petits paquets de donn\u00e9es via divers n\u0153uds, ou \u00e9metteurs-r\u00e9cepteurs, jusqu&rsquo;\u00e0 ce que la destination finale soit atteinte. Contrairement \u00e0 d\u2019autres r\u00e9seaux comparables, le parcours d\u2019ICY-Net n\u2019est pas fix\u00e9 \u00e0 l\u2019avance. Les donn\u00e9es elles-m\u00eames choisissent l&rsquo;itin\u00e9raire [&hellip;]<\/p>\n","protected":false},"author":2946,"featured_media":2168,"parent":0,"menu_order":0,"comment_status":"closed","ping_status":"closed","template":"","meta":{"advgb_blocks_editor_width":"","advgb_blocks_columns_visual_guide":"","_genesis_hide_title":false,"_genesis_hide_breadcrumbs":false,"_genesis_hide_singular_image":false,"_genesis_hide_footer_widgets":false,"_genesis_custom_body_class":"","_genesis_custom_post_class":"","_genesis_layout":"","footnotes":""},"class_list":{"0":"post-2416","1":"page","2":"type-page","3":"status-publish","4":"has-post-thumbnail","6":"entry"},"yoast_head":"<!-- This site is optimized with the Yoast SEO plugin v27.4 - https:\/\/yoast.com\/product\/yoast-seo-wordpress\/ -->\n<title>ICY-Net - ICY<\/title>\n<meta name=\"robots\" content=\"index, follow, max-snippet:-1, max-image-preview:large, max-video-preview:-1\" \/>\n<link rel=\"canonical\" href=\"https:\/\/www.icy.nl\/fr\/icy-net\/\" \/>\n<meta property=\"og:locale\" content=\"fr_FR\" \/>\n<meta property=\"og:type\" content=\"article\" \/>\n<meta property=\"og:title\" content=\"ICY-Net - ICY\" \/>\n<meta property=\"og:description\" content=\"ICY-Net permet de contr\u00f4ler ou de lire divers \u00e9quipements sans fil. ICY-Net est un r\u00e9seau sans fil qui envoie de petits paquets de donn\u00e9es via divers n\u0153uds, ou \u00e9metteurs-r\u00e9cepteurs, jusqu&rsquo;\u00e0 ce que la destination finale soit atteinte. Contrairement \u00e0 d\u2019autres r\u00e9seaux comparables, le parcours d\u2019ICY-Net n\u2019est pas fix\u00e9 \u00e0 l\u2019avance. Les donn\u00e9es elles-m\u00eames choisissent l&rsquo;itin\u00e9raire [&hellip;]\" \/>\n<meta property=\"og:url\" content=\"https:\/\/www.icy.nl\/fr\/icy-net\/\" \/>\n<meta property=\"og:site_name\" content=\"ICY\" \/>\n<meta property=\"article:modified_time\" content=\"2025-01-10T15:57:35+00:00\" \/>\n<meta property=\"og:image\" content=\"https:\/\/www.icy.nl\/wp-content\/uploads\/2016\/05\/featured-image-icy-net-2.jpg\" \/>\n\t<meta property=\"og:image:width\" content=\"1158\" \/>\n\t<meta property=\"og:image:height\" content=\"350\" \/>\n\t<meta property=\"og:image:type\" content=\"image\/jpeg\" \/>\n<meta name=\"twitter:card\" content=\"summary_large_image\" \/>\n<meta name=\"twitter:label1\" content=\"Dur\u00e9e de lecture estim\u00e9e\" \/>\n\t<meta name=\"twitter:data1\" content=\"3 minutes\" \/>\n<script type=\"application\/ld+json\" class=\"yoast-schema-graph\">{\"@context\":\"https:\\\/\\\/schema.org\",\"@graph\":[{\"@type\":\"WebPage\",\"@id\":\"https:\\\/\\\/www.icy.nl\\\/fr\\\/icy-net\\\/\",\"url\":\"https:\\\/\\\/www.icy.nl\\\/fr\\\/icy-net\\\/\",\"name\":\"ICY-Net - ICY\",\"isPartOf\":{\"@id\":\"https:\\\/\\\/www.icy.nl\\\/fr\\\/#website\"},\"primaryImageOfPage\":{\"@id\":\"https:\\\/\\\/www.icy.nl\\\/fr\\\/icy-net\\\/#primaryimage\"},\"image\":{\"@id\":\"https:\\\/\\\/www.icy.nl\\\/fr\\\/icy-net\\\/#primaryimage\"},\"thumbnailUrl\":\"https:\\\/\\\/www.icy.nl\\\/wp-content\\\/uploads\\\/2016\\\/05\\\/featured-image-icy-net-2.jpg\",\"datePublished\":\"2018-03-15T09:58:11+00:00\",\"dateModified\":\"2025-01-10T15:57:35+00:00\",\"breadcrumb\":{\"@id\":\"https:\\\/\\\/www.icy.nl\\\/fr\\\/icy-net\\\/#breadcrumb\"},\"inLanguage\":\"fr-FR\",\"potentialAction\":[{\"@type\":\"ReadAction\",\"target\":[\"https:\\\/\\\/www.icy.nl\\\/fr\\\/icy-net\\\/\"]}]},{\"@type\":\"ImageObject\",\"inLanguage\":\"fr-FR\",\"@id\":\"https:\\\/\\\/www.icy.nl\\\/fr\\\/icy-net\\\/#primaryimage\",\"url\":\"https:\\\/\\\/www.icy.nl\\\/wp-content\\\/uploads\\\/2016\\\/05\\\/featured-image-icy-net-2.jpg\",\"contentUrl\":\"https:\\\/\\\/www.icy.nl\\\/wp-content\\\/uploads\\\/2016\\\/05\\\/featured-image-icy-net-2.jpg\",\"width\":1158,\"height\":350},{\"@type\":\"BreadcrumbList\",\"@id\":\"https:\\\/\\\/www.icy.nl\\\/fr\\\/icy-net\\\/#breadcrumb\",\"itemListElement\":[{\"@type\":\"ListItem\",\"position\":1,\"name\":\"Home\",\"item\":\"https:\\\/\\\/www.icy.nl\\\/fr\\\/\"},{\"@type\":\"ListItem\",\"position\":2,\"name\":\"ICY-Net\"}]},{\"@type\":\"WebSite\",\"@id\":\"https:\\\/\\\/www.icy.nl\\\/fr\\\/#website\",\"url\":\"https:\\\/\\\/www.icy.nl\\\/fr\\\/\",\"name\":\"ICY\",\"description\":\"Smartmotica solutions\",\"publisher\":{\"@id\":\"https:\\\/\\\/www.icy.nl\\\/fr\\\/#organization\"},\"potentialAction\":[{\"@type\":\"SearchAction\",\"target\":{\"@type\":\"EntryPoint\",\"urlTemplate\":\"https:\\\/\\\/www.icy.nl\\\/fr\\\/?s={search_term_string}\"},\"query-input\":{\"@type\":\"PropertyValueSpecification\",\"valueRequired\":true,\"valueName\":\"search_term_string\"}}],\"inLanguage\":\"fr-FR\"},{\"@type\":\"Organization\",\"@id\":\"https:\\\/\\\/www.icy.nl\\\/fr\\\/#organization\",\"name\":\"I.C.Y. B.V.\",\"url\":\"https:\\\/\\\/www.icy.nl\\\/fr\\\/\",\"logo\":{\"@type\":\"ImageObject\",\"inLanguage\":\"fr-FR\",\"@id\":\"https:\\\/\\\/www.icy.nl\\\/fr\\\/#\\\/schema\\\/logo\\\/image\\\/\",\"url\":\"https:\\\/\\\/www.icy.nl\\\/wp-content\\\/uploads\\\/2016\\\/11\\\/logo-icy.jpg\",\"contentUrl\":\"https:\\\/\\\/www.icy.nl\\\/wp-content\\\/uploads\\\/2016\\\/11\\\/logo-icy.jpg\",\"width\":400,\"height\":101,\"caption\":\"I.C.Y. B.V.\"},\"image\":{\"@id\":\"https:\\\/\\\/www.icy.nl\\\/fr\\\/#\\\/schema\\\/logo\\\/image\\\/\"}}]}<\/script>\n<!-- \/ Yoast SEO plugin. -->","yoast_head_json":{"title":"ICY-Net - ICY","robots":{"index":"index","follow":"follow","max-snippet":"max-snippet:-1","max-image-preview":"max-image-preview:large","max-video-preview":"max-video-preview:-1"},"canonical":"https:\/\/www.icy.nl\/fr\/icy-net\/","og_locale":"fr_FR","og_type":"article","og_title":"ICY-Net - ICY","og_description":"ICY-Net permet de contr\u00f4ler ou de lire divers \u00e9quipements sans fil. ICY-Net est un r\u00e9seau sans fil qui envoie de petits paquets de donn\u00e9es via divers n\u0153uds, ou \u00e9metteurs-r\u00e9cepteurs, jusqu&rsquo;\u00e0 ce que la destination finale soit atteinte. Contrairement \u00e0 d\u2019autres r\u00e9seaux comparables, le parcours d\u2019ICY-Net n\u2019est pas fix\u00e9 \u00e0 l\u2019avance. Les donn\u00e9es elles-m\u00eames choisissent l&rsquo;itin\u00e9raire [&hellip;]","og_url":"https:\/\/www.icy.nl\/fr\/icy-net\/","og_site_name":"ICY","article_modified_time":"2025-01-10T15:57:35+00:00","og_image":[{"width":1158,"height":350,"url":"https:\/\/www.icy.nl\/wp-content\/uploads\/2016\/05\/featured-image-icy-net-2.jpg","type":"image\/jpeg"}],"twitter_card":"summary_large_image","twitter_misc":{"Dur\u00e9e de lecture estim\u00e9e":"3 minutes"},"schema":{"@context":"https:\/\/schema.org","@graph":[{"@type":"WebPage","@id":"https:\/\/www.icy.nl\/fr\/icy-net\/","url":"https:\/\/www.icy.nl\/fr\/icy-net\/","name":"ICY-Net - ICY","isPartOf":{"@id":"https:\/\/www.icy.nl\/fr\/#website"},"primaryImageOfPage":{"@id":"https:\/\/www.icy.nl\/fr\/icy-net\/#primaryimage"},"image":{"@id":"https:\/\/www.icy.nl\/fr\/icy-net\/#primaryimage"},"thumbnailUrl":"https:\/\/www.icy.nl\/wp-content\/uploads\/2016\/05\/featured-image-icy-net-2.jpg","datePublished":"2018-03-15T09:58:11+00:00","dateModified":"2025-01-10T15:57:35+00:00","breadcrumb":{"@id":"https:\/\/www.icy.nl\/fr\/icy-net\/#breadcrumb"},"inLanguage":"fr-FR","potentialAction":[{"@type":"ReadAction","target":["https:\/\/www.icy.nl\/fr\/icy-net\/"]}]},{"@type":"ImageObject","inLanguage":"fr-FR","@id":"https:\/\/www.icy.nl\/fr\/icy-net\/#primaryimage","url":"https:\/\/www.icy.nl\/wp-content\/uploads\/2016\/05\/featured-image-icy-net-2.jpg","contentUrl":"https:\/\/www.icy.nl\/wp-content\/uploads\/2016\/05\/featured-image-icy-net-2.jpg","width":1158,"height":350},{"@type":"BreadcrumbList","@id":"https:\/\/www.icy.nl\/fr\/icy-net\/#breadcrumb","itemListElement":[{"@type":"ListItem","position":1,"name":"Home","item":"https:\/\/www.icy.nl\/fr\/"},{"@type":"ListItem","position":2,"name":"ICY-Net"}]},{"@type":"WebSite","@id":"https:\/\/www.icy.nl\/fr\/#website","url":"https:\/\/www.icy.nl\/fr\/","name":"ICY","description":"Smartmotica solutions","publisher":{"@id":"https:\/\/www.icy.nl\/fr\/#organization"},"potentialAction":[{"@type":"SearchAction","target":{"@type":"EntryPoint","urlTemplate":"https:\/\/www.icy.nl\/fr\/?s={search_term_string}"},"query-input":{"@type":"PropertyValueSpecification","valueRequired":true,"valueName":"search_term_string"}}],"inLanguage":"fr-FR"},{"@type":"Organization","@id":"https:\/\/www.icy.nl\/fr\/#organization","name":"I.C.Y. B.V.","url":"https:\/\/www.icy.nl\/fr\/","logo":{"@type":"ImageObject","inLanguage":"fr-FR","@id":"https:\/\/www.icy.nl\/fr\/#\/schema\/logo\/image\/","url":"https:\/\/www.icy.nl\/wp-content\/uploads\/2016\/11\/logo-icy.jpg","contentUrl":"https:\/\/www.icy.nl\/wp-content\/uploads\/2016\/11\/logo-icy.jpg","width":400,"height":101,"caption":"I.C.Y. B.V."},"image":{"@id":"https:\/\/www.icy.nl\/fr\/#\/schema\/logo\/image\/"}}]}},"coauthors":[],"author_meta":{"author_link":"https:\/\/www.icy.nl\/fr\/author\/daniel\/","display_name":"Daniel van de Kamp"},"relative_dates":{"created":"Publi\u00e9 8 ans il y a","modified":"Mis \u00e0 jour 1 an il y a"},"absolute_dates":{"created":"Publi\u00e9 le 15 mars 2018","modified":"Mise \u00e0 jour le 10 janvier 2025"},"absolute_dates_time":{"created":"Publi\u00e9 le 15 mars 2018 9h58","modified":"Mise \u00e0 jour le 10 janvier 2025 16h57"},"featured_img_caption":"","featured_img":"https:\/\/www.icy.nl\/wp-content\/uploads\/2016\/05\/featured-image-icy-net-2.jpg","series_order":"","_links":{"self":[{"href":"https:\/\/www.icy.nl\/fr\/wp-json\/wp\/v2\/pages\/2416","targetHints":{"allow":["GET"]}}],"collection":[{"href":"https:\/\/www.icy.nl\/fr\/wp-json\/wp\/v2\/pages"}],"about":[{"href":"https:\/\/www.icy.nl\/fr\/wp-json\/wp\/v2\/types\/page"}],"author":[{"embeddable":true,"href":"https:\/\/www.icy.nl\/fr\/wp-json\/wp\/v2\/users\/2946"}],"replies":[{"embeddable":true,"href":"https:\/\/www.icy.nl\/fr\/wp-json\/wp\/v2\/comments?post=2416"}],"version-history":[{"count":1,"href":"https:\/\/www.icy.nl\/fr\/wp-json\/wp\/v2\/pages\/2416\/revisions"}],"predecessor-version":[{"id":57506,"href":"https:\/\/www.icy.nl\/fr\/wp-json\/wp\/v2\/pages\/2416\/revisions\/57506"}],"wp:featuredmedia":[{"embeddable":true,"href":"https:\/\/www.icy.nl\/fr\/wp-json\/wp\/v2\/media\/2168"}],"wp:attachment":[{"href":"https:\/\/www.icy.nl\/fr\/wp-json\/wp\/v2\/media?parent=2416"}],"curies":[{"name":"wp","href":"https:\/\/api.w.org\/{rel}","templated":true}]}}