{"id":56761,"date":"2024-10-25T15:47:44","date_gmt":"2024-10-25T13:47:44","guid":{"rendered":"https:\/\/www.icy.nl\/ne-depassez-plus-jamais-le-plafond-des-frais-fixes-avec-icy-peak-management\/"},"modified":"2024-10-25T15:47:53","modified_gmt":"2024-10-25T13:47:53","slug":"ne-depassez-plus-jamais-le-plafond-des-frais-fixes-avec-icy-peak-management","status":"publish","type":"page","link":"https:\/\/www.icy.nl\/fr\/ne-depassez-plus-jamais-le-plafond-des-frais-fixes-avec-icy-peak-management\/","title":{"rendered":"Ne d\u00e9passez plus jamais le plafond des frais fixes avec ICY Peak Management"},"content":{"rendered":"\n<p>Tous les gestionnaires de parcs de vacances et de campings conviennent avec le fournisseur d&rsquo;\u00e9nergie d&rsquo;un certain plafond de consommation d&rsquo;\u00e9nergie. Si cette limite est d\u00e9pass\u00e9e, une p\u00e9nalit\u00e9 substantielle est factur\u00e9e. Pour \u00e9viter que cette limite sup\u00e9rieure ne soit d\u00e9pass\u00e9e, nous avons d\u00e9velopp\u00e9 ICY Peak Management.  <\/p>\n\n<p>Il s&rsquo;agit d&rsquo;un module des syst\u00e8mes de gestion \u00e0 distance <a href=\"https:\/\/www.icy.nl\/fr\/icy-accommodation-management-gestion-sans-fil-des-parcs-de-vacances\/\">ICY Accommodation Management<\/a>, <a href=\"https:\/\/www.icy.nl\/fr\/icy-marina-management-gestion-de-lalimentation-sans-fil-dans-les-marinas\/\">ICY Marina Management<\/a> et <a href=\"https:\/\/www.icy.nl\/fr\/icy-campsite-management-gestion-delectricite-sans-fil-aux-campings\/\">ICY Campsite Management<\/a>.<br\/>Ces syst\u00e8mes surveillent la consommation actuelle du parc ou du camping. D\u00e8s que l&rsquo;on d\u00e9tecte que la limite sup\u00e9rieure risque d&rsquo;\u00eatre d\u00e9pass\u00e9e, une phase d&rsquo;alarme est d\u00e9clench\u00e9e et des mesures correspondantes sont prises pour r\u00e9duire imm\u00e9diatement la consommation d&rsquo;\u00e9nergie. <\/p>\n\n<p>Vous souhaitez \u00e9galement b\u00e9n\u00e9ficier de cette s\u00e9curit\u00e9 pour votre parc de vacances, votre port de plaisance ou votre camping ? N&rsquo;h\u00e9sitez pas \u00e0 nous contacter.<br\/><br\/> <\/p>\n\n<p><a href=\"http:\/\/www.icy.nl\/fr\/contact\">www.icy.nl\/contact<\/a><\/p>\n","protected":false},"excerpt":{"rendered":"<p>Tous les gestionnaires de parcs de vacances et de campings conviennent avec le fournisseur d&rsquo;\u00e9nergie d&rsquo;un certain plafond de consommation d&rsquo;\u00e9nergie. Si cette limite est d\u00e9pass\u00e9e, une p\u00e9nalit\u00e9 substantielle est factur\u00e9e. Pour \u00e9viter que cette limite sup\u00e9rieure ne soit d\u00e9pass\u00e9e, nous avons d\u00e9velopp\u00e9 ICY Peak Management. Il s&rsquo;agit d&rsquo;un module des syst\u00e8mes de gestion \u00e0 [&hellip;]<\/p>\n","protected":false},"author":2946,"featured_media":56758,"parent":0,"menu_order":0,"comment_status":"closed","ping_status":"closed","template":"","meta":{"advgb_blocks_editor_width":"","advgb_blocks_columns_visual_guide":"","_genesis_hide_title":false,"_genesis_hide_breadcrumbs":false,"_genesis_hide_singular_image":false,"_genesis_hide_footer_widgets":false,"_genesis_custom_body_class":"","_genesis_custom_post_class":"","_genesis_layout":"","footnotes":""},"class_list":{"0":"post-56761","1":"page","2":"type-page","3":"status-publish","4":"has-post-thumbnail","6":"entry"},"yoast_head":"<!-- This site is optimized with the Yoast SEO plugin v27.3 - https:\/\/yoast.com\/product\/yoast-seo-wordpress\/ -->\n<title>Ne d\u00e9passez plus jamais le plafond des frais fixes avec ICY Peak Management - ICY<\/title>\n<meta name=\"robots\" content=\"index, follow, max-snippet:-1, max-image-preview:large, max-video-preview:-1\" \/>\n<link rel=\"canonical\" href=\"https:\/\/www.icy.nl\/fr\/ne-depassez-plus-jamais-le-plafond-des-frais-fixes-avec-icy-peak-management\/\" \/>\n<meta property=\"og:locale\" content=\"fr_FR\" \/>\n<meta property=\"og:type\" content=\"article\" \/>\n<meta property=\"og:title\" content=\"Ne d\u00e9passez plus jamais le plafond des frais fixes avec ICY Peak Management - ICY\" \/>\n<meta property=\"og:description\" content=\"Tous les gestionnaires de parcs de vacances et de campings conviennent avec le fournisseur d&rsquo;\u00e9nergie d&rsquo;un certain plafond de consommation d&rsquo;\u00e9nergie. Si cette limite est d\u00e9pass\u00e9e, une p\u00e9nalit\u00e9 substantielle est factur\u00e9e. Pour \u00e9viter que cette limite sup\u00e9rieure ne soit d\u00e9pass\u00e9e, nous avons d\u00e9velopp\u00e9 ICY Peak Management. Il s&rsquo;agit d&rsquo;un module des syst\u00e8mes de gestion \u00e0 [&hellip;]\" \/>\n<meta property=\"og:url\" content=\"https:\/\/www.icy.nl\/fr\/ne-depassez-plus-jamais-le-plafond-des-frais-fixes-avec-icy-peak-management\/\" \/>\n<meta property=\"og:site_name\" content=\"ICY\" \/>\n<meta property=\"article:modified_time\" content=\"2024-10-25T13:47:53+00:00\" \/>\n<meta property=\"og:image\" content=\"https:\/\/www.icy.nl\/wp-content\/uploads\/2024\/10\/peak-shaving-1.jpg\" \/>\n\t<meta property=\"og:image:width\" content=\"1158\" \/>\n\t<meta property=\"og:image:height\" content=\"337\" \/>\n\t<meta property=\"og:image:type\" content=\"image\/jpeg\" \/>\n<meta name=\"twitter:card\" content=\"summary_large_image\" \/>\n<meta name=\"twitter:label1\" content=\"Dur\u00e9e de lecture estim\u00e9e\" \/>\n\t<meta name=\"twitter:data1\" content=\"1 minute\" \/>\n<script type=\"application\/ld+json\" class=\"yoast-schema-graph\">{\"@context\":\"https:\\\/\\\/schema.org\",\"@graph\":[{\"@type\":\"WebPage\",\"@id\":\"https:\\\/\\\/www.icy.nl\\\/fr\\\/ne-depassez-plus-jamais-le-plafond-des-frais-fixes-avec-icy-peak-management\\\/\",\"url\":\"https:\\\/\\\/www.icy.nl\\\/fr\\\/ne-depassez-plus-jamais-le-plafond-des-frais-fixes-avec-icy-peak-management\\\/\",\"name\":\"Ne d\u00e9passez plus jamais le plafond des frais fixes avec ICY Peak Management - ICY\",\"isPartOf\":{\"@id\":\"https:\\\/\\\/www.icy.nl\\\/fr\\\/#website\"},\"primaryImageOfPage\":{\"@id\":\"https:\\\/\\\/www.icy.nl\\\/fr\\\/ne-depassez-plus-jamais-le-plafond-des-frais-fixes-avec-icy-peak-management\\\/#primaryimage\"},\"image\":{\"@id\":\"https:\\\/\\\/www.icy.nl\\\/fr\\\/ne-depassez-plus-jamais-le-plafond-des-frais-fixes-avec-icy-peak-management\\\/#primaryimage\"},\"thumbnailUrl\":\"https:\\\/\\\/www.icy.nl\\\/wp-content\\\/uploads\\\/2024\\\/10\\\/peak-shaving-1.jpg\",\"datePublished\":\"2024-10-25T13:47:44+00:00\",\"dateModified\":\"2024-10-25T13:47:53+00:00\",\"breadcrumb\":{\"@id\":\"https:\\\/\\\/www.icy.nl\\\/fr\\\/ne-depassez-plus-jamais-le-plafond-des-frais-fixes-avec-icy-peak-management\\\/#breadcrumb\"},\"inLanguage\":\"fr-FR\",\"potentialAction\":[{\"@type\":\"ReadAction\",\"target\":[\"https:\\\/\\\/www.icy.nl\\\/fr\\\/ne-depassez-plus-jamais-le-plafond-des-frais-fixes-avec-icy-peak-management\\\/\"]}]},{\"@type\":\"ImageObject\",\"inLanguage\":\"fr-FR\",\"@id\":\"https:\\\/\\\/www.icy.nl\\\/fr\\\/ne-depassez-plus-jamais-le-plafond-des-frais-fixes-avec-icy-peak-management\\\/#primaryimage\",\"url\":\"https:\\\/\\\/www.icy.nl\\\/wp-content\\\/uploads\\\/2024\\\/10\\\/peak-shaving-1.jpg\",\"contentUrl\":\"https:\\\/\\\/www.icy.nl\\\/wp-content\\\/uploads\\\/2024\\\/10\\\/peak-shaving-1.jpg\",\"width\":1158,\"height\":337},{\"@type\":\"BreadcrumbList\",\"@id\":\"https:\\\/\\\/www.icy.nl\\\/fr\\\/ne-depassez-plus-jamais-le-plafond-des-frais-fixes-avec-icy-peak-management\\\/#breadcrumb\",\"itemListElement\":[{\"@type\":\"ListItem\",\"position\":1,\"name\":\"Home\",\"item\":\"https:\\\/\\\/www.icy.nl\\\/fr\\\/\"},{\"@type\":\"ListItem\",\"position\":2,\"name\":\"Ne d\u00e9passez plus jamais le plafond des frais fixes avec ICY Peak Management\"}]},{\"@type\":\"WebSite\",\"@id\":\"https:\\\/\\\/www.icy.nl\\\/fr\\\/#website\",\"url\":\"https:\\\/\\\/www.icy.nl\\\/fr\\\/\",\"name\":\"ICY\",\"description\":\"Smartmotica solutions\",\"publisher\":{\"@id\":\"https:\\\/\\\/www.icy.nl\\\/fr\\\/#organization\"},\"potentialAction\":[{\"@type\":\"SearchAction\",\"target\":{\"@type\":\"EntryPoint\",\"urlTemplate\":\"https:\\\/\\\/www.icy.nl\\\/fr\\\/?s={search_term_string}\"},\"query-input\":{\"@type\":\"PropertyValueSpecification\",\"valueRequired\":true,\"valueName\":\"search_term_string\"}}],\"inLanguage\":\"fr-FR\"},{\"@type\":\"Organization\",\"@id\":\"https:\\\/\\\/www.icy.nl\\\/fr\\\/#organization\",\"name\":\"I.C.Y. B.V.\",\"url\":\"https:\\\/\\\/www.icy.nl\\\/fr\\\/\",\"logo\":{\"@type\":\"ImageObject\",\"inLanguage\":\"fr-FR\",\"@id\":\"https:\\\/\\\/www.icy.nl\\\/fr\\\/#\\\/schema\\\/logo\\\/image\\\/\",\"url\":\"https:\\\/\\\/www.icy.nl\\\/wp-content\\\/uploads\\\/2016\\\/11\\\/logo-icy.jpg\",\"contentUrl\":\"https:\\\/\\\/www.icy.nl\\\/wp-content\\\/uploads\\\/2016\\\/11\\\/logo-icy.jpg\",\"width\":400,\"height\":101,\"caption\":\"I.C.Y. B.V.\"},\"image\":{\"@id\":\"https:\\\/\\\/www.icy.nl\\\/fr\\\/#\\\/schema\\\/logo\\\/image\\\/\"}}]}<\/script>\n<!-- \/ Yoast SEO plugin. -->","yoast_head_json":{"title":"Ne d\u00e9passez plus jamais le plafond des frais fixes avec ICY Peak Management - ICY","robots":{"index":"index","follow":"follow","max-snippet":"max-snippet:-1","max-image-preview":"max-image-preview:large","max-video-preview":"max-video-preview:-1"},"canonical":"https:\/\/www.icy.nl\/fr\/ne-depassez-plus-jamais-le-plafond-des-frais-fixes-avec-icy-peak-management\/","og_locale":"fr_FR","og_type":"article","og_title":"Ne d\u00e9passez plus jamais le plafond des frais fixes avec ICY Peak Management - ICY","og_description":"Tous les gestionnaires de parcs de vacances et de campings conviennent avec le fournisseur d&rsquo;\u00e9nergie d&rsquo;un certain plafond de consommation d&rsquo;\u00e9nergie. Si cette limite est d\u00e9pass\u00e9e, une p\u00e9nalit\u00e9 substantielle est factur\u00e9e. Pour \u00e9viter que cette limite sup\u00e9rieure ne soit d\u00e9pass\u00e9e, nous avons d\u00e9velopp\u00e9 ICY Peak Management. Il s&rsquo;agit d&rsquo;un module des syst\u00e8mes de gestion \u00e0 [&hellip;]","og_url":"https:\/\/www.icy.nl\/fr\/ne-depassez-plus-jamais-le-plafond-des-frais-fixes-avec-icy-peak-management\/","og_site_name":"ICY","article_modified_time":"2024-10-25T13:47:53+00:00","og_image":[{"width":1158,"height":337,"url":"https:\/\/www.icy.nl\/wp-content\/uploads\/2024\/10\/peak-shaving-1.jpg","type":"image\/jpeg"}],"twitter_card":"summary_large_image","twitter_misc":{"Dur\u00e9e de lecture estim\u00e9e":"1 minute"},"schema":{"@context":"https:\/\/schema.org","@graph":[{"@type":"WebPage","@id":"https:\/\/www.icy.nl\/fr\/ne-depassez-plus-jamais-le-plafond-des-frais-fixes-avec-icy-peak-management\/","url":"https:\/\/www.icy.nl\/fr\/ne-depassez-plus-jamais-le-plafond-des-frais-fixes-avec-icy-peak-management\/","name":"Ne d\u00e9passez plus jamais le plafond des frais fixes avec ICY Peak Management - ICY","isPartOf":{"@id":"https:\/\/www.icy.nl\/fr\/#website"},"primaryImageOfPage":{"@id":"https:\/\/www.icy.nl\/fr\/ne-depassez-plus-jamais-le-plafond-des-frais-fixes-avec-icy-peak-management\/#primaryimage"},"image":{"@id":"https:\/\/www.icy.nl\/fr\/ne-depassez-plus-jamais-le-plafond-des-frais-fixes-avec-icy-peak-management\/#primaryimage"},"thumbnailUrl":"https:\/\/www.icy.nl\/wp-content\/uploads\/2024\/10\/peak-shaving-1.jpg","datePublished":"2024-10-25T13:47:44+00:00","dateModified":"2024-10-25T13:47:53+00:00","breadcrumb":{"@id":"https:\/\/www.icy.nl\/fr\/ne-depassez-plus-jamais-le-plafond-des-frais-fixes-avec-icy-peak-management\/#breadcrumb"},"inLanguage":"fr-FR","potentialAction":[{"@type":"ReadAction","target":["https:\/\/www.icy.nl\/fr\/ne-depassez-plus-jamais-le-plafond-des-frais-fixes-avec-icy-peak-management\/"]}]},{"@type":"ImageObject","inLanguage":"fr-FR","@id":"https:\/\/www.icy.nl\/fr\/ne-depassez-plus-jamais-le-plafond-des-frais-fixes-avec-icy-peak-management\/#primaryimage","url":"https:\/\/www.icy.nl\/wp-content\/uploads\/2024\/10\/peak-shaving-1.jpg","contentUrl":"https:\/\/www.icy.nl\/wp-content\/uploads\/2024\/10\/peak-shaving-1.jpg","width":1158,"height":337},{"@type":"BreadcrumbList","@id":"https:\/\/www.icy.nl\/fr\/ne-depassez-plus-jamais-le-plafond-des-frais-fixes-avec-icy-peak-management\/#breadcrumb","itemListElement":[{"@type":"ListItem","position":1,"name":"Home","item":"https:\/\/www.icy.nl\/fr\/"},{"@type":"ListItem","position":2,"name":"Ne d\u00e9passez plus jamais le plafond des frais fixes avec ICY Peak Management"}]},{"@type":"WebSite","@id":"https:\/\/www.icy.nl\/fr\/#website","url":"https:\/\/www.icy.nl\/fr\/","name":"ICY","description":"Smartmotica solutions","publisher":{"@id":"https:\/\/www.icy.nl\/fr\/#organization"},"potentialAction":[{"@type":"SearchAction","target":{"@type":"EntryPoint","urlTemplate":"https:\/\/www.icy.nl\/fr\/?s={search_term_string}"},"query-input":{"@type":"PropertyValueSpecification","valueRequired":true,"valueName":"search_term_string"}}],"inLanguage":"fr-FR"},{"@type":"Organization","@id":"https:\/\/www.icy.nl\/fr\/#organization","name":"I.C.Y. B.V.","url":"https:\/\/www.icy.nl\/fr\/","logo":{"@type":"ImageObject","inLanguage":"fr-FR","@id":"https:\/\/www.icy.nl\/fr\/#\/schema\/logo\/image\/","url":"https:\/\/www.icy.nl\/wp-content\/uploads\/2016\/11\/logo-icy.jpg","contentUrl":"https:\/\/www.icy.nl\/wp-content\/uploads\/2016\/11\/logo-icy.jpg","width":400,"height":101,"caption":"I.C.Y. B.V."},"image":{"@id":"https:\/\/www.icy.nl\/fr\/#\/schema\/logo\/image\/"}}]}},"coauthors":[],"author_meta":{"author_link":"https:\/\/www.icy.nl\/fr\/author\/daniel\/","display_name":"Daniel van de Kamp"},"relative_dates":{"created":"Publi\u00e9 1 an il y a","modified":"Mis \u00e0 jour 1 an il y a"},"absolute_dates":{"created":"Publi\u00e9 le 25 octobre 2024","modified":"Mise \u00e0 jour le 25 octobre 2024"},"absolute_dates_time":{"created":"Publi\u00e9 le 25 octobre 2024 15h47","modified":"Mise \u00e0 jour le 25 octobre 2024 15h47"},"featured_img_caption":"","featured_img":"https:\/\/www.icy.nl\/wp-content\/uploads\/2024\/10\/peak-shaving-1.jpg","series_order":"","_links":{"self":[{"href":"https:\/\/www.icy.nl\/fr\/wp-json\/wp\/v2\/pages\/56761","targetHints":{"allow":["GET"]}}],"collection":[{"href":"https:\/\/www.icy.nl\/fr\/wp-json\/wp\/v2\/pages"}],"about":[{"href":"https:\/\/www.icy.nl\/fr\/wp-json\/wp\/v2\/types\/page"}],"author":[{"embeddable":true,"href":"https:\/\/www.icy.nl\/fr\/wp-json\/wp\/v2\/users\/2946"}],"replies":[{"embeddable":true,"href":"https:\/\/www.icy.nl\/fr\/wp-json\/wp\/v2\/comments?post=56761"}],"version-history":[{"count":3,"href":"https:\/\/www.icy.nl\/fr\/wp-json\/wp\/v2\/pages\/56761\/revisions"}],"predecessor-version":[{"id":56764,"href":"https:\/\/www.icy.nl\/fr\/wp-json\/wp\/v2\/pages\/56761\/revisions\/56764"}],"wp:featuredmedia":[{"embeddable":true,"href":"https:\/\/www.icy.nl\/fr\/wp-json\/wp\/v2\/media\/56758"}],"wp:attachment":[{"href":"https:\/\/www.icy.nl\/fr\/wp-json\/wp\/v2\/media?parent=56761"}],"curies":[{"name":"wp","href":"https:\/\/api.w.org\/{rel}","templated":true}]}}