{"id":56773,"date":"2016-06-30T09:13:24","date_gmt":"2016-06-30T09:13:24","guid":{"rendered":"https:\/\/www.icy.nl\/over-ons\/"},"modified":"2024-10-25T16:18:33","modified_gmt":"2024-10-25T14:18:33","slug":"over-ons","status":"publish","type":"page","link":"https:\/\/www.icy.nl\/fr\/over-ons\/","title":{"rendered":"A propos de nous"},"content":{"rendered":"\n<h3 class=\"wp-block-heading has-text-align-center\">I.C.Y. est une entreprise tr\u00e8s innovante dont les produits et services sont destin\u00e9s \u00e0 l&rsquo;industrie des loisirs et de l&rsquo;h\u00f4tellerie.<\/h3>\n\n\n\n<figure class=\"wp-block-image size-full\"><img loading=\"lazy\" decoding=\"async\" width=\"1459\" height=\"827\" src=\"https:\/\/www.icy.nl\/wp-content\/uploads\/2022\/01\/over-ons.jpg\" alt=\"\" class=\"wp-image-40520\" srcset=\"https:\/\/www.icy.nl\/wp-content\/uploads\/2022\/01\/over-ons.jpg 1459w, https:\/\/www.icy.nl\/wp-content\/uploads\/2022\/01\/over-ons-300x170.jpg 300w, https:\/\/www.icy.nl\/wp-content\/uploads\/2022\/01\/over-ons-1024x580.jpg 1024w, https:\/\/www.icy.nl\/wp-content\/uploads\/2022\/01\/over-ons-768x435.jpg 768w, https:\/\/www.icy.nl\/wp-content\/uploads\/2022\/01\/over-ons-600x340.jpg 600w, https:\/\/www.icy.nl\/wp-content\/uploads\/2022\/01\/over-ons-550x312.jpg 550w\" sizes=\"auto, (max-width: 1459px) 100vw, 1459px\" \/><\/figure>\n\n\n\n<div class=\"wp-block-columns is-layout-flex wp-container-core-columns-is-layout-9d6595d7 wp-block-columns-is-layout-flex\">\n<div class=\"wp-block-column is-layout-flow wp-block-column-is-layout-flow\">\n<p>Nous comptons parmi nos clients des organismes de location de bungalows, des ports de plaisance, des cha\u00eenes h\u00f4teli\u00e8res et des entreprises de camping.<\/p>\n\n\n\n<p>I.C.Y. d\u00e9veloppe pour ses clients des solutions globales visant \u00e0 am\u00e9liorer les processus et \u00e0 \u00e9conomiser l&rsquo;\u00e9nergie. Pour ces produits, nous d\u00e9veloppons \u00e0 la fois du mat\u00e9riel et des logiciels.<\/p>\n<\/div>\n\n\n\n<div class=\"wp-block-column is-layout-flow wp-block-column-is-layout-flow\">\n<p>Un grand nombre de nos produits sont orient\u00e9s vers l&rsquo;informatique en nuage, ce qui garantit un haut degr\u00e9 de fiabilit\u00e9 et de flexibilit\u00e9.<\/p>\n\n\n\n<p>Le point de d\u00e9part de tous nos produits est une philosophie \u00ab plug-and-play \u00bb et un retour sur investissement \u00e9lev\u00e9. Nous combinons l&rsquo;investissement le plus faible possible avec un produit de haute qualit\u00e9 et durable. La qualit\u00e9 et la durabilit\u00e9 sont notre objectif.<\/p>\n<\/div>\n<\/div>\n","protected":false},"excerpt":{"rendered":"<p>I.C.Y. est une entreprise tr\u00e8s innovante dont les produits et services sont destin\u00e9s \u00e0 l&rsquo;industrie des loisirs et de l&rsquo;h\u00f4tellerie. Nous comptons parmi nos clients des organismes de location de bungalows, des ports de plaisance, des cha\u00eenes h\u00f4teli\u00e8res et des entreprises de camping. I.C.Y. d\u00e9veloppe pour ses clients des solutions globales visant \u00e0 am\u00e9liorer les [&hellip;]<\/p>\n","protected":false},"author":2946,"featured_media":0,"parent":0,"menu_order":0,"comment_status":"closed","ping_status":"closed","template":"","meta":{"advgb_blocks_editor_width":"","advgb_blocks_columns_visual_guide":"","_genesis_hide_title":false,"_genesis_hide_breadcrumbs":false,"_genesis_hide_singular_image":false,"_genesis_hide_footer_widgets":false,"_genesis_custom_body_class":"","_genesis_custom_post_class":"","_genesis_layout":"","footnotes":""},"class_list":{"0":"post-56773","1":"page","2":"type-page","3":"status-publish","5":"entry","6":"has-post-thumbnail"},"yoast_head":"<!-- This site is optimized with the Yoast SEO plugin v27.3 - https:\/\/yoast.com\/product\/yoast-seo-wordpress\/ -->\n<title>A propos de nous - ICY<\/title>\n<meta name=\"robots\" content=\"index, follow, max-snippet:-1, max-image-preview:large, max-video-preview:-1\" \/>\n<link rel=\"canonical\" href=\"https:\/\/www.icy.nl\/fr\/over-ons\/\" \/>\n<meta property=\"og:locale\" content=\"fr_FR\" \/>\n<meta property=\"og:type\" content=\"article\" \/>\n<meta property=\"og:title\" content=\"A propos de nous - ICY\" \/>\n<meta property=\"og:description\" content=\"I.C.Y. est une entreprise tr\u00e8s innovante dont les produits et services sont destin\u00e9s \u00e0 l&rsquo;industrie des loisirs et de l&rsquo;h\u00f4tellerie. Nous comptons parmi nos clients des organismes de location de bungalows, des ports de plaisance, des cha\u00eenes h\u00f4teli\u00e8res et des entreprises de camping. I.C.Y. d\u00e9veloppe pour ses clients des solutions globales visant \u00e0 am\u00e9liorer les [&hellip;]\" \/>\n<meta property=\"og:url\" content=\"https:\/\/www.icy.nl\/fr\/over-ons\/\" \/>\n<meta property=\"og:site_name\" content=\"ICY\" \/>\n<meta property=\"article:modified_time\" content=\"2024-10-25T14:18:33+00:00\" \/>\n<meta property=\"og:image\" content=\"https:\/\/www.icy.nl\/wp-content\/uploads\/2022\/01\/over-ons.jpg\" \/>\n\t<meta property=\"og:image:width\" content=\"1459\" \/>\n\t<meta property=\"og:image:height\" content=\"827\" \/>\n\t<meta property=\"og:image:type\" content=\"image\/jpeg\" \/>\n<meta name=\"twitter:card\" content=\"summary_large_image\" \/>\n<meta name=\"twitter:label1\" content=\"Dur\u00e9e de lecture estim\u00e9e\" \/>\n\t<meta name=\"twitter:data1\" content=\"1 minute\" \/>\n<script type=\"application\/ld+json\" class=\"yoast-schema-graph\">{\"@context\":\"https:\\\/\\\/schema.org\",\"@graph\":[{\"@type\":\"WebPage\",\"@id\":\"https:\\\/\\\/www.icy.nl\\\/fr\\\/over-ons\\\/\",\"url\":\"https:\\\/\\\/www.icy.nl\\\/fr\\\/over-ons\\\/\",\"name\":\"A propos de nous - ICY\",\"isPartOf\":{\"@id\":\"https:\\\/\\\/www.icy.nl\\\/fr\\\/#website\"},\"primaryImageOfPage\":{\"@id\":\"https:\\\/\\\/www.icy.nl\\\/fr\\\/over-ons\\\/#primaryimage\"},\"image\":{\"@id\":\"https:\\\/\\\/www.icy.nl\\\/fr\\\/over-ons\\\/#primaryimage\"},\"thumbnailUrl\":\"https:\\\/\\\/www.icy.nl\\\/wp-content\\\/uploads\\\/2022\\\/01\\\/over-ons.jpg\",\"datePublished\":\"2016-06-30T09:13:24+00:00\",\"dateModified\":\"2024-10-25T14:18:33+00:00\",\"breadcrumb\":{\"@id\":\"https:\\\/\\\/www.icy.nl\\\/fr\\\/over-ons\\\/#breadcrumb\"},\"inLanguage\":\"fr-FR\",\"potentialAction\":[{\"@type\":\"ReadAction\",\"target\":[\"https:\\\/\\\/www.icy.nl\\\/fr\\\/over-ons\\\/\"]}]},{\"@type\":\"ImageObject\",\"inLanguage\":\"fr-FR\",\"@id\":\"https:\\\/\\\/www.icy.nl\\\/fr\\\/over-ons\\\/#primaryimage\",\"url\":\"https:\\\/\\\/www.icy.nl\\\/wp-content\\\/uploads\\\/2022\\\/01\\\/over-ons.jpg\",\"contentUrl\":\"https:\\\/\\\/www.icy.nl\\\/wp-content\\\/uploads\\\/2022\\\/01\\\/over-ons.jpg\"},{\"@type\":\"BreadcrumbList\",\"@id\":\"https:\\\/\\\/www.icy.nl\\\/fr\\\/over-ons\\\/#breadcrumb\",\"itemListElement\":[{\"@type\":\"ListItem\",\"position\":1,\"name\":\"Home\",\"item\":\"https:\\\/\\\/www.icy.nl\\\/fr\\\/\"},{\"@type\":\"ListItem\",\"position\":2,\"name\":\"A propos de nous\"}]},{\"@type\":\"WebSite\",\"@id\":\"https:\\\/\\\/www.icy.nl\\\/fr\\\/#website\",\"url\":\"https:\\\/\\\/www.icy.nl\\\/fr\\\/\",\"name\":\"ICY\",\"description\":\"Smartmotica solutions\",\"publisher\":{\"@id\":\"https:\\\/\\\/www.icy.nl\\\/fr\\\/#organization\"},\"potentialAction\":[{\"@type\":\"SearchAction\",\"target\":{\"@type\":\"EntryPoint\",\"urlTemplate\":\"https:\\\/\\\/www.icy.nl\\\/fr\\\/?s={search_term_string}\"},\"query-input\":{\"@type\":\"PropertyValueSpecification\",\"valueRequired\":true,\"valueName\":\"search_term_string\"}}],\"inLanguage\":\"fr-FR\"},{\"@type\":\"Organization\",\"@id\":\"https:\\\/\\\/www.icy.nl\\\/fr\\\/#organization\",\"name\":\"I.C.Y. B.V.\",\"url\":\"https:\\\/\\\/www.icy.nl\\\/fr\\\/\",\"logo\":{\"@type\":\"ImageObject\",\"inLanguage\":\"fr-FR\",\"@id\":\"https:\\\/\\\/www.icy.nl\\\/fr\\\/#\\\/schema\\\/logo\\\/image\\\/\",\"url\":\"https:\\\/\\\/www.icy.nl\\\/wp-content\\\/uploads\\\/2016\\\/11\\\/logo-icy.jpg\",\"contentUrl\":\"https:\\\/\\\/www.icy.nl\\\/wp-content\\\/uploads\\\/2016\\\/11\\\/logo-icy.jpg\",\"width\":400,\"height\":101,\"caption\":\"I.C.Y. B.V.\"},\"image\":{\"@id\":\"https:\\\/\\\/www.icy.nl\\\/fr\\\/#\\\/schema\\\/logo\\\/image\\\/\"}}]}<\/script>\n<!-- \/ Yoast SEO plugin. -->","yoast_head_json":{"title":"A propos de nous - ICY","robots":{"index":"index","follow":"follow","max-snippet":"max-snippet:-1","max-image-preview":"max-image-preview:large","max-video-preview":"max-video-preview:-1"},"canonical":"https:\/\/www.icy.nl\/fr\/over-ons\/","og_locale":"fr_FR","og_type":"article","og_title":"A propos de nous - ICY","og_description":"I.C.Y. est une entreprise tr\u00e8s innovante dont les produits et services sont destin\u00e9s \u00e0 l&rsquo;industrie des loisirs et de l&rsquo;h\u00f4tellerie. Nous comptons parmi nos clients des organismes de location de bungalows, des ports de plaisance, des cha\u00eenes h\u00f4teli\u00e8res et des entreprises de camping. I.C.Y. d\u00e9veloppe pour ses clients des solutions globales visant \u00e0 am\u00e9liorer les [&hellip;]","og_url":"https:\/\/www.icy.nl\/fr\/over-ons\/","og_site_name":"ICY","article_modified_time":"2024-10-25T14:18:33+00:00","og_image":[{"width":1459,"height":827,"url":"https:\/\/www.icy.nl\/wp-content\/uploads\/2022\/01\/over-ons.jpg","type":"image\/jpeg"}],"twitter_card":"summary_large_image","twitter_misc":{"Dur\u00e9e de lecture estim\u00e9e":"1 minute"},"schema":{"@context":"https:\/\/schema.org","@graph":[{"@type":"WebPage","@id":"https:\/\/www.icy.nl\/fr\/over-ons\/","url":"https:\/\/www.icy.nl\/fr\/over-ons\/","name":"A propos de nous - ICY","isPartOf":{"@id":"https:\/\/www.icy.nl\/fr\/#website"},"primaryImageOfPage":{"@id":"https:\/\/www.icy.nl\/fr\/over-ons\/#primaryimage"},"image":{"@id":"https:\/\/www.icy.nl\/fr\/over-ons\/#primaryimage"},"thumbnailUrl":"https:\/\/www.icy.nl\/wp-content\/uploads\/2022\/01\/over-ons.jpg","datePublished":"2016-06-30T09:13:24+00:00","dateModified":"2024-10-25T14:18:33+00:00","breadcrumb":{"@id":"https:\/\/www.icy.nl\/fr\/over-ons\/#breadcrumb"},"inLanguage":"fr-FR","potentialAction":[{"@type":"ReadAction","target":["https:\/\/www.icy.nl\/fr\/over-ons\/"]}]},{"@type":"ImageObject","inLanguage":"fr-FR","@id":"https:\/\/www.icy.nl\/fr\/over-ons\/#primaryimage","url":"https:\/\/www.icy.nl\/wp-content\/uploads\/2022\/01\/over-ons.jpg","contentUrl":"https:\/\/www.icy.nl\/wp-content\/uploads\/2022\/01\/over-ons.jpg"},{"@type":"BreadcrumbList","@id":"https:\/\/www.icy.nl\/fr\/over-ons\/#breadcrumb","itemListElement":[{"@type":"ListItem","position":1,"name":"Home","item":"https:\/\/www.icy.nl\/fr\/"},{"@type":"ListItem","position":2,"name":"A propos de nous"}]},{"@type":"WebSite","@id":"https:\/\/www.icy.nl\/fr\/#website","url":"https:\/\/www.icy.nl\/fr\/","name":"ICY","description":"Smartmotica solutions","publisher":{"@id":"https:\/\/www.icy.nl\/fr\/#organization"},"potentialAction":[{"@type":"SearchAction","target":{"@type":"EntryPoint","urlTemplate":"https:\/\/www.icy.nl\/fr\/?s={search_term_string}"},"query-input":{"@type":"PropertyValueSpecification","valueRequired":true,"valueName":"search_term_string"}}],"inLanguage":"fr-FR"},{"@type":"Organization","@id":"https:\/\/www.icy.nl\/fr\/#organization","name":"I.C.Y. B.V.","url":"https:\/\/www.icy.nl\/fr\/","logo":{"@type":"ImageObject","inLanguage":"fr-FR","@id":"https:\/\/www.icy.nl\/fr\/#\/schema\/logo\/image\/","url":"https:\/\/www.icy.nl\/wp-content\/uploads\/2016\/11\/logo-icy.jpg","contentUrl":"https:\/\/www.icy.nl\/wp-content\/uploads\/2016\/11\/logo-icy.jpg","width":400,"height":101,"caption":"I.C.Y. B.V."},"image":{"@id":"https:\/\/www.icy.nl\/fr\/#\/schema\/logo\/image\/"}}]}},"coauthors":[],"author_meta":{"author_link":"https:\/\/www.icy.nl\/fr\/author\/daniel\/","display_name":"Daniel van de Kamp"},"relative_dates":{"created":"Publi\u00e9 10 ans il y a","modified":"Mis \u00e0 jour 1 an il y a"},"absolute_dates":{"created":"Publi\u00e9 le 30 juin 2016","modified":"Mise \u00e0 jour le 25 octobre 2024"},"absolute_dates_time":{"created":"Publi\u00e9 le 30 juin 2016 9h13","modified":"Mise \u00e0 jour le 25 octobre 2024 16h18"},"featured_img_caption":"","featured_img":false,"series_order":"","_links":{"self":[{"href":"https:\/\/www.icy.nl\/fr\/wp-json\/wp\/v2\/pages\/56773","targetHints":{"allow":["GET"]}}],"collection":[{"href":"https:\/\/www.icy.nl\/fr\/wp-json\/wp\/v2\/pages"}],"about":[{"href":"https:\/\/www.icy.nl\/fr\/wp-json\/wp\/v2\/types\/page"}],"author":[{"embeddable":true,"href":"https:\/\/www.icy.nl\/fr\/wp-json\/wp\/v2\/users\/2946"}],"replies":[{"embeddable":true,"href":"https:\/\/www.icy.nl\/fr\/wp-json\/wp\/v2\/comments?post=56773"}],"version-history":[{"count":1,"href":"https:\/\/www.icy.nl\/fr\/wp-json\/wp\/v2\/pages\/56773\/revisions"}],"predecessor-version":[{"id":56776,"href":"https:\/\/www.icy.nl\/fr\/wp-json\/wp\/v2\/pages\/56773\/revisions\/56776"}],"wp:attachment":[{"href":"https:\/\/www.icy.nl\/fr\/wp-json\/wp\/v2\/media?parent=56773"}],"curies":[{"name":"wp","href":"https:\/\/api.w.org\/{rel}","templated":true}]}}