{"id":56792,"date":"2024-10-25T16:38:43","date_gmt":"2024-10-25T14:38:43","guid":{"rendered":"https:\/\/www.icy.nl\/partenaires\/"},"modified":"2025-01-14T16:36:04","modified_gmt":"2025-01-14T15:36:04","slug":"partenaires","status":"publish","type":"page","link":"https:\/\/www.icy.nl\/fr\/partenaires\/","title":{"rendered":"Partenaires"},"content":{"rendered":"\n<p>Nous croyons au pouvoir de la coop\u00e9ration. Vous trouverez ci-dessous quelques partenaires avec lesquels nous travaillons.<\/p>\n\n<div class=\"wp-block-columns is-layout-flex wp-container-core-columns-is-layout-9d6595d7 wp-block-columns-is-layout-flex\">\n<div class=\"wp-block-column is-layout-flow wp-block-column-is-layout-flow\">\n<div class=\"wp-block-image\"><figure class=\"aligncenter size-large is-resized\"><img loading=\"lazy\" decoding=\"async\" src=\"https:\/\/www.icy.nl\/wp-content\/uploads\/2020\/02\/Chubb.png\" alt=\"\" class=\"wp-image-29905\" width=\"158\" height=\"112\" srcset=\"https:\/\/www.icy.nl\/wp-content\/uploads\/2020\/02\/Chubb.png 682w, https:\/\/www.icy.nl\/wp-content\/uploads\/2020\/02\/Chubb-300x213.png 300w, https:\/\/www.icy.nl\/wp-content\/uploads\/2020\/02\/Chubb-600x426.png 600w, https:\/\/www.icy.nl\/wp-content\/uploads\/2020\/02\/Chubb-516x366.png 516w\" sizes=\"auto, (max-width: 158px) 100vw, 158px\" \/><\/figure><\/div>\n<\/div>\n\n\n\n<div class=\"wp-block-column is-layout-flow wp-block-column-is-layout-flow\">\n<div class=\"wp-block-image\"><figure class=\"aligncenter size-large is-resized\"><img loading=\"lazy\" decoding=\"async\" src=\"https:\/\/www.icy.nl\/wp-content\/uploads\/2020\/02\/recread2.png\" alt=\"\" class=\"wp-image-29875\" width=\"88\" height=\"108\" srcset=\"https:\/\/www.icy.nl\/wp-content\/uploads\/2020\/02\/recread2.png 250w, https:\/\/www.icy.nl\/wp-content\/uploads\/2020\/02\/recread2-243x300.png 243w\" sizes=\"auto, (max-width: 88px) 100vw, 88px\" \/><\/figure><\/div>\n<\/div>\n\n\n\n<div class=\"wp-block-column is-layout-flow wp-block-column-is-layout-flow\">\n<figure class=\"wp-block-image size-large\"><img loading=\"lazy\" decoding=\"async\" width=\"200\" height=\"81\" src=\"https:\/\/www.icy.nl\/wp-content\/uploads\/2016\/05\/logo_recron.png\" alt=\"\" class=\"wp-image-184\"\/><\/figure>\n<\/div>\n<\/div>\n\n<div class=\"wp-block-columns is-layout-flex wp-container-core-columns-is-layout-9d6595d7 wp-block-columns-is-layout-flex\">\n<div class=\"wp-block-column is-layout-flow wp-block-column-is-layout-flow\">\n<div class=\"wp-block-image\"><figure class=\"aligncenter size-large is-resized\"><img loading=\"lazy\" decoding=\"async\" src=\"https:\/\/www.icy.nl\/wp-content\/uploads\/2020\/02\/DRU-Logo-NEW-PMS032C-met-zwarte-pay-off-1024x571.jpg\" alt=\"\" class=\"wp-image-29880\" width=\"181\" height=\"100\" srcset=\"https:\/\/www.icy.nl\/wp-content\/uploads\/2020\/02\/DRU-Logo-NEW-PMS032C-met-zwarte-pay-off-1024x571.jpg 1024w, https:\/\/www.icy.nl\/wp-content\/uploads\/2020\/02\/DRU-Logo-NEW-PMS032C-met-zwarte-pay-off-300x167.jpg 300w, https:\/\/www.icy.nl\/wp-content\/uploads\/2020\/02\/DRU-Logo-NEW-PMS032C-met-zwarte-pay-off-768x428.jpg 768w, https:\/\/www.icy.nl\/wp-content\/uploads\/2020\/02\/DRU-Logo-NEW-PMS032C-met-zwarte-pay-off-1536x856.jpg 1536w, https:\/\/www.icy.nl\/wp-content\/uploads\/2020\/02\/DRU-Logo-NEW-PMS032C-met-zwarte-pay-off-2048x1142.jpg 2048w, https:\/\/www.icy.nl\/wp-content\/uploads\/2020\/02\/DRU-Logo-NEW-PMS032C-met-zwarte-pay-off-600x334.jpg 600w, https:\/\/www.icy.nl\/wp-content\/uploads\/2020\/02\/DRU-Logo-NEW-PMS032C-met-zwarte-pay-off-550x307.jpg 550w\" sizes=\"auto, (max-width: 181px) 100vw, 181px\" \/><\/figure><\/div>\n<\/div>\n\n\n\n<div class=\"wp-block-column is-layout-flow wp-block-column-is-layout-flow\">\n<figure class=\"wp-block-image size-large\"><img loading=\"lazy\" decoding=\"async\" width=\"272\" height=\"81\" src=\"https:\/\/www.icy.nl\/wp-content\/uploads\/2016\/06\/arcabo-logo-1.jpg\" alt=\"\" class=\"wp-image-447\"\/><\/figure>\n<\/div>\n\n\n\n<div class=\"wp-block-column is-layout-flow wp-block-column-is-layout-flow\">\n<div class=\"wp-block-image\"><figure class=\"aligncenter size-large\"><a href=\"https:\/\/www.inspecare.nl\"><img loading=\"lazy\" decoding=\"async\" width=\"792\" height=\"242\" src=\"https:\/\/www.icy.nl\/wp-content\/uploads\/2021\/07\/Nieuw-logo-Inspecare.jpg\" alt=\"\" class=\"wp-image-38972\" srcset=\"https:\/\/www.icy.nl\/wp-content\/uploads\/2021\/07\/Nieuw-logo-Inspecare.jpg 792w, https:\/\/www.icy.nl\/wp-content\/uploads\/2021\/07\/Nieuw-logo-Inspecare-300x92.jpg 300w, https:\/\/www.icy.nl\/wp-content\/uploads\/2021\/07\/Nieuw-logo-Inspecare-768x235.jpg 768w, https:\/\/www.icy.nl\/wp-content\/uploads\/2021\/07\/Nieuw-logo-Inspecare-600x183.jpg 600w, https:\/\/www.icy.nl\/wp-content\/uploads\/2021\/07\/Nieuw-logo-Inspecare-550x168.jpg 550w\" sizes=\"auto, (max-width: 792px) 100vw, 792px\" \/><\/a><\/figure><\/div>\n<\/div>\n<\/div>\n\n<div class=\"wp-block-columns is-layout-flex wp-container-core-columns-is-layout-9d6595d7 wp-block-columns-is-layout-flex\">\n<div class=\"wp-block-column is-layout-flow wp-block-column-is-layout-flow\">\n<figure class=\"wp-block-image size-large\"><img loading=\"lazy\" decoding=\"async\" width=\"924\" height=\"242\" src=\"https:\/\/www.icy.nl\/wp-content\/uploads\/2019\/06\/booking-partners.png\" alt=\"\" class=\"wp-image-13645\" srcset=\"https:\/\/www.icy.nl\/wp-content\/uploads\/2019\/06\/booking-partners.png 924w, https:\/\/www.icy.nl\/wp-content\/uploads\/2019\/06\/booking-partners-300x79.png 300w, https:\/\/www.icy.nl\/wp-content\/uploads\/2019\/06\/booking-partners-768x201.png 768w, https:\/\/www.icy.nl\/wp-content\/uploads\/2019\/06\/booking-partners-600x157.png 600w, https:\/\/www.icy.nl\/wp-content\/uploads\/2019\/06\/booking-partners-550x144.png 550w\" sizes=\"auto, (max-width: 924px) 100vw, 924px\" \/><\/figure>\n<\/div>\n\n\n\n<div class=\"wp-block-column is-layout-flow wp-block-column-is-layout-flow\">\n<figure class=\"wp-block-image size-large\"><img loading=\"lazy\" decoding=\"async\" width=\"447\" height=\"181\" src=\"https:\/\/www.icy.nl\/wp-content\/uploads\/2018\/06\/Logo-Stratech.png\" alt=\"\" class=\"wp-image-2730\" srcset=\"https:\/\/www.icy.nl\/wp-content\/uploads\/2018\/06\/Logo-Stratech.png 447w, https:\/\/www.icy.nl\/wp-content\/uploads\/2018\/06\/Logo-Stratech-300x121.png 300w\" sizes=\"auto, (max-width: 447px) 100vw, 447px\" \/><\/figure>\n<\/div>\n\n\n\n<div class=\"wp-block-column is-layout-flow wp-block-column-is-layout-flow\">\n<figure class=\"wp-block-image size-large\"><a href=\"https:\/\/www.bluewaterapp.nl\/havens\/blue-water-pay\"><img loading=\"lazy\" decoding=\"async\" width=\"1024\" height=\"272\" src=\"https:\/\/www.icy.nl\/wp-content\/uploads\/2020\/02\/BWP-Logo-Liggend-1024x272.png\" alt=\"\" class=\"wp-image-29869\" srcset=\"https:\/\/www.icy.nl\/wp-content\/uploads\/2020\/02\/BWP-Logo-Liggend-1024x272.png 1024w, https:\/\/www.icy.nl\/wp-content\/uploads\/2020\/02\/BWP-Logo-Liggend-300x80.png 300w, https:\/\/www.icy.nl\/wp-content\/uploads\/2020\/02\/BWP-Logo-Liggend-768x204.png 768w, https:\/\/www.icy.nl\/wp-content\/uploads\/2020\/02\/BWP-Logo-Liggend-1536x408.png 1536w, https:\/\/www.icy.nl\/wp-content\/uploads\/2020\/02\/BWP-Logo-Liggend-2048x544.png 2048w, https:\/\/www.icy.nl\/wp-content\/uploads\/2020\/02\/BWP-Logo-Liggend-600x159.png 600w, https:\/\/www.icy.nl\/wp-content\/uploads\/2020\/02\/BWP-Logo-Liggend-550x146.png 550w\" sizes=\"auto, (max-width: 1024px) 100vw, 1024px\" \/><\/a><figcaption>\u00ab\u00a0De meeste effiziente manier om havengelden te ontvangen\u00a0\u00bb (La mani\u00e8re la plus efficace de recevoir l&rsquo;argent)<\/figcaption><\/figure>\n<\/div>\n<\/div>\n\n<div class=\"wp-block-columns is-layout-flex wp-container-core-columns-is-layout-9d6595d7 wp-block-columns-is-layout-flex\">\n<div class=\"wp-block-column is-layout-flow wp-block-column-is-layout-flow\">\n<div class=\"wp-block-image\"><figure class=\"aligncenter size-large is-resized\"><img loading=\"lazy\" decoding=\"async\" src=\"https:\/\/www.icy.nl\/wp-content\/uploads\/2018\/02\/logo_bookzo_diap.png\" alt=\"\" class=\"wp-image-1566\" width=\"151\" height=\"55\" srcset=\"https:\/\/www.icy.nl\/wp-content\/uploads\/2018\/02\/logo_bookzo_diap.png 747w, https:\/\/www.icy.nl\/wp-content\/uploads\/2018\/02\/logo_bookzo_diap-300x110.png 300w, https:\/\/www.icy.nl\/wp-content\/uploads\/2018\/02\/logo_bookzo_diap-600x220.png 600w, https:\/\/www.icy.nl\/wp-content\/uploads\/2018\/02\/logo_bookzo_diap-550x202.png 550w\" sizes=\"auto, (max-width: 151px) 100vw, 151px\" \/><figcaption>Facilitez la location !<\/figcaption><\/figure><\/div>\n<\/div>\n\n\n\n<div class=\"wp-block-column is-layout-flow wp-block-column-is-layout-flow\">\n<figure class=\"wp-block-image size-large\"><img loading=\"lazy\" decoding=\"async\" width=\"228\" height=\"67\" src=\"https:\/\/www.icy.nl\/wp-content\/uploads\/2020\/02\/everyoffice.gif\" alt=\"\" class=\"wp-image-29884\"\/><\/figure>\n<\/div>\n\n\n\n<div class=\"wp-block-column is-layout-flow wp-block-column-is-layout-flow\">\n<figure class=\"wp-block-image size-large\"><img loading=\"lazy\" decoding=\"async\" width=\"1024\" height=\"351\" src=\"https:\/\/www.icy.nl\/wp-content\/uploads\/2020\/02\/Maxxton-new-logo-1024x351.jpg\" alt=\"\" class=\"wp-image-29897\" srcset=\"https:\/\/www.icy.nl\/wp-content\/uploads\/2020\/02\/Maxxton-new-logo-1024x351.jpg 1024w, https:\/\/www.icy.nl\/wp-content\/uploads\/2020\/02\/Maxxton-new-logo-300x103.jpg 300w, https:\/\/www.icy.nl\/wp-content\/uploads\/2020\/02\/Maxxton-new-logo-768x263.jpg 768w, https:\/\/www.icy.nl\/wp-content\/uploads\/2020\/02\/Maxxton-new-logo-1536x526.jpg 1536w, https:\/\/www.icy.nl\/wp-content\/uploads\/2020\/02\/Maxxton-new-logo-600x205.jpg 600w, https:\/\/www.icy.nl\/wp-content\/uploads\/2020\/02\/Maxxton-new-logo-550x188.jpg 550w, https:\/\/www.icy.nl\/wp-content\/uploads\/2020\/02\/Maxxton-new-logo.jpg 1755w\" sizes=\"auto, (max-width: 1024px) 100vw, 1024px\" \/><\/figure>\n<\/div>\n<\/div>\n\n<div class=\"wp-block-columns is-layout-flex wp-container-core-columns-is-layout-9d6595d7 wp-block-columns-is-layout-flex\">\n<div class=\"wp-block-column is-layout-flow wp-block-column-is-layout-flow\">\n<figure class=\"wp-block-image size-large\"><img loading=\"lazy\" decoding=\"async\" width=\"300\" height=\"109\" src=\"https:\/\/www.icy.nl\/wp-content\/uploads\/2020\/02\/AICN_FC.png\" alt=\"\" class=\"wp-image-29887\"\/><\/figure>\n<\/div>\n\n\n\n<div class=\"wp-block-column is-layout-flow wp-block-column-is-layout-flow\">\n<figure class=\"wp-block-image size-large\"><img loading=\"lazy\" decoding=\"async\" width=\"1024\" height=\"333\" src=\"https:\/\/www.icy.nl\/wp-content\/uploads\/2020\/02\/reflex-1024x333.jpg\" alt=\"\" class=\"wp-image-29890\" srcset=\"https:\/\/www.icy.nl\/wp-content\/uploads\/2020\/02\/reflex-1024x333.jpg 1024w, https:\/\/www.icy.nl\/wp-content\/uploads\/2020\/02\/reflex-300x98.jpg 300w, https:\/\/www.icy.nl\/wp-content\/uploads\/2020\/02\/reflex-768x250.jpg 768w, https:\/\/www.icy.nl\/wp-content\/uploads\/2020\/02\/reflex-1536x500.jpg 1536w, https:\/\/www.icy.nl\/wp-content\/uploads\/2020\/02\/reflex-600x195.jpg 600w, https:\/\/www.icy.nl\/wp-content\/uploads\/2020\/02\/reflex-550x179.jpg 550w, https:\/\/www.icy.nl\/wp-content\/uploads\/2020\/02\/reflex.jpg 1944w\" sizes=\"auto, (max-width: 1024px) 100vw, 1024px\" \/><\/figure>\n<\/div>\n\n\n\n<div class=\"wp-block-column is-layout-flow wp-block-column-is-layout-flow\">\n<figure class=\"wp-block-image size-large\"><img loading=\"lazy\" decoding=\"async\" width=\"1024\" height=\"239\" src=\"https:\/\/www.icy.nl\/wp-content\/uploads\/2020\/02\/Screenshot-2020-02-10-at-11.05.01-1024x239.png\" alt=\"\" class=\"wp-image-29893\" srcset=\"https:\/\/www.icy.nl\/wp-content\/uploads\/2020\/02\/Screenshot-2020-02-10-at-11.05.01-1024x239.png 1024w, https:\/\/www.icy.nl\/wp-content\/uploads\/2020\/02\/Screenshot-2020-02-10-at-11.05.01-300x70.png 300w, https:\/\/www.icy.nl\/wp-content\/uploads\/2020\/02\/Screenshot-2020-02-10-at-11.05.01-768x179.png 768w, https:\/\/www.icy.nl\/wp-content\/uploads\/2020\/02\/Screenshot-2020-02-10-at-11.05.01-1536x358.png 1536w, https:\/\/www.icy.nl\/wp-content\/uploads\/2020\/02\/Screenshot-2020-02-10-at-11.05.01-2048x478.png 2048w, https:\/\/www.icy.nl\/wp-content\/uploads\/2020\/02\/Screenshot-2020-02-10-at-11.05.01-600x140.png 600w, https:\/\/www.icy.nl\/wp-content\/uploads\/2020\/02\/Screenshot-2020-02-10-at-11.05.01-550x128.png 550w\" sizes=\"auto, (max-width: 1024px) 100vw, 1024px\" \/><\/figure>\n<\/div>\n<\/div>\n\n<p><\/p>\n","protected":false},"excerpt":{"rendered":"<p>Nous croyons au pouvoir de la coop\u00e9ration. Vous trouverez ci-dessous quelques partenaires avec lesquels nous travaillons.<\/p>\n","protected":false},"author":2946,"featured_media":0,"parent":0,"menu_order":0,"comment_status":"closed","ping_status":"closed","template":"","meta":{"advgb_blocks_editor_width":"","advgb_blocks_columns_visual_guide":"","_genesis_hide_title":false,"_genesis_hide_breadcrumbs":false,"_genesis_hide_singular_image":false,"_genesis_hide_footer_widgets":false,"_genesis_custom_body_class":"","_genesis_custom_post_class":"","_genesis_layout":"","footnotes":""},"class_list":{"0":"post-56792","1":"page","2":"type-page","3":"status-publish","5":"entry","6":"has-post-thumbnail"},"yoast_head":"<!-- This site is optimized with the Yoast SEO plugin v27.4 - https:\/\/yoast.com\/product\/yoast-seo-wordpress\/ -->\n<title>Partenaires - ICY<\/title>\n<meta name=\"robots\" content=\"index, follow, max-snippet:-1, max-image-preview:large, max-video-preview:-1\" \/>\n<link rel=\"canonical\" href=\"https:\/\/www.icy.nl\/fr\/partenaires\/\" \/>\n<meta property=\"og:locale\" content=\"fr_FR\" \/>\n<meta property=\"og:type\" content=\"article\" \/>\n<meta property=\"og:title\" content=\"Partenaires - ICY\" \/>\n<meta property=\"og:description\" content=\"Nous croyons au pouvoir de la coop\u00e9ration. Vous trouverez ci-dessous quelques partenaires avec lesquels nous travaillons.\" \/>\n<meta property=\"og:url\" content=\"https:\/\/www.icy.nl\/fr\/partenaires\/\" \/>\n<meta property=\"og:site_name\" content=\"ICY\" \/>\n<meta property=\"article:modified_time\" content=\"2025-01-14T15:36:04+00:00\" \/>\n<meta property=\"og:image\" content=\"https:\/\/www.icy.nl\/wp-content\/uploads\/2020\/02\/Chubb.png\" \/>\n\t<meta property=\"og:image:width\" content=\"682\" \/>\n\t<meta property=\"og:image:height\" content=\"484\" \/>\n\t<meta property=\"og:image:type\" content=\"image\/png\" \/>\n<meta name=\"twitter:card\" content=\"summary_large_image\" \/>\n<script type=\"application\/ld+json\" class=\"yoast-schema-graph\">{\"@context\":\"https:\\\/\\\/schema.org\",\"@graph\":[{\"@type\":\"WebPage\",\"@id\":\"https:\\\/\\\/www.icy.nl\\\/fr\\\/partenaires\\\/\",\"url\":\"https:\\\/\\\/www.icy.nl\\\/fr\\\/partenaires\\\/\",\"name\":\"Partenaires - ICY\",\"isPartOf\":{\"@id\":\"https:\\\/\\\/www.icy.nl\\\/fr\\\/#website\"},\"primaryImageOfPage\":{\"@id\":\"https:\\\/\\\/www.icy.nl\\\/fr\\\/partenaires\\\/#primaryimage\"},\"image\":{\"@id\":\"https:\\\/\\\/www.icy.nl\\\/fr\\\/partenaires\\\/#primaryimage\"},\"thumbnailUrl\":\"https:\\\/\\\/www.icy.nl\\\/wp-content\\\/uploads\\\/2020\\\/02\\\/Chubb.png\",\"datePublished\":\"2024-10-25T14:38:43+00:00\",\"dateModified\":\"2025-01-14T15:36:04+00:00\",\"breadcrumb\":{\"@id\":\"https:\\\/\\\/www.icy.nl\\\/fr\\\/partenaires\\\/#breadcrumb\"},\"inLanguage\":\"fr-FR\",\"potentialAction\":[{\"@type\":\"ReadAction\",\"target\":[\"https:\\\/\\\/www.icy.nl\\\/fr\\\/partenaires\\\/\"]}]},{\"@type\":\"ImageObject\",\"inLanguage\":\"fr-FR\",\"@id\":\"https:\\\/\\\/www.icy.nl\\\/fr\\\/partenaires\\\/#primaryimage\",\"url\":\"https:\\\/\\\/www.icy.nl\\\/wp-content\\\/uploads\\\/2020\\\/02\\\/Chubb.png\",\"contentUrl\":\"https:\\\/\\\/www.icy.nl\\\/wp-content\\\/uploads\\\/2020\\\/02\\\/Chubb.png\"},{\"@type\":\"BreadcrumbList\",\"@id\":\"https:\\\/\\\/www.icy.nl\\\/fr\\\/partenaires\\\/#breadcrumb\",\"itemListElement\":[{\"@type\":\"ListItem\",\"position\":1,\"name\":\"Home\",\"item\":\"https:\\\/\\\/www.icy.nl\\\/fr\\\/\"},{\"@type\":\"ListItem\",\"position\":2,\"name\":\"Partenaires\"}]},{\"@type\":\"WebSite\",\"@id\":\"https:\\\/\\\/www.icy.nl\\\/fr\\\/#website\",\"url\":\"https:\\\/\\\/www.icy.nl\\\/fr\\\/\",\"name\":\"ICY\",\"description\":\"Smartmotica solutions\",\"publisher\":{\"@id\":\"https:\\\/\\\/www.icy.nl\\\/fr\\\/#organization\"},\"potentialAction\":[{\"@type\":\"SearchAction\",\"target\":{\"@type\":\"EntryPoint\",\"urlTemplate\":\"https:\\\/\\\/www.icy.nl\\\/fr\\\/?s={search_term_string}\"},\"query-input\":{\"@type\":\"PropertyValueSpecification\",\"valueRequired\":true,\"valueName\":\"search_term_string\"}}],\"inLanguage\":\"fr-FR\"},{\"@type\":\"Organization\",\"@id\":\"https:\\\/\\\/www.icy.nl\\\/fr\\\/#organization\",\"name\":\"I.C.Y. B.V.\",\"url\":\"https:\\\/\\\/www.icy.nl\\\/fr\\\/\",\"logo\":{\"@type\":\"ImageObject\",\"inLanguage\":\"fr-FR\",\"@id\":\"https:\\\/\\\/www.icy.nl\\\/fr\\\/#\\\/schema\\\/logo\\\/image\\\/\",\"url\":\"https:\\\/\\\/www.icy.nl\\\/wp-content\\\/uploads\\\/2016\\\/11\\\/logo-icy.jpg\",\"contentUrl\":\"https:\\\/\\\/www.icy.nl\\\/wp-content\\\/uploads\\\/2016\\\/11\\\/logo-icy.jpg\",\"width\":400,\"height\":101,\"caption\":\"I.C.Y. B.V.\"},\"image\":{\"@id\":\"https:\\\/\\\/www.icy.nl\\\/fr\\\/#\\\/schema\\\/logo\\\/image\\\/\"}}]}<\/script>\n<!-- \/ Yoast SEO plugin. -->","yoast_head_json":{"title":"Partenaires - ICY","robots":{"index":"index","follow":"follow","max-snippet":"max-snippet:-1","max-image-preview":"max-image-preview:large","max-video-preview":"max-video-preview:-1"},"canonical":"https:\/\/www.icy.nl\/fr\/partenaires\/","og_locale":"fr_FR","og_type":"article","og_title":"Partenaires - ICY","og_description":"Nous croyons au pouvoir de la coop\u00e9ration. Vous trouverez ci-dessous quelques partenaires avec lesquels nous travaillons.","og_url":"https:\/\/www.icy.nl\/fr\/partenaires\/","og_site_name":"ICY","article_modified_time":"2025-01-14T15:36:04+00:00","og_image":[{"width":682,"height":484,"url":"https:\/\/www.icy.nl\/wp-content\/uploads\/2020\/02\/Chubb.png","type":"image\/png"}],"twitter_card":"summary_large_image","schema":{"@context":"https:\/\/schema.org","@graph":[{"@type":"WebPage","@id":"https:\/\/www.icy.nl\/fr\/partenaires\/","url":"https:\/\/www.icy.nl\/fr\/partenaires\/","name":"Partenaires - ICY","isPartOf":{"@id":"https:\/\/www.icy.nl\/fr\/#website"},"primaryImageOfPage":{"@id":"https:\/\/www.icy.nl\/fr\/partenaires\/#primaryimage"},"image":{"@id":"https:\/\/www.icy.nl\/fr\/partenaires\/#primaryimage"},"thumbnailUrl":"https:\/\/www.icy.nl\/wp-content\/uploads\/2020\/02\/Chubb.png","datePublished":"2024-10-25T14:38:43+00:00","dateModified":"2025-01-14T15:36:04+00:00","breadcrumb":{"@id":"https:\/\/www.icy.nl\/fr\/partenaires\/#breadcrumb"},"inLanguage":"fr-FR","potentialAction":[{"@type":"ReadAction","target":["https:\/\/www.icy.nl\/fr\/partenaires\/"]}]},{"@type":"ImageObject","inLanguage":"fr-FR","@id":"https:\/\/www.icy.nl\/fr\/partenaires\/#primaryimage","url":"https:\/\/www.icy.nl\/wp-content\/uploads\/2020\/02\/Chubb.png","contentUrl":"https:\/\/www.icy.nl\/wp-content\/uploads\/2020\/02\/Chubb.png"},{"@type":"BreadcrumbList","@id":"https:\/\/www.icy.nl\/fr\/partenaires\/#breadcrumb","itemListElement":[{"@type":"ListItem","position":1,"name":"Home","item":"https:\/\/www.icy.nl\/fr\/"},{"@type":"ListItem","position":2,"name":"Partenaires"}]},{"@type":"WebSite","@id":"https:\/\/www.icy.nl\/fr\/#website","url":"https:\/\/www.icy.nl\/fr\/","name":"ICY","description":"Smartmotica solutions","publisher":{"@id":"https:\/\/www.icy.nl\/fr\/#organization"},"potentialAction":[{"@type":"SearchAction","target":{"@type":"EntryPoint","urlTemplate":"https:\/\/www.icy.nl\/fr\/?s={search_term_string}"},"query-input":{"@type":"PropertyValueSpecification","valueRequired":true,"valueName":"search_term_string"}}],"inLanguage":"fr-FR"},{"@type":"Organization","@id":"https:\/\/www.icy.nl\/fr\/#organization","name":"I.C.Y. B.V.","url":"https:\/\/www.icy.nl\/fr\/","logo":{"@type":"ImageObject","inLanguage":"fr-FR","@id":"https:\/\/www.icy.nl\/fr\/#\/schema\/logo\/image\/","url":"https:\/\/www.icy.nl\/wp-content\/uploads\/2016\/11\/logo-icy.jpg","contentUrl":"https:\/\/www.icy.nl\/wp-content\/uploads\/2016\/11\/logo-icy.jpg","width":400,"height":101,"caption":"I.C.Y. B.V."},"image":{"@id":"https:\/\/www.icy.nl\/fr\/#\/schema\/logo\/image\/"}}]}},"coauthors":[],"author_meta":{"author_link":"https:\/\/www.icy.nl\/fr\/author\/daniel\/","display_name":"Daniel van de Kamp"},"relative_dates":{"created":"Publi\u00e9 1 an il y a","modified":"Mis \u00e0 jour 1 an il y a"},"absolute_dates":{"created":"Publi\u00e9 le 25 octobre 2024","modified":"Mise \u00e0 jour le 14 janvier 2025"},"absolute_dates_time":{"created":"Publi\u00e9 le 25 octobre 2024 16h38","modified":"Mise \u00e0 jour le 14 janvier 2025 16h36"},"featured_img_caption":"","featured_img":false,"series_order":"","_links":{"self":[{"href":"https:\/\/www.icy.nl\/fr\/wp-json\/wp\/v2\/pages\/56792","targetHints":{"allow":["GET"]}}],"collection":[{"href":"https:\/\/www.icy.nl\/fr\/wp-json\/wp\/v2\/pages"}],"about":[{"href":"https:\/\/www.icy.nl\/fr\/wp-json\/wp\/v2\/types\/page"}],"author":[{"embeddable":true,"href":"https:\/\/www.icy.nl\/fr\/wp-json\/wp\/v2\/users\/2946"}],"replies":[{"embeddable":true,"href":"https:\/\/www.icy.nl\/fr\/wp-json\/wp\/v2\/comments?post=56792"}],"version-history":[{"count":2,"href":"https:\/\/www.icy.nl\/fr\/wp-json\/wp\/v2\/pages\/56792\/revisions"}],"predecessor-version":[{"id":57778,"href":"https:\/\/www.icy.nl\/fr\/wp-json\/wp\/v2\/pages\/56792\/revisions\/57778"}],"wp:attachment":[{"href":"https:\/\/www.icy.nl\/fr\/wp-json\/wp\/v2\/media?parent=56792"}],"curies":[{"name":"wp","href":"https:\/\/api.w.org\/{rel}","templated":true}]}}