{"id":57678,"date":"2025-01-14T14:12:15","date_gmt":"2025-01-14T13:12:15","guid":{"rendered":"https:\/\/www.icy.nl\/detecteur-de-fumee-connectable-sans-fil\/"},"modified":"2025-01-14T14:12:15","modified_gmt":"2025-01-14T13:12:15","slug":"detecteur-de-fumee-connectable-sans-fil","status":"publish","type":"page","link":"https:\/\/www.icy.nl\/fr\/detecteur-de-fumee-connectable-sans-fil\/","title":{"rendered":"D\u00e9tecteur de fum\u00e9e connectable sans fil"},"content":{"rendered":"<p>Si vous poss\u00e9dez un logement de groupe, une maison de vacances, un appartement \u00e9tudiant ou un immeuble de bureaux, vous souhaiterez peut-\u00eatre \u00e9galement qu&rsquo;une alarme incendie dans l&rsquo;une des pi\u00e8ces soit imm\u00e9diatement d\u00e9tect\u00e9e par les autres d\u00e9tecteurs de fum\u00e9e du b\u00e2timent. C&rsquo;est possible avec le <a href=\"https:\/\/www.icy.nl\/product\/draadloos-koppelbare-rookmelder\/\">d\u00e9tecteur de fum\u00e9e ICY4528SD<\/a> d&rsquo;ICY. Ce d\u00e9tecteur de fum\u00e9e peut \u00eatre connect\u00e9 en 230V dans un bo\u00eetier central dans vos plafonds et peut \u00eatre interconnect\u00e9 avec d&rsquo;autres <a href=\"https:\/\/www.icy.nl\/product\/draadloos-koppelbare-rookmelder\/\">d\u00e9tecteurs de fum\u00e9e ICY4528SD<\/a> dans le m\u00eame b\u00e2timent. Au total, 32 d\u00e9tecteurs peuvent \u00eatre reli\u00e9s entre eux. Si de la fum\u00e9e ou un incendie est d\u00e9tect\u00e9 quelque part, les d\u00e9tecteurs des autres pi\u00e8ces se d\u00e9clencheront \u00e9galement dans les 3 secondes. Pour plus d&rsquo;informations, veuillez nous contacter \u00e0 sales@icy.nl ou au 088-123 1333. Ou visitez <a href=\"https:\/\/www.icy.nl\/product\/draadloos-koppelbare-rookmelder\/\">la page produit<\/a>.    <\/p>\n<p>&nbsp;<\/p>\n<p><img loading=\"lazy\" decoding=\"async\" class=\"aligncenter size-full wp-image-320\" src=\"https:\/\/www.icy.nl\/wp-content\/uploads\/2016\/06\/4528SD-smoke-detector.jpg\" alt=\"D\u00e9tecteur de fum\u00e9e connectable 4528SD\" width=\"800\" height=\"756\" srcset=\"https:\/\/www.icy.nl\/wp-content\/uploads\/2016\/06\/4528SD-smoke-detector.jpg 800w, https:\/\/www.icy.nl\/wp-content\/uploads\/2016\/06\/4528SD-smoke-detector-600x567.jpg 600w, https:\/\/www.icy.nl\/wp-content\/uploads\/2016\/06\/4528SD-smoke-detector-300x284.jpg 300w, https:\/\/www.icy.nl\/wp-content\/uploads\/2016\/06\/4528SD-smoke-detector-768x726.jpg 768w, https:\/\/www.icy.nl\/wp-content\/uploads\/2016\/06\/4528SD-smoke-detector-387x366.jpg 387w\" sizes=\"auto, (max-width: 800px) 100vw, 800px\" \/><\/p>\n","protected":false},"excerpt":{"rendered":"<p>Si vous poss\u00e9dez un logement de groupe, une maison de vacances, un appartement \u00e9tudiant ou un immeuble de bureaux, vous souhaiterez peut-\u00eatre \u00e9galement qu&rsquo;une alarme incendie dans l&rsquo;une des pi\u00e8ces soit imm\u00e9diatement d\u00e9tect\u00e9e par les autres d\u00e9tecteurs de fum\u00e9e du b\u00e2timent. C&rsquo;est possible avec le d\u00e9tecteur de fum\u00e9e ICY4528SD d&rsquo;ICY. Ce d\u00e9tecteur de fum\u00e9e peut [&hellip;]<\/p>\n","protected":false},"author":2946,"featured_media":0,"parent":0,"menu_order":0,"comment_status":"closed","ping_status":"closed","template":"","meta":{"advgb_blocks_editor_width":"","advgb_blocks_columns_visual_guide":"","_genesis_hide_title":false,"_genesis_hide_breadcrumbs":false,"_genesis_hide_singular_image":false,"_genesis_hide_footer_widgets":false,"_genesis_custom_body_class":"","_genesis_custom_post_class":"","_genesis_layout":"","footnotes":""},"class_list":{"0":"post-57678","1":"page","2":"type-page","3":"status-publish","5":"entry","6":"has-post-thumbnail"},"yoast_head":"<!-- This site is optimized with the Yoast SEO plugin v27.4 - https:\/\/yoast.com\/product\/yoast-seo-wordpress\/ -->\n<title>D\u00e9tecteur de fum\u00e9e connectable sans fil - ICY<\/title>\n<meta name=\"robots\" content=\"index, follow, max-snippet:-1, max-image-preview:large, max-video-preview:-1\" \/>\n<link rel=\"canonical\" href=\"https:\/\/www.icy.nl\/fr\/detecteur-de-fumee-connectable-sans-fil\/\" \/>\n<meta property=\"og:locale\" content=\"fr_FR\" \/>\n<meta property=\"og:type\" content=\"article\" \/>\n<meta property=\"og:title\" content=\"D\u00e9tecteur de fum\u00e9e connectable sans fil - ICY\" \/>\n<meta property=\"og:description\" content=\"Si vous poss\u00e9dez un logement de groupe, une maison de vacances, un appartement \u00e9tudiant ou un immeuble de bureaux, vous souhaiterez peut-\u00eatre \u00e9galement qu&rsquo;une alarme incendie dans l&rsquo;une des pi\u00e8ces soit imm\u00e9diatement d\u00e9tect\u00e9e par les autres d\u00e9tecteurs de fum\u00e9e du b\u00e2timent. C&rsquo;est possible avec le d\u00e9tecteur de fum\u00e9e ICY4528SD d&rsquo;ICY. Ce d\u00e9tecteur de fum\u00e9e peut [&hellip;]\" \/>\n<meta property=\"og:url\" content=\"https:\/\/www.icy.nl\/fr\/detecteur-de-fumee-connectable-sans-fil\/\" \/>\n<meta property=\"og:site_name\" content=\"ICY\" \/>\n<meta property=\"og:image\" content=\"https:\/\/www.icy.nl\/wp-content\/uploads\/2016\/06\/4528SD-smoke-detector.jpg\" \/>\n\t<meta property=\"og:image:width\" content=\"800\" \/>\n\t<meta property=\"og:image:height\" content=\"756\" \/>\n\t<meta property=\"og:image:type\" content=\"image\/jpeg\" \/>\n<meta name=\"twitter:card\" content=\"summary_large_image\" \/>\n<meta name=\"twitter:label1\" content=\"Dur\u00e9e de lecture estim\u00e9e\" \/>\n\t<meta name=\"twitter:data1\" content=\"1 minute\" \/>\n<script type=\"application\/ld+json\" class=\"yoast-schema-graph\">{\"@context\":\"https:\\\/\\\/schema.org\",\"@graph\":[{\"@type\":\"WebPage\",\"@id\":\"https:\\\/\\\/www.icy.nl\\\/fr\\\/detecteur-de-fumee-connectable-sans-fil\\\/\",\"url\":\"https:\\\/\\\/www.icy.nl\\\/fr\\\/detecteur-de-fumee-connectable-sans-fil\\\/\",\"name\":\"D\u00e9tecteur de fum\u00e9e connectable sans fil - ICY\",\"isPartOf\":{\"@id\":\"https:\\\/\\\/www.icy.nl\\\/fr\\\/#website\"},\"primaryImageOfPage\":{\"@id\":\"https:\\\/\\\/www.icy.nl\\\/fr\\\/detecteur-de-fumee-connectable-sans-fil\\\/#primaryimage\"},\"image\":{\"@id\":\"https:\\\/\\\/www.icy.nl\\\/fr\\\/detecteur-de-fumee-connectable-sans-fil\\\/#primaryimage\"},\"thumbnailUrl\":\"https:\\\/\\\/www.icy.nl\\\/wp-content\\\/uploads\\\/2016\\\/06\\\/4528SD-smoke-detector.jpg\",\"datePublished\":\"2025-01-14T13:12:15+00:00\",\"breadcrumb\":{\"@id\":\"https:\\\/\\\/www.icy.nl\\\/fr\\\/detecteur-de-fumee-connectable-sans-fil\\\/#breadcrumb\"},\"inLanguage\":\"fr-FR\",\"potentialAction\":[{\"@type\":\"ReadAction\",\"target\":[\"https:\\\/\\\/www.icy.nl\\\/fr\\\/detecteur-de-fumee-connectable-sans-fil\\\/\"]}]},{\"@type\":\"ImageObject\",\"inLanguage\":\"fr-FR\",\"@id\":\"https:\\\/\\\/www.icy.nl\\\/fr\\\/detecteur-de-fumee-connectable-sans-fil\\\/#primaryimage\",\"url\":\"https:\\\/\\\/www.icy.nl\\\/wp-content\\\/uploads\\\/2016\\\/06\\\/4528SD-smoke-detector.jpg\",\"contentUrl\":\"https:\\\/\\\/www.icy.nl\\\/wp-content\\\/uploads\\\/2016\\\/06\\\/4528SD-smoke-detector.jpg\"},{\"@type\":\"BreadcrumbList\",\"@id\":\"https:\\\/\\\/www.icy.nl\\\/fr\\\/detecteur-de-fumee-connectable-sans-fil\\\/#breadcrumb\",\"itemListElement\":[{\"@type\":\"ListItem\",\"position\":1,\"name\":\"Home\",\"item\":\"https:\\\/\\\/www.icy.nl\\\/fr\\\/\"},{\"@type\":\"ListItem\",\"position\":2,\"name\":\"D\u00e9tecteur de fum\u00e9e connectable sans fil\"}]},{\"@type\":\"WebSite\",\"@id\":\"https:\\\/\\\/www.icy.nl\\\/fr\\\/#website\",\"url\":\"https:\\\/\\\/www.icy.nl\\\/fr\\\/\",\"name\":\"ICY\",\"description\":\"Smartmotica solutions\",\"publisher\":{\"@id\":\"https:\\\/\\\/www.icy.nl\\\/fr\\\/#organization\"},\"potentialAction\":[{\"@type\":\"SearchAction\",\"target\":{\"@type\":\"EntryPoint\",\"urlTemplate\":\"https:\\\/\\\/www.icy.nl\\\/fr\\\/?s={search_term_string}\"},\"query-input\":{\"@type\":\"PropertyValueSpecification\",\"valueRequired\":true,\"valueName\":\"search_term_string\"}}],\"inLanguage\":\"fr-FR\"},{\"@type\":\"Organization\",\"@id\":\"https:\\\/\\\/www.icy.nl\\\/fr\\\/#organization\",\"name\":\"I.C.Y. B.V.\",\"url\":\"https:\\\/\\\/www.icy.nl\\\/fr\\\/\",\"logo\":{\"@type\":\"ImageObject\",\"inLanguage\":\"fr-FR\",\"@id\":\"https:\\\/\\\/www.icy.nl\\\/fr\\\/#\\\/schema\\\/logo\\\/image\\\/\",\"url\":\"https:\\\/\\\/www.icy.nl\\\/wp-content\\\/uploads\\\/2016\\\/11\\\/logo-icy.jpg\",\"contentUrl\":\"https:\\\/\\\/www.icy.nl\\\/wp-content\\\/uploads\\\/2016\\\/11\\\/logo-icy.jpg\",\"width\":400,\"height\":101,\"caption\":\"I.C.Y. B.V.\"},\"image\":{\"@id\":\"https:\\\/\\\/www.icy.nl\\\/fr\\\/#\\\/schema\\\/logo\\\/image\\\/\"}}]}<\/script>\n<!-- \/ Yoast SEO plugin. -->","yoast_head_json":{"title":"D\u00e9tecteur de fum\u00e9e connectable sans fil - ICY","robots":{"index":"index","follow":"follow","max-snippet":"max-snippet:-1","max-image-preview":"max-image-preview:large","max-video-preview":"max-video-preview:-1"},"canonical":"https:\/\/www.icy.nl\/fr\/detecteur-de-fumee-connectable-sans-fil\/","og_locale":"fr_FR","og_type":"article","og_title":"D\u00e9tecteur de fum\u00e9e connectable sans fil - ICY","og_description":"Si vous poss\u00e9dez un logement de groupe, une maison de vacances, un appartement \u00e9tudiant ou un immeuble de bureaux, vous souhaiterez peut-\u00eatre \u00e9galement qu&rsquo;une alarme incendie dans l&rsquo;une des pi\u00e8ces soit imm\u00e9diatement d\u00e9tect\u00e9e par les autres d\u00e9tecteurs de fum\u00e9e du b\u00e2timent. C&rsquo;est possible avec le d\u00e9tecteur de fum\u00e9e ICY4528SD d&rsquo;ICY. Ce d\u00e9tecteur de fum\u00e9e peut [&hellip;]","og_url":"https:\/\/www.icy.nl\/fr\/detecteur-de-fumee-connectable-sans-fil\/","og_site_name":"ICY","og_image":[{"width":800,"height":756,"url":"https:\/\/www.icy.nl\/wp-content\/uploads\/2016\/06\/4528SD-smoke-detector.jpg","type":"image\/jpeg"}],"twitter_card":"summary_large_image","twitter_misc":{"Dur\u00e9e de lecture estim\u00e9e":"1 minute"},"schema":{"@context":"https:\/\/schema.org","@graph":[{"@type":"WebPage","@id":"https:\/\/www.icy.nl\/fr\/detecteur-de-fumee-connectable-sans-fil\/","url":"https:\/\/www.icy.nl\/fr\/detecteur-de-fumee-connectable-sans-fil\/","name":"D\u00e9tecteur de fum\u00e9e connectable sans fil - ICY","isPartOf":{"@id":"https:\/\/www.icy.nl\/fr\/#website"},"primaryImageOfPage":{"@id":"https:\/\/www.icy.nl\/fr\/detecteur-de-fumee-connectable-sans-fil\/#primaryimage"},"image":{"@id":"https:\/\/www.icy.nl\/fr\/detecteur-de-fumee-connectable-sans-fil\/#primaryimage"},"thumbnailUrl":"https:\/\/www.icy.nl\/wp-content\/uploads\/2016\/06\/4528SD-smoke-detector.jpg","datePublished":"2025-01-14T13:12:15+00:00","breadcrumb":{"@id":"https:\/\/www.icy.nl\/fr\/detecteur-de-fumee-connectable-sans-fil\/#breadcrumb"},"inLanguage":"fr-FR","potentialAction":[{"@type":"ReadAction","target":["https:\/\/www.icy.nl\/fr\/detecteur-de-fumee-connectable-sans-fil\/"]}]},{"@type":"ImageObject","inLanguage":"fr-FR","@id":"https:\/\/www.icy.nl\/fr\/detecteur-de-fumee-connectable-sans-fil\/#primaryimage","url":"https:\/\/www.icy.nl\/wp-content\/uploads\/2016\/06\/4528SD-smoke-detector.jpg","contentUrl":"https:\/\/www.icy.nl\/wp-content\/uploads\/2016\/06\/4528SD-smoke-detector.jpg"},{"@type":"BreadcrumbList","@id":"https:\/\/www.icy.nl\/fr\/detecteur-de-fumee-connectable-sans-fil\/#breadcrumb","itemListElement":[{"@type":"ListItem","position":1,"name":"Home","item":"https:\/\/www.icy.nl\/fr\/"},{"@type":"ListItem","position":2,"name":"D\u00e9tecteur de fum\u00e9e connectable sans fil"}]},{"@type":"WebSite","@id":"https:\/\/www.icy.nl\/fr\/#website","url":"https:\/\/www.icy.nl\/fr\/","name":"ICY","description":"Smartmotica solutions","publisher":{"@id":"https:\/\/www.icy.nl\/fr\/#organization"},"potentialAction":[{"@type":"SearchAction","target":{"@type":"EntryPoint","urlTemplate":"https:\/\/www.icy.nl\/fr\/?s={search_term_string}"},"query-input":{"@type":"PropertyValueSpecification","valueRequired":true,"valueName":"search_term_string"}}],"inLanguage":"fr-FR"},{"@type":"Organization","@id":"https:\/\/www.icy.nl\/fr\/#organization","name":"I.C.Y. B.V.","url":"https:\/\/www.icy.nl\/fr\/","logo":{"@type":"ImageObject","inLanguage":"fr-FR","@id":"https:\/\/www.icy.nl\/fr\/#\/schema\/logo\/image\/","url":"https:\/\/www.icy.nl\/wp-content\/uploads\/2016\/11\/logo-icy.jpg","contentUrl":"https:\/\/www.icy.nl\/wp-content\/uploads\/2016\/11\/logo-icy.jpg","width":400,"height":101,"caption":"I.C.Y. B.V."},"image":{"@id":"https:\/\/www.icy.nl\/fr\/#\/schema\/logo\/image\/"}}]}},"coauthors":[],"author_meta":{"author_link":"https:\/\/www.icy.nl\/fr\/author\/daniel\/","display_name":"Daniel van de Kamp"},"relative_dates":{"created":"Publi\u00e9 1 an il y a","modified":"Mis \u00e0 jour 1 an il y a"},"absolute_dates":{"created":"Publi\u00e9 le 14 janvier 2025","modified":"Mise \u00e0 jour le 14 janvier 2025"},"absolute_dates_time":{"created":"Publi\u00e9 le 14 janvier 2025 14h12","modified":"Mise \u00e0 jour le 14 janvier 2025 14h12"},"featured_img_caption":"","featured_img":false,"series_order":"","_links":{"self":[{"href":"https:\/\/www.icy.nl\/fr\/wp-json\/wp\/v2\/pages\/57678","targetHints":{"allow":["GET"]}}],"collection":[{"href":"https:\/\/www.icy.nl\/fr\/wp-json\/wp\/v2\/pages"}],"about":[{"href":"https:\/\/www.icy.nl\/fr\/wp-json\/wp\/v2\/types\/page"}],"author":[{"embeddable":true,"href":"https:\/\/www.icy.nl\/fr\/wp-json\/wp\/v2\/users\/2946"}],"replies":[{"embeddable":true,"href":"https:\/\/www.icy.nl\/fr\/wp-json\/wp\/v2\/comments?post=57678"}],"version-history":[{"count":0,"href":"https:\/\/www.icy.nl\/fr\/wp-json\/wp\/v2\/pages\/57678\/revisions"}],"wp:attachment":[{"href":"https:\/\/www.icy.nl\/fr\/wp-json\/wp\/v2\/media?parent=57678"}],"curies":[{"name":"wp","href":"https:\/\/api.w.org\/{rel}","templated":true}]}}