{"id":57695,"date":"2025-01-14T14:24:50","date_gmt":"2025-01-14T13:24:50","guid":{"rendered":"https:\/\/www.icy.nl\/quels-sont-les-principaux-consommateurs-de-votre-camping-et-de-votre-marina\/"},"modified":"2025-01-14T14:24:51","modified_gmt":"2025-01-14T13:24:51","slug":"quels-sont-les-principaux-consommateurs-de-votre-camping-et-de-votre-marina","status":"publish","type":"page","link":"https:\/\/www.icy.nl\/fr\/quels-sont-les-principaux-consommateurs-de-votre-camping-et-de-votre-marina\/","title":{"rendered":"Quels sont les principaux consommateurs de votre camping et de votre marina ?"},"content":{"rendered":"\n<p>La puissance et la consommation peuvent parfois \u00eatre des concepts qui ne sont pas imm\u00e9diatement apparents. Car que signifie offrir, par exemple, 4 kWh par jour, comme l&rsquo;exige l&rsquo;organisme ACSI pour un camping ? Et \u00e0 quelle vitesse est-ce que tout cela est utilis\u00e9 ?   <\/p>\n\n<p>Pour clarifier cela, nous avons r\u00e9pertori\u00e9 ci-dessous un certain nombre de consommateurs courants des campeurs et des plaisanciers. <\/p>\n\n<p>Cela montre que si votre invit\u00e9 allume un chauffage \u00e9lectrique dans l&rsquo;auvent pendant 2 heures, 4 kWh auront d\u00e9j\u00e0 \u00e9t\u00e9 consomm\u00e9s. <\/p>\n\n<p><\/p>\n\n<div class=\"wp-block-columns is-layout-flex wp-container-core-columns-is-layout-9d6595d7 wp-block-columns-is-layout-flex\">\n<div class=\"wp-block-column is-layout-flow wp-block-column-is-layout-flow\">\n<figure class=\"wp-block-image size-large\"><img loading=\"lazy\" decoding=\"async\" width=\"600\" height=\"600\" src=\"https:\/\/www.icy.nl\/wp-content\/uploads\/2020\/07\/elektrische-bbq.jpg\" alt=\"\" class=\"wp-image-31522\" srcset=\"https:\/\/www.icy.nl\/wp-content\/uploads\/2020\/07\/elektrische-bbq.jpg 600w, https:\/\/www.icy.nl\/wp-content\/uploads\/2020\/07\/elektrische-bbq-300x300.jpg 300w, https:\/\/www.icy.nl\/wp-content\/uploads\/2020\/07\/elektrische-bbq-150x150.jpg 150w, https:\/\/www.icy.nl\/wp-content\/uploads\/2020\/07\/elektrische-bbq-100x100.jpg 100w, https:\/\/www.icy.nl\/wp-content\/uploads\/2020\/07\/elektrische-bbq-366x366.jpg 366w\" sizes=\"auto, (max-width: 600px) 100vw, 600px\" \/><\/figure>\n\n\n\n<figure class=\"wp-block-image size-large\"><img loading=\"lazy\" decoding=\"async\" width=\"600\" height=\"600\" src=\"https:\/\/www.icy.nl\/wp-content\/uploads\/2020\/07\/koelkast.jpg\" alt=\"\" class=\"wp-image-31535\" srcset=\"https:\/\/www.icy.nl\/wp-content\/uploads\/2020\/07\/koelkast.jpg 600w, https:\/\/www.icy.nl\/wp-content\/uploads\/2020\/07\/koelkast-300x300.jpg 300w, https:\/\/www.icy.nl\/wp-content\/uploads\/2020\/07\/koelkast-150x150.jpg 150w, https:\/\/www.icy.nl\/wp-content\/uploads\/2020\/07\/koelkast-100x100.jpg 100w, https:\/\/www.icy.nl\/wp-content\/uploads\/2020\/07\/koelkast-366x366.jpg 366w\" sizes=\"auto, (max-width: 600px) 100vw, 600px\" \/><\/figure>\n\n\n\n<figure class=\"wp-block-image size-large\"><img loading=\"lazy\" decoding=\"async\" width=\"600\" height=\"600\" src=\"https:\/\/www.icy.nl\/wp-content\/uploads\/2020\/07\/fohn.jpg\" alt=\"\" class=\"wp-image-31548\" srcset=\"https:\/\/www.icy.nl\/wp-content\/uploads\/2020\/07\/fohn.jpg 600w, https:\/\/www.icy.nl\/wp-content\/uploads\/2020\/07\/fohn-300x300.jpg 300w, https:\/\/www.icy.nl\/wp-content\/uploads\/2020\/07\/fohn-150x150.jpg 150w, https:\/\/www.icy.nl\/wp-content\/uploads\/2020\/07\/fohn-100x100.jpg 100w, https:\/\/www.icy.nl\/wp-content\/uploads\/2020\/07\/fohn-366x366.jpg 366w\" sizes=\"auto, (max-width: 600px) 100vw, 600px\" \/><\/figure>\n\n\n\n<figure class=\"wp-block-image size-large\"><img loading=\"lazy\" decoding=\"async\" width=\"600\" height=\"600\" src=\"https:\/\/www.icy.nl\/wp-content\/uploads\/2020\/08\/absorptie-koelkast.jpg\" alt=\"\" class=\"wp-image-31662\" srcset=\"https:\/\/www.icy.nl\/wp-content\/uploads\/2020\/08\/absorptie-koelkast.jpg 600w, https:\/\/www.icy.nl\/wp-content\/uploads\/2020\/08\/absorptie-koelkast-300x300.jpg 300w, https:\/\/www.icy.nl\/wp-content\/uploads\/2020\/08\/absorptie-koelkast-150x150.jpg 150w, https:\/\/www.icy.nl\/wp-content\/uploads\/2020\/08\/absorptie-koelkast-100x100.jpg 100w, https:\/\/www.icy.nl\/wp-content\/uploads\/2020\/08\/absorptie-koelkast-366x366.jpg 366w\" sizes=\"auto, (max-width: 600px) 100vw, 600px\" \/><\/figure>\n<\/div>\n\n\n\n<div class=\"wp-block-column is-layout-flow wp-block-column-is-layout-flow\">\n<figure class=\"wp-block-image size-large\"><img loading=\"lazy\" decoding=\"async\" width=\"600\" height=\"600\" src=\"https:\/\/www.icy.nl\/wp-content\/uploads\/2020\/07\/elektrische-kachel.jpg\" alt=\"\" class=\"wp-image-31526\" srcset=\"https:\/\/www.icy.nl\/wp-content\/uploads\/2020\/07\/elektrische-kachel.jpg 600w, https:\/\/www.icy.nl\/wp-content\/uploads\/2020\/07\/elektrische-kachel-300x300.jpg 300w, https:\/\/www.icy.nl\/wp-content\/uploads\/2020\/07\/elektrische-kachel-150x150.jpg 150w, https:\/\/www.icy.nl\/wp-content\/uploads\/2020\/07\/elektrische-kachel-100x100.jpg 100w, https:\/\/www.icy.nl\/wp-content\/uploads\/2020\/07\/elektrische-kachel-366x366.jpg 366w\" sizes=\"auto, (max-width: 600px) 100vw, 600px\" \/><\/figure>\n\n\n\n<figure class=\"wp-block-image size-large\"><img loading=\"lazy\" decoding=\"async\" width=\"600\" height=\"600\" src=\"https:\/\/www.icy.nl\/wp-content\/uploads\/2020\/07\/stofzuiger-1.jpg\" alt=\"\" class=\"wp-image-31560\" srcset=\"https:\/\/www.icy.nl\/wp-content\/uploads\/2020\/07\/stofzuiger-1.jpg 600w, https:\/\/www.icy.nl\/wp-content\/uploads\/2020\/07\/stofzuiger-1-300x300.jpg 300w, https:\/\/www.icy.nl\/wp-content\/uploads\/2020\/07\/stofzuiger-1-150x150.jpg 150w, https:\/\/www.icy.nl\/wp-content\/uploads\/2020\/07\/stofzuiger-1-100x100.jpg 100w, https:\/\/www.icy.nl\/wp-content\/uploads\/2020\/07\/stofzuiger-1-366x366.jpg 366w\" sizes=\"auto, (max-width: 600px) 100vw, 600px\" \/><\/figure>\n\n\n\n<figure class=\"wp-block-image size-large\"><img loading=\"lazy\" decoding=\"async\" width=\"600\" height=\"600\" src=\"https:\/\/www.icy.nl\/wp-content\/uploads\/2020\/07\/oven.jpg\" alt=\"\" class=\"wp-image-31552\" srcset=\"https:\/\/www.icy.nl\/wp-content\/uploads\/2020\/07\/oven.jpg 600w, https:\/\/www.icy.nl\/wp-content\/uploads\/2020\/07\/oven-300x300.jpg 300w, https:\/\/www.icy.nl\/wp-content\/uploads\/2020\/07\/oven-150x150.jpg 150w, https:\/\/www.icy.nl\/wp-content\/uploads\/2020\/07\/oven-100x100.jpg 100w, https:\/\/www.icy.nl\/wp-content\/uploads\/2020\/07\/oven-366x366.jpg 366w\" sizes=\"auto, (max-width: 600px) 100vw, 600px\" \/><\/figure>\n<\/div>\n\n\n\n<div class=\"wp-block-column is-layout-flow wp-block-column-is-layout-flow\">\n<figure class=\"wp-block-image size-large\"><img loading=\"lazy\" decoding=\"async\" width=\"600\" height=\"600\" src=\"https:\/\/www.icy.nl\/wp-content\/uploads\/2020\/07\/elektrsiche-verwarming.jpg\" alt=\"\" class=\"wp-image-31530\" srcset=\"https:\/\/www.icy.nl\/wp-content\/uploads\/2020\/07\/elektrsiche-verwarming.jpg 600w, https:\/\/www.icy.nl\/wp-content\/uploads\/2020\/07\/elektrsiche-verwarming-300x300.jpg 300w, https:\/\/www.icy.nl\/wp-content\/uploads\/2020\/07\/elektrsiche-verwarming-150x150.jpg 150w, https:\/\/www.icy.nl\/wp-content\/uploads\/2020\/07\/elektrsiche-verwarming-100x100.jpg 100w, https:\/\/www.icy.nl\/wp-content\/uploads\/2020\/07\/elektrsiche-verwarming-366x366.jpg 366w\" sizes=\"auto, (max-width: 600px) 100vw, 600px\" \/><\/figure>\n\n\n\n<figure class=\"wp-block-image size-large\"><img loading=\"lazy\" decoding=\"async\" width=\"600\" height=\"600\" src=\"https:\/\/www.icy.nl\/wp-content\/uploads\/2020\/07\/senseo.jpg\" alt=\"\" class=\"wp-image-31544\" srcset=\"https:\/\/www.icy.nl\/wp-content\/uploads\/2020\/07\/senseo.jpg 600w, https:\/\/www.icy.nl\/wp-content\/uploads\/2020\/07\/senseo-300x300.jpg 300w, https:\/\/www.icy.nl\/wp-content\/uploads\/2020\/07\/senseo-150x150.jpg 150w, https:\/\/www.icy.nl\/wp-content\/uploads\/2020\/07\/senseo-100x100.jpg 100w, https:\/\/www.icy.nl\/wp-content\/uploads\/2020\/07\/senseo-366x366.jpg 366w\" sizes=\"auto, (max-width: 600px) 100vw, 600px\" \/><\/figure>\n\n\n\n<figure class=\"wp-block-image size-large\"><img loading=\"lazy\" decoding=\"async\" width=\"600\" height=\"600\" src=\"https:\/\/www.icy.nl\/wp-content\/uploads\/2020\/07\/broodrooster-2.jpg\" alt=\"\" class=\"wp-image-31572\" srcset=\"https:\/\/www.icy.nl\/wp-content\/uploads\/2020\/07\/broodrooster-2.jpg 600w, https:\/\/www.icy.nl\/wp-content\/uploads\/2020\/07\/broodrooster-2-300x300.jpg 300w, https:\/\/www.icy.nl\/wp-content\/uploads\/2020\/07\/broodrooster-2-150x150.jpg 150w, https:\/\/www.icy.nl\/wp-content\/uploads\/2020\/07\/broodrooster-2-100x100.jpg 100w, https:\/\/www.icy.nl\/wp-content\/uploads\/2020\/07\/broodrooster-2-366x366.jpg 366w\" sizes=\"auto, (max-width: 600px) 100vw, 600px\" \/><\/figure>\n<\/div>\n<\/div>\n\n<p>Avec ICY Campsite Management et ICY Marina Management, vous pouvez choisir de payer en fonction de votre consommation r\u00e9elle. Ou de limiter la prise de courant \u00e0 6A par d\u00e9faut. Si les gens veulent consommer davantage, ils peuvent payer plus cher pour cela. La plupart des radiateurs \u00e9lectriques entrent dans la cat\u00e9gorie qui n\u00e9cessite un paiement suppl\u00e9mentaire.    <\/p>\n\n<p>Plus d&rsquo;informations ? voir <a href=\"https:\/\/www.icy.nl\/fr\/draadloos-stroombeheer-campings\/\">ICY Campsite Management<\/a> ou <a href=\"https:\/\/www.icy.nl\/fr\/icy-marina-management-gestion-de-lalimentation-sans-fil-dans-les-marinas\/\">ICY Marina Management<\/a>. <\/p>\n","protected":false},"excerpt":{"rendered":"<p>La puissance et la consommation peuvent parfois \u00eatre des concepts qui ne sont pas imm\u00e9diatement apparents. Car que signifie offrir, par exemple, 4 kWh par jour, comme l&rsquo;exige l&rsquo;organisme ACSI pour un camping ? Et \u00e0 quelle vitesse est-ce que tout cela est utilis\u00e9 ? Pour clarifier cela, nous avons r\u00e9pertori\u00e9 ci-dessous un certain nombre [&hellip;]<\/p>\n","protected":false},"author":2946,"featured_media":0,"parent":0,"menu_order":0,"comment_status":"closed","ping_status":"closed","template":"","meta":{"advgb_blocks_editor_width":"","advgb_blocks_columns_visual_guide":"","_genesis_hide_title":false,"_genesis_hide_breadcrumbs":false,"_genesis_hide_singular_image":false,"_genesis_hide_footer_widgets":false,"_genesis_custom_body_class":"","_genesis_custom_post_class":"","_genesis_layout":"","footnotes":""},"class_list":{"0":"post-57695","1":"page","2":"type-page","3":"status-publish","5":"entry","6":"has-post-thumbnail"},"yoast_head":"<!-- This site is optimized with the Yoast SEO plugin v27.3 - https:\/\/yoast.com\/product\/yoast-seo-wordpress\/ -->\n<title>Quels sont les principaux consommateurs de votre camping et de votre marina ? - ICY<\/title>\n<meta name=\"robots\" content=\"index, follow, max-snippet:-1, max-image-preview:large, max-video-preview:-1\" \/>\n<link rel=\"canonical\" href=\"https:\/\/www.icy.nl\/fr\/quels-sont-les-principaux-consommateurs-de-votre-camping-et-de-votre-marina\/\" \/>\n<meta property=\"og:locale\" content=\"fr_FR\" \/>\n<meta property=\"og:type\" content=\"article\" \/>\n<meta property=\"og:title\" content=\"Quels sont les principaux consommateurs de votre camping et de votre marina ? - ICY\" \/>\n<meta property=\"og:description\" content=\"La puissance et la consommation peuvent parfois \u00eatre des concepts qui ne sont pas imm\u00e9diatement apparents. Car que signifie offrir, par exemple, 4 kWh par jour, comme l&rsquo;exige l&rsquo;organisme ACSI pour un camping ? Et \u00e0 quelle vitesse est-ce que tout cela est utilis\u00e9 ? Pour clarifier cela, nous avons r\u00e9pertori\u00e9 ci-dessous un certain nombre [&hellip;]\" \/>\n<meta property=\"og:url\" content=\"https:\/\/www.icy.nl\/fr\/quels-sont-les-principaux-consommateurs-de-votre-camping-et-de-votre-marina\/\" \/>\n<meta property=\"og:site_name\" content=\"ICY\" \/>\n<meta property=\"article:modified_time\" content=\"2025-01-14T13:24:51+00:00\" \/>\n<meta property=\"og:image\" content=\"https:\/\/www.icy.nl\/wp-content\/uploads\/2020\/07\/elektrische-bbq.jpg\" \/>\n\t<meta property=\"og:image:width\" content=\"600\" \/>\n\t<meta property=\"og:image:height\" content=\"600\" \/>\n\t<meta property=\"og:image:type\" content=\"image\/jpeg\" \/>\n<meta name=\"twitter:card\" content=\"summary_large_image\" \/>\n<meta name=\"twitter:label1\" content=\"Dur\u00e9e de lecture estim\u00e9e\" \/>\n\t<meta name=\"twitter:data1\" content=\"1 minute\" \/>\n<script type=\"application\/ld+json\" class=\"yoast-schema-graph\">{\"@context\":\"https:\\\/\\\/schema.org\",\"@graph\":[{\"@type\":\"WebPage\",\"@id\":\"https:\\\/\\\/www.icy.nl\\\/fr\\\/quels-sont-les-principaux-consommateurs-de-votre-camping-et-de-votre-marina\\\/\",\"url\":\"https:\\\/\\\/www.icy.nl\\\/fr\\\/quels-sont-les-principaux-consommateurs-de-votre-camping-et-de-votre-marina\\\/\",\"name\":\"Quels sont les principaux consommateurs de votre camping et de votre marina ? - ICY\",\"isPartOf\":{\"@id\":\"https:\\\/\\\/www.icy.nl\\\/fr\\\/#website\"},\"primaryImageOfPage\":{\"@id\":\"https:\\\/\\\/www.icy.nl\\\/fr\\\/quels-sont-les-principaux-consommateurs-de-votre-camping-et-de-votre-marina\\\/#primaryimage\"},\"image\":{\"@id\":\"https:\\\/\\\/www.icy.nl\\\/fr\\\/quels-sont-les-principaux-consommateurs-de-votre-camping-et-de-votre-marina\\\/#primaryimage\"},\"thumbnailUrl\":\"https:\\\/\\\/www.icy.nl\\\/wp-content\\\/uploads\\\/2020\\\/07\\\/elektrische-bbq.jpg\",\"datePublished\":\"2025-01-14T13:24:50+00:00\",\"dateModified\":\"2025-01-14T13:24:51+00:00\",\"breadcrumb\":{\"@id\":\"https:\\\/\\\/www.icy.nl\\\/fr\\\/quels-sont-les-principaux-consommateurs-de-votre-camping-et-de-votre-marina\\\/#breadcrumb\"},\"inLanguage\":\"fr-FR\",\"potentialAction\":[{\"@type\":\"ReadAction\",\"target\":[\"https:\\\/\\\/www.icy.nl\\\/fr\\\/quels-sont-les-principaux-consommateurs-de-votre-camping-et-de-votre-marina\\\/\"]}]},{\"@type\":\"ImageObject\",\"inLanguage\":\"fr-FR\",\"@id\":\"https:\\\/\\\/www.icy.nl\\\/fr\\\/quels-sont-les-principaux-consommateurs-de-votre-camping-et-de-votre-marina\\\/#primaryimage\",\"url\":\"https:\\\/\\\/www.icy.nl\\\/wp-content\\\/uploads\\\/2020\\\/07\\\/elektrische-bbq.jpg\",\"contentUrl\":\"https:\\\/\\\/www.icy.nl\\\/wp-content\\\/uploads\\\/2020\\\/07\\\/elektrische-bbq.jpg\"},{\"@type\":\"BreadcrumbList\",\"@id\":\"https:\\\/\\\/www.icy.nl\\\/fr\\\/quels-sont-les-principaux-consommateurs-de-votre-camping-et-de-votre-marina\\\/#breadcrumb\",\"itemListElement\":[{\"@type\":\"ListItem\",\"position\":1,\"name\":\"Home\",\"item\":\"https:\\\/\\\/www.icy.nl\\\/fr\\\/\"},{\"@type\":\"ListItem\",\"position\":2,\"name\":\"Quels sont les principaux consommateurs de votre camping et de votre marina ?\"}]},{\"@type\":\"WebSite\",\"@id\":\"https:\\\/\\\/www.icy.nl\\\/fr\\\/#website\",\"url\":\"https:\\\/\\\/www.icy.nl\\\/fr\\\/\",\"name\":\"ICY\",\"description\":\"Smartmotica solutions\",\"publisher\":{\"@id\":\"https:\\\/\\\/www.icy.nl\\\/fr\\\/#organization\"},\"potentialAction\":[{\"@type\":\"SearchAction\",\"target\":{\"@type\":\"EntryPoint\",\"urlTemplate\":\"https:\\\/\\\/www.icy.nl\\\/fr\\\/?s={search_term_string}\"},\"query-input\":{\"@type\":\"PropertyValueSpecification\",\"valueRequired\":true,\"valueName\":\"search_term_string\"}}],\"inLanguage\":\"fr-FR\"},{\"@type\":\"Organization\",\"@id\":\"https:\\\/\\\/www.icy.nl\\\/fr\\\/#organization\",\"name\":\"I.C.Y. B.V.\",\"url\":\"https:\\\/\\\/www.icy.nl\\\/fr\\\/\",\"logo\":{\"@type\":\"ImageObject\",\"inLanguage\":\"fr-FR\",\"@id\":\"https:\\\/\\\/www.icy.nl\\\/fr\\\/#\\\/schema\\\/logo\\\/image\\\/\",\"url\":\"https:\\\/\\\/www.icy.nl\\\/wp-content\\\/uploads\\\/2016\\\/11\\\/logo-icy.jpg\",\"contentUrl\":\"https:\\\/\\\/www.icy.nl\\\/wp-content\\\/uploads\\\/2016\\\/11\\\/logo-icy.jpg\",\"width\":400,\"height\":101,\"caption\":\"I.C.Y. B.V.\"},\"image\":{\"@id\":\"https:\\\/\\\/www.icy.nl\\\/fr\\\/#\\\/schema\\\/logo\\\/image\\\/\"}}]}<\/script>\n<!-- \/ Yoast SEO plugin. -->","yoast_head_json":{"title":"Quels sont les principaux consommateurs de votre camping et de votre marina ? - ICY","robots":{"index":"index","follow":"follow","max-snippet":"max-snippet:-1","max-image-preview":"max-image-preview:large","max-video-preview":"max-video-preview:-1"},"canonical":"https:\/\/www.icy.nl\/fr\/quels-sont-les-principaux-consommateurs-de-votre-camping-et-de-votre-marina\/","og_locale":"fr_FR","og_type":"article","og_title":"Quels sont les principaux consommateurs de votre camping et de votre marina ? - ICY","og_description":"La puissance et la consommation peuvent parfois \u00eatre des concepts qui ne sont pas imm\u00e9diatement apparents. Car que signifie offrir, par exemple, 4 kWh par jour, comme l&rsquo;exige l&rsquo;organisme ACSI pour un camping ? Et \u00e0 quelle vitesse est-ce que tout cela est utilis\u00e9 ? Pour clarifier cela, nous avons r\u00e9pertori\u00e9 ci-dessous un certain nombre [&hellip;]","og_url":"https:\/\/www.icy.nl\/fr\/quels-sont-les-principaux-consommateurs-de-votre-camping-et-de-votre-marina\/","og_site_name":"ICY","article_modified_time":"2025-01-14T13:24:51+00:00","og_image":[{"width":600,"height":600,"url":"https:\/\/www.icy.nl\/wp-content\/uploads\/2020\/07\/elektrische-bbq.jpg","type":"image\/jpeg"}],"twitter_card":"summary_large_image","twitter_misc":{"Dur\u00e9e de lecture estim\u00e9e":"1 minute"},"schema":{"@context":"https:\/\/schema.org","@graph":[{"@type":"WebPage","@id":"https:\/\/www.icy.nl\/fr\/quels-sont-les-principaux-consommateurs-de-votre-camping-et-de-votre-marina\/","url":"https:\/\/www.icy.nl\/fr\/quels-sont-les-principaux-consommateurs-de-votre-camping-et-de-votre-marina\/","name":"Quels sont les principaux consommateurs de votre camping et de votre marina ? - ICY","isPartOf":{"@id":"https:\/\/www.icy.nl\/fr\/#website"},"primaryImageOfPage":{"@id":"https:\/\/www.icy.nl\/fr\/quels-sont-les-principaux-consommateurs-de-votre-camping-et-de-votre-marina\/#primaryimage"},"image":{"@id":"https:\/\/www.icy.nl\/fr\/quels-sont-les-principaux-consommateurs-de-votre-camping-et-de-votre-marina\/#primaryimage"},"thumbnailUrl":"https:\/\/www.icy.nl\/wp-content\/uploads\/2020\/07\/elektrische-bbq.jpg","datePublished":"2025-01-14T13:24:50+00:00","dateModified":"2025-01-14T13:24:51+00:00","breadcrumb":{"@id":"https:\/\/www.icy.nl\/fr\/quels-sont-les-principaux-consommateurs-de-votre-camping-et-de-votre-marina\/#breadcrumb"},"inLanguage":"fr-FR","potentialAction":[{"@type":"ReadAction","target":["https:\/\/www.icy.nl\/fr\/quels-sont-les-principaux-consommateurs-de-votre-camping-et-de-votre-marina\/"]}]},{"@type":"ImageObject","inLanguage":"fr-FR","@id":"https:\/\/www.icy.nl\/fr\/quels-sont-les-principaux-consommateurs-de-votre-camping-et-de-votre-marina\/#primaryimage","url":"https:\/\/www.icy.nl\/wp-content\/uploads\/2020\/07\/elektrische-bbq.jpg","contentUrl":"https:\/\/www.icy.nl\/wp-content\/uploads\/2020\/07\/elektrische-bbq.jpg"},{"@type":"BreadcrumbList","@id":"https:\/\/www.icy.nl\/fr\/quels-sont-les-principaux-consommateurs-de-votre-camping-et-de-votre-marina\/#breadcrumb","itemListElement":[{"@type":"ListItem","position":1,"name":"Home","item":"https:\/\/www.icy.nl\/fr\/"},{"@type":"ListItem","position":2,"name":"Quels sont les principaux consommateurs de votre camping et de votre marina ?"}]},{"@type":"WebSite","@id":"https:\/\/www.icy.nl\/fr\/#website","url":"https:\/\/www.icy.nl\/fr\/","name":"ICY","description":"Smartmotica solutions","publisher":{"@id":"https:\/\/www.icy.nl\/fr\/#organization"},"potentialAction":[{"@type":"SearchAction","target":{"@type":"EntryPoint","urlTemplate":"https:\/\/www.icy.nl\/fr\/?s={search_term_string}"},"query-input":{"@type":"PropertyValueSpecification","valueRequired":true,"valueName":"search_term_string"}}],"inLanguage":"fr-FR"},{"@type":"Organization","@id":"https:\/\/www.icy.nl\/fr\/#organization","name":"I.C.Y. B.V.","url":"https:\/\/www.icy.nl\/fr\/","logo":{"@type":"ImageObject","inLanguage":"fr-FR","@id":"https:\/\/www.icy.nl\/fr\/#\/schema\/logo\/image\/","url":"https:\/\/www.icy.nl\/wp-content\/uploads\/2016\/11\/logo-icy.jpg","contentUrl":"https:\/\/www.icy.nl\/wp-content\/uploads\/2016\/11\/logo-icy.jpg","width":400,"height":101,"caption":"I.C.Y. B.V."},"image":{"@id":"https:\/\/www.icy.nl\/fr\/#\/schema\/logo\/image\/"}}]}},"coauthors":[],"author_meta":{"author_link":"https:\/\/www.icy.nl\/fr\/author\/daniel\/","display_name":"Daniel van de Kamp"},"relative_dates":{"created":"Publi\u00e9 1 an il y a","modified":"Mis \u00e0 jour 1 an il y a"},"absolute_dates":{"created":"Publi\u00e9 le 14 janvier 2025","modified":"Mise \u00e0 jour le 14 janvier 2025"},"absolute_dates_time":{"created":"Publi\u00e9 le 14 janvier 2025 14h24","modified":"Mise \u00e0 jour le 14 janvier 2025 14h24"},"featured_img_caption":"","featured_img":false,"series_order":"","_links":{"self":[{"href":"https:\/\/www.icy.nl\/fr\/wp-json\/wp\/v2\/pages\/57695","targetHints":{"allow":["GET"]}}],"collection":[{"href":"https:\/\/www.icy.nl\/fr\/wp-json\/wp\/v2\/pages"}],"about":[{"href":"https:\/\/www.icy.nl\/fr\/wp-json\/wp\/v2\/types\/page"}],"author":[{"embeddable":true,"href":"https:\/\/www.icy.nl\/fr\/wp-json\/wp\/v2\/users\/2946"}],"replies":[{"embeddable":true,"href":"https:\/\/www.icy.nl\/fr\/wp-json\/wp\/v2\/comments?post=57695"}],"version-history":[{"count":1,"href":"https:\/\/www.icy.nl\/fr\/wp-json\/wp\/v2\/pages\/57695\/revisions"}],"predecessor-version":[{"id":57696,"href":"https:\/\/www.icy.nl\/fr\/wp-json\/wp\/v2\/pages\/57695\/revisions\/57696"}],"wp:attachment":[{"href":"https:\/\/www.icy.nl\/fr\/wp-json\/wp\/v2\/media?parent=57695"}],"curies":[{"name":"wp","href":"https:\/\/api.w.org\/{rel}","templated":true}]}}