{"id":57700,"date":"2025-01-14T14:29:04","date_gmt":"2025-01-14T13:29:04","guid":{"rendered":"https:\/\/www.icy.nl\/recharge-de-voitures-electriques-au-camping\/"},"modified":"2025-01-14T14:29:04","modified_gmt":"2025-01-14T13:29:04","slug":"recharge-de-voitures-electriques-au-camping","status":"publish","type":"page","link":"https:\/\/www.icy.nl\/fr\/recharge-de-voitures-electriques-au-camping\/","title":{"rendered":"Recharge de voitures \u00e9lectriques au camping"},"content":{"rendered":"\n<p>De plus en plus de personnes conduisent des voitures \u00e9lectriques ou hybrides. Ces appareils doivent \u00e9galement \u00eatre recharg\u00e9s pendant les vacances et, \u00e0 cet effet, le raccordement \u00e9lectrique normal du camping ou de la maison de vacances est souvent utilis\u00e9. Cela est souvent inclus dans le prix de la nuit\u00e9e.   <\/p>\n\n<p>Comment g\u00e9rez-vous cela en tant qu\u2019entrepreneur ? En moyenne, il faut compter environ 8 \u20ac par jour en \u00e9lectricit\u00e9 pour recharger une voiture. De plus, les connexions standard ne sont souvent pas adapt\u00e9es au chargement d&rsquo;une voiture et peuvent donc faire sauter les fusibles.   <\/p>\n\n<h2 class=\"wp-block-heading\">Bornes de recharge au camping<\/h2>\n\n<p> L\u2019installation de bornes de recharge est une option. Cela peut \u00eatre utilis\u00e9 comme un USP, mais pour r\u00e9pondre au besoin, 4 p\u00f4les ne suffisent pas. Dans ce cas, chaque endroit devrait avoir sa propre borne de recharge. Et puis cela devient une affaire co\u00fbteuse.    <\/p>\n\n<h2 class=\"wp-block-heading\">Limiter la consommation d&rsquo;\u00e9nergie<\/h2>\n\n<p>Une alternative est de limiter la consommation d\u2019\u00e9nergie. \u00c0 chaque emplacement est alors attribu\u00e9 un nombre maximum de kWh pouvant \u00eatre consomm\u00e9s par jour. Le courant est coup\u00e9 lorsque ce maximum est d\u00e9pass\u00e9. <a href=\"https:\/\/www.icy.nl\/fr\/draadloos-stroombeheer-campings\/\">ICY Campsite Management<\/a> offre cette possibilit\u00e9. De plus, cela emp\u00eache \u00e9galement l\u2019utilisation de prises \u00e9lectriques dans des endroits inoccup\u00e9s. Ceux-ci sont automatiquement d\u00e9sactiv\u00e9s lorsqu&rsquo;il n&rsquo;y a pas de r\u00e9servation active \u00e0 cet endroit.     <\/p>\n\n<p>Une voiture ne peut plus non plus faire sauter les fusibles. Lorsqu&rsquo;un amp\u00e9rage trop \u00e9lev\u00e9 est utilis\u00e9, le syst\u00e8me coupe temporairement l&rsquo;alimentation en guise d&rsquo;avertissement.  <\/p>\n\n<h2 class=\"wp-block-heading\">Plus d&rsquo;informations<\/h2>\n\n<p>Pour plus d&rsquo;informations, veuillez contacter notre service commercial au +31(0)88-123 1333 ou sales@icy.nl<\/p>\n","protected":false},"excerpt":{"rendered":"<p>De plus en plus de personnes conduisent des voitures \u00e9lectriques ou hybrides. Ces appareils doivent \u00e9galement \u00eatre recharg\u00e9s pendant les vacances et, \u00e0 cet effet, le raccordement \u00e9lectrique normal du camping ou de la maison de vacances est souvent utilis\u00e9. Cela est souvent inclus dans le prix de la nuit\u00e9e. Comment g\u00e9rez-vous cela en tant [&hellip;]<\/p>\n","protected":false},"author":2946,"featured_media":45362,"parent":0,"menu_order":0,"comment_status":"closed","ping_status":"closed","template":"","meta":{"advgb_blocks_editor_width":"","advgb_blocks_columns_visual_guide":"","_genesis_hide_title":false,"_genesis_hide_breadcrumbs":false,"_genesis_hide_singular_image":false,"_genesis_hide_footer_widgets":false,"_genesis_custom_body_class":"","_genesis_custom_post_class":"","_genesis_layout":"","footnotes":""},"class_list":{"0":"post-57700","1":"page","2":"type-page","3":"status-publish","4":"has-post-thumbnail","6":"entry"},"yoast_head":"<!-- This site is optimized with the Yoast SEO plugin v27.3 - https:\/\/yoast.com\/product\/yoast-seo-wordpress\/ -->\n<title>Recharge de voitures \u00e9lectriques au camping - ICY<\/title>\n<meta name=\"robots\" content=\"index, follow, max-snippet:-1, max-image-preview:large, max-video-preview:-1\" \/>\n<link rel=\"canonical\" href=\"https:\/\/www.icy.nl\/fr\/recharge-de-voitures-electriques-au-camping\/\" \/>\n<meta property=\"og:locale\" content=\"fr_FR\" \/>\n<meta property=\"og:type\" content=\"article\" \/>\n<meta property=\"og:title\" content=\"Recharge de voitures \u00e9lectriques au camping - ICY\" \/>\n<meta property=\"og:description\" content=\"De plus en plus de personnes conduisent des voitures \u00e9lectriques ou hybrides. Ces appareils doivent \u00e9galement \u00eatre recharg\u00e9s pendant les vacances et, \u00e0 cet effet, le raccordement \u00e9lectrique normal du camping ou de la maison de vacances est souvent utilis\u00e9. Cela est souvent inclus dans le prix de la nuit\u00e9e. Comment g\u00e9rez-vous cela en tant [&hellip;]\" \/>\n<meta property=\"og:url\" content=\"https:\/\/www.icy.nl\/fr\/recharge-de-voitures-electriques-au-camping\/\" \/>\n<meta property=\"og:site_name\" content=\"ICY\" \/>\n<meta property=\"og:image\" content=\"https:\/\/www.icy.nl\/wp-content\/uploads\/2022\/07\/ev-charging-laadkabel-cable-de-recharge-1.jpg\" \/>\n\t<meta property=\"og:image:width\" content=\"1200\" \/>\n\t<meta property=\"og:image:height\" content=\"349\" \/>\n\t<meta property=\"og:image:type\" content=\"image\/jpeg\" \/>\n<meta name=\"twitter:card\" content=\"summary_large_image\" \/>\n<meta name=\"twitter:label1\" content=\"Dur\u00e9e de lecture estim\u00e9e\" \/>\n\t<meta name=\"twitter:data1\" content=\"1 minute\" \/>\n<script type=\"application\/ld+json\" class=\"yoast-schema-graph\">{\"@context\":\"https:\\\/\\\/schema.org\",\"@graph\":[{\"@type\":\"WebPage\",\"@id\":\"https:\\\/\\\/www.icy.nl\\\/fr\\\/recharge-de-voitures-electriques-au-camping\\\/\",\"url\":\"https:\\\/\\\/www.icy.nl\\\/fr\\\/recharge-de-voitures-electriques-au-camping\\\/\",\"name\":\"Recharge de voitures \u00e9lectriques au camping - ICY\",\"isPartOf\":{\"@id\":\"https:\\\/\\\/www.icy.nl\\\/fr\\\/#website\"},\"primaryImageOfPage\":{\"@id\":\"https:\\\/\\\/www.icy.nl\\\/fr\\\/recharge-de-voitures-electriques-au-camping\\\/#primaryimage\"},\"image\":{\"@id\":\"https:\\\/\\\/www.icy.nl\\\/fr\\\/recharge-de-voitures-electriques-au-camping\\\/#primaryimage\"},\"thumbnailUrl\":\"https:\\\/\\\/www.icy.nl\\\/wp-content\\\/uploads\\\/2022\\\/07\\\/ev-charging-laadkabel-cable-de-recharge-1.jpg\",\"datePublished\":\"2025-01-14T13:29:04+00:00\",\"breadcrumb\":{\"@id\":\"https:\\\/\\\/www.icy.nl\\\/fr\\\/recharge-de-voitures-electriques-au-camping\\\/#breadcrumb\"},\"inLanguage\":\"fr-FR\",\"potentialAction\":[{\"@type\":\"ReadAction\",\"target\":[\"https:\\\/\\\/www.icy.nl\\\/fr\\\/recharge-de-voitures-electriques-au-camping\\\/\"]}]},{\"@type\":\"ImageObject\",\"inLanguage\":\"fr-FR\",\"@id\":\"https:\\\/\\\/www.icy.nl\\\/fr\\\/recharge-de-voitures-electriques-au-camping\\\/#primaryimage\",\"url\":\"https:\\\/\\\/www.icy.nl\\\/wp-content\\\/uploads\\\/2022\\\/07\\\/ev-charging-laadkabel-cable-de-recharge-1.jpg\",\"contentUrl\":\"https:\\\/\\\/www.icy.nl\\\/wp-content\\\/uploads\\\/2022\\\/07\\\/ev-charging-laadkabel-cable-de-recharge-1.jpg\",\"width\":1200,\"height\":349},{\"@type\":\"BreadcrumbList\",\"@id\":\"https:\\\/\\\/www.icy.nl\\\/fr\\\/recharge-de-voitures-electriques-au-camping\\\/#breadcrumb\",\"itemListElement\":[{\"@type\":\"ListItem\",\"position\":1,\"name\":\"Home\",\"item\":\"https:\\\/\\\/www.icy.nl\\\/fr\\\/\"},{\"@type\":\"ListItem\",\"position\":2,\"name\":\"Recharge de voitures \u00e9lectriques au camping\"}]},{\"@type\":\"WebSite\",\"@id\":\"https:\\\/\\\/www.icy.nl\\\/fr\\\/#website\",\"url\":\"https:\\\/\\\/www.icy.nl\\\/fr\\\/\",\"name\":\"ICY\",\"description\":\"Smartmotica solutions\",\"publisher\":{\"@id\":\"https:\\\/\\\/www.icy.nl\\\/fr\\\/#organization\"},\"potentialAction\":[{\"@type\":\"SearchAction\",\"target\":{\"@type\":\"EntryPoint\",\"urlTemplate\":\"https:\\\/\\\/www.icy.nl\\\/fr\\\/?s={search_term_string}\"},\"query-input\":{\"@type\":\"PropertyValueSpecification\",\"valueRequired\":true,\"valueName\":\"search_term_string\"}}],\"inLanguage\":\"fr-FR\"},{\"@type\":\"Organization\",\"@id\":\"https:\\\/\\\/www.icy.nl\\\/fr\\\/#organization\",\"name\":\"I.C.Y. B.V.\",\"url\":\"https:\\\/\\\/www.icy.nl\\\/fr\\\/\",\"logo\":{\"@type\":\"ImageObject\",\"inLanguage\":\"fr-FR\",\"@id\":\"https:\\\/\\\/www.icy.nl\\\/fr\\\/#\\\/schema\\\/logo\\\/image\\\/\",\"url\":\"https:\\\/\\\/www.icy.nl\\\/wp-content\\\/uploads\\\/2016\\\/11\\\/logo-icy.jpg\",\"contentUrl\":\"https:\\\/\\\/www.icy.nl\\\/wp-content\\\/uploads\\\/2016\\\/11\\\/logo-icy.jpg\",\"width\":400,\"height\":101,\"caption\":\"I.C.Y. B.V.\"},\"image\":{\"@id\":\"https:\\\/\\\/www.icy.nl\\\/fr\\\/#\\\/schema\\\/logo\\\/image\\\/\"}}]}<\/script>\n<!-- \/ Yoast SEO plugin. -->","yoast_head_json":{"title":"Recharge de voitures \u00e9lectriques au camping - ICY","robots":{"index":"index","follow":"follow","max-snippet":"max-snippet:-1","max-image-preview":"max-image-preview:large","max-video-preview":"max-video-preview:-1"},"canonical":"https:\/\/www.icy.nl\/fr\/recharge-de-voitures-electriques-au-camping\/","og_locale":"fr_FR","og_type":"article","og_title":"Recharge de voitures \u00e9lectriques au camping - ICY","og_description":"De plus en plus de personnes conduisent des voitures \u00e9lectriques ou hybrides. Ces appareils doivent \u00e9galement \u00eatre recharg\u00e9s pendant les vacances et, \u00e0 cet effet, le raccordement \u00e9lectrique normal du camping ou de la maison de vacances est souvent utilis\u00e9. Cela est souvent inclus dans le prix de la nuit\u00e9e. Comment g\u00e9rez-vous cela en tant [&hellip;]","og_url":"https:\/\/www.icy.nl\/fr\/recharge-de-voitures-electriques-au-camping\/","og_site_name":"ICY","og_image":[{"width":1200,"height":349,"url":"https:\/\/www.icy.nl\/wp-content\/uploads\/2022\/07\/ev-charging-laadkabel-cable-de-recharge-1.jpg","type":"image\/jpeg"}],"twitter_card":"summary_large_image","twitter_misc":{"Dur\u00e9e de lecture estim\u00e9e":"1 minute"},"schema":{"@context":"https:\/\/schema.org","@graph":[{"@type":"WebPage","@id":"https:\/\/www.icy.nl\/fr\/recharge-de-voitures-electriques-au-camping\/","url":"https:\/\/www.icy.nl\/fr\/recharge-de-voitures-electriques-au-camping\/","name":"Recharge de voitures \u00e9lectriques au camping - ICY","isPartOf":{"@id":"https:\/\/www.icy.nl\/fr\/#website"},"primaryImageOfPage":{"@id":"https:\/\/www.icy.nl\/fr\/recharge-de-voitures-electriques-au-camping\/#primaryimage"},"image":{"@id":"https:\/\/www.icy.nl\/fr\/recharge-de-voitures-electriques-au-camping\/#primaryimage"},"thumbnailUrl":"https:\/\/www.icy.nl\/wp-content\/uploads\/2022\/07\/ev-charging-laadkabel-cable-de-recharge-1.jpg","datePublished":"2025-01-14T13:29:04+00:00","breadcrumb":{"@id":"https:\/\/www.icy.nl\/fr\/recharge-de-voitures-electriques-au-camping\/#breadcrumb"},"inLanguage":"fr-FR","potentialAction":[{"@type":"ReadAction","target":["https:\/\/www.icy.nl\/fr\/recharge-de-voitures-electriques-au-camping\/"]}]},{"@type":"ImageObject","inLanguage":"fr-FR","@id":"https:\/\/www.icy.nl\/fr\/recharge-de-voitures-electriques-au-camping\/#primaryimage","url":"https:\/\/www.icy.nl\/wp-content\/uploads\/2022\/07\/ev-charging-laadkabel-cable-de-recharge-1.jpg","contentUrl":"https:\/\/www.icy.nl\/wp-content\/uploads\/2022\/07\/ev-charging-laadkabel-cable-de-recharge-1.jpg","width":1200,"height":349},{"@type":"BreadcrumbList","@id":"https:\/\/www.icy.nl\/fr\/recharge-de-voitures-electriques-au-camping\/#breadcrumb","itemListElement":[{"@type":"ListItem","position":1,"name":"Home","item":"https:\/\/www.icy.nl\/fr\/"},{"@type":"ListItem","position":2,"name":"Recharge de voitures \u00e9lectriques au camping"}]},{"@type":"WebSite","@id":"https:\/\/www.icy.nl\/fr\/#website","url":"https:\/\/www.icy.nl\/fr\/","name":"ICY","description":"Smartmotica solutions","publisher":{"@id":"https:\/\/www.icy.nl\/fr\/#organization"},"potentialAction":[{"@type":"SearchAction","target":{"@type":"EntryPoint","urlTemplate":"https:\/\/www.icy.nl\/fr\/?s={search_term_string}"},"query-input":{"@type":"PropertyValueSpecification","valueRequired":true,"valueName":"search_term_string"}}],"inLanguage":"fr-FR"},{"@type":"Organization","@id":"https:\/\/www.icy.nl\/fr\/#organization","name":"I.C.Y. B.V.","url":"https:\/\/www.icy.nl\/fr\/","logo":{"@type":"ImageObject","inLanguage":"fr-FR","@id":"https:\/\/www.icy.nl\/fr\/#\/schema\/logo\/image\/","url":"https:\/\/www.icy.nl\/wp-content\/uploads\/2016\/11\/logo-icy.jpg","contentUrl":"https:\/\/www.icy.nl\/wp-content\/uploads\/2016\/11\/logo-icy.jpg","width":400,"height":101,"caption":"I.C.Y. B.V."},"image":{"@id":"https:\/\/www.icy.nl\/fr\/#\/schema\/logo\/image\/"}}]}},"coauthors":[],"author_meta":{"author_link":"https:\/\/www.icy.nl\/fr\/author\/daniel\/","display_name":"Daniel van de Kamp"},"relative_dates":{"created":"Publi\u00e9 1 an il y a","modified":"Mis \u00e0 jour 1 an il y a"},"absolute_dates":{"created":"Publi\u00e9 le 14 janvier 2025","modified":"Mise \u00e0 jour le 14 janvier 2025"},"absolute_dates_time":{"created":"Publi\u00e9 le 14 janvier 2025 14h29","modified":"Mise \u00e0 jour le 14 janvier 2025 14h29"},"featured_img_caption":"","featured_img":"https:\/\/www.icy.nl\/wp-content\/uploads\/2022\/07\/ev-charging-laadkabel-cable-de-recharge-1.jpg","series_order":"","_links":{"self":[{"href":"https:\/\/www.icy.nl\/fr\/wp-json\/wp\/v2\/pages\/57700","targetHints":{"allow":["GET"]}}],"collection":[{"href":"https:\/\/www.icy.nl\/fr\/wp-json\/wp\/v2\/pages"}],"about":[{"href":"https:\/\/www.icy.nl\/fr\/wp-json\/wp\/v2\/types\/page"}],"author":[{"embeddable":true,"href":"https:\/\/www.icy.nl\/fr\/wp-json\/wp\/v2\/users\/2946"}],"replies":[{"embeddable":true,"href":"https:\/\/www.icy.nl\/fr\/wp-json\/wp\/v2\/comments?post=57700"}],"version-history":[{"count":1,"href":"https:\/\/www.icy.nl\/fr\/wp-json\/wp\/v2\/pages\/57700\/revisions"}],"predecessor-version":[{"id":57701,"href":"https:\/\/www.icy.nl\/fr\/wp-json\/wp\/v2\/pages\/57700\/revisions\/57701"}],"wp:featuredmedia":[{"embeddable":true,"href":"https:\/\/www.icy.nl\/fr\/wp-json\/wp\/v2\/media\/45362"}],"wp:attachment":[{"href":"https:\/\/www.icy.nl\/fr\/wp-json\/wp\/v2\/media?parent=57700"}],"curies":[{"name":"wp","href":"https:\/\/api.w.org\/{rel}","templated":true}]}}