{"id":57707,"date":"2025-01-14T14:32:38","date_gmt":"2025-01-14T13:32:38","guid":{"rendered":"https:\/\/www.icy.nl\/consommation-de-gaz-reduite-dans-une-maison-de-vacances\/"},"modified":"2025-01-14T14:32:38","modified_gmt":"2025-01-14T13:32:38","slug":"consommation-de-gaz-reduite-dans-une-maison-de-vacances","status":"publish","type":"page","link":"https:\/\/www.icy.nl\/fr\/consommation-de-gaz-reduite-dans-une-maison-de-vacances\/","title":{"rendered":"Consommation de gaz r\u00e9duite dans une maison de vacances"},"content":{"rendered":"\n<p>Alors que les prix du gaz montent en fl\u00e8che et ne devraient cesser d\u2019augmenter dans les mois \u00e0 venir, il est essentiel pour les propri\u00e9taires de maisons de vacances de r\u00e9duire leur consommation de gaz. Avec le <a href=\"https:\/\/www.icy.nl\/fr\/produit\/icy1845tt-timer-thermostat\/\">thermostat<\/a> \u00e0 \u00e9conomie d&rsquo;\u00e9nergie d&rsquo;ICY, vous consommerez imm\u00e9diatement moins. La d\u00e9tection de pr\u00e9sence garantit que le chauffage ne soit jamais allum\u00e9 inutilement dans votre appartement ou votre maison de vacances. En l&rsquo;absence du locataire ou lorsqu&rsquo;il n&rsquo;y a pas de r\u00e9servation, le thermostat passe automatiquement \u00e0 une temp\u00e9rature plus basse. Au prix normal du gaz, ce thermostat est g\u00e9n\u00e9ralement rentabilis\u00e9 en 2 ans. Avec les prix actuels du gaz, vous aurez r\u00e9cup\u00e9r\u00e9 le prix d\u2019achat en une seule saison de chauffage.      <\/p>\n\n<p># Economie de gaz, \u00e9conomie d&rsquo;\u00e9nergie, maison de vacances, maison de vacances, moins de consommation de gaz, parc de vacances, chalet, h\u00e9bergement locatif.<\/p>\n","protected":false},"excerpt":{"rendered":"<p>Alors que les prix du gaz montent en fl\u00e8che et ne devraient cesser d\u2019augmenter dans les mois \u00e0 venir, il est essentiel pour les propri\u00e9taires de maisons de vacances de r\u00e9duire leur consommation de gaz. Avec le thermostat \u00e0 \u00e9conomie d&rsquo;\u00e9nergie d&rsquo;ICY, vous consommerez imm\u00e9diatement moins. La d\u00e9tection de pr\u00e9sence garantit que le chauffage ne [&hellip;]<\/p>\n","protected":false},"author":2946,"featured_media":0,"parent":0,"menu_order":0,"comment_status":"closed","ping_status":"closed","template":"","meta":{"advgb_blocks_editor_width":"","advgb_blocks_columns_visual_guide":"","_genesis_hide_title":false,"_genesis_hide_breadcrumbs":false,"_genesis_hide_singular_image":false,"_genesis_hide_footer_widgets":false,"_genesis_custom_body_class":"","_genesis_custom_post_class":"","_genesis_layout":"","footnotes":""},"class_list":{"0":"post-57707","1":"page","2":"type-page","3":"status-publish","5":"entry"},"yoast_head":"<!-- This site is optimized with the Yoast SEO plugin v27.4 - https:\/\/yoast.com\/product\/yoast-seo-wordpress\/ -->\n<title>Consommation de gaz r\u00e9duite dans une maison de vacances - ICY<\/title>\n<meta name=\"robots\" content=\"index, follow, max-snippet:-1, max-image-preview:large, max-video-preview:-1\" \/>\n<link rel=\"canonical\" href=\"https:\/\/www.icy.nl\/fr\/consommation-de-gaz-reduite-dans-une-maison-de-vacances\/\" \/>\n<meta property=\"og:locale\" content=\"fr_FR\" \/>\n<meta property=\"og:type\" content=\"article\" \/>\n<meta property=\"og:title\" content=\"Consommation de gaz r\u00e9duite dans une maison de vacances - ICY\" \/>\n<meta property=\"og:description\" content=\"Alors que les prix du gaz montent en fl\u00e8che et ne devraient cesser d\u2019augmenter dans les mois \u00e0 venir, il est essentiel pour les propri\u00e9taires de maisons de vacances de r\u00e9duire leur consommation de gaz. Avec le thermostat \u00e0 \u00e9conomie d&rsquo;\u00e9nergie d&rsquo;ICY, vous consommerez imm\u00e9diatement moins. La d\u00e9tection de pr\u00e9sence garantit que le chauffage ne [&hellip;]\" \/>\n<meta property=\"og:url\" content=\"https:\/\/www.icy.nl\/fr\/consommation-de-gaz-reduite-dans-une-maison-de-vacances\/\" \/>\n<meta property=\"og:site_name\" content=\"ICY\" \/>\n<meta name=\"twitter:card\" content=\"summary_large_image\" \/>\n<meta name=\"twitter:label1\" content=\"Dur\u00e9e de lecture estim\u00e9e\" \/>\n\t<meta name=\"twitter:data1\" content=\"1 minute\" \/>\n<script type=\"application\/ld+json\" class=\"yoast-schema-graph\">{\"@context\":\"https:\\\/\\\/schema.org\",\"@graph\":[{\"@type\":\"WebPage\",\"@id\":\"https:\\\/\\\/www.icy.nl\\\/fr\\\/consommation-de-gaz-reduite-dans-une-maison-de-vacances\\\/\",\"url\":\"https:\\\/\\\/www.icy.nl\\\/fr\\\/consommation-de-gaz-reduite-dans-une-maison-de-vacances\\\/\",\"name\":\"Consommation de gaz r\u00e9duite dans une maison de vacances - ICY\",\"isPartOf\":{\"@id\":\"https:\\\/\\\/www.icy.nl\\\/fr\\\/#website\"},\"datePublished\":\"2025-01-14T13:32:38+00:00\",\"breadcrumb\":{\"@id\":\"https:\\\/\\\/www.icy.nl\\\/fr\\\/consommation-de-gaz-reduite-dans-une-maison-de-vacances\\\/#breadcrumb\"},\"inLanguage\":\"fr-FR\",\"potentialAction\":[{\"@type\":\"ReadAction\",\"target\":[\"https:\\\/\\\/www.icy.nl\\\/fr\\\/consommation-de-gaz-reduite-dans-une-maison-de-vacances\\\/\"]}]},{\"@type\":\"BreadcrumbList\",\"@id\":\"https:\\\/\\\/www.icy.nl\\\/fr\\\/consommation-de-gaz-reduite-dans-une-maison-de-vacances\\\/#breadcrumb\",\"itemListElement\":[{\"@type\":\"ListItem\",\"position\":1,\"name\":\"Home\",\"item\":\"https:\\\/\\\/www.icy.nl\\\/fr\\\/\"},{\"@type\":\"ListItem\",\"position\":2,\"name\":\"Consommation de gaz r\u00e9duite dans une maison de vacances\"}]},{\"@type\":\"WebSite\",\"@id\":\"https:\\\/\\\/www.icy.nl\\\/fr\\\/#website\",\"url\":\"https:\\\/\\\/www.icy.nl\\\/fr\\\/\",\"name\":\"ICY\",\"description\":\"Smartmotica solutions\",\"publisher\":{\"@id\":\"https:\\\/\\\/www.icy.nl\\\/fr\\\/#organization\"},\"potentialAction\":[{\"@type\":\"SearchAction\",\"target\":{\"@type\":\"EntryPoint\",\"urlTemplate\":\"https:\\\/\\\/www.icy.nl\\\/fr\\\/?s={search_term_string}\"},\"query-input\":{\"@type\":\"PropertyValueSpecification\",\"valueRequired\":true,\"valueName\":\"search_term_string\"}}],\"inLanguage\":\"fr-FR\"},{\"@type\":\"Organization\",\"@id\":\"https:\\\/\\\/www.icy.nl\\\/fr\\\/#organization\",\"name\":\"I.C.Y. B.V.\",\"url\":\"https:\\\/\\\/www.icy.nl\\\/fr\\\/\",\"logo\":{\"@type\":\"ImageObject\",\"inLanguage\":\"fr-FR\",\"@id\":\"https:\\\/\\\/www.icy.nl\\\/fr\\\/#\\\/schema\\\/logo\\\/image\\\/\",\"url\":\"https:\\\/\\\/www.icy.nl\\\/wp-content\\\/uploads\\\/2016\\\/11\\\/logo-icy.jpg\",\"contentUrl\":\"https:\\\/\\\/www.icy.nl\\\/wp-content\\\/uploads\\\/2016\\\/11\\\/logo-icy.jpg\",\"width\":400,\"height\":101,\"caption\":\"I.C.Y. B.V.\"},\"image\":{\"@id\":\"https:\\\/\\\/www.icy.nl\\\/fr\\\/#\\\/schema\\\/logo\\\/image\\\/\"}}]}<\/script>\n<!-- \/ Yoast SEO plugin. -->","yoast_head_json":{"title":"Consommation de gaz r\u00e9duite dans une maison de vacances - ICY","robots":{"index":"index","follow":"follow","max-snippet":"max-snippet:-1","max-image-preview":"max-image-preview:large","max-video-preview":"max-video-preview:-1"},"canonical":"https:\/\/www.icy.nl\/fr\/consommation-de-gaz-reduite-dans-une-maison-de-vacances\/","og_locale":"fr_FR","og_type":"article","og_title":"Consommation de gaz r\u00e9duite dans une maison de vacances - ICY","og_description":"Alors que les prix du gaz montent en fl\u00e8che et ne devraient cesser d\u2019augmenter dans les mois \u00e0 venir, il est essentiel pour les propri\u00e9taires de maisons de vacances de r\u00e9duire leur consommation de gaz. Avec le thermostat \u00e0 \u00e9conomie d&rsquo;\u00e9nergie d&rsquo;ICY, vous consommerez imm\u00e9diatement moins. La d\u00e9tection de pr\u00e9sence garantit que le chauffage ne [&hellip;]","og_url":"https:\/\/www.icy.nl\/fr\/consommation-de-gaz-reduite-dans-une-maison-de-vacances\/","og_site_name":"ICY","twitter_card":"summary_large_image","twitter_misc":{"Dur\u00e9e de lecture estim\u00e9e":"1 minute"},"schema":{"@context":"https:\/\/schema.org","@graph":[{"@type":"WebPage","@id":"https:\/\/www.icy.nl\/fr\/consommation-de-gaz-reduite-dans-une-maison-de-vacances\/","url":"https:\/\/www.icy.nl\/fr\/consommation-de-gaz-reduite-dans-une-maison-de-vacances\/","name":"Consommation de gaz r\u00e9duite dans une maison de vacances - ICY","isPartOf":{"@id":"https:\/\/www.icy.nl\/fr\/#website"},"datePublished":"2025-01-14T13:32:38+00:00","breadcrumb":{"@id":"https:\/\/www.icy.nl\/fr\/consommation-de-gaz-reduite-dans-une-maison-de-vacances\/#breadcrumb"},"inLanguage":"fr-FR","potentialAction":[{"@type":"ReadAction","target":["https:\/\/www.icy.nl\/fr\/consommation-de-gaz-reduite-dans-une-maison-de-vacances\/"]}]},{"@type":"BreadcrumbList","@id":"https:\/\/www.icy.nl\/fr\/consommation-de-gaz-reduite-dans-une-maison-de-vacances\/#breadcrumb","itemListElement":[{"@type":"ListItem","position":1,"name":"Home","item":"https:\/\/www.icy.nl\/fr\/"},{"@type":"ListItem","position":2,"name":"Consommation de gaz r\u00e9duite dans une maison de vacances"}]},{"@type":"WebSite","@id":"https:\/\/www.icy.nl\/fr\/#website","url":"https:\/\/www.icy.nl\/fr\/","name":"ICY","description":"Smartmotica solutions","publisher":{"@id":"https:\/\/www.icy.nl\/fr\/#organization"},"potentialAction":[{"@type":"SearchAction","target":{"@type":"EntryPoint","urlTemplate":"https:\/\/www.icy.nl\/fr\/?s={search_term_string}"},"query-input":{"@type":"PropertyValueSpecification","valueRequired":true,"valueName":"search_term_string"}}],"inLanguage":"fr-FR"},{"@type":"Organization","@id":"https:\/\/www.icy.nl\/fr\/#organization","name":"I.C.Y. B.V.","url":"https:\/\/www.icy.nl\/fr\/","logo":{"@type":"ImageObject","inLanguage":"fr-FR","@id":"https:\/\/www.icy.nl\/fr\/#\/schema\/logo\/image\/","url":"https:\/\/www.icy.nl\/wp-content\/uploads\/2016\/11\/logo-icy.jpg","contentUrl":"https:\/\/www.icy.nl\/wp-content\/uploads\/2016\/11\/logo-icy.jpg","width":400,"height":101,"caption":"I.C.Y. B.V."},"image":{"@id":"https:\/\/www.icy.nl\/fr\/#\/schema\/logo\/image\/"}}]}},"coauthors":[],"author_meta":{"author_link":"https:\/\/www.icy.nl\/fr\/author\/daniel\/","display_name":"Daniel van de Kamp"},"relative_dates":{"created":"Publi\u00e9 1 an il y a","modified":"Mis \u00e0 jour 1 an il y a"},"absolute_dates":{"created":"Publi\u00e9 le 14 janvier 2025","modified":"Mise \u00e0 jour le 14 janvier 2025"},"absolute_dates_time":{"created":"Publi\u00e9 le 14 janvier 2025 14h32","modified":"Mise \u00e0 jour le 14 janvier 2025 14h32"},"featured_img_caption":"","featured_img":false,"series_order":"","_links":{"self":[{"href":"https:\/\/www.icy.nl\/fr\/wp-json\/wp\/v2\/pages\/57707","targetHints":{"allow":["GET"]}}],"collection":[{"href":"https:\/\/www.icy.nl\/fr\/wp-json\/wp\/v2\/pages"}],"about":[{"href":"https:\/\/www.icy.nl\/fr\/wp-json\/wp\/v2\/types\/page"}],"author":[{"embeddable":true,"href":"https:\/\/www.icy.nl\/fr\/wp-json\/wp\/v2\/users\/2946"}],"replies":[{"embeddable":true,"href":"https:\/\/www.icy.nl\/fr\/wp-json\/wp\/v2\/comments?post=57707"}],"version-history":[{"count":1,"href":"https:\/\/www.icy.nl\/fr\/wp-json\/wp\/v2\/pages\/57707\/revisions"}],"predecessor-version":[{"id":57708,"href":"https:\/\/www.icy.nl\/fr\/wp-json\/wp\/v2\/pages\/57707\/revisions\/57708"}],"wp:attachment":[{"href":"https:\/\/www.icy.nl\/fr\/wp-json\/wp\/v2\/media?parent=57707"}],"curies":[{"name":"wp","href":"https:\/\/api.w.org\/{rel}","templated":true}]}}