{"id":57723,"date":"2025-01-14T15:01:29","date_gmt":"2025-01-14T14:01:29","guid":{"rendered":"https:\/\/www.icy.nl\/declaration-de-confidentialite-et-de-cookies-i-c-y-b-v\/"},"modified":"2025-01-17T16:39:45","modified_gmt":"2025-01-17T15:39:45","slug":"declaration-de-confidentialite-et-de-cookies-i-c-y-b-v","status":"publish","type":"page","link":"https:\/\/www.icy.nl\/fr\/declaration-de-confidentialite-et-de-cookies-i-c-y-b-v\/","title":{"rendered":"D\u00e9claration de confidentialit\u00e9 et de cookies I.C.Y. B.V."},"content":{"rendered":"\n<p><em>17 ao\u00fbt 2023<\/em><\/p>\n\n\n\n<p>Votre vie priv\u00e9e est importante pour I.C.Y. B.V.. Nous respectons donc les lois et r\u00e9glementations en vigueur en mati\u00e8re de confidentialit\u00e9, y compris le r\u00e8glement g\u00e9n\u00e9ral sur la protection des donn\u00e9es. Cela signifie que nous :<\/p>\n\n\n\n<ul class=\"wp-block-list\">\n<li><strong>\u00c9noncer clairement nos finalit\u00e9s<\/strong> avant de traiter vos donn\u00e9es personnelles, par le biais de la pr\u00e9sente d\u00e9claration de confidentialit\u00e9 ;<\/li>\n\n\n\n<li><strong>Stocker le moins de donn\u00e9es personnelles possible<\/strong> et uniquement les donn\u00e9es n\u00e9cessaires \u00e0 nos fins.<\/li>\n\n\n\n<li><strong>Demander explicitement le consentement<\/strong> au traitement de vos donn\u00e9es personnelles, si le consentement est requis.<\/li>\n\n\n\n<li><strong>Prenez les mesures de s\u00e9curit\u00e9 n\u00e9cessaires<\/strong> pour prot\u00e9ger vos donn\u00e9es personnelles. Nous imposons \u00e9galement ces obligations aux parties qui traitent des donn\u00e9es personnelles pour nous. <\/li>\n\n\n\n<li><strong>Respectez vos droits<\/strong>, tels que le droit d\u2019acc\u00e8s, de rectification ou de suppression de vos donn\u00e9es personnelles trait\u00e9es par nous.<\/li>\n<\/ul>\n\n\n\n<p>Vos donn\u00e9es sont en s\u00e9curit\u00e9 chez nous et nous les utiliserons toujours correctement. Dans cette d\u00e9claration de confidentialit\u00e9, nous expliquons ce que nous faisons sur le site Web du centre de contr\u00f4le ICY avec les informations que nous apprenons \u00e0 votre sujet. <\/p>\n\n\n\n<p>Si vous avez des questions ou souhaitez savoir exactement quelles informations nous conservons \u00e0 votre sujet, veuillez contacter I.C.Y. B.V..<\/p>\n\n\n\n<h3 class=\"wp-block-heading\"><strong>Commande de processus<\/strong><\/h3>\n\n\n\n<p>Lorsque vous passez une commande chez nous, nous utilisons vos donn\u00e9es personnelles pour la traiter correctement. Nous pouvons ensuite fournir vos donn\u00e9es personnelles \u00e0 notre service de livraison pour que la commande vous soit livr\u00e9e. Nous recevons \u00e9galement des informations sur votre paiement de la part de votre banque ou de votre soci\u00e9t\u00e9 de carte de cr\u00e9dit.  <\/p>\n\n\n\n<p>\u00c0 cette fin, nous utilisons votre nom et vos coordonn\u00e9es, vos informations de paiement, votre adresse IP, votre adresse de facturation, votre num\u00e9ro de t\u00e9l\u00e9phone et votre adresse e-mail. Nous en avons besoin en raison du contrat que nous concluons avec vous. Nous conservons ces informations jusqu&rsquo;\u00e0 ce que votre commande soit termin\u00e9e. Nous conservons certaines donn\u00e9es clients pendant une p\u00e9riode plus longue dans le cadre de l&rsquo;obligation l\u00e9gale de conservation fiscale.   <\/p>\n\n\n\n<h3 class=\"wp-block-heading\"><strong>Formulaire de contact<\/strong><\/h3>\n\n\n\n<p>Vous pouvez utiliser le formulaire de contact pour nous poser des questions ou faire des demandes.<\/p>\n\n\n\n<p>\u00c0 cette fin, nous utilisons votre adresse e-mail et les donn\u00e9es indiqu\u00e9es dans le formulaire de contact, votre adresse IP ainsi que vos nom et adresse. Nous le faisons sur la base de votre consentement. Nous conserverons ces informations jusqu&rsquo;\u00e0 ce que nous soyons s\u00fbrs que vous \u00eates satisfait de notre r\u00e9ponse.  <\/p>\n\n\n\n<h3 class=\"wp-block-heading\"><strong>Effectuer des achats int\u00e9gr\u00e9s<\/strong><\/h3>\n\n\n\n<p>Vous pouvez acheter des articles sur notre site Web et\/ou sur l&rsquo;application ICY Control Center, o\u00f9 nous utilisons vos donn\u00e9es personnelles pour traiter et enregistrer l&rsquo;achat.<\/p>\n\n\n\n<p>\u00c0 cette fin, nous utilisons votre num\u00e9ro de t\u00e9l\u00e9phone, votre nom et vos coordonn\u00e9es, votre adresse IP, votre adresse de facturation, vos informations de paiement et votre adresse e-mail. Nous en avons besoin en raison du contrat que nous concluons avec vous. Nous conservons ces informations jusqu&rsquo;\u00e0 ce que votre commande soit termin\u00e9e. Nous conservons certaines donn\u00e9es clients pendant une p\u00e9riode plus longue dans le cadre de l&rsquo;obligation l\u00e9gale de conservation fiscale.   <\/p>\n\n\n\n<h3 class=\"wp-block-heading\"><strong>Acheter des cr\u00e9dits<\/strong><\/h3>\n\n\n\n<p>Certaines choses au centre de contr\u00f4le ICY fonctionnent avec des cr\u00e9dits, que vous devez acheter \u00e0 l&rsquo;avance, et nous utilisons vos donn\u00e9es personnelles pour traiter l&rsquo;achat et enregistrer les cr\u00e9dits.<\/p>\n\n\n\n<p>\u00c0 cette fin, nous utilisons votre adresse de facturation, votre adresse IP, votre adresse e-mail, vos informations de paiement, votre num\u00e9ro de t\u00e9l\u00e9phone ainsi que votre nom et votre adresse. Nous en avons besoin en raison du contrat que nous concluons avec vous. Nous conservons ces informations jusqu&rsquo;\u00e0 ce que votre commande soit termin\u00e9e. Nous conservons certaines donn\u00e9es clients pendant une p\u00e9riode plus longue dans le cadre de l&rsquo;obligation l\u00e9gale de conservation fiscale.   <\/p>\n\n\n\n<h3 class=\"wp-block-heading\"><strong>Envoi de newsletters<\/strong><\/h3>\n\n\n\n<p>Nous avons une newsletter et vous ne serez ajout\u00e9 \u00e0 la liste des abonn\u00e9s qu&rsquo;avec votre permission. Dans la newsletter, vous pouvez lire des nouvelles, des conseils et des informations sur nos produits et services. <\/p>\n\n\n\n<p>Nous utilisons votre nom, votre adresse et votre adresse e-mail \u00e0 cette fin. Nous le faisons sur la base de votre consentement. Nous conservons ces informations jusqu&rsquo;\u00e0 ce que vous annuliez votre abonnement.  <\/p>\n\n\n\n<p>Vous pouvez annuler votre abonnement \u00e0 la newsletter \u00e0 tout moment. Chaque newsletter contient un lien de d\u00e9sinscription. <\/p>\n\n\n\n<h3 class=\"wp-block-heading\"><strong>Abonner<\/strong><\/h3>\n\n\n\n<p>Vous pouvez souscrire un abonnement payant avec notre application ICY Control Center, auquel cas nous utiliserons vos donn\u00e9es personnelles pour traiter le paiement.<\/p>\n\n\n\n<p>\u00c0 cette fin, nous utilisons votre num\u00e9ro de t\u00e9l\u00e9phone, votre adresse IP, votre nom et vos coordonn\u00e9es, vos informations de paiement, votre adresse de facturation et votre adresse e-mail. Nous le faisons sur la base de votre consentement. Nous conservons ces informations jusqu&rsquo;\u00e0 ce que vous annuliez votre abonnement. Nous conservons certaines donn\u00e9es clients pendant une p\u00e9riode plus longue dans le cadre de l&rsquo;obligation l\u00e9gale de conservation fiscale.   <\/p>\n\n\n\n<h3 class=\"wp-block-heading\"><strong>Acc\u00e9der \u00e0 l&rsquo;application<\/strong><\/h3>\n\n\n\n<p>Avec notre application, vous avez acc\u00e8s \u00e0 un environnement de gestion dans lequel vous pouvez d\u00e9finir, sp\u00e9cifier et modifier vous-m\u00eame des \u00e9l\u00e9ments pour le centre de contr\u00f4le ICY. Nous gardons une trace de ce que vous avez fait et quand, afin d&rsquo;en avoir la preuve.  <\/p>\n\n\n\n<p>\u00c0 cette fin, nous utilisons votre adresse e-mail, votre nom, vos coordonn\u00e9es et votre adresse IP. Nous le faisons sur la base de votre consentement. Nous conservons ces informations jusqu&rsquo;\u00e0 la fin de notre prestation de services.  <\/p>\n\n\n\n<h3 class=\"wp-block-heading\"><strong>Votre compte<\/strong><\/h3>\n\n\n\n<p>Certaines parties de notre site Web et de notre application n\u00e9cessitent une inscription pr\u00e9alable. Vous devrez ensuite fournir des informations vous concernant et choisir un nom d&rsquo;utilisateur. Nous l&rsquo;utiliserons pour cr\u00e9er un compte, auquel vous pourrez vous connecter en utilisant ce nom d&rsquo;utilisateur et un mot de passe de votre choix.  <\/p>\n\n\n\n<p>\u00c0 cette fin, nous utilisons votre adresse e-mail, votre adresse de facturation, vos informations de paiement ainsi que votre nom et votre adresse. Nous en avons besoin en raison du contrat que nous concluons avec vous. Nous conservons ces informations jusqu&rsquo;\u00e0 ce que vous supprimiez votre compte.  <\/p>\n\n\n\n<p>Nous stockons ces informations afin que vous n&rsquo;ayez pas \u00e0 les remplir \u00e0 plusieurs reprises et afin que nous puissions vous contacter plus facilement si n\u00e9cessaire sur le site Web. Vous pouvez modifier les informations via votre compte \u00e0 tout moment. <\/p>\n\n\n\n<h3 class=\"wp-block-heading\"><strong>Publicit\u00e9<\/strong><\/h3>\n\n\n\n<p>Nous souhaitons vous envoyer des publicit\u00e9s sur des offres et de nouveaux produits ou services. Voil\u00e0 ce que nous faisons : <\/p>\n\n\n\n<ul class=\"wp-block-list\">\n<li>par email<\/li>\n<\/ul>\n\n\n\n<p>Vous pouvez vous opposer \u00e0 cette publicit\u00e9 \u00e0 tout moment. Chaque email contient un lien de d\u00e9sinscription. Vous pouvez \u00e9galement le signaler via votre compte. Vous pouvez \u00e9galement le signaler via le portail.   <\/p>\n\n\n\n<h3 class=\"wp-block-heading\"><strong>Mise \u00e0 disposition d&rsquo;autres entreprises ou institutions<\/strong><\/h3>\n\n\n\n<p>\u00c0 l&rsquo;exception des parties mentionn\u00e9es ci-dessus, nous ne communiquerons en aucun cas vos donn\u00e9es personnelles \u00e0 d&rsquo;autres soci\u00e9t\u00e9s ou institutions, sauf si nous y sommes l\u00e9galement oblig\u00e9s (par exemple, si la police l&rsquo;exige en cas de suspicion d&rsquo;un crime).<\/p>\n\n\n\n<h3 class=\"wp-block-heading\"><strong>Statistiques<\/strong><\/h3>\n\n\n\n<p>Nous conservons des statistiques sur l&rsquo;utilisation de notre site Web, mais ces donn\u00e9es sont toujours anonymis\u00e9es.<\/p>\n\n\n\n<h3 class=\"wp-block-heading\"><strong>Cookies<\/strong><\/h3>\n\n\n\n<p>Notre site Web utilise des cookies. Les cookies sont de petits fichiers dans lesquels nous pouvons stocker des informations afin que vous n&rsquo;ayez pas \u00e0 les remplir \u00e0 chaque fois. Mais nous pouvons \u00e9galement l&rsquo;utiliser pour voir que vous nous rendez visite \u00e0 nouveau.  <\/p>\n\n\n\n<p>Lorsque vous visitez notre site Web pour la premi\u00e8re fois, nous vous afficherons une notification expliquant les cookies. Nous vous demanderons par la pr\u00e9sente votre consentement \u00e0 l&rsquo;utilisation de ces cookies. <\/p>\n\n\n\n<p>Vous pouvez d\u00e9sactiver le placement de cookies via votre navigateur, mais certaines parties de notre site Web ne fonctionneront alors plus correctement.<\/p>\n\n\n\n<h3 class=\"wp-block-heading\"><strong>S\u00e9curit\u00e9<\/strong><\/h3>\n\n\n\n<p>La s\u00e9curit\u00e9 des donn\u00e9es personnelles est d\u2019une grande importance pour nous. Nous veillons \u00e0 ce que vos donn\u00e9es soient correctement s\u00e9curis\u00e9es chez nous. Nous adaptons constamment la s\u00e9curit\u00e9 et pr\u00eatons une attention particuli\u00e8re \u00e0 ce qui pourrait mal se passer.  <\/p>\n\n\n\n<h3 class=\"wp-block-heading\"><strong>Modifications apport\u00e9es \u00e0 la pr\u00e9sente d\u00e9claration de confidentialit\u00e9<\/strong><\/h3>\n\n\n\n<p>Lorsque notre site Web change, nous devons bien entendu \u00e9galement adapter la d\u00e9claration de confidentialit\u00e9. Faites donc toujours attention \u00e0 la date ci-dessus et v\u00e9rifiez r\u00e9guli\u00e8rement les nouvelles versions. Nous ferons de notre mieux pour vous informer de tout changement.  <\/p>\n\n\n\n<h3 class=\"wp-block-heading\"><strong>Afficher, modifier et supprimer vos donn\u00e9es<\/strong><\/h3>\n\n\n\n<p>Si vous avez des questions ou souhaitez savoir quelles donn\u00e9es personnelles nous avons \u00e0 votre sujet, vous pouvez toujours nous contacter. Voir les coordonn\u00e9es ci-dessous. <\/p>\n\n\n\n<p>Vous disposez des droits suivants :<\/p>\n\n\n\n<ul class=\"wp-block-list\">\n<li><strong>Droit d\u2019acc\u00e8s :<\/strong> vous avez le droit d\u2019acc\u00e9der aux donn\u00e9es personnelles que nous traitons \u00e0 votre sujet.<\/li>\n\n\n\n<li><strong>Droit de rectification :<\/strong> vous avez le droit de corriger ou de compl\u00e9ter les donn\u00e9es personnelles que nous traitons \u00e0 votre sujet si elles sont inexactes ou incompl\u00e8tes.<\/li>\n\n\n\n<li><strong>Droit d\u2019opposition : <\/strong> vous pouvez vous opposer au traitement de vos donn\u00e9es personnelles et au marketing direct.<\/li>\n\n\n\n<li><strong>Droit \u00e0 l\u2019effacement :<\/strong> vous pouvez nous demander d\u2019effacer vos donn\u00e9es personnelles.<\/li>\n\n\n\n<li><strong>Droit \u00e0 la portabilit\u00e9 des donn\u00e9es :<\/strong> si cela est techniquement possible, vous avez le droit de faire transf\u00e9rer les donn\u00e9es personnelles que nous traitons \u00e0 votre sujet \u00e0 un tiers.<\/li>\n\n\n\n<li><strong>Droit \u00e0 la limitation du traitement :<\/strong> dans certains cas, vous pouvez demander que nous limitions le traitement de vos donn\u00e9es personnelles (temporairement ou non), ce qui signifie que nous traiterons moins de donn\u00e9es vous concernant.<\/li>\n<\/ul>\n\n\n\n<p>Lorsque vous soumettez votre demande, nous pouvons vous demander de vous identifier en envoyant une pi\u00e8ce d\u2019identit\u00e9 valide, afin de nous assurer que vous \u00eates la bonne personne \u00e0 qui appartiennent les donn\u00e9es personnelles. Il est important de prot\u00e9ger votre BSN et votre photo d&rsquo;identit\u00e9. <\/p>\n\n\n\n<p>Nous r\u00e9pondrons en principe \u00e0 votre demande dans un d\u00e9lai de 30 jours. Ce d\u00e9lai peut toutefois \u00eatre prolong\u00e9 pour des raisons tenant aux droits sp\u00e9cifiques des personnes concern\u00e9es ou \u00e0 la complexit\u00e9 de la demande. Si nous prolongeons ce d\u00e9lai, nous vous en informerons en temps utile.  <\/p>\n\n\n\n<h3 class=\"wp-block-heading\"><strong>D\u00e9poser une plainte<\/strong><\/h3>\n\n\n\n<p>Si vous estimez que nous ne vous aidons pas correctement, vous avez le droit de d\u00e9poser une plainte aupr\u00e8s de l\u2019autorit\u00e9 de contr\u00f4le. Il s&rsquo;agit de l&rsquo;Autorit\u00e9 n\u00e9erlandaise de protection des donn\u00e9es. <\/p>\n\n\n\n<h3 class=\"wp-block-heading\"><strong>Coordonn\u00e9es<\/strong><\/h3>\n\n\n\n<p>I.C.Y. B.V.<br>Houtsaachmole 35<br>8531WC Lemmer<br>iseewhy@icy.nl<br>+31(0)88-1231321<\/p>\n","protected":false},"excerpt":{"rendered":"<p>17 ao\u00fbt 2023 Votre vie priv\u00e9e est importante pour I.C.Y. B.V.. Nous respectons donc les lois et r\u00e9glementations en vigueur en mati\u00e8re de confidentialit\u00e9, y compris le r\u00e8glement g\u00e9n\u00e9ral sur la protection des donn\u00e9es. Cela signifie que nous : Vos donn\u00e9es sont en s\u00e9curit\u00e9 chez nous et nous les utiliserons toujours correctement. Dans cette d\u00e9claration [&hellip;]<\/p>\n","protected":false},"author":2946,"featured_media":0,"parent":0,"menu_order":0,"comment_status":"closed","ping_status":"closed","template":"","meta":{"advgb_blocks_editor_width":"","advgb_blocks_columns_visual_guide":"","_genesis_hide_title":false,"_genesis_hide_breadcrumbs":false,"_genesis_hide_singular_image":false,"_genesis_hide_footer_widgets":false,"_genesis_custom_body_class":"","_genesis_custom_post_class":"","_genesis_layout":"","footnotes":""},"class_list":{"0":"post-57723","1":"page","2":"type-page","3":"status-publish","5":"entry"},"yoast_head":"<!-- This site is optimized with the Yoast SEO plugin v27.4 - https:\/\/yoast.com\/product\/yoast-seo-wordpress\/ -->\n<title>D\u00e9claration de confidentialit\u00e9 et de cookies I.C.Y. B.V. - ICY<\/title>\n<meta name=\"robots\" content=\"index, follow, max-snippet:-1, max-image-preview:large, max-video-preview:-1\" \/>\n<link rel=\"canonical\" href=\"https:\/\/www.icy.nl\/fr\/declaration-de-confidentialite-et-de-cookies-i-c-y-b-v\/\" \/>\n<meta property=\"og:locale\" content=\"fr_FR\" \/>\n<meta property=\"og:type\" content=\"article\" \/>\n<meta property=\"og:title\" content=\"D\u00e9claration de confidentialit\u00e9 et de cookies I.C.Y. B.V. - ICY\" \/>\n<meta property=\"og:description\" content=\"17 ao\u00fbt 2023 Votre vie priv\u00e9e est importante pour I.C.Y. B.V.. Nous respectons donc les lois et r\u00e9glementations en vigueur en mati\u00e8re de confidentialit\u00e9, y compris le r\u00e8glement g\u00e9n\u00e9ral sur la protection des donn\u00e9es. Cela signifie que nous : Vos donn\u00e9es sont en s\u00e9curit\u00e9 chez nous et nous les utiliserons toujours correctement. Dans cette d\u00e9claration [&hellip;]\" \/>\n<meta property=\"og:url\" content=\"https:\/\/www.icy.nl\/fr\/declaration-de-confidentialite-et-de-cookies-i-c-y-b-v\/\" \/>\n<meta property=\"og:site_name\" content=\"ICY\" \/>\n<meta property=\"article:modified_time\" content=\"2025-01-17T15:39:45+00:00\" \/>\n<meta name=\"twitter:card\" content=\"summary_large_image\" \/>\n<meta name=\"twitter:label1\" content=\"Dur\u00e9e de lecture estim\u00e9e\" \/>\n\t<meta name=\"twitter:data1\" content=\"9 minutes\" \/>\n<script type=\"application\/ld+json\" class=\"yoast-schema-graph\">{\"@context\":\"https:\\\/\\\/schema.org\",\"@graph\":[{\"@type\":\"WebPage\",\"@id\":\"https:\\\/\\\/www.icy.nl\\\/fr\\\/declaration-de-confidentialite-et-de-cookies-i-c-y-b-v\\\/\",\"url\":\"https:\\\/\\\/www.icy.nl\\\/fr\\\/declaration-de-confidentialite-et-de-cookies-i-c-y-b-v\\\/\",\"name\":\"D\u00e9claration de confidentialit\u00e9 et de cookies I.C.Y. B.V. - ICY\",\"isPartOf\":{\"@id\":\"https:\\\/\\\/www.icy.nl\\\/fr\\\/#website\"},\"datePublished\":\"2025-01-14T14:01:29+00:00\",\"dateModified\":\"2025-01-17T15:39:45+00:00\",\"breadcrumb\":{\"@id\":\"https:\\\/\\\/www.icy.nl\\\/fr\\\/declaration-de-confidentialite-et-de-cookies-i-c-y-b-v\\\/#breadcrumb\"},\"inLanguage\":\"fr-FR\",\"potentialAction\":[{\"@type\":\"ReadAction\",\"target\":[\"https:\\\/\\\/www.icy.nl\\\/fr\\\/declaration-de-confidentialite-et-de-cookies-i-c-y-b-v\\\/\"]}]},{\"@type\":\"BreadcrumbList\",\"@id\":\"https:\\\/\\\/www.icy.nl\\\/fr\\\/declaration-de-confidentialite-et-de-cookies-i-c-y-b-v\\\/#breadcrumb\",\"itemListElement\":[{\"@type\":\"ListItem\",\"position\":1,\"name\":\"Home\",\"item\":\"https:\\\/\\\/www.icy.nl\\\/fr\\\/\"},{\"@type\":\"ListItem\",\"position\":2,\"name\":\"D\u00e9claration de confidentialit\u00e9 et de cookies I.C.Y. B.V.\"}]},{\"@type\":\"WebSite\",\"@id\":\"https:\\\/\\\/www.icy.nl\\\/fr\\\/#website\",\"url\":\"https:\\\/\\\/www.icy.nl\\\/fr\\\/\",\"name\":\"ICY\",\"description\":\"Smartmotica solutions\",\"publisher\":{\"@id\":\"https:\\\/\\\/www.icy.nl\\\/fr\\\/#organization\"},\"potentialAction\":[{\"@type\":\"SearchAction\",\"target\":{\"@type\":\"EntryPoint\",\"urlTemplate\":\"https:\\\/\\\/www.icy.nl\\\/fr\\\/?s={search_term_string}\"},\"query-input\":{\"@type\":\"PropertyValueSpecification\",\"valueRequired\":true,\"valueName\":\"search_term_string\"}}],\"inLanguage\":\"fr-FR\"},{\"@type\":\"Organization\",\"@id\":\"https:\\\/\\\/www.icy.nl\\\/fr\\\/#organization\",\"name\":\"I.C.Y. B.V.\",\"url\":\"https:\\\/\\\/www.icy.nl\\\/fr\\\/\",\"logo\":{\"@type\":\"ImageObject\",\"inLanguage\":\"fr-FR\",\"@id\":\"https:\\\/\\\/www.icy.nl\\\/fr\\\/#\\\/schema\\\/logo\\\/image\\\/\",\"url\":\"https:\\\/\\\/www.icy.nl\\\/wp-content\\\/uploads\\\/2016\\\/11\\\/logo-icy.jpg\",\"contentUrl\":\"https:\\\/\\\/www.icy.nl\\\/wp-content\\\/uploads\\\/2016\\\/11\\\/logo-icy.jpg\",\"width\":400,\"height\":101,\"caption\":\"I.C.Y. B.V.\"},\"image\":{\"@id\":\"https:\\\/\\\/www.icy.nl\\\/fr\\\/#\\\/schema\\\/logo\\\/image\\\/\"}}]}<\/script>\n<!-- \/ Yoast SEO plugin. -->","yoast_head_json":{"title":"D\u00e9claration de confidentialit\u00e9 et de cookies I.C.Y. B.V. - ICY","robots":{"index":"index","follow":"follow","max-snippet":"max-snippet:-1","max-image-preview":"max-image-preview:large","max-video-preview":"max-video-preview:-1"},"canonical":"https:\/\/www.icy.nl\/fr\/declaration-de-confidentialite-et-de-cookies-i-c-y-b-v\/","og_locale":"fr_FR","og_type":"article","og_title":"D\u00e9claration de confidentialit\u00e9 et de cookies I.C.Y. B.V. - ICY","og_description":"17 ao\u00fbt 2023 Votre vie priv\u00e9e est importante pour I.C.Y. B.V.. Nous respectons donc les lois et r\u00e9glementations en vigueur en mati\u00e8re de confidentialit\u00e9, y compris le r\u00e8glement g\u00e9n\u00e9ral sur la protection des donn\u00e9es. Cela signifie que nous : Vos donn\u00e9es sont en s\u00e9curit\u00e9 chez nous et nous les utiliserons toujours correctement. Dans cette d\u00e9claration [&hellip;]","og_url":"https:\/\/www.icy.nl\/fr\/declaration-de-confidentialite-et-de-cookies-i-c-y-b-v\/","og_site_name":"ICY","article_modified_time":"2025-01-17T15:39:45+00:00","twitter_card":"summary_large_image","twitter_misc":{"Dur\u00e9e de lecture estim\u00e9e":"9 minutes"},"schema":{"@context":"https:\/\/schema.org","@graph":[{"@type":"WebPage","@id":"https:\/\/www.icy.nl\/fr\/declaration-de-confidentialite-et-de-cookies-i-c-y-b-v\/","url":"https:\/\/www.icy.nl\/fr\/declaration-de-confidentialite-et-de-cookies-i-c-y-b-v\/","name":"D\u00e9claration de confidentialit\u00e9 et de cookies I.C.Y. B.V. - ICY","isPartOf":{"@id":"https:\/\/www.icy.nl\/fr\/#website"},"datePublished":"2025-01-14T14:01:29+00:00","dateModified":"2025-01-17T15:39:45+00:00","breadcrumb":{"@id":"https:\/\/www.icy.nl\/fr\/declaration-de-confidentialite-et-de-cookies-i-c-y-b-v\/#breadcrumb"},"inLanguage":"fr-FR","potentialAction":[{"@type":"ReadAction","target":["https:\/\/www.icy.nl\/fr\/declaration-de-confidentialite-et-de-cookies-i-c-y-b-v\/"]}]},{"@type":"BreadcrumbList","@id":"https:\/\/www.icy.nl\/fr\/declaration-de-confidentialite-et-de-cookies-i-c-y-b-v\/#breadcrumb","itemListElement":[{"@type":"ListItem","position":1,"name":"Home","item":"https:\/\/www.icy.nl\/fr\/"},{"@type":"ListItem","position":2,"name":"D\u00e9claration de confidentialit\u00e9 et de cookies I.C.Y. B.V."}]},{"@type":"WebSite","@id":"https:\/\/www.icy.nl\/fr\/#website","url":"https:\/\/www.icy.nl\/fr\/","name":"ICY","description":"Smartmotica solutions","publisher":{"@id":"https:\/\/www.icy.nl\/fr\/#organization"},"potentialAction":[{"@type":"SearchAction","target":{"@type":"EntryPoint","urlTemplate":"https:\/\/www.icy.nl\/fr\/?s={search_term_string}"},"query-input":{"@type":"PropertyValueSpecification","valueRequired":true,"valueName":"search_term_string"}}],"inLanguage":"fr-FR"},{"@type":"Organization","@id":"https:\/\/www.icy.nl\/fr\/#organization","name":"I.C.Y. B.V.","url":"https:\/\/www.icy.nl\/fr\/","logo":{"@type":"ImageObject","inLanguage":"fr-FR","@id":"https:\/\/www.icy.nl\/fr\/#\/schema\/logo\/image\/","url":"https:\/\/www.icy.nl\/wp-content\/uploads\/2016\/11\/logo-icy.jpg","contentUrl":"https:\/\/www.icy.nl\/wp-content\/uploads\/2016\/11\/logo-icy.jpg","width":400,"height":101,"caption":"I.C.Y. B.V."},"image":{"@id":"https:\/\/www.icy.nl\/fr\/#\/schema\/logo\/image\/"}}]}},"coauthors":[],"author_meta":{"author_link":"https:\/\/www.icy.nl\/fr\/author\/daniel\/","display_name":"Daniel van de Kamp"},"relative_dates":{"created":"Publi\u00e9 1 an il y a","modified":"Mis \u00e0 jour 1 an il y a"},"absolute_dates":{"created":"Publi\u00e9 le 14 janvier 2025","modified":"Mise \u00e0 jour le 17 janvier 2025"},"absolute_dates_time":{"created":"Publi\u00e9 le 14 janvier 2025 15h01","modified":"Mise \u00e0 jour le 17 janvier 2025 16h39"},"featured_img_caption":"","featured_img":false,"series_order":"","_links":{"self":[{"href":"https:\/\/www.icy.nl\/fr\/wp-json\/wp\/v2\/pages\/57723","targetHints":{"allow":["GET"]}}],"collection":[{"href":"https:\/\/www.icy.nl\/fr\/wp-json\/wp\/v2\/pages"}],"about":[{"href":"https:\/\/www.icy.nl\/fr\/wp-json\/wp\/v2\/types\/page"}],"author":[{"embeddable":true,"href":"https:\/\/www.icy.nl\/fr\/wp-json\/wp\/v2\/users\/2946"}],"replies":[{"embeddable":true,"href":"https:\/\/www.icy.nl\/fr\/wp-json\/wp\/v2\/comments?post=57723"}],"version-history":[{"count":2,"href":"https:\/\/www.icy.nl\/fr\/wp-json\/wp\/v2\/pages\/57723\/revisions"}],"predecessor-version":[{"id":57806,"href":"https:\/\/www.icy.nl\/fr\/wp-json\/wp\/v2\/pages\/57723\/revisions\/57806"}],"wp:attachment":[{"href":"https:\/\/www.icy.nl\/fr\/wp-json\/wp\/v2\/media?parent=57723"}],"curies":[{"name":"wp","href":"https:\/\/api.w.org\/{rel}","templated":true}]}}