{"id":57737,"date":"2025-01-14T16:07:41","date_gmt":"2025-01-14T15:07:41","guid":{"rendered":"https:\/\/www.icy.nl\/moins-de-consommation-denergie-dans-les-campings\/"},"modified":"2025-01-14T16:07:41","modified_gmt":"2025-01-14T15:07:41","slug":"moins-de-consommation-denergie-dans-les-campings","status":"publish","type":"page","link":"https:\/\/www.icy.nl\/fr\/moins-de-consommation-denergie-dans-les-campings\/","title":{"rendered":"Moins de consommation d&rsquo;\u00e9nergie dans les campings"},"content":{"rendered":"\n<p><i><a href=\"https:\/\/www.icy.nl\/fr\/draadloos-stroombeheer-campings\/\">ICY Campsite Management<\/a> s&rsquo;av\u00e8re \u00eatre la solution \u00e0 un probl\u00e8me que de nombreux propri\u00e9taires de campings reconnaissent : la forte consommation d&rsquo;\u00e9nergie sur les campings<\/i><i> <\/i><\/p>\n\n<h2 class=\"wp-block-heading\">Panne de courant due \u00e0 une consommation excessive<\/h2>\n\n<p>\u00ab Avant, je devais me rendre tr\u00e8s r\u00e9guli\u00e8rement au camping lorsque les clients avaient trop consomm\u00e9 d\u2019\u00e9lectricit\u00e9. \u00abT\u00f4t le matin et tard le soir\u00bb, explique Gerrit-Jan Hagedoorn, propri\u00e9taire du parc de loisirs Beerze Bulten. \u00ab Cela n\u2019est plus n\u00e9cessaire, car le syst\u00e8me ICY r\u00e9tablit automatiquement le courant apr\u00e8s un court laps de temps. C&rsquo;est aussi tr\u00e8s pratique pour nous de pouvoir tout organiser d\u00e8s la r\u00e9ception, comme le r\u00e9glage des amp\u00e9rages et le relev\u00e9 de la consommation \u00e9nerg\u00e9tique.  <\/p>\n\n<p>ICY a opt\u00e9 pour un syst\u00e8me tr\u00e8s simple \u00e0 installer. Une prise intelligente, ancr\u00e9e dans la prise de courant existante, garantit que la prise de courant est accessible via le r\u00e9seau sans fil de la prise. L&rsquo;installation du soi-disant ICY Camp\u00e8re Plug prend litt\u00e9ralement moins d&rsquo;une minute par emplacement. Cela rend \u00e9galement l&rsquo;installation possible lorsque les invit\u00e9s sont d\u00e9j\u00e0 pr\u00e9sents, car ils ne sont pas g\u00ean\u00e9s par l&rsquo;installation.   <\/p>\n\n<p>De Beerze Bulten, connu pour le prix du glamping 2016 et le meilleur camping ANWB d&rsquo;Europe 2017, est un parc de vacances avec un total de 600 emplacements. Tous les lieux sont \u00e9quip\u00e9s de cette prise. \u00ab Ce syst\u00e8me fait exactement ce qu\u2019il est cens\u00e9 faire pour nous. \u00ab Id\u00e9al \u00bb, a d\u00e9clar\u00e9 Hagedoorn.  <\/p>\n\n<p>Le syst\u00e8me est \u00e9galement pratique pour les invit\u00e9s. Il n\u2019est pas toujours clair pour le client moyen combien et quels appareils il peut allumer en m\u00eame temps. Erik Baarslag du camping De Kleine Wolf dit que certaines personnes arrivent avec de grands barbecues \u00e9lectriques et des radiateurs. Par le pass\u00e9, cela signifiait \u00e9galement qu&rsquo;il devait r\u00e9guli\u00e8rement traverser le camping pour actionner des interrupteurs. Les gens re\u00e7oivent maintenant un avertissement car le courant sera coup\u00e9 pendant quelques minutes. Ensuite, le courant revient automatiquement, ce qui lui fait gagner beaucoup de temps.     <\/p>\n\n<p>\u00ab Ce qui nous apporte \u00e9galement une grande valeur ajout\u00e9e, c&rsquo;est que nous pouvons d\u00e9sormais proposer 10 amp\u00e8res au lieu de 8 \u00bb, explique Baarslag. \u00ab Le syst\u00e8me examine l\u2019imp\u00f4t total sur un groupe principal. De cette mani\u00e8re, gr\u00e2ce \u00e0 une distribution intelligente de l\u2019\u00e9nergie, il est possible de proposer plus d\u2019\u00e9nergie aux diff\u00e9rents sites qu\u2019auparavant.  <\/p>\n\n<p>\u00ab Nous sommes tr\u00e8s satisfaits de la gestion du camping ICY \u00bb, d\u00e9clare Luuk Kat, propri\u00e9taire de De Kleine Wolf. \u00ab Nous pouvons rapidement apporter des ajustements au syst\u00e8me. \u00ab Et c&rsquo;est \u00e9galement id\u00e9al qu&rsquo;il soit li\u00e9 au syst\u00e8me de r\u00e9servation, afin que les param\u00e8tres reviennent automatiquement aux param\u00e8tres de base lorsque les clients partent. \u00bb <\/p>\n\n<p>De Kleine Wolf est connu comme le camping ANWB de l&rsquo;ann\u00e9e 2016. L&rsquo;\u00e9lectricit\u00e9 sur les 473 emplacements peut d\u00e9sormais \u00eatre r\u00e9gl\u00e9e et lue sans fil. <\/p>\n\n<p>Il existe de nombreuses autres histoires de campings qui fonctionnent d\u00e9j\u00e0 avec le syst\u00e8me ICY \u00e0 leur enti\u00e8re satisfaction.<\/p>\n\n<p>Plus d&rsquo;informations ? voir <a href=\"https:\/\/www.icy.nl\/fr\/draadloos-stroombeheer-campings\/\">www.icy.nl\/campsite-management<\/a> <\/p>\n","protected":false},"excerpt":{"rendered":"<p>ICY Campsite Management s&rsquo;av\u00e8re \u00eatre la solution \u00e0 un probl\u00e8me que de nombreux propri\u00e9taires de campings reconnaissent : la forte consommation d&rsquo;\u00e9nergie sur les campings Panne de courant due \u00e0 une consommation excessive \u00ab Avant, je devais me rendre tr\u00e8s r\u00e9guli\u00e8rement au camping lorsque les clients avaient trop consomm\u00e9 d\u2019\u00e9lectricit\u00e9. \u00abT\u00f4t le matin et tard [&hellip;]<\/p>\n","protected":false},"author":2946,"featured_media":0,"parent":0,"menu_order":0,"comment_status":"closed","ping_status":"closed","template":"","meta":{"advgb_blocks_editor_width":"","advgb_blocks_columns_visual_guide":"","_genesis_hide_title":false,"_genesis_hide_breadcrumbs":false,"_genesis_hide_singular_image":false,"_genesis_hide_footer_widgets":false,"_genesis_custom_body_class":"","_genesis_custom_post_class":"","_genesis_layout":"","footnotes":""},"class_list":{"0":"post-57737","1":"page","2":"type-page","3":"status-publish","5":"entry"},"yoast_head":"<!-- This site is optimized with the Yoast SEO plugin v27.4 - https:\/\/yoast.com\/product\/yoast-seo-wordpress\/ -->\n<title>Moins de consommation d&#039;\u00e9nergie dans les campings - ICY<\/title>\n<meta name=\"robots\" content=\"index, follow, max-snippet:-1, max-image-preview:large, max-video-preview:-1\" \/>\n<link rel=\"canonical\" href=\"https:\/\/www.icy.nl\/fr\/moins-de-consommation-denergie-dans-les-campings\/\" \/>\n<meta property=\"og:locale\" content=\"fr_FR\" \/>\n<meta property=\"og:type\" content=\"article\" \/>\n<meta property=\"og:title\" content=\"Moins de consommation d&#039;\u00e9nergie dans les campings - ICY\" \/>\n<meta property=\"og:description\" content=\"ICY Campsite Management s&rsquo;av\u00e8re \u00eatre la solution \u00e0 un probl\u00e8me que de nombreux propri\u00e9taires de campings reconnaissent : la forte consommation d&rsquo;\u00e9nergie sur les campings Panne de courant due \u00e0 une consommation excessive \u00ab Avant, je devais me rendre tr\u00e8s r\u00e9guli\u00e8rement au camping lorsque les clients avaient trop consomm\u00e9 d\u2019\u00e9lectricit\u00e9. \u00abT\u00f4t le matin et tard [&hellip;]\" \/>\n<meta property=\"og:url\" content=\"https:\/\/www.icy.nl\/fr\/moins-de-consommation-denergie-dans-les-campings\/\" \/>\n<meta property=\"og:site_name\" content=\"ICY\" \/>\n<meta name=\"twitter:card\" content=\"summary_large_image\" \/>\n<meta name=\"twitter:label1\" content=\"Dur\u00e9e de lecture estim\u00e9e\" \/>\n\t<meta name=\"twitter:data1\" content=\"3 minutes\" \/>\n<script type=\"application\/ld+json\" class=\"yoast-schema-graph\">{\"@context\":\"https:\\\/\\\/schema.org\",\"@graph\":[{\"@type\":\"WebPage\",\"@id\":\"https:\\\/\\\/www.icy.nl\\\/fr\\\/moins-de-consommation-denergie-dans-les-campings\\\/\",\"url\":\"https:\\\/\\\/www.icy.nl\\\/fr\\\/moins-de-consommation-denergie-dans-les-campings\\\/\",\"name\":\"Moins de consommation d'\u00e9nergie dans les campings - ICY\",\"isPartOf\":{\"@id\":\"https:\\\/\\\/www.icy.nl\\\/fr\\\/#website\"},\"datePublished\":\"2025-01-14T15:07:41+00:00\",\"breadcrumb\":{\"@id\":\"https:\\\/\\\/www.icy.nl\\\/fr\\\/moins-de-consommation-denergie-dans-les-campings\\\/#breadcrumb\"},\"inLanguage\":\"fr-FR\",\"potentialAction\":[{\"@type\":\"ReadAction\",\"target\":[\"https:\\\/\\\/www.icy.nl\\\/fr\\\/moins-de-consommation-denergie-dans-les-campings\\\/\"]}]},{\"@type\":\"BreadcrumbList\",\"@id\":\"https:\\\/\\\/www.icy.nl\\\/fr\\\/moins-de-consommation-denergie-dans-les-campings\\\/#breadcrumb\",\"itemListElement\":[{\"@type\":\"ListItem\",\"position\":1,\"name\":\"Home\",\"item\":\"https:\\\/\\\/www.icy.nl\\\/fr\\\/\"},{\"@type\":\"ListItem\",\"position\":2,\"name\":\"Moins de consommation d&#8217;\u00e9nergie dans les campings\"}]},{\"@type\":\"WebSite\",\"@id\":\"https:\\\/\\\/www.icy.nl\\\/fr\\\/#website\",\"url\":\"https:\\\/\\\/www.icy.nl\\\/fr\\\/\",\"name\":\"ICY\",\"description\":\"Smartmotica solutions\",\"publisher\":{\"@id\":\"https:\\\/\\\/www.icy.nl\\\/fr\\\/#organization\"},\"potentialAction\":[{\"@type\":\"SearchAction\",\"target\":{\"@type\":\"EntryPoint\",\"urlTemplate\":\"https:\\\/\\\/www.icy.nl\\\/fr\\\/?s={search_term_string}\"},\"query-input\":{\"@type\":\"PropertyValueSpecification\",\"valueRequired\":true,\"valueName\":\"search_term_string\"}}],\"inLanguage\":\"fr-FR\"},{\"@type\":\"Organization\",\"@id\":\"https:\\\/\\\/www.icy.nl\\\/fr\\\/#organization\",\"name\":\"I.C.Y. B.V.\",\"url\":\"https:\\\/\\\/www.icy.nl\\\/fr\\\/\",\"logo\":{\"@type\":\"ImageObject\",\"inLanguage\":\"fr-FR\",\"@id\":\"https:\\\/\\\/www.icy.nl\\\/fr\\\/#\\\/schema\\\/logo\\\/image\\\/\",\"url\":\"https:\\\/\\\/www.icy.nl\\\/wp-content\\\/uploads\\\/2016\\\/11\\\/logo-icy.jpg\",\"contentUrl\":\"https:\\\/\\\/www.icy.nl\\\/wp-content\\\/uploads\\\/2016\\\/11\\\/logo-icy.jpg\",\"width\":400,\"height\":101,\"caption\":\"I.C.Y. B.V.\"},\"image\":{\"@id\":\"https:\\\/\\\/www.icy.nl\\\/fr\\\/#\\\/schema\\\/logo\\\/image\\\/\"}}]}<\/script>\n<!-- \/ Yoast SEO plugin. -->","yoast_head_json":{"title":"Moins de consommation d'\u00e9nergie dans les campings - ICY","robots":{"index":"index","follow":"follow","max-snippet":"max-snippet:-1","max-image-preview":"max-image-preview:large","max-video-preview":"max-video-preview:-1"},"canonical":"https:\/\/www.icy.nl\/fr\/moins-de-consommation-denergie-dans-les-campings\/","og_locale":"fr_FR","og_type":"article","og_title":"Moins de consommation d'\u00e9nergie dans les campings - ICY","og_description":"ICY Campsite Management s&rsquo;av\u00e8re \u00eatre la solution \u00e0 un probl\u00e8me que de nombreux propri\u00e9taires de campings reconnaissent : la forte consommation d&rsquo;\u00e9nergie sur les campings Panne de courant due \u00e0 une consommation excessive \u00ab Avant, je devais me rendre tr\u00e8s r\u00e9guli\u00e8rement au camping lorsque les clients avaient trop consomm\u00e9 d\u2019\u00e9lectricit\u00e9. \u00abT\u00f4t le matin et tard [&hellip;]","og_url":"https:\/\/www.icy.nl\/fr\/moins-de-consommation-denergie-dans-les-campings\/","og_site_name":"ICY","twitter_card":"summary_large_image","twitter_misc":{"Dur\u00e9e de lecture estim\u00e9e":"3 minutes"},"schema":{"@context":"https:\/\/schema.org","@graph":[{"@type":"WebPage","@id":"https:\/\/www.icy.nl\/fr\/moins-de-consommation-denergie-dans-les-campings\/","url":"https:\/\/www.icy.nl\/fr\/moins-de-consommation-denergie-dans-les-campings\/","name":"Moins de consommation d'\u00e9nergie dans les campings - ICY","isPartOf":{"@id":"https:\/\/www.icy.nl\/fr\/#website"},"datePublished":"2025-01-14T15:07:41+00:00","breadcrumb":{"@id":"https:\/\/www.icy.nl\/fr\/moins-de-consommation-denergie-dans-les-campings\/#breadcrumb"},"inLanguage":"fr-FR","potentialAction":[{"@type":"ReadAction","target":["https:\/\/www.icy.nl\/fr\/moins-de-consommation-denergie-dans-les-campings\/"]}]},{"@type":"BreadcrumbList","@id":"https:\/\/www.icy.nl\/fr\/moins-de-consommation-denergie-dans-les-campings\/#breadcrumb","itemListElement":[{"@type":"ListItem","position":1,"name":"Home","item":"https:\/\/www.icy.nl\/fr\/"},{"@type":"ListItem","position":2,"name":"Moins de consommation d&#8217;\u00e9nergie dans les campings"}]},{"@type":"WebSite","@id":"https:\/\/www.icy.nl\/fr\/#website","url":"https:\/\/www.icy.nl\/fr\/","name":"ICY","description":"Smartmotica solutions","publisher":{"@id":"https:\/\/www.icy.nl\/fr\/#organization"},"potentialAction":[{"@type":"SearchAction","target":{"@type":"EntryPoint","urlTemplate":"https:\/\/www.icy.nl\/fr\/?s={search_term_string}"},"query-input":{"@type":"PropertyValueSpecification","valueRequired":true,"valueName":"search_term_string"}}],"inLanguage":"fr-FR"},{"@type":"Organization","@id":"https:\/\/www.icy.nl\/fr\/#organization","name":"I.C.Y. B.V.","url":"https:\/\/www.icy.nl\/fr\/","logo":{"@type":"ImageObject","inLanguage":"fr-FR","@id":"https:\/\/www.icy.nl\/fr\/#\/schema\/logo\/image\/","url":"https:\/\/www.icy.nl\/wp-content\/uploads\/2016\/11\/logo-icy.jpg","contentUrl":"https:\/\/www.icy.nl\/wp-content\/uploads\/2016\/11\/logo-icy.jpg","width":400,"height":101,"caption":"I.C.Y. B.V."},"image":{"@id":"https:\/\/www.icy.nl\/fr\/#\/schema\/logo\/image\/"}}]}},"coauthors":[],"author_meta":{"author_link":"https:\/\/www.icy.nl\/fr\/author\/daniel\/","display_name":"Daniel van de Kamp"},"relative_dates":{"created":"Publi\u00e9 1 an il y a","modified":"Mis \u00e0 jour 1 an il y a"},"absolute_dates":{"created":"Publi\u00e9 le 14 janvier 2025","modified":"Mise \u00e0 jour le 14 janvier 2025"},"absolute_dates_time":{"created":"Publi\u00e9 le 14 janvier 2025 16h07","modified":"Mise \u00e0 jour le 14 janvier 2025 16h07"},"featured_img_caption":"","featured_img":false,"series_order":"","_links":{"self":[{"href":"https:\/\/www.icy.nl\/fr\/wp-json\/wp\/v2\/pages\/57737","targetHints":{"allow":["GET"]}}],"collection":[{"href":"https:\/\/www.icy.nl\/fr\/wp-json\/wp\/v2\/pages"}],"about":[{"href":"https:\/\/www.icy.nl\/fr\/wp-json\/wp\/v2\/types\/page"}],"author":[{"embeddable":true,"href":"https:\/\/www.icy.nl\/fr\/wp-json\/wp\/v2\/users\/2946"}],"replies":[{"embeddable":true,"href":"https:\/\/www.icy.nl\/fr\/wp-json\/wp\/v2\/comments?post=57737"}],"version-history":[{"count":1,"href":"https:\/\/www.icy.nl\/fr\/wp-json\/wp\/v2\/pages\/57737\/revisions"}],"predecessor-version":[{"id":57738,"href":"https:\/\/www.icy.nl\/fr\/wp-json\/wp\/v2\/pages\/57737\/revisions\/57738"}],"wp:attachment":[{"href":"https:\/\/www.icy.nl\/fr\/wp-json\/wp\/v2\/media?parent=57737"}],"curies":[{"name":"wp","href":"https:\/\/api.w.org\/{rel}","templated":true}]}}