{"id":57814,"date":"2025-01-17T17:05:50","date_gmt":"2025-01-17T16:05:50","guid":{"rendered":"https:\/\/www.icy.nl\/economie-denergie-dans-les-parcs-de-vacances\/"},"modified":"2025-01-17T17:05:51","modified_gmt":"2025-01-17T16:05:51","slug":"economie-denergie-dans-les-parcs-de-vacances","status":"publish","type":"page","link":"https:\/\/www.icy.nl\/fr\/economie-denergie-dans-les-parcs-de-vacances\/","title":{"rendered":"\u00c9conomie d&rsquo;\u00e9nergie dans les parcs de vacances"},"content":{"rendered":"\n<p>Les gestionnaires de parcs connaissent bien le probl\u00e8me des co\u00fbts \u00e9nerg\u00e9tiques \u00e9lev\u00e9s. Les clients des parcs de vacances utilisent l&rsquo;\u00e9lectricit\u00e9 et le chauffage diff\u00e9remment de chez eux, car ils n&rsquo;ont pas \u00e0 payer la facture d&rsquo;\u00e9nergie. <\/p>\n\n<p>ICY propose la solution pour \u00e9conomiser de l&rsquo;\u00e9nergie gr\u00e2ce au thermostat programmable \u00e0 \u00e9conomie d&rsquo;\u00e9nergie et \u00e0 des solutions suppl\u00e9mentaires. <a href=\"https:\/\/www.icy.nl\/fr\/icy-accommodation-management-gestion-sans-fil-des-parcs-de-vacances\/\">Lire la suite ici&#8230; <\/a><\/p>\n","protected":false},"excerpt":{"rendered":"<p>Les gestionnaires de parcs connaissent bien le probl\u00e8me des co\u00fbts \u00e9nerg\u00e9tiques \u00e9lev\u00e9s. Les clients des parcs de vacances utilisent l&rsquo;\u00e9lectricit\u00e9 et le chauffage diff\u00e9remment de chez eux, car ils n&rsquo;ont pas \u00e0 payer la facture d&rsquo;\u00e9nergie. ICY propose la solution pour \u00e9conomiser de l&rsquo;\u00e9nergie gr\u00e2ce au thermostat programmable \u00e0 \u00e9conomie d&rsquo;\u00e9nergie et \u00e0 des solutions [&hellip;]<\/p>\n","protected":false},"author":2946,"featured_media":0,"parent":0,"menu_order":0,"comment_status":"closed","ping_status":"closed","template":"","meta":{"advgb_blocks_editor_width":"","advgb_blocks_columns_visual_guide":"","_genesis_hide_title":false,"_genesis_hide_breadcrumbs":false,"_genesis_hide_singular_image":false,"_genesis_hide_footer_widgets":false,"_genesis_custom_body_class":"","_genesis_custom_post_class":"","_genesis_layout":"","footnotes":""},"class_list":{"0":"post-57814","1":"page","2":"type-page","3":"status-publish","5":"entry"},"yoast_head":"<!-- This site is optimized with the Yoast SEO plugin v27.3 - https:\/\/yoast.com\/product\/yoast-seo-wordpress\/ -->\n<title>\u00c9conomie d&#039;\u00e9nergie dans les parcs de vacances - ICY<\/title>\n<meta name=\"robots\" content=\"index, follow, max-snippet:-1, max-image-preview:large, max-video-preview:-1\" \/>\n<link rel=\"canonical\" href=\"https:\/\/www.icy.nl\/fr\/economie-denergie-dans-les-parcs-de-vacances\/\" \/>\n<meta property=\"og:locale\" content=\"fr_FR\" \/>\n<meta property=\"og:type\" content=\"article\" \/>\n<meta property=\"og:title\" content=\"\u00c9conomie d&#039;\u00e9nergie dans les parcs de vacances - ICY\" \/>\n<meta property=\"og:description\" content=\"Les gestionnaires de parcs connaissent bien le probl\u00e8me des co\u00fbts \u00e9nerg\u00e9tiques \u00e9lev\u00e9s. Les clients des parcs de vacances utilisent l&rsquo;\u00e9lectricit\u00e9 et le chauffage diff\u00e9remment de chez eux, car ils n&rsquo;ont pas \u00e0 payer la facture d&rsquo;\u00e9nergie. ICY propose la solution pour \u00e9conomiser de l&rsquo;\u00e9nergie gr\u00e2ce au thermostat programmable \u00e0 \u00e9conomie d&rsquo;\u00e9nergie et \u00e0 des solutions [&hellip;]\" \/>\n<meta property=\"og:url\" content=\"https:\/\/www.icy.nl\/fr\/economie-denergie-dans-les-parcs-de-vacances\/\" \/>\n<meta property=\"og:site_name\" content=\"ICY\" \/>\n<meta property=\"article:modified_time\" content=\"2025-01-17T16:05:51+00:00\" \/>\n<meta name=\"twitter:card\" content=\"summary_large_image\" \/>\n<script type=\"application\/ld+json\" class=\"yoast-schema-graph\">{\"@context\":\"https:\\\/\\\/schema.org\",\"@graph\":[{\"@type\":\"WebPage\",\"@id\":\"https:\\\/\\\/www.icy.nl\\\/fr\\\/economie-denergie-dans-les-parcs-de-vacances\\\/\",\"url\":\"https:\\\/\\\/www.icy.nl\\\/fr\\\/economie-denergie-dans-les-parcs-de-vacances\\\/\",\"name\":\"\u00c9conomie d'\u00e9nergie dans les parcs de vacances - ICY\",\"isPartOf\":{\"@id\":\"https:\\\/\\\/www.icy.nl\\\/fr\\\/#website\"},\"datePublished\":\"2025-01-17T16:05:50+00:00\",\"dateModified\":\"2025-01-17T16:05:51+00:00\",\"breadcrumb\":{\"@id\":\"https:\\\/\\\/www.icy.nl\\\/fr\\\/economie-denergie-dans-les-parcs-de-vacances\\\/#breadcrumb\"},\"inLanguage\":\"fr-FR\",\"potentialAction\":[{\"@type\":\"ReadAction\",\"target\":[\"https:\\\/\\\/www.icy.nl\\\/fr\\\/economie-denergie-dans-les-parcs-de-vacances\\\/\"]}]},{\"@type\":\"BreadcrumbList\",\"@id\":\"https:\\\/\\\/www.icy.nl\\\/fr\\\/economie-denergie-dans-les-parcs-de-vacances\\\/#breadcrumb\",\"itemListElement\":[{\"@type\":\"ListItem\",\"position\":1,\"name\":\"Home\",\"item\":\"https:\\\/\\\/www.icy.nl\\\/fr\\\/\"},{\"@type\":\"ListItem\",\"position\":2,\"name\":\"\u00c9conomie d&rsquo;\u00e9nergie dans les parcs de vacances\"}]},{\"@type\":\"WebSite\",\"@id\":\"https:\\\/\\\/www.icy.nl\\\/fr\\\/#website\",\"url\":\"https:\\\/\\\/www.icy.nl\\\/fr\\\/\",\"name\":\"ICY\",\"description\":\"Smartmotica solutions\",\"publisher\":{\"@id\":\"https:\\\/\\\/www.icy.nl\\\/fr\\\/#organization\"},\"potentialAction\":[{\"@type\":\"SearchAction\",\"target\":{\"@type\":\"EntryPoint\",\"urlTemplate\":\"https:\\\/\\\/www.icy.nl\\\/fr\\\/?s={search_term_string}\"},\"query-input\":{\"@type\":\"PropertyValueSpecification\",\"valueRequired\":true,\"valueName\":\"search_term_string\"}}],\"inLanguage\":\"fr-FR\"},{\"@type\":\"Organization\",\"@id\":\"https:\\\/\\\/www.icy.nl\\\/fr\\\/#organization\",\"name\":\"I.C.Y. B.V.\",\"url\":\"https:\\\/\\\/www.icy.nl\\\/fr\\\/\",\"logo\":{\"@type\":\"ImageObject\",\"inLanguage\":\"fr-FR\",\"@id\":\"https:\\\/\\\/www.icy.nl\\\/fr\\\/#\\\/schema\\\/logo\\\/image\\\/\",\"url\":\"https:\\\/\\\/www.icy.nl\\\/wp-content\\\/uploads\\\/2016\\\/11\\\/logo-icy.jpg\",\"contentUrl\":\"https:\\\/\\\/www.icy.nl\\\/wp-content\\\/uploads\\\/2016\\\/11\\\/logo-icy.jpg\",\"width\":400,\"height\":101,\"caption\":\"I.C.Y. B.V.\"},\"image\":{\"@id\":\"https:\\\/\\\/www.icy.nl\\\/fr\\\/#\\\/schema\\\/logo\\\/image\\\/\"}}]}<\/script>\n<!-- \/ Yoast SEO plugin. -->","yoast_head_json":{"title":"\u00c9conomie d'\u00e9nergie dans les parcs de vacances - ICY","robots":{"index":"index","follow":"follow","max-snippet":"max-snippet:-1","max-image-preview":"max-image-preview:large","max-video-preview":"max-video-preview:-1"},"canonical":"https:\/\/www.icy.nl\/fr\/economie-denergie-dans-les-parcs-de-vacances\/","og_locale":"fr_FR","og_type":"article","og_title":"\u00c9conomie d'\u00e9nergie dans les parcs de vacances - ICY","og_description":"Les gestionnaires de parcs connaissent bien le probl\u00e8me des co\u00fbts \u00e9nerg\u00e9tiques \u00e9lev\u00e9s. Les clients des parcs de vacances utilisent l&rsquo;\u00e9lectricit\u00e9 et le chauffage diff\u00e9remment de chez eux, car ils n&rsquo;ont pas \u00e0 payer la facture d&rsquo;\u00e9nergie. ICY propose la solution pour \u00e9conomiser de l&rsquo;\u00e9nergie gr\u00e2ce au thermostat programmable \u00e0 \u00e9conomie d&rsquo;\u00e9nergie et \u00e0 des solutions [&hellip;]","og_url":"https:\/\/www.icy.nl\/fr\/economie-denergie-dans-les-parcs-de-vacances\/","og_site_name":"ICY","article_modified_time":"2025-01-17T16:05:51+00:00","twitter_card":"summary_large_image","schema":{"@context":"https:\/\/schema.org","@graph":[{"@type":"WebPage","@id":"https:\/\/www.icy.nl\/fr\/economie-denergie-dans-les-parcs-de-vacances\/","url":"https:\/\/www.icy.nl\/fr\/economie-denergie-dans-les-parcs-de-vacances\/","name":"\u00c9conomie d'\u00e9nergie dans les parcs de vacances - ICY","isPartOf":{"@id":"https:\/\/www.icy.nl\/fr\/#website"},"datePublished":"2025-01-17T16:05:50+00:00","dateModified":"2025-01-17T16:05:51+00:00","breadcrumb":{"@id":"https:\/\/www.icy.nl\/fr\/economie-denergie-dans-les-parcs-de-vacances\/#breadcrumb"},"inLanguage":"fr-FR","potentialAction":[{"@type":"ReadAction","target":["https:\/\/www.icy.nl\/fr\/economie-denergie-dans-les-parcs-de-vacances\/"]}]},{"@type":"BreadcrumbList","@id":"https:\/\/www.icy.nl\/fr\/economie-denergie-dans-les-parcs-de-vacances\/#breadcrumb","itemListElement":[{"@type":"ListItem","position":1,"name":"Home","item":"https:\/\/www.icy.nl\/fr\/"},{"@type":"ListItem","position":2,"name":"\u00c9conomie d&rsquo;\u00e9nergie dans les parcs de vacances"}]},{"@type":"WebSite","@id":"https:\/\/www.icy.nl\/fr\/#website","url":"https:\/\/www.icy.nl\/fr\/","name":"ICY","description":"Smartmotica solutions","publisher":{"@id":"https:\/\/www.icy.nl\/fr\/#organization"},"potentialAction":[{"@type":"SearchAction","target":{"@type":"EntryPoint","urlTemplate":"https:\/\/www.icy.nl\/fr\/?s={search_term_string}"},"query-input":{"@type":"PropertyValueSpecification","valueRequired":true,"valueName":"search_term_string"}}],"inLanguage":"fr-FR"},{"@type":"Organization","@id":"https:\/\/www.icy.nl\/fr\/#organization","name":"I.C.Y. B.V.","url":"https:\/\/www.icy.nl\/fr\/","logo":{"@type":"ImageObject","inLanguage":"fr-FR","@id":"https:\/\/www.icy.nl\/fr\/#\/schema\/logo\/image\/","url":"https:\/\/www.icy.nl\/wp-content\/uploads\/2016\/11\/logo-icy.jpg","contentUrl":"https:\/\/www.icy.nl\/wp-content\/uploads\/2016\/11\/logo-icy.jpg","width":400,"height":101,"caption":"I.C.Y. B.V."},"image":{"@id":"https:\/\/www.icy.nl\/fr\/#\/schema\/logo\/image\/"}}]}},"coauthors":[],"author_meta":{"author_link":"https:\/\/www.icy.nl\/fr\/author\/daniel\/","display_name":"Daniel van de Kamp"},"relative_dates":{"created":"Publi\u00e9 1 an il y a","modified":"Mis \u00e0 jour 1 an il y a"},"absolute_dates":{"created":"Publi\u00e9 le 17 janvier 2025","modified":"Mise \u00e0 jour le 17 janvier 2025"},"absolute_dates_time":{"created":"Publi\u00e9 le 17 janvier 2025 17h05","modified":"Mise \u00e0 jour le 17 janvier 2025 17h05"},"featured_img_caption":"","featured_img":false,"series_order":"","_links":{"self":[{"href":"https:\/\/www.icy.nl\/fr\/wp-json\/wp\/v2\/pages\/57814","targetHints":{"allow":["GET"]}}],"collection":[{"href":"https:\/\/www.icy.nl\/fr\/wp-json\/wp\/v2\/pages"}],"about":[{"href":"https:\/\/www.icy.nl\/fr\/wp-json\/wp\/v2\/types\/page"}],"author":[{"embeddable":true,"href":"https:\/\/www.icy.nl\/fr\/wp-json\/wp\/v2\/users\/2946"}],"replies":[{"embeddable":true,"href":"https:\/\/www.icy.nl\/fr\/wp-json\/wp\/v2\/comments?post=57814"}],"version-history":[{"count":1,"href":"https:\/\/www.icy.nl\/fr\/wp-json\/wp\/v2\/pages\/57814\/revisions"}],"predecessor-version":[{"id":57815,"href":"https:\/\/www.icy.nl\/fr\/wp-json\/wp\/v2\/pages\/57814\/revisions\/57815"}],"wp:attachment":[{"href":"https:\/\/www.icy.nl\/fr\/wp-json\/wp\/v2\/media?parent=57814"}],"curies":[{"name":"wp","href":"https:\/\/api.w.org\/{rel}","templated":true}]}}