{"id":14180,"date":"2016-06-13T14:54:53","date_gmt":"2019-09-25T07:17:59","guid":{"rendered":"https:\/\/www.icy.nl\/?post_type=product&#038;p=14180"},"modified":"2025-01-14T12:24:32","modified_gmt":"2025-01-14T11:24:32","slug":"alerte-dintrusion","status":"publish","type":"product","link":"https:\/\/www.icy.nl\/fr\/produit\/alerte-dintrusion\/","title":{"rendered":"Intruder Alert"},"content":{"rendered":"<p>L&rsquo;appareil est \u00e9quip\u00e9 d&rsquo;un capteur de mouvement infrarouge passif qui peut d\u00e9tecter toute entr\u00e9e ind\u00e9sirable dans une maison. L&rsquo;alerte anti-intrusion peut \u00eatre activ\u00e9e et d\u00e9sactiv\u00e9e en fonction des r\u00e9servations effectu\u00e9es sur votre propri\u00e9t\u00e9 dans le centre de contr\u00f4le ICY<br \/>\nL&rsquo;alerte anti-intrusion est \u00e9quip\u00e9e d&rsquo;une alarme sonore puissante et d&rsquo;un signal lumineux brillant. Vous pouvez d\u00e9finir si vous souhaitez l&rsquo;utiliser ou non.  <\/p>\n","protected":false},"excerpt":{"rendered":"<p>L&rsquo;alerte d&rsquo;intrusion est un syst\u00e8me d&rsquo;alarme connect\u00e9 au centre de contr\u00f4le ICY.<br \/>\nLorsqu&rsquo;une alarme se produit, un signal est transmis sans fil au centre de contr\u00f4le ICY et cela peut \u00e9galement \u00eatre signal\u00e9, par exemple, au t\u00e9l\u00e9phone portable de le superviseur\/employ\u00e9 en service dans votre logement ou vos b\u00e2timents.<\/p>\n<p>L&rsquo;alerte anti-intrusion est \u00e9galement \u00e9quip\u00e9e d&rsquo;un d\u00e9tecteur de gel.<\/p>\n<p>&nbsp;<\/p>\n","protected":false},"author":2946,"featured_media":38173,"template":"","meta":{"advgb_blocks_editor_width":"","advgb_blocks_columns_visual_guide":"","_genesis_hide_title":false,"_genesis_hide_breadcrumbs":false,"_genesis_hide_singular_image":false,"_genesis_hide_footer_widgets":false,"_genesis_custom_body_class":"","_genesis_custom_post_class":"","_genesis_layout":""},"product_brand":[],"product_cat":[76,77,80],"product_tag":[93,97,99],"class_list":{"0":"post-14180","1":"product","2":"type-product","3":"status-publish","4":"has-post-thumbnail","6":"product_cat-accommodation-management-fr","7":"product_cat-campsite-management-fr","8":"product_cat-facility-management-fr","9":"product_tag-alarme-fr","10":"product_tag-cambriolage","11":"product_tag-detecteur","12":"entry","14":"first","15":"instock","16":"taxable","17":"shipping-taxable","18":"product-type-simple"},"yoast_head":"<!-- This site is optimized with the Yoast SEO plugin v27.3 - https:\/\/yoast.com\/product\/yoast-seo-wordpress\/ -->\n<title>Intruder Alert - ICY<\/title>\n<meta name=\"robots\" content=\"index, follow, max-snippet:-1, max-image-preview:large, max-video-preview:-1\" \/>\n<link rel=\"canonical\" href=\"https:\/\/www.icy.nl\/fr\/produit\/alerte-dintrusion\/\" \/>\n<meta property=\"og:locale\" content=\"fr_FR\" \/>\n<meta property=\"og:type\" content=\"article\" \/>\n<meta property=\"og:title\" content=\"Intruder Alert - ICY\" \/>\n<meta property=\"og:description\" content=\"L&#039;alerte d&#039;intrusion est un syst\u00e8me d&#039;alarme connect\u00e9 au centre de contr\u00f4le ICY. Lorsqu&#039;une alarme se produit, un signal est transmis sans fil au centre de contr\u00f4le ICY et cela peut \u00e9galement \u00eatre signal\u00e9, par exemple, au t\u00e9l\u00e9phone portable de le superviseur\/employ\u00e9 en service dans votre logement ou vos b\u00e2timents. L&#039;alerte anti-intrusion est \u00e9galement \u00e9quip\u00e9e d&#039;un d\u00e9tecteur de gel. &nbsp;\" \/>\n<meta property=\"og:url\" content=\"https:\/\/www.icy.nl\/fr\/produit\/alerte-dintrusion\/\" \/>\n<meta property=\"og:site_name\" content=\"ICY\" \/>\n<meta property=\"article:modified_time\" content=\"2025-01-14T11:24:32+00:00\" \/>\n<meta property=\"og:image\" content=\"https:\/\/www.icy.nl\/wp-content\/uploads\/2016\/06\/4242IA-Intruder-alert-2021.jpg\" \/>\n\t<meta property=\"og:image:width\" content=\"800\" \/>\n\t<meta property=\"og:image:height\" content=\"800\" \/>\n\t<meta property=\"og:image:type\" content=\"image\/jpeg\" \/>\n<meta name=\"twitter:card\" content=\"summary_large_image\" \/>\n<script type=\"application\/ld+json\" class=\"yoast-schema-graph\">{\"@context\":\"https:\\\/\\\/schema.org\",\"@graph\":[{\"@type\":\"WebPage\",\"@id\":\"https:\\\/\\\/www.icy.nl\\\/fr\\\/produit\\\/alerte-dintrusion\\\/\",\"url\":\"https:\\\/\\\/www.icy.nl\\\/fr\\\/produit\\\/alerte-dintrusion\\\/\",\"name\":\"Intruder Alert - ICY\",\"isPartOf\":{\"@id\":\"https:\\\/\\\/www.icy.nl\\\/fr\\\/#website\"},\"primaryImageOfPage\":{\"@id\":\"https:\\\/\\\/www.icy.nl\\\/fr\\\/produit\\\/alerte-dintrusion\\\/#primaryimage\"},\"image\":{\"@id\":\"https:\\\/\\\/www.icy.nl\\\/fr\\\/produit\\\/alerte-dintrusion\\\/#primaryimage\"},\"thumbnailUrl\":\"https:\\\/\\\/www.icy.nl\\\/wp-content\\\/uploads\\\/2016\\\/06\\\/4242IA-Intruder-alert-2021.jpg\",\"datePublished\":\"2019-09-25T07:17:59+00:00\",\"dateModified\":\"2025-01-14T11:24:32+00:00\",\"breadcrumb\":{\"@id\":\"https:\\\/\\\/www.icy.nl\\\/fr\\\/produit\\\/alerte-dintrusion\\\/#breadcrumb\"},\"inLanguage\":\"fr-FR\",\"potentialAction\":[{\"@type\":\"ReadAction\",\"target\":[\"https:\\\/\\\/www.icy.nl\\\/fr\\\/produit\\\/alerte-dintrusion\\\/\"]}]},{\"@type\":\"ImageObject\",\"inLanguage\":\"fr-FR\",\"@id\":\"https:\\\/\\\/www.icy.nl\\\/fr\\\/produit\\\/alerte-dintrusion\\\/#primaryimage\",\"url\":\"https:\\\/\\\/www.icy.nl\\\/wp-content\\\/uploads\\\/2016\\\/06\\\/4242IA-Intruder-alert-2021.jpg\",\"contentUrl\":\"https:\\\/\\\/www.icy.nl\\\/wp-content\\\/uploads\\\/2016\\\/06\\\/4242IA-Intruder-alert-2021.jpg\",\"width\":800,\"height\":800},{\"@type\":\"BreadcrumbList\",\"@id\":\"https:\\\/\\\/www.icy.nl\\\/fr\\\/produit\\\/alerte-dintrusion\\\/#breadcrumb\",\"itemListElement\":[{\"@type\":\"ListItem\",\"position\":1,\"name\":\"Home\",\"item\":\"https:\\\/\\\/www.icy.nl\\\/fr\\\/\"},{\"@type\":\"ListItem\",\"position\":2,\"name\":\"Produits\",\"item\":\"https:\\\/\\\/www.icy.nl\\\/fr\\\/produits\\\/\"},{\"@type\":\"ListItem\",\"position\":3,\"name\":\"Accommodation Management\",\"item\":\"https:\\\/\\\/www.icy.nl\\\/fr\\\/product-categorie\\\/accommodation-management-fr\\\/\"},{\"@type\":\"ListItem\",\"position\":4,\"name\":\"Intruder Alert\"}]},{\"@type\":\"WebSite\",\"@id\":\"https:\\\/\\\/www.icy.nl\\\/fr\\\/#website\",\"url\":\"https:\\\/\\\/www.icy.nl\\\/fr\\\/\",\"name\":\"ICY\",\"description\":\"Smartmotica solutions\",\"publisher\":{\"@id\":\"https:\\\/\\\/www.icy.nl\\\/fr\\\/#organization\"},\"potentialAction\":[{\"@type\":\"SearchAction\",\"target\":{\"@type\":\"EntryPoint\",\"urlTemplate\":\"https:\\\/\\\/www.icy.nl\\\/fr\\\/?s={search_term_string}\"},\"query-input\":{\"@type\":\"PropertyValueSpecification\",\"valueRequired\":true,\"valueName\":\"search_term_string\"}}],\"inLanguage\":\"fr-FR\"},{\"@type\":\"Organization\",\"@id\":\"https:\\\/\\\/www.icy.nl\\\/fr\\\/#organization\",\"name\":\"I.C.Y. B.V.\",\"url\":\"https:\\\/\\\/www.icy.nl\\\/fr\\\/\",\"logo\":{\"@type\":\"ImageObject\",\"inLanguage\":\"fr-FR\",\"@id\":\"https:\\\/\\\/www.icy.nl\\\/fr\\\/#\\\/schema\\\/logo\\\/image\\\/\",\"url\":\"https:\\\/\\\/www.icy.nl\\\/wp-content\\\/uploads\\\/2016\\\/11\\\/logo-icy.jpg\",\"contentUrl\":\"https:\\\/\\\/www.icy.nl\\\/wp-content\\\/uploads\\\/2016\\\/11\\\/logo-icy.jpg\",\"width\":400,\"height\":101,\"caption\":\"I.C.Y. B.V.\"},\"image\":{\"@id\":\"https:\\\/\\\/www.icy.nl\\\/fr\\\/#\\\/schema\\\/logo\\\/image\\\/\"}}]}<\/script>\n<!-- \/ Yoast SEO plugin. -->","yoast_head_json":{"title":"Intruder Alert - ICY","robots":{"index":"index","follow":"follow","max-snippet":"max-snippet:-1","max-image-preview":"max-image-preview:large","max-video-preview":"max-video-preview:-1"},"canonical":"https:\/\/www.icy.nl\/fr\/produit\/alerte-dintrusion\/","og_locale":"fr_FR","og_type":"article","og_title":"Intruder Alert - ICY","og_description":"L'alerte d'intrusion est un syst\u00e8me d'alarme connect\u00e9 au centre de contr\u00f4le ICY. Lorsqu'une alarme se produit, un signal est transmis sans fil au centre de contr\u00f4le ICY et cela peut \u00e9galement \u00eatre signal\u00e9, par exemple, au t\u00e9l\u00e9phone portable de le superviseur\/employ\u00e9 en service dans votre logement ou vos b\u00e2timents. L'alerte anti-intrusion est \u00e9galement \u00e9quip\u00e9e d'un d\u00e9tecteur de gel. &nbsp;","og_url":"https:\/\/www.icy.nl\/fr\/produit\/alerte-dintrusion\/","og_site_name":"ICY","article_modified_time":"2025-01-14T11:24:32+00:00","og_image":[{"width":800,"height":800,"url":"https:\/\/www.icy.nl\/wp-content\/uploads\/2016\/06\/4242IA-Intruder-alert-2021.jpg","type":"image\/jpeg"}],"twitter_card":"summary_large_image","schema":{"@context":"https:\/\/schema.org","@graph":[{"@type":"WebPage","@id":"https:\/\/www.icy.nl\/fr\/produit\/alerte-dintrusion\/","url":"https:\/\/www.icy.nl\/fr\/produit\/alerte-dintrusion\/","name":"Intruder Alert - ICY","isPartOf":{"@id":"https:\/\/www.icy.nl\/fr\/#website"},"primaryImageOfPage":{"@id":"https:\/\/www.icy.nl\/fr\/produit\/alerte-dintrusion\/#primaryimage"},"image":{"@id":"https:\/\/www.icy.nl\/fr\/produit\/alerte-dintrusion\/#primaryimage"},"thumbnailUrl":"https:\/\/www.icy.nl\/wp-content\/uploads\/2016\/06\/4242IA-Intruder-alert-2021.jpg","datePublished":"2019-09-25T07:17:59+00:00","dateModified":"2025-01-14T11:24:32+00:00","breadcrumb":{"@id":"https:\/\/www.icy.nl\/fr\/produit\/alerte-dintrusion\/#breadcrumb"},"inLanguage":"fr-FR","potentialAction":[{"@type":"ReadAction","target":["https:\/\/www.icy.nl\/fr\/produit\/alerte-dintrusion\/"]}]},{"@type":"ImageObject","inLanguage":"fr-FR","@id":"https:\/\/www.icy.nl\/fr\/produit\/alerte-dintrusion\/#primaryimage","url":"https:\/\/www.icy.nl\/wp-content\/uploads\/2016\/06\/4242IA-Intruder-alert-2021.jpg","contentUrl":"https:\/\/www.icy.nl\/wp-content\/uploads\/2016\/06\/4242IA-Intruder-alert-2021.jpg","width":800,"height":800},{"@type":"BreadcrumbList","@id":"https:\/\/www.icy.nl\/fr\/produit\/alerte-dintrusion\/#breadcrumb","itemListElement":[{"@type":"ListItem","position":1,"name":"Home","item":"https:\/\/www.icy.nl\/fr\/"},{"@type":"ListItem","position":2,"name":"Produits","item":"https:\/\/www.icy.nl\/fr\/produits\/"},{"@type":"ListItem","position":3,"name":"Accommodation Management","item":"https:\/\/www.icy.nl\/fr\/product-categorie\/accommodation-management-fr\/"},{"@type":"ListItem","position":4,"name":"Intruder Alert"}]},{"@type":"WebSite","@id":"https:\/\/www.icy.nl\/fr\/#website","url":"https:\/\/www.icy.nl\/fr\/","name":"ICY","description":"Smartmotica solutions","publisher":{"@id":"https:\/\/www.icy.nl\/fr\/#organization"},"potentialAction":[{"@type":"SearchAction","target":{"@type":"EntryPoint","urlTemplate":"https:\/\/www.icy.nl\/fr\/?s={search_term_string}"},"query-input":{"@type":"PropertyValueSpecification","valueRequired":true,"valueName":"search_term_string"}}],"inLanguage":"fr-FR"},{"@type":"Organization","@id":"https:\/\/www.icy.nl\/fr\/#organization","name":"I.C.Y. B.V.","url":"https:\/\/www.icy.nl\/fr\/","logo":{"@type":"ImageObject","inLanguage":"fr-FR","@id":"https:\/\/www.icy.nl\/fr\/#\/schema\/logo\/image\/","url":"https:\/\/www.icy.nl\/wp-content\/uploads\/2016\/11\/logo-icy.jpg","contentUrl":"https:\/\/www.icy.nl\/wp-content\/uploads\/2016\/11\/logo-icy.jpg","width":400,"height":101,"caption":"I.C.Y. B.V."},"image":{"@id":"https:\/\/www.icy.nl\/fr\/#\/schema\/logo\/image\/"}}]}},"featured_img":"https:\/\/www.icy.nl\/wp-content\/uploads\/2016\/06\/4242IA-Intruder-alert-2021.jpg","coauthors":[],"author_meta":{"author_link":"https:\/\/www.icy.nl\/fr\/author\/daniel\/","display_name":"Daniel van de Kamp"},"relative_dates":{"created":"Publi\u00e9 10 ans il y a","modified":"Mis \u00e0 jour 1 an il y a"},"absolute_dates":{"created":"Publi\u00e9 le 13 juin 2016","modified":"Mise \u00e0 jour le 14 janvier 2025"},"absolute_dates_time":{"created":"Publi\u00e9 le 13 juin 2016 14h54","modified":"Mise \u00e0 jour le 14 janvier 2025 12h24"},"featured_img_caption":"","tax_additional":{"product_brand":{"linked":[],"unlinked":[],"slug":"product_brand","name":"Marques"},"product_type":{"linked":["<a href=\"https:\/\/www.icy.nl\/fr\/?taxonomy=product_type&#038;term=simple\" class=\"advgb-post-tax-term\">simple<\/a>"],"unlinked":["<span class=\"advgb-post-tax-term\">simple<\/span>"],"slug":"product_type","name":"Type de produit"},"product_visibility":{"linked":[],"unlinked":[],"slug":"product_visibility","name":"Visibilit\u00e9 du produit"},"product_cat":{"linked":["<a href=\"https:\/\/www.icy.nl\/fr\/product-categorie\/accommodation-management-fr\/\" class=\"advgb-post-tax-term\">Accommodation Management<\/a>","<a href=\"https:\/\/www.icy.nl\/fr\/product-categorie\/campsite-management-fr\/\" class=\"advgb-post-tax-term\">Campsite Management<\/a>","<a href=\"https:\/\/www.icy.nl\/fr\/product-categorie\/facility-management-fr\/\" class=\"advgb-post-tax-term\">Facility Management<\/a>"],"unlinked":["<span class=\"advgb-post-tax-term\">Accommodation Management<\/span>","<span class=\"advgb-post-tax-term\">Campsite Management<\/span>","<span class=\"advgb-post-tax-term\">Facility Management<\/span>"],"slug":"product_cat","name":"Cat\u00e9gories de produits"},"product_tag":{"linked":["<a href=\"https:\/\/www.icy.nl\/fr\/etiquette-produit\/alarme-fr\/\" class=\"advgb-post-tax-term\">alarme<\/a>","<a href=\"https:\/\/www.icy.nl\/fr\/etiquette-produit\/cambriolage\/\" class=\"advgb-post-tax-term\">cambriolage<\/a>","<a href=\"https:\/\/www.icy.nl\/fr\/etiquette-produit\/detecteur\/\" class=\"advgb-post-tax-term\">d\u00e9tecteur<\/a>"],"unlinked":["<span class=\"advgb-post-tax-term\">alarme<\/span>","<span class=\"advgb-post-tax-term\">cambriolage<\/span>","<span class=\"advgb-post-tax-term\">d\u00e9tecteur<\/span>"],"slug":"product_tag","name":"\u00c9tiquettes produit"},"product_shipping_class":{"linked":[],"unlinked":[],"slug":"product_shipping_class","name":"Classe d\u2019exp\u00e9dition du produit"},"pos_product_visibility":{"linked":[],"unlinked":[],"slug":"pos_product_visibility","name":"Visibilit\u00e9 du produit sur le point de vente"},"translation_priority":{"linked":["<a href=\"https:\/\/www.icy.nl\/fr\/?taxonomy=translation_priority&#038;term=hoge-prioriteit-fr\" class=\"advgb-post-tax-term\">hoge prioriteit<\/a>"],"unlinked":["<span class=\"advgb-post-tax-term\">hoge prioriteit<\/span>"],"slug":"translation_priority","name":"Priorit\u00e9s de traduction"}},"series_order":"","_links":{"self":[{"href":"https:\/\/www.icy.nl\/fr\/wp-json\/wp\/v2\/product\/14180","targetHints":{"allow":["GET"]}}],"collection":[{"href":"https:\/\/www.icy.nl\/fr\/wp-json\/wp\/v2\/product"}],"about":[{"href":"https:\/\/www.icy.nl\/fr\/wp-json\/wp\/v2\/types\/product"}],"wp:featuredmedia":[{"embeddable":true,"href":"https:\/\/www.icy.nl\/fr\/wp-json\/wp\/v2\/media\/38173"}],"wp:attachment":[{"href":"https:\/\/www.icy.nl\/fr\/wp-json\/wp\/v2\/media?parent=14180"}],"wp:term":[{"taxonomy":"product_brand","embeddable":true,"href":"https:\/\/www.icy.nl\/fr\/wp-json\/wp\/v2\/product_brand?post=14180"},{"taxonomy":"product_cat","embeddable":true,"href":"https:\/\/www.icy.nl\/fr\/wp-json\/wp\/v2\/product_cat?post=14180"},{"taxonomy":"product_tag","embeddable":true,"href":"https:\/\/www.icy.nl\/fr\/wp-json\/wp\/v2\/product_tag?post=14180"}],"curies":[{"name":"wp","href":"https:\/\/api.w.org\/{rel}","templated":true}]}}