{"id":57504,"date":"2016-05-23T13:53:26","date_gmt":"2025-01-10T15:54:09","guid":{"rendered":"https:\/\/www.icy.nl\/product\/icy-net-bridge\/"},"modified":"2025-01-10T16:54:09","modified_gmt":"2025-01-10T15:54:09","slug":"icy-net-bridge","status":"publish","type":"product","link":"https:\/\/www.icy.nl\/fr\/produit\/icy-net-bridge\/","title":{"rendered":"ICY-Net Bridge"},"content":{"rendered":"<p>Le pont ICY-Net \u00e9tablit le lien de communication entre ICY-Net et une connexion Ethernet. Cela permet d&rsquo;\u00e9tablir une connexion avec le serveur d&rsquo;applications ICY-CC et les appareils ICY-Net via Internet ou intranet. <\/p>\n","protected":false},"excerpt":{"rendered":"<p>Le pont ICY-Net \u00e9tablit le lien de communication entre l&rsquo;ICY-Net et une connexion Ethernet ou USB. Cela permet d&rsquo;\u00e9tablir un lien avec le serveur d&rsquo;application via internet ou intranet, ou avec une connexion USB. <\/p>\n","protected":false},"author":2946,"featured_media":3288,"template":"","meta":{"advgb_blocks_editor_width":"","advgb_blocks_columns_visual_guide":"","_genesis_hide_title":false,"_genesis_hide_breadcrumbs":false,"_genesis_hide_singular_image":false,"_genesis_hide_footer_widgets":false,"_genesis_custom_body_class":"","_genesis_custom_post_class":"","_genesis_layout":""},"product_brand":[],"product_cat":[76,77,84,164],"product_tag":[],"class_list":{"0":"post-57504","1":"product","2":"type-product","3":"status-publish","4":"has-post-thumbnail","6":"product_cat-accommodation-management-fr","7":"product_cat-campsite-management-fr","8":"product_cat-icy-net-infrastructure-fr","9":"product_cat-marina-management-fr","10":"entry","12":"first","13":"instock","14":"taxable","15":"shipping-taxable","16":"product-type-simple"},"yoast_head":"<!-- This site is optimized with the Yoast SEO plugin v27.3 - https:\/\/yoast.com\/product\/yoast-seo-wordpress\/ -->\n<title>ICY-Net Bridge - ICY<\/title>\n<meta name=\"robots\" content=\"index, follow, max-snippet:-1, max-image-preview:large, max-video-preview:-1\" \/>\n<link rel=\"canonical\" href=\"https:\/\/www.icy.nl\/fr\/produit\/icy-net-bridge\/\" \/>\n<meta property=\"og:locale\" content=\"fr_FR\" \/>\n<meta property=\"og:type\" content=\"article\" \/>\n<meta property=\"og:title\" content=\"ICY-Net Bridge - ICY\" \/>\n<meta property=\"og:description\" content=\"Le pont ICY-Net \u00e9tablit le lien de communication entre l&#039;ICY-Net et une connexion Ethernet ou USB. Cela permet d&#039;\u00e9tablir un lien avec le serveur d&#039;application via internet ou intranet, ou avec une connexion USB.\" \/>\n<meta property=\"og:url\" content=\"https:\/\/www.icy.nl\/fr\/produit\/icy-net-bridge\/\" \/>\n<meta property=\"og:site_name\" content=\"ICY\" \/>\n<meta property=\"og:image\" content=\"https:\/\/www.icy.nl\/wp-content\/uploads\/2016\/05\/ICY4816IN-ICY-net-bridge.jpg\" \/>\n\t<meta property=\"og:image:width\" content=\"800\" \/>\n\t<meta property=\"og:image:height\" content=\"800\" \/>\n\t<meta property=\"og:image:type\" content=\"image\/jpeg\" \/>\n<meta name=\"twitter:card\" content=\"summary_large_image\" \/>\n<script type=\"application\/ld+json\" class=\"yoast-schema-graph\">{\"@context\":\"https:\\\/\\\/schema.org\",\"@graph\":[{\"@type\":\"WebPage\",\"@id\":\"https:\\\/\\\/www.icy.nl\\\/fr\\\/produit\\\/icy-net-bridge\\\/\",\"url\":\"https:\\\/\\\/www.icy.nl\\\/fr\\\/produit\\\/icy-net-bridge\\\/\",\"name\":\"ICY-Net Bridge - ICY\",\"isPartOf\":{\"@id\":\"https:\\\/\\\/www.icy.nl\\\/fr\\\/#website\"},\"primaryImageOfPage\":{\"@id\":\"https:\\\/\\\/www.icy.nl\\\/fr\\\/produit\\\/icy-net-bridge\\\/#primaryimage\"},\"image\":{\"@id\":\"https:\\\/\\\/www.icy.nl\\\/fr\\\/produit\\\/icy-net-bridge\\\/#primaryimage\"},\"thumbnailUrl\":\"https:\\\/\\\/www.icy.nl\\\/wp-content\\\/uploads\\\/2016\\\/05\\\/ICY4816IN-ICY-net-bridge.jpg\",\"datePublished\":\"2025-01-10T15:54:09+00:00\",\"breadcrumb\":{\"@id\":\"https:\\\/\\\/www.icy.nl\\\/fr\\\/produit\\\/icy-net-bridge\\\/#breadcrumb\"},\"inLanguage\":\"fr-FR\",\"potentialAction\":[{\"@type\":\"ReadAction\",\"target\":[\"https:\\\/\\\/www.icy.nl\\\/fr\\\/produit\\\/icy-net-bridge\\\/\"]}]},{\"@type\":\"ImageObject\",\"inLanguage\":\"fr-FR\",\"@id\":\"https:\\\/\\\/www.icy.nl\\\/fr\\\/produit\\\/icy-net-bridge\\\/#primaryimage\",\"url\":\"https:\\\/\\\/www.icy.nl\\\/wp-content\\\/uploads\\\/2016\\\/05\\\/ICY4816IN-ICY-net-bridge.jpg\",\"contentUrl\":\"https:\\\/\\\/www.icy.nl\\\/wp-content\\\/uploads\\\/2016\\\/05\\\/ICY4816IN-ICY-net-bridge.jpg\",\"width\":800,\"height\":800,\"caption\":\"ICY-Net Bridge\"},{\"@type\":\"BreadcrumbList\",\"@id\":\"https:\\\/\\\/www.icy.nl\\\/fr\\\/produit\\\/icy-net-bridge\\\/#breadcrumb\",\"itemListElement\":[{\"@type\":\"ListItem\",\"position\":1,\"name\":\"Home\",\"item\":\"https:\\\/\\\/www.icy.nl\\\/fr\\\/\"},{\"@type\":\"ListItem\",\"position\":2,\"name\":\"Produits\",\"item\":\"https:\\\/\\\/www.icy.nl\\\/fr\\\/produits\\\/\"},{\"@type\":\"ListItem\",\"position\":3,\"name\":\"ICY-Net Bridge\"}]},{\"@type\":\"WebSite\",\"@id\":\"https:\\\/\\\/www.icy.nl\\\/fr\\\/#website\",\"url\":\"https:\\\/\\\/www.icy.nl\\\/fr\\\/\",\"name\":\"ICY\",\"description\":\"Smartmotica solutions\",\"publisher\":{\"@id\":\"https:\\\/\\\/www.icy.nl\\\/fr\\\/#organization\"},\"potentialAction\":[{\"@type\":\"SearchAction\",\"target\":{\"@type\":\"EntryPoint\",\"urlTemplate\":\"https:\\\/\\\/www.icy.nl\\\/fr\\\/?s={search_term_string}\"},\"query-input\":{\"@type\":\"PropertyValueSpecification\",\"valueRequired\":true,\"valueName\":\"search_term_string\"}}],\"inLanguage\":\"fr-FR\"},{\"@type\":\"Organization\",\"@id\":\"https:\\\/\\\/www.icy.nl\\\/fr\\\/#organization\",\"name\":\"I.C.Y. B.V.\",\"url\":\"https:\\\/\\\/www.icy.nl\\\/fr\\\/\",\"logo\":{\"@type\":\"ImageObject\",\"inLanguage\":\"fr-FR\",\"@id\":\"https:\\\/\\\/www.icy.nl\\\/fr\\\/#\\\/schema\\\/logo\\\/image\\\/\",\"url\":\"https:\\\/\\\/www.icy.nl\\\/wp-content\\\/uploads\\\/2016\\\/11\\\/logo-icy.jpg\",\"contentUrl\":\"https:\\\/\\\/www.icy.nl\\\/wp-content\\\/uploads\\\/2016\\\/11\\\/logo-icy.jpg\",\"width\":400,\"height\":101,\"caption\":\"I.C.Y. B.V.\"},\"image\":{\"@id\":\"https:\\\/\\\/www.icy.nl\\\/fr\\\/#\\\/schema\\\/logo\\\/image\\\/\"}}]}<\/script>\n<!-- \/ Yoast SEO plugin. -->","yoast_head_json":{"title":"ICY-Net Bridge - ICY","robots":{"index":"index","follow":"follow","max-snippet":"max-snippet:-1","max-image-preview":"max-image-preview:large","max-video-preview":"max-video-preview:-1"},"canonical":"https:\/\/www.icy.nl\/fr\/produit\/icy-net-bridge\/","og_locale":"fr_FR","og_type":"article","og_title":"ICY-Net Bridge - ICY","og_description":"Le pont ICY-Net \u00e9tablit le lien de communication entre l'ICY-Net et une connexion Ethernet ou USB. Cela permet d'\u00e9tablir un lien avec le serveur d'application via internet ou intranet, ou avec une connexion USB.","og_url":"https:\/\/www.icy.nl\/fr\/produit\/icy-net-bridge\/","og_site_name":"ICY","og_image":[{"width":800,"height":800,"url":"https:\/\/www.icy.nl\/wp-content\/uploads\/2016\/05\/ICY4816IN-ICY-net-bridge.jpg","type":"image\/jpeg"}],"twitter_card":"summary_large_image","schema":{"@context":"https:\/\/schema.org","@graph":[{"@type":"WebPage","@id":"https:\/\/www.icy.nl\/fr\/produit\/icy-net-bridge\/","url":"https:\/\/www.icy.nl\/fr\/produit\/icy-net-bridge\/","name":"ICY-Net Bridge - ICY","isPartOf":{"@id":"https:\/\/www.icy.nl\/fr\/#website"},"primaryImageOfPage":{"@id":"https:\/\/www.icy.nl\/fr\/produit\/icy-net-bridge\/#primaryimage"},"image":{"@id":"https:\/\/www.icy.nl\/fr\/produit\/icy-net-bridge\/#primaryimage"},"thumbnailUrl":"https:\/\/www.icy.nl\/wp-content\/uploads\/2016\/05\/ICY4816IN-ICY-net-bridge.jpg","datePublished":"2025-01-10T15:54:09+00:00","breadcrumb":{"@id":"https:\/\/www.icy.nl\/fr\/produit\/icy-net-bridge\/#breadcrumb"},"inLanguage":"fr-FR","potentialAction":[{"@type":"ReadAction","target":["https:\/\/www.icy.nl\/fr\/produit\/icy-net-bridge\/"]}]},{"@type":"ImageObject","inLanguage":"fr-FR","@id":"https:\/\/www.icy.nl\/fr\/produit\/icy-net-bridge\/#primaryimage","url":"https:\/\/www.icy.nl\/wp-content\/uploads\/2016\/05\/ICY4816IN-ICY-net-bridge.jpg","contentUrl":"https:\/\/www.icy.nl\/wp-content\/uploads\/2016\/05\/ICY4816IN-ICY-net-bridge.jpg","width":800,"height":800,"caption":"ICY-Net Bridge"},{"@type":"BreadcrumbList","@id":"https:\/\/www.icy.nl\/fr\/produit\/icy-net-bridge\/#breadcrumb","itemListElement":[{"@type":"ListItem","position":1,"name":"Home","item":"https:\/\/www.icy.nl\/fr\/"},{"@type":"ListItem","position":2,"name":"Produits","item":"https:\/\/www.icy.nl\/fr\/produits\/"},{"@type":"ListItem","position":3,"name":"ICY-Net Bridge"}]},{"@type":"WebSite","@id":"https:\/\/www.icy.nl\/fr\/#website","url":"https:\/\/www.icy.nl\/fr\/","name":"ICY","description":"Smartmotica solutions","publisher":{"@id":"https:\/\/www.icy.nl\/fr\/#organization"},"potentialAction":[{"@type":"SearchAction","target":{"@type":"EntryPoint","urlTemplate":"https:\/\/www.icy.nl\/fr\/?s={search_term_string}"},"query-input":{"@type":"PropertyValueSpecification","valueRequired":true,"valueName":"search_term_string"}}],"inLanguage":"fr-FR"},{"@type":"Organization","@id":"https:\/\/www.icy.nl\/fr\/#organization","name":"I.C.Y. B.V.","url":"https:\/\/www.icy.nl\/fr\/","logo":{"@type":"ImageObject","inLanguage":"fr-FR","@id":"https:\/\/www.icy.nl\/fr\/#\/schema\/logo\/image\/","url":"https:\/\/www.icy.nl\/wp-content\/uploads\/2016\/11\/logo-icy.jpg","contentUrl":"https:\/\/www.icy.nl\/wp-content\/uploads\/2016\/11\/logo-icy.jpg","width":400,"height":101,"caption":"I.C.Y. B.V."},"image":{"@id":"https:\/\/www.icy.nl\/fr\/#\/schema\/logo\/image\/"}}]}},"featured_img":"https:\/\/www.icy.nl\/wp-content\/uploads\/2016\/05\/ICY4816IN-ICY-net-bridge.jpg","coauthors":[],"author_meta":{"author_link":"https:\/\/www.icy.nl\/fr\/author\/daniel\/","display_name":"Daniel van de Kamp"},"relative_dates":{"created":"Publi\u00e9 10 ans il y a","modified":"Mis \u00e0 jour 1 an il y a"},"absolute_dates":{"created":"Publi\u00e9 le 23 mai 2016","modified":"Mise \u00e0 jour le 10 janvier 2025"},"absolute_dates_time":{"created":"Publi\u00e9 le 23 mai 2016 13h53","modified":"Mise \u00e0 jour le 10 janvier 2025 16h54"},"featured_img_caption":"","tax_additional":{"product_brand":{"linked":[],"unlinked":[],"slug":"product_brand","name":"Marques"},"product_type":{"linked":["<a href=\"https:\/\/www.icy.nl\/fr\/?taxonomy=product_type&#038;term=simple\" class=\"advgb-post-tax-term\">simple<\/a>"],"unlinked":["<span class=\"advgb-post-tax-term\">simple<\/span>"],"slug":"product_type","name":"Type de produit"},"product_visibility":{"linked":[],"unlinked":[],"slug":"product_visibility","name":"Visibilit\u00e9 du produit"},"product_cat":{"linked":["<a href=\"https:\/\/www.icy.nl\/fr\/product-categorie\/accommodation-management-fr\/\" class=\"advgb-post-tax-term\">Accommodation Management<\/a>","<a href=\"https:\/\/www.icy.nl\/fr\/product-categorie\/campsite-management-fr\/\" class=\"advgb-post-tax-term\">Campsite Management<\/a>","<a href=\"https:\/\/www.icy.nl\/fr\/product-categorie\/icy-net-infrastructure-fr\/\" class=\"advgb-post-tax-term\">ICY-Net infrastructure<\/a>","<a href=\"https:\/\/www.icy.nl\/fr\/product-categorie\/marina-management-fr\/\" class=\"advgb-post-tax-term\">Marina Management<\/a>"],"unlinked":["<span class=\"advgb-post-tax-term\">Accommodation Management<\/span>","<span class=\"advgb-post-tax-term\">Campsite Management<\/span>","<span class=\"advgb-post-tax-term\">ICY-Net infrastructure<\/span>","<span class=\"advgb-post-tax-term\">Marina Management<\/span>"],"slug":"product_cat","name":"Cat\u00e9gories de produits"},"product_tag":{"linked":[],"unlinked":[],"slug":"product_tag","name":"\u00c9tiquettes produit"},"product_shipping_class":{"linked":[],"unlinked":[],"slug":"product_shipping_class","name":"Classe d\u2019exp\u00e9dition du produit"},"pos_product_visibility":{"linked":[],"unlinked":[],"slug":"pos_product_visibility","name":"Visibilit\u00e9 du produit sur le point de vente"},"translation_priority":{"linked":["<a href=\"https:\/\/www.icy.nl\/fr\/?taxonomy=translation_priority&#038;term=hoge-prioriteit-fr\" class=\"advgb-post-tax-term\">hoge prioriteit<\/a>"],"unlinked":["<span class=\"advgb-post-tax-term\">hoge prioriteit<\/span>"],"slug":"translation_priority","name":"Priorit\u00e9s de traduction"}},"series_order":"","_links":{"self":[{"href":"https:\/\/www.icy.nl\/fr\/wp-json\/wp\/v2\/product\/57504","targetHints":{"allow":["GET"]}}],"collection":[{"href":"https:\/\/www.icy.nl\/fr\/wp-json\/wp\/v2\/product"}],"about":[{"href":"https:\/\/www.icy.nl\/fr\/wp-json\/wp\/v2\/types\/product"}],"wp:featuredmedia":[{"embeddable":true,"href":"https:\/\/www.icy.nl\/fr\/wp-json\/wp\/v2\/media\/3288"}],"wp:attachment":[{"href":"https:\/\/www.icy.nl\/fr\/wp-json\/wp\/v2\/media?parent=57504"}],"wp:term":[{"taxonomy":"product_brand","embeddable":true,"href":"https:\/\/www.icy.nl\/fr\/wp-json\/wp\/v2\/product_brand?post=57504"},{"taxonomy":"product_cat","embeddable":true,"href":"https:\/\/www.icy.nl\/fr\/wp-json\/wp\/v2\/product_cat?post=57504"},{"taxonomy":"product_tag","embeddable":true,"href":"https:\/\/www.icy.nl\/fr\/wp-json\/wp\/v2\/product_tag?post=57504"}],"curies":[{"name":"wp","href":"https:\/\/api.w.org\/{rel}","templated":true}]}}